











{"id":118389,"date":"2026-02-12T10:09:37","date_gmt":"2026-02-12T10:09:37","guid":{"rendered":"https:\/\/ses-creative.com\/?post_type=product&#038;p=118389"},"modified":"2026-02-12T10:23:06","modified_gmt":"2026-02-12T10:23:06","slug":"jaime-les-chevaux-studio-de-joaillerie","status":"publish","type":"product","link":"https:\/\/ses-creative.com\/fr\/produit\/jaime-les-chevaux-studio-de-joaillerie\/","title":{"rendered":"J&rsquo;aime les chevaux &#8211; Studio de joaillerie"},"content":{"rendered":"<p>Le studio de cr\u00e9ation I Love Horses de SES Creative permet aux enfants d\u00e8s 5 ans de concevoir leurs propres bijoux personnalis\u00e9s. Le kit comprend un plateau compartiment\u00e9 en forme de collier, plus de 500 perles de couleurs, formes et finitions vari\u00e9es, dont des perles lettres, des perles nacr\u00e9es, des perles facett\u00e9es, ainsi que 2 charms chevaux et 6 charms c\u0153ur \u00e0 d\u00e9corer avec des stickers. Les enfants peuvent cr\u00e9er colliers et bracelets assortis \u00e0 l\u2019aide des cordons \u00e9lastiques, des fils en nylon et d\u2019une aiguille fournie pour enfiler facilement. Le plateau permet de trier, organiser et \u00e9quilibrer leurs cr\u00e9ations. Cette activit\u00e9 d\u00e9veloppe la motricit\u00e9 fine, la pr\u00e9cision et la concentration, tout en stimulant l\u2019imagination. Tous les composants sont hypoallerg\u00e9niques, lavables et adapt\u00e9s aux enfants. Fabriqu\u00e9 aux Pays-Bas, ce coffret cr\u00e9atif est reconnu pour sa qualit\u00e9 dans plus de 75 pays et s\u2019inscrit dans une d\u00e9marche 100 % neutre en CO\u2082. Ce coffret convient parfaitement aux anniversaires, activit\u00e9s en famille ou ateliers cr\u00e9atifs, offrant des heures d\u2019expression artistique en toute autonomie.<\/p>\n","protected":false},"excerpt":{"rendered":"<p>Le studio de cr\u00e9ation I Love Horses de SES Creative permet aux enfants d\u00e8s 5 ans de concevoir leurs propres bijoux personnalis\u00e9s. Le kit comprend un plateau compartiment\u00e9 en forme de collier, plus de 500 perles de couleurs, formes et finitions vari\u00e9es, dont des perles lettres, des perles nacr\u00e9es, des perles facett\u00e9es, ainsi que 2 [&hellip;]<\/p>\n","protected":false},"featured_media":103936,"comment_status":"closed","ping_status":"closed","template":"","meta":{"_acf_changed":false},"product_brand":[],"product_cat":[122],"product_tag":[],"class_list":{"0":"post-118389","1":"product","2":"type-product","3":"status-publish","4":"has-post-thumbnail","6":"product_cat-loisirs-creatifs","7":"pa_leeftijd-filter-4-6-ans","8":"pa_meest-populair-bij-filles","10":"first","11":"instock","12":"shipping-taxable","13":"product-type-simple"},"acf":[],"yoast_head":"<!-- This site is optimized with the Yoast SEO plugin v27.2 - https:\/\/yoast.com\/product\/yoast-seo-wordpress\/ -->\n<title>J&#039;aime les chevaux - Studio de joaillerie - SES Creative<\/title>\n<meta name=\"robots\" content=\"index, follow, max-snippet:-1, max-image-preview:large, max-video-preview:-1\" \/>\n<link rel=\"canonical\" href=\"https:\/\/ses-creative.com\/fr\/produit\/jaime-les-chevaux-studio-de-joaillerie\/\" \/>\n<meta property=\"og:locale\" content=\"fr_FR\" \/>\n<meta property=\"og:type\" content=\"article\" \/>\n<meta property=\"og:title\" content=\"J&#039;aime les chevaux - Studio de joaillerie - SES Creative\" \/>\n<meta property=\"og:description\" content=\"Le studio de cr\u00e9ation I Love Horses de SES Creative permet aux enfants d\u00e8s 5 ans de concevoir leurs propres bijoux personnalis\u00e9s. Le kit comprend un plateau compartiment\u00e9 en forme de collier, plus de 500 perles de couleurs, formes et finitions vari\u00e9es, dont des perles lettres, des perles nacr\u00e9es, des perles facett\u00e9es, ainsi que 2 [&hellip;]\" \/>\n<meta property=\"og:url\" content=\"https:\/\/ses-creative.com\/fr\/produit\/jaime-les-chevaux-studio-de-joaillerie\/\" \/>\n<meta property=\"og:site_name\" content=\"SES Creative\" \/>\n<meta property=\"article:modified_time\" content=\"2026-02-12T10:23:06+00:00\" \/>\n<meta name=\"twitter:card\" content=\"summary_large_image\" \/>\n<meta name=\"twitter:label1\" content=\"Dur\u00e9e de lecture estim\u00e9e\" \/>\n\t<meta name=\"twitter:data1\" content=\"1 minute\" \/>\n<script type=\"application\/ld+json\" class=\"yoast-schema-graph\">{\"@context\":\"https:\/\/schema.org\",\"@graph\":[{\"@type\":\"WebPage\",\"@id\":\"https:\/\/ses-creative.com\/fr\/produit\/jaime-les-chevaux-studio-de-joaillerie\/\",\"url\":\"https:\/\/ses-creative.com\/fr\/produit\/jaime-les-chevaux-studio-de-joaillerie\/\",\"name\":\"J'aime les chevaux - Studio de joaillerie - SES Creative\",\"isPartOf\":{\"@id\":\"https:\/\/ses-creative.com\/#website\"},\"primaryImageOfPage\":{\"@id\":\"https:\/\/ses-creative.com\/fr\/produit\/jaime-les-chevaux-studio-de-joaillerie\/#primaryimage\"},\"image\":{\"@id\":\"https:\/\/ses-creative.com\/fr\/produit\/jaime-les-chevaux-studio-de-joaillerie\/#primaryimage\"},\"thumbnailUrl\":\"https:\/\/ses-creative.com\/wp-content\/uploads\/2026\/01\/146501.jpg\",\"datePublished\":\"2026-02-12T10:09:37+00:00\",\"dateModified\":\"2026-02-12T10:23:06+00:00\",\"breadcrumb\":{\"@id\":\"https:\/\/ses-creative.com\/fr\/produit\/jaime-les-chevaux-studio-de-joaillerie\/#breadcrumb\"},\"inLanguage\":\"fr-FR\",\"potentialAction\":[{\"@type\":\"ReadAction\",\"target\":[\"https:\/\/ses-creative.com\/fr\/produit\/jaime-les-chevaux-studio-de-joaillerie\/\"]}]},{\"@type\":\"ImageObject\",\"inLanguage\":\"fr-FR\",\"@id\":\"https:\/\/ses-creative.com\/fr\/produit\/jaime-les-chevaux-studio-de-joaillerie\/#primaryimage\",\"url\":\"https:\/\/ses-creative.com\/wp-content\/uploads\/2026\/01\/146501.jpg\",\"contentUrl\":\"https:\/\/ses-creative.com\/wp-content\/uploads\/2026\/01\/146501.jpg\",\"width\":1000,\"height\":1000},{\"@type\":\"BreadcrumbList\",\"@id\":\"https:\/\/ses-creative.com\/fr\/produit\/jaime-les-chevaux-studio-de-joaillerie\/#breadcrumb\",\"itemListElement\":[{\"@type\":\"ListItem\",\"position\":1,\"name\":\"Boutique\",\"item\":\"https:\/\/ses-creative.com\/fr\/boutique\/\"},{\"@type\":\"ListItem\",\"position\":2,\"name\":\"Loisirs cr\u00e9atifs\",\"item\":\"https:\/\/ses-creative.com\/fr\/product-categorie\/loisirs-creatifs\/\"},{\"@type\":\"ListItem\",\"position\":3,\"name\":\"J&#8217;aime les chevaux &#8211; Studio de joaillerie\"}]},{\"@type\":\"WebSite\",\"@id\":\"https:\/\/ses-creative.com\/#website\",\"url\":\"https:\/\/ses-creative.com\/\",\"name\":\"SES Creative\",\"description\":\"\",\"publisher\":{\"@id\":\"https:\/\/ses-creative.com\/#organization\"},\"potentialAction\":[{\"@type\":\"SearchAction\",\"target\":{\"@type\":\"EntryPoint\",\"urlTemplate\":\"https:\/\/ses-creative.com\/?s={search_term_string}\"},\"query-input\":{\"@type\":\"PropertyValueSpecification\",\"valueRequired\":true,\"valueName\":\"search_term_string\"}}],\"inLanguage\":\"fr-FR\"},{\"@type\":\"Organization\",\"@id\":\"https:\/\/ses-creative.com\/#organization\",\"name\":\"SES Creative\",\"url\":\"https:\/\/ses-creative.com\/\",\"logo\":{\"@type\":\"ImageObject\",\"inLanguage\":\"fr-FR\",\"@id\":\"https:\/\/ses-creative.com\/#\/schema\/logo\/image\/\",\"url\":\"https:\/\/ses-creative.com\/wp-content\/uploads\/2025\/10\/ses-creative-logo.jpg\",\"contentUrl\":\"https:\/\/ses-creative.com\/wp-content\/uploads\/2025\/10\/ses-creative-logo.jpg\",\"width\":2037,\"height\":2037,\"caption\":\"SES Creative\"},\"image\":{\"@id\":\"https:\/\/ses-creative.com\/#\/schema\/logo\/image\/\"}}]}<\/script>\n<!-- \/ Yoast SEO plugin. -->","yoast_head_json":{"title":"J'aime les chevaux - Studio de joaillerie - SES Creative","robots":{"index":"index","follow":"follow","max-snippet":"max-snippet:-1","max-image-preview":"max-image-preview:large","max-video-preview":"max-video-preview:-1"},"canonical":"https:\/\/ses-creative.com\/fr\/produit\/jaime-les-chevaux-studio-de-joaillerie\/","og_locale":"fr_FR","og_type":"article","og_title":"J'aime les chevaux - Studio de joaillerie - SES Creative","og_description":"Le studio de cr\u00e9ation I Love Horses de SES Creative permet aux enfants d\u00e8s 5 ans de concevoir leurs propres bijoux personnalis\u00e9s. Le kit comprend un plateau compartiment\u00e9 en forme de collier, plus de 500 perles de couleurs, formes et finitions vari\u00e9es, dont des perles lettres, des perles nacr\u00e9es, des perles facett\u00e9es, ainsi que 2 [&hellip;]","og_url":"https:\/\/ses-creative.com\/fr\/produit\/jaime-les-chevaux-studio-de-joaillerie\/","og_site_name":"SES Creative","article_modified_time":"2026-02-12T10:23:06+00:00","twitter_card":"summary_large_image","twitter_misc":{"Dur\u00e9e de lecture estim\u00e9e":"1 minute"},"schema":{"@context":"https:\/\/schema.org","@graph":[{"@type":"WebPage","@id":"https:\/\/ses-creative.com\/fr\/produit\/jaime-les-chevaux-studio-de-joaillerie\/","url":"https:\/\/ses-creative.com\/fr\/produit\/jaime-les-chevaux-studio-de-joaillerie\/","name":"J'aime les chevaux - Studio de joaillerie - SES Creative","isPartOf":{"@id":"https:\/\/ses-creative.com\/#website"},"primaryImageOfPage":{"@id":"https:\/\/ses-creative.com\/fr\/produit\/jaime-les-chevaux-studio-de-joaillerie\/#primaryimage"},"image":{"@id":"https:\/\/ses-creative.com\/fr\/produit\/jaime-les-chevaux-studio-de-joaillerie\/#primaryimage"},"thumbnailUrl":"https:\/\/ses-creative.com\/wp-content\/uploads\/2026\/01\/146501.jpg","datePublished":"2026-02-12T10:09:37+00:00","dateModified":"2026-02-12T10:23:06+00:00","breadcrumb":{"@id":"https:\/\/ses-creative.com\/fr\/produit\/jaime-les-chevaux-studio-de-joaillerie\/#breadcrumb"},"inLanguage":"fr-FR","potentialAction":[{"@type":"ReadAction","target":["https:\/\/ses-creative.com\/fr\/produit\/jaime-les-chevaux-studio-de-joaillerie\/"]}]},{"@type":"ImageObject","inLanguage":"fr-FR","@id":"https:\/\/ses-creative.com\/fr\/produit\/jaime-les-chevaux-studio-de-joaillerie\/#primaryimage","url":"https:\/\/ses-creative.com\/wp-content\/uploads\/2026\/01\/146501.jpg","contentUrl":"https:\/\/ses-creative.com\/wp-content\/uploads\/2026\/01\/146501.jpg","width":1000,"height":1000},{"@type":"BreadcrumbList","@id":"https:\/\/ses-creative.com\/fr\/produit\/jaime-les-chevaux-studio-de-joaillerie\/#breadcrumb","itemListElement":[{"@type":"ListItem","position":1,"name":"Boutique","item":"https:\/\/ses-creative.com\/fr\/boutique\/"},{"@type":"ListItem","position":2,"name":"Loisirs cr\u00e9atifs","item":"https:\/\/ses-creative.com\/fr\/product-categorie\/loisirs-creatifs\/"},{"@type":"ListItem","position":3,"name":"J&#8217;aime les chevaux &#8211; Studio de joaillerie"}]},{"@type":"WebSite","@id":"https:\/\/ses-creative.com\/#website","url":"https:\/\/ses-creative.com\/","name":"SES Creative","description":"","publisher":{"@id":"https:\/\/ses-creative.com\/#organization"},"potentialAction":[{"@type":"SearchAction","target":{"@type":"EntryPoint","urlTemplate":"https:\/\/ses-creative.com\/?s={search_term_string}"},"query-input":{"@type":"PropertyValueSpecification","valueRequired":true,"valueName":"search_term_string"}}],"inLanguage":"fr-FR"},{"@type":"Organization","@id":"https:\/\/ses-creative.com\/#organization","name":"SES Creative","url":"https:\/\/ses-creative.com\/","logo":{"@type":"ImageObject","inLanguage":"fr-FR","@id":"https:\/\/ses-creative.com\/#\/schema\/logo\/image\/","url":"https:\/\/ses-creative.com\/wp-content\/uploads\/2025\/10\/ses-creative-logo.jpg","contentUrl":"https:\/\/ses-creative.com\/wp-content\/uploads\/2025\/10\/ses-creative-logo.jpg","width":2037,"height":2037,"caption":"SES Creative"},"image":{"@id":"https:\/\/ses-creative.com\/#\/schema\/logo\/image\/"}}]}},"_links":{"self":[{"href":"https:\/\/ses-creative.com\/fr\/wp-json\/wp\/v2\/product\/118389","targetHints":{"allow":["GET"]}}],"collection":[{"href":"https:\/\/ses-creative.com\/fr\/wp-json\/wp\/v2\/product"}],"about":[{"href":"https:\/\/ses-creative.com\/fr\/wp-json\/wp\/v2\/types\/product"}],"replies":[{"embeddable":true,"href":"https:\/\/ses-creative.com\/fr\/wp-json\/wp\/v2\/comments?post=118389"}],"wp:featuredmedia":[{"embeddable":true,"href":"https:\/\/ses-creative.com\/fr\/wp-json\/wp\/v2\/media\/103936"}],"wp:attachment":[{"href":"https:\/\/ses-creative.com\/fr\/wp-json\/wp\/v2\/media?parent=118389"}],"wp:term":[{"taxonomy":"product_brand","embeddable":true,"href":"https:\/\/ses-creative.com\/fr\/wp-json\/wp\/v2\/product_brand?post=118389"},{"taxonomy":"product_cat","embeddable":true,"href":"https:\/\/ses-creative.com\/fr\/wp-json\/wp\/v2\/product_cat?post=118389"},{"taxonomy":"product_tag","embeddable":true,"href":"https:\/\/ses-creative.com\/fr\/wp-json\/wp\/v2\/product_tag?post=118389"}],"curies":[{"name":"wp","href":"https:\/\/api.w.org\/{rel}","templated":true}]}}