











{"id":118387,"date":"2026-02-12T10:09:36","date_gmt":"2026-02-12T10:09:36","guid":{"rendered":"https:\/\/ses-creative.com\/?post_type=product&#038;p=118387"},"modified":"2026-02-12T10:23:06","modified_gmt":"2026-02-12T10:23:06","slug":"bracelets-a-charms","status":"publish","type":"product","link":"https:\/\/ses-creative.com\/fr\/produit\/bracelets-a-charms\/","title":{"rendered":"Bracelets \u00e0 charms"},"content":{"rendered":"<p>Avec le kit Cr\u00e9ation de bracelets \u00e0 breloques de SES Creative, les enfants peuvent cr\u00e9er leurs propres bijoux color\u00e9s et uniques. Avec trois bracelets en plastique, 18 breloques joyeuses et des autocollants paillet\u00e9s, les jeunes cr\u00e9ateurs peuvent m\u00e9langer et assortir \u00e0 l&rsquo;infini pour cr\u00e9er leur propre style. Parfait pour les enfants \u00e0 partir de 3 ans qui aiment le bricolage et la mode.<\/p>\n<p>Ce qui rend ce kit si sp\u00e9cial<\/p>\n<p> 3 bracelets en plastique color\u00e9s \u2013 pr\u00eats \u00e0 \u00eatre d\u00e9cor\u00e9s<\/p>\n<p> 18 breloques + autocollants paillet\u00e9s \u2013 pour un r\u00e9sultat \u00e9tincelant<\/p>\n<p> Mix &amp; match \u2013 combinaisons infinies possibles<\/p>\n<p> Sp\u00e9cialement con\u00e7u pour les jeunes cr\u00e9atifs \u00e0 partir de 3 ans<\/p>\n<p> Stimule la cr\u00e9ativit\u00e9 et la motricit\u00e9 fine<\/p>\n<p>Cr\u00e9ez vos propres bijoux<\/p>\n<p>Les enfants choisissent eux-m\u00eames les breloques et les autocollants qu&rsquo;ils utilisent pour d\u00e9corer leur bracelet. Ils cr\u00e9ent ainsi un bijou unique qui correspond parfaitement \u00e0 leur style. Id\u00e9al \u00e0 porter au quotidien ou \u00e0 offrir \u00e0 un(e) ami(e).<\/p>\n<p>Contenu de l&#8217;emballage<\/p>\n<p>3 bracelets en plastique color\u00e9s<\/p>\n<p>18 breloques<\/p>\n<p>Autocollants paillet\u00e9s<\/p>\n<p>Pourquoi choisir SES Creative ?<\/p>\n<p>SES Creative stimule le jeu cr\u00e9atif et apprend aux enfants de nouvelles comp\u00e9tences tout en bricolant. Ce set combine mode, cr\u00e9ativit\u00e9 et d\u00e9veloppement moteur de mani\u00e8re ludique.<\/p>\n<p>Pr\u00eat \u00e0 briller ?<\/p>\n<p>Commandez d\u00e8s maintenant le kit SES Creative \u2013 Cr\u00e9ation de bracelets \u00e0 breloques et offrez \u00e0 votre enfant des heures de plaisir \u00e0 bricoler et \u00e0 porter ses cr\u00e9ations. Laissez leur personnalit\u00e9 s&rsquo;exprimer \u00e0 travers des bijoux faits maison !<\/p>\n","protected":false},"excerpt":{"rendered":"<p>Avec le kit Cr\u00e9ation de bracelets \u00e0 breloques de SES Creative, les enfants peuvent cr\u00e9er leurs propres bijoux color\u00e9s et uniques. Avec trois bracelets en plastique, 18 breloques joyeuses et des autocollants paillet\u00e9s, les jeunes cr\u00e9ateurs peuvent m\u00e9langer et assortir \u00e0 l&rsquo;infini pour cr\u00e9er leur propre style. Parfait pour les enfants \u00e0 partir de 3 [&hellip;]<\/p>\n","protected":false},"featured_media":103896,"comment_status":"closed","ping_status":"closed","template":"","meta":{"_acf_changed":false},"product_brand":[],"product_cat":[122],"product_tag":[],"class_list":{"0":"post-118387","1":"product","2":"type-product","3":"status-publish","4":"has-post-thumbnail","6":"product_cat-loisirs-creatifs","7":"pa_leeftijd-filter-3-4-ans","8":"pa_meest-populair-bij-garcons-filles","10":"first","11":"instock","12":"shipping-taxable","13":"product-type-simple"},"acf":[],"yoast_head":"<!-- This site is optimized with the Yoast SEO plugin v27.4 - https:\/\/yoast.com\/product\/yoast-seo-wordpress\/ -->\n<title>Bracelets \u00e0 charms - SES Creative<\/title>\n<meta name=\"robots\" content=\"index, follow, max-snippet:-1, max-image-preview:large, max-video-preview:-1\" \/>\n<link rel=\"canonical\" href=\"https:\/\/ses-creative.com\/fr\/produit\/bracelets-a-charms\/\" \/>\n<meta property=\"og:locale\" content=\"fr_FR\" \/>\n<meta property=\"og:type\" content=\"article\" \/>\n<meta property=\"og:title\" content=\"Bracelets \u00e0 charms - SES Creative\" \/>\n<meta property=\"og:description\" content=\"Avec le kit Cr\u00e9ation de bracelets \u00e0 breloques de SES Creative, les enfants peuvent cr\u00e9er leurs propres bijoux color\u00e9s et uniques. Avec trois bracelets en plastique, 18 breloques joyeuses et des autocollants paillet\u00e9s, les jeunes cr\u00e9ateurs peuvent m\u00e9langer et assortir \u00e0 l&rsquo;infini pour cr\u00e9er leur propre style. Parfait pour les enfants \u00e0 partir de 3 [&hellip;]\" \/>\n<meta property=\"og:url\" content=\"https:\/\/ses-creative.com\/fr\/produit\/bracelets-a-charms\/\" \/>\n<meta property=\"og:site_name\" content=\"SES Creative\" \/>\n<meta property=\"article:modified_time\" content=\"2026-02-12T10:23:06+00:00\" \/>\n<meta name=\"twitter:card\" content=\"summary_large_image\" \/>\n<meta name=\"twitter:label1\" content=\"Dur\u00e9e de lecture estim\u00e9e\" \/>\n\t<meta name=\"twitter:data1\" content=\"1 minute\" \/>\n<script type=\"application\/ld+json\" class=\"yoast-schema-graph\">{\"@context\":\"https:\\\/\\\/schema.org\",\"@graph\":[{\"@type\":\"WebPage\",\"@id\":\"https:\\\/\\\/ses-creative.com\\\/fr\\\/produit\\\/bracelets-a-charms\\\/\",\"url\":\"https:\\\/\\\/ses-creative.com\\\/fr\\\/produit\\\/bracelets-a-charms\\\/\",\"name\":\"Bracelets \u00e0 charms - SES Creative\",\"isPartOf\":{\"@id\":\"https:\\\/\\\/ses-creative.com\\\/#website\"},\"primaryImageOfPage\":{\"@id\":\"https:\\\/\\\/ses-creative.com\\\/fr\\\/produit\\\/bracelets-a-charms\\\/#primaryimage\"},\"image\":{\"@id\":\"https:\\\/\\\/ses-creative.com\\\/fr\\\/produit\\\/bracelets-a-charms\\\/#primaryimage\"},\"thumbnailUrl\":\"https:\\\/\\\/ses-creative.com\\\/wp-content\\\/uploads\\\/2026\\\/01\\\/146361.jpg\",\"datePublished\":\"2026-02-12T10:09:36+00:00\",\"dateModified\":\"2026-02-12T10:23:06+00:00\",\"breadcrumb\":{\"@id\":\"https:\\\/\\\/ses-creative.com\\\/fr\\\/produit\\\/bracelets-a-charms\\\/#breadcrumb\"},\"inLanguage\":\"fr-FR\",\"potentialAction\":[{\"@type\":\"ReadAction\",\"target\":[\"https:\\\/\\\/ses-creative.com\\\/fr\\\/produit\\\/bracelets-a-charms\\\/\"]}]},{\"@type\":\"ImageObject\",\"inLanguage\":\"fr-FR\",\"@id\":\"https:\\\/\\\/ses-creative.com\\\/fr\\\/produit\\\/bracelets-a-charms\\\/#primaryimage\",\"url\":\"https:\\\/\\\/ses-creative.com\\\/wp-content\\\/uploads\\\/2026\\\/01\\\/146361.jpg\",\"contentUrl\":\"https:\\\/\\\/ses-creative.com\\\/wp-content\\\/uploads\\\/2026\\\/01\\\/146361.jpg\",\"width\":1000,\"height\":1000},{\"@type\":\"BreadcrumbList\",\"@id\":\"https:\\\/\\\/ses-creative.com\\\/fr\\\/produit\\\/bracelets-a-charms\\\/#breadcrumb\",\"itemListElement\":[{\"@type\":\"ListItem\",\"position\":1,\"name\":\"Boutique\",\"item\":\"https:\\\/\\\/ses-creative.com\\\/fr\\\/boutique\\\/\"},{\"@type\":\"ListItem\",\"position\":2,\"name\":\"Loisirs cr\u00e9atifs\",\"item\":\"https:\\\/\\\/ses-creative.com\\\/fr\\\/product-categorie\\\/loisirs-creatifs\\\/\"},{\"@type\":\"ListItem\",\"position\":3,\"name\":\"Bracelets \u00e0 charms\"}]},{\"@type\":\"WebSite\",\"@id\":\"https:\\\/\\\/ses-creative.com\\\/#website\",\"url\":\"https:\\\/\\\/ses-creative.com\\\/\",\"name\":\"SES Creative\",\"description\":\"\",\"publisher\":{\"@id\":\"https:\\\/\\\/ses-creative.com\\\/#organization\"},\"potentialAction\":[{\"@type\":\"SearchAction\",\"target\":{\"@type\":\"EntryPoint\",\"urlTemplate\":\"https:\\\/\\\/ses-creative.com\\\/?s={search_term_string}\"},\"query-input\":{\"@type\":\"PropertyValueSpecification\",\"valueRequired\":true,\"valueName\":\"search_term_string\"}}],\"inLanguage\":\"fr-FR\"},{\"@type\":\"Organization\",\"@id\":\"https:\\\/\\\/ses-creative.com\\\/#organization\",\"name\":\"SES Creative\",\"url\":\"https:\\\/\\\/ses-creative.com\\\/\",\"logo\":{\"@type\":\"ImageObject\",\"inLanguage\":\"fr-FR\",\"@id\":\"https:\\\/\\\/ses-creative.com\\\/#\\\/schema\\\/logo\\\/image\\\/\",\"url\":\"https:\\\/\\\/ses-creative.com\\\/wp-content\\\/uploads\\\/2025\\\/10\\\/ses-creative-logo.jpg\",\"contentUrl\":\"https:\\\/\\\/ses-creative.com\\\/wp-content\\\/uploads\\\/2025\\\/10\\\/ses-creative-logo.jpg\",\"width\":2037,\"height\":2037,\"caption\":\"SES Creative\"},\"image\":{\"@id\":\"https:\\\/\\\/ses-creative.com\\\/#\\\/schema\\\/logo\\\/image\\\/\"}}]}<\/script>\n<!-- \/ Yoast SEO plugin. -->","yoast_head_json":{"title":"Bracelets \u00e0 charms - SES Creative","robots":{"index":"index","follow":"follow","max-snippet":"max-snippet:-1","max-image-preview":"max-image-preview:large","max-video-preview":"max-video-preview:-1"},"canonical":"https:\/\/ses-creative.com\/fr\/produit\/bracelets-a-charms\/","og_locale":"fr_FR","og_type":"article","og_title":"Bracelets \u00e0 charms - SES Creative","og_description":"Avec le kit Cr\u00e9ation de bracelets \u00e0 breloques de SES Creative, les enfants peuvent cr\u00e9er leurs propres bijoux color\u00e9s et uniques. Avec trois bracelets en plastique, 18 breloques joyeuses et des autocollants paillet\u00e9s, les jeunes cr\u00e9ateurs peuvent m\u00e9langer et assortir \u00e0 l&rsquo;infini pour cr\u00e9er leur propre style. Parfait pour les enfants \u00e0 partir de 3 [&hellip;]","og_url":"https:\/\/ses-creative.com\/fr\/produit\/bracelets-a-charms\/","og_site_name":"SES Creative","article_modified_time":"2026-02-12T10:23:06+00:00","twitter_card":"summary_large_image","twitter_misc":{"Dur\u00e9e de lecture estim\u00e9e":"1 minute"},"schema":{"@context":"https:\/\/schema.org","@graph":[{"@type":"WebPage","@id":"https:\/\/ses-creative.com\/fr\/produit\/bracelets-a-charms\/","url":"https:\/\/ses-creative.com\/fr\/produit\/bracelets-a-charms\/","name":"Bracelets \u00e0 charms - SES Creative","isPartOf":{"@id":"https:\/\/ses-creative.com\/#website"},"primaryImageOfPage":{"@id":"https:\/\/ses-creative.com\/fr\/produit\/bracelets-a-charms\/#primaryimage"},"image":{"@id":"https:\/\/ses-creative.com\/fr\/produit\/bracelets-a-charms\/#primaryimage"},"thumbnailUrl":"https:\/\/ses-creative.com\/wp-content\/uploads\/2026\/01\/146361.jpg","datePublished":"2026-02-12T10:09:36+00:00","dateModified":"2026-02-12T10:23:06+00:00","breadcrumb":{"@id":"https:\/\/ses-creative.com\/fr\/produit\/bracelets-a-charms\/#breadcrumb"},"inLanguage":"fr-FR","potentialAction":[{"@type":"ReadAction","target":["https:\/\/ses-creative.com\/fr\/produit\/bracelets-a-charms\/"]}]},{"@type":"ImageObject","inLanguage":"fr-FR","@id":"https:\/\/ses-creative.com\/fr\/produit\/bracelets-a-charms\/#primaryimage","url":"https:\/\/ses-creative.com\/wp-content\/uploads\/2026\/01\/146361.jpg","contentUrl":"https:\/\/ses-creative.com\/wp-content\/uploads\/2026\/01\/146361.jpg","width":1000,"height":1000},{"@type":"BreadcrumbList","@id":"https:\/\/ses-creative.com\/fr\/produit\/bracelets-a-charms\/#breadcrumb","itemListElement":[{"@type":"ListItem","position":1,"name":"Boutique","item":"https:\/\/ses-creative.com\/fr\/boutique\/"},{"@type":"ListItem","position":2,"name":"Loisirs cr\u00e9atifs","item":"https:\/\/ses-creative.com\/fr\/product-categorie\/loisirs-creatifs\/"},{"@type":"ListItem","position":3,"name":"Bracelets \u00e0 charms"}]},{"@type":"WebSite","@id":"https:\/\/ses-creative.com\/#website","url":"https:\/\/ses-creative.com\/","name":"SES Creative","description":"","publisher":{"@id":"https:\/\/ses-creative.com\/#organization"},"potentialAction":[{"@type":"SearchAction","target":{"@type":"EntryPoint","urlTemplate":"https:\/\/ses-creative.com\/?s={search_term_string}"},"query-input":{"@type":"PropertyValueSpecification","valueRequired":true,"valueName":"search_term_string"}}],"inLanguage":"fr-FR"},{"@type":"Organization","@id":"https:\/\/ses-creative.com\/#organization","name":"SES Creative","url":"https:\/\/ses-creative.com\/","logo":{"@type":"ImageObject","inLanguage":"fr-FR","@id":"https:\/\/ses-creative.com\/#\/schema\/logo\/image\/","url":"https:\/\/ses-creative.com\/wp-content\/uploads\/2025\/10\/ses-creative-logo.jpg","contentUrl":"https:\/\/ses-creative.com\/wp-content\/uploads\/2025\/10\/ses-creative-logo.jpg","width":2037,"height":2037,"caption":"SES Creative"},"image":{"@id":"https:\/\/ses-creative.com\/#\/schema\/logo\/image\/"}}]}},"_links":{"self":[{"href":"https:\/\/ses-creative.com\/fr\/wp-json\/wp\/v2\/product\/118387","targetHints":{"allow":["GET"]}}],"collection":[{"href":"https:\/\/ses-creative.com\/fr\/wp-json\/wp\/v2\/product"}],"about":[{"href":"https:\/\/ses-creative.com\/fr\/wp-json\/wp\/v2\/types\/product"}],"replies":[{"embeddable":true,"href":"https:\/\/ses-creative.com\/fr\/wp-json\/wp\/v2\/comments?post=118387"}],"wp:featuredmedia":[{"embeddable":true,"href":"https:\/\/ses-creative.com\/fr\/wp-json\/wp\/v2\/media\/103896"}],"wp:attachment":[{"href":"https:\/\/ses-creative.com\/fr\/wp-json\/wp\/v2\/media?parent=118387"}],"wp:term":[{"taxonomy":"product_brand","embeddable":true,"href":"https:\/\/ses-creative.com\/fr\/wp-json\/wp\/v2\/product_brand?post=118387"},{"taxonomy":"product_cat","embeddable":true,"href":"https:\/\/ses-creative.com\/fr\/wp-json\/wp\/v2\/product_cat?post=118387"},{"taxonomy":"product_tag","embeddable":true,"href":"https:\/\/ses-creative.com\/fr\/wp-json\/wp\/v2\/product_tag?post=118387"}],"curies":[{"name":"wp","href":"https:\/\/api.w.org\/{rel}","templated":true}]}}