











{"id":118385,"date":"2026-02-12T10:09:36","date_gmt":"2026-02-12T10:09:36","guid":{"rendered":"https:\/\/ses-creative.com\/?post_type=product&#038;p=118385"},"modified":"2026-02-12T10:23:05","modified_gmt":"2026-02-12T10:23:05","slug":"japprends-a-decouper-pas-a-pas","status":"publish","type":"product","link":"https:\/\/ses-creative.com\/fr\/produit\/japprends-a-decouper-pas-a-pas\/","title":{"rendered":"J&rsquo;apprends \u00e0 d\u00e9couper pas \u00e0 pas"},"content":{"rendered":"<p>Ce coffret apprendre \u00e0 d\u00e9couper de SES Creative est con\u00e7u pour les enfants de 3 \u00e0 6 ans. Il comprend 3 paires de ciseaux : une paire s\u00e9curit\u00e9 qui ne coupe pas les cheveux ni les tissus, une paire loisirs et une paire zigzag. Les enfants progressent \u00e9tape par \u00e9tape gr\u00e2ce \u00e0 30 cartes illustr\u00e9es repr\u00e9sentant des animaux et objets \u00e0 d\u00e9couper. Ce jeu p\u00e9dagogique d\u00e9coupage d\u00e9veloppe la motricit\u00e9 fine d\u00e9coupage, la coordination \u0153il-main et stimule la cr\u00e9ativit\u00e9. Tous les ciseaux sont adapt\u00e9s aux petites mains droiti\u00e8res. Ce kit d\u00e9coupage \u00e9ducatif est conforme aux normes europ\u00e9ennes, lavable, sans danger et fabriqu\u00e9 aux Pays-Bas dans une usine CO\u2082 neutre. Un jeu motricit\u00e9 fine ciseaux parfait pour les activit\u00e9s de maternelle ou comme id\u00e9e cadeau \u00e9ducative.<\/p>\n","protected":false},"excerpt":{"rendered":"<p>Ce coffret apprendre \u00e0 d\u00e9couper de SES Creative est con\u00e7u pour les enfants de 3 \u00e0 6 ans. Il comprend 3 paires de ciseaux : une paire s\u00e9curit\u00e9 qui ne coupe pas les cheveux ni les tissus, une paire loisirs et une paire zigzag. Les enfants progressent \u00e9tape par \u00e9tape gr\u00e2ce \u00e0 30 cartes illustr\u00e9es [&hellip;]<\/p>\n","protected":false},"featured_media":103856,"comment_status":"closed","ping_status":"closed","template":"","meta":{"_acf_changed":false},"product_brand":[],"product_cat":[122],"product_tag":[],"class_list":{"0":"post-118385","1":"product","2":"type-product","3":"status-publish","4":"has-post-thumbnail","6":"product_cat-loisirs-creatifs","7":"pa_leeftijd-filter-3-4-ans","8":"pa_meest-populair-bij-garcons-filles","10":"first","11":"instock","12":"shipping-taxable","13":"product-type-simple"},"acf":[],"yoast_head":"<!-- This site is optimized with the Yoast SEO plugin v27.2 - https:\/\/yoast.com\/product\/yoast-seo-wordpress\/ -->\n<title>J&#039;apprends \u00e0 d\u00e9couper pas \u00e0 pas - SES Creative<\/title>\n<meta name=\"robots\" content=\"index, follow, max-snippet:-1, max-image-preview:large, max-video-preview:-1\" \/>\n<link rel=\"canonical\" href=\"https:\/\/ses-creative.com\/fr\/produit\/japprends-a-decouper-pas-a-pas\/\" \/>\n<meta property=\"og:locale\" content=\"fr_FR\" \/>\n<meta property=\"og:type\" content=\"article\" \/>\n<meta property=\"og:title\" content=\"J&#039;apprends \u00e0 d\u00e9couper pas \u00e0 pas - SES Creative\" \/>\n<meta property=\"og:description\" content=\"Ce coffret apprendre \u00e0 d\u00e9couper de SES Creative est con\u00e7u pour les enfants de 3 \u00e0 6 ans. Il comprend 3 paires de ciseaux : une paire s\u00e9curit\u00e9 qui ne coupe pas les cheveux ni les tissus, une paire loisirs et une paire zigzag. Les enfants progressent \u00e9tape par \u00e9tape gr\u00e2ce \u00e0 30 cartes illustr\u00e9es [&hellip;]\" \/>\n<meta property=\"og:url\" content=\"https:\/\/ses-creative.com\/fr\/produit\/japprends-a-decouper-pas-a-pas\/\" \/>\n<meta property=\"og:site_name\" content=\"SES Creative\" \/>\n<meta property=\"article:modified_time\" content=\"2026-02-12T10:23:05+00:00\" \/>\n<meta name=\"twitter:card\" content=\"summary_large_image\" \/>\n<meta name=\"twitter:label1\" content=\"Dur\u00e9e de lecture estim\u00e9e\" \/>\n\t<meta name=\"twitter:data1\" content=\"1 minute\" \/>\n<script type=\"application\/ld+json\" class=\"yoast-schema-graph\">{\"@context\":\"https:\/\/schema.org\",\"@graph\":[{\"@type\":\"WebPage\",\"@id\":\"https:\/\/ses-creative.com\/fr\/produit\/japprends-a-decouper-pas-a-pas\/\",\"url\":\"https:\/\/ses-creative.com\/fr\/produit\/japprends-a-decouper-pas-a-pas\/\",\"name\":\"J'apprends \u00e0 d\u00e9couper pas \u00e0 pas - SES Creative\",\"isPartOf\":{\"@id\":\"https:\/\/ses-creative.com\/#website\"},\"primaryImageOfPage\":{\"@id\":\"https:\/\/ses-creative.com\/fr\/produit\/japprends-a-decouper-pas-a-pas\/#primaryimage\"},\"image\":{\"@id\":\"https:\/\/ses-creative.com\/fr\/produit\/japprends-a-decouper-pas-a-pas\/#primaryimage\"},\"thumbnailUrl\":\"https:\/\/ses-creative.com\/wp-content\/uploads\/2026\/01\/146341.jpg\",\"datePublished\":\"2026-02-12T10:09:36+00:00\",\"dateModified\":\"2026-02-12T10:23:05+00:00\",\"breadcrumb\":{\"@id\":\"https:\/\/ses-creative.com\/fr\/produit\/japprends-a-decouper-pas-a-pas\/#breadcrumb\"},\"inLanguage\":\"fr-FR\",\"potentialAction\":[{\"@type\":\"ReadAction\",\"target\":[\"https:\/\/ses-creative.com\/fr\/produit\/japprends-a-decouper-pas-a-pas\/\"]}]},{\"@type\":\"ImageObject\",\"inLanguage\":\"fr-FR\",\"@id\":\"https:\/\/ses-creative.com\/fr\/produit\/japprends-a-decouper-pas-a-pas\/#primaryimage\",\"url\":\"https:\/\/ses-creative.com\/wp-content\/uploads\/2026\/01\/146341.jpg\",\"contentUrl\":\"https:\/\/ses-creative.com\/wp-content\/uploads\/2026\/01\/146341.jpg\",\"width\":1000,\"height\":1000},{\"@type\":\"BreadcrumbList\",\"@id\":\"https:\/\/ses-creative.com\/fr\/produit\/japprends-a-decouper-pas-a-pas\/#breadcrumb\",\"itemListElement\":[{\"@type\":\"ListItem\",\"position\":1,\"name\":\"Boutique\",\"item\":\"https:\/\/ses-creative.com\/fr\/boutique\/\"},{\"@type\":\"ListItem\",\"position\":2,\"name\":\"Loisirs cr\u00e9atifs\",\"item\":\"https:\/\/ses-creative.com\/fr\/product-categorie\/loisirs-creatifs\/\"},{\"@type\":\"ListItem\",\"position\":3,\"name\":\"J&#8217;apprends \u00e0 d\u00e9couper pas \u00e0 pas\"}]},{\"@type\":\"WebSite\",\"@id\":\"https:\/\/ses-creative.com\/#website\",\"url\":\"https:\/\/ses-creative.com\/\",\"name\":\"SES Creative\",\"description\":\"\",\"publisher\":{\"@id\":\"https:\/\/ses-creative.com\/#organization\"},\"potentialAction\":[{\"@type\":\"SearchAction\",\"target\":{\"@type\":\"EntryPoint\",\"urlTemplate\":\"https:\/\/ses-creative.com\/?s={search_term_string}\"},\"query-input\":{\"@type\":\"PropertyValueSpecification\",\"valueRequired\":true,\"valueName\":\"search_term_string\"}}],\"inLanguage\":\"fr-FR\"},{\"@type\":\"Organization\",\"@id\":\"https:\/\/ses-creative.com\/#organization\",\"name\":\"SES Creative\",\"url\":\"https:\/\/ses-creative.com\/\",\"logo\":{\"@type\":\"ImageObject\",\"inLanguage\":\"fr-FR\",\"@id\":\"https:\/\/ses-creative.com\/#\/schema\/logo\/image\/\",\"url\":\"https:\/\/ses-creative.com\/wp-content\/uploads\/2025\/10\/ses-creative-logo.jpg\",\"contentUrl\":\"https:\/\/ses-creative.com\/wp-content\/uploads\/2025\/10\/ses-creative-logo.jpg\",\"width\":2037,\"height\":2037,\"caption\":\"SES Creative\"},\"image\":{\"@id\":\"https:\/\/ses-creative.com\/#\/schema\/logo\/image\/\"}}]}<\/script>\n<!-- \/ Yoast SEO plugin. -->","yoast_head_json":{"title":"J'apprends \u00e0 d\u00e9couper pas \u00e0 pas - SES Creative","robots":{"index":"index","follow":"follow","max-snippet":"max-snippet:-1","max-image-preview":"max-image-preview:large","max-video-preview":"max-video-preview:-1"},"canonical":"https:\/\/ses-creative.com\/fr\/produit\/japprends-a-decouper-pas-a-pas\/","og_locale":"fr_FR","og_type":"article","og_title":"J'apprends \u00e0 d\u00e9couper pas \u00e0 pas - SES Creative","og_description":"Ce coffret apprendre \u00e0 d\u00e9couper de SES Creative est con\u00e7u pour les enfants de 3 \u00e0 6 ans. Il comprend 3 paires de ciseaux : une paire s\u00e9curit\u00e9 qui ne coupe pas les cheveux ni les tissus, une paire loisirs et une paire zigzag. Les enfants progressent \u00e9tape par \u00e9tape gr\u00e2ce \u00e0 30 cartes illustr\u00e9es [&hellip;]","og_url":"https:\/\/ses-creative.com\/fr\/produit\/japprends-a-decouper-pas-a-pas\/","og_site_name":"SES Creative","article_modified_time":"2026-02-12T10:23:05+00:00","twitter_card":"summary_large_image","twitter_misc":{"Dur\u00e9e de lecture estim\u00e9e":"1 minute"},"schema":{"@context":"https:\/\/schema.org","@graph":[{"@type":"WebPage","@id":"https:\/\/ses-creative.com\/fr\/produit\/japprends-a-decouper-pas-a-pas\/","url":"https:\/\/ses-creative.com\/fr\/produit\/japprends-a-decouper-pas-a-pas\/","name":"J'apprends \u00e0 d\u00e9couper pas \u00e0 pas - SES Creative","isPartOf":{"@id":"https:\/\/ses-creative.com\/#website"},"primaryImageOfPage":{"@id":"https:\/\/ses-creative.com\/fr\/produit\/japprends-a-decouper-pas-a-pas\/#primaryimage"},"image":{"@id":"https:\/\/ses-creative.com\/fr\/produit\/japprends-a-decouper-pas-a-pas\/#primaryimage"},"thumbnailUrl":"https:\/\/ses-creative.com\/wp-content\/uploads\/2026\/01\/146341.jpg","datePublished":"2026-02-12T10:09:36+00:00","dateModified":"2026-02-12T10:23:05+00:00","breadcrumb":{"@id":"https:\/\/ses-creative.com\/fr\/produit\/japprends-a-decouper-pas-a-pas\/#breadcrumb"},"inLanguage":"fr-FR","potentialAction":[{"@type":"ReadAction","target":["https:\/\/ses-creative.com\/fr\/produit\/japprends-a-decouper-pas-a-pas\/"]}]},{"@type":"ImageObject","inLanguage":"fr-FR","@id":"https:\/\/ses-creative.com\/fr\/produit\/japprends-a-decouper-pas-a-pas\/#primaryimage","url":"https:\/\/ses-creative.com\/wp-content\/uploads\/2026\/01\/146341.jpg","contentUrl":"https:\/\/ses-creative.com\/wp-content\/uploads\/2026\/01\/146341.jpg","width":1000,"height":1000},{"@type":"BreadcrumbList","@id":"https:\/\/ses-creative.com\/fr\/produit\/japprends-a-decouper-pas-a-pas\/#breadcrumb","itemListElement":[{"@type":"ListItem","position":1,"name":"Boutique","item":"https:\/\/ses-creative.com\/fr\/boutique\/"},{"@type":"ListItem","position":2,"name":"Loisirs cr\u00e9atifs","item":"https:\/\/ses-creative.com\/fr\/product-categorie\/loisirs-creatifs\/"},{"@type":"ListItem","position":3,"name":"J&#8217;apprends \u00e0 d\u00e9couper pas \u00e0 pas"}]},{"@type":"WebSite","@id":"https:\/\/ses-creative.com\/#website","url":"https:\/\/ses-creative.com\/","name":"SES Creative","description":"","publisher":{"@id":"https:\/\/ses-creative.com\/#organization"},"potentialAction":[{"@type":"SearchAction","target":{"@type":"EntryPoint","urlTemplate":"https:\/\/ses-creative.com\/?s={search_term_string}"},"query-input":{"@type":"PropertyValueSpecification","valueRequired":true,"valueName":"search_term_string"}}],"inLanguage":"fr-FR"},{"@type":"Organization","@id":"https:\/\/ses-creative.com\/#organization","name":"SES Creative","url":"https:\/\/ses-creative.com\/","logo":{"@type":"ImageObject","inLanguage":"fr-FR","@id":"https:\/\/ses-creative.com\/#\/schema\/logo\/image\/","url":"https:\/\/ses-creative.com\/wp-content\/uploads\/2025\/10\/ses-creative-logo.jpg","contentUrl":"https:\/\/ses-creative.com\/wp-content\/uploads\/2025\/10\/ses-creative-logo.jpg","width":2037,"height":2037,"caption":"SES Creative"},"image":{"@id":"https:\/\/ses-creative.com\/#\/schema\/logo\/image\/"}}]}},"_links":{"self":[{"href":"https:\/\/ses-creative.com\/fr\/wp-json\/wp\/v2\/product\/118385","targetHints":{"allow":["GET"]}}],"collection":[{"href":"https:\/\/ses-creative.com\/fr\/wp-json\/wp\/v2\/product"}],"about":[{"href":"https:\/\/ses-creative.com\/fr\/wp-json\/wp\/v2\/types\/product"}],"replies":[{"embeddable":true,"href":"https:\/\/ses-creative.com\/fr\/wp-json\/wp\/v2\/comments?post=118385"}],"wp:featuredmedia":[{"embeddable":true,"href":"https:\/\/ses-creative.com\/fr\/wp-json\/wp\/v2\/media\/103856"}],"wp:attachment":[{"href":"https:\/\/ses-creative.com\/fr\/wp-json\/wp\/v2\/media?parent=118385"}],"wp:term":[{"taxonomy":"product_brand","embeddable":true,"href":"https:\/\/ses-creative.com\/fr\/wp-json\/wp\/v2\/product_brand?post=118385"},{"taxonomy":"product_cat","embeddable":true,"href":"https:\/\/ses-creative.com\/fr\/wp-json\/wp\/v2\/product_cat?post=118385"},{"taxonomy":"product_tag","embeddable":true,"href":"https:\/\/ses-creative.com\/fr\/wp-json\/wp\/v2\/product_tag?post=118385"}],"curies":[{"name":"wp","href":"https:\/\/api.w.org\/{rel}","templated":true}]}}