











{"id":118384,"date":"2026-02-12T10:09:36","date_gmt":"2026-02-12T10:09:36","guid":{"rendered":"https:\/\/ses-creative.com\/?post_type=product&#038;p=118384"},"modified":"2026-02-12T10:23:05","modified_gmt":"2026-02-12T10:23:05","slug":"japprends-a-coller-et-a-reconnaitre-les-formes","status":"publish","type":"product","link":"https:\/\/ses-creative.com\/fr\/produit\/japprends-a-coller-et-a-reconnaitre-les-formes\/","title":{"rendered":"J&rsquo;apprends \u00e0 coller et \u00e0 reconna\u00eetre les formes"},"content":{"rendered":"<p>Offrez \u00e0 votre enfant sa premi\u00e8re activit\u00e9 \u00e9ducative avec le kit J\u2019apprends \u00e0 Coller et Reconna\u00eetre les Formes. Ce coffret ludique et color\u00e9 est sp\u00e9cialement con\u00e7u pour les tout-petits \u00e0 partir de 1 an. Gr\u00e2ce \u00e0 8 cartes illustr\u00e9es \u00e0 compl\u00e9ter et \u00e0 de nombreuses formes autocollantes en mousse, l\u2019enfant d\u00e9veloppe tout en douceur sa motricit\u00e9 fine, sa capacit\u00e9 de concentration et sa reconnaissance visuelle.<\/p>\n<p>Chaque carte repr\u00e9sente un animal ou un objet que l\u2019enfant doit compl\u00e9ter en collant les bonnes formes au bon endroit : une m\u00e9thode simple, intuitive et rassurante pour apprendre en s\u2019amusant. Les autocollants sont faciles \u00e0 manipuler, se repositionnent si n\u00e9cessaire, et permettent aux enfants de r\u00e9ussir \u00e0 leur rythme, sans d\u00e9couragement.<\/p>\n<p>Ce kit favorise \u00e9galement la pr\u00e9paration aux apprentissages fondamentaux de la maternelle, tout en partageant un moment calme et complice avec les parents. Fabriqu\u00e9 en Europe et respectueux des normes de s\u00e9curit\u00e9, il garantit une activit\u00e9 s\u00fbre, durable et adapt\u00e9e aux besoins des jeunes enfants.<\/p>\n<p>Un jeu parfait pour allier plaisir, autonomie et apprentissage d\u00e8s le plus jeune \u00e2ge !<\/p>\n","protected":false},"excerpt":{"rendered":"<p>Offrez \u00e0 votre enfant sa premi\u00e8re activit\u00e9 \u00e9ducative avec le kit J\u2019apprends \u00e0 Coller et Reconna\u00eetre les Formes. Ce coffret ludique et color\u00e9 est sp\u00e9cialement con\u00e7u pour les tout-petits \u00e0 partir de 1 an. Gr\u00e2ce \u00e0 8 cartes illustr\u00e9es \u00e0 compl\u00e9ter et \u00e0 de nombreuses formes autocollantes en mousse, l\u2019enfant d\u00e9veloppe tout en douceur sa [&hellip;]<\/p>\n","protected":false},"featured_media":103836,"comment_status":"closed","ping_status":"closed","template":"","meta":{"_acf_changed":false},"product_brand":[],"product_cat":[122],"product_tag":[],"class_list":{"0":"post-118384","1":"product","2":"type-product","3":"status-publish","4":"has-post-thumbnail","6":"product_cat-loisirs-creatifs","7":"pa_leeftijd-filter-3-4-ans","8":"pa_meest-populair-bij-garcons-filles","10":"first","11":"instock","12":"shipping-taxable","13":"product-type-simple"},"acf":[],"yoast_head":"<!-- This site is optimized with the Yoast SEO plugin v27.2 - https:\/\/yoast.com\/product\/yoast-seo-wordpress\/ -->\n<title>J&#039;apprends \u00e0 coller et \u00e0 reconna\u00eetre les formes - SES Creative<\/title>\n<meta name=\"robots\" content=\"index, follow, max-snippet:-1, max-image-preview:large, max-video-preview:-1\" \/>\n<link rel=\"canonical\" href=\"https:\/\/ses-creative.com\/fr\/produit\/japprends-a-coller-et-a-reconnaitre-les-formes\/\" \/>\n<meta property=\"og:locale\" content=\"fr_FR\" \/>\n<meta property=\"og:type\" content=\"article\" \/>\n<meta property=\"og:title\" content=\"J&#039;apprends \u00e0 coller et \u00e0 reconna\u00eetre les formes - SES Creative\" \/>\n<meta property=\"og:description\" content=\"Offrez \u00e0 votre enfant sa premi\u00e8re activit\u00e9 \u00e9ducative avec le kit J\u2019apprends \u00e0 Coller et Reconna\u00eetre les Formes. Ce coffret ludique et color\u00e9 est sp\u00e9cialement con\u00e7u pour les tout-petits \u00e0 partir de 1 an. Gr\u00e2ce \u00e0 8 cartes illustr\u00e9es \u00e0 compl\u00e9ter et \u00e0 de nombreuses formes autocollantes en mousse, l\u2019enfant d\u00e9veloppe tout en douceur sa [&hellip;]\" \/>\n<meta property=\"og:url\" content=\"https:\/\/ses-creative.com\/fr\/produit\/japprends-a-coller-et-a-reconnaitre-les-formes\/\" \/>\n<meta property=\"og:site_name\" content=\"SES Creative\" \/>\n<meta property=\"article:modified_time\" content=\"2026-02-12T10:23:05+00:00\" \/>\n<meta name=\"twitter:card\" content=\"summary_large_image\" \/>\n<meta name=\"twitter:label1\" content=\"Dur\u00e9e de lecture estim\u00e9e\" \/>\n\t<meta name=\"twitter:data1\" content=\"1 minute\" \/>\n<script type=\"application\/ld+json\" class=\"yoast-schema-graph\">{\"@context\":\"https:\/\/schema.org\",\"@graph\":[{\"@type\":\"WebPage\",\"@id\":\"https:\/\/ses-creative.com\/fr\/produit\/japprends-a-coller-et-a-reconnaitre-les-formes\/\",\"url\":\"https:\/\/ses-creative.com\/fr\/produit\/japprends-a-coller-et-a-reconnaitre-les-formes\/\",\"name\":\"J'apprends \u00e0 coller et \u00e0 reconna\u00eetre les formes - SES Creative\",\"isPartOf\":{\"@id\":\"https:\/\/ses-creative.com\/#website\"},\"primaryImageOfPage\":{\"@id\":\"https:\/\/ses-creative.com\/fr\/produit\/japprends-a-coller-et-a-reconnaitre-les-formes\/#primaryimage\"},\"image\":{\"@id\":\"https:\/\/ses-creative.com\/fr\/produit\/japprends-a-coller-et-a-reconnaitre-les-formes\/#primaryimage\"},\"thumbnailUrl\":\"https:\/\/ses-creative.com\/wp-content\/uploads\/2026\/01\/146321.jpg\",\"datePublished\":\"2026-02-12T10:09:36+00:00\",\"dateModified\":\"2026-02-12T10:23:05+00:00\",\"breadcrumb\":{\"@id\":\"https:\/\/ses-creative.com\/fr\/produit\/japprends-a-coller-et-a-reconnaitre-les-formes\/#breadcrumb\"},\"inLanguage\":\"fr-FR\",\"potentialAction\":[{\"@type\":\"ReadAction\",\"target\":[\"https:\/\/ses-creative.com\/fr\/produit\/japprends-a-coller-et-a-reconnaitre-les-formes\/\"]}]},{\"@type\":\"ImageObject\",\"inLanguage\":\"fr-FR\",\"@id\":\"https:\/\/ses-creative.com\/fr\/produit\/japprends-a-coller-et-a-reconnaitre-les-formes\/#primaryimage\",\"url\":\"https:\/\/ses-creative.com\/wp-content\/uploads\/2026\/01\/146321.jpg\",\"contentUrl\":\"https:\/\/ses-creative.com\/wp-content\/uploads\/2026\/01\/146321.jpg\",\"width\":1000,\"height\":1000},{\"@type\":\"BreadcrumbList\",\"@id\":\"https:\/\/ses-creative.com\/fr\/produit\/japprends-a-coller-et-a-reconnaitre-les-formes\/#breadcrumb\",\"itemListElement\":[{\"@type\":\"ListItem\",\"position\":1,\"name\":\"Boutique\",\"item\":\"https:\/\/ses-creative.com\/fr\/boutique\/\"},{\"@type\":\"ListItem\",\"position\":2,\"name\":\"Loisirs cr\u00e9atifs\",\"item\":\"https:\/\/ses-creative.com\/fr\/product-categorie\/loisirs-creatifs\/\"},{\"@type\":\"ListItem\",\"position\":3,\"name\":\"J&#8217;apprends \u00e0 coller et \u00e0 reconna\u00eetre les formes\"}]},{\"@type\":\"WebSite\",\"@id\":\"https:\/\/ses-creative.com\/#website\",\"url\":\"https:\/\/ses-creative.com\/\",\"name\":\"SES Creative\",\"description\":\"\",\"publisher\":{\"@id\":\"https:\/\/ses-creative.com\/#organization\"},\"potentialAction\":[{\"@type\":\"SearchAction\",\"target\":{\"@type\":\"EntryPoint\",\"urlTemplate\":\"https:\/\/ses-creative.com\/?s={search_term_string}\"},\"query-input\":{\"@type\":\"PropertyValueSpecification\",\"valueRequired\":true,\"valueName\":\"search_term_string\"}}],\"inLanguage\":\"fr-FR\"},{\"@type\":\"Organization\",\"@id\":\"https:\/\/ses-creative.com\/#organization\",\"name\":\"SES Creative\",\"url\":\"https:\/\/ses-creative.com\/\",\"logo\":{\"@type\":\"ImageObject\",\"inLanguage\":\"fr-FR\",\"@id\":\"https:\/\/ses-creative.com\/#\/schema\/logo\/image\/\",\"url\":\"https:\/\/ses-creative.com\/wp-content\/uploads\/2025\/10\/ses-creative-logo.jpg\",\"contentUrl\":\"https:\/\/ses-creative.com\/wp-content\/uploads\/2025\/10\/ses-creative-logo.jpg\",\"width\":2037,\"height\":2037,\"caption\":\"SES Creative\"},\"image\":{\"@id\":\"https:\/\/ses-creative.com\/#\/schema\/logo\/image\/\"}}]}<\/script>\n<!-- \/ Yoast SEO plugin. -->","yoast_head_json":{"title":"J'apprends \u00e0 coller et \u00e0 reconna\u00eetre les formes - SES Creative","robots":{"index":"index","follow":"follow","max-snippet":"max-snippet:-1","max-image-preview":"max-image-preview:large","max-video-preview":"max-video-preview:-1"},"canonical":"https:\/\/ses-creative.com\/fr\/produit\/japprends-a-coller-et-a-reconnaitre-les-formes\/","og_locale":"fr_FR","og_type":"article","og_title":"J'apprends \u00e0 coller et \u00e0 reconna\u00eetre les formes - SES Creative","og_description":"Offrez \u00e0 votre enfant sa premi\u00e8re activit\u00e9 \u00e9ducative avec le kit J\u2019apprends \u00e0 Coller et Reconna\u00eetre les Formes. Ce coffret ludique et color\u00e9 est sp\u00e9cialement con\u00e7u pour les tout-petits \u00e0 partir de 1 an. Gr\u00e2ce \u00e0 8 cartes illustr\u00e9es \u00e0 compl\u00e9ter et \u00e0 de nombreuses formes autocollantes en mousse, l\u2019enfant d\u00e9veloppe tout en douceur sa [&hellip;]","og_url":"https:\/\/ses-creative.com\/fr\/produit\/japprends-a-coller-et-a-reconnaitre-les-formes\/","og_site_name":"SES Creative","article_modified_time":"2026-02-12T10:23:05+00:00","twitter_card":"summary_large_image","twitter_misc":{"Dur\u00e9e de lecture estim\u00e9e":"1 minute"},"schema":{"@context":"https:\/\/schema.org","@graph":[{"@type":"WebPage","@id":"https:\/\/ses-creative.com\/fr\/produit\/japprends-a-coller-et-a-reconnaitre-les-formes\/","url":"https:\/\/ses-creative.com\/fr\/produit\/japprends-a-coller-et-a-reconnaitre-les-formes\/","name":"J'apprends \u00e0 coller et \u00e0 reconna\u00eetre les formes - SES Creative","isPartOf":{"@id":"https:\/\/ses-creative.com\/#website"},"primaryImageOfPage":{"@id":"https:\/\/ses-creative.com\/fr\/produit\/japprends-a-coller-et-a-reconnaitre-les-formes\/#primaryimage"},"image":{"@id":"https:\/\/ses-creative.com\/fr\/produit\/japprends-a-coller-et-a-reconnaitre-les-formes\/#primaryimage"},"thumbnailUrl":"https:\/\/ses-creative.com\/wp-content\/uploads\/2026\/01\/146321.jpg","datePublished":"2026-02-12T10:09:36+00:00","dateModified":"2026-02-12T10:23:05+00:00","breadcrumb":{"@id":"https:\/\/ses-creative.com\/fr\/produit\/japprends-a-coller-et-a-reconnaitre-les-formes\/#breadcrumb"},"inLanguage":"fr-FR","potentialAction":[{"@type":"ReadAction","target":["https:\/\/ses-creative.com\/fr\/produit\/japprends-a-coller-et-a-reconnaitre-les-formes\/"]}]},{"@type":"ImageObject","inLanguage":"fr-FR","@id":"https:\/\/ses-creative.com\/fr\/produit\/japprends-a-coller-et-a-reconnaitre-les-formes\/#primaryimage","url":"https:\/\/ses-creative.com\/wp-content\/uploads\/2026\/01\/146321.jpg","contentUrl":"https:\/\/ses-creative.com\/wp-content\/uploads\/2026\/01\/146321.jpg","width":1000,"height":1000},{"@type":"BreadcrumbList","@id":"https:\/\/ses-creative.com\/fr\/produit\/japprends-a-coller-et-a-reconnaitre-les-formes\/#breadcrumb","itemListElement":[{"@type":"ListItem","position":1,"name":"Boutique","item":"https:\/\/ses-creative.com\/fr\/boutique\/"},{"@type":"ListItem","position":2,"name":"Loisirs cr\u00e9atifs","item":"https:\/\/ses-creative.com\/fr\/product-categorie\/loisirs-creatifs\/"},{"@type":"ListItem","position":3,"name":"J&#8217;apprends \u00e0 coller et \u00e0 reconna\u00eetre les formes"}]},{"@type":"WebSite","@id":"https:\/\/ses-creative.com\/#website","url":"https:\/\/ses-creative.com\/","name":"SES Creative","description":"","publisher":{"@id":"https:\/\/ses-creative.com\/#organization"},"potentialAction":[{"@type":"SearchAction","target":{"@type":"EntryPoint","urlTemplate":"https:\/\/ses-creative.com\/?s={search_term_string}"},"query-input":{"@type":"PropertyValueSpecification","valueRequired":true,"valueName":"search_term_string"}}],"inLanguage":"fr-FR"},{"@type":"Organization","@id":"https:\/\/ses-creative.com\/#organization","name":"SES Creative","url":"https:\/\/ses-creative.com\/","logo":{"@type":"ImageObject","inLanguage":"fr-FR","@id":"https:\/\/ses-creative.com\/#\/schema\/logo\/image\/","url":"https:\/\/ses-creative.com\/wp-content\/uploads\/2025\/10\/ses-creative-logo.jpg","contentUrl":"https:\/\/ses-creative.com\/wp-content\/uploads\/2025\/10\/ses-creative-logo.jpg","width":2037,"height":2037,"caption":"SES Creative"},"image":{"@id":"https:\/\/ses-creative.com\/#\/schema\/logo\/image\/"}}]}},"_links":{"self":[{"href":"https:\/\/ses-creative.com\/fr\/wp-json\/wp\/v2\/product\/118384","targetHints":{"allow":["GET"]}}],"collection":[{"href":"https:\/\/ses-creative.com\/fr\/wp-json\/wp\/v2\/product"}],"about":[{"href":"https:\/\/ses-creative.com\/fr\/wp-json\/wp\/v2\/types\/product"}],"replies":[{"embeddable":true,"href":"https:\/\/ses-creative.com\/fr\/wp-json\/wp\/v2\/comments?post=118384"}],"wp:featuredmedia":[{"embeddable":true,"href":"https:\/\/ses-creative.com\/fr\/wp-json\/wp\/v2\/media\/103836"}],"wp:attachment":[{"href":"https:\/\/ses-creative.com\/fr\/wp-json\/wp\/v2\/media?parent=118384"}],"wp:term":[{"taxonomy":"product_brand","embeddable":true,"href":"https:\/\/ses-creative.com\/fr\/wp-json\/wp\/v2\/product_brand?post=118384"},{"taxonomy":"product_cat","embeddable":true,"href":"https:\/\/ses-creative.com\/fr\/wp-json\/wp\/v2\/product_cat?post=118384"},{"taxonomy":"product_tag","embeddable":true,"href":"https:\/\/ses-creative.com\/fr\/wp-json\/wp\/v2\/product_tag?post=118384"}],"curies":[{"name":"wp","href":"https:\/\/api.w.org\/{rel}","templated":true}]}}