











{"id":118383,"date":"2026-02-12T10:09:36","date_gmt":"2026-02-12T10:09:36","guid":{"rendered":"https:\/\/ses-creative.com\/?post_type=product&#038;p=118383"},"modified":"2026-02-12T10:23:05","modified_gmt":"2026-02-12T10:23:05","slug":"japprends-a-faire-mes-lacets","status":"publish","type":"product","link":"https:\/\/ses-creative.com\/fr\/produit\/japprends-a-faire-mes-lacets\/","title":{"rendered":"J&rsquo;apprends \u00e0 faire mes lacets"},"content":{"rendered":"<p>Le kit SES Creative lacets \u00ab\u00a0J\u2019apprends \u00e0 faire mes lacets\u00a0\u00bb est un jouet \u00e9ducatif lacets destin\u00e9 aux enfants de 3 \u00e0 6 ans. Il contient une chaussure d\u2019apprentissage enfant avec un long lacet \u00e0 manipuler. Ce jeu pour apprendre \u00e0 nouer ses lacets permet \u00e0 l\u2019enfant de s\u2019exercer aux gestes quotidiens comme le la\u00e7age et le nouage. Le packaging inclut des instructions visuelles \u00e9tape par \u00e9tape pour favoriser une progression autonome. C\u2019est une activit\u00e9 lacets 3 ans id\u00e9ale pour d\u00e9velopper la motricit\u00e9 fine enfant, la concentration et la coordination \u0153il-main. Utilisable seul ou avec un parent, il encourage les moments d\u2019\u00e9change tout en pr\u00e9parant \u00e0 l\u2019entr\u00e9e \u00e0 l\u2019\u00e9cole. Le jouet est simple, sans composants non sp\u00e9cifi\u00e9s, conforme aux normes europ\u00e9ennes, et favorise l\u2019apprentissage pratique dans un cadre ludique et rassurant.<\/p>\n","protected":false},"excerpt":{"rendered":"<p>Le kit SES Creative lacets \u00ab\u00a0J\u2019apprends \u00e0 faire mes lacets\u00a0\u00bb est un jouet \u00e9ducatif lacets destin\u00e9 aux enfants de 3 \u00e0 6 ans. Il contient une chaussure d\u2019apprentissage enfant avec un long lacet \u00e0 manipuler. Ce jeu pour apprendre \u00e0 nouer ses lacets permet \u00e0 l\u2019enfant de s\u2019exercer aux gestes quotidiens comme le la\u00e7age et [&hellip;]<\/p>\n","protected":false},"featured_media":103816,"comment_status":"closed","ping_status":"closed","template":"","meta":{"_acf_changed":false},"product_brand":[],"product_cat":[122],"product_tag":[],"class_list":{"0":"post-118383","1":"product","2":"type-product","3":"status-publish","4":"has-post-thumbnail","6":"product_cat-loisirs-creatifs","7":"pa_leeftijd-filter-3-4-ans","8":"pa_meest-populair-bij-garcons-filles","10":"first","11":"instock","12":"shipping-taxable","13":"product-type-simple"},"acf":[],"yoast_head":"<!-- This site is optimized with the Yoast SEO plugin v27.4 - https:\/\/yoast.com\/product\/yoast-seo-wordpress\/ -->\n<title>J&#039;apprends \u00e0 faire mes lacets - SES Creative<\/title>\n<meta name=\"robots\" content=\"index, follow, max-snippet:-1, max-image-preview:large, max-video-preview:-1\" \/>\n<link rel=\"canonical\" href=\"https:\/\/ses-creative.com\/fr\/produit\/japprends-a-faire-mes-lacets\/\" \/>\n<meta property=\"og:locale\" content=\"fr_FR\" \/>\n<meta property=\"og:type\" content=\"article\" \/>\n<meta property=\"og:title\" content=\"J&#039;apprends \u00e0 faire mes lacets - SES Creative\" \/>\n<meta property=\"og:description\" content=\"Le kit SES Creative lacets \u00ab\u00a0J\u2019apprends \u00e0 faire mes lacets\u00a0\u00bb est un jouet \u00e9ducatif lacets destin\u00e9 aux enfants de 3 \u00e0 6 ans. Il contient une chaussure d\u2019apprentissage enfant avec un long lacet \u00e0 manipuler. Ce jeu pour apprendre \u00e0 nouer ses lacets permet \u00e0 l\u2019enfant de s\u2019exercer aux gestes quotidiens comme le la\u00e7age et [&hellip;]\" \/>\n<meta property=\"og:url\" content=\"https:\/\/ses-creative.com\/fr\/produit\/japprends-a-faire-mes-lacets\/\" \/>\n<meta property=\"og:site_name\" content=\"SES Creative\" \/>\n<meta property=\"article:modified_time\" content=\"2026-02-12T10:23:05+00:00\" \/>\n<meta name=\"twitter:card\" content=\"summary_large_image\" \/>\n<meta name=\"twitter:label1\" content=\"Dur\u00e9e de lecture estim\u00e9e\" \/>\n\t<meta name=\"twitter:data1\" content=\"1 minute\" \/>\n<script type=\"application\/ld+json\" class=\"yoast-schema-graph\">{\"@context\":\"https:\\\/\\\/schema.org\",\"@graph\":[{\"@type\":\"WebPage\",\"@id\":\"https:\\\/\\\/ses-creative.com\\\/fr\\\/produit\\\/japprends-a-faire-mes-lacets\\\/\",\"url\":\"https:\\\/\\\/ses-creative.com\\\/fr\\\/produit\\\/japprends-a-faire-mes-lacets\\\/\",\"name\":\"J'apprends \u00e0 faire mes lacets - SES Creative\",\"isPartOf\":{\"@id\":\"https:\\\/\\\/ses-creative.com\\\/#website\"},\"primaryImageOfPage\":{\"@id\":\"https:\\\/\\\/ses-creative.com\\\/fr\\\/produit\\\/japprends-a-faire-mes-lacets\\\/#primaryimage\"},\"image\":{\"@id\":\"https:\\\/\\\/ses-creative.com\\\/fr\\\/produit\\\/japprends-a-faire-mes-lacets\\\/#primaryimage\"},\"thumbnailUrl\":\"https:\\\/\\\/ses-creative.com\\\/wp-content\\\/uploads\\\/2026\\\/01\\\/146291.jpg\",\"datePublished\":\"2026-02-12T10:09:36+00:00\",\"dateModified\":\"2026-02-12T10:23:05+00:00\",\"breadcrumb\":{\"@id\":\"https:\\\/\\\/ses-creative.com\\\/fr\\\/produit\\\/japprends-a-faire-mes-lacets\\\/#breadcrumb\"},\"inLanguage\":\"fr-FR\",\"potentialAction\":[{\"@type\":\"ReadAction\",\"target\":[\"https:\\\/\\\/ses-creative.com\\\/fr\\\/produit\\\/japprends-a-faire-mes-lacets\\\/\"]}]},{\"@type\":\"ImageObject\",\"inLanguage\":\"fr-FR\",\"@id\":\"https:\\\/\\\/ses-creative.com\\\/fr\\\/produit\\\/japprends-a-faire-mes-lacets\\\/#primaryimage\",\"url\":\"https:\\\/\\\/ses-creative.com\\\/wp-content\\\/uploads\\\/2026\\\/01\\\/146291.jpg\",\"contentUrl\":\"https:\\\/\\\/ses-creative.com\\\/wp-content\\\/uploads\\\/2026\\\/01\\\/146291.jpg\",\"width\":1000,\"height\":1000},{\"@type\":\"BreadcrumbList\",\"@id\":\"https:\\\/\\\/ses-creative.com\\\/fr\\\/produit\\\/japprends-a-faire-mes-lacets\\\/#breadcrumb\",\"itemListElement\":[{\"@type\":\"ListItem\",\"position\":1,\"name\":\"Boutique\",\"item\":\"https:\\\/\\\/ses-creative.com\\\/fr\\\/boutique\\\/\"},{\"@type\":\"ListItem\",\"position\":2,\"name\":\"Loisirs cr\u00e9atifs\",\"item\":\"https:\\\/\\\/ses-creative.com\\\/fr\\\/product-categorie\\\/loisirs-creatifs\\\/\"},{\"@type\":\"ListItem\",\"position\":3,\"name\":\"J&#8217;apprends \u00e0 faire mes lacets\"}]},{\"@type\":\"WebSite\",\"@id\":\"https:\\\/\\\/ses-creative.com\\\/#website\",\"url\":\"https:\\\/\\\/ses-creative.com\\\/\",\"name\":\"SES Creative\",\"description\":\"\",\"publisher\":{\"@id\":\"https:\\\/\\\/ses-creative.com\\\/#organization\"},\"potentialAction\":[{\"@type\":\"SearchAction\",\"target\":{\"@type\":\"EntryPoint\",\"urlTemplate\":\"https:\\\/\\\/ses-creative.com\\\/?s={search_term_string}\"},\"query-input\":{\"@type\":\"PropertyValueSpecification\",\"valueRequired\":true,\"valueName\":\"search_term_string\"}}],\"inLanguage\":\"fr-FR\"},{\"@type\":\"Organization\",\"@id\":\"https:\\\/\\\/ses-creative.com\\\/#organization\",\"name\":\"SES Creative\",\"url\":\"https:\\\/\\\/ses-creative.com\\\/\",\"logo\":{\"@type\":\"ImageObject\",\"inLanguage\":\"fr-FR\",\"@id\":\"https:\\\/\\\/ses-creative.com\\\/#\\\/schema\\\/logo\\\/image\\\/\",\"url\":\"https:\\\/\\\/ses-creative.com\\\/wp-content\\\/uploads\\\/2025\\\/10\\\/ses-creative-logo.jpg\",\"contentUrl\":\"https:\\\/\\\/ses-creative.com\\\/wp-content\\\/uploads\\\/2025\\\/10\\\/ses-creative-logo.jpg\",\"width\":2037,\"height\":2037,\"caption\":\"SES Creative\"},\"image\":{\"@id\":\"https:\\\/\\\/ses-creative.com\\\/#\\\/schema\\\/logo\\\/image\\\/\"}}]}<\/script>\n<!-- \/ Yoast SEO plugin. -->","yoast_head_json":{"title":"J'apprends \u00e0 faire mes lacets - SES Creative","robots":{"index":"index","follow":"follow","max-snippet":"max-snippet:-1","max-image-preview":"max-image-preview:large","max-video-preview":"max-video-preview:-1"},"canonical":"https:\/\/ses-creative.com\/fr\/produit\/japprends-a-faire-mes-lacets\/","og_locale":"fr_FR","og_type":"article","og_title":"J'apprends \u00e0 faire mes lacets - SES Creative","og_description":"Le kit SES Creative lacets \u00ab\u00a0J\u2019apprends \u00e0 faire mes lacets\u00a0\u00bb est un jouet \u00e9ducatif lacets destin\u00e9 aux enfants de 3 \u00e0 6 ans. Il contient une chaussure d\u2019apprentissage enfant avec un long lacet \u00e0 manipuler. Ce jeu pour apprendre \u00e0 nouer ses lacets permet \u00e0 l\u2019enfant de s\u2019exercer aux gestes quotidiens comme le la\u00e7age et [&hellip;]","og_url":"https:\/\/ses-creative.com\/fr\/produit\/japprends-a-faire-mes-lacets\/","og_site_name":"SES Creative","article_modified_time":"2026-02-12T10:23:05+00:00","twitter_card":"summary_large_image","twitter_misc":{"Dur\u00e9e de lecture estim\u00e9e":"1 minute"},"schema":{"@context":"https:\/\/schema.org","@graph":[{"@type":"WebPage","@id":"https:\/\/ses-creative.com\/fr\/produit\/japprends-a-faire-mes-lacets\/","url":"https:\/\/ses-creative.com\/fr\/produit\/japprends-a-faire-mes-lacets\/","name":"J'apprends \u00e0 faire mes lacets - SES Creative","isPartOf":{"@id":"https:\/\/ses-creative.com\/#website"},"primaryImageOfPage":{"@id":"https:\/\/ses-creative.com\/fr\/produit\/japprends-a-faire-mes-lacets\/#primaryimage"},"image":{"@id":"https:\/\/ses-creative.com\/fr\/produit\/japprends-a-faire-mes-lacets\/#primaryimage"},"thumbnailUrl":"https:\/\/ses-creative.com\/wp-content\/uploads\/2026\/01\/146291.jpg","datePublished":"2026-02-12T10:09:36+00:00","dateModified":"2026-02-12T10:23:05+00:00","breadcrumb":{"@id":"https:\/\/ses-creative.com\/fr\/produit\/japprends-a-faire-mes-lacets\/#breadcrumb"},"inLanguage":"fr-FR","potentialAction":[{"@type":"ReadAction","target":["https:\/\/ses-creative.com\/fr\/produit\/japprends-a-faire-mes-lacets\/"]}]},{"@type":"ImageObject","inLanguage":"fr-FR","@id":"https:\/\/ses-creative.com\/fr\/produit\/japprends-a-faire-mes-lacets\/#primaryimage","url":"https:\/\/ses-creative.com\/wp-content\/uploads\/2026\/01\/146291.jpg","contentUrl":"https:\/\/ses-creative.com\/wp-content\/uploads\/2026\/01\/146291.jpg","width":1000,"height":1000},{"@type":"BreadcrumbList","@id":"https:\/\/ses-creative.com\/fr\/produit\/japprends-a-faire-mes-lacets\/#breadcrumb","itemListElement":[{"@type":"ListItem","position":1,"name":"Boutique","item":"https:\/\/ses-creative.com\/fr\/boutique\/"},{"@type":"ListItem","position":2,"name":"Loisirs cr\u00e9atifs","item":"https:\/\/ses-creative.com\/fr\/product-categorie\/loisirs-creatifs\/"},{"@type":"ListItem","position":3,"name":"J&#8217;apprends \u00e0 faire mes lacets"}]},{"@type":"WebSite","@id":"https:\/\/ses-creative.com\/#website","url":"https:\/\/ses-creative.com\/","name":"SES Creative","description":"","publisher":{"@id":"https:\/\/ses-creative.com\/#organization"},"potentialAction":[{"@type":"SearchAction","target":{"@type":"EntryPoint","urlTemplate":"https:\/\/ses-creative.com\/?s={search_term_string}"},"query-input":{"@type":"PropertyValueSpecification","valueRequired":true,"valueName":"search_term_string"}}],"inLanguage":"fr-FR"},{"@type":"Organization","@id":"https:\/\/ses-creative.com\/#organization","name":"SES Creative","url":"https:\/\/ses-creative.com\/","logo":{"@type":"ImageObject","inLanguage":"fr-FR","@id":"https:\/\/ses-creative.com\/#\/schema\/logo\/image\/","url":"https:\/\/ses-creative.com\/wp-content\/uploads\/2025\/10\/ses-creative-logo.jpg","contentUrl":"https:\/\/ses-creative.com\/wp-content\/uploads\/2025\/10\/ses-creative-logo.jpg","width":2037,"height":2037,"caption":"SES Creative"},"image":{"@id":"https:\/\/ses-creative.com\/#\/schema\/logo\/image\/"}}]}},"_links":{"self":[{"href":"https:\/\/ses-creative.com\/fr\/wp-json\/wp\/v2\/product\/118383","targetHints":{"allow":["GET"]}}],"collection":[{"href":"https:\/\/ses-creative.com\/fr\/wp-json\/wp\/v2\/product"}],"about":[{"href":"https:\/\/ses-creative.com\/fr\/wp-json\/wp\/v2\/types\/product"}],"replies":[{"embeddable":true,"href":"https:\/\/ses-creative.com\/fr\/wp-json\/wp\/v2\/comments?post=118383"}],"wp:featuredmedia":[{"embeddable":true,"href":"https:\/\/ses-creative.com\/fr\/wp-json\/wp\/v2\/media\/103816"}],"wp:attachment":[{"href":"https:\/\/ses-creative.com\/fr\/wp-json\/wp\/v2\/media?parent=118383"}],"wp:term":[{"taxonomy":"product_brand","embeddable":true,"href":"https:\/\/ses-creative.com\/fr\/wp-json\/wp\/v2\/product_brand?post=118383"},{"taxonomy":"product_cat","embeddable":true,"href":"https:\/\/ses-creative.com\/fr\/wp-json\/wp\/v2\/product_cat?post=118383"},{"taxonomy":"product_tag","embeddable":true,"href":"https:\/\/ses-creative.com\/fr\/wp-json\/wp\/v2\/product_tag?post=118383"}],"curies":[{"name":"wp","href":"https:\/\/api.w.org\/{rel}","templated":true}]}}