











{"id":118382,"date":"2026-02-12T10:09:36","date_gmt":"2026-02-12T10:09:36","guid":{"rendered":"https:\/\/ses-creative.com\/?post_type=product&#038;p=118382"},"modified":"2026-02-12T10:23:05","modified_gmt":"2026-02-12T10:23:05","slug":"japprends-a-decouper-mega-kit","status":"publish","type":"product","link":"https:\/\/ses-creative.com\/fr\/produit\/japprends-a-decouper-mega-kit\/","title":{"rendered":"J&rsquo;apprends \u00e0 d\u00e9couper &#8211; M\u00e9ga kit"},"content":{"rendered":"<p>\u200bLe SES Creative 14617 \u2013 M\u00e9ga Kit J\u2019apprends \u00e0 d\u00e9couper est un coffret \u00e9ducatif con\u00e7u pour initier les jeunes enfants, d\u00e8s l\u2019\u00e2ge de 3 ans, \u00e0 l\u2019art du d\u00e9coupage en toute s\u00e9curit\u00e9. Ce kit complet comprend 48 feuilles pr\u00e9-imprim\u00e9es aux motifs color\u00e9s et vari\u00e9s, offrant une progression adapt\u00e9e pour d\u00e9velopper la dext\u00e9rit\u00e9 et la coordination \u0153il-main des tout-petits.\u200b<\/p>\n<p>L\u2019\u00e9l\u00e9ment central de ce coffret est une paire de ciseaux de s\u00e9curit\u00e9 sp\u00e9cialement con\u00e7us pour les enfants : ces ciseaux ne coupent que le papier, garantissant ainsi une utilisation sans risque pour les cheveux, les v\u00eatements ou la peau. Cette caract\u00e9ristique permet aux enfants de s\u2019exercer en toute confiance, favorisant leur autonomie et leur confiance en soi.\u200b<\/p>\n<p>En plus de d\u00e9velopper les comp\u00e9tences motrices fines, ce kit stimule la cr\u00e9ativit\u00e9 des enfants en leur permettant de r\u00e9aliser des d\u00e9coupages artistiques. Les activit\u00e9s propos\u00e9es encouragent \u00e9galement la concentration et la patience, des comp\u00e9tences essentielles pour le d\u00e9veloppement global de l\u2019enfant.\u200b<\/p>\n<p>Fabriqu\u00e9 aux Pays-Bas par la marque SES Creative, reconnue pour la qualit\u00e9 et la s\u00e9curit\u00e9 de ses produits, ce m\u00e9ga kit est une excellente id\u00e9e de cadeau \u00e9ducatif pour les enfants en phase d\u2019apprentissage. Il est id\u00e9al pour les activit\u00e9s \u00e0 la maison, en classe ou lors d\u2019ateliers cr\u00e9atifs.\u200b<\/p>\n<p>Offrez \u00e0 votre enfant une exp\u00e9rience ludique et enrichissante avec le kit; un outil p\u00e9dagogique qui allie amusement et apprentissage en toute s\u00e9curit\u00e9.<\/p>\n","protected":false},"excerpt":{"rendered":"<p>\u200bLe SES Creative 14617 \u2013 M\u00e9ga Kit J\u2019apprends \u00e0 d\u00e9couper est un coffret \u00e9ducatif con\u00e7u pour initier les jeunes enfants, d\u00e8s l\u2019\u00e2ge de 3 ans, \u00e0 l\u2019art du d\u00e9coupage en toute s\u00e9curit\u00e9. Ce kit complet comprend 48 feuilles pr\u00e9-imprim\u00e9es aux motifs color\u00e9s et vari\u00e9s, offrant une progression adapt\u00e9e pour d\u00e9velopper la dext\u00e9rit\u00e9 et la coordination [&hellip;]<\/p>\n","protected":false},"featured_media":103796,"comment_status":"closed","ping_status":"closed","template":"","meta":{"_acf_changed":false},"product_brand":[],"product_cat":[122],"product_tag":[],"class_list":{"0":"post-118382","1":"product","2":"type-product","3":"status-publish","4":"has-post-thumbnail","6":"product_cat-loisirs-creatifs","7":"pa_leeftijd-filter-3-4-ans","8":"pa_meest-populair-bij-garcons-filles","10":"first","11":"instock","12":"shipping-taxable","13":"product-type-simple"},"acf":[],"yoast_head":"<!-- This site is optimized with the Yoast SEO plugin v27.2 - https:\/\/yoast.com\/product\/yoast-seo-wordpress\/ -->\n<title>J&#039;apprends \u00e0 d\u00e9couper - M\u00e9ga kit - SES Creative<\/title>\n<meta name=\"robots\" content=\"index, follow, max-snippet:-1, max-image-preview:large, max-video-preview:-1\" \/>\n<link rel=\"canonical\" href=\"https:\/\/ses-creative.com\/fr\/produit\/japprends-a-decouper-mega-kit\/\" \/>\n<meta property=\"og:locale\" content=\"fr_FR\" \/>\n<meta property=\"og:type\" content=\"article\" \/>\n<meta property=\"og:title\" content=\"J&#039;apprends \u00e0 d\u00e9couper - M\u00e9ga kit - SES Creative\" \/>\n<meta property=\"og:description\" content=\"\u200bLe SES Creative 14617 \u2013 M\u00e9ga Kit J\u2019apprends \u00e0 d\u00e9couper est un coffret \u00e9ducatif con\u00e7u pour initier les jeunes enfants, d\u00e8s l\u2019\u00e2ge de 3 ans, \u00e0 l\u2019art du d\u00e9coupage en toute s\u00e9curit\u00e9. Ce kit complet comprend 48 feuilles pr\u00e9-imprim\u00e9es aux motifs color\u00e9s et vari\u00e9s, offrant une progression adapt\u00e9e pour d\u00e9velopper la dext\u00e9rit\u00e9 et la coordination [&hellip;]\" \/>\n<meta property=\"og:url\" content=\"https:\/\/ses-creative.com\/fr\/produit\/japprends-a-decouper-mega-kit\/\" \/>\n<meta property=\"og:site_name\" content=\"SES Creative\" \/>\n<meta property=\"article:modified_time\" content=\"2026-02-12T10:23:05+00:00\" \/>\n<meta name=\"twitter:card\" content=\"summary_large_image\" \/>\n<meta name=\"twitter:label1\" content=\"Dur\u00e9e de lecture estim\u00e9e\" \/>\n\t<meta name=\"twitter:data1\" content=\"1 minute\" \/>\n<script type=\"application\/ld+json\" class=\"yoast-schema-graph\">{\"@context\":\"https:\/\/schema.org\",\"@graph\":[{\"@type\":\"WebPage\",\"@id\":\"https:\/\/ses-creative.com\/fr\/produit\/japprends-a-decouper-mega-kit\/\",\"url\":\"https:\/\/ses-creative.com\/fr\/produit\/japprends-a-decouper-mega-kit\/\",\"name\":\"J'apprends \u00e0 d\u00e9couper - M\u00e9ga kit - SES Creative\",\"isPartOf\":{\"@id\":\"https:\/\/ses-creative.com\/#website\"},\"primaryImageOfPage\":{\"@id\":\"https:\/\/ses-creative.com\/fr\/produit\/japprends-a-decouper-mega-kit\/#primaryimage\"},\"image\":{\"@id\":\"https:\/\/ses-creative.com\/fr\/produit\/japprends-a-decouper-mega-kit\/#primaryimage\"},\"thumbnailUrl\":\"https:\/\/ses-creative.com\/wp-content\/uploads\/2026\/01\/146171.jpg\",\"datePublished\":\"2026-02-12T10:09:36+00:00\",\"dateModified\":\"2026-02-12T10:23:05+00:00\",\"breadcrumb\":{\"@id\":\"https:\/\/ses-creative.com\/fr\/produit\/japprends-a-decouper-mega-kit\/#breadcrumb\"},\"inLanguage\":\"fr-FR\",\"potentialAction\":[{\"@type\":\"ReadAction\",\"target\":[\"https:\/\/ses-creative.com\/fr\/produit\/japprends-a-decouper-mega-kit\/\"]}]},{\"@type\":\"ImageObject\",\"inLanguage\":\"fr-FR\",\"@id\":\"https:\/\/ses-creative.com\/fr\/produit\/japprends-a-decouper-mega-kit\/#primaryimage\",\"url\":\"https:\/\/ses-creative.com\/wp-content\/uploads\/2026\/01\/146171.jpg\",\"contentUrl\":\"https:\/\/ses-creative.com\/wp-content\/uploads\/2026\/01\/146171.jpg\",\"width\":1000,\"height\":1000},{\"@type\":\"BreadcrumbList\",\"@id\":\"https:\/\/ses-creative.com\/fr\/produit\/japprends-a-decouper-mega-kit\/#breadcrumb\",\"itemListElement\":[{\"@type\":\"ListItem\",\"position\":1,\"name\":\"Boutique\",\"item\":\"https:\/\/ses-creative.com\/fr\/boutique\/\"},{\"@type\":\"ListItem\",\"position\":2,\"name\":\"Loisirs cr\u00e9atifs\",\"item\":\"https:\/\/ses-creative.com\/fr\/product-categorie\/loisirs-creatifs\/\"},{\"@type\":\"ListItem\",\"position\":3,\"name\":\"J&#8217;apprends \u00e0 d\u00e9couper &#8211; M\u00e9ga kit\"}]},{\"@type\":\"WebSite\",\"@id\":\"https:\/\/ses-creative.com\/#website\",\"url\":\"https:\/\/ses-creative.com\/\",\"name\":\"SES Creative\",\"description\":\"\",\"publisher\":{\"@id\":\"https:\/\/ses-creative.com\/#organization\"},\"potentialAction\":[{\"@type\":\"SearchAction\",\"target\":{\"@type\":\"EntryPoint\",\"urlTemplate\":\"https:\/\/ses-creative.com\/?s={search_term_string}\"},\"query-input\":{\"@type\":\"PropertyValueSpecification\",\"valueRequired\":true,\"valueName\":\"search_term_string\"}}],\"inLanguage\":\"fr-FR\"},{\"@type\":\"Organization\",\"@id\":\"https:\/\/ses-creative.com\/#organization\",\"name\":\"SES Creative\",\"url\":\"https:\/\/ses-creative.com\/\",\"logo\":{\"@type\":\"ImageObject\",\"inLanguage\":\"fr-FR\",\"@id\":\"https:\/\/ses-creative.com\/#\/schema\/logo\/image\/\",\"url\":\"https:\/\/ses-creative.com\/wp-content\/uploads\/2025\/10\/ses-creative-logo.jpg\",\"contentUrl\":\"https:\/\/ses-creative.com\/wp-content\/uploads\/2025\/10\/ses-creative-logo.jpg\",\"width\":2037,\"height\":2037,\"caption\":\"SES Creative\"},\"image\":{\"@id\":\"https:\/\/ses-creative.com\/#\/schema\/logo\/image\/\"}}]}<\/script>\n<!-- \/ Yoast SEO plugin. -->","yoast_head_json":{"title":"J'apprends \u00e0 d\u00e9couper - M\u00e9ga kit - SES Creative","robots":{"index":"index","follow":"follow","max-snippet":"max-snippet:-1","max-image-preview":"max-image-preview:large","max-video-preview":"max-video-preview:-1"},"canonical":"https:\/\/ses-creative.com\/fr\/produit\/japprends-a-decouper-mega-kit\/","og_locale":"fr_FR","og_type":"article","og_title":"J'apprends \u00e0 d\u00e9couper - M\u00e9ga kit - SES Creative","og_description":"\u200bLe SES Creative 14617 \u2013 M\u00e9ga Kit J\u2019apprends \u00e0 d\u00e9couper est un coffret \u00e9ducatif con\u00e7u pour initier les jeunes enfants, d\u00e8s l\u2019\u00e2ge de 3 ans, \u00e0 l\u2019art du d\u00e9coupage en toute s\u00e9curit\u00e9. Ce kit complet comprend 48 feuilles pr\u00e9-imprim\u00e9es aux motifs color\u00e9s et vari\u00e9s, offrant une progression adapt\u00e9e pour d\u00e9velopper la dext\u00e9rit\u00e9 et la coordination [&hellip;]","og_url":"https:\/\/ses-creative.com\/fr\/produit\/japprends-a-decouper-mega-kit\/","og_site_name":"SES Creative","article_modified_time":"2026-02-12T10:23:05+00:00","twitter_card":"summary_large_image","twitter_misc":{"Dur\u00e9e de lecture estim\u00e9e":"1 minute"},"schema":{"@context":"https:\/\/schema.org","@graph":[{"@type":"WebPage","@id":"https:\/\/ses-creative.com\/fr\/produit\/japprends-a-decouper-mega-kit\/","url":"https:\/\/ses-creative.com\/fr\/produit\/japprends-a-decouper-mega-kit\/","name":"J'apprends \u00e0 d\u00e9couper - M\u00e9ga kit - SES Creative","isPartOf":{"@id":"https:\/\/ses-creative.com\/#website"},"primaryImageOfPage":{"@id":"https:\/\/ses-creative.com\/fr\/produit\/japprends-a-decouper-mega-kit\/#primaryimage"},"image":{"@id":"https:\/\/ses-creative.com\/fr\/produit\/japprends-a-decouper-mega-kit\/#primaryimage"},"thumbnailUrl":"https:\/\/ses-creative.com\/wp-content\/uploads\/2026\/01\/146171.jpg","datePublished":"2026-02-12T10:09:36+00:00","dateModified":"2026-02-12T10:23:05+00:00","breadcrumb":{"@id":"https:\/\/ses-creative.com\/fr\/produit\/japprends-a-decouper-mega-kit\/#breadcrumb"},"inLanguage":"fr-FR","potentialAction":[{"@type":"ReadAction","target":["https:\/\/ses-creative.com\/fr\/produit\/japprends-a-decouper-mega-kit\/"]}]},{"@type":"ImageObject","inLanguage":"fr-FR","@id":"https:\/\/ses-creative.com\/fr\/produit\/japprends-a-decouper-mega-kit\/#primaryimage","url":"https:\/\/ses-creative.com\/wp-content\/uploads\/2026\/01\/146171.jpg","contentUrl":"https:\/\/ses-creative.com\/wp-content\/uploads\/2026\/01\/146171.jpg","width":1000,"height":1000},{"@type":"BreadcrumbList","@id":"https:\/\/ses-creative.com\/fr\/produit\/japprends-a-decouper-mega-kit\/#breadcrumb","itemListElement":[{"@type":"ListItem","position":1,"name":"Boutique","item":"https:\/\/ses-creative.com\/fr\/boutique\/"},{"@type":"ListItem","position":2,"name":"Loisirs cr\u00e9atifs","item":"https:\/\/ses-creative.com\/fr\/product-categorie\/loisirs-creatifs\/"},{"@type":"ListItem","position":3,"name":"J&#8217;apprends \u00e0 d\u00e9couper &#8211; M\u00e9ga kit"}]},{"@type":"WebSite","@id":"https:\/\/ses-creative.com\/#website","url":"https:\/\/ses-creative.com\/","name":"SES Creative","description":"","publisher":{"@id":"https:\/\/ses-creative.com\/#organization"},"potentialAction":[{"@type":"SearchAction","target":{"@type":"EntryPoint","urlTemplate":"https:\/\/ses-creative.com\/?s={search_term_string}"},"query-input":{"@type":"PropertyValueSpecification","valueRequired":true,"valueName":"search_term_string"}}],"inLanguage":"fr-FR"},{"@type":"Organization","@id":"https:\/\/ses-creative.com\/#organization","name":"SES Creative","url":"https:\/\/ses-creative.com\/","logo":{"@type":"ImageObject","inLanguage":"fr-FR","@id":"https:\/\/ses-creative.com\/#\/schema\/logo\/image\/","url":"https:\/\/ses-creative.com\/wp-content\/uploads\/2025\/10\/ses-creative-logo.jpg","contentUrl":"https:\/\/ses-creative.com\/wp-content\/uploads\/2025\/10\/ses-creative-logo.jpg","width":2037,"height":2037,"caption":"SES Creative"},"image":{"@id":"https:\/\/ses-creative.com\/#\/schema\/logo\/image\/"}}]}},"_links":{"self":[{"href":"https:\/\/ses-creative.com\/fr\/wp-json\/wp\/v2\/product\/118382","targetHints":{"allow":["GET"]}}],"collection":[{"href":"https:\/\/ses-creative.com\/fr\/wp-json\/wp\/v2\/product"}],"about":[{"href":"https:\/\/ses-creative.com\/fr\/wp-json\/wp\/v2\/types\/product"}],"replies":[{"embeddable":true,"href":"https:\/\/ses-creative.com\/fr\/wp-json\/wp\/v2\/comments?post=118382"}],"wp:featuredmedia":[{"embeddable":true,"href":"https:\/\/ses-creative.com\/fr\/wp-json\/wp\/v2\/media\/103796"}],"wp:attachment":[{"href":"https:\/\/ses-creative.com\/fr\/wp-json\/wp\/v2\/media?parent=118382"}],"wp:term":[{"taxonomy":"product_brand","embeddable":true,"href":"https:\/\/ses-creative.com\/fr\/wp-json\/wp\/v2\/product_brand?post=118382"},{"taxonomy":"product_cat","embeddable":true,"href":"https:\/\/ses-creative.com\/fr\/wp-json\/wp\/v2\/product_cat?post=118382"},{"taxonomy":"product_tag","embeddable":true,"href":"https:\/\/ses-creative.com\/fr\/wp-json\/wp\/v2\/product_tag?post=118382"}],"curies":[{"name":"wp","href":"https:\/\/api.w.org\/{rel}","templated":true}]}}