











{"id":118379,"date":"2026-02-12T10:09:35","date_gmt":"2026-02-12T10:09:35","guid":{"rendered":"https:\/\/ses-creative.com\/?post_type=product&#038;p=118379"},"modified":"2026-02-12T10:23:05","modified_gmt":"2026-02-12T10:23:05","slug":"marqueur-a-point-cartes-dactivites","status":"publish","type":"product","link":"https:\/\/ses-creative.com\/fr\/produit\/marqueur-a-point-cartes-dactivites\/","title":{"rendered":"Marqueur \u00e0 point &#8211; Cartes d&rsquo;activit\u00e9s"},"content":{"rendered":"<p>Cr\u00e9ez des \u0153uvres d&rsquo;art joyeuses et color\u00e9es avec les marqueurs \u00e0 pois SES Creative ! Gr\u00e2ce aux 3 marqueurs \u00e0 pois extra larges et aux 6 coloriages, les enfants s&rsquo;amusent sans fin. Id\u00e9al pour les petites mains et enti\u00e8rement lavable pour un jeu cr\u00e9atif sans souci.<\/p>\n<p>Ce qui rend ce kit g\u00e9nial<\/p>\n<p> 3 feutres \u00e0 pois XXL en jaune vif, orange et bleu pour des pois grands et nets<\/p>\n<p> Format parfait pour les petites mains : facile \u00e0 tenir et \u00e0 utiliser<\/p>\n<p> Stimule la cr\u00e9ativit\u00e9, la motricit\u00e9 fine et la reconnaissance des motifs<\/p>\n<p> Encre lavable pour jouer sans souci et sans faire de taches<\/p>\n<p> 6 coloriages joyeux \u00e0 remplir de points ou \u00e0 colorier de mani\u00e8re cr\u00e9ative<\/p>\n<p>Coloriez, peignez, montrez !<\/p>\n<p>Avec ce set, les enfants cr\u00e9ent des \u0153uvres d&rsquo;art color\u00e9es en un clin d&rsquo;\u0153il. Ils peuvent remplir les coloriages avec des motifs ou exp\u00e9rimenter librement \u2014 les deux m\u00e9thodes donnent des r\u00e9sultats imm\u00e9diats et procurent un sentiment de fiert\u00e9. Id\u00e9al pour jouer seul, passer des apr\u00e8s-midis cr\u00e9atifs ou bricoler ensemble.<\/p>\n<p>Contenu du kit<\/p>\n<p>3 feutres \u00e0 pois XXL : jaune, orange, bleu<\/p>\n<p>6 coloriages aux motifs joyeux<\/p>\n<p>Pourquoi choisir SES Creative ?<\/p>\n<p>Chez SES Creative, nous d\u00e9veloppons des jouets qui aident les enfants \u00e0 grandir. Nos produits stimulent la cr\u00e9ativit\u00e9, la confiance en soi et le d\u00e9veloppement, tout en \u00e9tant toujours s\u00fbrs, responsables et amusants. Depuis plus de 50 ans, nous fabriquons des jouets durables, con\u00e7us et produits avec fiert\u00e9 aux Pays-Bas.<\/p>\n<p>C&rsquo;est parti !<\/p>\n<p>Commandez d\u00e8s maintenant les marqueurs SES Creative Dot Markers avec 6 coloriages et laissez les enfants cr\u00e9er leur propre monde plein de points et de couleurs !<\/p>\n","protected":false},"excerpt":{"rendered":"<p>Cr\u00e9ez des \u0153uvres d&rsquo;art joyeuses et color\u00e9es avec les marqueurs \u00e0 pois SES Creative ! Gr\u00e2ce aux 3 marqueurs \u00e0 pois extra larges et aux 6 coloriages, les enfants s&rsquo;amusent sans fin. Id\u00e9al pour les petites mains et enti\u00e8rement lavable pour un jeu cr\u00e9atif sans souci. Ce qui rend ce kit g\u00e9nial 3 feutres \u00e0 [&hellip;]<\/p>\n","protected":false},"featured_media":103736,"comment_status":"closed","ping_status":"closed","template":"","meta":{"_acf_changed":false},"product_brand":[],"product_cat":[122],"product_tag":[],"class_list":{"0":"post-118379","1":"product","2":"type-product","3":"status-publish","4":"has-post-thumbnail","6":"product_cat-loisirs-creatifs","7":"pa_leeftijd-filter-3-4-ans","8":"pa_meest-populair-bij-garcons-filles","10":"first","11":"instock","12":"shipping-taxable","13":"product-type-simple"},"acf":[],"yoast_head":"<!-- This site is optimized with the Yoast SEO plugin v27.2 - https:\/\/yoast.com\/product\/yoast-seo-wordpress\/ -->\n<title>Marqueur \u00e0 point - Cartes d&#039;activit\u00e9s - SES Creative<\/title>\n<meta name=\"robots\" content=\"index, follow, max-snippet:-1, max-image-preview:large, max-video-preview:-1\" \/>\n<link rel=\"canonical\" href=\"https:\/\/ses-creative.com\/fr\/produit\/marqueur-a-point-cartes-dactivites\/\" \/>\n<meta property=\"og:locale\" content=\"fr_FR\" \/>\n<meta property=\"og:type\" content=\"article\" \/>\n<meta property=\"og:title\" content=\"Marqueur \u00e0 point - Cartes d&#039;activit\u00e9s - SES Creative\" \/>\n<meta property=\"og:description\" content=\"Cr\u00e9ez des \u0153uvres d&rsquo;art joyeuses et color\u00e9es avec les marqueurs \u00e0 pois SES Creative ! Gr\u00e2ce aux 3 marqueurs \u00e0 pois extra larges et aux 6 coloriages, les enfants s&rsquo;amusent sans fin. Id\u00e9al pour les petites mains et enti\u00e8rement lavable pour un jeu cr\u00e9atif sans souci. Ce qui rend ce kit g\u00e9nial 3 feutres \u00e0 [&hellip;]\" \/>\n<meta property=\"og:url\" content=\"https:\/\/ses-creative.com\/fr\/produit\/marqueur-a-point-cartes-dactivites\/\" \/>\n<meta property=\"og:site_name\" content=\"SES Creative\" \/>\n<meta property=\"article:modified_time\" content=\"2026-02-12T10:23:05+00:00\" \/>\n<meta name=\"twitter:card\" content=\"summary_large_image\" \/>\n<meta name=\"twitter:label1\" content=\"Dur\u00e9e de lecture estim\u00e9e\" \/>\n\t<meta name=\"twitter:data1\" content=\"1 minute\" \/>\n<script type=\"application\/ld+json\" class=\"yoast-schema-graph\">{\"@context\":\"https:\/\/schema.org\",\"@graph\":[{\"@type\":\"WebPage\",\"@id\":\"https:\/\/ses-creative.com\/fr\/produit\/marqueur-a-point-cartes-dactivites\/\",\"url\":\"https:\/\/ses-creative.com\/fr\/produit\/marqueur-a-point-cartes-dactivites\/\",\"name\":\"Marqueur \u00e0 point - Cartes d'activit\u00e9s - SES Creative\",\"isPartOf\":{\"@id\":\"https:\/\/ses-creative.com\/#website\"},\"primaryImageOfPage\":{\"@id\":\"https:\/\/ses-creative.com\/fr\/produit\/marqueur-a-point-cartes-dactivites\/#primaryimage\"},\"image\":{\"@id\":\"https:\/\/ses-creative.com\/fr\/produit\/marqueur-a-point-cartes-dactivites\/#primaryimage\"},\"thumbnailUrl\":\"https:\/\/ses-creative.com\/wp-content\/uploads\/2026\/01\/146021.jpg\",\"datePublished\":\"2026-02-12T10:09:35+00:00\",\"dateModified\":\"2026-02-12T10:23:05+00:00\",\"breadcrumb\":{\"@id\":\"https:\/\/ses-creative.com\/fr\/produit\/marqueur-a-point-cartes-dactivites\/#breadcrumb\"},\"inLanguage\":\"fr-FR\",\"potentialAction\":[{\"@type\":\"ReadAction\",\"target\":[\"https:\/\/ses-creative.com\/fr\/produit\/marqueur-a-point-cartes-dactivites\/\"]}]},{\"@type\":\"ImageObject\",\"inLanguage\":\"fr-FR\",\"@id\":\"https:\/\/ses-creative.com\/fr\/produit\/marqueur-a-point-cartes-dactivites\/#primaryimage\",\"url\":\"https:\/\/ses-creative.com\/wp-content\/uploads\/2026\/01\/146021.jpg\",\"contentUrl\":\"https:\/\/ses-creative.com\/wp-content\/uploads\/2026\/01\/146021.jpg\",\"width\":1000,\"height\":1000},{\"@type\":\"BreadcrumbList\",\"@id\":\"https:\/\/ses-creative.com\/fr\/produit\/marqueur-a-point-cartes-dactivites\/#breadcrumb\",\"itemListElement\":[{\"@type\":\"ListItem\",\"position\":1,\"name\":\"Boutique\",\"item\":\"https:\/\/ses-creative.com\/fr\/boutique\/\"},{\"@type\":\"ListItem\",\"position\":2,\"name\":\"Loisirs cr\u00e9atifs\",\"item\":\"https:\/\/ses-creative.com\/fr\/product-categorie\/loisirs-creatifs\/\"},{\"@type\":\"ListItem\",\"position\":3,\"name\":\"Marqueur \u00e0 point &#8211; Cartes d&#8217;activit\u00e9s\"}]},{\"@type\":\"WebSite\",\"@id\":\"https:\/\/ses-creative.com\/#website\",\"url\":\"https:\/\/ses-creative.com\/\",\"name\":\"SES Creative\",\"description\":\"\",\"publisher\":{\"@id\":\"https:\/\/ses-creative.com\/#organization\"},\"potentialAction\":[{\"@type\":\"SearchAction\",\"target\":{\"@type\":\"EntryPoint\",\"urlTemplate\":\"https:\/\/ses-creative.com\/?s={search_term_string}\"},\"query-input\":{\"@type\":\"PropertyValueSpecification\",\"valueRequired\":true,\"valueName\":\"search_term_string\"}}],\"inLanguage\":\"fr-FR\"},{\"@type\":\"Organization\",\"@id\":\"https:\/\/ses-creative.com\/#organization\",\"name\":\"SES Creative\",\"url\":\"https:\/\/ses-creative.com\/\",\"logo\":{\"@type\":\"ImageObject\",\"inLanguage\":\"fr-FR\",\"@id\":\"https:\/\/ses-creative.com\/#\/schema\/logo\/image\/\",\"url\":\"https:\/\/ses-creative.com\/wp-content\/uploads\/2025\/10\/ses-creative-logo.jpg\",\"contentUrl\":\"https:\/\/ses-creative.com\/wp-content\/uploads\/2025\/10\/ses-creative-logo.jpg\",\"width\":2037,\"height\":2037,\"caption\":\"SES Creative\"},\"image\":{\"@id\":\"https:\/\/ses-creative.com\/#\/schema\/logo\/image\/\"}}]}<\/script>\n<!-- \/ Yoast SEO plugin. -->","yoast_head_json":{"title":"Marqueur \u00e0 point - Cartes d'activit\u00e9s - SES Creative","robots":{"index":"index","follow":"follow","max-snippet":"max-snippet:-1","max-image-preview":"max-image-preview:large","max-video-preview":"max-video-preview:-1"},"canonical":"https:\/\/ses-creative.com\/fr\/produit\/marqueur-a-point-cartes-dactivites\/","og_locale":"fr_FR","og_type":"article","og_title":"Marqueur \u00e0 point - Cartes d'activit\u00e9s - SES Creative","og_description":"Cr\u00e9ez des \u0153uvres d&rsquo;art joyeuses et color\u00e9es avec les marqueurs \u00e0 pois SES Creative ! Gr\u00e2ce aux 3 marqueurs \u00e0 pois extra larges et aux 6 coloriages, les enfants s&rsquo;amusent sans fin. Id\u00e9al pour les petites mains et enti\u00e8rement lavable pour un jeu cr\u00e9atif sans souci. Ce qui rend ce kit g\u00e9nial 3 feutres \u00e0 [&hellip;]","og_url":"https:\/\/ses-creative.com\/fr\/produit\/marqueur-a-point-cartes-dactivites\/","og_site_name":"SES Creative","article_modified_time":"2026-02-12T10:23:05+00:00","twitter_card":"summary_large_image","twitter_misc":{"Dur\u00e9e de lecture estim\u00e9e":"1 minute"},"schema":{"@context":"https:\/\/schema.org","@graph":[{"@type":"WebPage","@id":"https:\/\/ses-creative.com\/fr\/produit\/marqueur-a-point-cartes-dactivites\/","url":"https:\/\/ses-creative.com\/fr\/produit\/marqueur-a-point-cartes-dactivites\/","name":"Marqueur \u00e0 point - Cartes d'activit\u00e9s - SES Creative","isPartOf":{"@id":"https:\/\/ses-creative.com\/#website"},"primaryImageOfPage":{"@id":"https:\/\/ses-creative.com\/fr\/produit\/marqueur-a-point-cartes-dactivites\/#primaryimage"},"image":{"@id":"https:\/\/ses-creative.com\/fr\/produit\/marqueur-a-point-cartes-dactivites\/#primaryimage"},"thumbnailUrl":"https:\/\/ses-creative.com\/wp-content\/uploads\/2026\/01\/146021.jpg","datePublished":"2026-02-12T10:09:35+00:00","dateModified":"2026-02-12T10:23:05+00:00","breadcrumb":{"@id":"https:\/\/ses-creative.com\/fr\/produit\/marqueur-a-point-cartes-dactivites\/#breadcrumb"},"inLanguage":"fr-FR","potentialAction":[{"@type":"ReadAction","target":["https:\/\/ses-creative.com\/fr\/produit\/marqueur-a-point-cartes-dactivites\/"]}]},{"@type":"ImageObject","inLanguage":"fr-FR","@id":"https:\/\/ses-creative.com\/fr\/produit\/marqueur-a-point-cartes-dactivites\/#primaryimage","url":"https:\/\/ses-creative.com\/wp-content\/uploads\/2026\/01\/146021.jpg","contentUrl":"https:\/\/ses-creative.com\/wp-content\/uploads\/2026\/01\/146021.jpg","width":1000,"height":1000},{"@type":"BreadcrumbList","@id":"https:\/\/ses-creative.com\/fr\/produit\/marqueur-a-point-cartes-dactivites\/#breadcrumb","itemListElement":[{"@type":"ListItem","position":1,"name":"Boutique","item":"https:\/\/ses-creative.com\/fr\/boutique\/"},{"@type":"ListItem","position":2,"name":"Loisirs cr\u00e9atifs","item":"https:\/\/ses-creative.com\/fr\/product-categorie\/loisirs-creatifs\/"},{"@type":"ListItem","position":3,"name":"Marqueur \u00e0 point &#8211; Cartes d&#8217;activit\u00e9s"}]},{"@type":"WebSite","@id":"https:\/\/ses-creative.com\/#website","url":"https:\/\/ses-creative.com\/","name":"SES Creative","description":"","publisher":{"@id":"https:\/\/ses-creative.com\/#organization"},"potentialAction":[{"@type":"SearchAction","target":{"@type":"EntryPoint","urlTemplate":"https:\/\/ses-creative.com\/?s={search_term_string}"},"query-input":{"@type":"PropertyValueSpecification","valueRequired":true,"valueName":"search_term_string"}}],"inLanguage":"fr-FR"},{"@type":"Organization","@id":"https:\/\/ses-creative.com\/#organization","name":"SES Creative","url":"https:\/\/ses-creative.com\/","logo":{"@type":"ImageObject","inLanguage":"fr-FR","@id":"https:\/\/ses-creative.com\/#\/schema\/logo\/image\/","url":"https:\/\/ses-creative.com\/wp-content\/uploads\/2025\/10\/ses-creative-logo.jpg","contentUrl":"https:\/\/ses-creative.com\/wp-content\/uploads\/2025\/10\/ses-creative-logo.jpg","width":2037,"height":2037,"caption":"SES Creative"},"image":{"@id":"https:\/\/ses-creative.com\/#\/schema\/logo\/image\/"}}]}},"_links":{"self":[{"href":"https:\/\/ses-creative.com\/fr\/wp-json\/wp\/v2\/product\/118379","targetHints":{"allow":["GET"]}}],"collection":[{"href":"https:\/\/ses-creative.com\/fr\/wp-json\/wp\/v2\/product"}],"about":[{"href":"https:\/\/ses-creative.com\/fr\/wp-json\/wp\/v2\/types\/product"}],"replies":[{"embeddable":true,"href":"https:\/\/ses-creative.com\/fr\/wp-json\/wp\/v2\/comments?post=118379"}],"wp:featuredmedia":[{"embeddable":true,"href":"https:\/\/ses-creative.com\/fr\/wp-json\/wp\/v2\/media\/103736"}],"wp:attachment":[{"href":"https:\/\/ses-creative.com\/fr\/wp-json\/wp\/v2\/media?parent=118379"}],"wp:term":[{"taxonomy":"product_brand","embeddable":true,"href":"https:\/\/ses-creative.com\/fr\/wp-json\/wp\/v2\/product_brand?post=118379"},{"taxonomy":"product_cat","embeddable":true,"href":"https:\/\/ses-creative.com\/fr\/wp-json\/wp\/v2\/product_cat?post=118379"},{"taxonomy":"product_tag","embeddable":true,"href":"https:\/\/ses-creative.com\/fr\/wp-json\/wp\/v2\/product_tag?post=118379"}],"curies":[{"name":"wp","href":"https:\/\/api.w.org\/{rel}","templated":true}]}}