











{"id":118378,"date":"2026-02-12T10:09:35","date_gmt":"2026-02-12T10:09:35","guid":{"rendered":"https:\/\/ses-creative.com\/?post_type=product&#038;p=118378"},"modified":"2026-02-12T10:23:05","modified_gmt":"2026-02-12T10:23:05","slug":"marqueur-a-point-4-couleurs-xxl","status":"publish","type":"product","link":"https:\/\/ses-creative.com\/fr\/produit\/marqueur-a-point-4-couleurs-xxl\/","title":{"rendered":"Marqueur \u00e0 point &#8211; 4 couleurs XXL"},"content":{"rendered":"<p>Cr\u00e9ez de grandes \u0153uvres d&rsquo;art avec les Dot Markers XXL ! Les feutres extra-\u00e9pais tiennent bien dans les petites mains et permettent de faire des points parfaits, id\u00e9aux pour les motifs, les lettres et les \u0153uvres d&rsquo;art joyeuses.<\/p>\n<p>Ce qui rend ce set g\u00e9nial<br \/>\n 4 feutres \u00e0 pois XXL : de gros pois nets en un seul mouvement<\/p>\n<p> Prise en main facile : sp\u00e9cialement con\u00e7u pour les petites mains<\/p>\n<p> Encre lavable : pour cr\u00e9er en toute s\u00e9r\u00e9nit\u00e9<\/p>\n<p> Stimule la cr\u00e9ativit\u00e9, la motricit\u00e9 fine et le contr\u00f4le<\/p>\n<p> R\u00e9sultat imm\u00e9diat : motive \u00e0 exp\u00e9rimenter et \u00e0 r\u00e9p\u00e9ter<\/p>\n<p>Tachez, jouez, brillez<br \/>\nDes pois joyeux aux motifs ludiques : les enfants voient imm\u00e9diatement le r\u00e9sultat et restent ainsi concentr\u00e9s et enthousiastes plus longtemps.<\/p>\n<p>Contenu du set<br \/>\n4 marqueurs \u00e0 pois XXL : jaune, orange, bleu, vert<\/p>\n<p>Pourquoi choisir SES Creative<br \/>\nChez SES Creative, nous d\u00e9veloppons des jouets qui aident les enfants \u00e0 grandir. Nos produits stimulent la cr\u00e9ativit\u00e9, la confiance en soi et le d\u00e9veloppement, tout en \u00e9tant toujours s\u00fbrs, responsables et amusants. Depuis plus de 50 ans, nous fabriquons des jouets durables, con\u00e7us et produits avec fiert\u00e9 aux Pays-Bas.<\/p>\n<p>C&rsquo;est parti !<br \/>\nCommandez d\u00e8s maintenant les Dot Markers XXL et donnez \u00e0 chaque dessin un coup de pouce ludique !<\/p>\n","protected":false},"excerpt":{"rendered":"<p>Cr\u00e9ez de grandes \u0153uvres d&rsquo;art avec les Dot Markers XXL ! Les feutres extra-\u00e9pais tiennent bien dans les petites mains et permettent de faire des points parfaits, id\u00e9aux pour les motifs, les lettres et les \u0153uvres d&rsquo;art joyeuses. Ce qui rend ce set g\u00e9nial 4 feutres \u00e0 pois XXL : de gros pois nets en [&hellip;]<\/p>\n","protected":false},"featured_media":103716,"comment_status":"closed","ping_status":"closed","template":"","meta":{"_acf_changed":false},"product_brand":[],"product_cat":[122],"product_tag":[],"class_list":{"0":"post-118378","1":"product","2":"type-product","3":"status-publish","4":"has-post-thumbnail","6":"product_cat-loisirs-creatifs","7":"pa_leeftijd-filter-3-4-ans","8":"pa_meest-populair-bij-garcons-filles","10":"first","11":"instock","12":"shipping-taxable","13":"product-type-simple"},"acf":[],"yoast_head":"<!-- This site is optimized with the Yoast SEO plugin v27.2 - https:\/\/yoast.com\/product\/yoast-seo-wordpress\/ -->\n<title>Marqueur \u00e0 point - 4 couleurs XXL - SES Creative<\/title>\n<meta name=\"robots\" content=\"index, follow, max-snippet:-1, max-image-preview:large, max-video-preview:-1\" \/>\n<link rel=\"canonical\" href=\"https:\/\/ses-creative.com\/fr\/produit\/marqueur-a-point-4-couleurs-xxl\/\" \/>\n<meta property=\"og:locale\" content=\"fr_FR\" \/>\n<meta property=\"og:type\" content=\"article\" \/>\n<meta property=\"og:title\" content=\"Marqueur \u00e0 point - 4 couleurs XXL - SES Creative\" \/>\n<meta property=\"og:description\" content=\"Cr\u00e9ez de grandes \u0153uvres d&rsquo;art avec les Dot Markers XXL ! Les feutres extra-\u00e9pais tiennent bien dans les petites mains et permettent de faire des points parfaits, id\u00e9aux pour les motifs, les lettres et les \u0153uvres d&rsquo;art joyeuses. Ce qui rend ce set g\u00e9nial 4 feutres \u00e0 pois XXL : de gros pois nets en [&hellip;]\" \/>\n<meta property=\"og:url\" content=\"https:\/\/ses-creative.com\/fr\/produit\/marqueur-a-point-4-couleurs-xxl\/\" \/>\n<meta property=\"og:site_name\" content=\"SES Creative\" \/>\n<meta property=\"article:modified_time\" content=\"2026-02-12T10:23:05+00:00\" \/>\n<meta name=\"twitter:card\" content=\"summary_large_image\" \/>\n<meta name=\"twitter:label1\" content=\"Dur\u00e9e de lecture estim\u00e9e\" \/>\n\t<meta name=\"twitter:data1\" content=\"1 minute\" \/>\n<script type=\"application\/ld+json\" class=\"yoast-schema-graph\">{\"@context\":\"https:\/\/schema.org\",\"@graph\":[{\"@type\":\"WebPage\",\"@id\":\"https:\/\/ses-creative.com\/fr\/produit\/marqueur-a-point-4-couleurs-xxl\/\",\"url\":\"https:\/\/ses-creative.com\/fr\/produit\/marqueur-a-point-4-couleurs-xxl\/\",\"name\":\"Marqueur \u00e0 point - 4 couleurs XXL - SES Creative\",\"isPartOf\":{\"@id\":\"https:\/\/ses-creative.com\/#website\"},\"primaryImageOfPage\":{\"@id\":\"https:\/\/ses-creative.com\/fr\/produit\/marqueur-a-point-4-couleurs-xxl\/#primaryimage\"},\"image\":{\"@id\":\"https:\/\/ses-creative.com\/fr\/produit\/marqueur-a-point-4-couleurs-xxl\/#primaryimage\"},\"thumbnailUrl\":\"https:\/\/ses-creative.com\/wp-content\/uploads\/2026\/01\/146001.jpg\",\"datePublished\":\"2026-02-12T10:09:35+00:00\",\"dateModified\":\"2026-02-12T10:23:05+00:00\",\"breadcrumb\":{\"@id\":\"https:\/\/ses-creative.com\/fr\/produit\/marqueur-a-point-4-couleurs-xxl\/#breadcrumb\"},\"inLanguage\":\"fr-FR\",\"potentialAction\":[{\"@type\":\"ReadAction\",\"target\":[\"https:\/\/ses-creative.com\/fr\/produit\/marqueur-a-point-4-couleurs-xxl\/\"]}]},{\"@type\":\"ImageObject\",\"inLanguage\":\"fr-FR\",\"@id\":\"https:\/\/ses-creative.com\/fr\/produit\/marqueur-a-point-4-couleurs-xxl\/#primaryimage\",\"url\":\"https:\/\/ses-creative.com\/wp-content\/uploads\/2026\/01\/146001.jpg\",\"contentUrl\":\"https:\/\/ses-creative.com\/wp-content\/uploads\/2026\/01\/146001.jpg\",\"width\":1000,\"height\":1000},{\"@type\":\"BreadcrumbList\",\"@id\":\"https:\/\/ses-creative.com\/fr\/produit\/marqueur-a-point-4-couleurs-xxl\/#breadcrumb\",\"itemListElement\":[{\"@type\":\"ListItem\",\"position\":1,\"name\":\"Boutique\",\"item\":\"https:\/\/ses-creative.com\/fr\/boutique\/\"},{\"@type\":\"ListItem\",\"position\":2,\"name\":\"Loisirs cr\u00e9atifs\",\"item\":\"https:\/\/ses-creative.com\/fr\/product-categorie\/loisirs-creatifs\/\"},{\"@type\":\"ListItem\",\"position\":3,\"name\":\"Marqueur \u00e0 point &#8211; 4 couleurs XXL\"}]},{\"@type\":\"WebSite\",\"@id\":\"https:\/\/ses-creative.com\/#website\",\"url\":\"https:\/\/ses-creative.com\/\",\"name\":\"SES Creative\",\"description\":\"\",\"publisher\":{\"@id\":\"https:\/\/ses-creative.com\/#organization\"},\"potentialAction\":[{\"@type\":\"SearchAction\",\"target\":{\"@type\":\"EntryPoint\",\"urlTemplate\":\"https:\/\/ses-creative.com\/?s={search_term_string}\"},\"query-input\":{\"@type\":\"PropertyValueSpecification\",\"valueRequired\":true,\"valueName\":\"search_term_string\"}}],\"inLanguage\":\"fr-FR\"},{\"@type\":\"Organization\",\"@id\":\"https:\/\/ses-creative.com\/#organization\",\"name\":\"SES Creative\",\"url\":\"https:\/\/ses-creative.com\/\",\"logo\":{\"@type\":\"ImageObject\",\"inLanguage\":\"fr-FR\",\"@id\":\"https:\/\/ses-creative.com\/#\/schema\/logo\/image\/\",\"url\":\"https:\/\/ses-creative.com\/wp-content\/uploads\/2025\/10\/ses-creative-logo.jpg\",\"contentUrl\":\"https:\/\/ses-creative.com\/wp-content\/uploads\/2025\/10\/ses-creative-logo.jpg\",\"width\":2037,\"height\":2037,\"caption\":\"SES Creative\"},\"image\":{\"@id\":\"https:\/\/ses-creative.com\/#\/schema\/logo\/image\/\"}}]}<\/script>\n<!-- \/ Yoast SEO plugin. -->","yoast_head_json":{"title":"Marqueur \u00e0 point - 4 couleurs XXL - SES Creative","robots":{"index":"index","follow":"follow","max-snippet":"max-snippet:-1","max-image-preview":"max-image-preview:large","max-video-preview":"max-video-preview:-1"},"canonical":"https:\/\/ses-creative.com\/fr\/produit\/marqueur-a-point-4-couleurs-xxl\/","og_locale":"fr_FR","og_type":"article","og_title":"Marqueur \u00e0 point - 4 couleurs XXL - SES Creative","og_description":"Cr\u00e9ez de grandes \u0153uvres d&rsquo;art avec les Dot Markers XXL ! Les feutres extra-\u00e9pais tiennent bien dans les petites mains et permettent de faire des points parfaits, id\u00e9aux pour les motifs, les lettres et les \u0153uvres d&rsquo;art joyeuses. Ce qui rend ce set g\u00e9nial 4 feutres \u00e0 pois XXL : de gros pois nets en [&hellip;]","og_url":"https:\/\/ses-creative.com\/fr\/produit\/marqueur-a-point-4-couleurs-xxl\/","og_site_name":"SES Creative","article_modified_time":"2026-02-12T10:23:05+00:00","twitter_card":"summary_large_image","twitter_misc":{"Dur\u00e9e de lecture estim\u00e9e":"1 minute"},"schema":{"@context":"https:\/\/schema.org","@graph":[{"@type":"WebPage","@id":"https:\/\/ses-creative.com\/fr\/produit\/marqueur-a-point-4-couleurs-xxl\/","url":"https:\/\/ses-creative.com\/fr\/produit\/marqueur-a-point-4-couleurs-xxl\/","name":"Marqueur \u00e0 point - 4 couleurs XXL - SES Creative","isPartOf":{"@id":"https:\/\/ses-creative.com\/#website"},"primaryImageOfPage":{"@id":"https:\/\/ses-creative.com\/fr\/produit\/marqueur-a-point-4-couleurs-xxl\/#primaryimage"},"image":{"@id":"https:\/\/ses-creative.com\/fr\/produit\/marqueur-a-point-4-couleurs-xxl\/#primaryimage"},"thumbnailUrl":"https:\/\/ses-creative.com\/wp-content\/uploads\/2026\/01\/146001.jpg","datePublished":"2026-02-12T10:09:35+00:00","dateModified":"2026-02-12T10:23:05+00:00","breadcrumb":{"@id":"https:\/\/ses-creative.com\/fr\/produit\/marqueur-a-point-4-couleurs-xxl\/#breadcrumb"},"inLanguage":"fr-FR","potentialAction":[{"@type":"ReadAction","target":["https:\/\/ses-creative.com\/fr\/produit\/marqueur-a-point-4-couleurs-xxl\/"]}]},{"@type":"ImageObject","inLanguage":"fr-FR","@id":"https:\/\/ses-creative.com\/fr\/produit\/marqueur-a-point-4-couleurs-xxl\/#primaryimage","url":"https:\/\/ses-creative.com\/wp-content\/uploads\/2026\/01\/146001.jpg","contentUrl":"https:\/\/ses-creative.com\/wp-content\/uploads\/2026\/01\/146001.jpg","width":1000,"height":1000},{"@type":"BreadcrumbList","@id":"https:\/\/ses-creative.com\/fr\/produit\/marqueur-a-point-4-couleurs-xxl\/#breadcrumb","itemListElement":[{"@type":"ListItem","position":1,"name":"Boutique","item":"https:\/\/ses-creative.com\/fr\/boutique\/"},{"@type":"ListItem","position":2,"name":"Loisirs cr\u00e9atifs","item":"https:\/\/ses-creative.com\/fr\/product-categorie\/loisirs-creatifs\/"},{"@type":"ListItem","position":3,"name":"Marqueur \u00e0 point &#8211; 4 couleurs XXL"}]},{"@type":"WebSite","@id":"https:\/\/ses-creative.com\/#website","url":"https:\/\/ses-creative.com\/","name":"SES Creative","description":"","publisher":{"@id":"https:\/\/ses-creative.com\/#organization"},"potentialAction":[{"@type":"SearchAction","target":{"@type":"EntryPoint","urlTemplate":"https:\/\/ses-creative.com\/?s={search_term_string}"},"query-input":{"@type":"PropertyValueSpecification","valueRequired":true,"valueName":"search_term_string"}}],"inLanguage":"fr-FR"},{"@type":"Organization","@id":"https:\/\/ses-creative.com\/#organization","name":"SES Creative","url":"https:\/\/ses-creative.com\/","logo":{"@type":"ImageObject","inLanguage":"fr-FR","@id":"https:\/\/ses-creative.com\/#\/schema\/logo\/image\/","url":"https:\/\/ses-creative.com\/wp-content\/uploads\/2025\/10\/ses-creative-logo.jpg","contentUrl":"https:\/\/ses-creative.com\/wp-content\/uploads\/2025\/10\/ses-creative-logo.jpg","width":2037,"height":2037,"caption":"SES Creative"},"image":{"@id":"https:\/\/ses-creative.com\/#\/schema\/logo\/image\/"}}]}},"_links":{"self":[{"href":"https:\/\/ses-creative.com\/fr\/wp-json\/wp\/v2\/product\/118378","targetHints":{"allow":["GET"]}}],"collection":[{"href":"https:\/\/ses-creative.com\/fr\/wp-json\/wp\/v2\/product"}],"about":[{"href":"https:\/\/ses-creative.com\/fr\/wp-json\/wp\/v2\/types\/product"}],"replies":[{"embeddable":true,"href":"https:\/\/ses-creative.com\/fr\/wp-json\/wp\/v2\/comments?post=118378"}],"wp:featuredmedia":[{"embeddable":true,"href":"https:\/\/ses-creative.com\/fr\/wp-json\/wp\/v2\/media\/103716"}],"wp:attachment":[{"href":"https:\/\/ses-creative.com\/fr\/wp-json\/wp\/v2\/media?parent=118378"}],"wp:term":[{"taxonomy":"product_brand","embeddable":true,"href":"https:\/\/ses-creative.com\/fr\/wp-json\/wp\/v2\/product_brand?post=118378"},{"taxonomy":"product_cat","embeddable":true,"href":"https:\/\/ses-creative.com\/fr\/wp-json\/wp\/v2\/product_cat?post=118378"},{"taxonomy":"product_tag","embeddable":true,"href":"https:\/\/ses-creative.com\/fr\/wp-json\/wp\/v2\/product_tag?post=118378"}],"curies":[{"name":"wp","href":"https:\/\/api.w.org\/{rel}","templated":true}]}}