











{"id":118377,"date":"2026-02-12T10:09:34","date_gmt":"2026-02-12T10:09:34","guid":{"rendered":"https:\/\/ses-creative.com\/?post_type=product&#038;p=118377"},"modified":"2026-02-12T10:23:04","modified_gmt":"2026-02-12T10:23:04","slug":"tablier-a-barbouiller","status":"publish","type":"product","link":"https:\/\/ses-creative.com\/fr\/produit\/tablier-a-barbouiller\/","title":{"rendered":"Tablier \u00e0 barbouiller"},"content":{"rendered":"<p>Prot\u00e9gez vos v\u00eatements pendant les activit\u00e9s manuelles gr\u00e2ce au tablier anti-taches !<br \/>\nBricoler, c&rsquo;est amusant ! Que vous peigniez, coloriiez ou colliez, ce tablier pratique permet de garder vos v\u00eatements propres et secs. Le tablier est fabriqu\u00e9 dans un mat\u00e9riau solide et imperm\u00e9able qui ne laisse passer ni la peinture ni la colle, vous pouvez donc vous amuser sans vous soucier des taches.<br \/>\nCe qui rend cet ensemble g\u00e9nial<br \/>\n&#8211;    Taille unique (3-8 ans)<br \/>\n&#8211;    Imperm\u00e9able et protecteur<br \/>\n&#8211;    Facile \u00e0 nettoyer<br \/>\n&#8211;    Parfait pour toutes les activit\u00e9s cr\u00e9atives<br \/>\n&#8211; Pas de salissures au niveau des manches, s&rsquo;ajuste bien aux poignets gr\u00e2ce \u00e0 la bande \u00e9lastique<br \/>\nLaissez libre cours \u00e0 votre cr\u00e9ativit\u00e9 avec le tablier anti-taches<br \/>\nAvec ce tablier anti-taches, les enfants peuvent laisser libre cours \u00e0 leur cr\u00e9ativit\u00e9 sans que les parents aient \u00e0 se soucier des taches sur les v\u00eatements. Id\u00e9al pour tous les projets de bricolage, petits et grands !<br \/>\nContenu de l&#8217;emballage :<br \/>\n&#8211; 1 tablier anti-taches ajustable pour les enfants de 3 \u00e0 8 ans<br \/>\nPourquoi choisir SES Creative ?<br \/>\nChez SES Creative, nous accordons une grande importance \u00e0 la s\u00e9curit\u00e9. C&rsquo;est pourquoi nos produits sont fabriqu\u00e9s et test\u00e9s dans notre usine aux Pays-Bas, conform\u00e9ment aux normes de s\u00e9curit\u00e9 europ\u00e9ennes les plus strictes. Les jouets SES Creative sont source de plaisir et permettent aux enfants d&rsquo;\u00eatre fiers de leur travail, ce qui stimule leur cr\u00e9ativit\u00e9 et leur d\u00e9veloppement.<br \/>\nCommandez le tablier de bricolage d\u00e8s aujourd&rsquo;hui !<br \/>\nDonnez \u00e0 vos enfants la libert\u00e9 de bricoler sans souci gr\u00e2ce au tablier anti-taches. Prot\u00e9gez leurs v\u00eatements et laissez-les profiter pleinement de leurs aventures cr\u00e9atives !<\/p>\n","protected":false},"excerpt":{"rendered":"<p>Prot\u00e9gez vos v\u00eatements pendant les activit\u00e9s manuelles gr\u00e2ce au tablier anti-taches ! Bricoler, c&rsquo;est amusant ! Que vous peigniez, coloriiez ou colliez, ce tablier pratique permet de garder vos v\u00eatements propres et secs. Le tablier est fabriqu\u00e9 dans un mat\u00e9riau solide et imperm\u00e9able qui ne laisse passer ni la peinture ni la colle, vous pouvez [&hellip;]<\/p>\n","protected":false},"featured_media":103696,"comment_status":"closed","ping_status":"closed","template":"","meta":{"_acf_changed":false},"product_brand":[],"product_cat":[122],"product_tag":[],"class_list":{"0":"post-118377","1":"product","2":"type-product","3":"status-publish","4":"has-post-thumbnail","6":"product_cat-loisirs-creatifs","7":"pa_leeftijd-filter-3-4-ans","8":"pa_meest-populair-bij-garcons-filles","10":"first","11":"instock","12":"shipping-taxable","13":"product-type-simple"},"acf":[],"yoast_head":"<!-- This site is optimized with the Yoast SEO plugin v27.2 - https:\/\/yoast.com\/product\/yoast-seo-wordpress\/ -->\n<title>Tablier \u00e0 barbouiller - SES Creative<\/title>\n<meta name=\"robots\" content=\"index, follow, max-snippet:-1, max-image-preview:large, max-video-preview:-1\" \/>\n<link rel=\"canonical\" href=\"https:\/\/ses-creative.com\/fr\/produit\/tablier-a-barbouiller\/\" \/>\n<meta property=\"og:locale\" content=\"fr_FR\" \/>\n<meta property=\"og:type\" content=\"article\" \/>\n<meta property=\"og:title\" content=\"Tablier \u00e0 barbouiller - SES Creative\" \/>\n<meta property=\"og:description\" content=\"Prot\u00e9gez vos v\u00eatements pendant les activit\u00e9s manuelles gr\u00e2ce au tablier anti-taches ! Bricoler, c&rsquo;est amusant ! Que vous peigniez, coloriiez ou colliez, ce tablier pratique permet de garder vos v\u00eatements propres et secs. Le tablier est fabriqu\u00e9 dans un mat\u00e9riau solide et imperm\u00e9able qui ne laisse passer ni la peinture ni la colle, vous pouvez [&hellip;]\" \/>\n<meta property=\"og:url\" content=\"https:\/\/ses-creative.com\/fr\/produit\/tablier-a-barbouiller\/\" \/>\n<meta property=\"og:site_name\" content=\"SES Creative\" \/>\n<meta property=\"article:modified_time\" content=\"2026-02-12T10:23:04+00:00\" \/>\n<meta name=\"twitter:card\" content=\"summary_large_image\" \/>\n<meta name=\"twitter:label1\" content=\"Dur\u00e9e de lecture estim\u00e9e\" \/>\n\t<meta name=\"twitter:data1\" content=\"1 minute\" \/>\n<script type=\"application\/ld+json\" class=\"yoast-schema-graph\">{\"@context\":\"https:\/\/schema.org\",\"@graph\":[{\"@type\":\"WebPage\",\"@id\":\"https:\/\/ses-creative.com\/fr\/produit\/tablier-a-barbouiller\/\",\"url\":\"https:\/\/ses-creative.com\/fr\/produit\/tablier-a-barbouiller\/\",\"name\":\"Tablier \u00e0 barbouiller - SES Creative\",\"isPartOf\":{\"@id\":\"https:\/\/ses-creative.com\/#website\"},\"primaryImageOfPage\":{\"@id\":\"https:\/\/ses-creative.com\/fr\/produit\/tablier-a-barbouiller\/#primaryimage\"},\"image\":{\"@id\":\"https:\/\/ses-creative.com\/fr\/produit\/tablier-a-barbouiller\/#primaryimage\"},\"thumbnailUrl\":\"https:\/\/ses-creative.com\/wp-content\/uploads\/2026\/01\/145711.jpg\",\"datePublished\":\"2026-02-12T10:09:34+00:00\",\"dateModified\":\"2026-02-12T10:23:04+00:00\",\"breadcrumb\":{\"@id\":\"https:\/\/ses-creative.com\/fr\/produit\/tablier-a-barbouiller\/#breadcrumb\"},\"inLanguage\":\"fr-FR\",\"potentialAction\":[{\"@type\":\"ReadAction\",\"target\":[\"https:\/\/ses-creative.com\/fr\/produit\/tablier-a-barbouiller\/\"]}]},{\"@type\":\"ImageObject\",\"inLanguage\":\"fr-FR\",\"@id\":\"https:\/\/ses-creative.com\/fr\/produit\/tablier-a-barbouiller\/#primaryimage\",\"url\":\"https:\/\/ses-creative.com\/wp-content\/uploads\/2026\/01\/145711.jpg\",\"contentUrl\":\"https:\/\/ses-creative.com\/wp-content\/uploads\/2026\/01\/145711.jpg\",\"width\":1000,\"height\":1000},{\"@type\":\"BreadcrumbList\",\"@id\":\"https:\/\/ses-creative.com\/fr\/produit\/tablier-a-barbouiller\/#breadcrumb\",\"itemListElement\":[{\"@type\":\"ListItem\",\"position\":1,\"name\":\"Boutique\",\"item\":\"https:\/\/ses-creative.com\/fr\/boutique\/\"},{\"@type\":\"ListItem\",\"position\":2,\"name\":\"Loisirs cr\u00e9atifs\",\"item\":\"https:\/\/ses-creative.com\/fr\/product-categorie\/loisirs-creatifs\/\"},{\"@type\":\"ListItem\",\"position\":3,\"name\":\"Tablier \u00e0 barbouiller\"}]},{\"@type\":\"WebSite\",\"@id\":\"https:\/\/ses-creative.com\/#website\",\"url\":\"https:\/\/ses-creative.com\/\",\"name\":\"SES Creative\",\"description\":\"\",\"publisher\":{\"@id\":\"https:\/\/ses-creative.com\/#organization\"},\"potentialAction\":[{\"@type\":\"SearchAction\",\"target\":{\"@type\":\"EntryPoint\",\"urlTemplate\":\"https:\/\/ses-creative.com\/?s={search_term_string}\"},\"query-input\":{\"@type\":\"PropertyValueSpecification\",\"valueRequired\":true,\"valueName\":\"search_term_string\"}}],\"inLanguage\":\"fr-FR\"},{\"@type\":\"Organization\",\"@id\":\"https:\/\/ses-creative.com\/#organization\",\"name\":\"SES Creative\",\"url\":\"https:\/\/ses-creative.com\/\",\"logo\":{\"@type\":\"ImageObject\",\"inLanguage\":\"fr-FR\",\"@id\":\"https:\/\/ses-creative.com\/#\/schema\/logo\/image\/\",\"url\":\"https:\/\/ses-creative.com\/wp-content\/uploads\/2025\/10\/ses-creative-logo.jpg\",\"contentUrl\":\"https:\/\/ses-creative.com\/wp-content\/uploads\/2025\/10\/ses-creative-logo.jpg\",\"width\":2037,\"height\":2037,\"caption\":\"SES Creative\"},\"image\":{\"@id\":\"https:\/\/ses-creative.com\/#\/schema\/logo\/image\/\"}}]}<\/script>\n<!-- \/ Yoast SEO plugin. -->","yoast_head_json":{"title":"Tablier \u00e0 barbouiller - SES Creative","robots":{"index":"index","follow":"follow","max-snippet":"max-snippet:-1","max-image-preview":"max-image-preview:large","max-video-preview":"max-video-preview:-1"},"canonical":"https:\/\/ses-creative.com\/fr\/produit\/tablier-a-barbouiller\/","og_locale":"fr_FR","og_type":"article","og_title":"Tablier \u00e0 barbouiller - SES Creative","og_description":"Prot\u00e9gez vos v\u00eatements pendant les activit\u00e9s manuelles gr\u00e2ce au tablier anti-taches ! Bricoler, c&rsquo;est amusant ! Que vous peigniez, coloriiez ou colliez, ce tablier pratique permet de garder vos v\u00eatements propres et secs. Le tablier est fabriqu\u00e9 dans un mat\u00e9riau solide et imperm\u00e9able qui ne laisse passer ni la peinture ni la colle, vous pouvez [&hellip;]","og_url":"https:\/\/ses-creative.com\/fr\/produit\/tablier-a-barbouiller\/","og_site_name":"SES Creative","article_modified_time":"2026-02-12T10:23:04+00:00","twitter_card":"summary_large_image","twitter_misc":{"Dur\u00e9e de lecture estim\u00e9e":"1 minute"},"schema":{"@context":"https:\/\/schema.org","@graph":[{"@type":"WebPage","@id":"https:\/\/ses-creative.com\/fr\/produit\/tablier-a-barbouiller\/","url":"https:\/\/ses-creative.com\/fr\/produit\/tablier-a-barbouiller\/","name":"Tablier \u00e0 barbouiller - SES Creative","isPartOf":{"@id":"https:\/\/ses-creative.com\/#website"},"primaryImageOfPage":{"@id":"https:\/\/ses-creative.com\/fr\/produit\/tablier-a-barbouiller\/#primaryimage"},"image":{"@id":"https:\/\/ses-creative.com\/fr\/produit\/tablier-a-barbouiller\/#primaryimage"},"thumbnailUrl":"https:\/\/ses-creative.com\/wp-content\/uploads\/2026\/01\/145711.jpg","datePublished":"2026-02-12T10:09:34+00:00","dateModified":"2026-02-12T10:23:04+00:00","breadcrumb":{"@id":"https:\/\/ses-creative.com\/fr\/produit\/tablier-a-barbouiller\/#breadcrumb"},"inLanguage":"fr-FR","potentialAction":[{"@type":"ReadAction","target":["https:\/\/ses-creative.com\/fr\/produit\/tablier-a-barbouiller\/"]}]},{"@type":"ImageObject","inLanguage":"fr-FR","@id":"https:\/\/ses-creative.com\/fr\/produit\/tablier-a-barbouiller\/#primaryimage","url":"https:\/\/ses-creative.com\/wp-content\/uploads\/2026\/01\/145711.jpg","contentUrl":"https:\/\/ses-creative.com\/wp-content\/uploads\/2026\/01\/145711.jpg","width":1000,"height":1000},{"@type":"BreadcrumbList","@id":"https:\/\/ses-creative.com\/fr\/produit\/tablier-a-barbouiller\/#breadcrumb","itemListElement":[{"@type":"ListItem","position":1,"name":"Boutique","item":"https:\/\/ses-creative.com\/fr\/boutique\/"},{"@type":"ListItem","position":2,"name":"Loisirs cr\u00e9atifs","item":"https:\/\/ses-creative.com\/fr\/product-categorie\/loisirs-creatifs\/"},{"@type":"ListItem","position":3,"name":"Tablier \u00e0 barbouiller"}]},{"@type":"WebSite","@id":"https:\/\/ses-creative.com\/#website","url":"https:\/\/ses-creative.com\/","name":"SES Creative","description":"","publisher":{"@id":"https:\/\/ses-creative.com\/#organization"},"potentialAction":[{"@type":"SearchAction","target":{"@type":"EntryPoint","urlTemplate":"https:\/\/ses-creative.com\/?s={search_term_string}"},"query-input":{"@type":"PropertyValueSpecification","valueRequired":true,"valueName":"search_term_string"}}],"inLanguage":"fr-FR"},{"@type":"Organization","@id":"https:\/\/ses-creative.com\/#organization","name":"SES Creative","url":"https:\/\/ses-creative.com\/","logo":{"@type":"ImageObject","inLanguage":"fr-FR","@id":"https:\/\/ses-creative.com\/#\/schema\/logo\/image\/","url":"https:\/\/ses-creative.com\/wp-content\/uploads\/2025\/10\/ses-creative-logo.jpg","contentUrl":"https:\/\/ses-creative.com\/wp-content\/uploads\/2025\/10\/ses-creative-logo.jpg","width":2037,"height":2037,"caption":"SES Creative"},"image":{"@id":"https:\/\/ses-creative.com\/#\/schema\/logo\/image\/"}}]}},"_links":{"self":[{"href":"https:\/\/ses-creative.com\/fr\/wp-json\/wp\/v2\/product\/118377","targetHints":{"allow":["GET"]}}],"collection":[{"href":"https:\/\/ses-creative.com\/fr\/wp-json\/wp\/v2\/product"}],"about":[{"href":"https:\/\/ses-creative.com\/fr\/wp-json\/wp\/v2\/types\/product"}],"replies":[{"embeddable":true,"href":"https:\/\/ses-creative.com\/fr\/wp-json\/wp\/v2\/comments?post=118377"}],"wp:featuredmedia":[{"embeddable":true,"href":"https:\/\/ses-creative.com\/fr\/wp-json\/wp\/v2\/media\/103696"}],"wp:attachment":[{"href":"https:\/\/ses-creative.com\/fr\/wp-json\/wp\/v2\/media?parent=118377"}],"wp:term":[{"taxonomy":"product_brand","embeddable":true,"href":"https:\/\/ses-creative.com\/fr\/wp-json\/wp\/v2\/product_brand?post=118377"},{"taxonomy":"product_cat","embeddable":true,"href":"https:\/\/ses-creative.com\/fr\/wp-json\/wp\/v2\/product_cat?post=118377"},{"taxonomy":"product_tag","embeddable":true,"href":"https:\/\/ses-creative.com\/fr\/wp-json\/wp\/v2\/product_tag?post=118377"}],"curies":[{"name":"wp","href":"https:\/\/api.w.org\/{rel}","templated":true}]}}