











{"id":118376,"date":"2026-02-12T10:09:34","date_gmt":"2026-02-12T10:09:34","guid":{"rendered":"https:\/\/ses-creative.com\/?post_type=product&#038;p=118376"},"modified":"2026-02-12T10:23:04","modified_gmt":"2026-02-12T10:23:04","slug":"sophie-la-girafe-coloriage-a-leau-dans-le-bain","status":"publish","type":"product","link":"https:\/\/ses-creative.com\/fr\/produit\/sophie-la-girafe-coloriage-a-leau-dans-le-bain\/","title":{"rendered":"Sophie la girafe &#8211; Coloriage \u00e0 l&rsquo;eau dans le bain"},"content":{"rendered":"<p>Le jouet bain Sophie la Girafe offre aux enfants une exp\u00e9rience ludique et magique dans l\u2019eau. Gr\u00e2ce aux figurines en mousse r\u00e9utilisables et au pinceau sp\u00e9cial, les tout-petits peuvent r\u00e9v\u00e9ler des images cach\u00e9es en appliquant simplement de l\u2019eau. Une fois les figurines s\u00e8ches, elles disparaissent pour \u00eatre red\u00e9couvertes \u00e0 chaque bain.<\/p>\n<p>Ce kit contient 6 figurines magiques \u00e0 colorier \u00e0 l\u2019eau, parfaites pour animer les moments de bain. Sans encre ni peinture, ce coloriage magique bain garantit un jeu propre et sans taches. Les enfants peuvent utiliser le pinceau ergonomique inclus pour explorer les formes et les couleurs tout en s\u2019amusant.<\/p>\n<p>Con\u00e7u pour les tout-petits d\u00e8s 1 an, ce jeu d&rsquo;eau b\u00e9b\u00e9 favorise la motricit\u00e9 fine et stimule la curiosit\u00e9. Son utilisation facile encourage l\u2019autonomie et transforme le bain en un moment de d\u00e9couverte et de d\u00e9tente.<\/p>\n<p>Ce jouet de bain cr\u00e9atif est une excellente id\u00e9e cadeau pour les jeunes enfants. Il offre une exp\u00e9rience sensorielle unique, alliant amusement et \u00e9veil, tout en permettant aux enfants d\u2019exprimer leur cr\u00e9ativit\u00e9 sans aucun risque de salissure.<\/p>\n","protected":false},"excerpt":{"rendered":"<p>Le jouet bain Sophie la Girafe offre aux enfants une exp\u00e9rience ludique et magique dans l\u2019eau. Gr\u00e2ce aux figurines en mousse r\u00e9utilisables et au pinceau sp\u00e9cial, les tout-petits peuvent r\u00e9v\u00e9ler des images cach\u00e9es en appliquant simplement de l\u2019eau. Une fois les figurines s\u00e8ches, elles disparaissent pour \u00eatre red\u00e9couvertes \u00e0 chaque bain. Ce kit contient 6 [&hellip;]<\/p>\n","protected":false},"featured_media":103676,"comment_status":"closed","ping_status":"closed","template":"","meta":{"_acf_changed":false},"product_brand":[],"product_cat":[123],"product_tag":[],"class_list":{"0":"post-118376","1":"product","2":"type-product","3":"status-publish","4":"has-post-thumbnail","6":"product_cat-bebe-tout-petit","7":"pa_collecties-sophie-la-girafe","8":"pa_leeftijd-filter-0-2-ans","9":"pa_meest-populair-bij-garcons-filles","11":"first","12":"instock","13":"shipping-taxable","14":"product-type-simple"},"acf":[],"yoast_head":"<!-- This site is optimized with the Yoast SEO plugin v27.2 - https:\/\/yoast.com\/product\/yoast-seo-wordpress\/ -->\n<title>Sophie la girafe - Coloriage \u00e0 l&#039;eau dans le bain - SES Creative<\/title>\n<meta name=\"robots\" content=\"index, follow, max-snippet:-1, max-image-preview:large, max-video-preview:-1\" \/>\n<link rel=\"canonical\" href=\"https:\/\/ses-creative.com\/fr\/produit\/sophie-la-girafe-coloriage-a-leau-dans-le-bain\/\" \/>\n<meta property=\"og:locale\" content=\"fr_FR\" \/>\n<meta property=\"og:type\" content=\"article\" \/>\n<meta property=\"og:title\" content=\"Sophie la girafe - Coloriage \u00e0 l&#039;eau dans le bain - SES Creative\" \/>\n<meta property=\"og:description\" content=\"Le jouet bain Sophie la Girafe offre aux enfants une exp\u00e9rience ludique et magique dans l\u2019eau. Gr\u00e2ce aux figurines en mousse r\u00e9utilisables et au pinceau sp\u00e9cial, les tout-petits peuvent r\u00e9v\u00e9ler des images cach\u00e9es en appliquant simplement de l\u2019eau. Une fois les figurines s\u00e8ches, elles disparaissent pour \u00eatre red\u00e9couvertes \u00e0 chaque bain. Ce kit contient 6 [&hellip;]\" \/>\n<meta property=\"og:url\" content=\"https:\/\/ses-creative.com\/fr\/produit\/sophie-la-girafe-coloriage-a-leau-dans-le-bain\/\" \/>\n<meta property=\"og:site_name\" content=\"SES Creative\" \/>\n<meta property=\"article:modified_time\" content=\"2026-02-12T10:23:04+00:00\" \/>\n<meta name=\"twitter:card\" content=\"summary_large_image\" \/>\n<meta name=\"twitter:label1\" content=\"Dur\u00e9e de lecture estim\u00e9e\" \/>\n\t<meta name=\"twitter:data1\" content=\"1 minute\" \/>\n<script type=\"application\/ld+json\" class=\"yoast-schema-graph\">{\"@context\":\"https:\/\/schema.org\",\"@graph\":[{\"@type\":\"WebPage\",\"@id\":\"https:\/\/ses-creative.com\/fr\/produit\/sophie-la-girafe-coloriage-a-leau-dans-le-bain\/\",\"url\":\"https:\/\/ses-creative.com\/fr\/produit\/sophie-la-girafe-coloriage-a-leau-dans-le-bain\/\",\"name\":\"Sophie la girafe - Coloriage \u00e0 l'eau dans le bain - SES Creative\",\"isPartOf\":{\"@id\":\"https:\/\/ses-creative.com\/#website\"},\"primaryImageOfPage\":{\"@id\":\"https:\/\/ses-creative.com\/fr\/produit\/sophie-la-girafe-coloriage-a-leau-dans-le-bain\/#primaryimage\"},\"image\":{\"@id\":\"https:\/\/ses-creative.com\/fr\/produit\/sophie-la-girafe-coloriage-a-leau-dans-le-bain\/#primaryimage\"},\"thumbnailUrl\":\"https:\/\/ses-creative.com\/wp-content\/uploads\/2026\/01\/144991.jpg\",\"datePublished\":\"2026-02-12T10:09:34+00:00\",\"dateModified\":\"2026-02-12T10:23:04+00:00\",\"breadcrumb\":{\"@id\":\"https:\/\/ses-creative.com\/fr\/produit\/sophie-la-girafe-coloriage-a-leau-dans-le-bain\/#breadcrumb\"},\"inLanguage\":\"fr-FR\",\"potentialAction\":[{\"@type\":\"ReadAction\",\"target\":[\"https:\/\/ses-creative.com\/fr\/produit\/sophie-la-girafe-coloriage-a-leau-dans-le-bain\/\"]}]},{\"@type\":\"ImageObject\",\"inLanguage\":\"fr-FR\",\"@id\":\"https:\/\/ses-creative.com\/fr\/produit\/sophie-la-girafe-coloriage-a-leau-dans-le-bain\/#primaryimage\",\"url\":\"https:\/\/ses-creative.com\/wp-content\/uploads\/2026\/01\/144991.jpg\",\"contentUrl\":\"https:\/\/ses-creative.com\/wp-content\/uploads\/2026\/01\/144991.jpg\",\"width\":1000,\"height\":1000},{\"@type\":\"BreadcrumbList\",\"@id\":\"https:\/\/ses-creative.com\/fr\/produit\/sophie-la-girafe-coloriage-a-leau-dans-le-bain\/#breadcrumb\",\"itemListElement\":[{\"@type\":\"ListItem\",\"position\":1,\"name\":\"Boutique\",\"item\":\"https:\/\/ses-creative.com\/fr\/boutique\/\"},{\"@type\":\"ListItem\",\"position\":2,\"name\":\"B\u00e9b\u00e9 &amp; Tout-petit\",\"item\":\"https:\/\/ses-creative.com\/fr\/product-categorie\/bebe-tout-petit\/\"},{\"@type\":\"ListItem\",\"position\":3,\"name\":\"Sophie la girafe &#8211; Coloriage \u00e0 l&#8217;eau dans le bain\"}]},{\"@type\":\"WebSite\",\"@id\":\"https:\/\/ses-creative.com\/#website\",\"url\":\"https:\/\/ses-creative.com\/\",\"name\":\"SES Creative\",\"description\":\"\",\"publisher\":{\"@id\":\"https:\/\/ses-creative.com\/#organization\"},\"potentialAction\":[{\"@type\":\"SearchAction\",\"target\":{\"@type\":\"EntryPoint\",\"urlTemplate\":\"https:\/\/ses-creative.com\/?s={search_term_string}\"},\"query-input\":{\"@type\":\"PropertyValueSpecification\",\"valueRequired\":true,\"valueName\":\"search_term_string\"}}],\"inLanguage\":\"fr-FR\"},{\"@type\":\"Organization\",\"@id\":\"https:\/\/ses-creative.com\/#organization\",\"name\":\"SES Creative\",\"url\":\"https:\/\/ses-creative.com\/\",\"logo\":{\"@type\":\"ImageObject\",\"inLanguage\":\"fr-FR\",\"@id\":\"https:\/\/ses-creative.com\/#\/schema\/logo\/image\/\",\"url\":\"https:\/\/ses-creative.com\/wp-content\/uploads\/2025\/10\/ses-creative-logo.jpg\",\"contentUrl\":\"https:\/\/ses-creative.com\/wp-content\/uploads\/2025\/10\/ses-creative-logo.jpg\",\"width\":2037,\"height\":2037,\"caption\":\"SES Creative\"},\"image\":{\"@id\":\"https:\/\/ses-creative.com\/#\/schema\/logo\/image\/\"}}]}<\/script>\n<!-- \/ Yoast SEO plugin. -->","yoast_head_json":{"title":"Sophie la girafe - Coloriage \u00e0 l'eau dans le bain - SES Creative","robots":{"index":"index","follow":"follow","max-snippet":"max-snippet:-1","max-image-preview":"max-image-preview:large","max-video-preview":"max-video-preview:-1"},"canonical":"https:\/\/ses-creative.com\/fr\/produit\/sophie-la-girafe-coloriage-a-leau-dans-le-bain\/","og_locale":"fr_FR","og_type":"article","og_title":"Sophie la girafe - Coloriage \u00e0 l'eau dans le bain - SES Creative","og_description":"Le jouet bain Sophie la Girafe offre aux enfants une exp\u00e9rience ludique et magique dans l\u2019eau. Gr\u00e2ce aux figurines en mousse r\u00e9utilisables et au pinceau sp\u00e9cial, les tout-petits peuvent r\u00e9v\u00e9ler des images cach\u00e9es en appliquant simplement de l\u2019eau. Une fois les figurines s\u00e8ches, elles disparaissent pour \u00eatre red\u00e9couvertes \u00e0 chaque bain. Ce kit contient 6 [&hellip;]","og_url":"https:\/\/ses-creative.com\/fr\/produit\/sophie-la-girafe-coloriage-a-leau-dans-le-bain\/","og_site_name":"SES Creative","article_modified_time":"2026-02-12T10:23:04+00:00","twitter_card":"summary_large_image","twitter_misc":{"Dur\u00e9e de lecture estim\u00e9e":"1 minute"},"schema":{"@context":"https:\/\/schema.org","@graph":[{"@type":"WebPage","@id":"https:\/\/ses-creative.com\/fr\/produit\/sophie-la-girafe-coloriage-a-leau-dans-le-bain\/","url":"https:\/\/ses-creative.com\/fr\/produit\/sophie-la-girafe-coloriage-a-leau-dans-le-bain\/","name":"Sophie la girafe - Coloriage \u00e0 l'eau dans le bain - SES Creative","isPartOf":{"@id":"https:\/\/ses-creative.com\/#website"},"primaryImageOfPage":{"@id":"https:\/\/ses-creative.com\/fr\/produit\/sophie-la-girafe-coloriage-a-leau-dans-le-bain\/#primaryimage"},"image":{"@id":"https:\/\/ses-creative.com\/fr\/produit\/sophie-la-girafe-coloriage-a-leau-dans-le-bain\/#primaryimage"},"thumbnailUrl":"https:\/\/ses-creative.com\/wp-content\/uploads\/2026\/01\/144991.jpg","datePublished":"2026-02-12T10:09:34+00:00","dateModified":"2026-02-12T10:23:04+00:00","breadcrumb":{"@id":"https:\/\/ses-creative.com\/fr\/produit\/sophie-la-girafe-coloriage-a-leau-dans-le-bain\/#breadcrumb"},"inLanguage":"fr-FR","potentialAction":[{"@type":"ReadAction","target":["https:\/\/ses-creative.com\/fr\/produit\/sophie-la-girafe-coloriage-a-leau-dans-le-bain\/"]}]},{"@type":"ImageObject","inLanguage":"fr-FR","@id":"https:\/\/ses-creative.com\/fr\/produit\/sophie-la-girafe-coloriage-a-leau-dans-le-bain\/#primaryimage","url":"https:\/\/ses-creative.com\/wp-content\/uploads\/2026\/01\/144991.jpg","contentUrl":"https:\/\/ses-creative.com\/wp-content\/uploads\/2026\/01\/144991.jpg","width":1000,"height":1000},{"@type":"BreadcrumbList","@id":"https:\/\/ses-creative.com\/fr\/produit\/sophie-la-girafe-coloriage-a-leau-dans-le-bain\/#breadcrumb","itemListElement":[{"@type":"ListItem","position":1,"name":"Boutique","item":"https:\/\/ses-creative.com\/fr\/boutique\/"},{"@type":"ListItem","position":2,"name":"B\u00e9b\u00e9 &amp; Tout-petit","item":"https:\/\/ses-creative.com\/fr\/product-categorie\/bebe-tout-petit\/"},{"@type":"ListItem","position":3,"name":"Sophie la girafe &#8211; Coloriage \u00e0 l&#8217;eau dans le bain"}]},{"@type":"WebSite","@id":"https:\/\/ses-creative.com\/#website","url":"https:\/\/ses-creative.com\/","name":"SES Creative","description":"","publisher":{"@id":"https:\/\/ses-creative.com\/#organization"},"potentialAction":[{"@type":"SearchAction","target":{"@type":"EntryPoint","urlTemplate":"https:\/\/ses-creative.com\/?s={search_term_string}"},"query-input":{"@type":"PropertyValueSpecification","valueRequired":true,"valueName":"search_term_string"}}],"inLanguage":"fr-FR"},{"@type":"Organization","@id":"https:\/\/ses-creative.com\/#organization","name":"SES Creative","url":"https:\/\/ses-creative.com\/","logo":{"@type":"ImageObject","inLanguage":"fr-FR","@id":"https:\/\/ses-creative.com\/#\/schema\/logo\/image\/","url":"https:\/\/ses-creative.com\/wp-content\/uploads\/2025\/10\/ses-creative-logo.jpg","contentUrl":"https:\/\/ses-creative.com\/wp-content\/uploads\/2025\/10\/ses-creative-logo.jpg","width":2037,"height":2037,"caption":"SES Creative"},"image":{"@id":"https:\/\/ses-creative.com\/#\/schema\/logo\/image\/"}}]}},"_links":{"self":[{"href":"https:\/\/ses-creative.com\/fr\/wp-json\/wp\/v2\/product\/118376","targetHints":{"allow":["GET"]}}],"collection":[{"href":"https:\/\/ses-creative.com\/fr\/wp-json\/wp\/v2\/product"}],"about":[{"href":"https:\/\/ses-creative.com\/fr\/wp-json\/wp\/v2\/types\/product"}],"replies":[{"embeddable":true,"href":"https:\/\/ses-creative.com\/fr\/wp-json\/wp\/v2\/comments?post=118376"}],"wp:featuredmedia":[{"embeddable":true,"href":"https:\/\/ses-creative.com\/fr\/wp-json\/wp\/v2\/media\/103676"}],"wp:attachment":[{"href":"https:\/\/ses-creative.com\/fr\/wp-json\/wp\/v2\/media?parent=118376"}],"wp:term":[{"taxonomy":"product_brand","embeddable":true,"href":"https:\/\/ses-creative.com\/fr\/wp-json\/wp\/v2\/product_brand?post=118376"},{"taxonomy":"product_cat","embeddable":true,"href":"https:\/\/ses-creative.com\/fr\/wp-json\/wp\/v2\/product_cat?post=118376"},{"taxonomy":"product_tag","embeddable":true,"href":"https:\/\/ses-creative.com\/fr\/wp-json\/wp\/v2\/product_tag?post=118376"}],"curies":[{"name":"wp","href":"https:\/\/api.w.org\/{rel}","templated":true}]}}