











{"id":118375,"date":"2026-02-12T10:09:34","date_gmt":"2026-02-12T10:09:34","guid":{"rendered":"https:\/\/ses-creative.com\/?post_type=product&#038;p=118375"},"modified":"2026-02-12T10:23:04","modified_gmt":"2026-02-12T10:23:04","slug":"sophie-la-girafe-crayons-de-couleur-pour-le-bain-et-formes","status":"publish","type":"product","link":"https:\/\/ses-creative.com\/fr\/produit\/sophie-la-girafe-crayons-de-couleur-pour-le-bain-et-formes\/","title":{"rendered":"Sophie la girafe &#8211; Crayons de couleur pour le bain et formes"},"content":{"rendered":"<p>Ce kit de crayons de bain b\u00e9b\u00e9 et figurines Sophie la Girafe transforme l\u2019heure du bain en un moment cr\u00e9atif et amusant. Gr\u00e2ce aux 6 craies de bain lavables, les enfants peuvent dessiner sur le carrelage ou la baignoire et laisser libre cours \u00e0 leur imagination. Les couleurs vives et faciles \u00e0 nettoyer garantissent une utilisation sans souci.<\/p>\n<p>Les 5 figurines en mousse incluses flottent sur l\u2019eau et adh\u00e8rent aux surfaces humides, permettant aux enfants de cr\u00e9er des histoires avec Sophie la Girafe et ses amis. Ces accessoires rendent le bain plus interactif et captivent l\u2019attention des plus jeunes.<\/p>\n<p>Sans danger pour les enfants, ces crayons sont sp\u00e9cialement con\u00e7us pour une prise en main facile et une utilisation intuitive. L\u2019encre des craies dispara\u00eet rapidement sous l\u2019eau, assurant un nettoyage simple et rapide.<\/p>\n<p>Id\u00e9al d\u00e8s 2 ans, ce jeu de bain cr\u00e9atif stimule la motricit\u00e9 fine et l\u2019\u00e9veil sensoriel des enfants tout en les aidant \u00e0 d\u00e9couvrir les couleurs. Une excellente id\u00e9e cadeau pour rendre le bain plus attractif et \u00e9ducatif, tout en favorisant l\u2019autonomie des tout-petits.<\/p>\n","protected":false},"excerpt":{"rendered":"<p>Ce kit de crayons de bain b\u00e9b\u00e9 et figurines Sophie la Girafe transforme l\u2019heure du bain en un moment cr\u00e9atif et amusant. Gr\u00e2ce aux 6 craies de bain lavables, les enfants peuvent dessiner sur le carrelage ou la baignoire et laisser libre cours \u00e0 leur imagination. Les couleurs vives et faciles \u00e0 nettoyer garantissent une [&hellip;]<\/p>\n","protected":false},"featured_media":103656,"comment_status":"closed","ping_status":"closed","template":"","meta":{"_acf_changed":false},"product_brand":[],"product_cat":[123],"product_tag":[],"class_list":{"0":"post-118375","1":"product","2":"type-product","3":"status-publish","4":"has-post-thumbnail","6":"product_cat-bebe-tout-petit","7":"pa_collecties-sophie-la-girafe","8":"pa_leeftijd-filter-0-2-ans","9":"pa_meest-populair-bij-garcons-filles","11":"first","12":"instock","13":"shipping-taxable","14":"product-type-simple"},"acf":[],"yoast_head":"<!-- This site is optimized with the Yoast SEO plugin v27.2 - https:\/\/yoast.com\/product\/yoast-seo-wordpress\/ -->\n<title>Sophie la girafe - Crayons de couleur pour le bain et formes - SES Creative<\/title>\n<meta name=\"robots\" content=\"index, follow, max-snippet:-1, max-image-preview:large, max-video-preview:-1\" \/>\n<link rel=\"canonical\" href=\"https:\/\/ses-creative.com\/fr\/produit\/sophie-la-girafe-crayons-de-couleur-pour-le-bain-et-formes\/\" \/>\n<meta property=\"og:locale\" content=\"fr_FR\" \/>\n<meta property=\"og:type\" content=\"article\" \/>\n<meta property=\"og:title\" content=\"Sophie la girafe - Crayons de couleur pour le bain et formes - SES Creative\" \/>\n<meta property=\"og:description\" content=\"Ce kit de crayons de bain b\u00e9b\u00e9 et figurines Sophie la Girafe transforme l\u2019heure du bain en un moment cr\u00e9atif et amusant. Gr\u00e2ce aux 6 craies de bain lavables, les enfants peuvent dessiner sur le carrelage ou la baignoire et laisser libre cours \u00e0 leur imagination. Les couleurs vives et faciles \u00e0 nettoyer garantissent une [&hellip;]\" \/>\n<meta property=\"og:url\" content=\"https:\/\/ses-creative.com\/fr\/produit\/sophie-la-girafe-crayons-de-couleur-pour-le-bain-et-formes\/\" \/>\n<meta property=\"og:site_name\" content=\"SES Creative\" \/>\n<meta property=\"article:modified_time\" content=\"2026-02-12T10:23:04+00:00\" \/>\n<meta name=\"twitter:card\" content=\"summary_large_image\" \/>\n<meta name=\"twitter:label1\" content=\"Dur\u00e9e de lecture estim\u00e9e\" \/>\n\t<meta name=\"twitter:data1\" content=\"1 minute\" \/>\n<script type=\"application\/ld+json\" class=\"yoast-schema-graph\">{\"@context\":\"https:\/\/schema.org\",\"@graph\":[{\"@type\":\"WebPage\",\"@id\":\"https:\/\/ses-creative.com\/fr\/produit\/sophie-la-girafe-crayons-de-couleur-pour-le-bain-et-formes\/\",\"url\":\"https:\/\/ses-creative.com\/fr\/produit\/sophie-la-girafe-crayons-de-couleur-pour-le-bain-et-formes\/\",\"name\":\"Sophie la girafe - Crayons de couleur pour le bain et formes - SES Creative\",\"isPartOf\":{\"@id\":\"https:\/\/ses-creative.com\/#website\"},\"primaryImageOfPage\":{\"@id\":\"https:\/\/ses-creative.com\/fr\/produit\/sophie-la-girafe-crayons-de-couleur-pour-le-bain-et-formes\/#primaryimage\"},\"image\":{\"@id\":\"https:\/\/ses-creative.com\/fr\/produit\/sophie-la-girafe-crayons-de-couleur-pour-le-bain-et-formes\/#primaryimage\"},\"thumbnailUrl\":\"https:\/\/ses-creative.com\/wp-content\/uploads\/2026\/01\/144981.jpg\",\"datePublished\":\"2026-02-12T10:09:34+00:00\",\"dateModified\":\"2026-02-12T10:23:04+00:00\",\"breadcrumb\":{\"@id\":\"https:\/\/ses-creative.com\/fr\/produit\/sophie-la-girafe-crayons-de-couleur-pour-le-bain-et-formes\/#breadcrumb\"},\"inLanguage\":\"fr-FR\",\"potentialAction\":[{\"@type\":\"ReadAction\",\"target\":[\"https:\/\/ses-creative.com\/fr\/produit\/sophie-la-girafe-crayons-de-couleur-pour-le-bain-et-formes\/\"]}]},{\"@type\":\"ImageObject\",\"inLanguage\":\"fr-FR\",\"@id\":\"https:\/\/ses-creative.com\/fr\/produit\/sophie-la-girafe-crayons-de-couleur-pour-le-bain-et-formes\/#primaryimage\",\"url\":\"https:\/\/ses-creative.com\/wp-content\/uploads\/2026\/01\/144981.jpg\",\"contentUrl\":\"https:\/\/ses-creative.com\/wp-content\/uploads\/2026\/01\/144981.jpg\",\"width\":1000,\"height\":1000},{\"@type\":\"BreadcrumbList\",\"@id\":\"https:\/\/ses-creative.com\/fr\/produit\/sophie-la-girafe-crayons-de-couleur-pour-le-bain-et-formes\/#breadcrumb\",\"itemListElement\":[{\"@type\":\"ListItem\",\"position\":1,\"name\":\"Boutique\",\"item\":\"https:\/\/ses-creative.com\/fr\/boutique\/\"},{\"@type\":\"ListItem\",\"position\":2,\"name\":\"B\u00e9b\u00e9 &amp; Tout-petit\",\"item\":\"https:\/\/ses-creative.com\/fr\/product-categorie\/bebe-tout-petit\/\"},{\"@type\":\"ListItem\",\"position\":3,\"name\":\"Sophie la girafe &#8211; Crayons de couleur pour le bain et formes\"}]},{\"@type\":\"WebSite\",\"@id\":\"https:\/\/ses-creative.com\/#website\",\"url\":\"https:\/\/ses-creative.com\/\",\"name\":\"SES Creative\",\"description\":\"\",\"publisher\":{\"@id\":\"https:\/\/ses-creative.com\/#organization\"},\"potentialAction\":[{\"@type\":\"SearchAction\",\"target\":{\"@type\":\"EntryPoint\",\"urlTemplate\":\"https:\/\/ses-creative.com\/?s={search_term_string}\"},\"query-input\":{\"@type\":\"PropertyValueSpecification\",\"valueRequired\":true,\"valueName\":\"search_term_string\"}}],\"inLanguage\":\"fr-FR\"},{\"@type\":\"Organization\",\"@id\":\"https:\/\/ses-creative.com\/#organization\",\"name\":\"SES Creative\",\"url\":\"https:\/\/ses-creative.com\/\",\"logo\":{\"@type\":\"ImageObject\",\"inLanguage\":\"fr-FR\",\"@id\":\"https:\/\/ses-creative.com\/#\/schema\/logo\/image\/\",\"url\":\"https:\/\/ses-creative.com\/wp-content\/uploads\/2025\/10\/ses-creative-logo.jpg\",\"contentUrl\":\"https:\/\/ses-creative.com\/wp-content\/uploads\/2025\/10\/ses-creative-logo.jpg\",\"width\":2037,\"height\":2037,\"caption\":\"SES Creative\"},\"image\":{\"@id\":\"https:\/\/ses-creative.com\/#\/schema\/logo\/image\/\"}}]}<\/script>\n<!-- \/ Yoast SEO plugin. -->","yoast_head_json":{"title":"Sophie la girafe - Crayons de couleur pour le bain et formes - SES Creative","robots":{"index":"index","follow":"follow","max-snippet":"max-snippet:-1","max-image-preview":"max-image-preview:large","max-video-preview":"max-video-preview:-1"},"canonical":"https:\/\/ses-creative.com\/fr\/produit\/sophie-la-girafe-crayons-de-couleur-pour-le-bain-et-formes\/","og_locale":"fr_FR","og_type":"article","og_title":"Sophie la girafe - Crayons de couleur pour le bain et formes - SES Creative","og_description":"Ce kit de crayons de bain b\u00e9b\u00e9 et figurines Sophie la Girafe transforme l\u2019heure du bain en un moment cr\u00e9atif et amusant. Gr\u00e2ce aux 6 craies de bain lavables, les enfants peuvent dessiner sur le carrelage ou la baignoire et laisser libre cours \u00e0 leur imagination. Les couleurs vives et faciles \u00e0 nettoyer garantissent une [&hellip;]","og_url":"https:\/\/ses-creative.com\/fr\/produit\/sophie-la-girafe-crayons-de-couleur-pour-le-bain-et-formes\/","og_site_name":"SES Creative","article_modified_time":"2026-02-12T10:23:04+00:00","twitter_card":"summary_large_image","twitter_misc":{"Dur\u00e9e de lecture estim\u00e9e":"1 minute"},"schema":{"@context":"https:\/\/schema.org","@graph":[{"@type":"WebPage","@id":"https:\/\/ses-creative.com\/fr\/produit\/sophie-la-girafe-crayons-de-couleur-pour-le-bain-et-formes\/","url":"https:\/\/ses-creative.com\/fr\/produit\/sophie-la-girafe-crayons-de-couleur-pour-le-bain-et-formes\/","name":"Sophie la girafe - Crayons de couleur pour le bain et formes - SES Creative","isPartOf":{"@id":"https:\/\/ses-creative.com\/#website"},"primaryImageOfPage":{"@id":"https:\/\/ses-creative.com\/fr\/produit\/sophie-la-girafe-crayons-de-couleur-pour-le-bain-et-formes\/#primaryimage"},"image":{"@id":"https:\/\/ses-creative.com\/fr\/produit\/sophie-la-girafe-crayons-de-couleur-pour-le-bain-et-formes\/#primaryimage"},"thumbnailUrl":"https:\/\/ses-creative.com\/wp-content\/uploads\/2026\/01\/144981.jpg","datePublished":"2026-02-12T10:09:34+00:00","dateModified":"2026-02-12T10:23:04+00:00","breadcrumb":{"@id":"https:\/\/ses-creative.com\/fr\/produit\/sophie-la-girafe-crayons-de-couleur-pour-le-bain-et-formes\/#breadcrumb"},"inLanguage":"fr-FR","potentialAction":[{"@type":"ReadAction","target":["https:\/\/ses-creative.com\/fr\/produit\/sophie-la-girafe-crayons-de-couleur-pour-le-bain-et-formes\/"]}]},{"@type":"ImageObject","inLanguage":"fr-FR","@id":"https:\/\/ses-creative.com\/fr\/produit\/sophie-la-girafe-crayons-de-couleur-pour-le-bain-et-formes\/#primaryimage","url":"https:\/\/ses-creative.com\/wp-content\/uploads\/2026\/01\/144981.jpg","contentUrl":"https:\/\/ses-creative.com\/wp-content\/uploads\/2026\/01\/144981.jpg","width":1000,"height":1000},{"@type":"BreadcrumbList","@id":"https:\/\/ses-creative.com\/fr\/produit\/sophie-la-girafe-crayons-de-couleur-pour-le-bain-et-formes\/#breadcrumb","itemListElement":[{"@type":"ListItem","position":1,"name":"Boutique","item":"https:\/\/ses-creative.com\/fr\/boutique\/"},{"@type":"ListItem","position":2,"name":"B\u00e9b\u00e9 &amp; Tout-petit","item":"https:\/\/ses-creative.com\/fr\/product-categorie\/bebe-tout-petit\/"},{"@type":"ListItem","position":3,"name":"Sophie la girafe &#8211; Crayons de couleur pour le bain et formes"}]},{"@type":"WebSite","@id":"https:\/\/ses-creative.com\/#website","url":"https:\/\/ses-creative.com\/","name":"SES Creative","description":"","publisher":{"@id":"https:\/\/ses-creative.com\/#organization"},"potentialAction":[{"@type":"SearchAction","target":{"@type":"EntryPoint","urlTemplate":"https:\/\/ses-creative.com\/?s={search_term_string}"},"query-input":{"@type":"PropertyValueSpecification","valueRequired":true,"valueName":"search_term_string"}}],"inLanguage":"fr-FR"},{"@type":"Organization","@id":"https:\/\/ses-creative.com\/#organization","name":"SES Creative","url":"https:\/\/ses-creative.com\/","logo":{"@type":"ImageObject","inLanguage":"fr-FR","@id":"https:\/\/ses-creative.com\/#\/schema\/logo\/image\/","url":"https:\/\/ses-creative.com\/wp-content\/uploads\/2025\/10\/ses-creative-logo.jpg","contentUrl":"https:\/\/ses-creative.com\/wp-content\/uploads\/2025\/10\/ses-creative-logo.jpg","width":2037,"height":2037,"caption":"SES Creative"},"image":{"@id":"https:\/\/ses-creative.com\/#\/schema\/logo\/image\/"}}]}},"_links":{"self":[{"href":"https:\/\/ses-creative.com\/fr\/wp-json\/wp\/v2\/product\/118375","targetHints":{"allow":["GET"]}}],"collection":[{"href":"https:\/\/ses-creative.com\/fr\/wp-json\/wp\/v2\/product"}],"about":[{"href":"https:\/\/ses-creative.com\/fr\/wp-json\/wp\/v2\/types\/product"}],"replies":[{"embeddable":true,"href":"https:\/\/ses-creative.com\/fr\/wp-json\/wp\/v2\/comments?post=118375"}],"wp:featuredmedia":[{"embeddable":true,"href":"https:\/\/ses-creative.com\/fr\/wp-json\/wp\/v2\/media\/103656"}],"wp:attachment":[{"href":"https:\/\/ses-creative.com\/fr\/wp-json\/wp\/v2\/media?parent=118375"}],"wp:term":[{"taxonomy":"product_brand","embeddable":true,"href":"https:\/\/ses-creative.com\/fr\/wp-json\/wp\/v2\/product_brand?post=118375"},{"taxonomy":"product_cat","embeddable":true,"href":"https:\/\/ses-creative.com\/fr\/wp-json\/wp\/v2\/product_cat?post=118375"},{"taxonomy":"product_tag","embeddable":true,"href":"https:\/\/ses-creative.com\/fr\/wp-json\/wp\/v2\/product_tag?post=118375"}],"curies":[{"name":"wp","href":"https:\/\/api.w.org\/{rel}","templated":true}]}}