











{"id":118374,"date":"2026-02-12T10:09:34","date_gmt":"2026-02-12T10:09:34","guid":{"rendered":"https:\/\/ses-creative.com\/?post_type=product&#038;p=118374"},"modified":"2026-02-12T10:23:04","modified_gmt":"2026-02-12T10:23:04","slug":"sophie-la-girafe-coloriage-et-peinture","status":"publish","type":"product","link":"https:\/\/ses-creative.com\/fr\/produit\/sophie-la-girafe-coloriage-et-peinture\/","title":{"rendered":"Sophie la girafe &#8211; Coloriage et peinture"},"content":{"rendered":"<p>Le kit coloriage et peinture Sophie la Girafe est une activit\u00e9 parfaite pour \u00e9veiller la cr\u00e9ativit\u00e9 des tout-petits. Ce coffret 2 en 1 permet aux enfants de peindre avec leurs doigts et de colorier avec des feutres lavables. Il contient 3 pots de peinture au doigt b\u00e9b\u00e9 (jaune, rouge et bleu) ainsi que 5 feutres sp\u00e9cialement con\u00e7us pour les petites mains.<\/p>\n<p>Les peintures sont hypoallerg\u00e9niques, sans gluten et faciles \u00e0 m\u00e9langer pour obtenir de nouvelles couleurs. Gr\u00e2ce aux 10 cartes incluses, les enfants peuvent exp\u00e9rimenter diff\u00e9rentes textures et donner vie \u00e0 leurs premi\u00e8res cr\u00e9ations. Les feutres b\u00e9b\u00e9 lavables permettent d\u2019ajouter des d\u00e9tails aux dessins tout en garantissant un nettoyage facile sur la peau et les tissus.<\/p>\n<p>Ce kit coloriage et peinture stimule la motricit\u00e9 fine et aide \u00e0 la reconnaissance des couleurs. Il favorise l\u2019expression artistique et permet aux enfants d\u2019explorer librement leurs id\u00e9es. Id\u00e9al d\u00e8s 1 an, il offre une exp\u00e9rience ludique et s\u00e9curis\u00e9e.<\/p>\n<p>Parfait comme cadeau, ce coffret d\u2019activit\u00e9 cr\u00e9ative enfant est une belle introduction aux arts plastiques. Un kit adapt\u00e9 aux premi\u00e8res exp\u00e9riences de peinture et de coloriage, inspir\u00e9 du c\u00e9l\u00e8bre univers de Sophie la Girafe.<\/p>\n","protected":false},"excerpt":{"rendered":"<p>Le kit coloriage et peinture Sophie la Girafe est une activit\u00e9 parfaite pour \u00e9veiller la cr\u00e9ativit\u00e9 des tout-petits. Ce coffret 2 en 1 permet aux enfants de peindre avec leurs doigts et de colorier avec des feutres lavables. Il contient 3 pots de peinture au doigt b\u00e9b\u00e9 (jaune, rouge et bleu) ainsi que 5 feutres [&hellip;]<\/p>\n","protected":false},"featured_media":103636,"comment_status":"closed","ping_status":"closed","template":"","meta":{"_acf_changed":false},"product_brand":[],"product_cat":[123],"product_tag":[],"class_list":{"0":"post-118374","1":"product","2":"type-product","3":"status-publish","4":"has-post-thumbnail","6":"product_cat-bebe-tout-petit","7":"pa_collecties-sophie-la-girafe","8":"pa_leeftijd-filter-0-2-ans","9":"pa_meest-populair-bij-garcons-filles","11":"first","12":"instock","13":"shipping-taxable","14":"product-type-simple"},"acf":[],"yoast_head":"<!-- This site is optimized with the Yoast SEO plugin v27.2 - https:\/\/yoast.com\/product\/yoast-seo-wordpress\/ -->\n<title>Sophie la girafe - Coloriage et peinture - SES Creative<\/title>\n<meta name=\"robots\" content=\"index, follow, max-snippet:-1, max-image-preview:large, max-video-preview:-1\" \/>\n<link rel=\"canonical\" href=\"https:\/\/ses-creative.com\/fr\/produit\/sophie-la-girafe-coloriage-et-peinture\/\" \/>\n<meta property=\"og:locale\" content=\"fr_FR\" \/>\n<meta property=\"og:type\" content=\"article\" \/>\n<meta property=\"og:title\" content=\"Sophie la girafe - Coloriage et peinture - SES Creative\" \/>\n<meta property=\"og:description\" content=\"Le kit coloriage et peinture Sophie la Girafe est une activit\u00e9 parfaite pour \u00e9veiller la cr\u00e9ativit\u00e9 des tout-petits. Ce coffret 2 en 1 permet aux enfants de peindre avec leurs doigts et de colorier avec des feutres lavables. Il contient 3 pots de peinture au doigt b\u00e9b\u00e9 (jaune, rouge et bleu) ainsi que 5 feutres [&hellip;]\" \/>\n<meta property=\"og:url\" content=\"https:\/\/ses-creative.com\/fr\/produit\/sophie-la-girafe-coloriage-et-peinture\/\" \/>\n<meta property=\"og:site_name\" content=\"SES Creative\" \/>\n<meta property=\"article:modified_time\" content=\"2026-02-12T10:23:04+00:00\" \/>\n<meta name=\"twitter:card\" content=\"summary_large_image\" \/>\n<meta name=\"twitter:label1\" content=\"Dur\u00e9e de lecture estim\u00e9e\" \/>\n\t<meta name=\"twitter:data1\" content=\"1 minute\" \/>\n<script type=\"application\/ld+json\" class=\"yoast-schema-graph\">{\"@context\":\"https:\/\/schema.org\",\"@graph\":[{\"@type\":\"WebPage\",\"@id\":\"https:\/\/ses-creative.com\/fr\/produit\/sophie-la-girafe-coloriage-et-peinture\/\",\"url\":\"https:\/\/ses-creative.com\/fr\/produit\/sophie-la-girafe-coloriage-et-peinture\/\",\"name\":\"Sophie la girafe - Coloriage et peinture - SES Creative\",\"isPartOf\":{\"@id\":\"https:\/\/ses-creative.com\/#website\"},\"primaryImageOfPage\":{\"@id\":\"https:\/\/ses-creative.com\/fr\/produit\/sophie-la-girafe-coloriage-et-peinture\/#primaryimage\"},\"image\":{\"@id\":\"https:\/\/ses-creative.com\/fr\/produit\/sophie-la-girafe-coloriage-et-peinture\/#primaryimage\"},\"thumbnailUrl\":\"https:\/\/ses-creative.com\/wp-content\/uploads\/2026\/01\/144971.jpg\",\"datePublished\":\"2026-02-12T10:09:34+00:00\",\"dateModified\":\"2026-02-12T10:23:04+00:00\",\"breadcrumb\":{\"@id\":\"https:\/\/ses-creative.com\/fr\/produit\/sophie-la-girafe-coloriage-et-peinture\/#breadcrumb\"},\"inLanguage\":\"fr-FR\",\"potentialAction\":[{\"@type\":\"ReadAction\",\"target\":[\"https:\/\/ses-creative.com\/fr\/produit\/sophie-la-girafe-coloriage-et-peinture\/\"]}]},{\"@type\":\"ImageObject\",\"inLanguage\":\"fr-FR\",\"@id\":\"https:\/\/ses-creative.com\/fr\/produit\/sophie-la-girafe-coloriage-et-peinture\/#primaryimage\",\"url\":\"https:\/\/ses-creative.com\/wp-content\/uploads\/2026\/01\/144971.jpg\",\"contentUrl\":\"https:\/\/ses-creative.com\/wp-content\/uploads\/2026\/01\/144971.jpg\",\"width\":1000,\"height\":1000},{\"@type\":\"BreadcrumbList\",\"@id\":\"https:\/\/ses-creative.com\/fr\/produit\/sophie-la-girafe-coloriage-et-peinture\/#breadcrumb\",\"itemListElement\":[{\"@type\":\"ListItem\",\"position\":1,\"name\":\"Boutique\",\"item\":\"https:\/\/ses-creative.com\/fr\/boutique\/\"},{\"@type\":\"ListItem\",\"position\":2,\"name\":\"B\u00e9b\u00e9 &amp; Tout-petit\",\"item\":\"https:\/\/ses-creative.com\/fr\/product-categorie\/bebe-tout-petit\/\"},{\"@type\":\"ListItem\",\"position\":3,\"name\":\"Sophie la girafe &#8211; Coloriage et peinture\"}]},{\"@type\":\"WebSite\",\"@id\":\"https:\/\/ses-creative.com\/#website\",\"url\":\"https:\/\/ses-creative.com\/\",\"name\":\"SES Creative\",\"description\":\"\",\"publisher\":{\"@id\":\"https:\/\/ses-creative.com\/#organization\"},\"potentialAction\":[{\"@type\":\"SearchAction\",\"target\":{\"@type\":\"EntryPoint\",\"urlTemplate\":\"https:\/\/ses-creative.com\/?s={search_term_string}\"},\"query-input\":{\"@type\":\"PropertyValueSpecification\",\"valueRequired\":true,\"valueName\":\"search_term_string\"}}],\"inLanguage\":\"fr-FR\"},{\"@type\":\"Organization\",\"@id\":\"https:\/\/ses-creative.com\/#organization\",\"name\":\"SES Creative\",\"url\":\"https:\/\/ses-creative.com\/\",\"logo\":{\"@type\":\"ImageObject\",\"inLanguage\":\"fr-FR\",\"@id\":\"https:\/\/ses-creative.com\/#\/schema\/logo\/image\/\",\"url\":\"https:\/\/ses-creative.com\/wp-content\/uploads\/2025\/10\/ses-creative-logo.jpg\",\"contentUrl\":\"https:\/\/ses-creative.com\/wp-content\/uploads\/2025\/10\/ses-creative-logo.jpg\",\"width\":2037,\"height\":2037,\"caption\":\"SES Creative\"},\"image\":{\"@id\":\"https:\/\/ses-creative.com\/#\/schema\/logo\/image\/\"}}]}<\/script>\n<!-- \/ Yoast SEO plugin. -->","yoast_head_json":{"title":"Sophie la girafe - Coloriage et peinture - SES Creative","robots":{"index":"index","follow":"follow","max-snippet":"max-snippet:-1","max-image-preview":"max-image-preview:large","max-video-preview":"max-video-preview:-1"},"canonical":"https:\/\/ses-creative.com\/fr\/produit\/sophie-la-girafe-coloriage-et-peinture\/","og_locale":"fr_FR","og_type":"article","og_title":"Sophie la girafe - Coloriage et peinture - SES Creative","og_description":"Le kit coloriage et peinture Sophie la Girafe est une activit\u00e9 parfaite pour \u00e9veiller la cr\u00e9ativit\u00e9 des tout-petits. Ce coffret 2 en 1 permet aux enfants de peindre avec leurs doigts et de colorier avec des feutres lavables. Il contient 3 pots de peinture au doigt b\u00e9b\u00e9 (jaune, rouge et bleu) ainsi que 5 feutres [&hellip;]","og_url":"https:\/\/ses-creative.com\/fr\/produit\/sophie-la-girafe-coloriage-et-peinture\/","og_site_name":"SES Creative","article_modified_time":"2026-02-12T10:23:04+00:00","twitter_card":"summary_large_image","twitter_misc":{"Dur\u00e9e de lecture estim\u00e9e":"1 minute"},"schema":{"@context":"https:\/\/schema.org","@graph":[{"@type":"WebPage","@id":"https:\/\/ses-creative.com\/fr\/produit\/sophie-la-girafe-coloriage-et-peinture\/","url":"https:\/\/ses-creative.com\/fr\/produit\/sophie-la-girafe-coloriage-et-peinture\/","name":"Sophie la girafe - Coloriage et peinture - SES Creative","isPartOf":{"@id":"https:\/\/ses-creative.com\/#website"},"primaryImageOfPage":{"@id":"https:\/\/ses-creative.com\/fr\/produit\/sophie-la-girafe-coloriage-et-peinture\/#primaryimage"},"image":{"@id":"https:\/\/ses-creative.com\/fr\/produit\/sophie-la-girafe-coloriage-et-peinture\/#primaryimage"},"thumbnailUrl":"https:\/\/ses-creative.com\/wp-content\/uploads\/2026\/01\/144971.jpg","datePublished":"2026-02-12T10:09:34+00:00","dateModified":"2026-02-12T10:23:04+00:00","breadcrumb":{"@id":"https:\/\/ses-creative.com\/fr\/produit\/sophie-la-girafe-coloriage-et-peinture\/#breadcrumb"},"inLanguage":"fr-FR","potentialAction":[{"@type":"ReadAction","target":["https:\/\/ses-creative.com\/fr\/produit\/sophie-la-girafe-coloriage-et-peinture\/"]}]},{"@type":"ImageObject","inLanguage":"fr-FR","@id":"https:\/\/ses-creative.com\/fr\/produit\/sophie-la-girafe-coloriage-et-peinture\/#primaryimage","url":"https:\/\/ses-creative.com\/wp-content\/uploads\/2026\/01\/144971.jpg","contentUrl":"https:\/\/ses-creative.com\/wp-content\/uploads\/2026\/01\/144971.jpg","width":1000,"height":1000},{"@type":"BreadcrumbList","@id":"https:\/\/ses-creative.com\/fr\/produit\/sophie-la-girafe-coloriage-et-peinture\/#breadcrumb","itemListElement":[{"@type":"ListItem","position":1,"name":"Boutique","item":"https:\/\/ses-creative.com\/fr\/boutique\/"},{"@type":"ListItem","position":2,"name":"B\u00e9b\u00e9 &amp; Tout-petit","item":"https:\/\/ses-creative.com\/fr\/product-categorie\/bebe-tout-petit\/"},{"@type":"ListItem","position":3,"name":"Sophie la girafe &#8211; Coloriage et peinture"}]},{"@type":"WebSite","@id":"https:\/\/ses-creative.com\/#website","url":"https:\/\/ses-creative.com\/","name":"SES Creative","description":"","publisher":{"@id":"https:\/\/ses-creative.com\/#organization"},"potentialAction":[{"@type":"SearchAction","target":{"@type":"EntryPoint","urlTemplate":"https:\/\/ses-creative.com\/?s={search_term_string}"},"query-input":{"@type":"PropertyValueSpecification","valueRequired":true,"valueName":"search_term_string"}}],"inLanguage":"fr-FR"},{"@type":"Organization","@id":"https:\/\/ses-creative.com\/#organization","name":"SES Creative","url":"https:\/\/ses-creative.com\/","logo":{"@type":"ImageObject","inLanguage":"fr-FR","@id":"https:\/\/ses-creative.com\/#\/schema\/logo\/image\/","url":"https:\/\/ses-creative.com\/wp-content\/uploads\/2025\/10\/ses-creative-logo.jpg","contentUrl":"https:\/\/ses-creative.com\/wp-content\/uploads\/2025\/10\/ses-creative-logo.jpg","width":2037,"height":2037,"caption":"SES Creative"},"image":{"@id":"https:\/\/ses-creative.com\/#\/schema\/logo\/image\/"}}]}},"_links":{"self":[{"href":"https:\/\/ses-creative.com\/fr\/wp-json\/wp\/v2\/product\/118374","targetHints":{"allow":["GET"]}}],"collection":[{"href":"https:\/\/ses-creative.com\/fr\/wp-json\/wp\/v2\/product"}],"about":[{"href":"https:\/\/ses-creative.com\/fr\/wp-json\/wp\/v2\/types\/product"}],"replies":[{"embeddable":true,"href":"https:\/\/ses-creative.com\/fr\/wp-json\/wp\/v2\/comments?post=118374"}],"wp:featuredmedia":[{"embeddable":true,"href":"https:\/\/ses-creative.com\/fr\/wp-json\/wp\/v2\/media\/103636"}],"wp:attachment":[{"href":"https:\/\/ses-creative.com\/fr\/wp-json\/wp\/v2\/media?parent=118374"}],"wp:term":[{"taxonomy":"product_brand","embeddable":true,"href":"https:\/\/ses-creative.com\/fr\/wp-json\/wp\/v2\/product_brand?post=118374"},{"taxonomy":"product_cat","embeddable":true,"href":"https:\/\/ses-creative.com\/fr\/wp-json\/wp\/v2\/product_cat?post=118374"},{"taxonomy":"product_tag","embeddable":true,"href":"https:\/\/ses-creative.com\/fr\/wp-json\/wp\/v2\/product_tag?post=118374"}],"curies":[{"name":"wp","href":"https:\/\/api.w.org\/{rel}","templated":true}]}}