











{"id":118373,"date":"2026-02-12T10:09:34","date_gmt":"2026-02-12T10:09:34","guid":{"rendered":"https:\/\/ses-creative.com\/?post_type=product&#038;p=118373"},"modified":"2026-02-12T10:23:04","modified_gmt":"2026-02-12T10:23:04","slug":"sophie-la-girafe-kit-de-peinture-au-doigt","status":"publish","type":"product","link":"https:\/\/ses-creative.com\/fr\/produit\/sophie-la-girafe-kit-de-peinture-au-doigt\/","title":{"rendered":"Sophie la girafe &#8211; Kit de peinture au doigt"},"content":{"rendered":"<p>\u00c9veillez la cr\u00e9ativit\u00e9 de votre enfant avec le Kit Peinture au Doigt Sophie la Girafe de SES Creative ! Con\u00e7u sp\u00e9cialement pour les tout-petits d\u00e8s 1 an, ce coffret complet transforme chaque session de jeu en une exp\u00e9rience sensorielle et artistique unique. Avec ses 4 pots de peinture aux couleurs \u00e9clatantes, sa texture douce et facile \u00e0 appliquer, et ses 8 pochoirs amusants, votre enfant pourra s\u2019amuser \u00e0 cr\u00e9er librement tout en d\u00e9veloppant sa motricit\u00e9 fine et sa coordination \u0153il-main.<\/p>\n<p>Et parce que l\u2019apprentissage passe aussi par la d\u00e9couverte en toute confiance, ce kit inclut un tablier floqu\u00e9 ultra-pratique, permettant aux petits artistes de s\u2019exprimer sans crainte des taches. Les parents appr\u00e9cieront \u00e9galement la formule lavable, qui se nettoie facilement \u00e0 l\u2019eau, ainsi que la composition hypoallerg\u00e9nique et sans gluten, garantissant une activit\u00e9 sans danger.<\/p>\n<p>Id\u00e9al pour un anniversaire, No\u00ebl ou simplement pour encourager l\u2019\u00e9veil artistique, ce kit est un cadeau ludique et \u00e9ducatif qui accompagnera votre enfant dans ses premi\u00e8res explorations cr\u00e9atives. Con\u00e7u aux Pays-Bas et 100 % neutre en CO\u2082, il allie s\u00e9curit\u00e9, qualit\u00e9 et engagement \u00e9cologique. Faites plaisir aux petits cr\u00e9ateurs en herbe avec ce coffret Sophie la Girafe !<\/p>\n","protected":false},"excerpt":{"rendered":"<p>\u00c9veillez la cr\u00e9ativit\u00e9 de votre enfant avec le Kit Peinture au Doigt Sophie la Girafe de SES Creative ! Con\u00e7u sp\u00e9cialement pour les tout-petits d\u00e8s 1 an, ce coffret complet transforme chaque session de jeu en une exp\u00e9rience sensorielle et artistique unique. Avec ses 4 pots de peinture aux couleurs \u00e9clatantes, sa texture douce et [&hellip;]<\/p>\n","protected":false},"featured_media":103616,"comment_status":"closed","ping_status":"closed","template":"","meta":{"_acf_changed":false},"product_brand":[],"product_cat":[123],"product_tag":[],"class_list":{"0":"post-118373","1":"product","2":"type-product","3":"status-publish","4":"has-post-thumbnail","6":"product_cat-bebe-tout-petit","7":"pa_collecties-sophie-la-girafe","8":"pa_leeftijd-filter-0-2-ans","9":"pa_meest-populair-bij-garcons-filles","11":"first","12":"instock","13":"shipping-taxable","14":"product-type-simple"},"acf":[],"yoast_head":"<!-- This site is optimized with the Yoast SEO plugin v27.2 - https:\/\/yoast.com\/product\/yoast-seo-wordpress\/ -->\n<title>Sophie la girafe - Kit de peinture au doigt - SES Creative<\/title>\n<meta name=\"robots\" content=\"index, follow, max-snippet:-1, max-image-preview:large, max-video-preview:-1\" \/>\n<link rel=\"canonical\" href=\"https:\/\/ses-creative.com\/fr\/produit\/sophie-la-girafe-kit-de-peinture-au-doigt\/\" \/>\n<meta property=\"og:locale\" content=\"fr_FR\" \/>\n<meta property=\"og:type\" content=\"article\" \/>\n<meta property=\"og:title\" content=\"Sophie la girafe - Kit de peinture au doigt - SES Creative\" \/>\n<meta property=\"og:description\" content=\"\u00c9veillez la cr\u00e9ativit\u00e9 de votre enfant avec le Kit Peinture au Doigt Sophie la Girafe de SES Creative ! Con\u00e7u sp\u00e9cialement pour les tout-petits d\u00e8s 1 an, ce coffret complet transforme chaque session de jeu en une exp\u00e9rience sensorielle et artistique unique. Avec ses 4 pots de peinture aux couleurs \u00e9clatantes, sa texture douce et [&hellip;]\" \/>\n<meta property=\"og:url\" content=\"https:\/\/ses-creative.com\/fr\/produit\/sophie-la-girafe-kit-de-peinture-au-doigt\/\" \/>\n<meta property=\"og:site_name\" content=\"SES Creative\" \/>\n<meta property=\"article:modified_time\" content=\"2026-02-12T10:23:04+00:00\" \/>\n<meta name=\"twitter:card\" content=\"summary_large_image\" \/>\n<meta name=\"twitter:label1\" content=\"Dur\u00e9e de lecture estim\u00e9e\" \/>\n\t<meta name=\"twitter:data1\" content=\"1 minute\" \/>\n<script type=\"application\/ld+json\" class=\"yoast-schema-graph\">{\"@context\":\"https:\/\/schema.org\",\"@graph\":[{\"@type\":\"WebPage\",\"@id\":\"https:\/\/ses-creative.com\/fr\/produit\/sophie-la-girafe-kit-de-peinture-au-doigt\/\",\"url\":\"https:\/\/ses-creative.com\/fr\/produit\/sophie-la-girafe-kit-de-peinture-au-doigt\/\",\"name\":\"Sophie la girafe - Kit de peinture au doigt - SES Creative\",\"isPartOf\":{\"@id\":\"https:\/\/ses-creative.com\/#website\"},\"primaryImageOfPage\":{\"@id\":\"https:\/\/ses-creative.com\/fr\/produit\/sophie-la-girafe-kit-de-peinture-au-doigt\/#primaryimage\"},\"image\":{\"@id\":\"https:\/\/ses-creative.com\/fr\/produit\/sophie-la-girafe-kit-de-peinture-au-doigt\/#primaryimage\"},\"thumbnailUrl\":\"https:\/\/ses-creative.com\/wp-content\/uploads\/2026\/01\/144941.jpg\",\"datePublished\":\"2026-02-12T10:09:34+00:00\",\"dateModified\":\"2026-02-12T10:23:04+00:00\",\"breadcrumb\":{\"@id\":\"https:\/\/ses-creative.com\/fr\/produit\/sophie-la-girafe-kit-de-peinture-au-doigt\/#breadcrumb\"},\"inLanguage\":\"fr-FR\",\"potentialAction\":[{\"@type\":\"ReadAction\",\"target\":[\"https:\/\/ses-creative.com\/fr\/produit\/sophie-la-girafe-kit-de-peinture-au-doigt\/\"]}]},{\"@type\":\"ImageObject\",\"inLanguage\":\"fr-FR\",\"@id\":\"https:\/\/ses-creative.com\/fr\/produit\/sophie-la-girafe-kit-de-peinture-au-doigt\/#primaryimage\",\"url\":\"https:\/\/ses-creative.com\/wp-content\/uploads\/2026\/01\/144941.jpg\",\"contentUrl\":\"https:\/\/ses-creative.com\/wp-content\/uploads\/2026\/01\/144941.jpg\",\"width\":1000,\"height\":1000},{\"@type\":\"BreadcrumbList\",\"@id\":\"https:\/\/ses-creative.com\/fr\/produit\/sophie-la-girafe-kit-de-peinture-au-doigt\/#breadcrumb\",\"itemListElement\":[{\"@type\":\"ListItem\",\"position\":1,\"name\":\"Boutique\",\"item\":\"https:\/\/ses-creative.com\/fr\/boutique\/\"},{\"@type\":\"ListItem\",\"position\":2,\"name\":\"B\u00e9b\u00e9 &amp; Tout-petit\",\"item\":\"https:\/\/ses-creative.com\/fr\/product-categorie\/bebe-tout-petit\/\"},{\"@type\":\"ListItem\",\"position\":3,\"name\":\"Sophie la girafe &#8211; Kit de peinture au doigt\"}]},{\"@type\":\"WebSite\",\"@id\":\"https:\/\/ses-creative.com\/#website\",\"url\":\"https:\/\/ses-creative.com\/\",\"name\":\"SES Creative\",\"description\":\"\",\"publisher\":{\"@id\":\"https:\/\/ses-creative.com\/#organization\"},\"potentialAction\":[{\"@type\":\"SearchAction\",\"target\":{\"@type\":\"EntryPoint\",\"urlTemplate\":\"https:\/\/ses-creative.com\/?s={search_term_string}\"},\"query-input\":{\"@type\":\"PropertyValueSpecification\",\"valueRequired\":true,\"valueName\":\"search_term_string\"}}],\"inLanguage\":\"fr-FR\"},{\"@type\":\"Organization\",\"@id\":\"https:\/\/ses-creative.com\/#organization\",\"name\":\"SES Creative\",\"url\":\"https:\/\/ses-creative.com\/\",\"logo\":{\"@type\":\"ImageObject\",\"inLanguage\":\"fr-FR\",\"@id\":\"https:\/\/ses-creative.com\/#\/schema\/logo\/image\/\",\"url\":\"https:\/\/ses-creative.com\/wp-content\/uploads\/2025\/10\/ses-creative-logo.jpg\",\"contentUrl\":\"https:\/\/ses-creative.com\/wp-content\/uploads\/2025\/10\/ses-creative-logo.jpg\",\"width\":2037,\"height\":2037,\"caption\":\"SES Creative\"},\"image\":{\"@id\":\"https:\/\/ses-creative.com\/#\/schema\/logo\/image\/\"}}]}<\/script>\n<!-- \/ Yoast SEO plugin. -->","yoast_head_json":{"title":"Sophie la girafe - Kit de peinture au doigt - SES Creative","robots":{"index":"index","follow":"follow","max-snippet":"max-snippet:-1","max-image-preview":"max-image-preview:large","max-video-preview":"max-video-preview:-1"},"canonical":"https:\/\/ses-creative.com\/fr\/produit\/sophie-la-girafe-kit-de-peinture-au-doigt\/","og_locale":"fr_FR","og_type":"article","og_title":"Sophie la girafe - Kit de peinture au doigt - SES Creative","og_description":"\u00c9veillez la cr\u00e9ativit\u00e9 de votre enfant avec le Kit Peinture au Doigt Sophie la Girafe de SES Creative ! Con\u00e7u sp\u00e9cialement pour les tout-petits d\u00e8s 1 an, ce coffret complet transforme chaque session de jeu en une exp\u00e9rience sensorielle et artistique unique. Avec ses 4 pots de peinture aux couleurs \u00e9clatantes, sa texture douce et [&hellip;]","og_url":"https:\/\/ses-creative.com\/fr\/produit\/sophie-la-girafe-kit-de-peinture-au-doigt\/","og_site_name":"SES Creative","article_modified_time":"2026-02-12T10:23:04+00:00","twitter_card":"summary_large_image","twitter_misc":{"Dur\u00e9e de lecture estim\u00e9e":"1 minute"},"schema":{"@context":"https:\/\/schema.org","@graph":[{"@type":"WebPage","@id":"https:\/\/ses-creative.com\/fr\/produit\/sophie-la-girafe-kit-de-peinture-au-doigt\/","url":"https:\/\/ses-creative.com\/fr\/produit\/sophie-la-girafe-kit-de-peinture-au-doigt\/","name":"Sophie la girafe - Kit de peinture au doigt - SES Creative","isPartOf":{"@id":"https:\/\/ses-creative.com\/#website"},"primaryImageOfPage":{"@id":"https:\/\/ses-creative.com\/fr\/produit\/sophie-la-girafe-kit-de-peinture-au-doigt\/#primaryimage"},"image":{"@id":"https:\/\/ses-creative.com\/fr\/produit\/sophie-la-girafe-kit-de-peinture-au-doigt\/#primaryimage"},"thumbnailUrl":"https:\/\/ses-creative.com\/wp-content\/uploads\/2026\/01\/144941.jpg","datePublished":"2026-02-12T10:09:34+00:00","dateModified":"2026-02-12T10:23:04+00:00","breadcrumb":{"@id":"https:\/\/ses-creative.com\/fr\/produit\/sophie-la-girafe-kit-de-peinture-au-doigt\/#breadcrumb"},"inLanguage":"fr-FR","potentialAction":[{"@type":"ReadAction","target":["https:\/\/ses-creative.com\/fr\/produit\/sophie-la-girafe-kit-de-peinture-au-doigt\/"]}]},{"@type":"ImageObject","inLanguage":"fr-FR","@id":"https:\/\/ses-creative.com\/fr\/produit\/sophie-la-girafe-kit-de-peinture-au-doigt\/#primaryimage","url":"https:\/\/ses-creative.com\/wp-content\/uploads\/2026\/01\/144941.jpg","contentUrl":"https:\/\/ses-creative.com\/wp-content\/uploads\/2026\/01\/144941.jpg","width":1000,"height":1000},{"@type":"BreadcrumbList","@id":"https:\/\/ses-creative.com\/fr\/produit\/sophie-la-girafe-kit-de-peinture-au-doigt\/#breadcrumb","itemListElement":[{"@type":"ListItem","position":1,"name":"Boutique","item":"https:\/\/ses-creative.com\/fr\/boutique\/"},{"@type":"ListItem","position":2,"name":"B\u00e9b\u00e9 &amp; Tout-petit","item":"https:\/\/ses-creative.com\/fr\/product-categorie\/bebe-tout-petit\/"},{"@type":"ListItem","position":3,"name":"Sophie la girafe &#8211; Kit de peinture au doigt"}]},{"@type":"WebSite","@id":"https:\/\/ses-creative.com\/#website","url":"https:\/\/ses-creative.com\/","name":"SES Creative","description":"","publisher":{"@id":"https:\/\/ses-creative.com\/#organization"},"potentialAction":[{"@type":"SearchAction","target":{"@type":"EntryPoint","urlTemplate":"https:\/\/ses-creative.com\/?s={search_term_string}"},"query-input":{"@type":"PropertyValueSpecification","valueRequired":true,"valueName":"search_term_string"}}],"inLanguage":"fr-FR"},{"@type":"Organization","@id":"https:\/\/ses-creative.com\/#organization","name":"SES Creative","url":"https:\/\/ses-creative.com\/","logo":{"@type":"ImageObject","inLanguage":"fr-FR","@id":"https:\/\/ses-creative.com\/#\/schema\/logo\/image\/","url":"https:\/\/ses-creative.com\/wp-content\/uploads\/2025\/10\/ses-creative-logo.jpg","contentUrl":"https:\/\/ses-creative.com\/wp-content\/uploads\/2025\/10\/ses-creative-logo.jpg","width":2037,"height":2037,"caption":"SES Creative"},"image":{"@id":"https:\/\/ses-creative.com\/#\/schema\/logo\/image\/"}}]}},"_links":{"self":[{"href":"https:\/\/ses-creative.com\/fr\/wp-json\/wp\/v2\/product\/118373","targetHints":{"allow":["GET"]}}],"collection":[{"href":"https:\/\/ses-creative.com\/fr\/wp-json\/wp\/v2\/product"}],"about":[{"href":"https:\/\/ses-creative.com\/fr\/wp-json\/wp\/v2\/types\/product"}],"replies":[{"embeddable":true,"href":"https:\/\/ses-creative.com\/fr\/wp-json\/wp\/v2\/comments?post=118373"}],"wp:featuredmedia":[{"embeddable":true,"href":"https:\/\/ses-creative.com\/fr\/wp-json\/wp\/v2\/media\/103616"}],"wp:attachment":[{"href":"https:\/\/ses-creative.com\/fr\/wp-json\/wp\/v2\/media?parent=118373"}],"wp:term":[{"taxonomy":"product_brand","embeddable":true,"href":"https:\/\/ses-creative.com\/fr\/wp-json\/wp\/v2\/product_brand?post=118373"},{"taxonomy":"product_cat","embeddable":true,"href":"https:\/\/ses-creative.com\/fr\/wp-json\/wp\/v2\/product_cat?post=118373"},{"taxonomy":"product_tag","embeddable":true,"href":"https:\/\/ses-creative.com\/fr\/wp-json\/wp\/v2\/product_tag?post=118373"}],"curies":[{"name":"wp","href":"https:\/\/api.w.org\/{rel}","templated":true}]}}