











{"id":118372,"date":"2026-02-12T10:09:33","date_gmt":"2026-02-12T10:09:33","guid":{"rendered":"https:\/\/ses-creative.com\/?post_type=product&#038;p=118372"},"modified":"2026-02-12T10:23:04","modified_gmt":"2026-02-12T10:23:04","slug":"sophie-la-girafe-feutres-pour-bebe","status":"publish","type":"product","link":"https:\/\/ses-creative.com\/fr\/produit\/sophie-la-girafe-feutres-pour-bebe\/","title":{"rendered":"Sophie la girafe &#8211; Feutres pour b\u00e9b\u00e9"},"content":{"rendered":"<p>Ce set de feutres b\u00e9b\u00e9 lavables est id\u00e9al pour les tout-petits qui d\u00e9couvrent le dessin et le coloriage. Con\u00e7u pour une prise en main facile, il permet aux enfants d\u00e8s 1 an de s\u2019amuser avec des couleurs vives tout en d\u00e9veloppant leur motricit\u00e9 fine. Ces feutres sont adapt\u00e9s aux jeunes artistes qui veulent exprimer leur cr\u00e9ativit\u00e9 en toute s\u00e9curit\u00e9.<\/p>\n<p>Chaque crayon de couleur enfant poss\u00e8de une pointe ronde et r\u00e9sistante, sp\u00e9cialement con\u00e7ue pour \u00e9viter qu\u2019elle ne s\u2019enfonce sous la pression. Le bouchon de s\u00e9curit\u00e9 emp\u00eache tout risque d\u2019\u00e9touffement, garantissant une utilisation adapt\u00e9e aux plus jeunes. Les couleurs intenses stimulent l\u2019imagination et rendent chaque dessin unique.<\/p>\n<p>L\u2019encre utilis\u00e9e dans ces feutres b\u00e9b\u00e9 lavables est non toxique et se nettoie facilement sur la peau et la plupart des textiles. Les parents peuvent ainsi laisser leurs enfants dessiner librement sans crainte des taches.<\/p>\n<p>Ce kit dessin Sophie la Girafe est parfait pour encourager la cr\u00e9ativit\u00e9 d\u00e8s le plus jeune \u00e2ge. Un excellent choix pour initier les enfants aux activit\u00e9s manuelles tout-petits et leur offrir un mat\u00e9riel cr\u00e9atif b\u00e9b\u00e9 adapt\u00e9 \u00e0 leurs besoins. Une id\u00e9e cadeau id\u00e9ale pour un anniversaire ou une activit\u00e9 \u00e9ducative.<\/p>\n","protected":false},"excerpt":{"rendered":"<p>Ce set de feutres b\u00e9b\u00e9 lavables est id\u00e9al pour les tout-petits qui d\u00e9couvrent le dessin et le coloriage. Con\u00e7u pour une prise en main facile, il permet aux enfants d\u00e8s 1 an de s\u2019amuser avec des couleurs vives tout en d\u00e9veloppant leur motricit\u00e9 fine. Ces feutres sont adapt\u00e9s aux jeunes artistes qui veulent exprimer leur [&hellip;]<\/p>\n","protected":false},"featured_media":103596,"comment_status":"closed","ping_status":"closed","template":"","meta":{"_acf_changed":false},"product_brand":[],"product_cat":[123],"product_tag":[],"class_list":{"0":"post-118372","1":"product","2":"type-product","3":"status-publish","4":"has-post-thumbnail","6":"product_cat-bebe-tout-petit","7":"pa_collecties-sophie-la-girafe","8":"pa_leeftijd-filter-0-2-ans","9":"pa_meest-populair-bij-garcons-filles","11":"first","12":"instock","13":"shipping-taxable","14":"product-type-simple"},"acf":[],"yoast_head":"<!-- This site is optimized with the Yoast SEO plugin v27.2 - https:\/\/yoast.com\/product\/yoast-seo-wordpress\/ -->\n<title>Sophie la girafe - Feutres pour b\u00e9b\u00e9 - SES Creative<\/title>\n<meta name=\"robots\" content=\"index, follow, max-snippet:-1, max-image-preview:large, max-video-preview:-1\" \/>\n<link rel=\"canonical\" href=\"https:\/\/ses-creative.com\/fr\/produit\/sophie-la-girafe-feutres-pour-bebe\/\" \/>\n<meta property=\"og:locale\" content=\"fr_FR\" \/>\n<meta property=\"og:type\" content=\"article\" \/>\n<meta property=\"og:title\" content=\"Sophie la girafe - Feutres pour b\u00e9b\u00e9 - SES Creative\" \/>\n<meta property=\"og:description\" content=\"Ce set de feutres b\u00e9b\u00e9 lavables est id\u00e9al pour les tout-petits qui d\u00e9couvrent le dessin et le coloriage. Con\u00e7u pour une prise en main facile, il permet aux enfants d\u00e8s 1 an de s\u2019amuser avec des couleurs vives tout en d\u00e9veloppant leur motricit\u00e9 fine. Ces feutres sont adapt\u00e9s aux jeunes artistes qui veulent exprimer leur [&hellip;]\" \/>\n<meta property=\"og:url\" content=\"https:\/\/ses-creative.com\/fr\/produit\/sophie-la-girafe-feutres-pour-bebe\/\" \/>\n<meta property=\"og:site_name\" content=\"SES Creative\" \/>\n<meta property=\"article:modified_time\" content=\"2026-02-12T10:23:04+00:00\" \/>\n<meta name=\"twitter:card\" content=\"summary_large_image\" \/>\n<meta name=\"twitter:label1\" content=\"Dur\u00e9e de lecture estim\u00e9e\" \/>\n\t<meta name=\"twitter:data1\" content=\"1 minute\" \/>\n<script type=\"application\/ld+json\" class=\"yoast-schema-graph\">{\"@context\":\"https:\/\/schema.org\",\"@graph\":[{\"@type\":\"WebPage\",\"@id\":\"https:\/\/ses-creative.com\/fr\/produit\/sophie-la-girafe-feutres-pour-bebe\/\",\"url\":\"https:\/\/ses-creative.com\/fr\/produit\/sophie-la-girafe-feutres-pour-bebe\/\",\"name\":\"Sophie la girafe - Feutres pour b\u00e9b\u00e9 - SES Creative\",\"isPartOf\":{\"@id\":\"https:\/\/ses-creative.com\/#website\"},\"primaryImageOfPage\":{\"@id\":\"https:\/\/ses-creative.com\/fr\/produit\/sophie-la-girafe-feutres-pour-bebe\/#primaryimage\"},\"image\":{\"@id\":\"https:\/\/ses-creative.com\/fr\/produit\/sophie-la-girafe-feutres-pour-bebe\/#primaryimage\"},\"thumbnailUrl\":\"https:\/\/ses-creative.com\/wp-content\/uploads\/2026\/01\/144911.jpg\",\"datePublished\":\"2026-02-12T10:09:33+00:00\",\"dateModified\":\"2026-02-12T10:23:04+00:00\",\"breadcrumb\":{\"@id\":\"https:\/\/ses-creative.com\/fr\/produit\/sophie-la-girafe-feutres-pour-bebe\/#breadcrumb\"},\"inLanguage\":\"fr-FR\",\"potentialAction\":[{\"@type\":\"ReadAction\",\"target\":[\"https:\/\/ses-creative.com\/fr\/produit\/sophie-la-girafe-feutres-pour-bebe\/\"]}]},{\"@type\":\"ImageObject\",\"inLanguage\":\"fr-FR\",\"@id\":\"https:\/\/ses-creative.com\/fr\/produit\/sophie-la-girafe-feutres-pour-bebe\/#primaryimage\",\"url\":\"https:\/\/ses-creative.com\/wp-content\/uploads\/2026\/01\/144911.jpg\",\"contentUrl\":\"https:\/\/ses-creative.com\/wp-content\/uploads\/2026\/01\/144911.jpg\",\"width\":1000,\"height\":1000},{\"@type\":\"BreadcrumbList\",\"@id\":\"https:\/\/ses-creative.com\/fr\/produit\/sophie-la-girafe-feutres-pour-bebe\/#breadcrumb\",\"itemListElement\":[{\"@type\":\"ListItem\",\"position\":1,\"name\":\"Boutique\",\"item\":\"https:\/\/ses-creative.com\/fr\/boutique\/\"},{\"@type\":\"ListItem\",\"position\":2,\"name\":\"B\u00e9b\u00e9 &amp; Tout-petit\",\"item\":\"https:\/\/ses-creative.com\/fr\/product-categorie\/bebe-tout-petit\/\"},{\"@type\":\"ListItem\",\"position\":3,\"name\":\"Sophie la girafe &#8211; Feutres pour b\u00e9b\u00e9\"}]},{\"@type\":\"WebSite\",\"@id\":\"https:\/\/ses-creative.com\/#website\",\"url\":\"https:\/\/ses-creative.com\/\",\"name\":\"SES Creative\",\"description\":\"\",\"publisher\":{\"@id\":\"https:\/\/ses-creative.com\/#organization\"},\"potentialAction\":[{\"@type\":\"SearchAction\",\"target\":{\"@type\":\"EntryPoint\",\"urlTemplate\":\"https:\/\/ses-creative.com\/?s={search_term_string}\"},\"query-input\":{\"@type\":\"PropertyValueSpecification\",\"valueRequired\":true,\"valueName\":\"search_term_string\"}}],\"inLanguage\":\"fr-FR\"},{\"@type\":\"Organization\",\"@id\":\"https:\/\/ses-creative.com\/#organization\",\"name\":\"SES Creative\",\"url\":\"https:\/\/ses-creative.com\/\",\"logo\":{\"@type\":\"ImageObject\",\"inLanguage\":\"fr-FR\",\"@id\":\"https:\/\/ses-creative.com\/#\/schema\/logo\/image\/\",\"url\":\"https:\/\/ses-creative.com\/wp-content\/uploads\/2025\/10\/ses-creative-logo.jpg\",\"contentUrl\":\"https:\/\/ses-creative.com\/wp-content\/uploads\/2025\/10\/ses-creative-logo.jpg\",\"width\":2037,\"height\":2037,\"caption\":\"SES Creative\"},\"image\":{\"@id\":\"https:\/\/ses-creative.com\/#\/schema\/logo\/image\/\"}}]}<\/script>\n<!-- \/ Yoast SEO plugin. -->","yoast_head_json":{"title":"Sophie la girafe - Feutres pour b\u00e9b\u00e9 - SES Creative","robots":{"index":"index","follow":"follow","max-snippet":"max-snippet:-1","max-image-preview":"max-image-preview:large","max-video-preview":"max-video-preview:-1"},"canonical":"https:\/\/ses-creative.com\/fr\/produit\/sophie-la-girafe-feutres-pour-bebe\/","og_locale":"fr_FR","og_type":"article","og_title":"Sophie la girafe - Feutres pour b\u00e9b\u00e9 - SES Creative","og_description":"Ce set de feutres b\u00e9b\u00e9 lavables est id\u00e9al pour les tout-petits qui d\u00e9couvrent le dessin et le coloriage. Con\u00e7u pour une prise en main facile, il permet aux enfants d\u00e8s 1 an de s\u2019amuser avec des couleurs vives tout en d\u00e9veloppant leur motricit\u00e9 fine. Ces feutres sont adapt\u00e9s aux jeunes artistes qui veulent exprimer leur [&hellip;]","og_url":"https:\/\/ses-creative.com\/fr\/produit\/sophie-la-girafe-feutres-pour-bebe\/","og_site_name":"SES Creative","article_modified_time":"2026-02-12T10:23:04+00:00","twitter_card":"summary_large_image","twitter_misc":{"Dur\u00e9e de lecture estim\u00e9e":"1 minute"},"schema":{"@context":"https:\/\/schema.org","@graph":[{"@type":"WebPage","@id":"https:\/\/ses-creative.com\/fr\/produit\/sophie-la-girafe-feutres-pour-bebe\/","url":"https:\/\/ses-creative.com\/fr\/produit\/sophie-la-girafe-feutres-pour-bebe\/","name":"Sophie la girafe - Feutres pour b\u00e9b\u00e9 - SES Creative","isPartOf":{"@id":"https:\/\/ses-creative.com\/#website"},"primaryImageOfPage":{"@id":"https:\/\/ses-creative.com\/fr\/produit\/sophie-la-girafe-feutres-pour-bebe\/#primaryimage"},"image":{"@id":"https:\/\/ses-creative.com\/fr\/produit\/sophie-la-girafe-feutres-pour-bebe\/#primaryimage"},"thumbnailUrl":"https:\/\/ses-creative.com\/wp-content\/uploads\/2026\/01\/144911.jpg","datePublished":"2026-02-12T10:09:33+00:00","dateModified":"2026-02-12T10:23:04+00:00","breadcrumb":{"@id":"https:\/\/ses-creative.com\/fr\/produit\/sophie-la-girafe-feutres-pour-bebe\/#breadcrumb"},"inLanguage":"fr-FR","potentialAction":[{"@type":"ReadAction","target":["https:\/\/ses-creative.com\/fr\/produit\/sophie-la-girafe-feutres-pour-bebe\/"]}]},{"@type":"ImageObject","inLanguage":"fr-FR","@id":"https:\/\/ses-creative.com\/fr\/produit\/sophie-la-girafe-feutres-pour-bebe\/#primaryimage","url":"https:\/\/ses-creative.com\/wp-content\/uploads\/2026\/01\/144911.jpg","contentUrl":"https:\/\/ses-creative.com\/wp-content\/uploads\/2026\/01\/144911.jpg","width":1000,"height":1000},{"@type":"BreadcrumbList","@id":"https:\/\/ses-creative.com\/fr\/produit\/sophie-la-girafe-feutres-pour-bebe\/#breadcrumb","itemListElement":[{"@type":"ListItem","position":1,"name":"Boutique","item":"https:\/\/ses-creative.com\/fr\/boutique\/"},{"@type":"ListItem","position":2,"name":"B\u00e9b\u00e9 &amp; Tout-petit","item":"https:\/\/ses-creative.com\/fr\/product-categorie\/bebe-tout-petit\/"},{"@type":"ListItem","position":3,"name":"Sophie la girafe &#8211; Feutres pour b\u00e9b\u00e9"}]},{"@type":"WebSite","@id":"https:\/\/ses-creative.com\/#website","url":"https:\/\/ses-creative.com\/","name":"SES Creative","description":"","publisher":{"@id":"https:\/\/ses-creative.com\/#organization"},"potentialAction":[{"@type":"SearchAction","target":{"@type":"EntryPoint","urlTemplate":"https:\/\/ses-creative.com\/?s={search_term_string}"},"query-input":{"@type":"PropertyValueSpecification","valueRequired":true,"valueName":"search_term_string"}}],"inLanguage":"fr-FR"},{"@type":"Organization","@id":"https:\/\/ses-creative.com\/#organization","name":"SES Creative","url":"https:\/\/ses-creative.com\/","logo":{"@type":"ImageObject","inLanguage":"fr-FR","@id":"https:\/\/ses-creative.com\/#\/schema\/logo\/image\/","url":"https:\/\/ses-creative.com\/wp-content\/uploads\/2025\/10\/ses-creative-logo.jpg","contentUrl":"https:\/\/ses-creative.com\/wp-content\/uploads\/2025\/10\/ses-creative-logo.jpg","width":2037,"height":2037,"caption":"SES Creative"},"image":{"@id":"https:\/\/ses-creative.com\/#\/schema\/logo\/image\/"}}]}},"_links":{"self":[{"href":"https:\/\/ses-creative.com\/fr\/wp-json\/wp\/v2\/product\/118372","targetHints":{"allow":["GET"]}}],"collection":[{"href":"https:\/\/ses-creative.com\/fr\/wp-json\/wp\/v2\/product"}],"about":[{"href":"https:\/\/ses-creative.com\/fr\/wp-json\/wp\/v2\/types\/product"}],"replies":[{"embeddable":true,"href":"https:\/\/ses-creative.com\/fr\/wp-json\/wp\/v2\/comments?post=118372"}],"wp:featuredmedia":[{"embeddable":true,"href":"https:\/\/ses-creative.com\/fr\/wp-json\/wp\/v2\/media\/103596"}],"wp:attachment":[{"href":"https:\/\/ses-creative.com\/fr\/wp-json\/wp\/v2\/media?parent=118372"}],"wp:term":[{"taxonomy":"product_brand","embeddable":true,"href":"https:\/\/ses-creative.com\/fr\/wp-json\/wp\/v2\/product_brand?post=118372"},{"taxonomy":"product_cat","embeddable":true,"href":"https:\/\/ses-creative.com\/fr\/wp-json\/wp\/v2\/product_cat?post=118372"},{"taxonomy":"product_tag","embeddable":true,"href":"https:\/\/ses-creative.com\/fr\/wp-json\/wp\/v2\/product_tag?post=118372"}],"curies":[{"name":"wp","href":"https:\/\/api.w.org\/{rel}","templated":true}]}}