











{"id":118371,"date":"2026-02-12T10:09:33","date_gmt":"2026-02-12T10:09:33","guid":{"rendered":"https:\/\/ses-creative.com\/?post_type=product&#038;p=118371"},"modified":"2026-02-12T10:23:03","modified_gmt":"2026-02-12T10:23:03","slug":"sophie-la-girafe-coloriage-a-leau","status":"publish","type":"product","link":"https:\/\/ses-creative.com\/fr\/produit\/sophie-la-girafe-coloriage-a-leau\/","title":{"rendered":"Sophie la girafe &#8211; Coloriage \u00e0 l&rsquo;eau"},"content":{"rendered":"<p>Offrez \u00e0 votre enfant un coloriage magique sans d\u00e9g\u00e2ts avec Sophie la girafe ! Ce jeu \u00e9ducatif ludique comprend 4 cartes r\u00e9utilisables et un pinceau s\u00e9curis\u00e9. Passez un pinceau humide sur les cartes pour voir les dessins appara\u00eetre comme par magie. Une fois sec, le coloriage dispara\u00eet, permettant une utilisation infinie. Id\u00e9al pour les jeunes enfants d\u00e8s 1 an, ce kit stimule la cr\u00e9ativit\u00e9 et le d\u00e9veloppement sensoriel en toute simplicit\u00e9. Son pinceau ergonomique est con\u00e7u pour les petites mains, avec des poils solidement fix\u00e9s pour une utilisation s\u00fbre. Gr\u00e2ce \u00e0 ce coloriage magique b\u00e9b\u00e9, les tout-petits d\u00e9couvrent les couleurs et d\u00e9veloppent leur motricit\u00e9 fine tout en s&rsquo;amusant. Une activit\u00e9 parfaite pour les moments de partage entre parents et enfants. Sans taches ni salissures, ce jeu \u00e9ducatif sans d\u00e9g\u00e2ts garantit des heures de divertissement propre. Avec ses cartes joyeuses \u00e0 l\u2019effigie de Sophie la girafe, il captive l&rsquo;attention des plus jeunes. Offrez un cadeau original qui \u00e9veillera l&rsquo;imagination et l&rsquo;\u00e9veil sensoriel de votre enfant tout en lui procurant du plaisir \u00e0 chaque utilisation !<\/p>\n","protected":false},"excerpt":{"rendered":"<p>Offrez \u00e0 votre enfant un coloriage magique sans d\u00e9g\u00e2ts avec Sophie la girafe ! Ce jeu \u00e9ducatif ludique comprend 4 cartes r\u00e9utilisables et un pinceau s\u00e9curis\u00e9. Passez un pinceau humide sur les cartes pour voir les dessins appara\u00eetre comme par magie. Une fois sec, le coloriage dispara\u00eet, permettant une utilisation infinie. Id\u00e9al pour les jeunes [&hellip;]<\/p>\n","protected":false},"featured_media":103576,"comment_status":"closed","ping_status":"closed","template":"","meta":{"_acf_changed":false},"product_brand":[],"product_cat":[123],"product_tag":[],"class_list":{"0":"post-118371","1":"product","2":"type-product","3":"status-publish","4":"has-post-thumbnail","6":"product_cat-bebe-tout-petit","7":"pa_collecties-sophie-la-girafe","8":"pa_leeftijd-filter-0-2-ans","9":"pa_meest-populair-bij-garcons-filles","11":"first","12":"instock","13":"shipping-taxable","14":"product-type-simple"},"acf":[],"yoast_head":"<!-- This site is optimized with the Yoast SEO plugin v27.2 - https:\/\/yoast.com\/product\/yoast-seo-wordpress\/ -->\n<title>Sophie la girafe - Coloriage \u00e0 l&#039;eau - SES Creative<\/title>\n<meta name=\"robots\" content=\"index, follow, max-snippet:-1, max-image-preview:large, max-video-preview:-1\" \/>\n<link rel=\"canonical\" href=\"https:\/\/ses-creative.com\/fr\/produit\/sophie-la-girafe-coloriage-a-leau\/\" \/>\n<meta property=\"og:locale\" content=\"fr_FR\" \/>\n<meta property=\"og:type\" content=\"article\" \/>\n<meta property=\"og:title\" content=\"Sophie la girafe - Coloriage \u00e0 l&#039;eau - SES Creative\" \/>\n<meta property=\"og:description\" content=\"Offrez \u00e0 votre enfant un coloriage magique sans d\u00e9g\u00e2ts avec Sophie la girafe ! Ce jeu \u00e9ducatif ludique comprend 4 cartes r\u00e9utilisables et un pinceau s\u00e9curis\u00e9. Passez un pinceau humide sur les cartes pour voir les dessins appara\u00eetre comme par magie. Une fois sec, le coloriage dispara\u00eet, permettant une utilisation infinie. Id\u00e9al pour les jeunes [&hellip;]\" \/>\n<meta property=\"og:url\" content=\"https:\/\/ses-creative.com\/fr\/produit\/sophie-la-girafe-coloriage-a-leau\/\" \/>\n<meta property=\"og:site_name\" content=\"SES Creative\" \/>\n<meta property=\"article:modified_time\" content=\"2026-02-12T10:23:03+00:00\" \/>\n<meta name=\"twitter:card\" content=\"summary_large_image\" \/>\n<meta name=\"twitter:label1\" content=\"Dur\u00e9e de lecture estim\u00e9e\" \/>\n\t<meta name=\"twitter:data1\" content=\"1 minute\" \/>\n<script type=\"application\/ld+json\" class=\"yoast-schema-graph\">{\"@context\":\"https:\/\/schema.org\",\"@graph\":[{\"@type\":\"WebPage\",\"@id\":\"https:\/\/ses-creative.com\/fr\/produit\/sophie-la-girafe-coloriage-a-leau\/\",\"url\":\"https:\/\/ses-creative.com\/fr\/produit\/sophie-la-girafe-coloriage-a-leau\/\",\"name\":\"Sophie la girafe - Coloriage \u00e0 l'eau - SES Creative\",\"isPartOf\":{\"@id\":\"https:\/\/ses-creative.com\/#website\"},\"primaryImageOfPage\":{\"@id\":\"https:\/\/ses-creative.com\/fr\/produit\/sophie-la-girafe-coloriage-a-leau\/#primaryimage\"},\"image\":{\"@id\":\"https:\/\/ses-creative.com\/fr\/produit\/sophie-la-girafe-coloriage-a-leau\/#primaryimage\"},\"thumbnailUrl\":\"https:\/\/ses-creative.com\/wp-content\/uploads\/2026\/01\/144901.jpg\",\"datePublished\":\"2026-02-12T10:09:33+00:00\",\"dateModified\":\"2026-02-12T10:23:03+00:00\",\"breadcrumb\":{\"@id\":\"https:\/\/ses-creative.com\/fr\/produit\/sophie-la-girafe-coloriage-a-leau\/#breadcrumb\"},\"inLanguage\":\"fr-FR\",\"potentialAction\":[{\"@type\":\"ReadAction\",\"target\":[\"https:\/\/ses-creative.com\/fr\/produit\/sophie-la-girafe-coloriage-a-leau\/\"]}]},{\"@type\":\"ImageObject\",\"inLanguage\":\"fr-FR\",\"@id\":\"https:\/\/ses-creative.com\/fr\/produit\/sophie-la-girafe-coloriage-a-leau\/#primaryimage\",\"url\":\"https:\/\/ses-creative.com\/wp-content\/uploads\/2026\/01\/144901.jpg\",\"contentUrl\":\"https:\/\/ses-creative.com\/wp-content\/uploads\/2026\/01\/144901.jpg\",\"width\":1000,\"height\":1000},{\"@type\":\"BreadcrumbList\",\"@id\":\"https:\/\/ses-creative.com\/fr\/produit\/sophie-la-girafe-coloriage-a-leau\/#breadcrumb\",\"itemListElement\":[{\"@type\":\"ListItem\",\"position\":1,\"name\":\"Boutique\",\"item\":\"https:\/\/ses-creative.com\/fr\/boutique\/\"},{\"@type\":\"ListItem\",\"position\":2,\"name\":\"B\u00e9b\u00e9 &amp; Tout-petit\",\"item\":\"https:\/\/ses-creative.com\/fr\/product-categorie\/bebe-tout-petit\/\"},{\"@type\":\"ListItem\",\"position\":3,\"name\":\"Sophie la girafe &#8211; Coloriage \u00e0 l&#8217;eau\"}]},{\"@type\":\"WebSite\",\"@id\":\"https:\/\/ses-creative.com\/#website\",\"url\":\"https:\/\/ses-creative.com\/\",\"name\":\"SES Creative\",\"description\":\"\",\"publisher\":{\"@id\":\"https:\/\/ses-creative.com\/#organization\"},\"potentialAction\":[{\"@type\":\"SearchAction\",\"target\":{\"@type\":\"EntryPoint\",\"urlTemplate\":\"https:\/\/ses-creative.com\/?s={search_term_string}\"},\"query-input\":{\"@type\":\"PropertyValueSpecification\",\"valueRequired\":true,\"valueName\":\"search_term_string\"}}],\"inLanguage\":\"fr-FR\"},{\"@type\":\"Organization\",\"@id\":\"https:\/\/ses-creative.com\/#organization\",\"name\":\"SES Creative\",\"url\":\"https:\/\/ses-creative.com\/\",\"logo\":{\"@type\":\"ImageObject\",\"inLanguage\":\"fr-FR\",\"@id\":\"https:\/\/ses-creative.com\/#\/schema\/logo\/image\/\",\"url\":\"https:\/\/ses-creative.com\/wp-content\/uploads\/2025\/10\/ses-creative-logo.jpg\",\"contentUrl\":\"https:\/\/ses-creative.com\/wp-content\/uploads\/2025\/10\/ses-creative-logo.jpg\",\"width\":2037,\"height\":2037,\"caption\":\"SES Creative\"},\"image\":{\"@id\":\"https:\/\/ses-creative.com\/#\/schema\/logo\/image\/\"}}]}<\/script>\n<!-- \/ Yoast SEO plugin. -->","yoast_head_json":{"title":"Sophie la girafe - Coloriage \u00e0 l'eau - SES Creative","robots":{"index":"index","follow":"follow","max-snippet":"max-snippet:-1","max-image-preview":"max-image-preview:large","max-video-preview":"max-video-preview:-1"},"canonical":"https:\/\/ses-creative.com\/fr\/produit\/sophie-la-girafe-coloriage-a-leau\/","og_locale":"fr_FR","og_type":"article","og_title":"Sophie la girafe - Coloriage \u00e0 l'eau - SES Creative","og_description":"Offrez \u00e0 votre enfant un coloriage magique sans d\u00e9g\u00e2ts avec Sophie la girafe ! Ce jeu \u00e9ducatif ludique comprend 4 cartes r\u00e9utilisables et un pinceau s\u00e9curis\u00e9. Passez un pinceau humide sur les cartes pour voir les dessins appara\u00eetre comme par magie. Une fois sec, le coloriage dispara\u00eet, permettant une utilisation infinie. Id\u00e9al pour les jeunes [&hellip;]","og_url":"https:\/\/ses-creative.com\/fr\/produit\/sophie-la-girafe-coloriage-a-leau\/","og_site_name":"SES Creative","article_modified_time":"2026-02-12T10:23:03+00:00","twitter_card":"summary_large_image","twitter_misc":{"Dur\u00e9e de lecture estim\u00e9e":"1 minute"},"schema":{"@context":"https:\/\/schema.org","@graph":[{"@type":"WebPage","@id":"https:\/\/ses-creative.com\/fr\/produit\/sophie-la-girafe-coloriage-a-leau\/","url":"https:\/\/ses-creative.com\/fr\/produit\/sophie-la-girafe-coloriage-a-leau\/","name":"Sophie la girafe - Coloriage \u00e0 l'eau - SES Creative","isPartOf":{"@id":"https:\/\/ses-creative.com\/#website"},"primaryImageOfPage":{"@id":"https:\/\/ses-creative.com\/fr\/produit\/sophie-la-girafe-coloriage-a-leau\/#primaryimage"},"image":{"@id":"https:\/\/ses-creative.com\/fr\/produit\/sophie-la-girafe-coloriage-a-leau\/#primaryimage"},"thumbnailUrl":"https:\/\/ses-creative.com\/wp-content\/uploads\/2026\/01\/144901.jpg","datePublished":"2026-02-12T10:09:33+00:00","dateModified":"2026-02-12T10:23:03+00:00","breadcrumb":{"@id":"https:\/\/ses-creative.com\/fr\/produit\/sophie-la-girafe-coloriage-a-leau\/#breadcrumb"},"inLanguage":"fr-FR","potentialAction":[{"@type":"ReadAction","target":["https:\/\/ses-creative.com\/fr\/produit\/sophie-la-girafe-coloriage-a-leau\/"]}]},{"@type":"ImageObject","inLanguage":"fr-FR","@id":"https:\/\/ses-creative.com\/fr\/produit\/sophie-la-girafe-coloriage-a-leau\/#primaryimage","url":"https:\/\/ses-creative.com\/wp-content\/uploads\/2026\/01\/144901.jpg","contentUrl":"https:\/\/ses-creative.com\/wp-content\/uploads\/2026\/01\/144901.jpg","width":1000,"height":1000},{"@type":"BreadcrumbList","@id":"https:\/\/ses-creative.com\/fr\/produit\/sophie-la-girafe-coloriage-a-leau\/#breadcrumb","itemListElement":[{"@type":"ListItem","position":1,"name":"Boutique","item":"https:\/\/ses-creative.com\/fr\/boutique\/"},{"@type":"ListItem","position":2,"name":"B\u00e9b\u00e9 &amp; Tout-petit","item":"https:\/\/ses-creative.com\/fr\/product-categorie\/bebe-tout-petit\/"},{"@type":"ListItem","position":3,"name":"Sophie la girafe &#8211; Coloriage \u00e0 l&#8217;eau"}]},{"@type":"WebSite","@id":"https:\/\/ses-creative.com\/#website","url":"https:\/\/ses-creative.com\/","name":"SES Creative","description":"","publisher":{"@id":"https:\/\/ses-creative.com\/#organization"},"potentialAction":[{"@type":"SearchAction","target":{"@type":"EntryPoint","urlTemplate":"https:\/\/ses-creative.com\/?s={search_term_string}"},"query-input":{"@type":"PropertyValueSpecification","valueRequired":true,"valueName":"search_term_string"}}],"inLanguage":"fr-FR"},{"@type":"Organization","@id":"https:\/\/ses-creative.com\/#organization","name":"SES Creative","url":"https:\/\/ses-creative.com\/","logo":{"@type":"ImageObject","inLanguage":"fr-FR","@id":"https:\/\/ses-creative.com\/#\/schema\/logo\/image\/","url":"https:\/\/ses-creative.com\/wp-content\/uploads\/2025\/10\/ses-creative-logo.jpg","contentUrl":"https:\/\/ses-creative.com\/wp-content\/uploads\/2025\/10\/ses-creative-logo.jpg","width":2037,"height":2037,"caption":"SES Creative"},"image":{"@id":"https:\/\/ses-creative.com\/#\/schema\/logo\/image\/"}}]}},"_links":{"self":[{"href":"https:\/\/ses-creative.com\/fr\/wp-json\/wp\/v2\/product\/118371","targetHints":{"allow":["GET"]}}],"collection":[{"href":"https:\/\/ses-creative.com\/fr\/wp-json\/wp\/v2\/product"}],"about":[{"href":"https:\/\/ses-creative.com\/fr\/wp-json\/wp\/v2\/types\/product"}],"replies":[{"embeddable":true,"href":"https:\/\/ses-creative.com\/fr\/wp-json\/wp\/v2\/comments?post=118371"}],"wp:featuredmedia":[{"embeddable":true,"href":"https:\/\/ses-creative.com\/fr\/wp-json\/wp\/v2\/media\/103576"}],"wp:attachment":[{"href":"https:\/\/ses-creative.com\/fr\/wp-json\/wp\/v2\/media?parent=118371"}],"wp:term":[{"taxonomy":"product_brand","embeddable":true,"href":"https:\/\/ses-creative.com\/fr\/wp-json\/wp\/v2\/product_brand?post=118371"},{"taxonomy":"product_cat","embeddable":true,"href":"https:\/\/ses-creative.com\/fr\/wp-json\/wp\/v2\/product_cat?post=118371"},{"taxonomy":"product_tag","embeddable":true,"href":"https:\/\/ses-creative.com\/fr\/wp-json\/wp\/v2\/product_tag?post=118371"}],"curies":[{"name":"wp","href":"https:\/\/api.w.org\/{rel}","templated":true}]}}