











{"id":118370,"date":"2026-02-12T10:09:33","date_gmt":"2026-02-12T10:09:33","guid":{"rendered":"https:\/\/ses-creative.com\/?post_type=product&#038;p=118370"},"modified":"2026-02-12T10:23:03","modified_gmt":"2026-02-12T10:23:03","slug":"my-first-3-en-1-peinture-au-doigt-coloriage-et-coller-des","status":"publish","type":"product","link":"https:\/\/ses-creative.com\/fr\/produit\/my-first-3-en-1-peinture-au-doigt-coloriage-et-coller-des\/","title":{"rendered":"My\u00a0first &#8211; 3\u00a0en\u00a01 Peinture au doigt, coloriage et coller des"},"content":{"rendered":"<p>Le kit cr\u00e9atif ultime pour les tout-petits !<br \/>\nWaouh, ce m\u00e9ga kit contient non pas une, ni deux, mais trois activit\u00e9s g\u00e9niales ! Avec le kit My First &#8211; 3 en 1 Peinture au doigt, couleurs et formes de SES Creative, les plus petits artistes peuvent d\u00e9couvrir leur cr\u00e9ativit\u00e9. Ce kit est sp\u00e9cialement con\u00e7u pour les tout-petits \u00e0 partir de 1 an et offre un moyen s\u00fbr et amusant de jouer avec les couleurs et les formes tout en stimulant leur d\u00e9veloppement.<br \/>\nCe qui rend ce kit g\u00e9nial<br \/>\n&#8211;    M\u00e9ga kit parfait pour une premi\u00e8re exp\u00e9rience compl\u00e8te de bricolage<br \/>\n&#8211;    Comprend de la peinture au doigt, du collage et du dessin au crayon, le tout sur le th\u00e8me des animaux<br \/>\n&#8211;    S\u00fbr et adapt\u00e9 aux enfants \u00e0 partir de 1 an<br \/>\n&#8211;    La peinture au doigt est sans gluten et se lave facilement, tant sur les v\u00eatements que sur la peau<br \/>\n&#8211; Stimule le d\u00e9veloppement de la cr\u00e9ativit\u00e9 et de la motricit\u00e9<br \/>\nDu plaisir cr\u00e9atif pour les tout-petits<br \/>\nQu&rsquo;il s&rsquo;agisse de peinture au doigt, de coloriage ou de collage, ce kit offre tout ce dont vous avez besoin pour des heures de plaisir. C&rsquo;est le moyen id\u00e9al pour initier les tout-petits au monde de la cr\u00e9ativit\u00e9 de mani\u00e8re s\u00fbre et ludique. Toutes les cartes sont con\u00e7ues pour donner un r\u00e9sultat amusant dont votre enfant pourra \u00eatre fier. Les parents n&rsquo;ont pas \u00e0 s&rsquo;inqui\u00e9ter pendant le jeu gr\u00e2ce \u00e0 des mat\u00e9riaux s\u00fbrs. La peinture au doigt est sans gluten et s&rsquo;enl\u00e8ve facilement des v\u00eatements et de la peau.<br \/>\nContenu du kit<br \/>\n&#8211;    Peinture au doigt dans les couleurs jaune, rouge et bleu<br \/>\n&#8211;    Crayons de couleur<br \/>\n&#8211;    Colle pour les doigts<br \/>\n&#8211;    Diff\u00e9rentes cartes d&rsquo;animaux joyeux pour peindre, dessiner et coller<br \/>\n&#8211;    Figurines \u00e0 coller<br \/>\nPourquoi choisir SES Creative ?<br \/>\nChez SES Creative, nous accordons une grande importance \u00e0 la s\u00e9curit\u00e9. C&rsquo;est pourquoi nos produits sont fabriqu\u00e9s et test\u00e9s dans notre usine aux Pays-Bas, conform\u00e9ment aux normes de s\u00e9curit\u00e9 europ\u00e9ennes les plus strictes. Les jouets SES Creative sont source de plaisir et permettent aux enfants d&rsquo;\u00eatre fiers de leur travail, ce qui stimule leur cr\u00e9ativit\u00e9 et leur d\u00e9veloppement.<br \/>\nCommencez \u00e0 bricoler d\u00e8s aujourd&rsquo;hui !<br \/>\nAvec le kit My First &#8211; 3 en 1 Peinture au doigt, coloriage et collage, m\u00eame les plus petits peuvent se sentir comme de vrais artistes. Offrez \u00e0 votre enfant un plaisir cr\u00e9atif sans fin et d\u00e9couvrez ensemble le monde des couleurs et des formes avec ce kit complet !<\/p>\n","protected":false},"excerpt":{"rendered":"<p>Le kit cr\u00e9atif ultime pour les tout-petits ! Waouh, ce m\u00e9ga kit contient non pas une, ni deux, mais trois activit\u00e9s g\u00e9niales ! Avec le kit My First &#8211; 3 en 1 Peinture au doigt, couleurs et formes de SES Creative, les plus petits artistes peuvent d\u00e9couvrir leur cr\u00e9ativit\u00e9. Ce kit est sp\u00e9cialement con\u00e7u pour [&hellip;]<\/p>\n","protected":false},"featured_media":103556,"comment_status":"closed","ping_status":"closed","template":"","meta":{"_acf_changed":false},"product_brand":[],"product_cat":[123],"product_tag":[],"class_list":{"0":"post-118370","1":"product","2":"type-product","3":"status-publish","4":"has-post-thumbnail","6":"product_cat-bebe-tout-petit","7":"pa_leeftijd-filter-0-2-ans","8":"pa_meest-populair-bij-garcons-filles","10":"first","11":"instock","12":"shipping-taxable","13":"product-type-simple"},"acf":[],"yoast_head":"<!-- This site is optimized with the Yoast SEO plugin v27.2 - https:\/\/yoast.com\/product\/yoast-seo-wordpress\/ -->\n<title>My\u00a0first - 3\u00a0en\u00a01 Peinture au doigt, coloriage et coller des - SES Creative<\/title>\n<meta name=\"robots\" content=\"index, follow, max-snippet:-1, max-image-preview:large, max-video-preview:-1\" \/>\n<link rel=\"canonical\" href=\"https:\/\/ses-creative.com\/fr\/produit\/my-first-3-en-1-peinture-au-doigt-coloriage-et-coller-des\/\" \/>\n<meta property=\"og:locale\" content=\"fr_FR\" \/>\n<meta property=\"og:type\" content=\"article\" \/>\n<meta property=\"og:title\" content=\"My\u00a0first - 3\u00a0en\u00a01 Peinture au doigt, coloriage et coller des - SES Creative\" \/>\n<meta property=\"og:description\" content=\"Le kit cr\u00e9atif ultime pour les tout-petits ! Waouh, ce m\u00e9ga kit contient non pas une, ni deux, mais trois activit\u00e9s g\u00e9niales ! Avec le kit My First &#8211; 3 en 1 Peinture au doigt, couleurs et formes de SES Creative, les plus petits artistes peuvent d\u00e9couvrir leur cr\u00e9ativit\u00e9. Ce kit est sp\u00e9cialement con\u00e7u pour [&hellip;]\" \/>\n<meta property=\"og:url\" content=\"https:\/\/ses-creative.com\/fr\/produit\/my-first-3-en-1-peinture-au-doigt-coloriage-et-coller-des\/\" \/>\n<meta property=\"og:site_name\" content=\"SES Creative\" \/>\n<meta property=\"article:modified_time\" content=\"2026-02-12T10:23:03+00:00\" \/>\n<meta name=\"twitter:card\" content=\"summary_large_image\" \/>\n<meta name=\"twitter:label1\" content=\"Dur\u00e9e de lecture estim\u00e9e\" \/>\n\t<meta name=\"twitter:data1\" content=\"2 minutes\" \/>\n<script type=\"application\/ld+json\" class=\"yoast-schema-graph\">{\"@context\":\"https:\/\/schema.org\",\"@graph\":[{\"@type\":\"WebPage\",\"@id\":\"https:\/\/ses-creative.com\/fr\/produit\/my-first-3-en-1-peinture-au-doigt-coloriage-et-coller-des\/\",\"url\":\"https:\/\/ses-creative.com\/fr\/produit\/my-first-3-en-1-peinture-au-doigt-coloriage-et-coller-des\/\",\"name\":\"My\u00a0first - 3\u00a0en\u00a01 Peinture au doigt, coloriage et coller des - SES Creative\",\"isPartOf\":{\"@id\":\"https:\/\/ses-creative.com\/#website\"},\"primaryImageOfPage\":{\"@id\":\"https:\/\/ses-creative.com\/fr\/produit\/my-first-3-en-1-peinture-au-doigt-coloriage-et-coller-des\/#primaryimage\"},\"image\":{\"@id\":\"https:\/\/ses-creative.com\/fr\/produit\/my-first-3-en-1-peinture-au-doigt-coloriage-et-coller-des\/#primaryimage\"},\"thumbnailUrl\":\"https:\/\/ses-creative.com\/wp-content\/uploads\/2026\/01\/144891.jpg\",\"datePublished\":\"2026-02-12T10:09:33+00:00\",\"dateModified\":\"2026-02-12T10:23:03+00:00\",\"breadcrumb\":{\"@id\":\"https:\/\/ses-creative.com\/fr\/produit\/my-first-3-en-1-peinture-au-doigt-coloriage-et-coller-des\/#breadcrumb\"},\"inLanguage\":\"fr-FR\",\"potentialAction\":[{\"@type\":\"ReadAction\",\"target\":[\"https:\/\/ses-creative.com\/fr\/produit\/my-first-3-en-1-peinture-au-doigt-coloriage-et-coller-des\/\"]}]},{\"@type\":\"ImageObject\",\"inLanguage\":\"fr-FR\",\"@id\":\"https:\/\/ses-creative.com\/fr\/produit\/my-first-3-en-1-peinture-au-doigt-coloriage-et-coller-des\/#primaryimage\",\"url\":\"https:\/\/ses-creative.com\/wp-content\/uploads\/2026\/01\/144891.jpg\",\"contentUrl\":\"https:\/\/ses-creative.com\/wp-content\/uploads\/2026\/01\/144891.jpg\",\"width\":1000,\"height\":1000},{\"@type\":\"BreadcrumbList\",\"@id\":\"https:\/\/ses-creative.com\/fr\/produit\/my-first-3-en-1-peinture-au-doigt-coloriage-et-coller-des\/#breadcrumb\",\"itemListElement\":[{\"@type\":\"ListItem\",\"position\":1,\"name\":\"Boutique\",\"item\":\"https:\/\/ses-creative.com\/fr\/boutique\/\"},{\"@type\":\"ListItem\",\"position\":2,\"name\":\"B\u00e9b\u00e9 &amp; Tout-petit\",\"item\":\"https:\/\/ses-creative.com\/fr\/product-categorie\/bebe-tout-petit\/\"},{\"@type\":\"ListItem\",\"position\":3,\"name\":\"My\u00a0first &#8211; 3\u00a0en\u00a01 Peinture au doigt, coloriage et coller des\"}]},{\"@type\":\"WebSite\",\"@id\":\"https:\/\/ses-creative.com\/#website\",\"url\":\"https:\/\/ses-creative.com\/\",\"name\":\"SES Creative\",\"description\":\"\",\"publisher\":{\"@id\":\"https:\/\/ses-creative.com\/#organization\"},\"potentialAction\":[{\"@type\":\"SearchAction\",\"target\":{\"@type\":\"EntryPoint\",\"urlTemplate\":\"https:\/\/ses-creative.com\/?s={search_term_string}\"},\"query-input\":{\"@type\":\"PropertyValueSpecification\",\"valueRequired\":true,\"valueName\":\"search_term_string\"}}],\"inLanguage\":\"fr-FR\"},{\"@type\":\"Organization\",\"@id\":\"https:\/\/ses-creative.com\/#organization\",\"name\":\"SES Creative\",\"url\":\"https:\/\/ses-creative.com\/\",\"logo\":{\"@type\":\"ImageObject\",\"inLanguage\":\"fr-FR\",\"@id\":\"https:\/\/ses-creative.com\/#\/schema\/logo\/image\/\",\"url\":\"https:\/\/ses-creative.com\/wp-content\/uploads\/2025\/10\/ses-creative-logo.jpg\",\"contentUrl\":\"https:\/\/ses-creative.com\/wp-content\/uploads\/2025\/10\/ses-creative-logo.jpg\",\"width\":2037,\"height\":2037,\"caption\":\"SES Creative\"},\"image\":{\"@id\":\"https:\/\/ses-creative.com\/#\/schema\/logo\/image\/\"}}]}<\/script>\n<!-- \/ Yoast SEO plugin. -->","yoast_head_json":{"title":"My\u00a0first - 3\u00a0en\u00a01 Peinture au doigt, coloriage et coller des - SES Creative","robots":{"index":"index","follow":"follow","max-snippet":"max-snippet:-1","max-image-preview":"max-image-preview:large","max-video-preview":"max-video-preview:-1"},"canonical":"https:\/\/ses-creative.com\/fr\/produit\/my-first-3-en-1-peinture-au-doigt-coloriage-et-coller-des\/","og_locale":"fr_FR","og_type":"article","og_title":"My\u00a0first - 3\u00a0en\u00a01 Peinture au doigt, coloriage et coller des - SES Creative","og_description":"Le kit cr\u00e9atif ultime pour les tout-petits ! Waouh, ce m\u00e9ga kit contient non pas une, ni deux, mais trois activit\u00e9s g\u00e9niales ! Avec le kit My First &#8211; 3 en 1 Peinture au doigt, couleurs et formes de SES Creative, les plus petits artistes peuvent d\u00e9couvrir leur cr\u00e9ativit\u00e9. Ce kit est sp\u00e9cialement con\u00e7u pour [&hellip;]","og_url":"https:\/\/ses-creative.com\/fr\/produit\/my-first-3-en-1-peinture-au-doigt-coloriage-et-coller-des\/","og_site_name":"SES Creative","article_modified_time":"2026-02-12T10:23:03+00:00","twitter_card":"summary_large_image","twitter_misc":{"Dur\u00e9e de lecture estim\u00e9e":"2 minutes"},"schema":{"@context":"https:\/\/schema.org","@graph":[{"@type":"WebPage","@id":"https:\/\/ses-creative.com\/fr\/produit\/my-first-3-en-1-peinture-au-doigt-coloriage-et-coller-des\/","url":"https:\/\/ses-creative.com\/fr\/produit\/my-first-3-en-1-peinture-au-doigt-coloriage-et-coller-des\/","name":"My\u00a0first - 3\u00a0en\u00a01 Peinture au doigt, coloriage et coller des - SES Creative","isPartOf":{"@id":"https:\/\/ses-creative.com\/#website"},"primaryImageOfPage":{"@id":"https:\/\/ses-creative.com\/fr\/produit\/my-first-3-en-1-peinture-au-doigt-coloriage-et-coller-des\/#primaryimage"},"image":{"@id":"https:\/\/ses-creative.com\/fr\/produit\/my-first-3-en-1-peinture-au-doigt-coloriage-et-coller-des\/#primaryimage"},"thumbnailUrl":"https:\/\/ses-creative.com\/wp-content\/uploads\/2026\/01\/144891.jpg","datePublished":"2026-02-12T10:09:33+00:00","dateModified":"2026-02-12T10:23:03+00:00","breadcrumb":{"@id":"https:\/\/ses-creative.com\/fr\/produit\/my-first-3-en-1-peinture-au-doigt-coloriage-et-coller-des\/#breadcrumb"},"inLanguage":"fr-FR","potentialAction":[{"@type":"ReadAction","target":["https:\/\/ses-creative.com\/fr\/produit\/my-first-3-en-1-peinture-au-doigt-coloriage-et-coller-des\/"]}]},{"@type":"ImageObject","inLanguage":"fr-FR","@id":"https:\/\/ses-creative.com\/fr\/produit\/my-first-3-en-1-peinture-au-doigt-coloriage-et-coller-des\/#primaryimage","url":"https:\/\/ses-creative.com\/wp-content\/uploads\/2026\/01\/144891.jpg","contentUrl":"https:\/\/ses-creative.com\/wp-content\/uploads\/2026\/01\/144891.jpg","width":1000,"height":1000},{"@type":"BreadcrumbList","@id":"https:\/\/ses-creative.com\/fr\/produit\/my-first-3-en-1-peinture-au-doigt-coloriage-et-coller-des\/#breadcrumb","itemListElement":[{"@type":"ListItem","position":1,"name":"Boutique","item":"https:\/\/ses-creative.com\/fr\/boutique\/"},{"@type":"ListItem","position":2,"name":"B\u00e9b\u00e9 &amp; Tout-petit","item":"https:\/\/ses-creative.com\/fr\/product-categorie\/bebe-tout-petit\/"},{"@type":"ListItem","position":3,"name":"My\u00a0first &#8211; 3\u00a0en\u00a01 Peinture au doigt, coloriage et coller des"}]},{"@type":"WebSite","@id":"https:\/\/ses-creative.com\/#website","url":"https:\/\/ses-creative.com\/","name":"SES Creative","description":"","publisher":{"@id":"https:\/\/ses-creative.com\/#organization"},"potentialAction":[{"@type":"SearchAction","target":{"@type":"EntryPoint","urlTemplate":"https:\/\/ses-creative.com\/?s={search_term_string}"},"query-input":{"@type":"PropertyValueSpecification","valueRequired":true,"valueName":"search_term_string"}}],"inLanguage":"fr-FR"},{"@type":"Organization","@id":"https:\/\/ses-creative.com\/#organization","name":"SES Creative","url":"https:\/\/ses-creative.com\/","logo":{"@type":"ImageObject","inLanguage":"fr-FR","@id":"https:\/\/ses-creative.com\/#\/schema\/logo\/image\/","url":"https:\/\/ses-creative.com\/wp-content\/uploads\/2025\/10\/ses-creative-logo.jpg","contentUrl":"https:\/\/ses-creative.com\/wp-content\/uploads\/2025\/10\/ses-creative-logo.jpg","width":2037,"height":2037,"caption":"SES Creative"},"image":{"@id":"https:\/\/ses-creative.com\/#\/schema\/logo\/image\/"}}]}},"_links":{"self":[{"href":"https:\/\/ses-creative.com\/fr\/wp-json\/wp\/v2\/product\/118370","targetHints":{"allow":["GET"]}}],"collection":[{"href":"https:\/\/ses-creative.com\/fr\/wp-json\/wp\/v2\/product"}],"about":[{"href":"https:\/\/ses-creative.com\/fr\/wp-json\/wp\/v2\/types\/product"}],"replies":[{"embeddable":true,"href":"https:\/\/ses-creative.com\/fr\/wp-json\/wp\/v2\/comments?post=118370"}],"wp:featuredmedia":[{"embeddable":true,"href":"https:\/\/ses-creative.com\/fr\/wp-json\/wp\/v2\/media\/103556"}],"wp:attachment":[{"href":"https:\/\/ses-creative.com\/fr\/wp-json\/wp\/v2\/media?parent=118370"}],"wp:term":[{"taxonomy":"product_brand","embeddable":true,"href":"https:\/\/ses-creative.com\/fr\/wp-json\/wp\/v2\/product_brand?post=118370"},{"taxonomy":"product_cat","embeddable":true,"href":"https:\/\/ses-creative.com\/fr\/wp-json\/wp\/v2\/product_cat?post=118370"},{"taxonomy":"product_tag","embeddable":true,"href":"https:\/\/ses-creative.com\/fr\/wp-json\/wp\/v2\/product_tag?post=118370"}],"curies":[{"name":"wp","href":"https:\/\/api.w.org\/{rel}","templated":true}]}}