











{"id":118369,"date":"2026-02-12T10:09:33","date_gmt":"2026-02-12T10:09:33","guid":{"rendered":"https:\/\/ses-creative.com\/?post_type=product&#038;p=118369"},"modified":"2026-02-12T10:23:03","modified_gmt":"2026-02-12T10:23:03","slug":"mes-premiers-crayons-gras","status":"publish","type":"product","link":"https:\/\/ses-creative.com\/fr\/produit\/mes-premiers-crayons-gras\/","title":{"rendered":"Mes premiers crayons gras"},"content":{"rendered":"<p>Mes premi\u00e8res craies : des couleurs pour les tout-petits !<br \/>\nAvec le set Mes premi\u00e8res craies de SES Creative, m\u00eame les plus jeunes enfants peuvent d\u00e9j\u00e0 s&rsquo;adonner au dessin. Ce set contient huit couleurs gaies avec lesquelles votre tout-petit pourra r\u00e9aliser les plus belles \u0153uvres d&rsquo;art. Les craies sont sp\u00e9cialement con\u00e7ues pour les petites mains, faciles \u00e0 tenir et s\u00fbres \u00e0 utiliser. Laissez votre tout-petit d\u00e9couvrir \u00e0 quel point colorier peut \u00eatre amusant et cr\u00e9atif !<br \/>\nCe qui rend ce set g\u00e9nial<br \/>\n&#8211;    Stimule la cr\u00e9ativit\u00e9 et la motricit\u00e9 fine, parfait pour apprendre \u00e0 dessiner<br \/>\n&#8211;    Convient aux enfants \u00e0 partir de 1 an<br \/>\n&#8211;    Facile \u00e0 tenir, parfait pour les petites mains<br \/>\n&#8211;    D\u00e9couverte des couleurs et du dessin avec des crayons de couleur joyeux<br \/>\n&#8211;    Les craies sont facilement lavables, tant sur les v\u00eatements que sur la peau<br \/>\nColorer et apprendre en toute s\u00e9curit\u00e9<br \/>\nCes craies sont parfaites pour les enfants \u00e0 partir de 1 an et sont totalement s\u00fbres. Elles sont difficiles \u00e0 casser, ce qui leur permet de r\u00e9sister aux chocs pendant le jeu. De plus, elles sont facilement lavables, ce qui signifie que les taches sur les v\u00eatements ou les meubles s&rsquo;enl\u00e8vent facilement. Gr\u00e2ce \u00e0 leurs points forts, les petits peuvent exprimer leur cr\u00e9ativit\u00e9 pendant des heures sans que les craies ne s&rsquo;usent ou ne se cassent rapidement. Les craies contribuent au d\u00e9veloppement de la motricit\u00e9 fine et stimulent la pens\u00e9e cr\u00e9ative. Ce set est le choix id\u00e9al pour les tout-petits qui aiment partir \u00e0 la d\u00e9couverte des couleurs !<br \/>\nContenu du set<br \/>\n&#8211;    8 crayons de couleur bleu, jaune, orange, rouge, violet, vert, bleu fonc\u00e9 et marron<br \/>\nPourquoi choisir SES Creative ?<br \/>\nChez SES Creative, nous accordons une grande importance \u00e0 la s\u00e9curit\u00e9. C&rsquo;est pourquoi nos produits sont fabriqu\u00e9s et test\u00e9s dans notre usine aux Pays-Bas, conform\u00e9ment aux normes de s\u00e9curit\u00e9 europ\u00e9ennes les plus strictes. Les jouets SES Creative sont source de plaisir et permettent aux enfants d&rsquo;\u00eatre fiers de leur travail, ce qui stimule leur cr\u00e9ativit\u00e9 et leur d\u00e9veloppement.<br \/>\nPrenez une craie et commencez \u00e0 dessiner !<br \/>\n\u00cates-vous pr\u00eat \u00e0 initier votre enfant au dessin cr\u00e9atif ? Prenez les craies SES Creative Mes premi\u00e8res craies et profitez d&rsquo;heures de plaisir \u00e0 colorier. Ce set est id\u00e9al pour les petits artistes en herbe et garantit des moments joyeux et color\u00e9s ! <\/p>\n","protected":false},"excerpt":{"rendered":"<p>Mes premi\u00e8res craies : des couleurs pour les tout-petits ! Avec le set Mes premi\u00e8res craies de SES Creative, m\u00eame les plus jeunes enfants peuvent d\u00e9j\u00e0 s&rsquo;adonner au dessin. Ce set contient huit couleurs gaies avec lesquelles votre tout-petit pourra r\u00e9aliser les plus belles \u0153uvres d&rsquo;art. Les craies sont sp\u00e9cialement con\u00e7ues pour les petites mains, [&hellip;]<\/p>\n","protected":false},"featured_media":103536,"comment_status":"closed","ping_status":"closed","template":"","meta":{"_acf_changed":false},"product_brand":[],"product_cat":[123],"product_tag":[],"class_list":{"0":"post-118369","1":"product","2":"type-product","3":"status-publish","4":"has-post-thumbnail","6":"product_cat-bebe-tout-petit","7":"pa_leeftijd-filter-0-2-ans","8":"pa_meest-populair-bij-garcons-filles","10":"first","11":"instock","12":"shipping-taxable","13":"product-type-simple"},"acf":[],"yoast_head":"<!-- This site is optimized with the Yoast SEO plugin v27.2 - https:\/\/yoast.com\/product\/yoast-seo-wordpress\/ -->\n<title>Mes premiers crayons gras - SES Creative<\/title>\n<meta name=\"robots\" content=\"index, follow, max-snippet:-1, max-image-preview:large, max-video-preview:-1\" \/>\n<link rel=\"canonical\" href=\"https:\/\/ses-creative.com\/fr\/produit\/mes-premiers-crayons-gras\/\" \/>\n<meta property=\"og:locale\" content=\"fr_FR\" \/>\n<meta property=\"og:type\" content=\"article\" \/>\n<meta property=\"og:title\" content=\"Mes premiers crayons gras - SES Creative\" \/>\n<meta property=\"og:description\" content=\"Mes premi\u00e8res craies : des couleurs pour les tout-petits ! Avec le set Mes premi\u00e8res craies de SES Creative, m\u00eame les plus jeunes enfants peuvent d\u00e9j\u00e0 s&rsquo;adonner au dessin. Ce set contient huit couleurs gaies avec lesquelles votre tout-petit pourra r\u00e9aliser les plus belles \u0153uvres d&rsquo;art. Les craies sont sp\u00e9cialement con\u00e7ues pour les petites mains, [&hellip;]\" \/>\n<meta property=\"og:url\" content=\"https:\/\/ses-creative.com\/fr\/produit\/mes-premiers-crayons-gras\/\" \/>\n<meta property=\"og:site_name\" content=\"SES Creative\" \/>\n<meta property=\"article:modified_time\" content=\"2026-02-12T10:23:03+00:00\" \/>\n<meta name=\"twitter:card\" content=\"summary_large_image\" \/>\n<meta name=\"twitter:label1\" content=\"Dur\u00e9e de lecture estim\u00e9e\" \/>\n\t<meta name=\"twitter:data1\" content=\"2 minutes\" \/>\n<script type=\"application\/ld+json\" class=\"yoast-schema-graph\">{\"@context\":\"https:\/\/schema.org\",\"@graph\":[{\"@type\":\"WebPage\",\"@id\":\"https:\/\/ses-creative.com\/fr\/produit\/mes-premiers-crayons-gras\/\",\"url\":\"https:\/\/ses-creative.com\/fr\/produit\/mes-premiers-crayons-gras\/\",\"name\":\"Mes premiers crayons gras - SES Creative\",\"isPartOf\":{\"@id\":\"https:\/\/ses-creative.com\/#website\"},\"primaryImageOfPage\":{\"@id\":\"https:\/\/ses-creative.com\/fr\/produit\/mes-premiers-crayons-gras\/#primaryimage\"},\"image\":{\"@id\":\"https:\/\/ses-creative.com\/fr\/produit\/mes-premiers-crayons-gras\/#primaryimage\"},\"thumbnailUrl\":\"https:\/\/ses-creative.com\/wp-content\/uploads\/2026\/01\/144881.jpg\",\"datePublished\":\"2026-02-12T10:09:33+00:00\",\"dateModified\":\"2026-02-12T10:23:03+00:00\",\"breadcrumb\":{\"@id\":\"https:\/\/ses-creative.com\/fr\/produit\/mes-premiers-crayons-gras\/#breadcrumb\"},\"inLanguage\":\"fr-FR\",\"potentialAction\":[{\"@type\":\"ReadAction\",\"target\":[\"https:\/\/ses-creative.com\/fr\/produit\/mes-premiers-crayons-gras\/\"]}]},{\"@type\":\"ImageObject\",\"inLanguage\":\"fr-FR\",\"@id\":\"https:\/\/ses-creative.com\/fr\/produit\/mes-premiers-crayons-gras\/#primaryimage\",\"url\":\"https:\/\/ses-creative.com\/wp-content\/uploads\/2026\/01\/144881.jpg\",\"contentUrl\":\"https:\/\/ses-creative.com\/wp-content\/uploads\/2026\/01\/144881.jpg\",\"width\":1000,\"height\":1000},{\"@type\":\"BreadcrumbList\",\"@id\":\"https:\/\/ses-creative.com\/fr\/produit\/mes-premiers-crayons-gras\/#breadcrumb\",\"itemListElement\":[{\"@type\":\"ListItem\",\"position\":1,\"name\":\"Boutique\",\"item\":\"https:\/\/ses-creative.com\/fr\/boutique\/\"},{\"@type\":\"ListItem\",\"position\":2,\"name\":\"B\u00e9b\u00e9 &amp; Tout-petit\",\"item\":\"https:\/\/ses-creative.com\/fr\/product-categorie\/bebe-tout-petit\/\"},{\"@type\":\"ListItem\",\"position\":3,\"name\":\"Mes premiers crayons gras\"}]},{\"@type\":\"WebSite\",\"@id\":\"https:\/\/ses-creative.com\/#website\",\"url\":\"https:\/\/ses-creative.com\/\",\"name\":\"SES Creative\",\"description\":\"\",\"publisher\":{\"@id\":\"https:\/\/ses-creative.com\/#organization\"},\"potentialAction\":[{\"@type\":\"SearchAction\",\"target\":{\"@type\":\"EntryPoint\",\"urlTemplate\":\"https:\/\/ses-creative.com\/?s={search_term_string}\"},\"query-input\":{\"@type\":\"PropertyValueSpecification\",\"valueRequired\":true,\"valueName\":\"search_term_string\"}}],\"inLanguage\":\"fr-FR\"},{\"@type\":\"Organization\",\"@id\":\"https:\/\/ses-creative.com\/#organization\",\"name\":\"SES Creative\",\"url\":\"https:\/\/ses-creative.com\/\",\"logo\":{\"@type\":\"ImageObject\",\"inLanguage\":\"fr-FR\",\"@id\":\"https:\/\/ses-creative.com\/#\/schema\/logo\/image\/\",\"url\":\"https:\/\/ses-creative.com\/wp-content\/uploads\/2025\/10\/ses-creative-logo.jpg\",\"contentUrl\":\"https:\/\/ses-creative.com\/wp-content\/uploads\/2025\/10\/ses-creative-logo.jpg\",\"width\":2037,\"height\":2037,\"caption\":\"SES Creative\"},\"image\":{\"@id\":\"https:\/\/ses-creative.com\/#\/schema\/logo\/image\/\"}}]}<\/script>\n<!-- \/ Yoast SEO plugin. -->","yoast_head_json":{"title":"Mes premiers crayons gras - SES Creative","robots":{"index":"index","follow":"follow","max-snippet":"max-snippet:-1","max-image-preview":"max-image-preview:large","max-video-preview":"max-video-preview:-1"},"canonical":"https:\/\/ses-creative.com\/fr\/produit\/mes-premiers-crayons-gras\/","og_locale":"fr_FR","og_type":"article","og_title":"Mes premiers crayons gras - SES Creative","og_description":"Mes premi\u00e8res craies : des couleurs pour les tout-petits ! Avec le set Mes premi\u00e8res craies de SES Creative, m\u00eame les plus jeunes enfants peuvent d\u00e9j\u00e0 s&rsquo;adonner au dessin. Ce set contient huit couleurs gaies avec lesquelles votre tout-petit pourra r\u00e9aliser les plus belles \u0153uvres d&rsquo;art. Les craies sont sp\u00e9cialement con\u00e7ues pour les petites mains, [&hellip;]","og_url":"https:\/\/ses-creative.com\/fr\/produit\/mes-premiers-crayons-gras\/","og_site_name":"SES Creative","article_modified_time":"2026-02-12T10:23:03+00:00","twitter_card":"summary_large_image","twitter_misc":{"Dur\u00e9e de lecture estim\u00e9e":"2 minutes"},"schema":{"@context":"https:\/\/schema.org","@graph":[{"@type":"WebPage","@id":"https:\/\/ses-creative.com\/fr\/produit\/mes-premiers-crayons-gras\/","url":"https:\/\/ses-creative.com\/fr\/produit\/mes-premiers-crayons-gras\/","name":"Mes premiers crayons gras - SES Creative","isPartOf":{"@id":"https:\/\/ses-creative.com\/#website"},"primaryImageOfPage":{"@id":"https:\/\/ses-creative.com\/fr\/produit\/mes-premiers-crayons-gras\/#primaryimage"},"image":{"@id":"https:\/\/ses-creative.com\/fr\/produit\/mes-premiers-crayons-gras\/#primaryimage"},"thumbnailUrl":"https:\/\/ses-creative.com\/wp-content\/uploads\/2026\/01\/144881.jpg","datePublished":"2026-02-12T10:09:33+00:00","dateModified":"2026-02-12T10:23:03+00:00","breadcrumb":{"@id":"https:\/\/ses-creative.com\/fr\/produit\/mes-premiers-crayons-gras\/#breadcrumb"},"inLanguage":"fr-FR","potentialAction":[{"@type":"ReadAction","target":["https:\/\/ses-creative.com\/fr\/produit\/mes-premiers-crayons-gras\/"]}]},{"@type":"ImageObject","inLanguage":"fr-FR","@id":"https:\/\/ses-creative.com\/fr\/produit\/mes-premiers-crayons-gras\/#primaryimage","url":"https:\/\/ses-creative.com\/wp-content\/uploads\/2026\/01\/144881.jpg","contentUrl":"https:\/\/ses-creative.com\/wp-content\/uploads\/2026\/01\/144881.jpg","width":1000,"height":1000},{"@type":"BreadcrumbList","@id":"https:\/\/ses-creative.com\/fr\/produit\/mes-premiers-crayons-gras\/#breadcrumb","itemListElement":[{"@type":"ListItem","position":1,"name":"Boutique","item":"https:\/\/ses-creative.com\/fr\/boutique\/"},{"@type":"ListItem","position":2,"name":"B\u00e9b\u00e9 &amp; Tout-petit","item":"https:\/\/ses-creative.com\/fr\/product-categorie\/bebe-tout-petit\/"},{"@type":"ListItem","position":3,"name":"Mes premiers crayons gras"}]},{"@type":"WebSite","@id":"https:\/\/ses-creative.com\/#website","url":"https:\/\/ses-creative.com\/","name":"SES Creative","description":"","publisher":{"@id":"https:\/\/ses-creative.com\/#organization"},"potentialAction":[{"@type":"SearchAction","target":{"@type":"EntryPoint","urlTemplate":"https:\/\/ses-creative.com\/?s={search_term_string}"},"query-input":{"@type":"PropertyValueSpecification","valueRequired":true,"valueName":"search_term_string"}}],"inLanguage":"fr-FR"},{"@type":"Organization","@id":"https:\/\/ses-creative.com\/#organization","name":"SES Creative","url":"https:\/\/ses-creative.com\/","logo":{"@type":"ImageObject","inLanguage":"fr-FR","@id":"https:\/\/ses-creative.com\/#\/schema\/logo\/image\/","url":"https:\/\/ses-creative.com\/wp-content\/uploads\/2025\/10\/ses-creative-logo.jpg","contentUrl":"https:\/\/ses-creative.com\/wp-content\/uploads\/2025\/10\/ses-creative-logo.jpg","width":2037,"height":2037,"caption":"SES Creative"},"image":{"@id":"https:\/\/ses-creative.com\/#\/schema\/logo\/image\/"}}]}},"_links":{"self":[{"href":"https:\/\/ses-creative.com\/fr\/wp-json\/wp\/v2\/product\/118369","targetHints":{"allow":["GET"]}}],"collection":[{"href":"https:\/\/ses-creative.com\/fr\/wp-json\/wp\/v2\/product"}],"about":[{"href":"https:\/\/ses-creative.com\/fr\/wp-json\/wp\/v2\/types\/product"}],"replies":[{"embeddable":true,"href":"https:\/\/ses-creative.com\/fr\/wp-json\/wp\/v2\/comments?post=118369"}],"wp:featuredmedia":[{"embeddable":true,"href":"https:\/\/ses-creative.com\/fr\/wp-json\/wp\/v2\/media\/103536"}],"wp:attachment":[{"href":"https:\/\/ses-creative.com\/fr\/wp-json\/wp\/v2\/media?parent=118369"}],"wp:term":[{"taxonomy":"product_brand","embeddable":true,"href":"https:\/\/ses-creative.com\/fr\/wp-json\/wp\/v2\/product_brand?post=118369"},{"taxonomy":"product_cat","embeddable":true,"href":"https:\/\/ses-creative.com\/fr\/wp-json\/wp\/v2\/product_cat?post=118369"},{"taxonomy":"product_tag","embeddable":true,"href":"https:\/\/ses-creative.com\/fr\/wp-json\/wp\/v2\/product_tag?post=118369"}],"curies":[{"name":"wp","href":"https:\/\/api.w.org\/{rel}","templated":true}]}}