











{"id":118368,"date":"2026-02-12T10:09:33","date_gmt":"2026-02-12T10:09:33","guid":{"rendered":"https:\/\/ses-creative.com\/?post_type=product&#038;p=118368"},"modified":"2026-02-12T10:23:03","modified_gmt":"2026-02-12T10:23:03","slug":"my-first-perles-en-bois-a-enfiler-animaux","status":"publish","type":"product","link":"https:\/\/ses-creative.com\/fr\/produit\/my-first-perles-en-bois-a-enfiler-animaux\/","title":{"rendered":"My first &#8211; Perles en bois \u00e0 enfiler Animaux"},"content":{"rendered":"<p>Enfilez et jouez avec d&rsquo;adorables animaux en bois !<br \/>\nAvec My First &#8211; Enfilage de perles en bois, les jeunes enfants peuvent s&rsquo;initier \u00e0 l&rsquo;enfilage de perles de mani\u00e8re ludique et \u00e9ducative. Ce set comprend un fil \u00e0 enfiler avec un enfileur en bois et des perles en forme d&rsquo;animaux sp\u00e9cialement con\u00e7ues pour les petites mains. Id\u00e9al pour les tout-petits \u00e0 partir de 1 an, ce set stimule la cr\u00e9ativit\u00e9, la motricit\u00e9 fine et la coordination \u0153il-main.<br \/>\nCe qui rend ce set g\u00e9nial<br \/>\n&#8211;    Convient aux jeunes enfants \u00e0 partir de 1 an<br \/>\n&#8211;    L&rsquo;enfilage des perles stimule la motricit\u00e9 fine<br \/>\n&#8211;    S\u00fbr et facile \u00e0 utiliser. L&rsquo;extr\u00e9mit\u00e9 du cordon est en bois, ce qui facilite l&rsquo;enfilage des perles.<br \/>\n&#8211;    Comprend d&rsquo;adorables perles en forme d&rsquo;animaux pour encore plus de plaisir<br \/>\n&#8211;    Diff\u00e9rents exemples \u00e0 reproduire<br \/>\nApprendre et jouer avec des perles en forme d&rsquo;animaux<br \/>\nCe set est parfait pour les jeunes enfants qui aiment s&rsquo;occuper avec leurs mains et apprendre en jouant. En enfilant les joyeuses perles en forme d&rsquo;animaux sur le cordon, les enfants d\u00e9veloppent leur motricit\u00e9 fine et leur coordination \u0153il-main. Les perles sont suffisamment grandes pour que les petites mains puissent les saisir facilement et jouer avec.<br \/>\nQue ce soit \u00e0 la maison ou \u00e0 l&rsquo;\u00e9cole, ce set offre de nombreuses possibilit\u00e9s de jeux cr\u00e9atifs et \u00e9ducatifs. Il constitue une introduction parfaite \u00e0 l&rsquo;enfilage de perles pour les jeunes enfants, qui peuvent ainsi apprendre et d\u00e9couvrir dans un environnement s\u00fbr et ludique.<br \/>\nContenu du set<br \/>\n&#8211;    Cordon \u00e0 enfiler avec aiguille en bois<br \/>\n&#8211;    Perles en forme d&rsquo;animaux<br \/>\nPourquoi choisir SES Creative ?<br \/>\nChez SES Creative, nous accordons une grande importance \u00e0 la s\u00e9curit\u00e9. C&rsquo;est pourquoi nos produits sont fabriqu\u00e9s et test\u00e9s dans notre usine aux Pays-Bas, conform\u00e9ment aux normes de s\u00e9curit\u00e9 europ\u00e9ennes les plus strictes. Les jouets SES Creative sont source de plaisir et permettent aux enfants d&rsquo;\u00eatre fiers de leur travail, ce qui stimule leur cr\u00e9ativit\u00e9 et leur d\u00e9veloppement.<br \/>\nCommencez d\u00e8s aujourd&rsquo;hui \u00e0 enfiler et \u00e0 d\u00e9couvrir !<br \/>\nLancez-vous avec le kit d&rsquo;enfilage de perles en bois My First et d\u00e9couvrez \u00e0 quel point l&rsquo;enfilage est amusant et facile !<\/p>\n","protected":false},"excerpt":{"rendered":"<p>Enfilez et jouez avec d&rsquo;adorables animaux en bois ! Avec My First &#8211; Enfilage de perles en bois, les jeunes enfants peuvent s&rsquo;initier \u00e0 l&rsquo;enfilage de perles de mani\u00e8re ludique et \u00e9ducative. Ce set comprend un fil \u00e0 enfiler avec un enfileur en bois et des perles en forme d&rsquo;animaux sp\u00e9cialement con\u00e7ues pour les petites [&hellip;]<\/p>\n","protected":false},"featured_media":103516,"comment_status":"closed","ping_status":"closed","template":"","meta":{"_acf_changed":false},"product_brand":[],"product_cat":[123],"product_tag":[],"class_list":{"0":"post-118368","1":"product","2":"type-product","3":"status-publish","4":"has-post-thumbnail","6":"product_cat-bebe-tout-petit","7":"pa_leeftijd-filter-0-2-ans","8":"pa_meest-populair-bij-garcons-filles","10":"first","11":"instock","12":"shipping-taxable","13":"product-type-simple"},"acf":[],"yoast_head":"<!-- This site is optimized with the Yoast SEO plugin v27.2 - https:\/\/yoast.com\/product\/yoast-seo-wordpress\/ -->\n<title>My first - Perles en bois \u00e0 enfiler Animaux - SES Creative<\/title>\n<meta name=\"robots\" content=\"index, follow, max-snippet:-1, max-image-preview:large, max-video-preview:-1\" \/>\n<link rel=\"canonical\" href=\"https:\/\/ses-creative.com\/fr\/produit\/my-first-perles-en-bois-a-enfiler-animaux\/\" \/>\n<meta property=\"og:locale\" content=\"fr_FR\" \/>\n<meta property=\"og:type\" content=\"article\" \/>\n<meta property=\"og:title\" content=\"My first - Perles en bois \u00e0 enfiler Animaux - SES Creative\" \/>\n<meta property=\"og:description\" content=\"Enfilez et jouez avec d&rsquo;adorables animaux en bois ! Avec My First &#8211; Enfilage de perles en bois, les jeunes enfants peuvent s&rsquo;initier \u00e0 l&rsquo;enfilage de perles de mani\u00e8re ludique et \u00e9ducative. Ce set comprend un fil \u00e0 enfiler avec un enfileur en bois et des perles en forme d&rsquo;animaux sp\u00e9cialement con\u00e7ues pour les petites [&hellip;]\" \/>\n<meta property=\"og:url\" content=\"https:\/\/ses-creative.com\/fr\/produit\/my-first-perles-en-bois-a-enfiler-animaux\/\" \/>\n<meta property=\"og:site_name\" content=\"SES Creative\" \/>\n<meta property=\"article:modified_time\" content=\"2026-02-12T10:23:03+00:00\" \/>\n<meta name=\"twitter:card\" content=\"summary_large_image\" \/>\n<meta name=\"twitter:label1\" content=\"Dur\u00e9e de lecture estim\u00e9e\" \/>\n\t<meta name=\"twitter:data1\" content=\"2 minutes\" \/>\n<script type=\"application\/ld+json\" class=\"yoast-schema-graph\">{\"@context\":\"https:\/\/schema.org\",\"@graph\":[{\"@type\":\"WebPage\",\"@id\":\"https:\/\/ses-creative.com\/fr\/produit\/my-first-perles-en-bois-a-enfiler-animaux\/\",\"url\":\"https:\/\/ses-creative.com\/fr\/produit\/my-first-perles-en-bois-a-enfiler-animaux\/\",\"name\":\"My first - Perles en bois \u00e0 enfiler Animaux - SES Creative\",\"isPartOf\":{\"@id\":\"https:\/\/ses-creative.com\/#website\"},\"primaryImageOfPage\":{\"@id\":\"https:\/\/ses-creative.com\/fr\/produit\/my-first-perles-en-bois-a-enfiler-animaux\/#primaryimage\"},\"image\":{\"@id\":\"https:\/\/ses-creative.com\/fr\/produit\/my-first-perles-en-bois-a-enfiler-animaux\/#primaryimage\"},\"thumbnailUrl\":\"https:\/\/ses-creative.com\/wp-content\/uploads\/2026\/01\/144871.jpg\",\"datePublished\":\"2026-02-12T10:09:33+00:00\",\"dateModified\":\"2026-02-12T10:23:03+00:00\",\"breadcrumb\":{\"@id\":\"https:\/\/ses-creative.com\/fr\/produit\/my-first-perles-en-bois-a-enfiler-animaux\/#breadcrumb\"},\"inLanguage\":\"fr-FR\",\"potentialAction\":[{\"@type\":\"ReadAction\",\"target\":[\"https:\/\/ses-creative.com\/fr\/produit\/my-first-perles-en-bois-a-enfiler-animaux\/\"]}]},{\"@type\":\"ImageObject\",\"inLanguage\":\"fr-FR\",\"@id\":\"https:\/\/ses-creative.com\/fr\/produit\/my-first-perles-en-bois-a-enfiler-animaux\/#primaryimage\",\"url\":\"https:\/\/ses-creative.com\/wp-content\/uploads\/2026\/01\/144871.jpg\",\"contentUrl\":\"https:\/\/ses-creative.com\/wp-content\/uploads\/2026\/01\/144871.jpg\",\"width\":1000,\"height\":1000},{\"@type\":\"BreadcrumbList\",\"@id\":\"https:\/\/ses-creative.com\/fr\/produit\/my-first-perles-en-bois-a-enfiler-animaux\/#breadcrumb\",\"itemListElement\":[{\"@type\":\"ListItem\",\"position\":1,\"name\":\"Boutique\",\"item\":\"https:\/\/ses-creative.com\/fr\/boutique\/\"},{\"@type\":\"ListItem\",\"position\":2,\"name\":\"B\u00e9b\u00e9 &amp; Tout-petit\",\"item\":\"https:\/\/ses-creative.com\/fr\/product-categorie\/bebe-tout-petit\/\"},{\"@type\":\"ListItem\",\"position\":3,\"name\":\"My first &#8211; Perles en bois \u00e0 enfiler Animaux\"}]},{\"@type\":\"WebSite\",\"@id\":\"https:\/\/ses-creative.com\/#website\",\"url\":\"https:\/\/ses-creative.com\/\",\"name\":\"SES Creative\",\"description\":\"\",\"publisher\":{\"@id\":\"https:\/\/ses-creative.com\/#organization\"},\"potentialAction\":[{\"@type\":\"SearchAction\",\"target\":{\"@type\":\"EntryPoint\",\"urlTemplate\":\"https:\/\/ses-creative.com\/?s={search_term_string}\"},\"query-input\":{\"@type\":\"PropertyValueSpecification\",\"valueRequired\":true,\"valueName\":\"search_term_string\"}}],\"inLanguage\":\"fr-FR\"},{\"@type\":\"Organization\",\"@id\":\"https:\/\/ses-creative.com\/#organization\",\"name\":\"SES Creative\",\"url\":\"https:\/\/ses-creative.com\/\",\"logo\":{\"@type\":\"ImageObject\",\"inLanguage\":\"fr-FR\",\"@id\":\"https:\/\/ses-creative.com\/#\/schema\/logo\/image\/\",\"url\":\"https:\/\/ses-creative.com\/wp-content\/uploads\/2025\/10\/ses-creative-logo.jpg\",\"contentUrl\":\"https:\/\/ses-creative.com\/wp-content\/uploads\/2025\/10\/ses-creative-logo.jpg\",\"width\":2037,\"height\":2037,\"caption\":\"SES Creative\"},\"image\":{\"@id\":\"https:\/\/ses-creative.com\/#\/schema\/logo\/image\/\"}}]}<\/script>\n<!-- \/ Yoast SEO plugin. -->","yoast_head_json":{"title":"My first - Perles en bois \u00e0 enfiler Animaux - SES Creative","robots":{"index":"index","follow":"follow","max-snippet":"max-snippet:-1","max-image-preview":"max-image-preview:large","max-video-preview":"max-video-preview:-1"},"canonical":"https:\/\/ses-creative.com\/fr\/produit\/my-first-perles-en-bois-a-enfiler-animaux\/","og_locale":"fr_FR","og_type":"article","og_title":"My first - Perles en bois \u00e0 enfiler Animaux - SES Creative","og_description":"Enfilez et jouez avec d&rsquo;adorables animaux en bois ! Avec My First &#8211; Enfilage de perles en bois, les jeunes enfants peuvent s&rsquo;initier \u00e0 l&rsquo;enfilage de perles de mani\u00e8re ludique et \u00e9ducative. Ce set comprend un fil \u00e0 enfiler avec un enfileur en bois et des perles en forme d&rsquo;animaux sp\u00e9cialement con\u00e7ues pour les petites [&hellip;]","og_url":"https:\/\/ses-creative.com\/fr\/produit\/my-first-perles-en-bois-a-enfiler-animaux\/","og_site_name":"SES Creative","article_modified_time":"2026-02-12T10:23:03+00:00","twitter_card":"summary_large_image","twitter_misc":{"Dur\u00e9e de lecture estim\u00e9e":"2 minutes"},"schema":{"@context":"https:\/\/schema.org","@graph":[{"@type":"WebPage","@id":"https:\/\/ses-creative.com\/fr\/produit\/my-first-perles-en-bois-a-enfiler-animaux\/","url":"https:\/\/ses-creative.com\/fr\/produit\/my-first-perles-en-bois-a-enfiler-animaux\/","name":"My first - Perles en bois \u00e0 enfiler Animaux - SES Creative","isPartOf":{"@id":"https:\/\/ses-creative.com\/#website"},"primaryImageOfPage":{"@id":"https:\/\/ses-creative.com\/fr\/produit\/my-first-perles-en-bois-a-enfiler-animaux\/#primaryimage"},"image":{"@id":"https:\/\/ses-creative.com\/fr\/produit\/my-first-perles-en-bois-a-enfiler-animaux\/#primaryimage"},"thumbnailUrl":"https:\/\/ses-creative.com\/wp-content\/uploads\/2026\/01\/144871.jpg","datePublished":"2026-02-12T10:09:33+00:00","dateModified":"2026-02-12T10:23:03+00:00","breadcrumb":{"@id":"https:\/\/ses-creative.com\/fr\/produit\/my-first-perles-en-bois-a-enfiler-animaux\/#breadcrumb"},"inLanguage":"fr-FR","potentialAction":[{"@type":"ReadAction","target":["https:\/\/ses-creative.com\/fr\/produit\/my-first-perles-en-bois-a-enfiler-animaux\/"]}]},{"@type":"ImageObject","inLanguage":"fr-FR","@id":"https:\/\/ses-creative.com\/fr\/produit\/my-first-perles-en-bois-a-enfiler-animaux\/#primaryimage","url":"https:\/\/ses-creative.com\/wp-content\/uploads\/2026\/01\/144871.jpg","contentUrl":"https:\/\/ses-creative.com\/wp-content\/uploads\/2026\/01\/144871.jpg","width":1000,"height":1000},{"@type":"BreadcrumbList","@id":"https:\/\/ses-creative.com\/fr\/produit\/my-first-perles-en-bois-a-enfiler-animaux\/#breadcrumb","itemListElement":[{"@type":"ListItem","position":1,"name":"Boutique","item":"https:\/\/ses-creative.com\/fr\/boutique\/"},{"@type":"ListItem","position":2,"name":"B\u00e9b\u00e9 &amp; Tout-petit","item":"https:\/\/ses-creative.com\/fr\/product-categorie\/bebe-tout-petit\/"},{"@type":"ListItem","position":3,"name":"My first &#8211; Perles en bois \u00e0 enfiler Animaux"}]},{"@type":"WebSite","@id":"https:\/\/ses-creative.com\/#website","url":"https:\/\/ses-creative.com\/","name":"SES Creative","description":"","publisher":{"@id":"https:\/\/ses-creative.com\/#organization"},"potentialAction":[{"@type":"SearchAction","target":{"@type":"EntryPoint","urlTemplate":"https:\/\/ses-creative.com\/?s={search_term_string}"},"query-input":{"@type":"PropertyValueSpecification","valueRequired":true,"valueName":"search_term_string"}}],"inLanguage":"fr-FR"},{"@type":"Organization","@id":"https:\/\/ses-creative.com\/#organization","name":"SES Creative","url":"https:\/\/ses-creative.com\/","logo":{"@type":"ImageObject","inLanguage":"fr-FR","@id":"https:\/\/ses-creative.com\/#\/schema\/logo\/image\/","url":"https:\/\/ses-creative.com\/wp-content\/uploads\/2025\/10\/ses-creative-logo.jpg","contentUrl":"https:\/\/ses-creative.com\/wp-content\/uploads\/2025\/10\/ses-creative-logo.jpg","width":2037,"height":2037,"caption":"SES Creative"},"image":{"@id":"https:\/\/ses-creative.com\/#\/schema\/logo\/image\/"}}]}},"_links":{"self":[{"href":"https:\/\/ses-creative.com\/fr\/wp-json\/wp\/v2\/product\/118368","targetHints":{"allow":["GET"]}}],"collection":[{"href":"https:\/\/ses-creative.com\/fr\/wp-json\/wp\/v2\/product"}],"about":[{"href":"https:\/\/ses-creative.com\/fr\/wp-json\/wp\/v2\/types\/product"}],"replies":[{"embeddable":true,"href":"https:\/\/ses-creative.com\/fr\/wp-json\/wp\/v2\/comments?post=118368"}],"wp:featuredmedia":[{"embeddable":true,"href":"https:\/\/ses-creative.com\/fr\/wp-json\/wp\/v2\/media\/103516"}],"wp:attachment":[{"href":"https:\/\/ses-creative.com\/fr\/wp-json\/wp\/v2\/media?parent=118368"}],"wp:term":[{"taxonomy":"product_brand","embeddable":true,"href":"https:\/\/ses-creative.com\/fr\/wp-json\/wp\/v2\/product_brand?post=118368"},{"taxonomy":"product_cat","embeddable":true,"href":"https:\/\/ses-creative.com\/fr\/wp-json\/wp\/v2\/product_cat?post=118368"},{"taxonomy":"product_tag","embeddable":true,"href":"https:\/\/ses-creative.com\/fr\/wp-json\/wp\/v2\/product_tag?post=118368"}],"curies":[{"name":"wp","href":"https:\/\/api.w.org\/{rel}","templated":true}]}}