











{"id":118367,"date":"2026-02-12T10:09:32","date_gmt":"2026-02-12T10:09:32","guid":{"rendered":"https:\/\/ses-creative.com\/?post_type=product&#038;p=118367"},"modified":"2026-02-12T10:23:03","modified_gmt":"2026-02-12T10:23:03","slug":"my-first-jeux-de-tap-tap-fantaisie","status":"publish","type":"product","link":"https:\/\/ses-creative.com\/fr\/produit\/my-first-jeux-de-tap-tap-fantaisie\/","title":{"rendered":"My\u00a0first &#8211; Jeux de Tap Tap fantaisie"},"content":{"rendered":"<p>Con\u00e7u pour les enfants d\u00e8s 12 mois, le jeu Tap Tap Fantaisie SES Creative My First d\u00e9veloppe la motricit\u00e9 fine, la coordination et la cr\u00e9ativit\u00e9. Il inclut un plateau perfor\u00e9, un marteau en bois sans clous, des formes color\u00e9es, des autocollants fantaisie et des cartes mod\u00e8les. Ce jouet \u00e9veil 12 mois offre une activit\u00e9 cr\u00e9ative b\u00e9b\u00e9 s\u00fbre et intuitive. Les enfants peuvent assembler librement ou suivre les mod\u00e8les pour cr\u00e9er, favorisant leur autonomie. R\u00e9utilisable \u00e0 l\u2019infini, ce jouet sensoriel b\u00e9b\u00e9 aide \u00e0 renforcer la pr\u00e9cision gestuelle. Toutes les pi\u00e8ces sont con\u00e7ues pour les petites mains, sans danger. Fabriqu\u00e9 aux Pays-Bas par SES Creative, ce jeu tap tap enfant est CO\u2082 neutre, lavable et hypoallerg\u00e9nique. Une id\u00e9e cadeau id\u00e9ale pour stimuler le d\u00e9veloppement motricit\u00e9 d\u00e8s 1 an.<\/p>\n","protected":false},"excerpt":{"rendered":"<p>Con\u00e7u pour les enfants d\u00e8s 12 mois, le jeu Tap Tap Fantaisie SES Creative My First d\u00e9veloppe la motricit\u00e9 fine, la coordination et la cr\u00e9ativit\u00e9. Il inclut un plateau perfor\u00e9, un marteau en bois sans clous, des formes color\u00e9es, des autocollants fantaisie et des cartes mod\u00e8les. Ce jouet \u00e9veil 12 mois offre une activit\u00e9 cr\u00e9ative [&hellip;]<\/p>\n","protected":false},"featured_media":103496,"comment_status":"closed","ping_status":"closed","template":"","meta":{"_acf_changed":false},"product_brand":[],"product_cat":[123],"product_tag":[],"class_list":{"0":"post-118367","1":"product","2":"type-product","3":"status-publish","4":"has-post-thumbnail","6":"product_cat-bebe-tout-petit","7":"pa_leeftijd-filter-0-2-ans","8":"pa_meest-populair-bij-garcons-filles","10":"first","11":"instock","12":"shipping-taxable","13":"product-type-simple"},"acf":[],"yoast_head":"<!-- This site is optimized with the Yoast SEO plugin v27.2 - https:\/\/yoast.com\/product\/yoast-seo-wordpress\/ -->\n<title>My\u00a0first - Jeux de Tap Tap fantaisie - SES Creative<\/title>\n<meta name=\"robots\" content=\"index, follow, max-snippet:-1, max-image-preview:large, max-video-preview:-1\" \/>\n<link rel=\"canonical\" href=\"https:\/\/ses-creative.com\/fr\/produit\/my-first-jeux-de-tap-tap-fantaisie\/\" \/>\n<meta property=\"og:locale\" content=\"fr_FR\" \/>\n<meta property=\"og:type\" content=\"article\" \/>\n<meta property=\"og:title\" content=\"My\u00a0first - Jeux de Tap Tap fantaisie - SES Creative\" \/>\n<meta property=\"og:description\" content=\"Con\u00e7u pour les enfants d\u00e8s 12 mois, le jeu Tap Tap Fantaisie SES Creative My First d\u00e9veloppe la motricit\u00e9 fine, la coordination et la cr\u00e9ativit\u00e9. Il inclut un plateau perfor\u00e9, un marteau en bois sans clous, des formes color\u00e9es, des autocollants fantaisie et des cartes mod\u00e8les. Ce jouet \u00e9veil 12 mois offre une activit\u00e9 cr\u00e9ative [&hellip;]\" \/>\n<meta property=\"og:url\" content=\"https:\/\/ses-creative.com\/fr\/produit\/my-first-jeux-de-tap-tap-fantaisie\/\" \/>\n<meta property=\"og:site_name\" content=\"SES Creative\" \/>\n<meta property=\"article:modified_time\" content=\"2026-02-12T10:23:03+00:00\" \/>\n<meta name=\"twitter:card\" content=\"summary_large_image\" \/>\n<meta name=\"twitter:label1\" content=\"Dur\u00e9e de lecture estim\u00e9e\" \/>\n\t<meta name=\"twitter:data1\" content=\"1 minute\" \/>\n<script type=\"application\/ld+json\" class=\"yoast-schema-graph\">{\"@context\":\"https:\/\/schema.org\",\"@graph\":[{\"@type\":\"WebPage\",\"@id\":\"https:\/\/ses-creative.com\/fr\/produit\/my-first-jeux-de-tap-tap-fantaisie\/\",\"url\":\"https:\/\/ses-creative.com\/fr\/produit\/my-first-jeux-de-tap-tap-fantaisie\/\",\"name\":\"My\u00a0first - Jeux de Tap Tap fantaisie - SES Creative\",\"isPartOf\":{\"@id\":\"https:\/\/ses-creative.com\/#website\"},\"primaryImageOfPage\":{\"@id\":\"https:\/\/ses-creative.com\/fr\/produit\/my-first-jeux-de-tap-tap-fantaisie\/#primaryimage\"},\"image\":{\"@id\":\"https:\/\/ses-creative.com\/fr\/produit\/my-first-jeux-de-tap-tap-fantaisie\/#primaryimage\"},\"thumbnailUrl\":\"https:\/\/ses-creative.com\/wp-content\/uploads\/2026\/01\/144861.jpg\",\"datePublished\":\"2026-02-12T10:09:32+00:00\",\"dateModified\":\"2026-02-12T10:23:03+00:00\",\"breadcrumb\":{\"@id\":\"https:\/\/ses-creative.com\/fr\/produit\/my-first-jeux-de-tap-tap-fantaisie\/#breadcrumb\"},\"inLanguage\":\"fr-FR\",\"potentialAction\":[{\"@type\":\"ReadAction\",\"target\":[\"https:\/\/ses-creative.com\/fr\/produit\/my-first-jeux-de-tap-tap-fantaisie\/\"]}]},{\"@type\":\"ImageObject\",\"inLanguage\":\"fr-FR\",\"@id\":\"https:\/\/ses-creative.com\/fr\/produit\/my-first-jeux-de-tap-tap-fantaisie\/#primaryimage\",\"url\":\"https:\/\/ses-creative.com\/wp-content\/uploads\/2026\/01\/144861.jpg\",\"contentUrl\":\"https:\/\/ses-creative.com\/wp-content\/uploads\/2026\/01\/144861.jpg\",\"width\":1000,\"height\":1000},{\"@type\":\"BreadcrumbList\",\"@id\":\"https:\/\/ses-creative.com\/fr\/produit\/my-first-jeux-de-tap-tap-fantaisie\/#breadcrumb\",\"itemListElement\":[{\"@type\":\"ListItem\",\"position\":1,\"name\":\"Boutique\",\"item\":\"https:\/\/ses-creative.com\/fr\/boutique\/\"},{\"@type\":\"ListItem\",\"position\":2,\"name\":\"B\u00e9b\u00e9 &amp; Tout-petit\",\"item\":\"https:\/\/ses-creative.com\/fr\/product-categorie\/bebe-tout-petit\/\"},{\"@type\":\"ListItem\",\"position\":3,\"name\":\"My\u00a0first &#8211; Jeux de Tap Tap fantaisie\"}]},{\"@type\":\"WebSite\",\"@id\":\"https:\/\/ses-creative.com\/#website\",\"url\":\"https:\/\/ses-creative.com\/\",\"name\":\"SES Creative\",\"description\":\"\",\"publisher\":{\"@id\":\"https:\/\/ses-creative.com\/#organization\"},\"potentialAction\":[{\"@type\":\"SearchAction\",\"target\":{\"@type\":\"EntryPoint\",\"urlTemplate\":\"https:\/\/ses-creative.com\/?s={search_term_string}\"},\"query-input\":{\"@type\":\"PropertyValueSpecification\",\"valueRequired\":true,\"valueName\":\"search_term_string\"}}],\"inLanguage\":\"fr-FR\"},{\"@type\":\"Organization\",\"@id\":\"https:\/\/ses-creative.com\/#organization\",\"name\":\"SES Creative\",\"url\":\"https:\/\/ses-creative.com\/\",\"logo\":{\"@type\":\"ImageObject\",\"inLanguage\":\"fr-FR\",\"@id\":\"https:\/\/ses-creative.com\/#\/schema\/logo\/image\/\",\"url\":\"https:\/\/ses-creative.com\/wp-content\/uploads\/2025\/10\/ses-creative-logo.jpg\",\"contentUrl\":\"https:\/\/ses-creative.com\/wp-content\/uploads\/2025\/10\/ses-creative-logo.jpg\",\"width\":2037,\"height\":2037,\"caption\":\"SES Creative\"},\"image\":{\"@id\":\"https:\/\/ses-creative.com\/#\/schema\/logo\/image\/\"}}]}<\/script>\n<!-- \/ Yoast SEO plugin. -->","yoast_head_json":{"title":"My\u00a0first - Jeux de Tap Tap fantaisie - SES Creative","robots":{"index":"index","follow":"follow","max-snippet":"max-snippet:-1","max-image-preview":"max-image-preview:large","max-video-preview":"max-video-preview:-1"},"canonical":"https:\/\/ses-creative.com\/fr\/produit\/my-first-jeux-de-tap-tap-fantaisie\/","og_locale":"fr_FR","og_type":"article","og_title":"My\u00a0first - Jeux de Tap Tap fantaisie - SES Creative","og_description":"Con\u00e7u pour les enfants d\u00e8s 12 mois, le jeu Tap Tap Fantaisie SES Creative My First d\u00e9veloppe la motricit\u00e9 fine, la coordination et la cr\u00e9ativit\u00e9. Il inclut un plateau perfor\u00e9, un marteau en bois sans clous, des formes color\u00e9es, des autocollants fantaisie et des cartes mod\u00e8les. Ce jouet \u00e9veil 12 mois offre une activit\u00e9 cr\u00e9ative [&hellip;]","og_url":"https:\/\/ses-creative.com\/fr\/produit\/my-first-jeux-de-tap-tap-fantaisie\/","og_site_name":"SES Creative","article_modified_time":"2026-02-12T10:23:03+00:00","twitter_card":"summary_large_image","twitter_misc":{"Dur\u00e9e de lecture estim\u00e9e":"1 minute"},"schema":{"@context":"https:\/\/schema.org","@graph":[{"@type":"WebPage","@id":"https:\/\/ses-creative.com\/fr\/produit\/my-first-jeux-de-tap-tap-fantaisie\/","url":"https:\/\/ses-creative.com\/fr\/produit\/my-first-jeux-de-tap-tap-fantaisie\/","name":"My\u00a0first - Jeux de Tap Tap fantaisie - SES Creative","isPartOf":{"@id":"https:\/\/ses-creative.com\/#website"},"primaryImageOfPage":{"@id":"https:\/\/ses-creative.com\/fr\/produit\/my-first-jeux-de-tap-tap-fantaisie\/#primaryimage"},"image":{"@id":"https:\/\/ses-creative.com\/fr\/produit\/my-first-jeux-de-tap-tap-fantaisie\/#primaryimage"},"thumbnailUrl":"https:\/\/ses-creative.com\/wp-content\/uploads\/2026\/01\/144861.jpg","datePublished":"2026-02-12T10:09:32+00:00","dateModified":"2026-02-12T10:23:03+00:00","breadcrumb":{"@id":"https:\/\/ses-creative.com\/fr\/produit\/my-first-jeux-de-tap-tap-fantaisie\/#breadcrumb"},"inLanguage":"fr-FR","potentialAction":[{"@type":"ReadAction","target":["https:\/\/ses-creative.com\/fr\/produit\/my-first-jeux-de-tap-tap-fantaisie\/"]}]},{"@type":"ImageObject","inLanguage":"fr-FR","@id":"https:\/\/ses-creative.com\/fr\/produit\/my-first-jeux-de-tap-tap-fantaisie\/#primaryimage","url":"https:\/\/ses-creative.com\/wp-content\/uploads\/2026\/01\/144861.jpg","contentUrl":"https:\/\/ses-creative.com\/wp-content\/uploads\/2026\/01\/144861.jpg","width":1000,"height":1000},{"@type":"BreadcrumbList","@id":"https:\/\/ses-creative.com\/fr\/produit\/my-first-jeux-de-tap-tap-fantaisie\/#breadcrumb","itemListElement":[{"@type":"ListItem","position":1,"name":"Boutique","item":"https:\/\/ses-creative.com\/fr\/boutique\/"},{"@type":"ListItem","position":2,"name":"B\u00e9b\u00e9 &amp; Tout-petit","item":"https:\/\/ses-creative.com\/fr\/product-categorie\/bebe-tout-petit\/"},{"@type":"ListItem","position":3,"name":"My\u00a0first &#8211; Jeux de Tap Tap fantaisie"}]},{"@type":"WebSite","@id":"https:\/\/ses-creative.com\/#website","url":"https:\/\/ses-creative.com\/","name":"SES Creative","description":"","publisher":{"@id":"https:\/\/ses-creative.com\/#organization"},"potentialAction":[{"@type":"SearchAction","target":{"@type":"EntryPoint","urlTemplate":"https:\/\/ses-creative.com\/?s={search_term_string}"},"query-input":{"@type":"PropertyValueSpecification","valueRequired":true,"valueName":"search_term_string"}}],"inLanguage":"fr-FR"},{"@type":"Organization","@id":"https:\/\/ses-creative.com\/#organization","name":"SES Creative","url":"https:\/\/ses-creative.com\/","logo":{"@type":"ImageObject","inLanguage":"fr-FR","@id":"https:\/\/ses-creative.com\/#\/schema\/logo\/image\/","url":"https:\/\/ses-creative.com\/wp-content\/uploads\/2025\/10\/ses-creative-logo.jpg","contentUrl":"https:\/\/ses-creative.com\/wp-content\/uploads\/2025\/10\/ses-creative-logo.jpg","width":2037,"height":2037,"caption":"SES Creative"},"image":{"@id":"https:\/\/ses-creative.com\/#\/schema\/logo\/image\/"}}]}},"_links":{"self":[{"href":"https:\/\/ses-creative.com\/fr\/wp-json\/wp\/v2\/product\/118367","targetHints":{"allow":["GET"]}}],"collection":[{"href":"https:\/\/ses-creative.com\/fr\/wp-json\/wp\/v2\/product"}],"about":[{"href":"https:\/\/ses-creative.com\/fr\/wp-json\/wp\/v2\/types\/product"}],"replies":[{"embeddable":true,"href":"https:\/\/ses-creative.com\/fr\/wp-json\/wp\/v2\/comments?post=118367"}],"wp:featuredmedia":[{"embeddable":true,"href":"https:\/\/ses-creative.com\/fr\/wp-json\/wp\/v2\/media\/103496"}],"wp:attachment":[{"href":"https:\/\/ses-creative.com\/fr\/wp-json\/wp\/v2\/media?parent=118367"}],"wp:term":[{"taxonomy":"product_brand","embeddable":true,"href":"https:\/\/ses-creative.com\/fr\/wp-json\/wp\/v2\/product_brand?post=118367"},{"taxonomy":"product_cat","embeddable":true,"href":"https:\/\/ses-creative.com\/fr\/wp-json\/wp\/v2\/product_cat?post=118367"},{"taxonomy":"product_tag","embeddable":true,"href":"https:\/\/ses-creative.com\/fr\/wp-json\/wp\/v2\/product_tag?post=118367"}],"curies":[{"name":"wp","href":"https:\/\/api.w.org\/{rel}","templated":true}]}}