











{"id":118366,"date":"2026-02-12T10:09:32","date_gmt":"2026-02-12T10:09:32","guid":{"rendered":"https:\/\/ses-creative.com\/?post_type=product&#038;p=118366"},"modified":"2026-02-12T10:23:03","modified_gmt":"2026-02-12T10:23:03","slug":"my-first-autocollants-imprime-animal","status":"publish","type":"product","link":"https:\/\/ses-creative.com\/fr\/produit\/my-first-autocollants-imprime-animal\/","title":{"rendered":"My\u00a0first &#8211; Autocollants imprim\u00e9 animal"},"content":{"rendered":"<p>Cr\u00e9ez de magnifiques \u0153uvres d&rsquo;art avec des autocollants imprim\u00e9s d&rsquo;animaux !<br \/>\nQuelle m\u00e9nagerie ! Trouvez les diff\u00e9rentes couleurs et motifs des animaux et collez les autocollants au bon endroit. Ce set est parfait pour les tout-petits qui souhaitent d\u00e9couvrir les motifs et apprendre \u00e0 conna\u00eetre les animaux de mani\u00e8re ludique. Laissez votre enfant cr\u00e9er les plus belles \u0153uvres d&rsquo;art animali\u00e8res avec ces autocollants amusants !<br \/>\nCe qui rend ce set g\u00e9nial<br \/>\n&#8211;    Associez les motifs aux bons animaux et collez les autocollants au bon endroit<br \/>\n&#8211; Initiez votre enfant \u00e0 la reconnaissance des animaux et des motifs gr\u00e2ce \u00e0 ces cartes joyeuses repr\u00e9sentant des animaux<br \/>\n&#8211;    Cela stimule la motricit\u00e9 fine et la cr\u00e9ativit\u00e9<br \/>\n&#8211;    S\u00fbr et adapt\u00e9 aux enfants<br \/>\n&#8211;    Convient aux enfants \u00e0 partir de 1 an<br \/>\nCollez et d\u00e9couvrez avec les autocollants \u00e0 motifs d&rsquo;animaux<br \/>\nCe set permet aux enfants de d\u00e9couvrir les formes et les motifs de mani\u00e8re ludique et interactive. Les autocollants et les cartes color\u00e9s rendent le jeu et l&rsquo;apprentissage faciles et amusants. Un excellent moyen de stimuler la motricit\u00e9 fine et la cr\u00e9ativit\u00e9 des jeunes enfants.<br \/>\nCe set est id\u00e9al pour les parents qui souhaitent faire profiter leurs enfants d&rsquo;une activit\u00e9 \u00e9ducative et cr\u00e9ative. Il offre un moyen s\u00fbr et agr\u00e9able de jouer avec des autocollants et de d\u00e9couvrir des motifs.<br \/>\nContenu du set<br \/>\n&#8211;    8 cartes d&rsquo;animaux<br \/>\n&#8211;    Autocollants avec diff\u00e9rents motifs<br \/>\nPourquoi choisir SES Creative ?<br \/>\nChez SES Creative, nous accordons une grande importance \u00e0 la s\u00e9curit\u00e9. C&rsquo;est pourquoi nos produits sont fabriqu\u00e9s et test\u00e9s dans notre usine aux Pays-Bas, conform\u00e9ment aux normes de s\u00e9curit\u00e9 europ\u00e9ennes les plus strictes. Les jouets SES Creative sont source de plaisir et permettent aux enfants d&rsquo;\u00eatre fiers de leur travail, ce qui stimule leur cr\u00e9ativit\u00e9 et leur d\u00e9veloppement.<br \/>\nCommencez \u00e0 coller d\u00e8s aujourd&rsquo;hui<br \/>\nD\u00e9couvrez le plaisir des autocollants \u00e0 motifs d&rsquo;animaux et laissez votre enfant cr\u00e9er les plus belles \u0153uvres d&rsquo;art. Parfait pour le d\u00e9veloppement de votre enfant !<\/p>\n","protected":false},"excerpt":{"rendered":"<p>Cr\u00e9ez de magnifiques \u0153uvres d&rsquo;art avec des autocollants imprim\u00e9s d&rsquo;animaux ! Quelle m\u00e9nagerie ! Trouvez les diff\u00e9rentes couleurs et motifs des animaux et collez les autocollants au bon endroit. Ce set est parfait pour les tout-petits qui souhaitent d\u00e9couvrir les motifs et apprendre \u00e0 conna\u00eetre les animaux de mani\u00e8re ludique. Laissez votre enfant cr\u00e9er les [&hellip;]<\/p>\n","protected":false},"featured_media":103476,"comment_status":"closed","ping_status":"closed","template":"","meta":{"_acf_changed":false},"product_brand":[],"product_cat":[123],"product_tag":[],"class_list":{"0":"post-118366","1":"product","2":"type-product","3":"status-publish","4":"has-post-thumbnail","6":"product_cat-bebe-tout-petit","7":"pa_leeftijd-filter-0-2-ans","8":"pa_meest-populair-bij-garcons-filles","10":"first","11":"instock","12":"shipping-taxable","13":"product-type-simple"},"acf":[],"yoast_head":"<!-- This site is optimized with the Yoast SEO plugin v27.2 - https:\/\/yoast.com\/product\/yoast-seo-wordpress\/ -->\n<title>My\u00a0first - Autocollants imprim\u00e9 animal - SES Creative<\/title>\n<meta name=\"robots\" content=\"index, follow, max-snippet:-1, max-image-preview:large, max-video-preview:-1\" \/>\n<link rel=\"canonical\" href=\"https:\/\/ses-creative.com\/fr\/produit\/my-first-autocollants-imprime-animal\/\" \/>\n<meta property=\"og:locale\" content=\"fr_FR\" \/>\n<meta property=\"og:type\" content=\"article\" \/>\n<meta property=\"og:title\" content=\"My\u00a0first - Autocollants imprim\u00e9 animal - SES Creative\" \/>\n<meta property=\"og:description\" content=\"Cr\u00e9ez de magnifiques \u0153uvres d&rsquo;art avec des autocollants imprim\u00e9s d&rsquo;animaux ! Quelle m\u00e9nagerie ! Trouvez les diff\u00e9rentes couleurs et motifs des animaux et collez les autocollants au bon endroit. Ce set est parfait pour les tout-petits qui souhaitent d\u00e9couvrir les motifs et apprendre \u00e0 conna\u00eetre les animaux de mani\u00e8re ludique. Laissez votre enfant cr\u00e9er les [&hellip;]\" \/>\n<meta property=\"og:url\" content=\"https:\/\/ses-creative.com\/fr\/produit\/my-first-autocollants-imprime-animal\/\" \/>\n<meta property=\"og:site_name\" content=\"SES Creative\" \/>\n<meta property=\"article:modified_time\" content=\"2026-02-12T10:23:03+00:00\" \/>\n<meta name=\"twitter:card\" content=\"summary_large_image\" \/>\n<meta name=\"twitter:label1\" content=\"Dur\u00e9e de lecture estim\u00e9e\" \/>\n\t<meta name=\"twitter:data1\" content=\"2 minutes\" \/>\n<script type=\"application\/ld+json\" class=\"yoast-schema-graph\">{\"@context\":\"https:\/\/schema.org\",\"@graph\":[{\"@type\":\"WebPage\",\"@id\":\"https:\/\/ses-creative.com\/fr\/produit\/my-first-autocollants-imprime-animal\/\",\"url\":\"https:\/\/ses-creative.com\/fr\/produit\/my-first-autocollants-imprime-animal\/\",\"name\":\"My\u00a0first - Autocollants imprim\u00e9 animal - SES Creative\",\"isPartOf\":{\"@id\":\"https:\/\/ses-creative.com\/#website\"},\"primaryImageOfPage\":{\"@id\":\"https:\/\/ses-creative.com\/fr\/produit\/my-first-autocollants-imprime-animal\/#primaryimage\"},\"image\":{\"@id\":\"https:\/\/ses-creative.com\/fr\/produit\/my-first-autocollants-imprime-animal\/#primaryimage\"},\"thumbnailUrl\":\"https:\/\/ses-creative.com\/wp-content\/uploads\/2026\/01\/144851.jpg\",\"datePublished\":\"2026-02-12T10:09:32+00:00\",\"dateModified\":\"2026-02-12T10:23:03+00:00\",\"breadcrumb\":{\"@id\":\"https:\/\/ses-creative.com\/fr\/produit\/my-first-autocollants-imprime-animal\/#breadcrumb\"},\"inLanguage\":\"fr-FR\",\"potentialAction\":[{\"@type\":\"ReadAction\",\"target\":[\"https:\/\/ses-creative.com\/fr\/produit\/my-first-autocollants-imprime-animal\/\"]}]},{\"@type\":\"ImageObject\",\"inLanguage\":\"fr-FR\",\"@id\":\"https:\/\/ses-creative.com\/fr\/produit\/my-first-autocollants-imprime-animal\/#primaryimage\",\"url\":\"https:\/\/ses-creative.com\/wp-content\/uploads\/2026\/01\/144851.jpg\",\"contentUrl\":\"https:\/\/ses-creative.com\/wp-content\/uploads\/2026\/01\/144851.jpg\",\"width\":1000,\"height\":1000},{\"@type\":\"BreadcrumbList\",\"@id\":\"https:\/\/ses-creative.com\/fr\/produit\/my-first-autocollants-imprime-animal\/#breadcrumb\",\"itemListElement\":[{\"@type\":\"ListItem\",\"position\":1,\"name\":\"Boutique\",\"item\":\"https:\/\/ses-creative.com\/fr\/boutique\/\"},{\"@type\":\"ListItem\",\"position\":2,\"name\":\"B\u00e9b\u00e9 &amp; Tout-petit\",\"item\":\"https:\/\/ses-creative.com\/fr\/product-categorie\/bebe-tout-petit\/\"},{\"@type\":\"ListItem\",\"position\":3,\"name\":\"My\u00a0first &#8211; Autocollants imprim\u00e9 animal\"}]},{\"@type\":\"WebSite\",\"@id\":\"https:\/\/ses-creative.com\/#website\",\"url\":\"https:\/\/ses-creative.com\/\",\"name\":\"SES Creative\",\"description\":\"\",\"publisher\":{\"@id\":\"https:\/\/ses-creative.com\/#organization\"},\"potentialAction\":[{\"@type\":\"SearchAction\",\"target\":{\"@type\":\"EntryPoint\",\"urlTemplate\":\"https:\/\/ses-creative.com\/?s={search_term_string}\"},\"query-input\":{\"@type\":\"PropertyValueSpecification\",\"valueRequired\":true,\"valueName\":\"search_term_string\"}}],\"inLanguage\":\"fr-FR\"},{\"@type\":\"Organization\",\"@id\":\"https:\/\/ses-creative.com\/#organization\",\"name\":\"SES Creative\",\"url\":\"https:\/\/ses-creative.com\/\",\"logo\":{\"@type\":\"ImageObject\",\"inLanguage\":\"fr-FR\",\"@id\":\"https:\/\/ses-creative.com\/#\/schema\/logo\/image\/\",\"url\":\"https:\/\/ses-creative.com\/wp-content\/uploads\/2025\/10\/ses-creative-logo.jpg\",\"contentUrl\":\"https:\/\/ses-creative.com\/wp-content\/uploads\/2025\/10\/ses-creative-logo.jpg\",\"width\":2037,\"height\":2037,\"caption\":\"SES Creative\"},\"image\":{\"@id\":\"https:\/\/ses-creative.com\/#\/schema\/logo\/image\/\"}}]}<\/script>\n<!-- \/ Yoast SEO plugin. -->","yoast_head_json":{"title":"My\u00a0first - Autocollants imprim\u00e9 animal - SES Creative","robots":{"index":"index","follow":"follow","max-snippet":"max-snippet:-1","max-image-preview":"max-image-preview:large","max-video-preview":"max-video-preview:-1"},"canonical":"https:\/\/ses-creative.com\/fr\/produit\/my-first-autocollants-imprime-animal\/","og_locale":"fr_FR","og_type":"article","og_title":"My\u00a0first - Autocollants imprim\u00e9 animal - SES Creative","og_description":"Cr\u00e9ez de magnifiques \u0153uvres d&rsquo;art avec des autocollants imprim\u00e9s d&rsquo;animaux ! Quelle m\u00e9nagerie ! Trouvez les diff\u00e9rentes couleurs et motifs des animaux et collez les autocollants au bon endroit. Ce set est parfait pour les tout-petits qui souhaitent d\u00e9couvrir les motifs et apprendre \u00e0 conna\u00eetre les animaux de mani\u00e8re ludique. Laissez votre enfant cr\u00e9er les [&hellip;]","og_url":"https:\/\/ses-creative.com\/fr\/produit\/my-first-autocollants-imprime-animal\/","og_site_name":"SES Creative","article_modified_time":"2026-02-12T10:23:03+00:00","twitter_card":"summary_large_image","twitter_misc":{"Dur\u00e9e de lecture estim\u00e9e":"2 minutes"},"schema":{"@context":"https:\/\/schema.org","@graph":[{"@type":"WebPage","@id":"https:\/\/ses-creative.com\/fr\/produit\/my-first-autocollants-imprime-animal\/","url":"https:\/\/ses-creative.com\/fr\/produit\/my-first-autocollants-imprime-animal\/","name":"My\u00a0first - Autocollants imprim\u00e9 animal - SES Creative","isPartOf":{"@id":"https:\/\/ses-creative.com\/#website"},"primaryImageOfPage":{"@id":"https:\/\/ses-creative.com\/fr\/produit\/my-first-autocollants-imprime-animal\/#primaryimage"},"image":{"@id":"https:\/\/ses-creative.com\/fr\/produit\/my-first-autocollants-imprime-animal\/#primaryimage"},"thumbnailUrl":"https:\/\/ses-creative.com\/wp-content\/uploads\/2026\/01\/144851.jpg","datePublished":"2026-02-12T10:09:32+00:00","dateModified":"2026-02-12T10:23:03+00:00","breadcrumb":{"@id":"https:\/\/ses-creative.com\/fr\/produit\/my-first-autocollants-imprime-animal\/#breadcrumb"},"inLanguage":"fr-FR","potentialAction":[{"@type":"ReadAction","target":["https:\/\/ses-creative.com\/fr\/produit\/my-first-autocollants-imprime-animal\/"]}]},{"@type":"ImageObject","inLanguage":"fr-FR","@id":"https:\/\/ses-creative.com\/fr\/produit\/my-first-autocollants-imprime-animal\/#primaryimage","url":"https:\/\/ses-creative.com\/wp-content\/uploads\/2026\/01\/144851.jpg","contentUrl":"https:\/\/ses-creative.com\/wp-content\/uploads\/2026\/01\/144851.jpg","width":1000,"height":1000},{"@type":"BreadcrumbList","@id":"https:\/\/ses-creative.com\/fr\/produit\/my-first-autocollants-imprime-animal\/#breadcrumb","itemListElement":[{"@type":"ListItem","position":1,"name":"Boutique","item":"https:\/\/ses-creative.com\/fr\/boutique\/"},{"@type":"ListItem","position":2,"name":"B\u00e9b\u00e9 &amp; Tout-petit","item":"https:\/\/ses-creative.com\/fr\/product-categorie\/bebe-tout-petit\/"},{"@type":"ListItem","position":3,"name":"My\u00a0first &#8211; Autocollants imprim\u00e9 animal"}]},{"@type":"WebSite","@id":"https:\/\/ses-creative.com\/#website","url":"https:\/\/ses-creative.com\/","name":"SES Creative","description":"","publisher":{"@id":"https:\/\/ses-creative.com\/#organization"},"potentialAction":[{"@type":"SearchAction","target":{"@type":"EntryPoint","urlTemplate":"https:\/\/ses-creative.com\/?s={search_term_string}"},"query-input":{"@type":"PropertyValueSpecification","valueRequired":true,"valueName":"search_term_string"}}],"inLanguage":"fr-FR"},{"@type":"Organization","@id":"https:\/\/ses-creative.com\/#organization","name":"SES Creative","url":"https:\/\/ses-creative.com\/","logo":{"@type":"ImageObject","inLanguage":"fr-FR","@id":"https:\/\/ses-creative.com\/#\/schema\/logo\/image\/","url":"https:\/\/ses-creative.com\/wp-content\/uploads\/2025\/10\/ses-creative-logo.jpg","contentUrl":"https:\/\/ses-creative.com\/wp-content\/uploads\/2025\/10\/ses-creative-logo.jpg","width":2037,"height":2037,"caption":"SES Creative"},"image":{"@id":"https:\/\/ses-creative.com\/#\/schema\/logo\/image\/"}}]}},"_links":{"self":[{"href":"https:\/\/ses-creative.com\/fr\/wp-json\/wp\/v2\/product\/118366","targetHints":{"allow":["GET"]}}],"collection":[{"href":"https:\/\/ses-creative.com\/fr\/wp-json\/wp\/v2\/product"}],"about":[{"href":"https:\/\/ses-creative.com\/fr\/wp-json\/wp\/v2\/types\/product"}],"replies":[{"embeddable":true,"href":"https:\/\/ses-creative.com\/fr\/wp-json\/wp\/v2\/comments?post=118366"}],"wp:featuredmedia":[{"embeddable":true,"href":"https:\/\/ses-creative.com\/fr\/wp-json\/wp\/v2\/media\/103476"}],"wp:attachment":[{"href":"https:\/\/ses-creative.com\/fr\/wp-json\/wp\/v2\/media?parent=118366"}],"wp:term":[{"taxonomy":"product_brand","embeddable":true,"href":"https:\/\/ses-creative.com\/fr\/wp-json\/wp\/v2\/product_brand?post=118366"},{"taxonomy":"product_cat","embeddable":true,"href":"https:\/\/ses-creative.com\/fr\/wp-json\/wp\/v2\/product_cat?post=118366"},{"taxonomy":"product_tag","embeddable":true,"href":"https:\/\/ses-creative.com\/fr\/wp-json\/wp\/v2\/product_tag?post=118366"}],"curies":[{"name":"wp","href":"https:\/\/api.w.org\/{rel}","templated":true}]}}