











{"id":118365,"date":"2026-02-12T10:09:32","date_gmt":"2026-02-12T10:09:32","guid":{"rendered":"https:\/\/ses-creative.com\/?post_type=product&#038;p=118365"},"modified":"2026-02-12T10:23:03","modified_gmt":"2026-02-12T10:23:03","slug":"my-first-mosaiques-autocollantes","status":"publish","type":"product","link":"https:\/\/ses-creative.com\/fr\/produit\/my-first-mosaiques-autocollantes\/","title":{"rendered":"My first &#8211; Mosa\u00efques autocollantes"},"content":{"rendered":"<p>Le coffret Sticker Mosa\u00efques My First de SES Creative permet aux tout-petits de d\u00e9couvrir les formes et les couleurs \u00e0 travers une activit\u00e9 simple et sensorielle. Le jeu contient 12 cartes illustr\u00e9es avec des animaux et 72 stickers en mousse de diff\u00e9rentes couleurs et formes. L\u2019enfant doit rep\u00e9rer l\u2019emplacement correspondant et y placer l\u2019autocollant de la bonne forme et couleur. Sans colle ni outil, l\u2019activit\u00e9 est propre, intuitive et accessible d\u00e8s 1 an. En manipulant les formes, l\u2019enfant d\u00e9veloppe sa motricit\u00e9 fine, son sens de l\u2019observation, sa coordination et sa reconnaissance visuelle. Les stickers sont \u00e9pais, agr\u00e9ables au toucher et faciles \u00e0 coller puis repositionner. Adapt\u00e9 aux moments calmes \u00e0 la maison, en cr\u00e8che ou \u00e0 l\u2019\u00e9cole, ce jeu invite \u00e0 apprendre tout en s\u2019amusant. Fabriqu\u00e9 aux Pays-Bas par SES Creative, ce kit favorise l\u2019autonomie et les apprentissages pr\u00e9coces dans un cadre ludique et \u00e9volutif. Le coffret favorise \u00e9galement les \u00e9changes entre adultes et enfants lors de l\u2019activit\u00e9, renfor\u00e7ant les liens tout en introduisant les premi\u00e8res notions de tri, de cat\u00e9gorisation et de logique visuelle. C\u2019est un support p\u00e9dagogique adapt\u00e9 pour stimuler l\u2019expression orale, le vocabulaire des couleurs et des formes, et encourager l\u2019autonomie d\u00e8s le plus jeune \u00e2ge.<\/p>\n","protected":false},"excerpt":{"rendered":"<p>Le coffret Sticker Mosa\u00efques My First de SES Creative permet aux tout-petits de d\u00e9couvrir les formes et les couleurs \u00e0 travers une activit\u00e9 simple et sensorielle. Le jeu contient 12 cartes illustr\u00e9es avec des animaux et 72 stickers en mousse de diff\u00e9rentes couleurs et formes. L\u2019enfant doit rep\u00e9rer l\u2019emplacement correspondant et y placer l\u2019autocollant de [&hellip;]<\/p>\n","protected":false},"featured_media":103456,"comment_status":"closed","ping_status":"closed","template":"","meta":{"_acf_changed":false},"product_brand":[],"product_cat":[123],"product_tag":[],"class_list":{"0":"post-118365","1":"product","2":"type-product","3":"status-publish","4":"has-post-thumbnail","6":"product_cat-bebe-tout-petit","7":"pa_leeftijd-filter-0-2-ans","8":"pa_meest-populair-bij-garcons-filles","10":"first","11":"instock","12":"shipping-taxable","13":"product-type-simple"},"acf":[],"yoast_head":"<!-- This site is optimized with the Yoast SEO plugin v27.2 - https:\/\/yoast.com\/product\/yoast-seo-wordpress\/ -->\n<title>My first - Mosa\u00efques autocollantes - SES Creative<\/title>\n<meta name=\"robots\" content=\"index, follow, max-snippet:-1, max-image-preview:large, max-video-preview:-1\" \/>\n<link rel=\"canonical\" href=\"https:\/\/ses-creative.com\/fr\/produit\/my-first-mosaiques-autocollantes\/\" \/>\n<meta property=\"og:locale\" content=\"fr_FR\" \/>\n<meta property=\"og:type\" content=\"article\" \/>\n<meta property=\"og:title\" content=\"My first - Mosa\u00efques autocollantes - SES Creative\" \/>\n<meta property=\"og:description\" content=\"Le coffret Sticker Mosa\u00efques My First de SES Creative permet aux tout-petits de d\u00e9couvrir les formes et les couleurs \u00e0 travers une activit\u00e9 simple et sensorielle. Le jeu contient 12 cartes illustr\u00e9es avec des animaux et 72 stickers en mousse de diff\u00e9rentes couleurs et formes. L\u2019enfant doit rep\u00e9rer l\u2019emplacement correspondant et y placer l\u2019autocollant de [&hellip;]\" \/>\n<meta property=\"og:url\" content=\"https:\/\/ses-creative.com\/fr\/produit\/my-first-mosaiques-autocollantes\/\" \/>\n<meta property=\"og:site_name\" content=\"SES Creative\" \/>\n<meta property=\"article:modified_time\" content=\"2026-02-12T10:23:03+00:00\" \/>\n<meta name=\"twitter:card\" content=\"summary_large_image\" \/>\n<meta name=\"twitter:label1\" content=\"Dur\u00e9e de lecture estim\u00e9e\" \/>\n\t<meta name=\"twitter:data1\" content=\"1 minute\" \/>\n<script type=\"application\/ld+json\" class=\"yoast-schema-graph\">{\"@context\":\"https:\/\/schema.org\",\"@graph\":[{\"@type\":\"WebPage\",\"@id\":\"https:\/\/ses-creative.com\/fr\/produit\/my-first-mosaiques-autocollantes\/\",\"url\":\"https:\/\/ses-creative.com\/fr\/produit\/my-first-mosaiques-autocollantes\/\",\"name\":\"My first - Mosa\u00efques autocollantes - SES Creative\",\"isPartOf\":{\"@id\":\"https:\/\/ses-creative.com\/#website\"},\"primaryImageOfPage\":{\"@id\":\"https:\/\/ses-creative.com\/fr\/produit\/my-first-mosaiques-autocollantes\/#primaryimage\"},\"image\":{\"@id\":\"https:\/\/ses-creative.com\/fr\/produit\/my-first-mosaiques-autocollantes\/#primaryimage\"},\"thumbnailUrl\":\"https:\/\/ses-creative.com\/wp-content\/uploads\/2026\/01\/144841.jpg\",\"datePublished\":\"2026-02-12T10:09:32+00:00\",\"dateModified\":\"2026-02-12T10:23:03+00:00\",\"breadcrumb\":{\"@id\":\"https:\/\/ses-creative.com\/fr\/produit\/my-first-mosaiques-autocollantes\/#breadcrumb\"},\"inLanguage\":\"fr-FR\",\"potentialAction\":[{\"@type\":\"ReadAction\",\"target\":[\"https:\/\/ses-creative.com\/fr\/produit\/my-first-mosaiques-autocollantes\/\"]}]},{\"@type\":\"ImageObject\",\"inLanguage\":\"fr-FR\",\"@id\":\"https:\/\/ses-creative.com\/fr\/produit\/my-first-mosaiques-autocollantes\/#primaryimage\",\"url\":\"https:\/\/ses-creative.com\/wp-content\/uploads\/2026\/01\/144841.jpg\",\"contentUrl\":\"https:\/\/ses-creative.com\/wp-content\/uploads\/2026\/01\/144841.jpg\",\"width\":1000,\"height\":1000},{\"@type\":\"BreadcrumbList\",\"@id\":\"https:\/\/ses-creative.com\/fr\/produit\/my-first-mosaiques-autocollantes\/#breadcrumb\",\"itemListElement\":[{\"@type\":\"ListItem\",\"position\":1,\"name\":\"Boutique\",\"item\":\"https:\/\/ses-creative.com\/fr\/boutique\/\"},{\"@type\":\"ListItem\",\"position\":2,\"name\":\"B\u00e9b\u00e9 &amp; Tout-petit\",\"item\":\"https:\/\/ses-creative.com\/fr\/product-categorie\/bebe-tout-petit\/\"},{\"@type\":\"ListItem\",\"position\":3,\"name\":\"My first &#8211; Mosa\u00efques autocollantes\"}]},{\"@type\":\"WebSite\",\"@id\":\"https:\/\/ses-creative.com\/#website\",\"url\":\"https:\/\/ses-creative.com\/\",\"name\":\"SES Creative\",\"description\":\"\",\"publisher\":{\"@id\":\"https:\/\/ses-creative.com\/#organization\"},\"potentialAction\":[{\"@type\":\"SearchAction\",\"target\":{\"@type\":\"EntryPoint\",\"urlTemplate\":\"https:\/\/ses-creative.com\/?s={search_term_string}\"},\"query-input\":{\"@type\":\"PropertyValueSpecification\",\"valueRequired\":true,\"valueName\":\"search_term_string\"}}],\"inLanguage\":\"fr-FR\"},{\"@type\":\"Organization\",\"@id\":\"https:\/\/ses-creative.com\/#organization\",\"name\":\"SES Creative\",\"url\":\"https:\/\/ses-creative.com\/\",\"logo\":{\"@type\":\"ImageObject\",\"inLanguage\":\"fr-FR\",\"@id\":\"https:\/\/ses-creative.com\/#\/schema\/logo\/image\/\",\"url\":\"https:\/\/ses-creative.com\/wp-content\/uploads\/2025\/10\/ses-creative-logo.jpg\",\"contentUrl\":\"https:\/\/ses-creative.com\/wp-content\/uploads\/2025\/10\/ses-creative-logo.jpg\",\"width\":2037,\"height\":2037,\"caption\":\"SES Creative\"},\"image\":{\"@id\":\"https:\/\/ses-creative.com\/#\/schema\/logo\/image\/\"}}]}<\/script>\n<!-- \/ Yoast SEO plugin. -->","yoast_head_json":{"title":"My first - Mosa\u00efques autocollantes - SES Creative","robots":{"index":"index","follow":"follow","max-snippet":"max-snippet:-1","max-image-preview":"max-image-preview:large","max-video-preview":"max-video-preview:-1"},"canonical":"https:\/\/ses-creative.com\/fr\/produit\/my-first-mosaiques-autocollantes\/","og_locale":"fr_FR","og_type":"article","og_title":"My first - Mosa\u00efques autocollantes - SES Creative","og_description":"Le coffret Sticker Mosa\u00efques My First de SES Creative permet aux tout-petits de d\u00e9couvrir les formes et les couleurs \u00e0 travers une activit\u00e9 simple et sensorielle. Le jeu contient 12 cartes illustr\u00e9es avec des animaux et 72 stickers en mousse de diff\u00e9rentes couleurs et formes. L\u2019enfant doit rep\u00e9rer l\u2019emplacement correspondant et y placer l\u2019autocollant de [&hellip;]","og_url":"https:\/\/ses-creative.com\/fr\/produit\/my-first-mosaiques-autocollantes\/","og_site_name":"SES Creative","article_modified_time":"2026-02-12T10:23:03+00:00","twitter_card":"summary_large_image","twitter_misc":{"Dur\u00e9e de lecture estim\u00e9e":"1 minute"},"schema":{"@context":"https:\/\/schema.org","@graph":[{"@type":"WebPage","@id":"https:\/\/ses-creative.com\/fr\/produit\/my-first-mosaiques-autocollantes\/","url":"https:\/\/ses-creative.com\/fr\/produit\/my-first-mosaiques-autocollantes\/","name":"My first - Mosa\u00efques autocollantes - SES Creative","isPartOf":{"@id":"https:\/\/ses-creative.com\/#website"},"primaryImageOfPage":{"@id":"https:\/\/ses-creative.com\/fr\/produit\/my-first-mosaiques-autocollantes\/#primaryimage"},"image":{"@id":"https:\/\/ses-creative.com\/fr\/produit\/my-first-mosaiques-autocollantes\/#primaryimage"},"thumbnailUrl":"https:\/\/ses-creative.com\/wp-content\/uploads\/2026\/01\/144841.jpg","datePublished":"2026-02-12T10:09:32+00:00","dateModified":"2026-02-12T10:23:03+00:00","breadcrumb":{"@id":"https:\/\/ses-creative.com\/fr\/produit\/my-first-mosaiques-autocollantes\/#breadcrumb"},"inLanguage":"fr-FR","potentialAction":[{"@type":"ReadAction","target":["https:\/\/ses-creative.com\/fr\/produit\/my-first-mosaiques-autocollantes\/"]}]},{"@type":"ImageObject","inLanguage":"fr-FR","@id":"https:\/\/ses-creative.com\/fr\/produit\/my-first-mosaiques-autocollantes\/#primaryimage","url":"https:\/\/ses-creative.com\/wp-content\/uploads\/2026\/01\/144841.jpg","contentUrl":"https:\/\/ses-creative.com\/wp-content\/uploads\/2026\/01\/144841.jpg","width":1000,"height":1000},{"@type":"BreadcrumbList","@id":"https:\/\/ses-creative.com\/fr\/produit\/my-first-mosaiques-autocollantes\/#breadcrumb","itemListElement":[{"@type":"ListItem","position":1,"name":"Boutique","item":"https:\/\/ses-creative.com\/fr\/boutique\/"},{"@type":"ListItem","position":2,"name":"B\u00e9b\u00e9 &amp; Tout-petit","item":"https:\/\/ses-creative.com\/fr\/product-categorie\/bebe-tout-petit\/"},{"@type":"ListItem","position":3,"name":"My first &#8211; Mosa\u00efques autocollantes"}]},{"@type":"WebSite","@id":"https:\/\/ses-creative.com\/#website","url":"https:\/\/ses-creative.com\/","name":"SES Creative","description":"","publisher":{"@id":"https:\/\/ses-creative.com\/#organization"},"potentialAction":[{"@type":"SearchAction","target":{"@type":"EntryPoint","urlTemplate":"https:\/\/ses-creative.com\/?s={search_term_string}"},"query-input":{"@type":"PropertyValueSpecification","valueRequired":true,"valueName":"search_term_string"}}],"inLanguage":"fr-FR"},{"@type":"Organization","@id":"https:\/\/ses-creative.com\/#organization","name":"SES Creative","url":"https:\/\/ses-creative.com\/","logo":{"@type":"ImageObject","inLanguage":"fr-FR","@id":"https:\/\/ses-creative.com\/#\/schema\/logo\/image\/","url":"https:\/\/ses-creative.com\/wp-content\/uploads\/2025\/10\/ses-creative-logo.jpg","contentUrl":"https:\/\/ses-creative.com\/wp-content\/uploads\/2025\/10\/ses-creative-logo.jpg","width":2037,"height":2037,"caption":"SES Creative"},"image":{"@id":"https:\/\/ses-creative.com\/#\/schema\/logo\/image\/"}}]}},"_links":{"self":[{"href":"https:\/\/ses-creative.com\/fr\/wp-json\/wp\/v2\/product\/118365","targetHints":{"allow":["GET"]}}],"collection":[{"href":"https:\/\/ses-creative.com\/fr\/wp-json\/wp\/v2\/product"}],"about":[{"href":"https:\/\/ses-creative.com\/fr\/wp-json\/wp\/v2\/types\/product"}],"replies":[{"embeddable":true,"href":"https:\/\/ses-creative.com\/fr\/wp-json\/wp\/v2\/comments?post=118365"}],"wp:featuredmedia":[{"embeddable":true,"href":"https:\/\/ses-creative.com\/fr\/wp-json\/wp\/v2\/media\/103456"}],"wp:attachment":[{"href":"https:\/\/ses-creative.com\/fr\/wp-json\/wp\/v2\/media?parent=118365"}],"wp:term":[{"taxonomy":"product_brand","embeddable":true,"href":"https:\/\/ses-creative.com\/fr\/wp-json\/wp\/v2\/product_brand?post=118365"},{"taxonomy":"product_cat","embeddable":true,"href":"https:\/\/ses-creative.com\/fr\/wp-json\/wp\/v2\/product_cat?post=118365"},{"taxonomy":"product_tag","embeddable":true,"href":"https:\/\/ses-creative.com\/fr\/wp-json\/wp\/v2\/product_tag?post=118365"}],"curies":[{"name":"wp","href":"https:\/\/api.w.org\/{rel}","templated":true}]}}