











{"id":118364,"date":"2026-02-12T10:09:32","date_gmt":"2026-02-12T10:09:32","guid":{"rendered":"https:\/\/ses-creative.com\/?post_type=product&#038;p=118364"},"modified":"2026-02-12T10:23:02","modified_gmt":"2026-02-12T10:23:02","slug":"my-first-cartes-mosaiques-sensorielles","status":"publish","type":"product","link":"https:\/\/ses-creative.com\/fr\/produit\/my-first-cartes-mosaiques-sensorielles\/","title":{"rendered":"My first &#8211; Cartes mosa\u00efques sensorielles"},"content":{"rendered":"<p>D\u00e9couvrez la magie des couleurs et des formes avec les cartes mosa\u00efques sensorielles !<br \/>\nEntrez dans un monde plein de couleurs et de textures avec les cartes mosa\u00efques My First &#8211; Sensory. Ce jeu de mosa\u00efque ludique et \u00e9ducatif est sp\u00e9cialement con\u00e7u pour les tout-petits \u00e0 partir de 1 an. Gr\u00e2ce \u00e0 des pi\u00e8ces de mosa\u00efque douces, s\u00fbres et faciles \u00e0 saisir, les plus petits peuvent cr\u00e9er leurs premi\u00e8res \u0153uvres d&rsquo;art. Les diff\u00e9rentes textures et les couleurs vives offrent une exp\u00e9rience sensorielle unique qui stimule leurs sens et d\u00e9veloppe leur motricit\u00e9 fine.<br \/>\nCe qui rend ce set g\u00e9nial<br \/>\n&#8211;    Convient aux enfants \u00e0 partir de 1 an. Parfait pour les petites mains et les jeunes explorateurs<br \/>\n&#8211;    Stimule les sens et la motricit\u00e9<br \/>\n&#8211;    S\u00fbr et adapt\u00e9 aux enfants \u2013 Fabriqu\u00e9 \u00e0 partir de mat\u00e9riaux souples et r\u00e9sistants, sans bords tranchants<br \/>\n&#8211;    Apprendre en jouant. D\u00e9veloppe la reconnaissance des couleurs, des formes et des textures, la cr\u00e9ativit\u00e9 et la concentration<br \/>\n&#8211;    Diff\u00e9rentes cartes \u00e0 coller repr\u00e9sentant des animaux joyeux<br \/>\nJouer, apprendre et se d\u00e9velopper<br \/>\nLa d\u00e9couverte du monde commence par le toucher, la vue et l&rsquo;exp\u00e9rimentation. Ce jouet sensoriel en mosa\u00efque aide les jeunes enfants \u00e0 reconna\u00eetre les formes et les couleurs tout en pla\u00e7ant les pi\u00e8ces au bon endroit sur l&rsquo;animal correspondant. Les motifs ludiques sur les cartes animales incitent \u00e0 faire des combinaisons et stimulent la pens\u00e9e logique. Chaque carte est une aventure en soi ! Les enfants prennent les pi\u00e8ces de mosa\u00efque et sentent les diff\u00e9rentes textures. Associez le feutre, la fourrure et la mousse aux bons animaux sur les cartes illustr\u00e9es. Cela stimule la coordination \u0153il-main, la concentration et le toucher, des comp\u00e9tences essentielles qui aident les enfants dans leur d\u00e9veloppement.<br \/>\nContenu du set<br \/>\n&#8211;    6 cartes mosa\u00efques avec des animaux<br \/>\n&#8211;    8 formes en mousse avec texture<br \/>\n&#8211;    8 formes en feutre<br \/>\n&#8211;    8 formes en fourrure<br \/>\nPourquoi choisir SES Creative ?<br \/>\nChez SES Creative, nous accordons une grande importance \u00e0 la s\u00e9curit\u00e9. C&rsquo;est pourquoi nos produits sont fabriqu\u00e9s et test\u00e9s dans notre usine aux Pays-Bas, conform\u00e9ment aux normes de s\u00e9curit\u00e9 europ\u00e9ennes les plus strictes. Les jouets SES Creative sont source de plaisir et permettent aux enfants d&rsquo;\u00eatre fiers de leur travail, ce qui stimule leur cr\u00e9ativit\u00e9 et leur d\u00e9veloppement.<br \/>\nPr\u00eat pour le plaisir de la mosa\u00efque ?<br \/>\nLaissez votre enfant exp\u00e9rimenter, d\u00e9couvrir et s&rsquo;amuser avec les cartes mosa\u00efques sensorielles My First. Un d\u00e9but cr\u00e9atif pour de grandes aventures !<\/p>\n","protected":false},"excerpt":{"rendered":"<p>D\u00e9couvrez la magie des couleurs et des formes avec les cartes mosa\u00efques sensorielles ! Entrez dans un monde plein de couleurs et de textures avec les cartes mosa\u00efques My First &#8211; Sensory. Ce jeu de mosa\u00efque ludique et \u00e9ducatif est sp\u00e9cialement con\u00e7u pour les tout-petits \u00e0 partir de 1 an. Gr\u00e2ce \u00e0 des pi\u00e8ces de [&hellip;]<\/p>\n","protected":false},"featured_media":103436,"comment_status":"closed","ping_status":"closed","template":"","meta":{"_acf_changed":false},"product_brand":[],"product_cat":[123],"product_tag":[],"class_list":{"0":"post-118364","1":"product","2":"type-product","3":"status-publish","4":"has-post-thumbnail","6":"product_cat-bebe-tout-petit","7":"pa_leeftijd-filter-0-2-ans","8":"pa_meest-populair-bij-garcons-filles","10":"first","11":"instock","12":"shipping-taxable","13":"product-type-simple"},"acf":[],"yoast_head":"<!-- This site is optimized with the Yoast SEO plugin v27.2 - https:\/\/yoast.com\/product\/yoast-seo-wordpress\/ -->\n<title>My first - Cartes mosa\u00efques sensorielles - SES Creative<\/title>\n<meta name=\"robots\" content=\"index, follow, max-snippet:-1, max-image-preview:large, max-video-preview:-1\" \/>\n<link rel=\"canonical\" href=\"https:\/\/ses-creative.com\/fr\/produit\/my-first-cartes-mosaiques-sensorielles\/\" \/>\n<meta property=\"og:locale\" content=\"fr_FR\" \/>\n<meta property=\"og:type\" content=\"article\" \/>\n<meta property=\"og:title\" content=\"My first - Cartes mosa\u00efques sensorielles - SES Creative\" \/>\n<meta property=\"og:description\" content=\"D\u00e9couvrez la magie des couleurs et des formes avec les cartes mosa\u00efques sensorielles ! Entrez dans un monde plein de couleurs et de textures avec les cartes mosa\u00efques My First &#8211; Sensory. Ce jeu de mosa\u00efque ludique et \u00e9ducatif est sp\u00e9cialement con\u00e7u pour les tout-petits \u00e0 partir de 1 an. Gr\u00e2ce \u00e0 des pi\u00e8ces de [&hellip;]\" \/>\n<meta property=\"og:url\" content=\"https:\/\/ses-creative.com\/fr\/produit\/my-first-cartes-mosaiques-sensorielles\/\" \/>\n<meta property=\"og:site_name\" content=\"SES Creative\" \/>\n<meta property=\"article:modified_time\" content=\"2026-02-12T10:23:02+00:00\" \/>\n<meta name=\"twitter:card\" content=\"summary_large_image\" \/>\n<meta name=\"twitter:label1\" content=\"Dur\u00e9e de lecture estim\u00e9e\" \/>\n\t<meta name=\"twitter:data1\" content=\"2 minutes\" \/>\n<script type=\"application\/ld+json\" class=\"yoast-schema-graph\">{\"@context\":\"https:\/\/schema.org\",\"@graph\":[{\"@type\":\"WebPage\",\"@id\":\"https:\/\/ses-creative.com\/fr\/produit\/my-first-cartes-mosaiques-sensorielles\/\",\"url\":\"https:\/\/ses-creative.com\/fr\/produit\/my-first-cartes-mosaiques-sensorielles\/\",\"name\":\"My first - Cartes mosa\u00efques sensorielles - SES Creative\",\"isPartOf\":{\"@id\":\"https:\/\/ses-creative.com\/#website\"},\"primaryImageOfPage\":{\"@id\":\"https:\/\/ses-creative.com\/fr\/produit\/my-first-cartes-mosaiques-sensorielles\/#primaryimage\"},\"image\":{\"@id\":\"https:\/\/ses-creative.com\/fr\/produit\/my-first-cartes-mosaiques-sensorielles\/#primaryimage\"},\"thumbnailUrl\":\"https:\/\/ses-creative.com\/wp-content\/uploads\/2026\/01\/144831.jpg\",\"datePublished\":\"2026-02-12T10:09:32+00:00\",\"dateModified\":\"2026-02-12T10:23:02+00:00\",\"breadcrumb\":{\"@id\":\"https:\/\/ses-creative.com\/fr\/produit\/my-first-cartes-mosaiques-sensorielles\/#breadcrumb\"},\"inLanguage\":\"fr-FR\",\"potentialAction\":[{\"@type\":\"ReadAction\",\"target\":[\"https:\/\/ses-creative.com\/fr\/produit\/my-first-cartes-mosaiques-sensorielles\/\"]}]},{\"@type\":\"ImageObject\",\"inLanguage\":\"fr-FR\",\"@id\":\"https:\/\/ses-creative.com\/fr\/produit\/my-first-cartes-mosaiques-sensorielles\/#primaryimage\",\"url\":\"https:\/\/ses-creative.com\/wp-content\/uploads\/2026\/01\/144831.jpg\",\"contentUrl\":\"https:\/\/ses-creative.com\/wp-content\/uploads\/2026\/01\/144831.jpg\",\"width\":1000,\"height\":1000},{\"@type\":\"BreadcrumbList\",\"@id\":\"https:\/\/ses-creative.com\/fr\/produit\/my-first-cartes-mosaiques-sensorielles\/#breadcrumb\",\"itemListElement\":[{\"@type\":\"ListItem\",\"position\":1,\"name\":\"Boutique\",\"item\":\"https:\/\/ses-creative.com\/fr\/boutique\/\"},{\"@type\":\"ListItem\",\"position\":2,\"name\":\"B\u00e9b\u00e9 &amp; Tout-petit\",\"item\":\"https:\/\/ses-creative.com\/fr\/product-categorie\/bebe-tout-petit\/\"},{\"@type\":\"ListItem\",\"position\":3,\"name\":\"My first &#8211; Cartes mosa\u00efques sensorielles\"}]},{\"@type\":\"WebSite\",\"@id\":\"https:\/\/ses-creative.com\/#website\",\"url\":\"https:\/\/ses-creative.com\/\",\"name\":\"SES Creative\",\"description\":\"\",\"publisher\":{\"@id\":\"https:\/\/ses-creative.com\/#organization\"},\"potentialAction\":[{\"@type\":\"SearchAction\",\"target\":{\"@type\":\"EntryPoint\",\"urlTemplate\":\"https:\/\/ses-creative.com\/?s={search_term_string}\"},\"query-input\":{\"@type\":\"PropertyValueSpecification\",\"valueRequired\":true,\"valueName\":\"search_term_string\"}}],\"inLanguage\":\"fr-FR\"},{\"@type\":\"Organization\",\"@id\":\"https:\/\/ses-creative.com\/#organization\",\"name\":\"SES Creative\",\"url\":\"https:\/\/ses-creative.com\/\",\"logo\":{\"@type\":\"ImageObject\",\"inLanguage\":\"fr-FR\",\"@id\":\"https:\/\/ses-creative.com\/#\/schema\/logo\/image\/\",\"url\":\"https:\/\/ses-creative.com\/wp-content\/uploads\/2025\/10\/ses-creative-logo.jpg\",\"contentUrl\":\"https:\/\/ses-creative.com\/wp-content\/uploads\/2025\/10\/ses-creative-logo.jpg\",\"width\":2037,\"height\":2037,\"caption\":\"SES Creative\"},\"image\":{\"@id\":\"https:\/\/ses-creative.com\/#\/schema\/logo\/image\/\"}}]}<\/script>\n<!-- \/ Yoast SEO plugin. -->","yoast_head_json":{"title":"My first - Cartes mosa\u00efques sensorielles - SES Creative","robots":{"index":"index","follow":"follow","max-snippet":"max-snippet:-1","max-image-preview":"max-image-preview:large","max-video-preview":"max-video-preview:-1"},"canonical":"https:\/\/ses-creative.com\/fr\/produit\/my-first-cartes-mosaiques-sensorielles\/","og_locale":"fr_FR","og_type":"article","og_title":"My first - Cartes mosa\u00efques sensorielles - SES Creative","og_description":"D\u00e9couvrez la magie des couleurs et des formes avec les cartes mosa\u00efques sensorielles ! Entrez dans un monde plein de couleurs et de textures avec les cartes mosa\u00efques My First &#8211; Sensory. Ce jeu de mosa\u00efque ludique et \u00e9ducatif est sp\u00e9cialement con\u00e7u pour les tout-petits \u00e0 partir de 1 an. Gr\u00e2ce \u00e0 des pi\u00e8ces de [&hellip;]","og_url":"https:\/\/ses-creative.com\/fr\/produit\/my-first-cartes-mosaiques-sensorielles\/","og_site_name":"SES Creative","article_modified_time":"2026-02-12T10:23:02+00:00","twitter_card":"summary_large_image","twitter_misc":{"Dur\u00e9e de lecture estim\u00e9e":"2 minutes"},"schema":{"@context":"https:\/\/schema.org","@graph":[{"@type":"WebPage","@id":"https:\/\/ses-creative.com\/fr\/produit\/my-first-cartes-mosaiques-sensorielles\/","url":"https:\/\/ses-creative.com\/fr\/produit\/my-first-cartes-mosaiques-sensorielles\/","name":"My first - Cartes mosa\u00efques sensorielles - SES Creative","isPartOf":{"@id":"https:\/\/ses-creative.com\/#website"},"primaryImageOfPage":{"@id":"https:\/\/ses-creative.com\/fr\/produit\/my-first-cartes-mosaiques-sensorielles\/#primaryimage"},"image":{"@id":"https:\/\/ses-creative.com\/fr\/produit\/my-first-cartes-mosaiques-sensorielles\/#primaryimage"},"thumbnailUrl":"https:\/\/ses-creative.com\/wp-content\/uploads\/2026\/01\/144831.jpg","datePublished":"2026-02-12T10:09:32+00:00","dateModified":"2026-02-12T10:23:02+00:00","breadcrumb":{"@id":"https:\/\/ses-creative.com\/fr\/produit\/my-first-cartes-mosaiques-sensorielles\/#breadcrumb"},"inLanguage":"fr-FR","potentialAction":[{"@type":"ReadAction","target":["https:\/\/ses-creative.com\/fr\/produit\/my-first-cartes-mosaiques-sensorielles\/"]}]},{"@type":"ImageObject","inLanguage":"fr-FR","@id":"https:\/\/ses-creative.com\/fr\/produit\/my-first-cartes-mosaiques-sensorielles\/#primaryimage","url":"https:\/\/ses-creative.com\/wp-content\/uploads\/2026\/01\/144831.jpg","contentUrl":"https:\/\/ses-creative.com\/wp-content\/uploads\/2026\/01\/144831.jpg","width":1000,"height":1000},{"@type":"BreadcrumbList","@id":"https:\/\/ses-creative.com\/fr\/produit\/my-first-cartes-mosaiques-sensorielles\/#breadcrumb","itemListElement":[{"@type":"ListItem","position":1,"name":"Boutique","item":"https:\/\/ses-creative.com\/fr\/boutique\/"},{"@type":"ListItem","position":2,"name":"B\u00e9b\u00e9 &amp; Tout-petit","item":"https:\/\/ses-creative.com\/fr\/product-categorie\/bebe-tout-petit\/"},{"@type":"ListItem","position":3,"name":"My first &#8211; Cartes mosa\u00efques sensorielles"}]},{"@type":"WebSite","@id":"https:\/\/ses-creative.com\/#website","url":"https:\/\/ses-creative.com\/","name":"SES Creative","description":"","publisher":{"@id":"https:\/\/ses-creative.com\/#organization"},"potentialAction":[{"@type":"SearchAction","target":{"@type":"EntryPoint","urlTemplate":"https:\/\/ses-creative.com\/?s={search_term_string}"},"query-input":{"@type":"PropertyValueSpecification","valueRequired":true,"valueName":"search_term_string"}}],"inLanguage":"fr-FR"},{"@type":"Organization","@id":"https:\/\/ses-creative.com\/#organization","name":"SES Creative","url":"https:\/\/ses-creative.com\/","logo":{"@type":"ImageObject","inLanguage":"fr-FR","@id":"https:\/\/ses-creative.com\/#\/schema\/logo\/image\/","url":"https:\/\/ses-creative.com\/wp-content\/uploads\/2025\/10\/ses-creative-logo.jpg","contentUrl":"https:\/\/ses-creative.com\/wp-content\/uploads\/2025\/10\/ses-creative-logo.jpg","width":2037,"height":2037,"caption":"SES Creative"},"image":{"@id":"https:\/\/ses-creative.com\/#\/schema\/logo\/image\/"}}]}},"_links":{"self":[{"href":"https:\/\/ses-creative.com\/fr\/wp-json\/wp\/v2\/product\/118364","targetHints":{"allow":["GET"]}}],"collection":[{"href":"https:\/\/ses-creative.com\/fr\/wp-json\/wp\/v2\/product"}],"about":[{"href":"https:\/\/ses-creative.com\/fr\/wp-json\/wp\/v2\/types\/product"}],"replies":[{"embeddable":true,"href":"https:\/\/ses-creative.com\/fr\/wp-json\/wp\/v2\/comments?post=118364"}],"wp:featuredmedia":[{"embeddable":true,"href":"https:\/\/ses-creative.com\/fr\/wp-json\/wp\/v2\/media\/103436"}],"wp:attachment":[{"href":"https:\/\/ses-creative.com\/fr\/wp-json\/wp\/v2\/media?parent=118364"}],"wp:term":[{"taxonomy":"product_brand","embeddable":true,"href":"https:\/\/ses-creative.com\/fr\/wp-json\/wp\/v2\/product_brand?post=118364"},{"taxonomy":"product_cat","embeddable":true,"href":"https:\/\/ses-creative.com\/fr\/wp-json\/wp\/v2\/product_cat?post=118364"},{"taxonomy":"product_tag","embeddable":true,"href":"https:\/\/ses-creative.com\/fr\/wp-json\/wp\/v2\/product_tag?post=118364"}],"curies":[{"name":"wp","href":"https:\/\/api.w.org\/{rel}","templated":true}]}}