











{"id":118360,"date":"2026-02-12T10:09:31","date_gmt":"2026-02-12T10:09:31","guid":{"rendered":"https:\/\/ses-creative.com\/?post_type=product&#038;p=118360"},"modified":"2026-02-12T10:23:02","modified_gmt":"2026-02-12T10:23:02","slug":"ma-premiere-affiche-avec-des-autocollants-a-decorer-maison","status":"publish","type":"product","link":"https:\/\/ses-creative.com\/fr\/produit\/ma-premiere-affiche-avec-des-autocollants-a-decorer-maison\/","title":{"rendered":"Ma premi\u00e8re affiche avec des autocollants \u00e0 d\u00e9corer &#8211; Maison"},"content":{"rendered":"<p>Transformez l&rsquo;imagination de votre enfant en chef-d&rsquo;\u0153uvre avec Mon premier poster avec autocollants !<br \/>\nCe joli set de posters est parfait pour les petits qui aiment bricoler et d\u00e9corer. Avec une maison joyeuse et de nombreux autocollants, vous pouvez d\u00e9corer la maison de vos r\u00eaves. Meubles, plantes, animaux domestiques et bien plus encore ! \u00cates-vous pr\u00eat pour votre premier poster ? C&rsquo;est le moyen id\u00e9al pour laisser s&rsquo;exprimer la cr\u00e9ativit\u00e9 de votre enfant et lui offrir un plaisir sans fin.<br \/>\nCe qui rend ce set g\u00e9nial<br \/>\n&#8211; Pas moins de 100 autocollants repr\u00e9sentant des meubles, des animaux, des d\u00e9corations et bien plus encore<br \/>\n&#8211;    Am\u00e9nager et d\u00e9corer la maison stimule la cr\u00e9ativit\u00e9 et l&rsquo;imagination<br \/>\n&#8211;    Les autocollants sont faciles \u00e0 appliquer et cr\u00e9ent une sc\u00e8ne joyeuse sur le poster<br \/>\n&#8211;    Les autocollants sont en papier, ce qui les rend totalement s\u00fbrs<br \/>\n&#8211;    Convient aux enfants \u00e0 partir de 1 an<br \/>\nDonnez vie \u00e0 la maison de vos r\u00eaves<br \/>\nCette activit\u00e9 est non seulement amusante, mais elle stimule \u00e9galement des comp\u00e9tences importantes pour le d\u00e9veloppement, telles que la coordination \u0153il-main, la motricit\u00e9 fine et la pens\u00e9e cr\u00e9ative. Parfaite pour les apr\u00e8s-midis pluvieux, les moments de jeu tranquilles ou pour partager avec des amis. Mon premier poster avec autocollants permet aux enfants d&rsquo;exprimer leur style unique. Ce set est un excellent moyen de stimuler la confiance en soi et la cr\u00e9ativit\u00e9 artistiques.<br \/>\nContenu du kit<br \/>\n&#8211;    Grande affiche repr\u00e9sentant une maison<br \/>\n&#8211;    100 autocollants pour d\u00e9corer la maison<br \/>\nPourquoi choisir SES Creative ?<br \/>\nChez SES Creative, nous accordons une grande importance \u00e0 la s\u00e9curit\u00e9. C&rsquo;est pourquoi nos produits sont fabriqu\u00e9s et test\u00e9s dans notre usine aux Pays-Bas, conform\u00e9ment aux normes de s\u00e9curit\u00e9 europ\u00e9ennes les plus strictes. Les jouets SES Creative sont source de plaisir et permettent aux enfants d&rsquo;\u00eatre fiers de leur travail, ce qui stimule leur cr\u00e9ativit\u00e9 et leur d\u00e9veloppement.<br \/>\nPlongez votre enfant dans le monde des autocollants et de l&rsquo;imagination avec Mon premier poster avec autocollants.<br \/>\nIl s&rsquo;agit d&rsquo;une activit\u00e9 captivante, sans \u00e9cran, qui offre des heures de divertissement et de cr\u00e9ativit\u00e9. Regardez leurs id\u00e9es prendre vie et se transformer en une \u0153uvre d&rsquo;art personnelle \u00e0 exposer fi\u00e8rement !<\/p>\n","protected":false},"excerpt":{"rendered":"<p>Transformez l&rsquo;imagination de votre enfant en chef-d&rsquo;\u0153uvre avec Mon premier poster avec autocollants ! Ce joli set de posters est parfait pour les petits qui aiment bricoler et d\u00e9corer. Avec une maison joyeuse et de nombreux autocollants, vous pouvez d\u00e9corer la maison de vos r\u00eaves. Meubles, plantes, animaux domestiques et bien plus encore ! \u00cates-vous [&hellip;]<\/p>\n","protected":false},"featured_media":103356,"comment_status":"closed","ping_status":"closed","template":"","meta":{"_acf_changed":false},"product_brand":[],"product_cat":[123],"product_tag":[],"class_list":{"0":"post-118360","1":"product","2":"type-product","3":"status-publish","4":"has-post-thumbnail","6":"product_cat-bebe-tout-petit","7":"pa_leeftijd-filter-0-2-ans","8":"pa_meest-populair-bij-garcons-filles","10":"first","11":"instock","12":"shipping-taxable","13":"product-type-simple"},"acf":[],"yoast_head":"<!-- This site is optimized with the Yoast SEO plugin v27.2 - https:\/\/yoast.com\/product\/yoast-seo-wordpress\/ -->\n<title>Ma premi\u00e8re affiche avec des autocollants \u00e0 d\u00e9corer - Maison - SES Creative<\/title>\n<meta name=\"robots\" content=\"index, follow, max-snippet:-1, max-image-preview:large, max-video-preview:-1\" \/>\n<link rel=\"canonical\" href=\"https:\/\/ses-creative.com\/fr\/produit\/ma-premiere-affiche-avec-des-autocollants-a-decorer-maison\/\" \/>\n<meta property=\"og:locale\" content=\"fr_FR\" \/>\n<meta property=\"og:type\" content=\"article\" \/>\n<meta property=\"og:title\" content=\"Ma premi\u00e8re affiche avec des autocollants \u00e0 d\u00e9corer - Maison - SES Creative\" \/>\n<meta property=\"og:description\" content=\"Transformez l&rsquo;imagination de votre enfant en chef-d&rsquo;\u0153uvre avec Mon premier poster avec autocollants ! Ce joli set de posters est parfait pour les petits qui aiment bricoler et d\u00e9corer. Avec une maison joyeuse et de nombreux autocollants, vous pouvez d\u00e9corer la maison de vos r\u00eaves. Meubles, plantes, animaux domestiques et bien plus encore ! \u00cates-vous [&hellip;]\" \/>\n<meta property=\"og:url\" content=\"https:\/\/ses-creative.com\/fr\/produit\/ma-premiere-affiche-avec-des-autocollants-a-decorer-maison\/\" \/>\n<meta property=\"og:site_name\" content=\"SES Creative\" \/>\n<meta property=\"article:modified_time\" content=\"2026-02-12T10:23:02+00:00\" \/>\n<meta name=\"twitter:card\" content=\"summary_large_image\" \/>\n<meta name=\"twitter:label1\" content=\"Dur\u00e9e de lecture estim\u00e9e\" \/>\n\t<meta name=\"twitter:data1\" content=\"2 minutes\" \/>\n<script type=\"application\/ld+json\" class=\"yoast-schema-graph\">{\"@context\":\"https:\/\/schema.org\",\"@graph\":[{\"@type\":\"WebPage\",\"@id\":\"https:\/\/ses-creative.com\/fr\/produit\/ma-premiere-affiche-avec-des-autocollants-a-decorer-maison\/\",\"url\":\"https:\/\/ses-creative.com\/fr\/produit\/ma-premiere-affiche-avec-des-autocollants-a-decorer-maison\/\",\"name\":\"Ma premi\u00e8re affiche avec des autocollants \u00e0 d\u00e9corer - Maison - SES Creative\",\"isPartOf\":{\"@id\":\"https:\/\/ses-creative.com\/#website\"},\"primaryImageOfPage\":{\"@id\":\"https:\/\/ses-creative.com\/fr\/produit\/ma-premiere-affiche-avec-des-autocollants-a-decorer-maison\/#primaryimage\"},\"image\":{\"@id\":\"https:\/\/ses-creative.com\/fr\/produit\/ma-premiere-affiche-avec-des-autocollants-a-decorer-maison\/#primaryimage\"},\"thumbnailUrl\":\"https:\/\/ses-creative.com\/wp-content\/uploads\/2026\/01\/144761.jpg\",\"datePublished\":\"2026-02-12T10:09:31+00:00\",\"dateModified\":\"2026-02-12T10:23:02+00:00\",\"breadcrumb\":{\"@id\":\"https:\/\/ses-creative.com\/fr\/produit\/ma-premiere-affiche-avec-des-autocollants-a-decorer-maison\/#breadcrumb\"},\"inLanguage\":\"fr-FR\",\"potentialAction\":[{\"@type\":\"ReadAction\",\"target\":[\"https:\/\/ses-creative.com\/fr\/produit\/ma-premiere-affiche-avec-des-autocollants-a-decorer-maison\/\"]}]},{\"@type\":\"ImageObject\",\"inLanguage\":\"fr-FR\",\"@id\":\"https:\/\/ses-creative.com\/fr\/produit\/ma-premiere-affiche-avec-des-autocollants-a-decorer-maison\/#primaryimage\",\"url\":\"https:\/\/ses-creative.com\/wp-content\/uploads\/2026\/01\/144761.jpg\",\"contentUrl\":\"https:\/\/ses-creative.com\/wp-content\/uploads\/2026\/01\/144761.jpg\",\"width\":1000,\"height\":1000},{\"@type\":\"BreadcrumbList\",\"@id\":\"https:\/\/ses-creative.com\/fr\/produit\/ma-premiere-affiche-avec-des-autocollants-a-decorer-maison\/#breadcrumb\",\"itemListElement\":[{\"@type\":\"ListItem\",\"position\":1,\"name\":\"Boutique\",\"item\":\"https:\/\/ses-creative.com\/fr\/boutique\/\"},{\"@type\":\"ListItem\",\"position\":2,\"name\":\"B\u00e9b\u00e9 &amp; Tout-petit\",\"item\":\"https:\/\/ses-creative.com\/fr\/product-categorie\/bebe-tout-petit\/\"},{\"@type\":\"ListItem\",\"position\":3,\"name\":\"Ma premi\u00e8re affiche avec des autocollants \u00e0 d\u00e9corer &#8211; Maison\"}]},{\"@type\":\"WebSite\",\"@id\":\"https:\/\/ses-creative.com\/#website\",\"url\":\"https:\/\/ses-creative.com\/\",\"name\":\"SES Creative\",\"description\":\"\",\"publisher\":{\"@id\":\"https:\/\/ses-creative.com\/#organization\"},\"potentialAction\":[{\"@type\":\"SearchAction\",\"target\":{\"@type\":\"EntryPoint\",\"urlTemplate\":\"https:\/\/ses-creative.com\/?s={search_term_string}\"},\"query-input\":{\"@type\":\"PropertyValueSpecification\",\"valueRequired\":true,\"valueName\":\"search_term_string\"}}],\"inLanguage\":\"fr-FR\"},{\"@type\":\"Organization\",\"@id\":\"https:\/\/ses-creative.com\/#organization\",\"name\":\"SES Creative\",\"url\":\"https:\/\/ses-creative.com\/\",\"logo\":{\"@type\":\"ImageObject\",\"inLanguage\":\"fr-FR\",\"@id\":\"https:\/\/ses-creative.com\/#\/schema\/logo\/image\/\",\"url\":\"https:\/\/ses-creative.com\/wp-content\/uploads\/2025\/10\/ses-creative-logo.jpg\",\"contentUrl\":\"https:\/\/ses-creative.com\/wp-content\/uploads\/2025\/10\/ses-creative-logo.jpg\",\"width\":2037,\"height\":2037,\"caption\":\"SES Creative\"},\"image\":{\"@id\":\"https:\/\/ses-creative.com\/#\/schema\/logo\/image\/\"}}]}<\/script>\n<!-- \/ Yoast SEO plugin. -->","yoast_head_json":{"title":"Ma premi\u00e8re affiche avec des autocollants \u00e0 d\u00e9corer - Maison - SES Creative","robots":{"index":"index","follow":"follow","max-snippet":"max-snippet:-1","max-image-preview":"max-image-preview:large","max-video-preview":"max-video-preview:-1"},"canonical":"https:\/\/ses-creative.com\/fr\/produit\/ma-premiere-affiche-avec-des-autocollants-a-decorer-maison\/","og_locale":"fr_FR","og_type":"article","og_title":"Ma premi\u00e8re affiche avec des autocollants \u00e0 d\u00e9corer - Maison - SES Creative","og_description":"Transformez l&rsquo;imagination de votre enfant en chef-d&rsquo;\u0153uvre avec Mon premier poster avec autocollants ! Ce joli set de posters est parfait pour les petits qui aiment bricoler et d\u00e9corer. Avec une maison joyeuse et de nombreux autocollants, vous pouvez d\u00e9corer la maison de vos r\u00eaves. Meubles, plantes, animaux domestiques et bien plus encore ! \u00cates-vous [&hellip;]","og_url":"https:\/\/ses-creative.com\/fr\/produit\/ma-premiere-affiche-avec-des-autocollants-a-decorer-maison\/","og_site_name":"SES Creative","article_modified_time":"2026-02-12T10:23:02+00:00","twitter_card":"summary_large_image","twitter_misc":{"Dur\u00e9e de lecture estim\u00e9e":"2 minutes"},"schema":{"@context":"https:\/\/schema.org","@graph":[{"@type":"WebPage","@id":"https:\/\/ses-creative.com\/fr\/produit\/ma-premiere-affiche-avec-des-autocollants-a-decorer-maison\/","url":"https:\/\/ses-creative.com\/fr\/produit\/ma-premiere-affiche-avec-des-autocollants-a-decorer-maison\/","name":"Ma premi\u00e8re affiche avec des autocollants \u00e0 d\u00e9corer - Maison - SES Creative","isPartOf":{"@id":"https:\/\/ses-creative.com\/#website"},"primaryImageOfPage":{"@id":"https:\/\/ses-creative.com\/fr\/produit\/ma-premiere-affiche-avec-des-autocollants-a-decorer-maison\/#primaryimage"},"image":{"@id":"https:\/\/ses-creative.com\/fr\/produit\/ma-premiere-affiche-avec-des-autocollants-a-decorer-maison\/#primaryimage"},"thumbnailUrl":"https:\/\/ses-creative.com\/wp-content\/uploads\/2026\/01\/144761.jpg","datePublished":"2026-02-12T10:09:31+00:00","dateModified":"2026-02-12T10:23:02+00:00","breadcrumb":{"@id":"https:\/\/ses-creative.com\/fr\/produit\/ma-premiere-affiche-avec-des-autocollants-a-decorer-maison\/#breadcrumb"},"inLanguage":"fr-FR","potentialAction":[{"@type":"ReadAction","target":["https:\/\/ses-creative.com\/fr\/produit\/ma-premiere-affiche-avec-des-autocollants-a-decorer-maison\/"]}]},{"@type":"ImageObject","inLanguage":"fr-FR","@id":"https:\/\/ses-creative.com\/fr\/produit\/ma-premiere-affiche-avec-des-autocollants-a-decorer-maison\/#primaryimage","url":"https:\/\/ses-creative.com\/wp-content\/uploads\/2026\/01\/144761.jpg","contentUrl":"https:\/\/ses-creative.com\/wp-content\/uploads\/2026\/01\/144761.jpg","width":1000,"height":1000},{"@type":"BreadcrumbList","@id":"https:\/\/ses-creative.com\/fr\/produit\/ma-premiere-affiche-avec-des-autocollants-a-decorer-maison\/#breadcrumb","itemListElement":[{"@type":"ListItem","position":1,"name":"Boutique","item":"https:\/\/ses-creative.com\/fr\/boutique\/"},{"@type":"ListItem","position":2,"name":"B\u00e9b\u00e9 &amp; Tout-petit","item":"https:\/\/ses-creative.com\/fr\/product-categorie\/bebe-tout-petit\/"},{"@type":"ListItem","position":3,"name":"Ma premi\u00e8re affiche avec des autocollants \u00e0 d\u00e9corer &#8211; Maison"}]},{"@type":"WebSite","@id":"https:\/\/ses-creative.com\/#website","url":"https:\/\/ses-creative.com\/","name":"SES Creative","description":"","publisher":{"@id":"https:\/\/ses-creative.com\/#organization"},"potentialAction":[{"@type":"SearchAction","target":{"@type":"EntryPoint","urlTemplate":"https:\/\/ses-creative.com\/?s={search_term_string}"},"query-input":{"@type":"PropertyValueSpecification","valueRequired":true,"valueName":"search_term_string"}}],"inLanguage":"fr-FR"},{"@type":"Organization","@id":"https:\/\/ses-creative.com\/#organization","name":"SES Creative","url":"https:\/\/ses-creative.com\/","logo":{"@type":"ImageObject","inLanguage":"fr-FR","@id":"https:\/\/ses-creative.com\/#\/schema\/logo\/image\/","url":"https:\/\/ses-creative.com\/wp-content\/uploads\/2025\/10\/ses-creative-logo.jpg","contentUrl":"https:\/\/ses-creative.com\/wp-content\/uploads\/2025\/10\/ses-creative-logo.jpg","width":2037,"height":2037,"caption":"SES Creative"},"image":{"@id":"https:\/\/ses-creative.com\/#\/schema\/logo\/image\/"}}]}},"_links":{"self":[{"href":"https:\/\/ses-creative.com\/fr\/wp-json\/wp\/v2\/product\/118360","targetHints":{"allow":["GET"]}}],"collection":[{"href":"https:\/\/ses-creative.com\/fr\/wp-json\/wp\/v2\/product"}],"about":[{"href":"https:\/\/ses-creative.com\/fr\/wp-json\/wp\/v2\/types\/product"}],"replies":[{"embeddable":true,"href":"https:\/\/ses-creative.com\/fr\/wp-json\/wp\/v2\/comments?post=118360"}],"wp:featuredmedia":[{"embeddable":true,"href":"https:\/\/ses-creative.com\/fr\/wp-json\/wp\/v2\/media\/103356"}],"wp:attachment":[{"href":"https:\/\/ses-creative.com\/fr\/wp-json\/wp\/v2\/media?parent=118360"}],"wp:term":[{"taxonomy":"product_brand","embeddable":true,"href":"https:\/\/ses-creative.com\/fr\/wp-json\/wp\/v2\/product_brand?post=118360"},{"taxonomy":"product_cat","embeddable":true,"href":"https:\/\/ses-creative.com\/fr\/wp-json\/wp\/v2\/product_cat?post=118360"},{"taxonomy":"product_tag","embeddable":true,"href":"https:\/\/ses-creative.com\/fr\/wp-json\/wp\/v2\/product_tag?post=118360"}],"curies":[{"name":"wp","href":"https:\/\/api.w.org\/{rel}","templated":true}]}}