











{"id":118359,"date":"2026-02-12T10:09:31","date_gmt":"2026-02-12T10:09:31","guid":{"rendered":"https:\/\/ses-creative.com\/?post_type=product&#038;p=118359"},"modified":"2026-02-12T10:23:02","modified_gmt":"2026-02-12T10:23:02","slug":"my-first-autocollants-a-colorier","status":"publish","type":"product","link":"https:\/\/ses-creative.com\/fr\/produit\/my-first-autocollants-a-colorier\/","title":{"rendered":"My first &#8211; Autocollants \u00e0 colorier"},"content":{"rendered":"<p>Autocollants joyeux \u00e0 colorier<br \/>\nD\u00e9couvrez les joies de la cr\u00e9ativit\u00e9 avec My First &#8211; Stickers \u00e0 colorier, un kit d&rsquo;activit\u00e9s amusant et captivant sp\u00e9cialement con\u00e7u pour les jeunes artistes ! Parfait pour les petites mains, ce kit contient 26 grands autocollants aux contours noirs \u00e9pais, ce qui permet aux tout-petits de colorier facilement \u00e0 l&rsquo;int\u00e9rieur des lignes et de cr\u00e9er leurs propres chefs-d&rsquo;\u0153uvre color\u00e9s. Qu&rsquo;ils d\u00e9corent des animaux, des objets ou des formes amusantes, cette activit\u00e9 est un excellent moyen de stimuler leur imagination et de renforcer leur confiance en eux.<br \/>\nCe qui rend ce kit g\u00e9nial<br \/>\n&#8211;    Un r\u00e9sultat toujours amusant dont votre enfant peut \u00eatre fier<br \/>\n&#8211; Stimule la cr\u00e9ativit\u00e9 des plus petits<br \/>\n&#8211;    Convient aux enfants \u00e0 partir de 1 an<br \/>\n&#8211;    Les marqueurs ont une pointe solide qui ne s&rsquo;ab\u00eeme pas facilement<br \/>\n&#8211;    Les marqueurs s&rsquo;enl\u00e8vent facilement des v\u00eatements et de la peau<br \/>\nParfait pour les d\u00e9butants<br \/>\nMy First &#8211; Stickers Kleuren encourage le d\u00e9veloppement de la motricit\u00e9 fine et de la coordination \u0153il-main. C&rsquo;est un moyen amusant et sans d\u00e9g\u00e2ts d&rsquo;initier les enfants au monde de l&rsquo;art et de la cr\u00e9ativit\u00e9, afin qu&rsquo;ils puissent s&rsquo;exprimer de mani\u00e8re ludique et enrichissante. Les parents appr\u00e9cieront la facilit\u00e9 de nettoyage, tandis que les enfants adoreront cr\u00e9er leurs propres chefs-d&rsquo;\u0153uvre \u00e0 l&rsquo;aide d&rsquo;autocollants.<br \/>\nContenu du set<br \/>\n&#8211;    26 autocollants \u00e0 colorier ;<br \/>\n&#8211;    5 marqueurs pour b\u00e9b\u00e9s en jaune, orange, rouge, vert et bleu<br \/>\nPourquoi choisir SES Creative ?<br \/>\nChez SES Creative, nous accordons une grande importance \u00e0 la s\u00e9curit\u00e9. C&rsquo;est pourquoi nos produits sont fabriqu\u00e9s et test\u00e9s dans notre usine aux Pays-Bas, conform\u00e9ment aux normes de s\u00e9curit\u00e9 europ\u00e9ennes les plus strictes. Les jouets SES Creative sont source de plaisir et permettent aux enfants d&rsquo;\u00eatre fiers de leur travail, ce qui stimule leur cr\u00e9ativit\u00e9 et leur d\u00e9veloppement.<br \/>\nLaissez la cr\u00e9ativit\u00e9 de votre enfant s&rsquo;\u00e9panouir avec My First &#8211; Stickers Kleuren<br \/>\nC&rsquo;est un cadeau id\u00e9al pour les esprits curieux et les artistes en herbe, qui leur procurera des heures de plaisir, d&rsquo;imagination et d&rsquo;exploration artistique. Regardez leur confiance en eux grandir \u00e0 mesure qu&rsquo;ils cr\u00e9ent des autocollants color\u00e9s \u00e0 ch\u00e9rir et \u00e0 partager !<\/p>\n","protected":false},"excerpt":{"rendered":"<p>Autocollants joyeux \u00e0 colorier D\u00e9couvrez les joies de la cr\u00e9ativit\u00e9 avec My First &#8211; Stickers \u00e0 colorier, un kit d&rsquo;activit\u00e9s amusant et captivant sp\u00e9cialement con\u00e7u pour les jeunes artistes ! Parfait pour les petites mains, ce kit contient 26 grands autocollants aux contours noirs \u00e9pais, ce qui permet aux tout-petits de colorier facilement \u00e0 l&rsquo;int\u00e9rieur [&hellip;]<\/p>\n","protected":false},"featured_media":103336,"comment_status":"closed","ping_status":"closed","template":"","meta":{"_acf_changed":false},"product_brand":[],"product_cat":[123],"product_tag":[],"class_list":{"0":"post-118359","1":"product","2":"type-product","3":"status-publish","4":"has-post-thumbnail","6":"product_cat-bebe-tout-petit","7":"pa_leeftijd-filter-0-2-ans","8":"pa_meest-populair-bij-garcons-filles","10":"first","11":"instock","12":"shipping-taxable","13":"product-type-simple"},"acf":[],"yoast_head":"<!-- This site is optimized with the Yoast SEO plugin v27.2 - https:\/\/yoast.com\/product\/yoast-seo-wordpress\/ -->\n<title>My first - Autocollants \u00e0 colorier - SES Creative<\/title>\n<meta name=\"robots\" content=\"index, follow, max-snippet:-1, max-image-preview:large, max-video-preview:-1\" \/>\n<link rel=\"canonical\" href=\"https:\/\/ses-creative.com\/fr\/produit\/my-first-autocollants-a-colorier\/\" \/>\n<meta property=\"og:locale\" content=\"fr_FR\" \/>\n<meta property=\"og:type\" content=\"article\" \/>\n<meta property=\"og:title\" content=\"My first - Autocollants \u00e0 colorier - SES Creative\" \/>\n<meta property=\"og:description\" content=\"Autocollants joyeux \u00e0 colorier D\u00e9couvrez les joies de la cr\u00e9ativit\u00e9 avec My First &#8211; Stickers \u00e0 colorier, un kit d&rsquo;activit\u00e9s amusant et captivant sp\u00e9cialement con\u00e7u pour les jeunes artistes ! Parfait pour les petites mains, ce kit contient 26 grands autocollants aux contours noirs \u00e9pais, ce qui permet aux tout-petits de colorier facilement \u00e0 l&rsquo;int\u00e9rieur [&hellip;]\" \/>\n<meta property=\"og:url\" content=\"https:\/\/ses-creative.com\/fr\/produit\/my-first-autocollants-a-colorier\/\" \/>\n<meta property=\"og:site_name\" content=\"SES Creative\" \/>\n<meta property=\"article:modified_time\" content=\"2026-02-12T10:23:02+00:00\" \/>\n<meta name=\"twitter:card\" content=\"summary_large_image\" \/>\n<meta name=\"twitter:label1\" content=\"Dur\u00e9e de lecture estim\u00e9e\" \/>\n\t<meta name=\"twitter:data1\" content=\"2 minutes\" \/>\n<script type=\"application\/ld+json\" class=\"yoast-schema-graph\">{\"@context\":\"https:\/\/schema.org\",\"@graph\":[{\"@type\":\"WebPage\",\"@id\":\"https:\/\/ses-creative.com\/fr\/produit\/my-first-autocollants-a-colorier\/\",\"url\":\"https:\/\/ses-creative.com\/fr\/produit\/my-first-autocollants-a-colorier\/\",\"name\":\"My first - Autocollants \u00e0 colorier - SES Creative\",\"isPartOf\":{\"@id\":\"https:\/\/ses-creative.com\/#website\"},\"primaryImageOfPage\":{\"@id\":\"https:\/\/ses-creative.com\/fr\/produit\/my-first-autocollants-a-colorier\/#primaryimage\"},\"image\":{\"@id\":\"https:\/\/ses-creative.com\/fr\/produit\/my-first-autocollants-a-colorier\/#primaryimage\"},\"thumbnailUrl\":\"https:\/\/ses-creative.com\/wp-content\/uploads\/2026\/01\/144751.jpg\",\"datePublished\":\"2026-02-12T10:09:31+00:00\",\"dateModified\":\"2026-02-12T10:23:02+00:00\",\"breadcrumb\":{\"@id\":\"https:\/\/ses-creative.com\/fr\/produit\/my-first-autocollants-a-colorier\/#breadcrumb\"},\"inLanguage\":\"fr-FR\",\"potentialAction\":[{\"@type\":\"ReadAction\",\"target\":[\"https:\/\/ses-creative.com\/fr\/produit\/my-first-autocollants-a-colorier\/\"]}]},{\"@type\":\"ImageObject\",\"inLanguage\":\"fr-FR\",\"@id\":\"https:\/\/ses-creative.com\/fr\/produit\/my-first-autocollants-a-colorier\/#primaryimage\",\"url\":\"https:\/\/ses-creative.com\/wp-content\/uploads\/2026\/01\/144751.jpg\",\"contentUrl\":\"https:\/\/ses-creative.com\/wp-content\/uploads\/2026\/01\/144751.jpg\",\"width\":1000,\"height\":1000},{\"@type\":\"BreadcrumbList\",\"@id\":\"https:\/\/ses-creative.com\/fr\/produit\/my-first-autocollants-a-colorier\/#breadcrumb\",\"itemListElement\":[{\"@type\":\"ListItem\",\"position\":1,\"name\":\"Boutique\",\"item\":\"https:\/\/ses-creative.com\/fr\/boutique\/\"},{\"@type\":\"ListItem\",\"position\":2,\"name\":\"B\u00e9b\u00e9 &amp; Tout-petit\",\"item\":\"https:\/\/ses-creative.com\/fr\/product-categorie\/bebe-tout-petit\/\"},{\"@type\":\"ListItem\",\"position\":3,\"name\":\"My first &#8211; Autocollants \u00e0 colorier\"}]},{\"@type\":\"WebSite\",\"@id\":\"https:\/\/ses-creative.com\/#website\",\"url\":\"https:\/\/ses-creative.com\/\",\"name\":\"SES Creative\",\"description\":\"\",\"publisher\":{\"@id\":\"https:\/\/ses-creative.com\/#organization\"},\"potentialAction\":[{\"@type\":\"SearchAction\",\"target\":{\"@type\":\"EntryPoint\",\"urlTemplate\":\"https:\/\/ses-creative.com\/?s={search_term_string}\"},\"query-input\":{\"@type\":\"PropertyValueSpecification\",\"valueRequired\":true,\"valueName\":\"search_term_string\"}}],\"inLanguage\":\"fr-FR\"},{\"@type\":\"Organization\",\"@id\":\"https:\/\/ses-creative.com\/#organization\",\"name\":\"SES Creative\",\"url\":\"https:\/\/ses-creative.com\/\",\"logo\":{\"@type\":\"ImageObject\",\"inLanguage\":\"fr-FR\",\"@id\":\"https:\/\/ses-creative.com\/#\/schema\/logo\/image\/\",\"url\":\"https:\/\/ses-creative.com\/wp-content\/uploads\/2025\/10\/ses-creative-logo.jpg\",\"contentUrl\":\"https:\/\/ses-creative.com\/wp-content\/uploads\/2025\/10\/ses-creative-logo.jpg\",\"width\":2037,\"height\":2037,\"caption\":\"SES Creative\"},\"image\":{\"@id\":\"https:\/\/ses-creative.com\/#\/schema\/logo\/image\/\"}}]}<\/script>\n<!-- \/ Yoast SEO plugin. -->","yoast_head_json":{"title":"My first - Autocollants \u00e0 colorier - SES Creative","robots":{"index":"index","follow":"follow","max-snippet":"max-snippet:-1","max-image-preview":"max-image-preview:large","max-video-preview":"max-video-preview:-1"},"canonical":"https:\/\/ses-creative.com\/fr\/produit\/my-first-autocollants-a-colorier\/","og_locale":"fr_FR","og_type":"article","og_title":"My first - Autocollants \u00e0 colorier - SES Creative","og_description":"Autocollants joyeux \u00e0 colorier D\u00e9couvrez les joies de la cr\u00e9ativit\u00e9 avec My First &#8211; Stickers \u00e0 colorier, un kit d&rsquo;activit\u00e9s amusant et captivant sp\u00e9cialement con\u00e7u pour les jeunes artistes ! Parfait pour les petites mains, ce kit contient 26 grands autocollants aux contours noirs \u00e9pais, ce qui permet aux tout-petits de colorier facilement \u00e0 l&rsquo;int\u00e9rieur [&hellip;]","og_url":"https:\/\/ses-creative.com\/fr\/produit\/my-first-autocollants-a-colorier\/","og_site_name":"SES Creative","article_modified_time":"2026-02-12T10:23:02+00:00","twitter_card":"summary_large_image","twitter_misc":{"Dur\u00e9e de lecture estim\u00e9e":"2 minutes"},"schema":{"@context":"https:\/\/schema.org","@graph":[{"@type":"WebPage","@id":"https:\/\/ses-creative.com\/fr\/produit\/my-first-autocollants-a-colorier\/","url":"https:\/\/ses-creative.com\/fr\/produit\/my-first-autocollants-a-colorier\/","name":"My first - Autocollants \u00e0 colorier - SES Creative","isPartOf":{"@id":"https:\/\/ses-creative.com\/#website"},"primaryImageOfPage":{"@id":"https:\/\/ses-creative.com\/fr\/produit\/my-first-autocollants-a-colorier\/#primaryimage"},"image":{"@id":"https:\/\/ses-creative.com\/fr\/produit\/my-first-autocollants-a-colorier\/#primaryimage"},"thumbnailUrl":"https:\/\/ses-creative.com\/wp-content\/uploads\/2026\/01\/144751.jpg","datePublished":"2026-02-12T10:09:31+00:00","dateModified":"2026-02-12T10:23:02+00:00","breadcrumb":{"@id":"https:\/\/ses-creative.com\/fr\/produit\/my-first-autocollants-a-colorier\/#breadcrumb"},"inLanguage":"fr-FR","potentialAction":[{"@type":"ReadAction","target":["https:\/\/ses-creative.com\/fr\/produit\/my-first-autocollants-a-colorier\/"]}]},{"@type":"ImageObject","inLanguage":"fr-FR","@id":"https:\/\/ses-creative.com\/fr\/produit\/my-first-autocollants-a-colorier\/#primaryimage","url":"https:\/\/ses-creative.com\/wp-content\/uploads\/2026\/01\/144751.jpg","contentUrl":"https:\/\/ses-creative.com\/wp-content\/uploads\/2026\/01\/144751.jpg","width":1000,"height":1000},{"@type":"BreadcrumbList","@id":"https:\/\/ses-creative.com\/fr\/produit\/my-first-autocollants-a-colorier\/#breadcrumb","itemListElement":[{"@type":"ListItem","position":1,"name":"Boutique","item":"https:\/\/ses-creative.com\/fr\/boutique\/"},{"@type":"ListItem","position":2,"name":"B\u00e9b\u00e9 &amp; Tout-petit","item":"https:\/\/ses-creative.com\/fr\/product-categorie\/bebe-tout-petit\/"},{"@type":"ListItem","position":3,"name":"My first &#8211; Autocollants \u00e0 colorier"}]},{"@type":"WebSite","@id":"https:\/\/ses-creative.com\/#website","url":"https:\/\/ses-creative.com\/","name":"SES Creative","description":"","publisher":{"@id":"https:\/\/ses-creative.com\/#organization"},"potentialAction":[{"@type":"SearchAction","target":{"@type":"EntryPoint","urlTemplate":"https:\/\/ses-creative.com\/?s={search_term_string}"},"query-input":{"@type":"PropertyValueSpecification","valueRequired":true,"valueName":"search_term_string"}}],"inLanguage":"fr-FR"},{"@type":"Organization","@id":"https:\/\/ses-creative.com\/#organization","name":"SES Creative","url":"https:\/\/ses-creative.com\/","logo":{"@type":"ImageObject","inLanguage":"fr-FR","@id":"https:\/\/ses-creative.com\/#\/schema\/logo\/image\/","url":"https:\/\/ses-creative.com\/wp-content\/uploads\/2025\/10\/ses-creative-logo.jpg","contentUrl":"https:\/\/ses-creative.com\/wp-content\/uploads\/2025\/10\/ses-creative-logo.jpg","width":2037,"height":2037,"caption":"SES Creative"},"image":{"@id":"https:\/\/ses-creative.com\/#\/schema\/logo\/image\/"}}]}},"_links":{"self":[{"href":"https:\/\/ses-creative.com\/fr\/wp-json\/wp\/v2\/product\/118359","targetHints":{"allow":["GET"]}}],"collection":[{"href":"https:\/\/ses-creative.com\/fr\/wp-json\/wp\/v2\/product"}],"about":[{"href":"https:\/\/ses-creative.com\/fr\/wp-json\/wp\/v2\/types\/product"}],"replies":[{"embeddable":true,"href":"https:\/\/ses-creative.com\/fr\/wp-json\/wp\/v2\/comments?post=118359"}],"wp:featuredmedia":[{"embeddable":true,"href":"https:\/\/ses-creative.com\/fr\/wp-json\/wp\/v2\/media\/103336"}],"wp:attachment":[{"href":"https:\/\/ses-creative.com\/fr\/wp-json\/wp\/v2\/media?parent=118359"}],"wp:term":[{"taxonomy":"product_brand","embeddable":true,"href":"https:\/\/ses-creative.com\/fr\/wp-json\/wp\/v2\/product_brand?post=118359"},{"taxonomy":"product_cat","embeddable":true,"href":"https:\/\/ses-creative.com\/fr\/wp-json\/wp\/v2\/product_cat?post=118359"},{"taxonomy":"product_tag","embeddable":true,"href":"https:\/\/ses-creative.com\/fr\/wp-json\/wp\/v2\/product_tag?post=118359"}],"curies":[{"name":"wp","href":"https:\/\/api.w.org\/{rel}","templated":true}]}}