











{"id":118358,"date":"2026-02-12T10:09:31","date_gmt":"2026-02-12T10:09:31","guid":{"rendered":"https:\/\/ses-creative.com\/?post_type=product&#038;p=118358"},"modified":"2026-02-12T10:23:02","modified_gmt":"2026-02-12T10:23:02","slug":"my-first-dechirer-et-coller","status":"publish","type":"product","link":"https:\/\/ses-creative.com\/fr\/produit\/my-first-dechirer-et-coller\/","title":{"rendered":"My first &#8211; D\u00e9chirer et coller"},"content":{"rendered":"<p>Laissez votre petit artiste s&rsquo;immerger dans un monde de plaisir cr\u00e9atif avec My First &#8211; D\u00e9chirer et coller !<br \/>\nCe superbe kit est id\u00e9al pour s&rsquo;initier \u00e0 la cr\u00e9ation de collages, sp\u00e9cialement con\u00e7u pour les petites mains. Gr\u00e2ce \u00e0 des feuilles color\u00e9es et imprim\u00e9es de motifs joyeux et \u00e0 une colle \u00e0 doigts sans danger, les tout-petits peuvent explorer leur cr\u00e9ativit\u00e9 et leur imagination tout en r\u00e9alisant des collages color\u00e9s. Le plus amusant ? Pas besoin de pinceau : il suffit d&rsquo;utiliser ses doigts pour appliquer la colle, pour une exp\u00e9rience manuelle ludique et tactile.<br \/>\nCe qui rend ce kit g\u00e9nial<br \/>\n&#8211;    Cr\u00e9er de jolies \u0153uvres d&rsquo;art en d\u00e9chirant et en collant. Facile \u00e0 r\u00e9aliser pour les plus petits<br \/>\n&#8211;    Stimule la cr\u00e9ativit\u00e9 et l&rsquo;imagination<br \/>\n&#8211;    D\u00e9veloppement des capacit\u00e9s motrices<br \/>\n&#8211;    Convient aux enfants \u00e0 partir de 1 an<br \/>\n&#8211;    Des cartes avec des animaux rigolos pour cr\u00e9er les collages les plus sympas<br \/>\nColler ou d\u00e9chirer, tout est possible !<br \/>\nLe kit contient tout ce dont votre enfant a besoin pour se lancer dans son aventure artistique. Qu&rsquo;il s&rsquo;agisse de d\u00e9chirer des formes color\u00e9es, de les coller pour cr\u00e9er des motifs imaginatifs ou de r\u00e9aliser des collages, cette activit\u00e9 aide \u00e0 d\u00e9velopper la coordination \u0153il-main et la motricit\u00e9 fine, tout en offrant un divertissement sans fin. Quel que soit l&rsquo;animal ou l&rsquo;\u0153uvre d&rsquo;art qu&rsquo;il cr\u00e9e, c&rsquo;est un moyen amusant de d\u00e9velopper la cr\u00e9ativit\u00e9 et la confiance en soi de votre enfant. C&rsquo;est parfait pour jouer seul ou comme activit\u00e9 partag\u00e9e avec les parents, les fr\u00e8res et s\u0153urs ou les amis.<br \/>\nContenu du kit<br \/>\n&#8211;    10 grandes cartes imprim\u00e9es repr\u00e9sentant des animaux \u00e0 coller pour r\u00e9aliser des collages ;<br \/>\n&#8211;    4 feuilles avec diff\u00e9rents motifs \u00e0 d\u00e9chirer et \u00e0 coller ;<br \/>\n&#8211;    Colle au doigt (45 ml)<br \/>\nPourquoi choisir SES Creative ?<br \/>\nChez SES Creative, nous accordons une grande importance \u00e0 la s\u00e9curit\u00e9. C&rsquo;est pourquoi nos produits sont fabriqu\u00e9s et test\u00e9s dans notre usine aux Pays-Bas, conform\u00e9ment aux normes de s\u00e9curit\u00e9 europ\u00e9ennes les plus strictes. Les jouets SES Creative sont source de plaisir et permettent aux enfants d&rsquo;\u00eatre fiers de leur travail, ce qui stimule leur cr\u00e9ativit\u00e9 et leur d\u00e9veloppement.<br \/>\nCommencez d\u00e8s maintenant \u00e0 cr\u00e9er des collages !<br \/>\nAvec ses feuilles color\u00e9es et sa colle facile \u00e0 utiliser, ce kit garantit des sourires et du plaisir aux petits bricoleurs de partout. Que l&rsquo;aventure du collage commence !<\/p>\n","protected":false},"excerpt":{"rendered":"<p>Laissez votre petit artiste s&rsquo;immerger dans un monde de plaisir cr\u00e9atif avec My First &#8211; D\u00e9chirer et coller ! Ce superbe kit est id\u00e9al pour s&rsquo;initier \u00e0 la cr\u00e9ation de collages, sp\u00e9cialement con\u00e7u pour les petites mains. Gr\u00e2ce \u00e0 des feuilles color\u00e9es et imprim\u00e9es de motifs joyeux et \u00e0 une colle \u00e0 doigts sans danger, [&hellip;]<\/p>\n","protected":false},"featured_media":103316,"comment_status":"closed","ping_status":"closed","template":"","meta":{"_acf_changed":false},"product_brand":[],"product_cat":[123],"product_tag":[],"class_list":{"0":"post-118358","1":"product","2":"type-product","3":"status-publish","4":"has-post-thumbnail","6":"product_cat-bebe-tout-petit","7":"pa_leeftijd-filter-0-2-ans","8":"pa_meest-populair-bij-garcons-filles","10":"first","11":"instock","12":"shipping-taxable","13":"product-type-simple"},"acf":[],"yoast_head":"<!-- This site is optimized with the Yoast SEO plugin v27.2 - https:\/\/yoast.com\/product\/yoast-seo-wordpress\/ -->\n<title>My first - D\u00e9chirer et coller - SES Creative<\/title>\n<meta name=\"robots\" content=\"index, follow, max-snippet:-1, max-image-preview:large, max-video-preview:-1\" \/>\n<link rel=\"canonical\" href=\"https:\/\/ses-creative.com\/fr\/produit\/my-first-dechirer-et-coller\/\" \/>\n<meta property=\"og:locale\" content=\"fr_FR\" \/>\n<meta property=\"og:type\" content=\"article\" \/>\n<meta property=\"og:title\" content=\"My first - D\u00e9chirer et coller - SES Creative\" \/>\n<meta property=\"og:description\" content=\"Laissez votre petit artiste s&rsquo;immerger dans un monde de plaisir cr\u00e9atif avec My First &#8211; D\u00e9chirer et coller ! Ce superbe kit est id\u00e9al pour s&rsquo;initier \u00e0 la cr\u00e9ation de collages, sp\u00e9cialement con\u00e7u pour les petites mains. Gr\u00e2ce \u00e0 des feuilles color\u00e9es et imprim\u00e9es de motifs joyeux et \u00e0 une colle \u00e0 doigts sans danger, [&hellip;]\" \/>\n<meta property=\"og:url\" content=\"https:\/\/ses-creative.com\/fr\/produit\/my-first-dechirer-et-coller\/\" \/>\n<meta property=\"og:site_name\" content=\"SES Creative\" \/>\n<meta property=\"article:modified_time\" content=\"2026-02-12T10:23:02+00:00\" \/>\n<meta name=\"twitter:card\" content=\"summary_large_image\" \/>\n<meta name=\"twitter:label1\" content=\"Dur\u00e9e de lecture estim\u00e9e\" \/>\n\t<meta name=\"twitter:data1\" content=\"2 minutes\" \/>\n<script type=\"application\/ld+json\" class=\"yoast-schema-graph\">{\"@context\":\"https:\/\/schema.org\",\"@graph\":[{\"@type\":\"WebPage\",\"@id\":\"https:\/\/ses-creative.com\/fr\/produit\/my-first-dechirer-et-coller\/\",\"url\":\"https:\/\/ses-creative.com\/fr\/produit\/my-first-dechirer-et-coller\/\",\"name\":\"My first - D\u00e9chirer et coller - SES Creative\",\"isPartOf\":{\"@id\":\"https:\/\/ses-creative.com\/#website\"},\"primaryImageOfPage\":{\"@id\":\"https:\/\/ses-creative.com\/fr\/produit\/my-first-dechirer-et-coller\/#primaryimage\"},\"image\":{\"@id\":\"https:\/\/ses-creative.com\/fr\/produit\/my-first-dechirer-et-coller\/#primaryimage\"},\"thumbnailUrl\":\"https:\/\/ses-creative.com\/wp-content\/uploads\/2026\/01\/144741.jpg\",\"datePublished\":\"2026-02-12T10:09:31+00:00\",\"dateModified\":\"2026-02-12T10:23:02+00:00\",\"breadcrumb\":{\"@id\":\"https:\/\/ses-creative.com\/fr\/produit\/my-first-dechirer-et-coller\/#breadcrumb\"},\"inLanguage\":\"fr-FR\",\"potentialAction\":[{\"@type\":\"ReadAction\",\"target\":[\"https:\/\/ses-creative.com\/fr\/produit\/my-first-dechirer-et-coller\/\"]}]},{\"@type\":\"ImageObject\",\"inLanguage\":\"fr-FR\",\"@id\":\"https:\/\/ses-creative.com\/fr\/produit\/my-first-dechirer-et-coller\/#primaryimage\",\"url\":\"https:\/\/ses-creative.com\/wp-content\/uploads\/2026\/01\/144741.jpg\",\"contentUrl\":\"https:\/\/ses-creative.com\/wp-content\/uploads\/2026\/01\/144741.jpg\",\"width\":1000,\"height\":1000},{\"@type\":\"BreadcrumbList\",\"@id\":\"https:\/\/ses-creative.com\/fr\/produit\/my-first-dechirer-et-coller\/#breadcrumb\",\"itemListElement\":[{\"@type\":\"ListItem\",\"position\":1,\"name\":\"Boutique\",\"item\":\"https:\/\/ses-creative.com\/fr\/boutique\/\"},{\"@type\":\"ListItem\",\"position\":2,\"name\":\"B\u00e9b\u00e9 &amp; Tout-petit\",\"item\":\"https:\/\/ses-creative.com\/fr\/product-categorie\/bebe-tout-petit\/\"},{\"@type\":\"ListItem\",\"position\":3,\"name\":\"My first &#8211; D\u00e9chirer et coller\"}]},{\"@type\":\"WebSite\",\"@id\":\"https:\/\/ses-creative.com\/#website\",\"url\":\"https:\/\/ses-creative.com\/\",\"name\":\"SES Creative\",\"description\":\"\",\"publisher\":{\"@id\":\"https:\/\/ses-creative.com\/#organization\"},\"potentialAction\":[{\"@type\":\"SearchAction\",\"target\":{\"@type\":\"EntryPoint\",\"urlTemplate\":\"https:\/\/ses-creative.com\/?s={search_term_string}\"},\"query-input\":{\"@type\":\"PropertyValueSpecification\",\"valueRequired\":true,\"valueName\":\"search_term_string\"}}],\"inLanguage\":\"fr-FR\"},{\"@type\":\"Organization\",\"@id\":\"https:\/\/ses-creative.com\/#organization\",\"name\":\"SES Creative\",\"url\":\"https:\/\/ses-creative.com\/\",\"logo\":{\"@type\":\"ImageObject\",\"inLanguage\":\"fr-FR\",\"@id\":\"https:\/\/ses-creative.com\/#\/schema\/logo\/image\/\",\"url\":\"https:\/\/ses-creative.com\/wp-content\/uploads\/2025\/10\/ses-creative-logo.jpg\",\"contentUrl\":\"https:\/\/ses-creative.com\/wp-content\/uploads\/2025\/10\/ses-creative-logo.jpg\",\"width\":2037,\"height\":2037,\"caption\":\"SES Creative\"},\"image\":{\"@id\":\"https:\/\/ses-creative.com\/#\/schema\/logo\/image\/\"}}]}<\/script>\n<!-- \/ Yoast SEO plugin. -->","yoast_head_json":{"title":"My first - D\u00e9chirer et coller - SES Creative","robots":{"index":"index","follow":"follow","max-snippet":"max-snippet:-1","max-image-preview":"max-image-preview:large","max-video-preview":"max-video-preview:-1"},"canonical":"https:\/\/ses-creative.com\/fr\/produit\/my-first-dechirer-et-coller\/","og_locale":"fr_FR","og_type":"article","og_title":"My first - D\u00e9chirer et coller - SES Creative","og_description":"Laissez votre petit artiste s&rsquo;immerger dans un monde de plaisir cr\u00e9atif avec My First &#8211; D\u00e9chirer et coller ! Ce superbe kit est id\u00e9al pour s&rsquo;initier \u00e0 la cr\u00e9ation de collages, sp\u00e9cialement con\u00e7u pour les petites mains. Gr\u00e2ce \u00e0 des feuilles color\u00e9es et imprim\u00e9es de motifs joyeux et \u00e0 une colle \u00e0 doigts sans danger, [&hellip;]","og_url":"https:\/\/ses-creative.com\/fr\/produit\/my-first-dechirer-et-coller\/","og_site_name":"SES Creative","article_modified_time":"2026-02-12T10:23:02+00:00","twitter_card":"summary_large_image","twitter_misc":{"Dur\u00e9e de lecture estim\u00e9e":"2 minutes"},"schema":{"@context":"https:\/\/schema.org","@graph":[{"@type":"WebPage","@id":"https:\/\/ses-creative.com\/fr\/produit\/my-first-dechirer-et-coller\/","url":"https:\/\/ses-creative.com\/fr\/produit\/my-first-dechirer-et-coller\/","name":"My first - D\u00e9chirer et coller - SES Creative","isPartOf":{"@id":"https:\/\/ses-creative.com\/#website"},"primaryImageOfPage":{"@id":"https:\/\/ses-creative.com\/fr\/produit\/my-first-dechirer-et-coller\/#primaryimage"},"image":{"@id":"https:\/\/ses-creative.com\/fr\/produit\/my-first-dechirer-et-coller\/#primaryimage"},"thumbnailUrl":"https:\/\/ses-creative.com\/wp-content\/uploads\/2026\/01\/144741.jpg","datePublished":"2026-02-12T10:09:31+00:00","dateModified":"2026-02-12T10:23:02+00:00","breadcrumb":{"@id":"https:\/\/ses-creative.com\/fr\/produit\/my-first-dechirer-et-coller\/#breadcrumb"},"inLanguage":"fr-FR","potentialAction":[{"@type":"ReadAction","target":["https:\/\/ses-creative.com\/fr\/produit\/my-first-dechirer-et-coller\/"]}]},{"@type":"ImageObject","inLanguage":"fr-FR","@id":"https:\/\/ses-creative.com\/fr\/produit\/my-first-dechirer-et-coller\/#primaryimage","url":"https:\/\/ses-creative.com\/wp-content\/uploads\/2026\/01\/144741.jpg","contentUrl":"https:\/\/ses-creative.com\/wp-content\/uploads\/2026\/01\/144741.jpg","width":1000,"height":1000},{"@type":"BreadcrumbList","@id":"https:\/\/ses-creative.com\/fr\/produit\/my-first-dechirer-et-coller\/#breadcrumb","itemListElement":[{"@type":"ListItem","position":1,"name":"Boutique","item":"https:\/\/ses-creative.com\/fr\/boutique\/"},{"@type":"ListItem","position":2,"name":"B\u00e9b\u00e9 &amp; Tout-petit","item":"https:\/\/ses-creative.com\/fr\/product-categorie\/bebe-tout-petit\/"},{"@type":"ListItem","position":3,"name":"My first &#8211; D\u00e9chirer et coller"}]},{"@type":"WebSite","@id":"https:\/\/ses-creative.com\/#website","url":"https:\/\/ses-creative.com\/","name":"SES Creative","description":"","publisher":{"@id":"https:\/\/ses-creative.com\/#organization"},"potentialAction":[{"@type":"SearchAction","target":{"@type":"EntryPoint","urlTemplate":"https:\/\/ses-creative.com\/?s={search_term_string}"},"query-input":{"@type":"PropertyValueSpecification","valueRequired":true,"valueName":"search_term_string"}}],"inLanguage":"fr-FR"},{"@type":"Organization","@id":"https:\/\/ses-creative.com\/#organization","name":"SES Creative","url":"https:\/\/ses-creative.com\/","logo":{"@type":"ImageObject","inLanguage":"fr-FR","@id":"https:\/\/ses-creative.com\/#\/schema\/logo\/image\/","url":"https:\/\/ses-creative.com\/wp-content\/uploads\/2025\/10\/ses-creative-logo.jpg","contentUrl":"https:\/\/ses-creative.com\/wp-content\/uploads\/2025\/10\/ses-creative-logo.jpg","width":2037,"height":2037,"caption":"SES Creative"},"image":{"@id":"https:\/\/ses-creative.com\/#\/schema\/logo\/image\/"}}]}},"_links":{"self":[{"href":"https:\/\/ses-creative.com\/fr\/wp-json\/wp\/v2\/product\/118358","targetHints":{"allow":["GET"]}}],"collection":[{"href":"https:\/\/ses-creative.com\/fr\/wp-json\/wp\/v2\/product"}],"about":[{"href":"https:\/\/ses-creative.com\/fr\/wp-json\/wp\/v2\/types\/product"}],"replies":[{"embeddable":true,"href":"https:\/\/ses-creative.com\/fr\/wp-json\/wp\/v2\/comments?post=118358"}],"wp:featuredmedia":[{"embeddable":true,"href":"https:\/\/ses-creative.com\/fr\/wp-json\/wp\/v2\/media\/103316"}],"wp:attachment":[{"href":"https:\/\/ses-creative.com\/fr\/wp-json\/wp\/v2\/media?parent=118358"}],"wp:term":[{"taxonomy":"product_brand","embeddable":true,"href":"https:\/\/ses-creative.com\/fr\/wp-json\/wp\/v2\/product_brand?post=118358"},{"taxonomy":"product_cat","embeddable":true,"href":"https:\/\/ses-creative.com\/fr\/wp-json\/wp\/v2\/product_cat?post=118358"},{"taxonomy":"product_tag","embeddable":true,"href":"https:\/\/ses-creative.com\/fr\/wp-json\/wp\/v2\/product_tag?post=118358"}],"curies":[{"name":"wp","href":"https:\/\/api.w.org\/{rel}","templated":true}]}}