











{"id":118357,"date":"2026-02-12T10:09:31","date_gmt":"2026-02-12T10:09:31","guid":{"rendered":"https:\/\/ses-creative.com\/?post_type=product&#038;p=118357"},"modified":"2026-02-12T10:23:02","modified_gmt":"2026-02-12T10:23:02","slug":"coloriage-a-leau-dinos","status":"publish","type":"product","link":"https:\/\/ses-creative.com\/fr\/produit\/coloriage-a-leau-dinos\/","title":{"rendered":"Coloriage \u00e0 l&rsquo;eau &#8211; Dinos"},"content":{"rendered":"<p>Coloriage magique avec de l&rsquo;eau et des dinosaures !<br \/>\nLa magie de l&rsquo;eau et de la peinture, sans les salissures ! Avec ce joli set, les enfants peuvent donner vie aux plus beaux dinosaures en utilisant simplement de l&rsquo;eau. Les cartes changent de couleur d\u00e8s qu&rsquo;elles sont mouill\u00e9es, ce qui surprend les enfants \u00e0 chaque fois. C&rsquo;est la magie de l&rsquo;eau ! Id\u00e9al pour les tout-petits qui aiment \u00eatre cr\u00e9atifs et qui adorent les dinosaures, mais qui sont encore trop jeunes pour utiliser de la peinture ou des feutres.<br \/>\nCe qui rend ce kit g\u00e9nial<br \/>\n&#8211;    Pas de salissures, vous n&rsquo;avez besoin que d&rsquo;eau<br \/>\n&#8211;    Les cartes sont r\u00e9utilisables. Une fois s\u00e8ches, vous pouvez les r\u00e9utiliser \u00e0 l&rsquo;infini<br \/>\n&#8211;    S\u00fbr et adapt\u00e9 aux enfants \u00e0 partir de 1 an<br \/>\n&#8211; Stimule la cr\u00e9ativit\u00e9 et la motricit\u00e9 fine<br \/>\n&#8211;    Parfait pour une premi\u00e8re initiation aux couleurs et \u00e0 la peinture et pour d\u00e9couvrir le monde des dinosaures<br \/>\nD\u00e9couvrez et coloriez avec de l&rsquo;eau<br \/>\nCe set est id\u00e9al pour les parents qui souhaitent faire d\u00e9couvrir la peinture \u00e0 leurs enfants sans se soucier des salissures. Les cartes sont r\u00e9utilisables et sans danger pour les plus petits, ce qui en fait une activit\u00e9 amusante et sans souci pour toute la famille. Trempez le pinceau dans l&rsquo;eau et passez-le sur les cartes pour r\u00e9v\u00e9ler les magnifiques dinosaures. Les cartes peuvent \u00eatre r\u00e9utilis\u00e9es d\u00e8s qu&rsquo;elles sont s\u00e8ches, pour un plaisir sans fin.<br \/>\nContenu du set<br \/>\n&#8211;    4 coloriages de dinosaures<br \/>\n&#8211;    Pinceau sans danger<br \/>\nPourquoi choisir SES Creative ?<br \/>\nChez SES Creative, nous accordons une grande importance \u00e0 la s\u00e9curit\u00e9. C&rsquo;est pourquoi nos produits sont fabriqu\u00e9s et test\u00e9s dans notre usine aux Pays-Bas, conform\u00e9ment aux normes de s\u00e9curit\u00e9 europ\u00e9ennes les plus strictes. Les jouets SES Creative sont source de plaisir et permettent aux enfants d&rsquo;\u00eatre fiers de leur travail, ce qui stimule leur cr\u00e9ativit\u00e9 et leur d\u00e9veloppement.<br \/>\nCommencez \u00e0 colorier d\u00e8s aujourd&rsquo;hui<br \/>\nD\u00e9couvrez la magie des couleurs \u00e0 l&rsquo;eau et laissez votre enfant cr\u00e9er les plus beaux dinosaures. Parfait pour des heures de jeu cr\u00e9atif sans salissures !<\/p>\n","protected":false},"excerpt":{"rendered":"<p>Coloriage magique avec de l&rsquo;eau et des dinosaures ! La magie de l&rsquo;eau et de la peinture, sans les salissures ! Avec ce joli set, les enfants peuvent donner vie aux plus beaux dinosaures en utilisant simplement de l&rsquo;eau. Les cartes changent de couleur d\u00e8s qu&rsquo;elles sont mouill\u00e9es, ce qui surprend les enfants \u00e0 chaque [&hellip;]<\/p>\n","protected":false},"featured_media":103296,"comment_status":"closed","ping_status":"closed","template":"","meta":{"_acf_changed":false},"product_brand":[],"product_cat":[123],"product_tag":[],"class_list":{"0":"post-118357","1":"product","2":"type-product","3":"status-publish","4":"has-post-thumbnail","6":"product_cat-bebe-tout-petit","7":"pa_leeftijd-filter-0-2-ans","8":"pa_meest-populair-bij-garcons-filles","10":"first","11":"instock","12":"shipping-taxable","13":"product-type-simple"},"acf":[],"yoast_head":"<!-- This site is optimized with the Yoast SEO plugin v27.2 - https:\/\/yoast.com\/product\/yoast-seo-wordpress\/ -->\n<title>Coloriage \u00e0 l&#039;eau - Dinos - SES Creative<\/title>\n<meta name=\"robots\" content=\"index, follow, max-snippet:-1, max-image-preview:large, max-video-preview:-1\" \/>\n<link rel=\"canonical\" href=\"https:\/\/ses-creative.com\/fr\/produit\/coloriage-a-leau-dinos\/\" \/>\n<meta property=\"og:locale\" content=\"fr_FR\" \/>\n<meta property=\"og:type\" content=\"article\" \/>\n<meta property=\"og:title\" content=\"Coloriage \u00e0 l&#039;eau - Dinos - SES Creative\" \/>\n<meta property=\"og:description\" content=\"Coloriage magique avec de l&rsquo;eau et des dinosaures ! La magie de l&rsquo;eau et de la peinture, sans les salissures ! Avec ce joli set, les enfants peuvent donner vie aux plus beaux dinosaures en utilisant simplement de l&rsquo;eau. Les cartes changent de couleur d\u00e8s qu&rsquo;elles sont mouill\u00e9es, ce qui surprend les enfants \u00e0 chaque [&hellip;]\" \/>\n<meta property=\"og:url\" content=\"https:\/\/ses-creative.com\/fr\/produit\/coloriage-a-leau-dinos\/\" \/>\n<meta property=\"og:site_name\" content=\"SES Creative\" \/>\n<meta property=\"article:modified_time\" content=\"2026-02-12T10:23:02+00:00\" \/>\n<meta name=\"twitter:card\" content=\"summary_large_image\" \/>\n<meta name=\"twitter:label1\" content=\"Dur\u00e9e de lecture estim\u00e9e\" \/>\n\t<meta name=\"twitter:data1\" content=\"2 minutes\" \/>\n<script type=\"application\/ld+json\" class=\"yoast-schema-graph\">{\"@context\":\"https:\/\/schema.org\",\"@graph\":[{\"@type\":\"WebPage\",\"@id\":\"https:\/\/ses-creative.com\/fr\/produit\/coloriage-a-leau-dinos\/\",\"url\":\"https:\/\/ses-creative.com\/fr\/produit\/coloriage-a-leau-dinos\/\",\"name\":\"Coloriage \u00e0 l'eau - Dinos - SES Creative\",\"isPartOf\":{\"@id\":\"https:\/\/ses-creative.com\/#website\"},\"primaryImageOfPage\":{\"@id\":\"https:\/\/ses-creative.com\/fr\/produit\/coloriage-a-leau-dinos\/#primaryimage\"},\"image\":{\"@id\":\"https:\/\/ses-creative.com\/fr\/produit\/coloriage-a-leau-dinos\/#primaryimage\"},\"thumbnailUrl\":\"https:\/\/ses-creative.com\/wp-content\/uploads\/2026\/01\/144651.jpg\",\"datePublished\":\"2026-02-12T10:09:31+00:00\",\"dateModified\":\"2026-02-12T10:23:02+00:00\",\"breadcrumb\":{\"@id\":\"https:\/\/ses-creative.com\/fr\/produit\/coloriage-a-leau-dinos\/#breadcrumb\"},\"inLanguage\":\"fr-FR\",\"potentialAction\":[{\"@type\":\"ReadAction\",\"target\":[\"https:\/\/ses-creative.com\/fr\/produit\/coloriage-a-leau-dinos\/\"]}]},{\"@type\":\"ImageObject\",\"inLanguage\":\"fr-FR\",\"@id\":\"https:\/\/ses-creative.com\/fr\/produit\/coloriage-a-leau-dinos\/#primaryimage\",\"url\":\"https:\/\/ses-creative.com\/wp-content\/uploads\/2026\/01\/144651.jpg\",\"contentUrl\":\"https:\/\/ses-creative.com\/wp-content\/uploads\/2026\/01\/144651.jpg\",\"width\":1000,\"height\":1000},{\"@type\":\"BreadcrumbList\",\"@id\":\"https:\/\/ses-creative.com\/fr\/produit\/coloriage-a-leau-dinos\/#breadcrumb\",\"itemListElement\":[{\"@type\":\"ListItem\",\"position\":1,\"name\":\"Boutique\",\"item\":\"https:\/\/ses-creative.com\/fr\/boutique\/\"},{\"@type\":\"ListItem\",\"position\":2,\"name\":\"B\u00e9b\u00e9 &amp; Tout-petit\",\"item\":\"https:\/\/ses-creative.com\/fr\/product-categorie\/bebe-tout-petit\/\"},{\"@type\":\"ListItem\",\"position\":3,\"name\":\"Coloriage \u00e0 l&#8217;eau &#8211; Dinos\"}]},{\"@type\":\"WebSite\",\"@id\":\"https:\/\/ses-creative.com\/#website\",\"url\":\"https:\/\/ses-creative.com\/\",\"name\":\"SES Creative\",\"description\":\"\",\"publisher\":{\"@id\":\"https:\/\/ses-creative.com\/#organization\"},\"potentialAction\":[{\"@type\":\"SearchAction\",\"target\":{\"@type\":\"EntryPoint\",\"urlTemplate\":\"https:\/\/ses-creative.com\/?s={search_term_string}\"},\"query-input\":{\"@type\":\"PropertyValueSpecification\",\"valueRequired\":true,\"valueName\":\"search_term_string\"}}],\"inLanguage\":\"fr-FR\"},{\"@type\":\"Organization\",\"@id\":\"https:\/\/ses-creative.com\/#organization\",\"name\":\"SES Creative\",\"url\":\"https:\/\/ses-creative.com\/\",\"logo\":{\"@type\":\"ImageObject\",\"inLanguage\":\"fr-FR\",\"@id\":\"https:\/\/ses-creative.com\/#\/schema\/logo\/image\/\",\"url\":\"https:\/\/ses-creative.com\/wp-content\/uploads\/2025\/10\/ses-creative-logo.jpg\",\"contentUrl\":\"https:\/\/ses-creative.com\/wp-content\/uploads\/2025\/10\/ses-creative-logo.jpg\",\"width\":2037,\"height\":2037,\"caption\":\"SES Creative\"},\"image\":{\"@id\":\"https:\/\/ses-creative.com\/#\/schema\/logo\/image\/\"}}]}<\/script>\n<!-- \/ Yoast SEO plugin. -->","yoast_head_json":{"title":"Coloriage \u00e0 l'eau - Dinos - SES Creative","robots":{"index":"index","follow":"follow","max-snippet":"max-snippet:-1","max-image-preview":"max-image-preview:large","max-video-preview":"max-video-preview:-1"},"canonical":"https:\/\/ses-creative.com\/fr\/produit\/coloriage-a-leau-dinos\/","og_locale":"fr_FR","og_type":"article","og_title":"Coloriage \u00e0 l'eau - Dinos - SES Creative","og_description":"Coloriage magique avec de l&rsquo;eau et des dinosaures ! La magie de l&rsquo;eau et de la peinture, sans les salissures ! Avec ce joli set, les enfants peuvent donner vie aux plus beaux dinosaures en utilisant simplement de l&rsquo;eau. Les cartes changent de couleur d\u00e8s qu&rsquo;elles sont mouill\u00e9es, ce qui surprend les enfants \u00e0 chaque [&hellip;]","og_url":"https:\/\/ses-creative.com\/fr\/produit\/coloriage-a-leau-dinos\/","og_site_name":"SES Creative","article_modified_time":"2026-02-12T10:23:02+00:00","twitter_card":"summary_large_image","twitter_misc":{"Dur\u00e9e de lecture estim\u00e9e":"2 minutes"},"schema":{"@context":"https:\/\/schema.org","@graph":[{"@type":"WebPage","@id":"https:\/\/ses-creative.com\/fr\/produit\/coloriage-a-leau-dinos\/","url":"https:\/\/ses-creative.com\/fr\/produit\/coloriage-a-leau-dinos\/","name":"Coloriage \u00e0 l'eau - Dinos - SES Creative","isPartOf":{"@id":"https:\/\/ses-creative.com\/#website"},"primaryImageOfPage":{"@id":"https:\/\/ses-creative.com\/fr\/produit\/coloriage-a-leau-dinos\/#primaryimage"},"image":{"@id":"https:\/\/ses-creative.com\/fr\/produit\/coloriage-a-leau-dinos\/#primaryimage"},"thumbnailUrl":"https:\/\/ses-creative.com\/wp-content\/uploads\/2026\/01\/144651.jpg","datePublished":"2026-02-12T10:09:31+00:00","dateModified":"2026-02-12T10:23:02+00:00","breadcrumb":{"@id":"https:\/\/ses-creative.com\/fr\/produit\/coloriage-a-leau-dinos\/#breadcrumb"},"inLanguage":"fr-FR","potentialAction":[{"@type":"ReadAction","target":["https:\/\/ses-creative.com\/fr\/produit\/coloriage-a-leau-dinos\/"]}]},{"@type":"ImageObject","inLanguage":"fr-FR","@id":"https:\/\/ses-creative.com\/fr\/produit\/coloriage-a-leau-dinos\/#primaryimage","url":"https:\/\/ses-creative.com\/wp-content\/uploads\/2026\/01\/144651.jpg","contentUrl":"https:\/\/ses-creative.com\/wp-content\/uploads\/2026\/01\/144651.jpg","width":1000,"height":1000},{"@type":"BreadcrumbList","@id":"https:\/\/ses-creative.com\/fr\/produit\/coloriage-a-leau-dinos\/#breadcrumb","itemListElement":[{"@type":"ListItem","position":1,"name":"Boutique","item":"https:\/\/ses-creative.com\/fr\/boutique\/"},{"@type":"ListItem","position":2,"name":"B\u00e9b\u00e9 &amp; Tout-petit","item":"https:\/\/ses-creative.com\/fr\/product-categorie\/bebe-tout-petit\/"},{"@type":"ListItem","position":3,"name":"Coloriage \u00e0 l&#8217;eau &#8211; Dinos"}]},{"@type":"WebSite","@id":"https:\/\/ses-creative.com\/#website","url":"https:\/\/ses-creative.com\/","name":"SES Creative","description":"","publisher":{"@id":"https:\/\/ses-creative.com\/#organization"},"potentialAction":[{"@type":"SearchAction","target":{"@type":"EntryPoint","urlTemplate":"https:\/\/ses-creative.com\/?s={search_term_string}"},"query-input":{"@type":"PropertyValueSpecification","valueRequired":true,"valueName":"search_term_string"}}],"inLanguage":"fr-FR"},{"@type":"Organization","@id":"https:\/\/ses-creative.com\/#organization","name":"SES Creative","url":"https:\/\/ses-creative.com\/","logo":{"@type":"ImageObject","inLanguage":"fr-FR","@id":"https:\/\/ses-creative.com\/#\/schema\/logo\/image\/","url":"https:\/\/ses-creative.com\/wp-content\/uploads\/2025\/10\/ses-creative-logo.jpg","contentUrl":"https:\/\/ses-creative.com\/wp-content\/uploads\/2025\/10\/ses-creative-logo.jpg","width":2037,"height":2037,"caption":"SES Creative"},"image":{"@id":"https:\/\/ses-creative.com\/#\/schema\/logo\/image\/"}}]}},"_links":{"self":[{"href":"https:\/\/ses-creative.com\/fr\/wp-json\/wp\/v2\/product\/118357","targetHints":{"allow":["GET"]}}],"collection":[{"href":"https:\/\/ses-creative.com\/fr\/wp-json\/wp\/v2\/product"}],"about":[{"href":"https:\/\/ses-creative.com\/fr\/wp-json\/wp\/v2\/types\/product"}],"replies":[{"embeddable":true,"href":"https:\/\/ses-creative.com\/fr\/wp-json\/wp\/v2\/comments?post=118357"}],"wp:featuredmedia":[{"embeddable":true,"href":"https:\/\/ses-creative.com\/fr\/wp-json\/wp\/v2\/media\/103296"}],"wp:attachment":[{"href":"https:\/\/ses-creative.com\/fr\/wp-json\/wp\/v2\/media?parent=118357"}],"wp:term":[{"taxonomy":"product_brand","embeddable":true,"href":"https:\/\/ses-creative.com\/fr\/wp-json\/wp\/v2\/product_brand?post=118357"},{"taxonomy":"product_cat","embeddable":true,"href":"https:\/\/ses-creative.com\/fr\/wp-json\/wp\/v2\/product_cat?post=118357"},{"taxonomy":"product_tag","embeddable":true,"href":"https:\/\/ses-creative.com\/fr\/wp-json\/wp\/v2\/product_tag?post=118357"}],"curies":[{"name":"wp","href":"https:\/\/api.w.org\/{rel}","templated":true}]}}