











{"id":118356,"date":"2026-02-12T10:09:31","date_gmt":"2026-02-12T10:09:31","guid":{"rendered":"https:\/\/ses-creative.com\/?post_type=product&#038;p=118356"},"modified":"2026-02-12T10:23:02","modified_gmt":"2026-02-12T10:23:02","slug":"colorage-a-leau-mega-kit-danimaux-caches","status":"publish","type":"product","link":"https:\/\/ses-creative.com\/fr\/produit\/colorage-a-leau-mega-kit-danimaux-caches\/","title":{"rendered":"Colorage \u00e1 l&rsquo;eau &#8211; M\u00e9ga kit d&rsquo;animaux cach\u00e9s"},"content":{"rendered":"<p>D\u00e9couvrez les animaux cach\u00e9s avec ce m\u00e9ga set magique de coloriage \u00e0 l&rsquo;eau !<br \/>\nPr\u00e9parez-vous \u00e0 vivre une aventure magique avec ce m\u00e9ga set Animaux cach\u00e9s ! Ce set contient pas moins de 8 cartes sur lesquelles sont cach\u00e9s des animaux que vous pouvez faire appara\u00eetre avec de l&rsquo;eau. Utilisez le pinceau sp\u00e9cial, trempez-le dans l&rsquo;eau et regardez les couleurs et les animaux cach\u00e9s appara\u00eetre sur les cartes. Le tout sans faire de salissures. C&rsquo;est la magie de l&rsquo;eau ! Id\u00e9al pour les tout-petits qui aiment \u00eatre cr\u00e9atifs, mais qui sont encore trop jeunes pour utiliser de la peinture ou des feutres.<br \/>\nCe qui rend ce coffret g\u00e9nial<br \/>\n&#8211;    Dans ce set, les animaux sont cach\u00e9s, ce qui rend la d\u00e9couverte de ce qui va appara\u00eetre encore plus passionnante. Les animaux sont \u00e9galement plus d\u00e9taill\u00e9s, ce qui est encore plus amusant !<br \/>\n&#8211; Pas de salissures, vous n&rsquo;avez besoin que d&rsquo;eau<br \/>\n&#8211;    Les cartes sont r\u00e9utilisables. Une fois s\u00e8ches, vous pouvez les r\u00e9utiliser \u00e0 l&rsquo;infini<br \/>\n&#8211;    Set extra large, avec pas moins de 8 cartes de couleurs<br \/>\n&#8211; Stimule la cr\u00e9ativit\u00e9 et la motricit\u00e9 fine<br \/>\nPourquoi ce produit est-il parfait pour vous ?<br \/>\nCe set est id\u00e9al pour les parents qui souhaitent faire profiter leurs enfants d&rsquo;une activit\u00e9 cr\u00e9ative et sans souci. Il offre une fa\u00e7on amusante de jouer et d&rsquo;apprendre, tout en stimulant la curiosit\u00e9 et l&rsquo;imagination de votre enfant. Avec ce set, les enfants peuvent d\u00e9couvrir les animaux sur les cartes de mani\u00e8re magique. Les animaux cach\u00e9s prennent vie d\u00e8s que vous mouillez les cartes avec le pinceau. Une excellente fa\u00e7on de stimuler la cr\u00e9ativit\u00e9 sans faire de d\u00e9g\u00e2ts et de prolonger le plaisir de jouer gr\u00e2ce aux nombreuses cartes disponibles.<br \/>\nContenu du set<br \/>\n&#8211;    8 coloriages d&rsquo;animaux<br \/>\n&#8211;    Pinceau s\u00e9curis\u00e9<br \/>\nPourquoi choisir SES Creative ?<br \/>\nChez SES Creative, nous accordons une grande importance \u00e0 la s\u00e9curit\u00e9. C&rsquo;est pourquoi nos produits sont fabriqu\u00e9s et test\u00e9s dans notre usine aux Pays-Bas, conform\u00e9ment aux normes de s\u00e9curit\u00e9 europ\u00e9ennes les plus strictes. Les jouets SES Creative sont source de plaisir et permettent aux enfants d&rsquo;\u00eatre fiers de leur travail, ce qui stimule leur cr\u00e9ativit\u00e9 et leur d\u00e9veloppement.<br \/>\nCommencez d\u00e8s aujourd&rsquo;hui \u00e0 d\u00e9couvrir des animaux cach\u00e9s<br \/>\nD\u00e9couvrez le plaisir de colorier avec de l&rsquo;eau et faites appara\u00eetre les animaux cach\u00e9s gr\u00e2ce \u00e0 ce m\u00e9ga-set magique. Parfait pour des heures de plaisir !<\/p>\n","protected":false},"excerpt":{"rendered":"<p>D\u00e9couvrez les animaux cach\u00e9s avec ce m\u00e9ga set magique de coloriage \u00e0 l&rsquo;eau ! Pr\u00e9parez-vous \u00e0 vivre une aventure magique avec ce m\u00e9ga set Animaux cach\u00e9s ! Ce set contient pas moins de 8 cartes sur lesquelles sont cach\u00e9s des animaux que vous pouvez faire appara\u00eetre avec de l&rsquo;eau. Utilisez le pinceau sp\u00e9cial, trempez-le dans [&hellip;]<\/p>\n","protected":false},"featured_media":103276,"comment_status":"closed","ping_status":"closed","template":"","meta":{"_acf_changed":false},"product_brand":[],"product_cat":[123],"product_tag":[],"class_list":{"0":"post-118356","1":"product","2":"type-product","3":"status-publish","4":"has-post-thumbnail","6":"product_cat-bebe-tout-petit","7":"pa_leeftijd-filter-0-2-ans","8":"pa_meest-populair-bij-garcons-filles","10":"first","11":"instock","12":"shipping-taxable","13":"product-type-simple"},"acf":[],"yoast_head":"<!-- This site is optimized with the Yoast SEO plugin v27.2 - https:\/\/yoast.com\/product\/yoast-seo-wordpress\/ -->\n<title>Colorage \u00e1 l&#039;eau - M\u00e9ga kit d&#039;animaux cach\u00e9s - SES Creative<\/title>\n<meta name=\"robots\" content=\"index, follow, max-snippet:-1, max-image-preview:large, max-video-preview:-1\" \/>\n<link rel=\"canonical\" href=\"https:\/\/ses-creative.com\/fr\/produit\/colorage-a-leau-mega-kit-danimaux-caches\/\" \/>\n<meta property=\"og:locale\" content=\"fr_FR\" \/>\n<meta property=\"og:type\" content=\"article\" \/>\n<meta property=\"og:title\" content=\"Colorage \u00e1 l&#039;eau - M\u00e9ga kit d&#039;animaux cach\u00e9s - SES Creative\" \/>\n<meta property=\"og:description\" content=\"D\u00e9couvrez les animaux cach\u00e9s avec ce m\u00e9ga set magique de coloriage \u00e0 l&rsquo;eau ! Pr\u00e9parez-vous \u00e0 vivre une aventure magique avec ce m\u00e9ga set Animaux cach\u00e9s ! Ce set contient pas moins de 8 cartes sur lesquelles sont cach\u00e9s des animaux que vous pouvez faire appara\u00eetre avec de l&rsquo;eau. Utilisez le pinceau sp\u00e9cial, trempez-le dans [&hellip;]\" \/>\n<meta property=\"og:url\" content=\"https:\/\/ses-creative.com\/fr\/produit\/colorage-a-leau-mega-kit-danimaux-caches\/\" \/>\n<meta property=\"og:site_name\" content=\"SES Creative\" \/>\n<meta property=\"article:modified_time\" content=\"2026-02-12T10:23:02+00:00\" \/>\n<meta name=\"twitter:card\" content=\"summary_large_image\" \/>\n<meta name=\"twitter:label1\" content=\"Dur\u00e9e de lecture estim\u00e9e\" \/>\n\t<meta name=\"twitter:data1\" content=\"2 minutes\" \/>\n<script type=\"application\/ld+json\" class=\"yoast-schema-graph\">{\"@context\":\"https:\/\/schema.org\",\"@graph\":[{\"@type\":\"WebPage\",\"@id\":\"https:\/\/ses-creative.com\/fr\/produit\/colorage-a-leau-mega-kit-danimaux-caches\/\",\"url\":\"https:\/\/ses-creative.com\/fr\/produit\/colorage-a-leau-mega-kit-danimaux-caches\/\",\"name\":\"Colorage \u00e1 l'eau - M\u00e9ga kit d'animaux cach\u00e9s - SES Creative\",\"isPartOf\":{\"@id\":\"https:\/\/ses-creative.com\/#website\"},\"primaryImageOfPage\":{\"@id\":\"https:\/\/ses-creative.com\/fr\/produit\/colorage-a-leau-mega-kit-danimaux-caches\/#primaryimage\"},\"image\":{\"@id\":\"https:\/\/ses-creative.com\/fr\/produit\/colorage-a-leau-mega-kit-danimaux-caches\/#primaryimage\"},\"thumbnailUrl\":\"https:\/\/ses-creative.com\/wp-content\/uploads\/2026\/01\/144591.jpg\",\"datePublished\":\"2026-02-12T10:09:31+00:00\",\"dateModified\":\"2026-02-12T10:23:02+00:00\",\"breadcrumb\":{\"@id\":\"https:\/\/ses-creative.com\/fr\/produit\/colorage-a-leau-mega-kit-danimaux-caches\/#breadcrumb\"},\"inLanguage\":\"fr-FR\",\"potentialAction\":[{\"@type\":\"ReadAction\",\"target\":[\"https:\/\/ses-creative.com\/fr\/produit\/colorage-a-leau-mega-kit-danimaux-caches\/\"]}]},{\"@type\":\"ImageObject\",\"inLanguage\":\"fr-FR\",\"@id\":\"https:\/\/ses-creative.com\/fr\/produit\/colorage-a-leau-mega-kit-danimaux-caches\/#primaryimage\",\"url\":\"https:\/\/ses-creative.com\/wp-content\/uploads\/2026\/01\/144591.jpg\",\"contentUrl\":\"https:\/\/ses-creative.com\/wp-content\/uploads\/2026\/01\/144591.jpg\",\"width\":1000,\"height\":1000},{\"@type\":\"BreadcrumbList\",\"@id\":\"https:\/\/ses-creative.com\/fr\/produit\/colorage-a-leau-mega-kit-danimaux-caches\/#breadcrumb\",\"itemListElement\":[{\"@type\":\"ListItem\",\"position\":1,\"name\":\"Boutique\",\"item\":\"https:\/\/ses-creative.com\/fr\/boutique\/\"},{\"@type\":\"ListItem\",\"position\":2,\"name\":\"B\u00e9b\u00e9 &amp; Tout-petit\",\"item\":\"https:\/\/ses-creative.com\/fr\/product-categorie\/bebe-tout-petit\/\"},{\"@type\":\"ListItem\",\"position\":3,\"name\":\"Colorage \u00e1 l&#8217;eau &#8211; M\u00e9ga kit d&#8217;animaux cach\u00e9s\"}]},{\"@type\":\"WebSite\",\"@id\":\"https:\/\/ses-creative.com\/#website\",\"url\":\"https:\/\/ses-creative.com\/\",\"name\":\"SES Creative\",\"description\":\"\",\"publisher\":{\"@id\":\"https:\/\/ses-creative.com\/#organization\"},\"potentialAction\":[{\"@type\":\"SearchAction\",\"target\":{\"@type\":\"EntryPoint\",\"urlTemplate\":\"https:\/\/ses-creative.com\/?s={search_term_string}\"},\"query-input\":{\"@type\":\"PropertyValueSpecification\",\"valueRequired\":true,\"valueName\":\"search_term_string\"}}],\"inLanguage\":\"fr-FR\"},{\"@type\":\"Organization\",\"@id\":\"https:\/\/ses-creative.com\/#organization\",\"name\":\"SES Creative\",\"url\":\"https:\/\/ses-creative.com\/\",\"logo\":{\"@type\":\"ImageObject\",\"inLanguage\":\"fr-FR\",\"@id\":\"https:\/\/ses-creative.com\/#\/schema\/logo\/image\/\",\"url\":\"https:\/\/ses-creative.com\/wp-content\/uploads\/2025\/10\/ses-creative-logo.jpg\",\"contentUrl\":\"https:\/\/ses-creative.com\/wp-content\/uploads\/2025\/10\/ses-creative-logo.jpg\",\"width\":2037,\"height\":2037,\"caption\":\"SES Creative\"},\"image\":{\"@id\":\"https:\/\/ses-creative.com\/#\/schema\/logo\/image\/\"}}]}<\/script>\n<!-- \/ Yoast SEO plugin. -->","yoast_head_json":{"title":"Colorage \u00e1 l'eau - M\u00e9ga kit d'animaux cach\u00e9s - SES Creative","robots":{"index":"index","follow":"follow","max-snippet":"max-snippet:-1","max-image-preview":"max-image-preview:large","max-video-preview":"max-video-preview:-1"},"canonical":"https:\/\/ses-creative.com\/fr\/produit\/colorage-a-leau-mega-kit-danimaux-caches\/","og_locale":"fr_FR","og_type":"article","og_title":"Colorage \u00e1 l'eau - M\u00e9ga kit d'animaux cach\u00e9s - SES Creative","og_description":"D\u00e9couvrez les animaux cach\u00e9s avec ce m\u00e9ga set magique de coloriage \u00e0 l&rsquo;eau ! Pr\u00e9parez-vous \u00e0 vivre une aventure magique avec ce m\u00e9ga set Animaux cach\u00e9s ! Ce set contient pas moins de 8 cartes sur lesquelles sont cach\u00e9s des animaux que vous pouvez faire appara\u00eetre avec de l&rsquo;eau. Utilisez le pinceau sp\u00e9cial, trempez-le dans [&hellip;]","og_url":"https:\/\/ses-creative.com\/fr\/produit\/colorage-a-leau-mega-kit-danimaux-caches\/","og_site_name":"SES Creative","article_modified_time":"2026-02-12T10:23:02+00:00","twitter_card":"summary_large_image","twitter_misc":{"Dur\u00e9e de lecture estim\u00e9e":"2 minutes"},"schema":{"@context":"https:\/\/schema.org","@graph":[{"@type":"WebPage","@id":"https:\/\/ses-creative.com\/fr\/produit\/colorage-a-leau-mega-kit-danimaux-caches\/","url":"https:\/\/ses-creative.com\/fr\/produit\/colorage-a-leau-mega-kit-danimaux-caches\/","name":"Colorage \u00e1 l'eau - M\u00e9ga kit d'animaux cach\u00e9s - SES Creative","isPartOf":{"@id":"https:\/\/ses-creative.com\/#website"},"primaryImageOfPage":{"@id":"https:\/\/ses-creative.com\/fr\/produit\/colorage-a-leau-mega-kit-danimaux-caches\/#primaryimage"},"image":{"@id":"https:\/\/ses-creative.com\/fr\/produit\/colorage-a-leau-mega-kit-danimaux-caches\/#primaryimage"},"thumbnailUrl":"https:\/\/ses-creative.com\/wp-content\/uploads\/2026\/01\/144591.jpg","datePublished":"2026-02-12T10:09:31+00:00","dateModified":"2026-02-12T10:23:02+00:00","breadcrumb":{"@id":"https:\/\/ses-creative.com\/fr\/produit\/colorage-a-leau-mega-kit-danimaux-caches\/#breadcrumb"},"inLanguage":"fr-FR","potentialAction":[{"@type":"ReadAction","target":["https:\/\/ses-creative.com\/fr\/produit\/colorage-a-leau-mega-kit-danimaux-caches\/"]}]},{"@type":"ImageObject","inLanguage":"fr-FR","@id":"https:\/\/ses-creative.com\/fr\/produit\/colorage-a-leau-mega-kit-danimaux-caches\/#primaryimage","url":"https:\/\/ses-creative.com\/wp-content\/uploads\/2026\/01\/144591.jpg","contentUrl":"https:\/\/ses-creative.com\/wp-content\/uploads\/2026\/01\/144591.jpg","width":1000,"height":1000},{"@type":"BreadcrumbList","@id":"https:\/\/ses-creative.com\/fr\/produit\/colorage-a-leau-mega-kit-danimaux-caches\/#breadcrumb","itemListElement":[{"@type":"ListItem","position":1,"name":"Boutique","item":"https:\/\/ses-creative.com\/fr\/boutique\/"},{"@type":"ListItem","position":2,"name":"B\u00e9b\u00e9 &amp; Tout-petit","item":"https:\/\/ses-creative.com\/fr\/product-categorie\/bebe-tout-petit\/"},{"@type":"ListItem","position":3,"name":"Colorage \u00e1 l&#8217;eau &#8211; M\u00e9ga kit d&#8217;animaux cach\u00e9s"}]},{"@type":"WebSite","@id":"https:\/\/ses-creative.com\/#website","url":"https:\/\/ses-creative.com\/","name":"SES Creative","description":"","publisher":{"@id":"https:\/\/ses-creative.com\/#organization"},"potentialAction":[{"@type":"SearchAction","target":{"@type":"EntryPoint","urlTemplate":"https:\/\/ses-creative.com\/?s={search_term_string}"},"query-input":{"@type":"PropertyValueSpecification","valueRequired":true,"valueName":"search_term_string"}}],"inLanguage":"fr-FR"},{"@type":"Organization","@id":"https:\/\/ses-creative.com\/#organization","name":"SES Creative","url":"https:\/\/ses-creative.com\/","logo":{"@type":"ImageObject","inLanguage":"fr-FR","@id":"https:\/\/ses-creative.com\/#\/schema\/logo\/image\/","url":"https:\/\/ses-creative.com\/wp-content\/uploads\/2025\/10\/ses-creative-logo.jpg","contentUrl":"https:\/\/ses-creative.com\/wp-content\/uploads\/2025\/10\/ses-creative-logo.jpg","width":2037,"height":2037,"caption":"SES Creative"},"image":{"@id":"https:\/\/ses-creative.com\/#\/schema\/logo\/image\/"}}]}},"_links":{"self":[{"href":"https:\/\/ses-creative.com\/fr\/wp-json\/wp\/v2\/product\/118356","targetHints":{"allow":["GET"]}}],"collection":[{"href":"https:\/\/ses-creative.com\/fr\/wp-json\/wp\/v2\/product"}],"about":[{"href":"https:\/\/ses-creative.com\/fr\/wp-json\/wp\/v2\/types\/product"}],"replies":[{"embeddable":true,"href":"https:\/\/ses-creative.com\/fr\/wp-json\/wp\/v2\/comments?post=118356"}],"wp:featuredmedia":[{"embeddable":true,"href":"https:\/\/ses-creative.com\/fr\/wp-json\/wp\/v2\/media\/103276"}],"wp:attachment":[{"href":"https:\/\/ses-creative.com\/fr\/wp-json\/wp\/v2\/media?parent=118356"}],"wp:term":[{"taxonomy":"product_brand","embeddable":true,"href":"https:\/\/ses-creative.com\/fr\/wp-json\/wp\/v2\/product_brand?post=118356"},{"taxonomy":"product_cat","embeddable":true,"href":"https:\/\/ses-creative.com\/fr\/wp-json\/wp\/v2\/product_cat?post=118356"},{"taxonomy":"product_tag","embeddable":true,"href":"https:\/\/ses-creative.com\/fr\/wp-json\/wp\/v2\/product_tag?post=118356"}],"curies":[{"name":"wp","href":"https:\/\/api.w.org\/{rel}","templated":true}]}}