











{"id":118355,"date":"2026-02-12T10:09:30","date_gmt":"2026-02-12T10:09:30","guid":{"rendered":"https:\/\/ses-creative.com\/?post_type=product&#038;p=118355"},"modified":"2026-02-12T10:23:01","modified_gmt":"2026-02-12T10:23:01","slug":"coloriage-a-leau-animaux-caches","status":"publish","type":"product","link":"https:\/\/ses-creative.com\/fr\/produit\/coloriage-a-leau-animaux-caches\/","title":{"rendered":"Coloriage \u00e0 l&rsquo;eau &#8211; Animaux cach\u00e9s"},"content":{"rendered":"<p>D\u00e9couvrez les animaux cach\u00e9s avec les couleurs \u00e0 l&rsquo;eau !<br \/>\nH\u00e9, quel petit animal se cache dans l&rsquo;arbre ? D\u00e9couvrez-le avec ce kit magique de coloriage \u00e0 l&rsquo;eau ! Utilisez le pinceau sp\u00e9cial, trempez-le dans l&rsquo;eau et regardez les animaux cach\u00e9s appara\u00eetre sur les quatre cartes magiques. Parfait pour les jeunes explorateurs qui aiment les animaux et la magie ! Ce kit contient des animaux plus d\u00e9taill\u00e9s que les autres kits de SES Creative, ce qui rend l&rsquo;apparition des animaux encore plus amusante.<br \/>\nCe qui rend ce kit g\u00e9nial<br \/>\n&#8211;    Dans ce set, les animaux sont cach\u00e9s, ce qui rend leur apparition encore plus surprenante. Les animaux sont \u00e9galement plus d\u00e9taill\u00e9s, ce qui les rend encore plus amusants !<br \/>\n&#8211; Pas de g\u00e2chis, vous n&rsquo;avez besoin que d&rsquo;eau<br \/>\n&#8211;    Les cartes sont r\u00e9utilisables. Une fois s\u00e8ches, vous pouvez les r\u00e9utiliser \u00e0 l&rsquo;infini<br \/>\n&#8211;    S\u00fbr et adapt\u00e9 aux enfants \u00e0 partir de 1 an<br \/>\n&#8211; Stimule la cr\u00e9ativit\u00e9 et la motricit\u00e9 fine<br \/>\nPourquoi ce produit est-il parfait pour vous ?<br \/>\nCe set est id\u00e9al pour les parents qui souhaitent faire profiter leurs enfants d&rsquo;une activit\u00e9 cr\u00e9ative et sans souci. Il offre une fa\u00e7on amusante de jouer et d&rsquo;apprendre, tout en stimulant la curiosit\u00e9 et l&rsquo;imagination de votre enfant. Les enfants peuvent faire appara\u00eetre les animaux cach\u00e9s de mani\u00e8re magique. Les cartes peuvent \u00eatre utilis\u00e9es \u00e0 l&rsquo;infini, pour un plaisir sans fin. Une excellente fa\u00e7on de stimuler la cr\u00e9ativit\u00e9 sans faire de d\u00e9sordre.<br \/>\nContenu du set<br \/>\n&#8211;    4 coloriages d&rsquo;animaux<br \/>\n&#8211;    Pinceau s\u00e9curis\u00e9<br \/>\nPourquoi choisir SES Creative ?<br \/>\nChez SES Creative, nous accordons une grande importance \u00e0 la s\u00e9curit\u00e9. C&rsquo;est pourquoi nos produits sont fabriqu\u00e9s et test\u00e9s dans notre usine aux Pays-Bas, conform\u00e9ment aux normes de s\u00e9curit\u00e9 europ\u00e9ennes les plus strictes. Les jouets SES Creative sont source de plaisir et permettent aux enfants d&rsquo;\u00eatre fiers de leur travail, ce qui stimule leur cr\u00e9ativit\u00e9 et leur d\u00e9veloppement.<br \/>\nCommencez d\u00e8s aujourd&rsquo;hui \u00e0 d\u00e9couvrir des animaux cach\u00e9s<br \/>\nD\u00e9couvrez le plaisir de colorier avec de l&rsquo;eau et faites appara\u00eetre des animaux gr\u00e2ce \u00e0 ce set magique. Parfait pour des heures de plaisir !<\/p>\n","protected":false},"excerpt":{"rendered":"<p>D\u00e9couvrez les animaux cach\u00e9s avec les couleurs \u00e0 l&rsquo;eau ! H\u00e9, quel petit animal se cache dans l&rsquo;arbre ? D\u00e9couvrez-le avec ce kit magique de coloriage \u00e0 l&rsquo;eau ! Utilisez le pinceau sp\u00e9cial, trempez-le dans l&rsquo;eau et regardez les animaux cach\u00e9s appara\u00eetre sur les quatre cartes magiques. Parfait pour les jeunes explorateurs qui aiment les [&hellip;]<\/p>\n","protected":false},"featured_media":103256,"comment_status":"closed","ping_status":"closed","template":"","meta":{"_acf_changed":false},"product_brand":[],"product_cat":[123],"product_tag":[],"class_list":{"0":"post-118355","1":"product","2":"type-product","3":"status-publish","4":"has-post-thumbnail","6":"product_cat-bebe-tout-petit","7":"pa_leeftijd-filter-0-2-ans","8":"pa_meest-populair-bij-garcons-filles","10":"first","11":"instock","12":"shipping-taxable","13":"product-type-simple"},"acf":[],"yoast_head":"<!-- This site is optimized with the Yoast SEO plugin v27.2 - https:\/\/yoast.com\/product\/yoast-seo-wordpress\/ -->\n<title>Coloriage \u00e0 l&#039;eau - Animaux cach\u00e9s - SES Creative<\/title>\n<meta name=\"robots\" content=\"index, follow, max-snippet:-1, max-image-preview:large, max-video-preview:-1\" \/>\n<link rel=\"canonical\" href=\"https:\/\/ses-creative.com\/fr\/produit\/coloriage-a-leau-animaux-caches\/\" \/>\n<meta property=\"og:locale\" content=\"fr_FR\" \/>\n<meta property=\"og:type\" content=\"article\" \/>\n<meta property=\"og:title\" content=\"Coloriage \u00e0 l&#039;eau - Animaux cach\u00e9s - SES Creative\" \/>\n<meta property=\"og:description\" content=\"D\u00e9couvrez les animaux cach\u00e9s avec les couleurs \u00e0 l&rsquo;eau ! H\u00e9, quel petit animal se cache dans l&rsquo;arbre ? D\u00e9couvrez-le avec ce kit magique de coloriage \u00e0 l&rsquo;eau ! Utilisez le pinceau sp\u00e9cial, trempez-le dans l&rsquo;eau et regardez les animaux cach\u00e9s appara\u00eetre sur les quatre cartes magiques. Parfait pour les jeunes explorateurs qui aiment les [&hellip;]\" \/>\n<meta property=\"og:url\" content=\"https:\/\/ses-creative.com\/fr\/produit\/coloriage-a-leau-animaux-caches\/\" \/>\n<meta property=\"og:site_name\" content=\"SES Creative\" \/>\n<meta property=\"article:modified_time\" content=\"2026-02-12T10:23:01+00:00\" \/>\n<meta name=\"twitter:card\" content=\"summary_large_image\" \/>\n<meta name=\"twitter:label1\" content=\"Dur\u00e9e de lecture estim\u00e9e\" \/>\n\t<meta name=\"twitter:data1\" content=\"2 minutes\" \/>\n<script type=\"application\/ld+json\" class=\"yoast-schema-graph\">{\"@context\":\"https:\/\/schema.org\",\"@graph\":[{\"@type\":\"WebPage\",\"@id\":\"https:\/\/ses-creative.com\/fr\/produit\/coloriage-a-leau-animaux-caches\/\",\"url\":\"https:\/\/ses-creative.com\/fr\/produit\/coloriage-a-leau-animaux-caches\/\",\"name\":\"Coloriage \u00e0 l'eau - Animaux cach\u00e9s - SES Creative\",\"isPartOf\":{\"@id\":\"https:\/\/ses-creative.com\/#website\"},\"primaryImageOfPage\":{\"@id\":\"https:\/\/ses-creative.com\/fr\/produit\/coloriage-a-leau-animaux-caches\/#primaryimage\"},\"image\":{\"@id\":\"https:\/\/ses-creative.com\/fr\/produit\/coloriage-a-leau-animaux-caches\/#primaryimage\"},\"thumbnailUrl\":\"https:\/\/ses-creative.com\/wp-content\/uploads\/2026\/01\/144561.jpg\",\"datePublished\":\"2026-02-12T10:09:30+00:00\",\"dateModified\":\"2026-02-12T10:23:01+00:00\",\"breadcrumb\":{\"@id\":\"https:\/\/ses-creative.com\/fr\/produit\/coloriage-a-leau-animaux-caches\/#breadcrumb\"},\"inLanguage\":\"fr-FR\",\"potentialAction\":[{\"@type\":\"ReadAction\",\"target\":[\"https:\/\/ses-creative.com\/fr\/produit\/coloriage-a-leau-animaux-caches\/\"]}]},{\"@type\":\"ImageObject\",\"inLanguage\":\"fr-FR\",\"@id\":\"https:\/\/ses-creative.com\/fr\/produit\/coloriage-a-leau-animaux-caches\/#primaryimage\",\"url\":\"https:\/\/ses-creative.com\/wp-content\/uploads\/2026\/01\/144561.jpg\",\"contentUrl\":\"https:\/\/ses-creative.com\/wp-content\/uploads\/2026\/01\/144561.jpg\",\"width\":1000,\"height\":1000},{\"@type\":\"BreadcrumbList\",\"@id\":\"https:\/\/ses-creative.com\/fr\/produit\/coloriage-a-leau-animaux-caches\/#breadcrumb\",\"itemListElement\":[{\"@type\":\"ListItem\",\"position\":1,\"name\":\"Boutique\",\"item\":\"https:\/\/ses-creative.com\/fr\/boutique\/\"},{\"@type\":\"ListItem\",\"position\":2,\"name\":\"B\u00e9b\u00e9 &amp; Tout-petit\",\"item\":\"https:\/\/ses-creative.com\/fr\/product-categorie\/bebe-tout-petit\/\"},{\"@type\":\"ListItem\",\"position\":3,\"name\":\"Coloriage \u00e0 l&#8217;eau &#8211; Animaux cach\u00e9s\"}]},{\"@type\":\"WebSite\",\"@id\":\"https:\/\/ses-creative.com\/#website\",\"url\":\"https:\/\/ses-creative.com\/\",\"name\":\"SES Creative\",\"description\":\"\",\"publisher\":{\"@id\":\"https:\/\/ses-creative.com\/#organization\"},\"potentialAction\":[{\"@type\":\"SearchAction\",\"target\":{\"@type\":\"EntryPoint\",\"urlTemplate\":\"https:\/\/ses-creative.com\/?s={search_term_string}\"},\"query-input\":{\"@type\":\"PropertyValueSpecification\",\"valueRequired\":true,\"valueName\":\"search_term_string\"}}],\"inLanguage\":\"fr-FR\"},{\"@type\":\"Organization\",\"@id\":\"https:\/\/ses-creative.com\/#organization\",\"name\":\"SES Creative\",\"url\":\"https:\/\/ses-creative.com\/\",\"logo\":{\"@type\":\"ImageObject\",\"inLanguage\":\"fr-FR\",\"@id\":\"https:\/\/ses-creative.com\/#\/schema\/logo\/image\/\",\"url\":\"https:\/\/ses-creative.com\/wp-content\/uploads\/2025\/10\/ses-creative-logo.jpg\",\"contentUrl\":\"https:\/\/ses-creative.com\/wp-content\/uploads\/2025\/10\/ses-creative-logo.jpg\",\"width\":2037,\"height\":2037,\"caption\":\"SES Creative\"},\"image\":{\"@id\":\"https:\/\/ses-creative.com\/#\/schema\/logo\/image\/\"}}]}<\/script>\n<!-- \/ Yoast SEO plugin. -->","yoast_head_json":{"title":"Coloriage \u00e0 l'eau - Animaux cach\u00e9s - SES Creative","robots":{"index":"index","follow":"follow","max-snippet":"max-snippet:-1","max-image-preview":"max-image-preview:large","max-video-preview":"max-video-preview:-1"},"canonical":"https:\/\/ses-creative.com\/fr\/produit\/coloriage-a-leau-animaux-caches\/","og_locale":"fr_FR","og_type":"article","og_title":"Coloriage \u00e0 l'eau - Animaux cach\u00e9s - SES Creative","og_description":"D\u00e9couvrez les animaux cach\u00e9s avec les couleurs \u00e0 l&rsquo;eau ! H\u00e9, quel petit animal se cache dans l&rsquo;arbre ? D\u00e9couvrez-le avec ce kit magique de coloriage \u00e0 l&rsquo;eau ! Utilisez le pinceau sp\u00e9cial, trempez-le dans l&rsquo;eau et regardez les animaux cach\u00e9s appara\u00eetre sur les quatre cartes magiques. Parfait pour les jeunes explorateurs qui aiment les [&hellip;]","og_url":"https:\/\/ses-creative.com\/fr\/produit\/coloriage-a-leau-animaux-caches\/","og_site_name":"SES Creative","article_modified_time":"2026-02-12T10:23:01+00:00","twitter_card":"summary_large_image","twitter_misc":{"Dur\u00e9e de lecture estim\u00e9e":"2 minutes"},"schema":{"@context":"https:\/\/schema.org","@graph":[{"@type":"WebPage","@id":"https:\/\/ses-creative.com\/fr\/produit\/coloriage-a-leau-animaux-caches\/","url":"https:\/\/ses-creative.com\/fr\/produit\/coloriage-a-leau-animaux-caches\/","name":"Coloriage \u00e0 l'eau - Animaux cach\u00e9s - SES Creative","isPartOf":{"@id":"https:\/\/ses-creative.com\/#website"},"primaryImageOfPage":{"@id":"https:\/\/ses-creative.com\/fr\/produit\/coloriage-a-leau-animaux-caches\/#primaryimage"},"image":{"@id":"https:\/\/ses-creative.com\/fr\/produit\/coloriage-a-leau-animaux-caches\/#primaryimage"},"thumbnailUrl":"https:\/\/ses-creative.com\/wp-content\/uploads\/2026\/01\/144561.jpg","datePublished":"2026-02-12T10:09:30+00:00","dateModified":"2026-02-12T10:23:01+00:00","breadcrumb":{"@id":"https:\/\/ses-creative.com\/fr\/produit\/coloriage-a-leau-animaux-caches\/#breadcrumb"},"inLanguage":"fr-FR","potentialAction":[{"@type":"ReadAction","target":["https:\/\/ses-creative.com\/fr\/produit\/coloriage-a-leau-animaux-caches\/"]}]},{"@type":"ImageObject","inLanguage":"fr-FR","@id":"https:\/\/ses-creative.com\/fr\/produit\/coloriage-a-leau-animaux-caches\/#primaryimage","url":"https:\/\/ses-creative.com\/wp-content\/uploads\/2026\/01\/144561.jpg","contentUrl":"https:\/\/ses-creative.com\/wp-content\/uploads\/2026\/01\/144561.jpg","width":1000,"height":1000},{"@type":"BreadcrumbList","@id":"https:\/\/ses-creative.com\/fr\/produit\/coloriage-a-leau-animaux-caches\/#breadcrumb","itemListElement":[{"@type":"ListItem","position":1,"name":"Boutique","item":"https:\/\/ses-creative.com\/fr\/boutique\/"},{"@type":"ListItem","position":2,"name":"B\u00e9b\u00e9 &amp; Tout-petit","item":"https:\/\/ses-creative.com\/fr\/product-categorie\/bebe-tout-petit\/"},{"@type":"ListItem","position":3,"name":"Coloriage \u00e0 l&#8217;eau &#8211; Animaux cach\u00e9s"}]},{"@type":"WebSite","@id":"https:\/\/ses-creative.com\/#website","url":"https:\/\/ses-creative.com\/","name":"SES Creative","description":"","publisher":{"@id":"https:\/\/ses-creative.com\/#organization"},"potentialAction":[{"@type":"SearchAction","target":{"@type":"EntryPoint","urlTemplate":"https:\/\/ses-creative.com\/?s={search_term_string}"},"query-input":{"@type":"PropertyValueSpecification","valueRequired":true,"valueName":"search_term_string"}}],"inLanguage":"fr-FR"},{"@type":"Organization","@id":"https:\/\/ses-creative.com\/#organization","name":"SES Creative","url":"https:\/\/ses-creative.com\/","logo":{"@type":"ImageObject","inLanguage":"fr-FR","@id":"https:\/\/ses-creative.com\/#\/schema\/logo\/image\/","url":"https:\/\/ses-creative.com\/wp-content\/uploads\/2025\/10\/ses-creative-logo.jpg","contentUrl":"https:\/\/ses-creative.com\/wp-content\/uploads\/2025\/10\/ses-creative-logo.jpg","width":2037,"height":2037,"caption":"SES Creative"},"image":{"@id":"https:\/\/ses-creative.com\/#\/schema\/logo\/image\/"}}]}},"_links":{"self":[{"href":"https:\/\/ses-creative.com\/fr\/wp-json\/wp\/v2\/product\/118355","targetHints":{"allow":["GET"]}}],"collection":[{"href":"https:\/\/ses-creative.com\/fr\/wp-json\/wp\/v2\/product"}],"about":[{"href":"https:\/\/ses-creative.com\/fr\/wp-json\/wp\/v2\/types\/product"}],"replies":[{"embeddable":true,"href":"https:\/\/ses-creative.com\/fr\/wp-json\/wp\/v2\/comments?post=118355"}],"wp:featuredmedia":[{"embeddable":true,"href":"https:\/\/ses-creative.com\/fr\/wp-json\/wp\/v2\/media\/103256"}],"wp:attachment":[{"href":"https:\/\/ses-creative.com\/fr\/wp-json\/wp\/v2\/media?parent=118355"}],"wp:term":[{"taxonomy":"product_brand","embeddable":true,"href":"https:\/\/ses-creative.com\/fr\/wp-json\/wp\/v2\/product_brand?post=118355"},{"taxonomy":"product_cat","embeddable":true,"href":"https:\/\/ses-creative.com\/fr\/wp-json\/wp\/v2\/product_cat?post=118355"},{"taxonomy":"product_tag","embeddable":true,"href":"https:\/\/ses-creative.com\/fr\/wp-json\/wp\/v2\/product_tag?post=118355"}],"curies":[{"name":"wp","href":"https:\/\/api.w.org\/{rel}","templated":true}]}}