











{"id":118354,"date":"2026-02-12T10:09:30","date_gmt":"2026-02-12T10:09:30","guid":{"rendered":"https:\/\/ses-creative.com\/?post_type=product&#038;p=118354"},"modified":"2026-02-12T10:23:01","modified_gmt":"2026-02-12T10:23:01","slug":"coloriage-a-leau-animaux-de-la-ferme","status":"publish","type":"product","link":"https:\/\/ses-creative.com\/fr\/produit\/coloriage-a-leau-animaux-de-la-ferme\/","title":{"rendered":"Coloriage \u00e0 l&rsquo;eau &#8211; Animaux de la Ferme"},"content":{"rendered":"<p>Offrez \u00e0 votre enfant une exp\u00e9rience artistique propre et \u00e9ducative avec le Coloriage Magique \u00e0 l\u2019Eau \u2013 Animaux de la Ferme. Con\u00e7u pour les enfants d\u00e8s 1 an, ce kit comprend 4 cartes illustr\u00e9es d\u2019animaux de la ferme qui r\u00e9v\u00e8lent leurs couleurs lorsqu\u2019elles sont mouill\u00e9es avec le pinceau fourni. Une fois s\u00e8ches, les couleurs disparaissent, permettant aux enfants de recommencer l\u2019activit\u00e9 \u00e0 l\u2019infini.\u200b<\/p>\n<p>Gr\u00e2ce \u00e0 cette m\u00e9thode sans peinture ni encre, les tout-petits peuvent explorer leur cr\u00e9ativit\u00e9 sans risque de taches, offrant une exp\u00e9rience propre et sans d\u00e9sordre. Le pinceau inclus est sp\u00e9cialement con\u00e7u pour \u00eatre s\u00fbr et facile \u00e0 manipuler par les jeunes enfants, favorisant ainsi le d\u00e9veloppement de la motricit\u00e9 fine et la coordination \u0153il-main.\u200b<\/p>\n<p>Ce jeu est id\u00e9al pour initier les enfants aux activit\u00e9s artistiques tout en stimulant leur curiosit\u00e9 et leur sens de la d\u00e9couverte. Compact et r\u00e9utilisable, il est parfait pour les moments de jeu \u00e0 la maison ou en d\u00e9placement.<\/p>\n","protected":false},"excerpt":{"rendered":"<p>Offrez \u00e0 votre enfant une exp\u00e9rience artistique propre et \u00e9ducative avec le Coloriage Magique \u00e0 l\u2019Eau \u2013 Animaux de la Ferme. Con\u00e7u pour les enfants d\u00e8s 1 an, ce kit comprend 4 cartes illustr\u00e9es d\u2019animaux de la ferme qui r\u00e9v\u00e8lent leurs couleurs lorsqu\u2019elles sont mouill\u00e9es avec le pinceau fourni. Une fois s\u00e8ches, les couleurs disparaissent, [&hellip;]<\/p>\n","protected":false},"featured_media":103236,"comment_status":"closed","ping_status":"closed","template":"","meta":{"_acf_changed":false},"product_brand":[],"product_cat":[123],"product_tag":[],"class_list":{"0":"post-118354","1":"product","2":"type-product","3":"status-publish","4":"has-post-thumbnail","6":"product_cat-bebe-tout-petit","7":"pa_leeftijd-filter-0-2-ans","8":"pa_meest-populair-bij-garcons-filles","10":"first","11":"instock","12":"shipping-taxable","13":"product-type-simple"},"acf":[],"yoast_head":"<!-- This site is optimized with the Yoast SEO plugin v27.2 - https:\/\/yoast.com\/product\/yoast-seo-wordpress\/ -->\n<title>Coloriage \u00e0 l&#039;eau - Animaux de la Ferme - SES Creative<\/title>\n<meta name=\"robots\" content=\"index, follow, max-snippet:-1, max-image-preview:large, max-video-preview:-1\" \/>\n<link rel=\"canonical\" href=\"https:\/\/ses-creative.com\/fr\/produit\/coloriage-a-leau-animaux-de-la-ferme\/\" \/>\n<meta property=\"og:locale\" content=\"fr_FR\" \/>\n<meta property=\"og:type\" content=\"article\" \/>\n<meta property=\"og:title\" content=\"Coloriage \u00e0 l&#039;eau - Animaux de la Ferme - SES Creative\" \/>\n<meta property=\"og:description\" content=\"Offrez \u00e0 votre enfant une exp\u00e9rience artistique propre et \u00e9ducative avec le Coloriage Magique \u00e0 l\u2019Eau \u2013 Animaux de la Ferme. Con\u00e7u pour les enfants d\u00e8s 1 an, ce kit comprend 4 cartes illustr\u00e9es d\u2019animaux de la ferme qui r\u00e9v\u00e8lent leurs couleurs lorsqu\u2019elles sont mouill\u00e9es avec le pinceau fourni. Une fois s\u00e8ches, les couleurs disparaissent, [&hellip;]\" \/>\n<meta property=\"og:url\" content=\"https:\/\/ses-creative.com\/fr\/produit\/coloriage-a-leau-animaux-de-la-ferme\/\" \/>\n<meta property=\"og:site_name\" content=\"SES Creative\" \/>\n<meta property=\"article:modified_time\" content=\"2026-02-12T10:23:01+00:00\" \/>\n<meta name=\"twitter:card\" content=\"summary_large_image\" \/>\n<meta name=\"twitter:label1\" content=\"Dur\u00e9e de lecture estim\u00e9e\" \/>\n\t<meta name=\"twitter:data1\" content=\"1 minute\" \/>\n<script type=\"application\/ld+json\" class=\"yoast-schema-graph\">{\"@context\":\"https:\/\/schema.org\",\"@graph\":[{\"@type\":\"WebPage\",\"@id\":\"https:\/\/ses-creative.com\/fr\/produit\/coloriage-a-leau-animaux-de-la-ferme\/\",\"url\":\"https:\/\/ses-creative.com\/fr\/produit\/coloriage-a-leau-animaux-de-la-ferme\/\",\"name\":\"Coloriage \u00e0 l'eau - Animaux de la Ferme - SES Creative\",\"isPartOf\":{\"@id\":\"https:\/\/ses-creative.com\/#website\"},\"primaryImageOfPage\":{\"@id\":\"https:\/\/ses-creative.com\/fr\/produit\/coloriage-a-leau-animaux-de-la-ferme\/#primaryimage\"},\"image\":{\"@id\":\"https:\/\/ses-creative.com\/fr\/produit\/coloriage-a-leau-animaux-de-la-ferme\/#primaryimage\"},\"thumbnailUrl\":\"https:\/\/ses-creative.com\/wp-content\/uploads\/2026\/01\/144551.jpg\",\"datePublished\":\"2026-02-12T10:09:30+00:00\",\"dateModified\":\"2026-02-12T10:23:01+00:00\",\"breadcrumb\":{\"@id\":\"https:\/\/ses-creative.com\/fr\/produit\/coloriage-a-leau-animaux-de-la-ferme\/#breadcrumb\"},\"inLanguage\":\"fr-FR\",\"potentialAction\":[{\"@type\":\"ReadAction\",\"target\":[\"https:\/\/ses-creative.com\/fr\/produit\/coloriage-a-leau-animaux-de-la-ferme\/\"]}]},{\"@type\":\"ImageObject\",\"inLanguage\":\"fr-FR\",\"@id\":\"https:\/\/ses-creative.com\/fr\/produit\/coloriage-a-leau-animaux-de-la-ferme\/#primaryimage\",\"url\":\"https:\/\/ses-creative.com\/wp-content\/uploads\/2026\/01\/144551.jpg\",\"contentUrl\":\"https:\/\/ses-creative.com\/wp-content\/uploads\/2026\/01\/144551.jpg\",\"width\":1000,\"height\":1000},{\"@type\":\"BreadcrumbList\",\"@id\":\"https:\/\/ses-creative.com\/fr\/produit\/coloriage-a-leau-animaux-de-la-ferme\/#breadcrumb\",\"itemListElement\":[{\"@type\":\"ListItem\",\"position\":1,\"name\":\"Boutique\",\"item\":\"https:\/\/ses-creative.com\/fr\/boutique\/\"},{\"@type\":\"ListItem\",\"position\":2,\"name\":\"B\u00e9b\u00e9 &amp; Tout-petit\",\"item\":\"https:\/\/ses-creative.com\/fr\/product-categorie\/bebe-tout-petit\/\"},{\"@type\":\"ListItem\",\"position\":3,\"name\":\"Coloriage \u00e0 l&#8217;eau &#8211; Animaux de la Ferme\"}]},{\"@type\":\"WebSite\",\"@id\":\"https:\/\/ses-creative.com\/#website\",\"url\":\"https:\/\/ses-creative.com\/\",\"name\":\"SES Creative\",\"description\":\"\",\"publisher\":{\"@id\":\"https:\/\/ses-creative.com\/#organization\"},\"potentialAction\":[{\"@type\":\"SearchAction\",\"target\":{\"@type\":\"EntryPoint\",\"urlTemplate\":\"https:\/\/ses-creative.com\/?s={search_term_string}\"},\"query-input\":{\"@type\":\"PropertyValueSpecification\",\"valueRequired\":true,\"valueName\":\"search_term_string\"}}],\"inLanguage\":\"fr-FR\"},{\"@type\":\"Organization\",\"@id\":\"https:\/\/ses-creative.com\/#organization\",\"name\":\"SES Creative\",\"url\":\"https:\/\/ses-creative.com\/\",\"logo\":{\"@type\":\"ImageObject\",\"inLanguage\":\"fr-FR\",\"@id\":\"https:\/\/ses-creative.com\/#\/schema\/logo\/image\/\",\"url\":\"https:\/\/ses-creative.com\/wp-content\/uploads\/2025\/10\/ses-creative-logo.jpg\",\"contentUrl\":\"https:\/\/ses-creative.com\/wp-content\/uploads\/2025\/10\/ses-creative-logo.jpg\",\"width\":2037,\"height\":2037,\"caption\":\"SES Creative\"},\"image\":{\"@id\":\"https:\/\/ses-creative.com\/#\/schema\/logo\/image\/\"}}]}<\/script>\n<!-- \/ Yoast SEO plugin. -->","yoast_head_json":{"title":"Coloriage \u00e0 l'eau - Animaux de la Ferme - SES Creative","robots":{"index":"index","follow":"follow","max-snippet":"max-snippet:-1","max-image-preview":"max-image-preview:large","max-video-preview":"max-video-preview:-1"},"canonical":"https:\/\/ses-creative.com\/fr\/produit\/coloriage-a-leau-animaux-de-la-ferme\/","og_locale":"fr_FR","og_type":"article","og_title":"Coloriage \u00e0 l'eau - Animaux de la Ferme - SES Creative","og_description":"Offrez \u00e0 votre enfant une exp\u00e9rience artistique propre et \u00e9ducative avec le Coloriage Magique \u00e0 l\u2019Eau \u2013 Animaux de la Ferme. Con\u00e7u pour les enfants d\u00e8s 1 an, ce kit comprend 4 cartes illustr\u00e9es d\u2019animaux de la ferme qui r\u00e9v\u00e8lent leurs couleurs lorsqu\u2019elles sont mouill\u00e9es avec le pinceau fourni. Une fois s\u00e8ches, les couleurs disparaissent, [&hellip;]","og_url":"https:\/\/ses-creative.com\/fr\/produit\/coloriage-a-leau-animaux-de-la-ferme\/","og_site_name":"SES Creative","article_modified_time":"2026-02-12T10:23:01+00:00","twitter_card":"summary_large_image","twitter_misc":{"Dur\u00e9e de lecture estim\u00e9e":"1 minute"},"schema":{"@context":"https:\/\/schema.org","@graph":[{"@type":"WebPage","@id":"https:\/\/ses-creative.com\/fr\/produit\/coloriage-a-leau-animaux-de-la-ferme\/","url":"https:\/\/ses-creative.com\/fr\/produit\/coloriage-a-leau-animaux-de-la-ferme\/","name":"Coloriage \u00e0 l'eau - Animaux de la Ferme - SES Creative","isPartOf":{"@id":"https:\/\/ses-creative.com\/#website"},"primaryImageOfPage":{"@id":"https:\/\/ses-creative.com\/fr\/produit\/coloriage-a-leau-animaux-de-la-ferme\/#primaryimage"},"image":{"@id":"https:\/\/ses-creative.com\/fr\/produit\/coloriage-a-leau-animaux-de-la-ferme\/#primaryimage"},"thumbnailUrl":"https:\/\/ses-creative.com\/wp-content\/uploads\/2026\/01\/144551.jpg","datePublished":"2026-02-12T10:09:30+00:00","dateModified":"2026-02-12T10:23:01+00:00","breadcrumb":{"@id":"https:\/\/ses-creative.com\/fr\/produit\/coloriage-a-leau-animaux-de-la-ferme\/#breadcrumb"},"inLanguage":"fr-FR","potentialAction":[{"@type":"ReadAction","target":["https:\/\/ses-creative.com\/fr\/produit\/coloriage-a-leau-animaux-de-la-ferme\/"]}]},{"@type":"ImageObject","inLanguage":"fr-FR","@id":"https:\/\/ses-creative.com\/fr\/produit\/coloriage-a-leau-animaux-de-la-ferme\/#primaryimage","url":"https:\/\/ses-creative.com\/wp-content\/uploads\/2026\/01\/144551.jpg","contentUrl":"https:\/\/ses-creative.com\/wp-content\/uploads\/2026\/01\/144551.jpg","width":1000,"height":1000},{"@type":"BreadcrumbList","@id":"https:\/\/ses-creative.com\/fr\/produit\/coloriage-a-leau-animaux-de-la-ferme\/#breadcrumb","itemListElement":[{"@type":"ListItem","position":1,"name":"Boutique","item":"https:\/\/ses-creative.com\/fr\/boutique\/"},{"@type":"ListItem","position":2,"name":"B\u00e9b\u00e9 &amp; Tout-petit","item":"https:\/\/ses-creative.com\/fr\/product-categorie\/bebe-tout-petit\/"},{"@type":"ListItem","position":3,"name":"Coloriage \u00e0 l&#8217;eau &#8211; Animaux de la Ferme"}]},{"@type":"WebSite","@id":"https:\/\/ses-creative.com\/#website","url":"https:\/\/ses-creative.com\/","name":"SES Creative","description":"","publisher":{"@id":"https:\/\/ses-creative.com\/#organization"},"potentialAction":[{"@type":"SearchAction","target":{"@type":"EntryPoint","urlTemplate":"https:\/\/ses-creative.com\/?s={search_term_string}"},"query-input":{"@type":"PropertyValueSpecification","valueRequired":true,"valueName":"search_term_string"}}],"inLanguage":"fr-FR"},{"@type":"Organization","@id":"https:\/\/ses-creative.com\/#organization","name":"SES Creative","url":"https:\/\/ses-creative.com\/","logo":{"@type":"ImageObject","inLanguage":"fr-FR","@id":"https:\/\/ses-creative.com\/#\/schema\/logo\/image\/","url":"https:\/\/ses-creative.com\/wp-content\/uploads\/2025\/10\/ses-creative-logo.jpg","contentUrl":"https:\/\/ses-creative.com\/wp-content\/uploads\/2025\/10\/ses-creative-logo.jpg","width":2037,"height":2037,"caption":"SES Creative"},"image":{"@id":"https:\/\/ses-creative.com\/#\/schema\/logo\/image\/"}}]}},"_links":{"self":[{"href":"https:\/\/ses-creative.com\/fr\/wp-json\/wp\/v2\/product\/118354","targetHints":{"allow":["GET"]}}],"collection":[{"href":"https:\/\/ses-creative.com\/fr\/wp-json\/wp\/v2\/product"}],"about":[{"href":"https:\/\/ses-creative.com\/fr\/wp-json\/wp\/v2\/types\/product"}],"replies":[{"embeddable":true,"href":"https:\/\/ses-creative.com\/fr\/wp-json\/wp\/v2\/comments?post=118354"}],"wp:featuredmedia":[{"embeddable":true,"href":"https:\/\/ses-creative.com\/fr\/wp-json\/wp\/v2\/media\/103236"}],"wp:attachment":[{"href":"https:\/\/ses-creative.com\/fr\/wp-json\/wp\/v2\/media?parent=118354"}],"wp:term":[{"taxonomy":"product_brand","embeddable":true,"href":"https:\/\/ses-creative.com\/fr\/wp-json\/wp\/v2\/product_brand?post=118354"},{"taxonomy":"product_cat","embeddable":true,"href":"https:\/\/ses-creative.com\/fr\/wp-json\/wp\/v2\/product_cat?post=118354"},{"taxonomy":"product_tag","embeddable":true,"href":"https:\/\/ses-creative.com\/fr\/wp-json\/wp\/v2\/product_tag?post=118354"}],"curies":[{"name":"wp","href":"https:\/\/api.w.org\/{rel}","templated":true}]}}