











{"id":118353,"date":"2026-02-12T10:09:30","date_gmt":"2026-02-12T10:09:30","guid":{"rendered":"https:\/\/ses-creative.com\/?post_type=product&#038;p=118353"},"modified":"2026-02-12T10:23:01","modified_gmt":"2026-02-12T10:23:01","slug":"coloriage-a-leau-animaux-fantastiques","status":"publish","type":"product","link":"https:\/\/ses-creative.com\/fr\/produit\/coloriage-a-leau-animaux-fantastiques\/","title":{"rendered":"Coloriage \u00e0 l&rsquo;eau &#8211; Animaux  fantastiques"},"content":{"rendered":"<p>Ce kit My First est con\u00e7u pour les enfants de 1 \u00e0 4 ans et leur permet de colorier sans tacher. Il suffit d\u2019humidifier le pinceau fourni et de le passer sur l\u2019une des quatre cartes magiques pour voir appara\u00eetre les couleurs. Les illustrations reviennent au blanc apr\u00e8s s\u00e9chage, ce qui permet une utilisation illimit\u00e9e. Aucun besoin de peinture ou de feutres : l\u2019eau suffit pour colorier et recommencer. Le pinceau est con\u00e7u sp\u00e9cialement pour les jeunes enfants avec des poils fixes qui ne tombent pas. Cette activit\u00e9 d\u00e9veloppe la motricit\u00e9 fine, la coordination main-\u0153il, et encourage les premi\u00e8res exp\u00e9rimentations artistiques. Le th\u00e8me des animaux fantastiques (licorne, baleine, papillon, etc.) rend l\u2019apprentissage ludique et captivant. Con\u00e7u aux Pays-Bas par SES Creative, ce jeu d\u2019\u00e9veil s\u00e9curis\u00e9 accompagne les tout-petits dans leur d\u00e9couverte du geste cr\u00e9atif. Facile \u00e0 mettre en place et sans nettoyage \u00e0 pr\u00e9voir, ce kit est con\u00e7u pour les activit\u00e9s du quotidien \u00e0 la maison ou en collectivit\u00e9. Il favorise l\u2019autonomie et la concentration dans un cadre 100 % s\u00e9curis\u00e9, sans tache ni danger. Un outil adapt\u00e9 pour initier les plus jeunes au plaisir de cr\u00e9er par eux-m\u00eames.<\/p>\n","protected":false},"excerpt":{"rendered":"<p>Ce kit My First est con\u00e7u pour les enfants de 1 \u00e0 4 ans et leur permet de colorier sans tacher. Il suffit d\u2019humidifier le pinceau fourni et de le passer sur l\u2019une des quatre cartes magiques pour voir appara\u00eetre les couleurs. Les illustrations reviennent au blanc apr\u00e8s s\u00e9chage, ce qui permet une utilisation illimit\u00e9e. [&hellip;]<\/p>\n","protected":false},"featured_media":103216,"comment_status":"closed","ping_status":"closed","template":"","meta":{"_acf_changed":false},"product_brand":[],"product_cat":[123],"product_tag":[],"class_list":{"0":"post-118353","1":"product","2":"type-product","3":"status-publish","4":"has-post-thumbnail","6":"product_cat-bebe-tout-petit","7":"pa_leeftijd-filter-0-2-ans","8":"pa_meest-populair-bij-garcons-filles","10":"first","11":"instock","12":"shipping-taxable","13":"product-type-simple"},"acf":[],"yoast_head":"<!-- This site is optimized with the Yoast SEO plugin v27.2 - https:\/\/yoast.com\/product\/yoast-seo-wordpress\/ -->\n<title>Coloriage \u00e0 l&#039;eau - Animaux fantastiques - SES Creative<\/title>\n<meta name=\"robots\" content=\"index, follow, max-snippet:-1, max-image-preview:large, max-video-preview:-1\" \/>\n<link rel=\"canonical\" href=\"https:\/\/ses-creative.com\/fr\/produit\/coloriage-a-leau-animaux-fantastiques\/\" \/>\n<meta property=\"og:locale\" content=\"fr_FR\" \/>\n<meta property=\"og:type\" content=\"article\" \/>\n<meta property=\"og:title\" content=\"Coloriage \u00e0 l&#039;eau - Animaux fantastiques - SES Creative\" \/>\n<meta property=\"og:description\" content=\"Ce kit My First est con\u00e7u pour les enfants de 1 \u00e0 4 ans et leur permet de colorier sans tacher. Il suffit d\u2019humidifier le pinceau fourni et de le passer sur l\u2019une des quatre cartes magiques pour voir appara\u00eetre les couleurs. Les illustrations reviennent au blanc apr\u00e8s s\u00e9chage, ce qui permet une utilisation illimit\u00e9e. [&hellip;]\" \/>\n<meta property=\"og:url\" content=\"https:\/\/ses-creative.com\/fr\/produit\/coloriage-a-leau-animaux-fantastiques\/\" \/>\n<meta property=\"og:site_name\" content=\"SES Creative\" \/>\n<meta property=\"article:modified_time\" content=\"2026-02-12T10:23:01+00:00\" \/>\n<meta name=\"twitter:card\" content=\"summary_large_image\" \/>\n<meta name=\"twitter:label1\" content=\"Dur\u00e9e de lecture estim\u00e9e\" \/>\n\t<meta name=\"twitter:data1\" content=\"1 minute\" \/>\n<script type=\"application\/ld+json\" class=\"yoast-schema-graph\">{\"@context\":\"https:\/\/schema.org\",\"@graph\":[{\"@type\":\"WebPage\",\"@id\":\"https:\/\/ses-creative.com\/fr\/produit\/coloriage-a-leau-animaux-fantastiques\/\",\"url\":\"https:\/\/ses-creative.com\/fr\/produit\/coloriage-a-leau-animaux-fantastiques\/\",\"name\":\"Coloriage \u00e0 l'eau - Animaux fantastiques - SES Creative\",\"isPartOf\":{\"@id\":\"https:\/\/ses-creative.com\/#website\"},\"primaryImageOfPage\":{\"@id\":\"https:\/\/ses-creative.com\/fr\/produit\/coloriage-a-leau-animaux-fantastiques\/#primaryimage\"},\"image\":{\"@id\":\"https:\/\/ses-creative.com\/fr\/produit\/coloriage-a-leau-animaux-fantastiques\/#primaryimage\"},\"thumbnailUrl\":\"https:\/\/ses-creative.com\/wp-content\/uploads\/2026\/01\/144541.jpg\",\"datePublished\":\"2026-02-12T10:09:30+00:00\",\"dateModified\":\"2026-02-12T10:23:01+00:00\",\"breadcrumb\":{\"@id\":\"https:\/\/ses-creative.com\/fr\/produit\/coloriage-a-leau-animaux-fantastiques\/#breadcrumb\"},\"inLanguage\":\"fr-FR\",\"potentialAction\":[{\"@type\":\"ReadAction\",\"target\":[\"https:\/\/ses-creative.com\/fr\/produit\/coloriage-a-leau-animaux-fantastiques\/\"]}]},{\"@type\":\"ImageObject\",\"inLanguage\":\"fr-FR\",\"@id\":\"https:\/\/ses-creative.com\/fr\/produit\/coloriage-a-leau-animaux-fantastiques\/#primaryimage\",\"url\":\"https:\/\/ses-creative.com\/wp-content\/uploads\/2026\/01\/144541.jpg\",\"contentUrl\":\"https:\/\/ses-creative.com\/wp-content\/uploads\/2026\/01\/144541.jpg\",\"width\":1000,\"height\":1000},{\"@type\":\"BreadcrumbList\",\"@id\":\"https:\/\/ses-creative.com\/fr\/produit\/coloriage-a-leau-animaux-fantastiques\/#breadcrumb\",\"itemListElement\":[{\"@type\":\"ListItem\",\"position\":1,\"name\":\"Boutique\",\"item\":\"https:\/\/ses-creative.com\/fr\/boutique\/\"},{\"@type\":\"ListItem\",\"position\":2,\"name\":\"B\u00e9b\u00e9 &amp; Tout-petit\",\"item\":\"https:\/\/ses-creative.com\/fr\/product-categorie\/bebe-tout-petit\/\"},{\"@type\":\"ListItem\",\"position\":3,\"name\":\"Coloriage \u00e0 l&#8217;eau &#8211; Animaux fantastiques\"}]},{\"@type\":\"WebSite\",\"@id\":\"https:\/\/ses-creative.com\/#website\",\"url\":\"https:\/\/ses-creative.com\/\",\"name\":\"SES Creative\",\"description\":\"\",\"publisher\":{\"@id\":\"https:\/\/ses-creative.com\/#organization\"},\"potentialAction\":[{\"@type\":\"SearchAction\",\"target\":{\"@type\":\"EntryPoint\",\"urlTemplate\":\"https:\/\/ses-creative.com\/?s={search_term_string}\"},\"query-input\":{\"@type\":\"PropertyValueSpecification\",\"valueRequired\":true,\"valueName\":\"search_term_string\"}}],\"inLanguage\":\"fr-FR\"},{\"@type\":\"Organization\",\"@id\":\"https:\/\/ses-creative.com\/#organization\",\"name\":\"SES Creative\",\"url\":\"https:\/\/ses-creative.com\/\",\"logo\":{\"@type\":\"ImageObject\",\"inLanguage\":\"fr-FR\",\"@id\":\"https:\/\/ses-creative.com\/#\/schema\/logo\/image\/\",\"url\":\"https:\/\/ses-creative.com\/wp-content\/uploads\/2025\/10\/ses-creative-logo.jpg\",\"contentUrl\":\"https:\/\/ses-creative.com\/wp-content\/uploads\/2025\/10\/ses-creative-logo.jpg\",\"width\":2037,\"height\":2037,\"caption\":\"SES Creative\"},\"image\":{\"@id\":\"https:\/\/ses-creative.com\/#\/schema\/logo\/image\/\"}}]}<\/script>\n<!-- \/ Yoast SEO plugin. -->","yoast_head_json":{"title":"Coloriage \u00e0 l'eau - Animaux fantastiques - SES Creative","robots":{"index":"index","follow":"follow","max-snippet":"max-snippet:-1","max-image-preview":"max-image-preview:large","max-video-preview":"max-video-preview:-1"},"canonical":"https:\/\/ses-creative.com\/fr\/produit\/coloriage-a-leau-animaux-fantastiques\/","og_locale":"fr_FR","og_type":"article","og_title":"Coloriage \u00e0 l'eau - Animaux fantastiques - SES Creative","og_description":"Ce kit My First est con\u00e7u pour les enfants de 1 \u00e0 4 ans et leur permet de colorier sans tacher. Il suffit d\u2019humidifier le pinceau fourni et de le passer sur l\u2019une des quatre cartes magiques pour voir appara\u00eetre les couleurs. Les illustrations reviennent au blanc apr\u00e8s s\u00e9chage, ce qui permet une utilisation illimit\u00e9e. [&hellip;]","og_url":"https:\/\/ses-creative.com\/fr\/produit\/coloriage-a-leau-animaux-fantastiques\/","og_site_name":"SES Creative","article_modified_time":"2026-02-12T10:23:01+00:00","twitter_card":"summary_large_image","twitter_misc":{"Dur\u00e9e de lecture estim\u00e9e":"1 minute"},"schema":{"@context":"https:\/\/schema.org","@graph":[{"@type":"WebPage","@id":"https:\/\/ses-creative.com\/fr\/produit\/coloriage-a-leau-animaux-fantastiques\/","url":"https:\/\/ses-creative.com\/fr\/produit\/coloriage-a-leau-animaux-fantastiques\/","name":"Coloriage \u00e0 l'eau - Animaux fantastiques - SES Creative","isPartOf":{"@id":"https:\/\/ses-creative.com\/#website"},"primaryImageOfPage":{"@id":"https:\/\/ses-creative.com\/fr\/produit\/coloriage-a-leau-animaux-fantastiques\/#primaryimage"},"image":{"@id":"https:\/\/ses-creative.com\/fr\/produit\/coloriage-a-leau-animaux-fantastiques\/#primaryimage"},"thumbnailUrl":"https:\/\/ses-creative.com\/wp-content\/uploads\/2026\/01\/144541.jpg","datePublished":"2026-02-12T10:09:30+00:00","dateModified":"2026-02-12T10:23:01+00:00","breadcrumb":{"@id":"https:\/\/ses-creative.com\/fr\/produit\/coloriage-a-leau-animaux-fantastiques\/#breadcrumb"},"inLanguage":"fr-FR","potentialAction":[{"@type":"ReadAction","target":["https:\/\/ses-creative.com\/fr\/produit\/coloriage-a-leau-animaux-fantastiques\/"]}]},{"@type":"ImageObject","inLanguage":"fr-FR","@id":"https:\/\/ses-creative.com\/fr\/produit\/coloriage-a-leau-animaux-fantastiques\/#primaryimage","url":"https:\/\/ses-creative.com\/wp-content\/uploads\/2026\/01\/144541.jpg","contentUrl":"https:\/\/ses-creative.com\/wp-content\/uploads\/2026\/01\/144541.jpg","width":1000,"height":1000},{"@type":"BreadcrumbList","@id":"https:\/\/ses-creative.com\/fr\/produit\/coloriage-a-leau-animaux-fantastiques\/#breadcrumb","itemListElement":[{"@type":"ListItem","position":1,"name":"Boutique","item":"https:\/\/ses-creative.com\/fr\/boutique\/"},{"@type":"ListItem","position":2,"name":"B\u00e9b\u00e9 &amp; Tout-petit","item":"https:\/\/ses-creative.com\/fr\/product-categorie\/bebe-tout-petit\/"},{"@type":"ListItem","position":3,"name":"Coloriage \u00e0 l&#8217;eau &#8211; Animaux fantastiques"}]},{"@type":"WebSite","@id":"https:\/\/ses-creative.com\/#website","url":"https:\/\/ses-creative.com\/","name":"SES Creative","description":"","publisher":{"@id":"https:\/\/ses-creative.com\/#organization"},"potentialAction":[{"@type":"SearchAction","target":{"@type":"EntryPoint","urlTemplate":"https:\/\/ses-creative.com\/?s={search_term_string}"},"query-input":{"@type":"PropertyValueSpecification","valueRequired":true,"valueName":"search_term_string"}}],"inLanguage":"fr-FR"},{"@type":"Organization","@id":"https:\/\/ses-creative.com\/#organization","name":"SES Creative","url":"https:\/\/ses-creative.com\/","logo":{"@type":"ImageObject","inLanguage":"fr-FR","@id":"https:\/\/ses-creative.com\/#\/schema\/logo\/image\/","url":"https:\/\/ses-creative.com\/wp-content\/uploads\/2025\/10\/ses-creative-logo.jpg","contentUrl":"https:\/\/ses-creative.com\/wp-content\/uploads\/2025\/10\/ses-creative-logo.jpg","width":2037,"height":2037,"caption":"SES Creative"},"image":{"@id":"https:\/\/ses-creative.com\/#\/schema\/logo\/image\/"}}]}},"_links":{"self":[{"href":"https:\/\/ses-creative.com\/fr\/wp-json\/wp\/v2\/product\/118353","targetHints":{"allow":["GET"]}}],"collection":[{"href":"https:\/\/ses-creative.com\/fr\/wp-json\/wp\/v2\/product"}],"about":[{"href":"https:\/\/ses-creative.com\/fr\/wp-json\/wp\/v2\/types\/product"}],"replies":[{"embeddable":true,"href":"https:\/\/ses-creative.com\/fr\/wp-json\/wp\/v2\/comments?post=118353"}],"wp:featuredmedia":[{"embeddable":true,"href":"https:\/\/ses-creative.com\/fr\/wp-json\/wp\/v2\/media\/103216"}],"wp:attachment":[{"href":"https:\/\/ses-creative.com\/fr\/wp-json\/wp\/v2\/media?parent=118353"}],"wp:term":[{"taxonomy":"product_brand","embeddable":true,"href":"https:\/\/ses-creative.com\/fr\/wp-json\/wp\/v2\/product_brand?post=118353"},{"taxonomy":"product_cat","embeddable":true,"href":"https:\/\/ses-creative.com\/fr\/wp-json\/wp\/v2\/product_cat?post=118353"},{"taxonomy":"product_tag","embeddable":true,"href":"https:\/\/ses-creative.com\/fr\/wp-json\/wp\/v2\/product_tag?post=118353"}],"curies":[{"name":"wp","href":"https:\/\/api.w.org\/{rel}","templated":true}]}}