











{"id":118352,"date":"2026-02-12T10:09:30","date_gmt":"2026-02-12T10:09:30","guid":{"rendered":"https:\/\/ses-creative.com\/?post_type=product&#038;p=118352"},"modified":"2026-02-12T10:23:01","modified_gmt":"2026-02-12T10:23:01","slug":"my-first-mon-premier-kit-de-peinture-au-doigt-avec-un-tabl","status":"publish","type":"product","link":"https:\/\/ses-creative.com\/fr\/produit\/my-first-mon-premier-kit-de-peinture-au-doigt-avec-un-tabl\/","title":{"rendered":"My first &#8211; Mon premier kit de peinture au doigt avec un tabl"},"content":{"rendered":"<p>Offrez \u00e0 votre enfant une exp\u00e9rience artistique propre et \u00e9ducative avec le Livre de Peinture \u00e0 l\u2019Eau YPLUS \u2013 Th\u00e8me Animaux. Con\u00e7u pour les enfants de 1 \u00e0 4 ans, ce livre propose 20 pages de motifs animaliers uniques \u00e0 colorier avec de l\u2019eau uniquement. Gr\u00e2ce au pinceau ergonomique inclus, les tout-petits peuvent facilement peindre en suivant les chiffres indiqu\u00e9s sur chaque page, favorisant ainsi l\u2019apprentissage des couleurs et des chiffres tout en d\u00e9veloppant leur motricit\u00e9 fine.\u200b<\/p>\n<p>Le papier aquarelle super \u00e9pais est sp\u00e9cialement con\u00e7u pour \u00e9viter les bavures et r\u00e9sister \u00e0 l\u2019eau, garantissant des \u0153uvres propres et durables. Cette activit\u00e9 sans d\u00e9sordre est parfaite pour les parents souhaitant encourager la cr\u00e9ativit\u00e9 de leurs enfants sans les inconv\u00e9nients des peintures traditionnelles. Compact et portable, ce livre est id\u00e9al pour les voyages, les sorties ou les moments calmes \u00e0 la maison.\u200b<\/p>\n<p>Le Livre de Peinture \u00e0 l\u2019Eau YPLUS \u2013 Th\u00e8me Animaux est le cadeau id\u00e9al pour stimuler l\u2019imagination des tout-petits tout en leur offrant une activit\u00e9 ludique et \u00e9ducative.\u200b<\/p>\n","protected":false},"excerpt":{"rendered":"<p>Offrez \u00e0 votre enfant une exp\u00e9rience artistique propre et \u00e9ducative avec le Livre de Peinture \u00e0 l\u2019Eau YPLUS \u2013 Th\u00e8me Animaux. Con\u00e7u pour les enfants de 1 \u00e0 4 ans, ce livre propose 20 pages de motifs animaliers uniques \u00e0 colorier avec de l\u2019eau uniquement. Gr\u00e2ce au pinceau ergonomique inclus, les tout-petits peuvent facilement peindre [&hellip;]<\/p>\n","protected":false},"featured_media":103196,"comment_status":"closed","ping_status":"closed","template":"","meta":{"_acf_changed":false},"product_brand":[],"product_cat":[123],"product_tag":[],"class_list":{"0":"post-118352","1":"product","2":"type-product","3":"status-publish","4":"has-post-thumbnail","6":"product_cat-bebe-tout-petit","7":"pa_leeftijd-filter-0-2-ans","8":"pa_meest-populair-bij-garcons-filles","10":"first","11":"instock","12":"shipping-taxable","13":"product-type-simple"},"acf":[],"yoast_head":"<!-- This site is optimized with the Yoast SEO plugin v27.2 - https:\/\/yoast.com\/product\/yoast-seo-wordpress\/ -->\n<title>My first - Mon premier kit de peinture au doigt avec un tabl - SES Creative<\/title>\n<meta name=\"robots\" content=\"index, follow, max-snippet:-1, max-image-preview:large, max-video-preview:-1\" \/>\n<link rel=\"canonical\" href=\"https:\/\/ses-creative.com\/fr\/produit\/my-first-mon-premier-kit-de-peinture-au-doigt-avec-un-tabl\/\" \/>\n<meta property=\"og:locale\" content=\"fr_FR\" \/>\n<meta property=\"og:type\" content=\"article\" \/>\n<meta property=\"og:title\" content=\"My first - Mon premier kit de peinture au doigt avec un tabl - SES Creative\" \/>\n<meta property=\"og:description\" content=\"Offrez \u00e0 votre enfant une exp\u00e9rience artistique propre et \u00e9ducative avec le Livre de Peinture \u00e0 l\u2019Eau YPLUS \u2013 Th\u00e8me Animaux. Con\u00e7u pour les enfants de 1 \u00e0 4 ans, ce livre propose 20 pages de motifs animaliers uniques \u00e0 colorier avec de l\u2019eau uniquement. Gr\u00e2ce au pinceau ergonomique inclus, les tout-petits peuvent facilement peindre [&hellip;]\" \/>\n<meta property=\"og:url\" content=\"https:\/\/ses-creative.com\/fr\/produit\/my-first-mon-premier-kit-de-peinture-au-doigt-avec-un-tabl\/\" \/>\n<meta property=\"og:site_name\" content=\"SES Creative\" \/>\n<meta property=\"article:modified_time\" content=\"2026-02-12T10:23:01+00:00\" \/>\n<meta name=\"twitter:card\" content=\"summary_large_image\" \/>\n<meta name=\"twitter:label1\" content=\"Dur\u00e9e de lecture estim\u00e9e\" \/>\n\t<meta name=\"twitter:data1\" content=\"1 minute\" \/>\n<script type=\"application\/ld+json\" class=\"yoast-schema-graph\">{\"@context\":\"https:\/\/schema.org\",\"@graph\":[{\"@type\":\"WebPage\",\"@id\":\"https:\/\/ses-creative.com\/fr\/produit\/my-first-mon-premier-kit-de-peinture-au-doigt-avec-un-tabl\/\",\"url\":\"https:\/\/ses-creative.com\/fr\/produit\/my-first-mon-premier-kit-de-peinture-au-doigt-avec-un-tabl\/\",\"name\":\"My first - Mon premier kit de peinture au doigt avec un tabl - SES Creative\",\"isPartOf\":{\"@id\":\"https:\/\/ses-creative.com\/#website\"},\"primaryImageOfPage\":{\"@id\":\"https:\/\/ses-creative.com\/fr\/produit\/my-first-mon-premier-kit-de-peinture-au-doigt-avec-un-tabl\/#primaryimage\"},\"image\":{\"@id\":\"https:\/\/ses-creative.com\/fr\/produit\/my-first-mon-premier-kit-de-peinture-au-doigt-avec-un-tabl\/#primaryimage\"},\"thumbnailUrl\":\"https:\/\/ses-creative.com\/wp-content\/uploads\/2026\/01\/144491.jpg\",\"datePublished\":\"2026-02-12T10:09:30+00:00\",\"dateModified\":\"2026-02-12T10:23:01+00:00\",\"breadcrumb\":{\"@id\":\"https:\/\/ses-creative.com\/fr\/produit\/my-first-mon-premier-kit-de-peinture-au-doigt-avec-un-tabl\/#breadcrumb\"},\"inLanguage\":\"fr-FR\",\"potentialAction\":[{\"@type\":\"ReadAction\",\"target\":[\"https:\/\/ses-creative.com\/fr\/produit\/my-first-mon-premier-kit-de-peinture-au-doigt-avec-un-tabl\/\"]}]},{\"@type\":\"ImageObject\",\"inLanguage\":\"fr-FR\",\"@id\":\"https:\/\/ses-creative.com\/fr\/produit\/my-first-mon-premier-kit-de-peinture-au-doigt-avec-un-tabl\/#primaryimage\",\"url\":\"https:\/\/ses-creative.com\/wp-content\/uploads\/2026\/01\/144491.jpg\",\"contentUrl\":\"https:\/\/ses-creative.com\/wp-content\/uploads\/2026\/01\/144491.jpg\",\"width\":1000,\"height\":1000},{\"@type\":\"BreadcrumbList\",\"@id\":\"https:\/\/ses-creative.com\/fr\/produit\/my-first-mon-premier-kit-de-peinture-au-doigt-avec-un-tabl\/#breadcrumb\",\"itemListElement\":[{\"@type\":\"ListItem\",\"position\":1,\"name\":\"Boutique\",\"item\":\"https:\/\/ses-creative.com\/fr\/boutique\/\"},{\"@type\":\"ListItem\",\"position\":2,\"name\":\"B\u00e9b\u00e9 &amp; Tout-petit\",\"item\":\"https:\/\/ses-creative.com\/fr\/product-categorie\/bebe-tout-petit\/\"},{\"@type\":\"ListItem\",\"position\":3,\"name\":\"My first &#8211; Mon premier kit de peinture au doigt avec un tabl\"}]},{\"@type\":\"WebSite\",\"@id\":\"https:\/\/ses-creative.com\/#website\",\"url\":\"https:\/\/ses-creative.com\/\",\"name\":\"SES Creative\",\"description\":\"\",\"publisher\":{\"@id\":\"https:\/\/ses-creative.com\/#organization\"},\"potentialAction\":[{\"@type\":\"SearchAction\",\"target\":{\"@type\":\"EntryPoint\",\"urlTemplate\":\"https:\/\/ses-creative.com\/?s={search_term_string}\"},\"query-input\":{\"@type\":\"PropertyValueSpecification\",\"valueRequired\":true,\"valueName\":\"search_term_string\"}}],\"inLanguage\":\"fr-FR\"},{\"@type\":\"Organization\",\"@id\":\"https:\/\/ses-creative.com\/#organization\",\"name\":\"SES Creative\",\"url\":\"https:\/\/ses-creative.com\/\",\"logo\":{\"@type\":\"ImageObject\",\"inLanguage\":\"fr-FR\",\"@id\":\"https:\/\/ses-creative.com\/#\/schema\/logo\/image\/\",\"url\":\"https:\/\/ses-creative.com\/wp-content\/uploads\/2025\/10\/ses-creative-logo.jpg\",\"contentUrl\":\"https:\/\/ses-creative.com\/wp-content\/uploads\/2025\/10\/ses-creative-logo.jpg\",\"width\":2037,\"height\":2037,\"caption\":\"SES Creative\"},\"image\":{\"@id\":\"https:\/\/ses-creative.com\/#\/schema\/logo\/image\/\"}}]}<\/script>\n<!-- \/ Yoast SEO plugin. -->","yoast_head_json":{"title":"My first - Mon premier kit de peinture au doigt avec un tabl - SES Creative","robots":{"index":"index","follow":"follow","max-snippet":"max-snippet:-1","max-image-preview":"max-image-preview:large","max-video-preview":"max-video-preview:-1"},"canonical":"https:\/\/ses-creative.com\/fr\/produit\/my-first-mon-premier-kit-de-peinture-au-doigt-avec-un-tabl\/","og_locale":"fr_FR","og_type":"article","og_title":"My first - Mon premier kit de peinture au doigt avec un tabl - SES Creative","og_description":"Offrez \u00e0 votre enfant une exp\u00e9rience artistique propre et \u00e9ducative avec le Livre de Peinture \u00e0 l\u2019Eau YPLUS \u2013 Th\u00e8me Animaux. Con\u00e7u pour les enfants de 1 \u00e0 4 ans, ce livre propose 20 pages de motifs animaliers uniques \u00e0 colorier avec de l\u2019eau uniquement. Gr\u00e2ce au pinceau ergonomique inclus, les tout-petits peuvent facilement peindre [&hellip;]","og_url":"https:\/\/ses-creative.com\/fr\/produit\/my-first-mon-premier-kit-de-peinture-au-doigt-avec-un-tabl\/","og_site_name":"SES Creative","article_modified_time":"2026-02-12T10:23:01+00:00","twitter_card":"summary_large_image","twitter_misc":{"Dur\u00e9e de lecture estim\u00e9e":"1 minute"},"schema":{"@context":"https:\/\/schema.org","@graph":[{"@type":"WebPage","@id":"https:\/\/ses-creative.com\/fr\/produit\/my-first-mon-premier-kit-de-peinture-au-doigt-avec-un-tabl\/","url":"https:\/\/ses-creative.com\/fr\/produit\/my-first-mon-premier-kit-de-peinture-au-doigt-avec-un-tabl\/","name":"My first - Mon premier kit de peinture au doigt avec un tabl - SES Creative","isPartOf":{"@id":"https:\/\/ses-creative.com\/#website"},"primaryImageOfPage":{"@id":"https:\/\/ses-creative.com\/fr\/produit\/my-first-mon-premier-kit-de-peinture-au-doigt-avec-un-tabl\/#primaryimage"},"image":{"@id":"https:\/\/ses-creative.com\/fr\/produit\/my-first-mon-premier-kit-de-peinture-au-doigt-avec-un-tabl\/#primaryimage"},"thumbnailUrl":"https:\/\/ses-creative.com\/wp-content\/uploads\/2026\/01\/144491.jpg","datePublished":"2026-02-12T10:09:30+00:00","dateModified":"2026-02-12T10:23:01+00:00","breadcrumb":{"@id":"https:\/\/ses-creative.com\/fr\/produit\/my-first-mon-premier-kit-de-peinture-au-doigt-avec-un-tabl\/#breadcrumb"},"inLanguage":"fr-FR","potentialAction":[{"@type":"ReadAction","target":["https:\/\/ses-creative.com\/fr\/produit\/my-first-mon-premier-kit-de-peinture-au-doigt-avec-un-tabl\/"]}]},{"@type":"ImageObject","inLanguage":"fr-FR","@id":"https:\/\/ses-creative.com\/fr\/produit\/my-first-mon-premier-kit-de-peinture-au-doigt-avec-un-tabl\/#primaryimage","url":"https:\/\/ses-creative.com\/wp-content\/uploads\/2026\/01\/144491.jpg","contentUrl":"https:\/\/ses-creative.com\/wp-content\/uploads\/2026\/01\/144491.jpg","width":1000,"height":1000},{"@type":"BreadcrumbList","@id":"https:\/\/ses-creative.com\/fr\/produit\/my-first-mon-premier-kit-de-peinture-au-doigt-avec-un-tabl\/#breadcrumb","itemListElement":[{"@type":"ListItem","position":1,"name":"Boutique","item":"https:\/\/ses-creative.com\/fr\/boutique\/"},{"@type":"ListItem","position":2,"name":"B\u00e9b\u00e9 &amp; Tout-petit","item":"https:\/\/ses-creative.com\/fr\/product-categorie\/bebe-tout-petit\/"},{"@type":"ListItem","position":3,"name":"My first &#8211; Mon premier kit de peinture au doigt avec un tabl"}]},{"@type":"WebSite","@id":"https:\/\/ses-creative.com\/#website","url":"https:\/\/ses-creative.com\/","name":"SES Creative","description":"","publisher":{"@id":"https:\/\/ses-creative.com\/#organization"},"potentialAction":[{"@type":"SearchAction","target":{"@type":"EntryPoint","urlTemplate":"https:\/\/ses-creative.com\/?s={search_term_string}"},"query-input":{"@type":"PropertyValueSpecification","valueRequired":true,"valueName":"search_term_string"}}],"inLanguage":"fr-FR"},{"@type":"Organization","@id":"https:\/\/ses-creative.com\/#organization","name":"SES Creative","url":"https:\/\/ses-creative.com\/","logo":{"@type":"ImageObject","inLanguage":"fr-FR","@id":"https:\/\/ses-creative.com\/#\/schema\/logo\/image\/","url":"https:\/\/ses-creative.com\/wp-content\/uploads\/2025\/10\/ses-creative-logo.jpg","contentUrl":"https:\/\/ses-creative.com\/wp-content\/uploads\/2025\/10\/ses-creative-logo.jpg","width":2037,"height":2037,"caption":"SES Creative"},"image":{"@id":"https:\/\/ses-creative.com\/#\/schema\/logo\/image\/"}}]}},"_links":{"self":[{"href":"https:\/\/ses-creative.com\/fr\/wp-json\/wp\/v2\/product\/118352","targetHints":{"allow":["GET"]}}],"collection":[{"href":"https:\/\/ses-creative.com\/fr\/wp-json\/wp\/v2\/product"}],"about":[{"href":"https:\/\/ses-creative.com\/fr\/wp-json\/wp\/v2\/types\/product"}],"replies":[{"embeddable":true,"href":"https:\/\/ses-creative.com\/fr\/wp-json\/wp\/v2\/comments?post=118352"}],"wp:featuredmedia":[{"embeddable":true,"href":"https:\/\/ses-creative.com\/fr\/wp-json\/wp\/v2\/media\/103196"}],"wp:attachment":[{"href":"https:\/\/ses-creative.com\/fr\/wp-json\/wp\/v2\/media?parent=118352"}],"wp:term":[{"taxonomy":"product_brand","embeddable":true,"href":"https:\/\/ses-creative.com\/fr\/wp-json\/wp\/v2\/product_brand?post=118352"},{"taxonomy":"product_cat","embeddable":true,"href":"https:\/\/ses-creative.com\/fr\/wp-json\/wp\/v2\/product_cat?post=118352"},{"taxonomy":"product_tag","embeddable":true,"href":"https:\/\/ses-creative.com\/fr\/wp-json\/wp\/v2\/product_tag?post=118352"}],"curies":[{"name":"wp","href":"https:\/\/api.w.org\/{rel}","templated":true}]}}