











{"id":118351,"date":"2026-02-12T10:09:30","date_gmt":"2026-02-12T10:09:30","guid":{"rendered":"https:\/\/ses-creative.com\/?post_type=product&#038;p=118351"},"modified":"2026-02-12T10:23:01","modified_gmt":"2026-02-12T10:23:01","slug":"my-first-peinture-au-doigt-personnages-fantastiques","status":"publish","type":"product","link":"https:\/\/ses-creative.com\/fr\/produit\/my-first-peinture-au-doigt-personnages-fantastiques\/","title":{"rendered":"My first &#8211; Peinture au doigt personnages fantastiques"},"content":{"rendered":"<p>Entrez dans un monde plein d&rsquo;\u00e9merveillement et de cr\u00e9ativit\u00e9 avec My First &#8211; Peinture au doigt Personnages fantastiques !<br \/>\nCe kit joyeux est parfait pour les tout-petits qui sont pr\u00eats \u00e0 laisser libre cours \u00e0 leur imagination et \u00e0 d\u00e9couvrir la magie de l&rsquo;art. Avec 10 cartes joyeusement imprim\u00e9es sur le th\u00e8me de l&rsquo;imaginaire, les enfants peuvent donner vie \u00e0 des licornes, des papillons magiques et d&rsquo;autres cr\u00e9atures enchant\u00e9es. Chaque carte est con\u00e7ue pour apporter de la joie et inspirer des histoires tandis que les jeunes artistes ajoutent leur touche personnelle.<br \/>\nCe qui rend ce set g\u00e9nial<br \/>\n&#8211;    Th\u00e8mes fantastiques joyeux, notamment des cartes princesse, licorne et dauphin<br \/>\n&#8211; La peinture au doigt est facilement lavable, tant sur les v\u00eatements que sur la peau<br \/>\n&#8211; La peinture au doigt est sans danger, sans gluten et adapt\u00e9e aux enfants \u00e0 partir de 1 an<br \/>\n&#8211; Simple et amusant \u00e0 utiliser. Encourage une premi\u00e8re exp\u00e9rience positive avec le bricolage<br \/>\n&#8211;    Stimule le d\u00e9veloppement de la cr\u00e9ativit\u00e9 et de la motricit\u00e9<br \/>\nPourquoi ce kit est-il parfait pour vous ?<br \/>\nPeindre avec les doigts n&rsquo;est pas seulement amusant, cela aide \u00e9galement \u00e0 d\u00e9velopper la motricit\u00e9 fine et la coordination \u0153il-main. En m\u00e9langeant les couleurs et en cr\u00e9ant des motifs uniques, les enfants acqui\u00e8rent des comp\u00e9tences essentielles tout en s&rsquo;amusant. La peinture sans gluten et lavable est douce pour la peau et facile \u00e0 nettoyer, ce qui garantit un plaisir sans souci pour les enfants comme pour les parents.<br \/>\nParfait pour les petites mains, ce kit encourage la cr\u00e9ativit\u00e9 pratique tout en permettant aux enfants d&rsquo;apprendre \u00e0 reconna\u00eetre et \u00e0 explorer les couleurs. Id\u00e9al pour la cr\u00e9ativit\u00e9 en solo ou les jeux en groupe, c&rsquo;est un excellent moyen de stimuler l&rsquo;imagination et la narration chez les jeunes enfants.<br \/>\nContenu du set<br \/>\n&#8211;    10 cartes joyeuses sur le th\u00e8me de l&rsquo;imaginaire<br \/>\n&#8211;    3 couleurs de peinture au doigt : rose, violet, jaune<br \/>\nPourquoi choisir SES Creative ?<br \/>\nChez SES Creative, nous accordons une grande importance \u00e0 la s\u00e9curit\u00e9. C&rsquo;est pourquoi nos produits sont fabriqu\u00e9s et test\u00e9s dans notre usine aux Pays-Bas, conform\u00e9ment aux normes de s\u00e9curit\u00e9 europ\u00e9ennes les plus strictes. Les jouets SES Creative sont source de plaisir et permettent aux enfants d&rsquo;\u00eatre fiers de leur travail, ce qui stimule leur cr\u00e9ativit\u00e9 et leur d\u00e9veloppement.<br \/>\nCommencez d\u00e8s aujourd&rsquo;hui \u00e0 peindre avec les doigts !<br \/>\nAdoptez My First &#8211; Peinture au doigt Fantaisie et voyez la cr\u00e9ativit\u00e9 de votre enfant s&rsquo;\u00e9panouir. C&rsquo;est l&rsquo;activit\u00e9 parfaite pour \u00e9veiller la curiosit\u00e9, le sourire et l&rsquo;exploration artistique. <\/p>\n","protected":false},"excerpt":{"rendered":"<p>Entrez dans un monde plein d&rsquo;\u00e9merveillement et de cr\u00e9ativit\u00e9 avec My First &#8211; Peinture au doigt Personnages fantastiques ! Ce kit joyeux est parfait pour les tout-petits qui sont pr\u00eats \u00e0 laisser libre cours \u00e0 leur imagination et \u00e0 d\u00e9couvrir la magie de l&rsquo;art. Avec 10 cartes joyeusement imprim\u00e9es sur le th\u00e8me de l&rsquo;imaginaire, les [&hellip;]<\/p>\n","protected":false},"featured_media":103176,"comment_status":"closed","ping_status":"closed","template":"","meta":{"_acf_changed":false},"product_brand":[],"product_cat":[123],"product_tag":[],"class_list":{"0":"post-118351","1":"product","2":"type-product","3":"status-publish","4":"has-post-thumbnail","6":"product_cat-bebe-tout-petit","7":"pa_leeftijd-filter-0-2-ans","8":"pa_meest-populair-bij-garcons-filles","10":"first","11":"instock","12":"shipping-taxable","13":"product-type-simple"},"acf":[],"yoast_head":"<!-- This site is optimized with the Yoast SEO plugin v27.2 - https:\/\/yoast.com\/product\/yoast-seo-wordpress\/ -->\n<title>My first - Peinture au doigt personnages fantastiques - SES Creative<\/title>\n<meta name=\"robots\" content=\"index, follow, max-snippet:-1, max-image-preview:large, max-video-preview:-1\" \/>\n<link rel=\"canonical\" href=\"https:\/\/ses-creative.com\/fr\/produit\/my-first-peinture-au-doigt-personnages-fantastiques\/\" \/>\n<meta property=\"og:locale\" content=\"fr_FR\" \/>\n<meta property=\"og:type\" content=\"article\" \/>\n<meta property=\"og:title\" content=\"My first - Peinture au doigt personnages fantastiques - SES Creative\" \/>\n<meta property=\"og:description\" content=\"Entrez dans un monde plein d&rsquo;\u00e9merveillement et de cr\u00e9ativit\u00e9 avec My First &#8211; Peinture au doigt Personnages fantastiques ! Ce kit joyeux est parfait pour les tout-petits qui sont pr\u00eats \u00e0 laisser libre cours \u00e0 leur imagination et \u00e0 d\u00e9couvrir la magie de l&rsquo;art. Avec 10 cartes joyeusement imprim\u00e9es sur le th\u00e8me de l&rsquo;imaginaire, les [&hellip;]\" \/>\n<meta property=\"og:url\" content=\"https:\/\/ses-creative.com\/fr\/produit\/my-first-peinture-au-doigt-personnages-fantastiques\/\" \/>\n<meta property=\"og:site_name\" content=\"SES Creative\" \/>\n<meta property=\"article:modified_time\" content=\"2026-02-12T10:23:01+00:00\" \/>\n<meta name=\"twitter:card\" content=\"summary_large_image\" \/>\n<meta name=\"twitter:label1\" content=\"Dur\u00e9e de lecture estim\u00e9e\" \/>\n\t<meta name=\"twitter:data1\" content=\"2 minutes\" \/>\n<script type=\"application\/ld+json\" class=\"yoast-schema-graph\">{\"@context\":\"https:\/\/schema.org\",\"@graph\":[{\"@type\":\"WebPage\",\"@id\":\"https:\/\/ses-creative.com\/fr\/produit\/my-first-peinture-au-doigt-personnages-fantastiques\/\",\"url\":\"https:\/\/ses-creative.com\/fr\/produit\/my-first-peinture-au-doigt-personnages-fantastiques\/\",\"name\":\"My first - Peinture au doigt personnages fantastiques - SES Creative\",\"isPartOf\":{\"@id\":\"https:\/\/ses-creative.com\/#website\"},\"primaryImageOfPage\":{\"@id\":\"https:\/\/ses-creative.com\/fr\/produit\/my-first-peinture-au-doigt-personnages-fantastiques\/#primaryimage\"},\"image\":{\"@id\":\"https:\/\/ses-creative.com\/fr\/produit\/my-first-peinture-au-doigt-personnages-fantastiques\/#primaryimage\"},\"thumbnailUrl\":\"https:\/\/ses-creative.com\/wp-content\/uploads\/2026\/01\/144461.jpg\",\"datePublished\":\"2026-02-12T10:09:30+00:00\",\"dateModified\":\"2026-02-12T10:23:01+00:00\",\"breadcrumb\":{\"@id\":\"https:\/\/ses-creative.com\/fr\/produit\/my-first-peinture-au-doigt-personnages-fantastiques\/#breadcrumb\"},\"inLanguage\":\"fr-FR\",\"potentialAction\":[{\"@type\":\"ReadAction\",\"target\":[\"https:\/\/ses-creative.com\/fr\/produit\/my-first-peinture-au-doigt-personnages-fantastiques\/\"]}]},{\"@type\":\"ImageObject\",\"inLanguage\":\"fr-FR\",\"@id\":\"https:\/\/ses-creative.com\/fr\/produit\/my-first-peinture-au-doigt-personnages-fantastiques\/#primaryimage\",\"url\":\"https:\/\/ses-creative.com\/wp-content\/uploads\/2026\/01\/144461.jpg\",\"contentUrl\":\"https:\/\/ses-creative.com\/wp-content\/uploads\/2026\/01\/144461.jpg\",\"width\":1000,\"height\":1000},{\"@type\":\"BreadcrumbList\",\"@id\":\"https:\/\/ses-creative.com\/fr\/produit\/my-first-peinture-au-doigt-personnages-fantastiques\/#breadcrumb\",\"itemListElement\":[{\"@type\":\"ListItem\",\"position\":1,\"name\":\"Boutique\",\"item\":\"https:\/\/ses-creative.com\/fr\/boutique\/\"},{\"@type\":\"ListItem\",\"position\":2,\"name\":\"B\u00e9b\u00e9 &amp; Tout-petit\",\"item\":\"https:\/\/ses-creative.com\/fr\/product-categorie\/bebe-tout-petit\/\"},{\"@type\":\"ListItem\",\"position\":3,\"name\":\"My first &#8211; Peinture au doigt personnages fantastiques\"}]},{\"@type\":\"WebSite\",\"@id\":\"https:\/\/ses-creative.com\/#website\",\"url\":\"https:\/\/ses-creative.com\/\",\"name\":\"SES Creative\",\"description\":\"\",\"publisher\":{\"@id\":\"https:\/\/ses-creative.com\/#organization\"},\"potentialAction\":[{\"@type\":\"SearchAction\",\"target\":{\"@type\":\"EntryPoint\",\"urlTemplate\":\"https:\/\/ses-creative.com\/?s={search_term_string}\"},\"query-input\":{\"@type\":\"PropertyValueSpecification\",\"valueRequired\":true,\"valueName\":\"search_term_string\"}}],\"inLanguage\":\"fr-FR\"},{\"@type\":\"Organization\",\"@id\":\"https:\/\/ses-creative.com\/#organization\",\"name\":\"SES Creative\",\"url\":\"https:\/\/ses-creative.com\/\",\"logo\":{\"@type\":\"ImageObject\",\"inLanguage\":\"fr-FR\",\"@id\":\"https:\/\/ses-creative.com\/#\/schema\/logo\/image\/\",\"url\":\"https:\/\/ses-creative.com\/wp-content\/uploads\/2025\/10\/ses-creative-logo.jpg\",\"contentUrl\":\"https:\/\/ses-creative.com\/wp-content\/uploads\/2025\/10\/ses-creative-logo.jpg\",\"width\":2037,\"height\":2037,\"caption\":\"SES Creative\"},\"image\":{\"@id\":\"https:\/\/ses-creative.com\/#\/schema\/logo\/image\/\"}}]}<\/script>\n<!-- \/ Yoast SEO plugin. -->","yoast_head_json":{"title":"My first - Peinture au doigt personnages fantastiques - SES Creative","robots":{"index":"index","follow":"follow","max-snippet":"max-snippet:-1","max-image-preview":"max-image-preview:large","max-video-preview":"max-video-preview:-1"},"canonical":"https:\/\/ses-creative.com\/fr\/produit\/my-first-peinture-au-doigt-personnages-fantastiques\/","og_locale":"fr_FR","og_type":"article","og_title":"My first - Peinture au doigt personnages fantastiques - SES Creative","og_description":"Entrez dans un monde plein d&rsquo;\u00e9merveillement et de cr\u00e9ativit\u00e9 avec My First &#8211; Peinture au doigt Personnages fantastiques ! Ce kit joyeux est parfait pour les tout-petits qui sont pr\u00eats \u00e0 laisser libre cours \u00e0 leur imagination et \u00e0 d\u00e9couvrir la magie de l&rsquo;art. Avec 10 cartes joyeusement imprim\u00e9es sur le th\u00e8me de l&rsquo;imaginaire, les [&hellip;]","og_url":"https:\/\/ses-creative.com\/fr\/produit\/my-first-peinture-au-doigt-personnages-fantastiques\/","og_site_name":"SES Creative","article_modified_time":"2026-02-12T10:23:01+00:00","twitter_card":"summary_large_image","twitter_misc":{"Dur\u00e9e de lecture estim\u00e9e":"2 minutes"},"schema":{"@context":"https:\/\/schema.org","@graph":[{"@type":"WebPage","@id":"https:\/\/ses-creative.com\/fr\/produit\/my-first-peinture-au-doigt-personnages-fantastiques\/","url":"https:\/\/ses-creative.com\/fr\/produit\/my-first-peinture-au-doigt-personnages-fantastiques\/","name":"My first - Peinture au doigt personnages fantastiques - SES Creative","isPartOf":{"@id":"https:\/\/ses-creative.com\/#website"},"primaryImageOfPage":{"@id":"https:\/\/ses-creative.com\/fr\/produit\/my-first-peinture-au-doigt-personnages-fantastiques\/#primaryimage"},"image":{"@id":"https:\/\/ses-creative.com\/fr\/produit\/my-first-peinture-au-doigt-personnages-fantastiques\/#primaryimage"},"thumbnailUrl":"https:\/\/ses-creative.com\/wp-content\/uploads\/2026\/01\/144461.jpg","datePublished":"2026-02-12T10:09:30+00:00","dateModified":"2026-02-12T10:23:01+00:00","breadcrumb":{"@id":"https:\/\/ses-creative.com\/fr\/produit\/my-first-peinture-au-doigt-personnages-fantastiques\/#breadcrumb"},"inLanguage":"fr-FR","potentialAction":[{"@type":"ReadAction","target":["https:\/\/ses-creative.com\/fr\/produit\/my-first-peinture-au-doigt-personnages-fantastiques\/"]}]},{"@type":"ImageObject","inLanguage":"fr-FR","@id":"https:\/\/ses-creative.com\/fr\/produit\/my-first-peinture-au-doigt-personnages-fantastiques\/#primaryimage","url":"https:\/\/ses-creative.com\/wp-content\/uploads\/2026\/01\/144461.jpg","contentUrl":"https:\/\/ses-creative.com\/wp-content\/uploads\/2026\/01\/144461.jpg","width":1000,"height":1000},{"@type":"BreadcrumbList","@id":"https:\/\/ses-creative.com\/fr\/produit\/my-first-peinture-au-doigt-personnages-fantastiques\/#breadcrumb","itemListElement":[{"@type":"ListItem","position":1,"name":"Boutique","item":"https:\/\/ses-creative.com\/fr\/boutique\/"},{"@type":"ListItem","position":2,"name":"B\u00e9b\u00e9 &amp; Tout-petit","item":"https:\/\/ses-creative.com\/fr\/product-categorie\/bebe-tout-petit\/"},{"@type":"ListItem","position":3,"name":"My first &#8211; Peinture au doigt personnages fantastiques"}]},{"@type":"WebSite","@id":"https:\/\/ses-creative.com\/#website","url":"https:\/\/ses-creative.com\/","name":"SES Creative","description":"","publisher":{"@id":"https:\/\/ses-creative.com\/#organization"},"potentialAction":[{"@type":"SearchAction","target":{"@type":"EntryPoint","urlTemplate":"https:\/\/ses-creative.com\/?s={search_term_string}"},"query-input":{"@type":"PropertyValueSpecification","valueRequired":true,"valueName":"search_term_string"}}],"inLanguage":"fr-FR"},{"@type":"Organization","@id":"https:\/\/ses-creative.com\/#organization","name":"SES Creative","url":"https:\/\/ses-creative.com\/","logo":{"@type":"ImageObject","inLanguage":"fr-FR","@id":"https:\/\/ses-creative.com\/#\/schema\/logo\/image\/","url":"https:\/\/ses-creative.com\/wp-content\/uploads\/2025\/10\/ses-creative-logo.jpg","contentUrl":"https:\/\/ses-creative.com\/wp-content\/uploads\/2025\/10\/ses-creative-logo.jpg","width":2037,"height":2037,"caption":"SES Creative"},"image":{"@id":"https:\/\/ses-creative.com\/#\/schema\/logo\/image\/"}}]}},"_links":{"self":[{"href":"https:\/\/ses-creative.com\/fr\/wp-json\/wp\/v2\/product\/118351","targetHints":{"allow":["GET"]}}],"collection":[{"href":"https:\/\/ses-creative.com\/fr\/wp-json\/wp\/v2\/product"}],"about":[{"href":"https:\/\/ses-creative.com\/fr\/wp-json\/wp\/v2\/types\/product"}],"replies":[{"embeddable":true,"href":"https:\/\/ses-creative.com\/fr\/wp-json\/wp\/v2\/comments?post=118351"}],"wp:featuredmedia":[{"embeddable":true,"href":"https:\/\/ses-creative.com\/fr\/wp-json\/wp\/v2\/media\/103176"}],"wp:attachment":[{"href":"https:\/\/ses-creative.com\/fr\/wp-json\/wp\/v2\/media?parent=118351"}],"wp:term":[{"taxonomy":"product_brand","embeddable":true,"href":"https:\/\/ses-creative.com\/fr\/wp-json\/wp\/v2\/product_brand?post=118351"},{"taxonomy":"product_cat","embeddable":true,"href":"https:\/\/ses-creative.com\/fr\/wp-json\/wp\/v2\/product_cat?post=118351"},{"taxonomy":"product_tag","embeddable":true,"href":"https:\/\/ses-creative.com\/fr\/wp-json\/wp\/v2\/product_tag?post=118351"}],"curies":[{"name":"wp","href":"https:\/\/api.w.org\/{rel}","templated":true}]}}