











{"id":118350,"date":"2026-02-12T10:09:29","date_gmt":"2026-02-12T10:09:29","guid":{"rendered":"https:\/\/ses-creative.com\/?post_type=product&#038;p=118350"},"modified":"2026-02-12T10:23:01","modified_gmt":"2026-02-12T10:23:01","slug":"my-first-mega-set-de-creations-de-peinture-au-doigt","status":"publish","type":"product","link":"https:\/\/ses-creative.com\/fr\/produit\/my-first-mega-set-de-creations-de-peinture-au-doigt\/","title":{"rendered":"My first &#8211; M\u00e9ga set de cr\u00e9ations de peinture au doigt"},"content":{"rendered":"<p>Laissez libre cours \u00e0 votre cr\u00e9ativit\u00e9 avec le m\u00e9ga kit Mes premi\u00e8res cr\u00e9ations \u00e0 la peinture au doigt !<br \/>\nOffrez \u00e0 votre tout-petit une premi\u00e8re initiation magique \u00e0 l&rsquo;art et \u00e0 la cr\u00e9ativit\u00e9 ! Avec le m\u00e9ga kit de peinture au doigt, votre enfant peut exp\u00e9rimenter en toute s\u00e9curit\u00e9 les couleurs, les formes et les textures. Id\u00e9al pour les tout-petits \u00e0 partir de 1 an,  ce kit complet offre un plaisir sans fin et stimule l&rsquo;imagination, la motricit\u00e9 et l&rsquo;expression personnelle. Laissez libre cours \u00e0 votre imagination avec les cartes mod\u00e8les, tout seul ou \u00e0 l&rsquo;aide des pinceaux, tout est possible !<br \/>\nCe qui rend ce kit g\u00e9nial<br \/>\n&#8211;    Kit complet pour un plaisir de jeu infini<br \/>\n&#8211;    La peinture au doigt est sans danger, sans gluten et adapt\u00e9e aux enfants \u00e0 partir de 1 an<br \/>\n&#8211;    Avec tablier<br \/>\n&#8211;    Stimule la motricit\u00e9 fine et la coordination \u0153il-main \u2013 Les enfants d\u00e9veloppent des comp\u00e9tences essentielles tout en s&rsquo;amusant.<br \/>\n&#8211;    La peinture au doigt est facilement lavable, tant sur les v\u00eatements que sur la peau<br \/>\nKit complet pour des heures de plaisir<br \/>\nLe kit contient tout le n\u00e9cessaire pour des heures de plaisir artistique. Votre enfant peut se plonger dans les six couleurs vives de la peinture au doigt, exp\u00e9rimenter les traits, les rayures et les points pour cr\u00e9er des chefs-d&rsquo;\u0153uvre joyeux et uniques. Pour que tout reste propre, le kit comprend \u00e9galement un tablier de peinture confortable, afin que votre enfant puisse se concentrer sur sa cr\u00e9ation tout en restant propre et heureux. Les parents appr\u00e9cieront la fa\u00e7on dont ce kit d\u00e9veloppe la motricit\u00e9 fine et offre une initiation s\u00fbre et agr\u00e9able \u00e0 la peinture.<br \/>\nContenu du kit<br \/>\n&#8211;    20 cartes de couleurs de peinture au doigt<br \/>\n&#8211;    6 couleurs de peinture au doigt (rose, rouge, vert, orange, jaune, bleu)<br \/>\n&#8211;    Tablier<br \/>\n&#8211;    Diff\u00e9rents pinceaux<br \/>\n&#8211;    2 m\u00e8tres de papier \u00e0 dessin blanc<br \/>\nPourquoi choisir SES Creative ?<br \/>\nChez SES Creative, nous accordons une grande importance \u00e0 la s\u00e9curit\u00e9. C&rsquo;est pourquoi nos produits sont fabriqu\u00e9s et test\u00e9s dans notre usine aux Pays-Bas, conform\u00e9ment aux normes de s\u00e9curit\u00e9 europ\u00e9ennes les plus strictes. Les jouets SES Creative sont source de plaisir et permettent aux enfants d&rsquo;\u00eatre fiers de leur travail, ce qui stimule leur cr\u00e9ativit\u00e9 et leur d\u00e9veloppement.<br \/>\nLaissez votre enfant d\u00e9couvrir la magie de l&rsquo;art !<br \/>\nCr\u00e9ez ensemble les plus belles \u0153uvres d&rsquo;art avec le m\u00e9ga set Mes premi\u00e8res cr\u00e9ations \u00e0 la peinture au doigt. Une fa\u00e7on ludique et s\u00fbre de laisser s&rsquo;\u00e9panouir l&rsquo;imagination de votre enfant. Commandez d\u00e8s aujourd&rsquo;hui et laissez libre cours \u00e0 votre cr\u00e9ativit\u00e9 !<\/p>\n","protected":false},"excerpt":{"rendered":"<p>Laissez libre cours \u00e0 votre cr\u00e9ativit\u00e9 avec le m\u00e9ga kit Mes premi\u00e8res cr\u00e9ations \u00e0 la peinture au doigt ! Offrez \u00e0 votre tout-petit une premi\u00e8re initiation magique \u00e0 l&rsquo;art et \u00e0 la cr\u00e9ativit\u00e9 ! Avec le m\u00e9ga kit de peinture au doigt, votre enfant peut exp\u00e9rimenter en toute s\u00e9curit\u00e9 les couleurs, les formes et les [&hellip;]<\/p>\n","protected":false},"featured_media":103156,"comment_status":"closed","ping_status":"closed","template":"","meta":{"_acf_changed":false},"product_brand":[],"product_cat":[109],"product_tag":[],"class_list":{"0":"post-118350","1":"product","2":"type-product","3":"status-publish","4":"has-post-thumbnail","6":"product_cat-baby-peuter","7":"pa_leeftijd-filter-0-2-ans","8":"pa_meest-populair-bij-garcons-filles","10":"first","11":"instock","12":"shipping-taxable","13":"product-type-simple"},"acf":[],"yoast_head":"<!-- This site is optimized with the Yoast SEO plugin v27.2 - https:\/\/yoast.com\/product\/yoast-seo-wordpress\/ -->\n<title>My first - M\u00e9ga set de cr\u00e9ations de peinture au doigt - SES Creative<\/title>\n<meta name=\"robots\" content=\"index, follow, max-snippet:-1, max-image-preview:large, max-video-preview:-1\" \/>\n<link rel=\"canonical\" href=\"https:\/\/ses-creative.com\/fr\/produit\/my-first-mega-set-de-creations-de-peinture-au-doigt\/\" \/>\n<meta property=\"og:locale\" content=\"fr_FR\" \/>\n<meta property=\"og:type\" content=\"article\" \/>\n<meta property=\"og:title\" content=\"My first - M\u00e9ga set de cr\u00e9ations de peinture au doigt - SES Creative\" \/>\n<meta property=\"og:description\" content=\"Laissez libre cours \u00e0 votre cr\u00e9ativit\u00e9 avec le m\u00e9ga kit Mes premi\u00e8res cr\u00e9ations \u00e0 la peinture au doigt ! Offrez \u00e0 votre tout-petit une premi\u00e8re initiation magique \u00e0 l&rsquo;art et \u00e0 la cr\u00e9ativit\u00e9 ! Avec le m\u00e9ga kit de peinture au doigt, votre enfant peut exp\u00e9rimenter en toute s\u00e9curit\u00e9 les couleurs, les formes et les [&hellip;]\" \/>\n<meta property=\"og:url\" content=\"https:\/\/ses-creative.com\/fr\/produit\/my-first-mega-set-de-creations-de-peinture-au-doigt\/\" \/>\n<meta property=\"og:site_name\" content=\"SES Creative\" \/>\n<meta property=\"article:modified_time\" content=\"2026-02-12T10:23:01+00:00\" \/>\n<meta name=\"twitter:card\" content=\"summary_large_image\" \/>\n<meta name=\"twitter:label1\" content=\"Dur\u00e9e de lecture estim\u00e9e\" \/>\n\t<meta name=\"twitter:data1\" content=\"2 minutes\" \/>\n<script type=\"application\/ld+json\" class=\"yoast-schema-graph\">{\"@context\":\"https:\/\/schema.org\",\"@graph\":[{\"@type\":\"WebPage\",\"@id\":\"https:\/\/ses-creative.com\/fr\/produit\/my-first-mega-set-de-creations-de-peinture-au-doigt\/\",\"url\":\"https:\/\/ses-creative.com\/fr\/produit\/my-first-mega-set-de-creations-de-peinture-au-doigt\/\",\"name\":\"My first - M\u00e9ga set de cr\u00e9ations de peinture au doigt - SES Creative\",\"isPartOf\":{\"@id\":\"https:\/\/ses-creative.com\/#website\"},\"primaryImageOfPage\":{\"@id\":\"https:\/\/ses-creative.com\/fr\/produit\/my-first-mega-set-de-creations-de-peinture-au-doigt\/#primaryimage\"},\"image\":{\"@id\":\"https:\/\/ses-creative.com\/fr\/produit\/my-first-mega-set-de-creations-de-peinture-au-doigt\/#primaryimage\"},\"thumbnailUrl\":\"https:\/\/ses-creative.com\/wp-content\/uploads\/2026\/01\/144451.jpg\",\"datePublished\":\"2026-02-12T10:09:29+00:00\",\"dateModified\":\"2026-02-12T10:23:01+00:00\",\"breadcrumb\":{\"@id\":\"https:\/\/ses-creative.com\/fr\/produit\/my-first-mega-set-de-creations-de-peinture-au-doigt\/#breadcrumb\"},\"inLanguage\":\"fr-FR\",\"potentialAction\":[{\"@type\":\"ReadAction\",\"target\":[\"https:\/\/ses-creative.com\/fr\/produit\/my-first-mega-set-de-creations-de-peinture-au-doigt\/\"]}]},{\"@type\":\"ImageObject\",\"inLanguage\":\"fr-FR\",\"@id\":\"https:\/\/ses-creative.com\/fr\/produit\/my-first-mega-set-de-creations-de-peinture-au-doigt\/#primaryimage\",\"url\":\"https:\/\/ses-creative.com\/wp-content\/uploads\/2026\/01\/144451.jpg\",\"contentUrl\":\"https:\/\/ses-creative.com\/wp-content\/uploads\/2026\/01\/144451.jpg\",\"width\":1000,\"height\":1000},{\"@type\":\"BreadcrumbList\",\"@id\":\"https:\/\/ses-creative.com\/fr\/produit\/my-first-mega-set-de-creations-de-peinture-au-doigt\/#breadcrumb\",\"itemListElement\":[{\"@type\":\"ListItem\",\"position\":1,\"name\":\"Boutique\",\"item\":\"https:\/\/ses-creative.com\/fr\/boutique\/\"},{\"@type\":\"ListItem\",\"position\":2,\"name\":\"Baby &amp; Peuter\",\"item\":\"https:\/\/ses-creative.com\/product-categorie\/baby-peuter\/\"},{\"@type\":\"ListItem\",\"position\":3,\"name\":\"My first &#8211; M\u00e9ga set de cr\u00e9ations de peinture au doigt\"}]},{\"@type\":\"WebSite\",\"@id\":\"https:\/\/ses-creative.com\/#website\",\"url\":\"https:\/\/ses-creative.com\/\",\"name\":\"SES Creative\",\"description\":\"\",\"publisher\":{\"@id\":\"https:\/\/ses-creative.com\/#organization\"},\"potentialAction\":[{\"@type\":\"SearchAction\",\"target\":{\"@type\":\"EntryPoint\",\"urlTemplate\":\"https:\/\/ses-creative.com\/?s={search_term_string}\"},\"query-input\":{\"@type\":\"PropertyValueSpecification\",\"valueRequired\":true,\"valueName\":\"search_term_string\"}}],\"inLanguage\":\"fr-FR\"},{\"@type\":\"Organization\",\"@id\":\"https:\/\/ses-creative.com\/#organization\",\"name\":\"SES Creative\",\"url\":\"https:\/\/ses-creative.com\/\",\"logo\":{\"@type\":\"ImageObject\",\"inLanguage\":\"fr-FR\",\"@id\":\"https:\/\/ses-creative.com\/#\/schema\/logo\/image\/\",\"url\":\"https:\/\/ses-creative.com\/wp-content\/uploads\/2025\/10\/ses-creative-logo.jpg\",\"contentUrl\":\"https:\/\/ses-creative.com\/wp-content\/uploads\/2025\/10\/ses-creative-logo.jpg\",\"width\":2037,\"height\":2037,\"caption\":\"SES Creative\"},\"image\":{\"@id\":\"https:\/\/ses-creative.com\/#\/schema\/logo\/image\/\"}}]}<\/script>\n<!-- \/ Yoast SEO plugin. -->","yoast_head_json":{"title":"My first - M\u00e9ga set de cr\u00e9ations de peinture au doigt - SES Creative","robots":{"index":"index","follow":"follow","max-snippet":"max-snippet:-1","max-image-preview":"max-image-preview:large","max-video-preview":"max-video-preview:-1"},"canonical":"https:\/\/ses-creative.com\/fr\/produit\/my-first-mega-set-de-creations-de-peinture-au-doigt\/","og_locale":"fr_FR","og_type":"article","og_title":"My first - M\u00e9ga set de cr\u00e9ations de peinture au doigt - SES Creative","og_description":"Laissez libre cours \u00e0 votre cr\u00e9ativit\u00e9 avec le m\u00e9ga kit Mes premi\u00e8res cr\u00e9ations \u00e0 la peinture au doigt ! Offrez \u00e0 votre tout-petit une premi\u00e8re initiation magique \u00e0 l&rsquo;art et \u00e0 la cr\u00e9ativit\u00e9 ! Avec le m\u00e9ga kit de peinture au doigt, votre enfant peut exp\u00e9rimenter en toute s\u00e9curit\u00e9 les couleurs, les formes et les [&hellip;]","og_url":"https:\/\/ses-creative.com\/fr\/produit\/my-first-mega-set-de-creations-de-peinture-au-doigt\/","og_site_name":"SES Creative","article_modified_time":"2026-02-12T10:23:01+00:00","twitter_card":"summary_large_image","twitter_misc":{"Dur\u00e9e de lecture estim\u00e9e":"2 minutes"},"schema":{"@context":"https:\/\/schema.org","@graph":[{"@type":"WebPage","@id":"https:\/\/ses-creative.com\/fr\/produit\/my-first-mega-set-de-creations-de-peinture-au-doigt\/","url":"https:\/\/ses-creative.com\/fr\/produit\/my-first-mega-set-de-creations-de-peinture-au-doigt\/","name":"My first - M\u00e9ga set de cr\u00e9ations de peinture au doigt - SES Creative","isPartOf":{"@id":"https:\/\/ses-creative.com\/#website"},"primaryImageOfPage":{"@id":"https:\/\/ses-creative.com\/fr\/produit\/my-first-mega-set-de-creations-de-peinture-au-doigt\/#primaryimage"},"image":{"@id":"https:\/\/ses-creative.com\/fr\/produit\/my-first-mega-set-de-creations-de-peinture-au-doigt\/#primaryimage"},"thumbnailUrl":"https:\/\/ses-creative.com\/wp-content\/uploads\/2026\/01\/144451.jpg","datePublished":"2026-02-12T10:09:29+00:00","dateModified":"2026-02-12T10:23:01+00:00","breadcrumb":{"@id":"https:\/\/ses-creative.com\/fr\/produit\/my-first-mega-set-de-creations-de-peinture-au-doigt\/#breadcrumb"},"inLanguage":"fr-FR","potentialAction":[{"@type":"ReadAction","target":["https:\/\/ses-creative.com\/fr\/produit\/my-first-mega-set-de-creations-de-peinture-au-doigt\/"]}]},{"@type":"ImageObject","inLanguage":"fr-FR","@id":"https:\/\/ses-creative.com\/fr\/produit\/my-first-mega-set-de-creations-de-peinture-au-doigt\/#primaryimage","url":"https:\/\/ses-creative.com\/wp-content\/uploads\/2026\/01\/144451.jpg","contentUrl":"https:\/\/ses-creative.com\/wp-content\/uploads\/2026\/01\/144451.jpg","width":1000,"height":1000},{"@type":"BreadcrumbList","@id":"https:\/\/ses-creative.com\/fr\/produit\/my-first-mega-set-de-creations-de-peinture-au-doigt\/#breadcrumb","itemListElement":[{"@type":"ListItem","position":1,"name":"Boutique","item":"https:\/\/ses-creative.com\/fr\/boutique\/"},{"@type":"ListItem","position":2,"name":"Baby &amp; Peuter","item":"https:\/\/ses-creative.com\/product-categorie\/baby-peuter\/"},{"@type":"ListItem","position":3,"name":"My first &#8211; M\u00e9ga set de cr\u00e9ations de peinture au doigt"}]},{"@type":"WebSite","@id":"https:\/\/ses-creative.com\/#website","url":"https:\/\/ses-creative.com\/","name":"SES Creative","description":"","publisher":{"@id":"https:\/\/ses-creative.com\/#organization"},"potentialAction":[{"@type":"SearchAction","target":{"@type":"EntryPoint","urlTemplate":"https:\/\/ses-creative.com\/?s={search_term_string}"},"query-input":{"@type":"PropertyValueSpecification","valueRequired":true,"valueName":"search_term_string"}}],"inLanguage":"fr-FR"},{"@type":"Organization","@id":"https:\/\/ses-creative.com\/#organization","name":"SES Creative","url":"https:\/\/ses-creative.com\/","logo":{"@type":"ImageObject","inLanguage":"fr-FR","@id":"https:\/\/ses-creative.com\/#\/schema\/logo\/image\/","url":"https:\/\/ses-creative.com\/wp-content\/uploads\/2025\/10\/ses-creative-logo.jpg","contentUrl":"https:\/\/ses-creative.com\/wp-content\/uploads\/2025\/10\/ses-creative-logo.jpg","width":2037,"height":2037,"caption":"SES Creative"},"image":{"@id":"https:\/\/ses-creative.com\/#\/schema\/logo\/image\/"}}]}},"_links":{"self":[{"href":"https:\/\/ses-creative.com\/fr\/wp-json\/wp\/v2\/product\/118350","targetHints":{"allow":["GET"]}}],"collection":[{"href":"https:\/\/ses-creative.com\/fr\/wp-json\/wp\/v2\/product"}],"about":[{"href":"https:\/\/ses-creative.com\/fr\/wp-json\/wp\/v2\/types\/product"}],"replies":[{"embeddable":true,"href":"https:\/\/ses-creative.com\/fr\/wp-json\/wp\/v2\/comments?post=118350"}],"wp:featuredmedia":[{"embeddable":true,"href":"https:\/\/ses-creative.com\/fr\/wp-json\/wp\/v2\/media\/103156"}],"wp:attachment":[{"href":"https:\/\/ses-creative.com\/fr\/wp-json\/wp\/v2\/media?parent=118350"}],"wp:term":[{"taxonomy":"product_brand","embeddable":true,"href":"https:\/\/ses-creative.com\/fr\/wp-json\/wp\/v2\/product_brand?post=118350"},{"taxonomy":"product_cat","embeddable":true,"href":"https:\/\/ses-creative.com\/fr\/wp-json\/wp\/v2\/product_cat?post=118350"},{"taxonomy":"product_tag","embeddable":true,"href":"https:\/\/ses-creative.com\/fr\/wp-json\/wp\/v2\/product_tag?post=118350"}],"curies":[{"name":"wp","href":"https:\/\/api.w.org\/{rel}","templated":true}]}}