











{"id":118349,"date":"2026-02-12T10:09:29","date_gmt":"2026-02-12T10:09:29","guid":{"rendered":"https:\/\/ses-creative.com\/?post_type=product&#038;p=118349"},"modified":"2026-02-12T10:23:00","modified_gmt":"2026-02-12T10:23:00","slug":"my-first-peinture-au-doigt-animaux","status":"publish","type":"product","link":"https:\/\/ses-creative.com\/fr\/produit\/my-first-peinture-au-doigt-animaux\/","title":{"rendered":"My first &#8211; Peinture au doigt animaux"},"content":{"rendered":"<p>Initiez votre enfant au plaisir de la peinture avec le Kit Peinture au Doigt Animaux My First de SES Creative ! Con\u00e7u sp\u00e9cialement pour les tout-petits d\u00e8s 1 an, ce coffret ludique et \u00e9ducatif leur permet de d\u00e9couvrir les couleurs, les formes et les textures \u00e0 travers une activit\u00e9 sensorielle adapt\u00e9e \u00e0 leur \u00e2ge.<\/p>\n<p>Gr\u00e2ce \u00e0 la peinture au doigt ultra-douce et lavable, les enfants peuvent exprimer leur cr\u00e9ativit\u00e9 sans risque. Hypoallerg\u00e9nique et non toxique, cette peinture se nettoie facilement pour un moment de jeu en toute s\u00e9r\u00e9nit\u00e9. Avec ses 10 pages illustr\u00e9es de jolis animaux, ce kit offre un support id\u00e9al pour d\u00e9velopper la motricit\u00e9 fine et la coordination, tout en s\u2019amusant \u00e0 laisser des empreintes et des motifs color\u00e9s.<\/p>\n<p>Pr\u00eat \u00e0 l\u2019emploi, ce coffret comprend tout le n\u00e9cessaire pour peindre imm\u00e9diatement : des pots de peinture jaune et bleue et des feuilles illustr\u00e9es. Plus besoin de chercher du mat\u00e9riel suppl\u00e9mentaire, votre enfant peut laisser libre cours \u00e0 son imagination d\u00e8s l\u2019ouverture de la bo\u00eete !<\/p>\n<p>Ce jeu cr\u00e9atif est aussi un cadeau parfait pour un anniversaire, No\u00ebl ou toute autre occasion sp\u00e9ciale. Offrez un moment de d\u00e9couverte et d\u2019\u00e9veil artistique aux tout-petits avec un produit de qualit\u00e9, con\u00e7u aux Pays-Bas par SES Creative, une marque engag\u00e9e qui fabrique des jouets s\u00fbrs, lavables et respectueux de l\u2019environnement.<\/p>\n","protected":false},"excerpt":{"rendered":"<p>Initiez votre enfant au plaisir de la peinture avec le Kit Peinture au Doigt Animaux My First de SES Creative ! Con\u00e7u sp\u00e9cialement pour les tout-petits d\u00e8s 1 an, ce coffret ludique et \u00e9ducatif leur permet de d\u00e9couvrir les couleurs, les formes et les textures \u00e0 travers une activit\u00e9 sensorielle adapt\u00e9e \u00e0 leur \u00e2ge. Gr\u00e2ce [&hellip;]<\/p>\n","protected":false},"featured_media":103136,"comment_status":"closed","ping_status":"closed","template":"","meta":{"_acf_changed":false},"product_brand":[],"product_cat":[123],"product_tag":[],"class_list":{"0":"post-118349","1":"product","2":"type-product","3":"status-publish","4":"has-post-thumbnail","6":"product_cat-bebe-tout-petit","7":"pa_leeftijd-filter-0-2-ans","8":"pa_meest-populair-bij-garcons-filles","10":"first","11":"instock","12":"shipping-taxable","13":"product-type-simple"},"acf":[],"yoast_head":"<!-- This site is optimized with the Yoast SEO plugin v27.2 - https:\/\/yoast.com\/product\/yoast-seo-wordpress\/ -->\n<title>My first - Peinture au doigt animaux - SES Creative<\/title>\n<meta name=\"robots\" content=\"index, follow, max-snippet:-1, max-image-preview:large, max-video-preview:-1\" \/>\n<link rel=\"canonical\" href=\"https:\/\/ses-creative.com\/fr\/produit\/my-first-peinture-au-doigt-animaux\/\" \/>\n<meta property=\"og:locale\" content=\"fr_FR\" \/>\n<meta property=\"og:type\" content=\"article\" \/>\n<meta property=\"og:title\" content=\"My first - Peinture au doigt animaux - SES Creative\" \/>\n<meta property=\"og:description\" content=\"Initiez votre enfant au plaisir de la peinture avec le Kit Peinture au Doigt Animaux My First de SES Creative ! Con\u00e7u sp\u00e9cialement pour les tout-petits d\u00e8s 1 an, ce coffret ludique et \u00e9ducatif leur permet de d\u00e9couvrir les couleurs, les formes et les textures \u00e0 travers une activit\u00e9 sensorielle adapt\u00e9e \u00e0 leur \u00e2ge. Gr\u00e2ce [&hellip;]\" \/>\n<meta property=\"og:url\" content=\"https:\/\/ses-creative.com\/fr\/produit\/my-first-peinture-au-doigt-animaux\/\" \/>\n<meta property=\"og:site_name\" content=\"SES Creative\" \/>\n<meta property=\"article:modified_time\" content=\"2026-02-12T10:23:00+00:00\" \/>\n<meta name=\"twitter:card\" content=\"summary_large_image\" \/>\n<meta name=\"twitter:label1\" content=\"Dur\u00e9e de lecture estim\u00e9e\" \/>\n\t<meta name=\"twitter:data1\" content=\"1 minute\" \/>\n<script type=\"application\/ld+json\" class=\"yoast-schema-graph\">{\"@context\":\"https:\/\/schema.org\",\"@graph\":[{\"@type\":\"WebPage\",\"@id\":\"https:\/\/ses-creative.com\/fr\/produit\/my-first-peinture-au-doigt-animaux\/\",\"url\":\"https:\/\/ses-creative.com\/fr\/produit\/my-first-peinture-au-doigt-animaux\/\",\"name\":\"My first - Peinture au doigt animaux - SES Creative\",\"isPartOf\":{\"@id\":\"https:\/\/ses-creative.com\/#website\"},\"primaryImageOfPage\":{\"@id\":\"https:\/\/ses-creative.com\/fr\/produit\/my-first-peinture-au-doigt-animaux\/#primaryimage\"},\"image\":{\"@id\":\"https:\/\/ses-creative.com\/fr\/produit\/my-first-peinture-au-doigt-animaux\/#primaryimage\"},\"thumbnailUrl\":\"https:\/\/ses-creative.com\/wp-content\/uploads\/2026\/01\/144441.jpg\",\"datePublished\":\"2026-02-12T10:09:29+00:00\",\"dateModified\":\"2026-02-12T10:23:00+00:00\",\"breadcrumb\":{\"@id\":\"https:\/\/ses-creative.com\/fr\/produit\/my-first-peinture-au-doigt-animaux\/#breadcrumb\"},\"inLanguage\":\"fr-FR\",\"potentialAction\":[{\"@type\":\"ReadAction\",\"target\":[\"https:\/\/ses-creative.com\/fr\/produit\/my-first-peinture-au-doigt-animaux\/\"]}]},{\"@type\":\"ImageObject\",\"inLanguage\":\"fr-FR\",\"@id\":\"https:\/\/ses-creative.com\/fr\/produit\/my-first-peinture-au-doigt-animaux\/#primaryimage\",\"url\":\"https:\/\/ses-creative.com\/wp-content\/uploads\/2026\/01\/144441.jpg\",\"contentUrl\":\"https:\/\/ses-creative.com\/wp-content\/uploads\/2026\/01\/144441.jpg\",\"width\":1000,\"height\":1000},{\"@type\":\"BreadcrumbList\",\"@id\":\"https:\/\/ses-creative.com\/fr\/produit\/my-first-peinture-au-doigt-animaux\/#breadcrumb\",\"itemListElement\":[{\"@type\":\"ListItem\",\"position\":1,\"name\":\"Boutique\",\"item\":\"https:\/\/ses-creative.com\/fr\/boutique\/\"},{\"@type\":\"ListItem\",\"position\":2,\"name\":\"B\u00e9b\u00e9 &amp; Tout-petit\",\"item\":\"https:\/\/ses-creative.com\/fr\/product-categorie\/bebe-tout-petit\/\"},{\"@type\":\"ListItem\",\"position\":3,\"name\":\"My first &#8211; Peinture au doigt animaux\"}]},{\"@type\":\"WebSite\",\"@id\":\"https:\/\/ses-creative.com\/#website\",\"url\":\"https:\/\/ses-creative.com\/\",\"name\":\"SES Creative\",\"description\":\"\",\"publisher\":{\"@id\":\"https:\/\/ses-creative.com\/#organization\"},\"potentialAction\":[{\"@type\":\"SearchAction\",\"target\":{\"@type\":\"EntryPoint\",\"urlTemplate\":\"https:\/\/ses-creative.com\/?s={search_term_string}\"},\"query-input\":{\"@type\":\"PropertyValueSpecification\",\"valueRequired\":true,\"valueName\":\"search_term_string\"}}],\"inLanguage\":\"fr-FR\"},{\"@type\":\"Organization\",\"@id\":\"https:\/\/ses-creative.com\/#organization\",\"name\":\"SES Creative\",\"url\":\"https:\/\/ses-creative.com\/\",\"logo\":{\"@type\":\"ImageObject\",\"inLanguage\":\"fr-FR\",\"@id\":\"https:\/\/ses-creative.com\/#\/schema\/logo\/image\/\",\"url\":\"https:\/\/ses-creative.com\/wp-content\/uploads\/2025\/10\/ses-creative-logo.jpg\",\"contentUrl\":\"https:\/\/ses-creative.com\/wp-content\/uploads\/2025\/10\/ses-creative-logo.jpg\",\"width\":2037,\"height\":2037,\"caption\":\"SES Creative\"},\"image\":{\"@id\":\"https:\/\/ses-creative.com\/#\/schema\/logo\/image\/\"}}]}<\/script>\n<!-- \/ Yoast SEO plugin. -->","yoast_head_json":{"title":"My first - Peinture au doigt animaux - SES Creative","robots":{"index":"index","follow":"follow","max-snippet":"max-snippet:-1","max-image-preview":"max-image-preview:large","max-video-preview":"max-video-preview:-1"},"canonical":"https:\/\/ses-creative.com\/fr\/produit\/my-first-peinture-au-doigt-animaux\/","og_locale":"fr_FR","og_type":"article","og_title":"My first - Peinture au doigt animaux - SES Creative","og_description":"Initiez votre enfant au plaisir de la peinture avec le Kit Peinture au Doigt Animaux My First de SES Creative ! Con\u00e7u sp\u00e9cialement pour les tout-petits d\u00e8s 1 an, ce coffret ludique et \u00e9ducatif leur permet de d\u00e9couvrir les couleurs, les formes et les textures \u00e0 travers une activit\u00e9 sensorielle adapt\u00e9e \u00e0 leur \u00e2ge. Gr\u00e2ce [&hellip;]","og_url":"https:\/\/ses-creative.com\/fr\/produit\/my-first-peinture-au-doigt-animaux\/","og_site_name":"SES Creative","article_modified_time":"2026-02-12T10:23:00+00:00","twitter_card":"summary_large_image","twitter_misc":{"Dur\u00e9e de lecture estim\u00e9e":"1 minute"},"schema":{"@context":"https:\/\/schema.org","@graph":[{"@type":"WebPage","@id":"https:\/\/ses-creative.com\/fr\/produit\/my-first-peinture-au-doigt-animaux\/","url":"https:\/\/ses-creative.com\/fr\/produit\/my-first-peinture-au-doigt-animaux\/","name":"My first - Peinture au doigt animaux - SES Creative","isPartOf":{"@id":"https:\/\/ses-creative.com\/#website"},"primaryImageOfPage":{"@id":"https:\/\/ses-creative.com\/fr\/produit\/my-first-peinture-au-doigt-animaux\/#primaryimage"},"image":{"@id":"https:\/\/ses-creative.com\/fr\/produit\/my-first-peinture-au-doigt-animaux\/#primaryimage"},"thumbnailUrl":"https:\/\/ses-creative.com\/wp-content\/uploads\/2026\/01\/144441.jpg","datePublished":"2026-02-12T10:09:29+00:00","dateModified":"2026-02-12T10:23:00+00:00","breadcrumb":{"@id":"https:\/\/ses-creative.com\/fr\/produit\/my-first-peinture-au-doigt-animaux\/#breadcrumb"},"inLanguage":"fr-FR","potentialAction":[{"@type":"ReadAction","target":["https:\/\/ses-creative.com\/fr\/produit\/my-first-peinture-au-doigt-animaux\/"]}]},{"@type":"ImageObject","inLanguage":"fr-FR","@id":"https:\/\/ses-creative.com\/fr\/produit\/my-first-peinture-au-doigt-animaux\/#primaryimage","url":"https:\/\/ses-creative.com\/wp-content\/uploads\/2026\/01\/144441.jpg","contentUrl":"https:\/\/ses-creative.com\/wp-content\/uploads\/2026\/01\/144441.jpg","width":1000,"height":1000},{"@type":"BreadcrumbList","@id":"https:\/\/ses-creative.com\/fr\/produit\/my-first-peinture-au-doigt-animaux\/#breadcrumb","itemListElement":[{"@type":"ListItem","position":1,"name":"Boutique","item":"https:\/\/ses-creative.com\/fr\/boutique\/"},{"@type":"ListItem","position":2,"name":"B\u00e9b\u00e9 &amp; Tout-petit","item":"https:\/\/ses-creative.com\/fr\/product-categorie\/bebe-tout-petit\/"},{"@type":"ListItem","position":3,"name":"My first &#8211; Peinture au doigt animaux"}]},{"@type":"WebSite","@id":"https:\/\/ses-creative.com\/#website","url":"https:\/\/ses-creative.com\/","name":"SES Creative","description":"","publisher":{"@id":"https:\/\/ses-creative.com\/#organization"},"potentialAction":[{"@type":"SearchAction","target":{"@type":"EntryPoint","urlTemplate":"https:\/\/ses-creative.com\/?s={search_term_string}"},"query-input":{"@type":"PropertyValueSpecification","valueRequired":true,"valueName":"search_term_string"}}],"inLanguage":"fr-FR"},{"@type":"Organization","@id":"https:\/\/ses-creative.com\/#organization","name":"SES Creative","url":"https:\/\/ses-creative.com\/","logo":{"@type":"ImageObject","inLanguage":"fr-FR","@id":"https:\/\/ses-creative.com\/#\/schema\/logo\/image\/","url":"https:\/\/ses-creative.com\/wp-content\/uploads\/2025\/10\/ses-creative-logo.jpg","contentUrl":"https:\/\/ses-creative.com\/wp-content\/uploads\/2025\/10\/ses-creative-logo.jpg","width":2037,"height":2037,"caption":"SES Creative"},"image":{"@id":"https:\/\/ses-creative.com\/#\/schema\/logo\/image\/"}}]}},"_links":{"self":[{"href":"https:\/\/ses-creative.com\/fr\/wp-json\/wp\/v2\/product\/118349","targetHints":{"allow":["GET"]}}],"collection":[{"href":"https:\/\/ses-creative.com\/fr\/wp-json\/wp\/v2\/product"}],"about":[{"href":"https:\/\/ses-creative.com\/fr\/wp-json\/wp\/v2\/types\/product"}],"replies":[{"embeddable":true,"href":"https:\/\/ses-creative.com\/fr\/wp-json\/wp\/v2\/comments?post=118349"}],"wp:featuredmedia":[{"embeddable":true,"href":"https:\/\/ses-creative.com\/fr\/wp-json\/wp\/v2\/media\/103136"}],"wp:attachment":[{"href":"https:\/\/ses-creative.com\/fr\/wp-json\/wp\/v2\/media?parent=118349"}],"wp:term":[{"taxonomy":"product_brand","embeddable":true,"href":"https:\/\/ses-creative.com\/fr\/wp-json\/wp\/v2\/product_brand?post=118349"},{"taxonomy":"product_cat","embeddable":true,"href":"https:\/\/ses-creative.com\/fr\/wp-json\/wp\/v2\/product_cat?post=118349"},{"taxonomy":"product_tag","embeddable":true,"href":"https:\/\/ses-creative.com\/fr\/wp-json\/wp\/v2\/product_tag?post=118349"}],"curies":[{"name":"wp","href":"https:\/\/api.w.org\/{rel}","templated":true}]}}