











{"id":118348,"date":"2025-12-18T10:15:50","date_gmt":"2025-12-18T10:15:50","guid":{"rendered":"https:\/\/ses-creative.com\/?post_type=product&#038;p=118348"},"modified":"2026-02-12T10:23:00","modified_gmt":"2026-02-12T10:23:00","slug":"my-first-animaux-a-peindre-a-la-main-et-au-doigt","status":"publish","type":"product","link":"https:\/\/ses-creative.com\/fr\/produit\/my-first-animaux-a-peindre-a-la-main-et-au-doigt\/","title":{"rendered":"My\u00a0first &#8211; Animaux \u00e0 peindre \u00e0 la main et au doigt"},"content":{"rendered":"<p>Le coffret My First , la peinture au doigt avec empreintes de mains et animaux est une activit\u00e9 ludique et \u00e9ducative con\u00e7ue pour les enfants d\u00e8s 12 mois. Ce kit permet aux tout-petits de d\u00e9couvrir la peinture de mani\u00e8re sensorielle en utilisant leurs propres mains pour cr\u00e9er des animaux color\u00e9s. En plongeant la main dans la peinture et en l&rsquo;appliquant sur l&rsquo;une des 16 cartes fournies, l&rsquo;enfant donne vie \u00e0 des animaux amusants, qu&rsquo;il peut ensuite personnaliser avec les autocollants inclus.\u200b<br \/>\nCdiscount<\/p>\n<p>Les peintures au doigt sont hypoallerg\u00e9niques, sans gluten, miscibles entre elles et faciles \u00e0 nettoyer, assurant ainsi une exp\u00e9rience s\u00fbre et agr\u00e9able pour les enfants et les parents. Ce coffret stimule la cr\u00e9ativit\u00e9, la motricit\u00e9 fine et la reconnaissance des couleurs, tout en offrant une activit\u00e9 artistique adapt\u00e9e aux plus jeunes.\u200b<\/p>\n<p>Fabriqu\u00e9 en Europe, ce kit respecte les normes de s\u00e9curit\u00e9 europ\u00e9ennes, garantissant une utilisation sans risque. Il constitue une excellente introduction aux loisirs cr\u00e9atifs, favorisant le d\u00e9veloppement sensoriel et artistique des enfants d\u00e8s leur plus jeune \u00e2ge.<\/p>\n","protected":false},"excerpt":{"rendered":"<p>Le coffret My First , la peinture au doigt avec empreintes de mains et animaux est une activit\u00e9 ludique et \u00e9ducative con\u00e7ue pour les enfants d\u00e8s 12 mois. Ce kit permet aux tout-petits de d\u00e9couvrir la peinture de mani\u00e8re sensorielle en utilisant leurs propres mains pour cr\u00e9er des animaux color\u00e9s. En plongeant la main dans [&hellip;]<\/p>\n","protected":false},"featured_media":103118,"comment_status":"open","ping_status":"closed","template":"","meta":{"_acf_changed":false},"product_brand":[],"product_cat":[123],"product_tag":[],"class_list":{"0":"post-118348","1":"product","2":"type-product","3":"status-publish","4":"has-post-thumbnail","6":"product_cat-bebe-tout-petit","7":"pa_leeftijd-filter-0-2-ans","8":"pa_meest-populair-bij-garcons-filles","10":"first","11":"instock","12":"shipping-taxable","13":"product-type-simple"},"acf":[],"yoast_head":"<!-- This site is optimized with the Yoast SEO plugin v27.2 - https:\/\/yoast.com\/product\/yoast-seo-wordpress\/ -->\n<title>My\u00a0first - Animaux \u00e0 peindre \u00e0 la main et au doigt - SES Creative<\/title>\n<meta name=\"robots\" content=\"index, follow, max-snippet:-1, max-image-preview:large, max-video-preview:-1\" \/>\n<link rel=\"canonical\" href=\"https:\/\/ses-creative.com\/fr\/produit\/my-first-animaux-a-peindre-a-la-main-et-au-doigt\/\" \/>\n<meta property=\"og:locale\" content=\"fr_FR\" \/>\n<meta property=\"og:type\" content=\"article\" \/>\n<meta property=\"og:title\" content=\"My\u00a0first - Animaux \u00e0 peindre \u00e0 la main et au doigt - SES Creative\" \/>\n<meta property=\"og:description\" content=\"Le coffret My First , la peinture au doigt avec empreintes de mains et animaux est une activit\u00e9 ludique et \u00e9ducative con\u00e7ue pour les enfants d\u00e8s 12 mois. Ce kit permet aux tout-petits de d\u00e9couvrir la peinture de mani\u00e8re sensorielle en utilisant leurs propres mains pour cr\u00e9er des animaux color\u00e9s. En plongeant la main dans [&hellip;]\" \/>\n<meta property=\"og:url\" content=\"https:\/\/ses-creative.com\/fr\/produit\/my-first-animaux-a-peindre-a-la-main-et-au-doigt\/\" \/>\n<meta property=\"og:site_name\" content=\"SES Creative\" \/>\n<meta property=\"article:modified_time\" content=\"2026-02-12T10:23:00+00:00\" \/>\n<meta property=\"og:image\" content=\"https:\/\/ses-creative.com\/wp-content\/uploads\/2026\/01\/144431.jpg\" \/>\n\t<meta property=\"og:image:width\" content=\"1000\" \/>\n\t<meta property=\"og:image:height\" content=\"1000\" \/>\n\t<meta property=\"og:image:type\" content=\"image\/jpeg\" \/>\n<meta name=\"twitter:card\" content=\"summary_large_image\" \/>\n<meta name=\"twitter:label1\" content=\"Dur\u00e9e de lecture estim\u00e9e\" \/>\n\t<meta name=\"twitter:data1\" content=\"1 minute\" \/>\n<script type=\"application\/ld+json\" class=\"yoast-schema-graph\">{\"@context\":\"https:\/\/schema.org\",\"@graph\":[{\"@type\":\"WebPage\",\"@id\":\"https:\/\/ses-creative.com\/fr\/produit\/my-first-animaux-a-peindre-a-la-main-et-au-doigt\/\",\"url\":\"https:\/\/ses-creative.com\/fr\/produit\/my-first-animaux-a-peindre-a-la-main-et-au-doigt\/\",\"name\":\"My\u00a0first - Animaux \u00e0 peindre \u00e0 la main et au doigt - SES Creative\",\"isPartOf\":{\"@id\":\"https:\/\/ses-creative.com\/#website\"},\"primaryImageOfPage\":{\"@id\":\"https:\/\/ses-creative.com\/fr\/produit\/my-first-animaux-a-peindre-a-la-main-et-au-doigt\/#primaryimage\"},\"image\":{\"@id\":\"https:\/\/ses-creative.com\/fr\/produit\/my-first-animaux-a-peindre-a-la-main-et-au-doigt\/#primaryimage\"},\"thumbnailUrl\":\"https:\/\/ses-creative.com\/wp-content\/uploads\/2026\/01\/144431.jpg\",\"datePublished\":\"2025-12-18T10:15:50+00:00\",\"dateModified\":\"2026-02-12T10:23:00+00:00\",\"breadcrumb\":{\"@id\":\"https:\/\/ses-creative.com\/fr\/produit\/my-first-animaux-a-peindre-a-la-main-et-au-doigt\/#breadcrumb\"},\"inLanguage\":\"fr-FR\",\"potentialAction\":[{\"@type\":\"ReadAction\",\"target\":[\"https:\/\/ses-creative.com\/fr\/produit\/my-first-animaux-a-peindre-a-la-main-et-au-doigt\/\"]}]},{\"@type\":\"ImageObject\",\"inLanguage\":\"fr-FR\",\"@id\":\"https:\/\/ses-creative.com\/fr\/produit\/my-first-animaux-a-peindre-a-la-main-et-au-doigt\/#primaryimage\",\"url\":\"https:\/\/ses-creative.com\/wp-content\/uploads\/2026\/01\/144431.jpg\",\"contentUrl\":\"https:\/\/ses-creative.com\/wp-content\/uploads\/2026\/01\/144431.jpg\",\"width\":1000,\"height\":1000},{\"@type\":\"BreadcrumbList\",\"@id\":\"https:\/\/ses-creative.com\/fr\/produit\/my-first-animaux-a-peindre-a-la-main-et-au-doigt\/#breadcrumb\",\"itemListElement\":[{\"@type\":\"ListItem\",\"position\":1,\"name\":\"Boutique\",\"item\":\"https:\/\/ses-creative.com\/fr\/boutique\/\"},{\"@type\":\"ListItem\",\"position\":2,\"name\":\"B\u00e9b\u00e9 &amp; Tout-petit\",\"item\":\"https:\/\/ses-creative.com\/fr\/product-categorie\/bebe-tout-petit\/\"},{\"@type\":\"ListItem\",\"position\":3,\"name\":\"My\u00a0first &#8211; Animaux \u00e0 peindre \u00e0 la main et au doigt\"}]},{\"@type\":\"WebSite\",\"@id\":\"https:\/\/ses-creative.com\/#website\",\"url\":\"https:\/\/ses-creative.com\/\",\"name\":\"SES Creative\",\"description\":\"\",\"publisher\":{\"@id\":\"https:\/\/ses-creative.com\/#organization\"},\"potentialAction\":[{\"@type\":\"SearchAction\",\"target\":{\"@type\":\"EntryPoint\",\"urlTemplate\":\"https:\/\/ses-creative.com\/?s={search_term_string}\"},\"query-input\":{\"@type\":\"PropertyValueSpecification\",\"valueRequired\":true,\"valueName\":\"search_term_string\"}}],\"inLanguage\":\"fr-FR\"},{\"@type\":\"Organization\",\"@id\":\"https:\/\/ses-creative.com\/#organization\",\"name\":\"SES Creative\",\"url\":\"https:\/\/ses-creative.com\/\",\"logo\":{\"@type\":\"ImageObject\",\"inLanguage\":\"fr-FR\",\"@id\":\"https:\/\/ses-creative.com\/#\/schema\/logo\/image\/\",\"url\":\"https:\/\/ses-creative.com\/wp-content\/uploads\/2025\/10\/ses-creative-logo.jpg\",\"contentUrl\":\"https:\/\/ses-creative.com\/wp-content\/uploads\/2025\/10\/ses-creative-logo.jpg\",\"width\":2037,\"height\":2037,\"caption\":\"SES Creative\"},\"image\":{\"@id\":\"https:\/\/ses-creative.com\/#\/schema\/logo\/image\/\"}}]}<\/script>\n<!-- \/ Yoast SEO plugin. -->","yoast_head_json":{"title":"My\u00a0first - Animaux \u00e0 peindre \u00e0 la main et au doigt - SES Creative","robots":{"index":"index","follow":"follow","max-snippet":"max-snippet:-1","max-image-preview":"max-image-preview:large","max-video-preview":"max-video-preview:-1"},"canonical":"https:\/\/ses-creative.com\/fr\/produit\/my-first-animaux-a-peindre-a-la-main-et-au-doigt\/","og_locale":"fr_FR","og_type":"article","og_title":"My\u00a0first - Animaux \u00e0 peindre \u00e0 la main et au doigt - SES Creative","og_description":"Le coffret My First , la peinture au doigt avec empreintes de mains et animaux est une activit\u00e9 ludique et \u00e9ducative con\u00e7ue pour les enfants d\u00e8s 12 mois. Ce kit permet aux tout-petits de d\u00e9couvrir la peinture de mani\u00e8re sensorielle en utilisant leurs propres mains pour cr\u00e9er des animaux color\u00e9s. En plongeant la main dans [&hellip;]","og_url":"https:\/\/ses-creative.com\/fr\/produit\/my-first-animaux-a-peindre-a-la-main-et-au-doigt\/","og_site_name":"SES Creative","article_modified_time":"2026-02-12T10:23:00+00:00","og_image":[{"width":1000,"height":1000,"url":"https:\/\/ses-creative.com\/wp-content\/uploads\/2026\/01\/144431.jpg","type":"image\/jpeg"}],"twitter_card":"summary_large_image","twitter_misc":{"Dur\u00e9e de lecture estim\u00e9e":"1 minute"},"schema":{"@context":"https:\/\/schema.org","@graph":[{"@type":"WebPage","@id":"https:\/\/ses-creative.com\/fr\/produit\/my-first-animaux-a-peindre-a-la-main-et-au-doigt\/","url":"https:\/\/ses-creative.com\/fr\/produit\/my-first-animaux-a-peindre-a-la-main-et-au-doigt\/","name":"My\u00a0first - Animaux \u00e0 peindre \u00e0 la main et au doigt - SES Creative","isPartOf":{"@id":"https:\/\/ses-creative.com\/#website"},"primaryImageOfPage":{"@id":"https:\/\/ses-creative.com\/fr\/produit\/my-first-animaux-a-peindre-a-la-main-et-au-doigt\/#primaryimage"},"image":{"@id":"https:\/\/ses-creative.com\/fr\/produit\/my-first-animaux-a-peindre-a-la-main-et-au-doigt\/#primaryimage"},"thumbnailUrl":"https:\/\/ses-creative.com\/wp-content\/uploads\/2026\/01\/144431.jpg","datePublished":"2025-12-18T10:15:50+00:00","dateModified":"2026-02-12T10:23:00+00:00","breadcrumb":{"@id":"https:\/\/ses-creative.com\/fr\/produit\/my-first-animaux-a-peindre-a-la-main-et-au-doigt\/#breadcrumb"},"inLanguage":"fr-FR","potentialAction":[{"@type":"ReadAction","target":["https:\/\/ses-creative.com\/fr\/produit\/my-first-animaux-a-peindre-a-la-main-et-au-doigt\/"]}]},{"@type":"ImageObject","inLanguage":"fr-FR","@id":"https:\/\/ses-creative.com\/fr\/produit\/my-first-animaux-a-peindre-a-la-main-et-au-doigt\/#primaryimage","url":"https:\/\/ses-creative.com\/wp-content\/uploads\/2026\/01\/144431.jpg","contentUrl":"https:\/\/ses-creative.com\/wp-content\/uploads\/2026\/01\/144431.jpg","width":1000,"height":1000},{"@type":"BreadcrumbList","@id":"https:\/\/ses-creative.com\/fr\/produit\/my-first-animaux-a-peindre-a-la-main-et-au-doigt\/#breadcrumb","itemListElement":[{"@type":"ListItem","position":1,"name":"Boutique","item":"https:\/\/ses-creative.com\/fr\/boutique\/"},{"@type":"ListItem","position":2,"name":"B\u00e9b\u00e9 &amp; Tout-petit","item":"https:\/\/ses-creative.com\/fr\/product-categorie\/bebe-tout-petit\/"},{"@type":"ListItem","position":3,"name":"My\u00a0first &#8211; Animaux \u00e0 peindre \u00e0 la main et au doigt"}]},{"@type":"WebSite","@id":"https:\/\/ses-creative.com\/#website","url":"https:\/\/ses-creative.com\/","name":"SES Creative","description":"","publisher":{"@id":"https:\/\/ses-creative.com\/#organization"},"potentialAction":[{"@type":"SearchAction","target":{"@type":"EntryPoint","urlTemplate":"https:\/\/ses-creative.com\/?s={search_term_string}"},"query-input":{"@type":"PropertyValueSpecification","valueRequired":true,"valueName":"search_term_string"}}],"inLanguage":"fr-FR"},{"@type":"Organization","@id":"https:\/\/ses-creative.com\/#organization","name":"SES Creative","url":"https:\/\/ses-creative.com\/","logo":{"@type":"ImageObject","inLanguage":"fr-FR","@id":"https:\/\/ses-creative.com\/#\/schema\/logo\/image\/","url":"https:\/\/ses-creative.com\/wp-content\/uploads\/2025\/10\/ses-creative-logo.jpg","contentUrl":"https:\/\/ses-creative.com\/wp-content\/uploads\/2025\/10\/ses-creative-logo.jpg","width":2037,"height":2037,"caption":"SES Creative"},"image":{"@id":"https:\/\/ses-creative.com\/#\/schema\/logo\/image\/"}}]}},"_links":{"self":[{"href":"https:\/\/ses-creative.com\/fr\/wp-json\/wp\/v2\/product\/118348","targetHints":{"allow":["GET"]}}],"collection":[{"href":"https:\/\/ses-creative.com\/fr\/wp-json\/wp\/v2\/product"}],"about":[{"href":"https:\/\/ses-creative.com\/fr\/wp-json\/wp\/v2\/types\/product"}],"replies":[{"embeddable":true,"href":"https:\/\/ses-creative.com\/fr\/wp-json\/wp\/v2\/comments?post=118348"}],"wp:featuredmedia":[{"embeddable":true,"href":"https:\/\/ses-creative.com\/fr\/wp-json\/wp\/v2\/media\/103118"}],"wp:attachment":[{"href":"https:\/\/ses-creative.com\/fr\/wp-json\/wp\/v2\/media?parent=118348"}],"wp:term":[{"taxonomy":"product_brand","embeddable":true,"href":"https:\/\/ses-creative.com\/fr\/wp-json\/wp\/v2\/product_brand?post=118348"},{"taxonomy":"product_cat","embeddable":true,"href":"https:\/\/ses-creative.com\/fr\/wp-json\/wp\/v2\/product_cat?post=118348"},{"taxonomy":"product_tag","embeddable":true,"href":"https:\/\/ses-creative.com\/fr\/wp-json\/wp\/v2\/product_tag?post=118348"}],"curies":[{"name":"wp","href":"https:\/\/api.w.org\/{rel}","templated":true}]}}