











{"id":118347,"date":"2026-02-12T10:09:28","date_gmt":"2026-02-12T10:09:28","guid":{"rendered":"https:\/\/ses-creative.com\/?post_type=product&#038;p=118347"},"modified":"2026-02-12T10:23:00","modified_gmt":"2026-02-12T10:23:00","slug":"my-first-peinture-au-doigt-dinosaures","status":"publish","type":"product","link":"https:\/\/ses-creative.com\/fr\/produit\/my-first-peinture-au-doigt-dinosaures\/","title":{"rendered":"My first &#8211; Peinture au doigt dinosaures"},"content":{"rendered":"<p>Offrez \u00e0 votre enfant une exp\u00e9rience artistique inoubliable avec le Kit Peinture au Doigt Dinosaures My First de SES Creative ! Ce coffret ludique et \u00e9ducatif a \u00e9t\u00e9 sp\u00e9cialement con\u00e7u pour les tout-petits \u00e0 partir de 1 an. Il permet \u00e0 votre enfant de s\u2019initier \u00e0 la peinture en utilisant ses empreintes digitales, une m\u00e9thode sensorielle parfaite pour d\u00e9couvrir les couleurs et textures tout en s\u2019amusant.<\/p>\n<p>Le kit contient 10 pages illustr\u00e9es avec des motifs d&rsquo;animaux mignons, offrant ainsi un support id\u00e9al pour laisser libre cours \u00e0 l\u2019imagination et stimuler la cr\u00e9ativit\u00e9. Les enfants d\u00e9velopperont leur motricit\u00e9 fine et leur coordination \u0153il-main en peignant et en coloriant, tout en s\u2019\u00e9panouissant \u00e0 travers une activit\u00e9 amusante et \u00e9ducative.<\/p>\n<p>Avec deux couleurs de peinture (jaune et bleu) incluses, ce kit est pr\u00eat \u00e0 l\u2019emploi. Vous n\u2019avez besoin d\u2019aucun autre mat\u00e9riel pour d\u00e9marrer, ce qui rend ce coffret ultra-pratique pour les parents. La peinture est hypoallerg\u00e9nique, non toxique et lavable, garantissant une exp\u00e9rience sans souci pour les tout-petits et une tranquillit\u00e9 d\u2019esprit pour les parents.<\/p>\n<p>Ce kit est un cadeau parfait pour \u00e9veiller les jeunes artistes et leur offrir un moment de cr\u00e9ativit\u00e9. Id\u00e9al pour un anniversaire, No\u00ebl ou toute autre occasion sp\u00e9ciale, il est con\u00e7u pour offrir des heures de plaisir tout en garantissant s\u00e9curit\u00e9 et qualit\u00e9.<\/p>\n<p>Fabriqu\u00e9 en Europe, ce produit de SES Creative est con\u00e7u dans le respect des normes de s\u00e9curit\u00e9 les plus strictes, tout en \u00e9tant 100 % neutre en CO\u2082, pour un jeu \u00e0 la fois \u00e9panouissant et respectueux de l\u2019environnement.<\/p>\n","protected":false},"excerpt":{"rendered":"<p>Offrez \u00e0 votre enfant une exp\u00e9rience artistique inoubliable avec le Kit Peinture au Doigt Dinosaures My First de SES Creative ! Ce coffret ludique et \u00e9ducatif a \u00e9t\u00e9 sp\u00e9cialement con\u00e7u pour les tout-petits \u00e0 partir de 1 an. Il permet \u00e0 votre enfant de s\u2019initier \u00e0 la peinture en utilisant ses empreintes digitales, une m\u00e9thode [&hellip;]<\/p>\n","protected":false},"featured_media":103096,"comment_status":"closed","ping_status":"closed","template":"","meta":{"_acf_changed":false},"product_brand":[],"product_cat":[123],"product_tag":[],"class_list":{"0":"post-118347","1":"product","2":"type-product","3":"status-publish","4":"has-post-thumbnail","6":"product_cat-bebe-tout-petit","7":"pa_leeftijd-filter-0-2-ans","8":"pa_meest-populair-bij-garcons-filles","10":"first","11":"instock","12":"shipping-taxable","13":"product-type-simple"},"acf":[],"yoast_head":"<!-- This site is optimized with the Yoast SEO plugin v27.2 - https:\/\/yoast.com\/product\/yoast-seo-wordpress\/ -->\n<title>My first - Peinture au doigt dinosaures - SES Creative<\/title>\n<meta name=\"robots\" content=\"index, follow, max-snippet:-1, max-image-preview:large, max-video-preview:-1\" \/>\n<link rel=\"canonical\" href=\"https:\/\/ses-creative.com\/fr\/produit\/my-first-peinture-au-doigt-dinosaures\/\" \/>\n<meta property=\"og:locale\" content=\"fr_FR\" \/>\n<meta property=\"og:type\" content=\"article\" \/>\n<meta property=\"og:title\" content=\"My first - Peinture au doigt dinosaures - SES Creative\" \/>\n<meta property=\"og:description\" content=\"Offrez \u00e0 votre enfant une exp\u00e9rience artistique inoubliable avec le Kit Peinture au Doigt Dinosaures My First de SES Creative ! Ce coffret ludique et \u00e9ducatif a \u00e9t\u00e9 sp\u00e9cialement con\u00e7u pour les tout-petits \u00e0 partir de 1 an. Il permet \u00e0 votre enfant de s\u2019initier \u00e0 la peinture en utilisant ses empreintes digitales, une m\u00e9thode [&hellip;]\" \/>\n<meta property=\"og:url\" content=\"https:\/\/ses-creative.com\/fr\/produit\/my-first-peinture-au-doigt-dinosaures\/\" \/>\n<meta property=\"og:site_name\" content=\"SES Creative\" \/>\n<meta property=\"article:modified_time\" content=\"2026-02-12T10:23:00+00:00\" \/>\n<meta name=\"twitter:card\" content=\"summary_large_image\" \/>\n<meta name=\"twitter:label1\" content=\"Dur\u00e9e de lecture estim\u00e9e\" \/>\n\t<meta name=\"twitter:data1\" content=\"1 minute\" \/>\n<script type=\"application\/ld+json\" class=\"yoast-schema-graph\">{\"@context\":\"https:\/\/schema.org\",\"@graph\":[{\"@type\":\"WebPage\",\"@id\":\"https:\/\/ses-creative.com\/fr\/produit\/my-first-peinture-au-doigt-dinosaures\/\",\"url\":\"https:\/\/ses-creative.com\/fr\/produit\/my-first-peinture-au-doigt-dinosaures\/\",\"name\":\"My first - Peinture au doigt dinosaures - SES Creative\",\"isPartOf\":{\"@id\":\"https:\/\/ses-creative.com\/#website\"},\"primaryImageOfPage\":{\"@id\":\"https:\/\/ses-creative.com\/fr\/produit\/my-first-peinture-au-doigt-dinosaures\/#primaryimage\"},\"image\":{\"@id\":\"https:\/\/ses-creative.com\/fr\/produit\/my-first-peinture-au-doigt-dinosaures\/#primaryimage\"},\"thumbnailUrl\":\"https:\/\/ses-creative.com\/wp-content\/uploads\/2026\/01\/144421.jpg\",\"datePublished\":\"2026-02-12T10:09:28+00:00\",\"dateModified\":\"2026-02-12T10:23:00+00:00\",\"breadcrumb\":{\"@id\":\"https:\/\/ses-creative.com\/fr\/produit\/my-first-peinture-au-doigt-dinosaures\/#breadcrumb\"},\"inLanguage\":\"fr-FR\",\"potentialAction\":[{\"@type\":\"ReadAction\",\"target\":[\"https:\/\/ses-creative.com\/fr\/produit\/my-first-peinture-au-doigt-dinosaures\/\"]}]},{\"@type\":\"ImageObject\",\"inLanguage\":\"fr-FR\",\"@id\":\"https:\/\/ses-creative.com\/fr\/produit\/my-first-peinture-au-doigt-dinosaures\/#primaryimage\",\"url\":\"https:\/\/ses-creative.com\/wp-content\/uploads\/2026\/01\/144421.jpg\",\"contentUrl\":\"https:\/\/ses-creative.com\/wp-content\/uploads\/2026\/01\/144421.jpg\",\"width\":1000,\"height\":1000},{\"@type\":\"BreadcrumbList\",\"@id\":\"https:\/\/ses-creative.com\/fr\/produit\/my-first-peinture-au-doigt-dinosaures\/#breadcrumb\",\"itemListElement\":[{\"@type\":\"ListItem\",\"position\":1,\"name\":\"Boutique\",\"item\":\"https:\/\/ses-creative.com\/fr\/boutique\/\"},{\"@type\":\"ListItem\",\"position\":2,\"name\":\"B\u00e9b\u00e9 &amp; Tout-petit\",\"item\":\"https:\/\/ses-creative.com\/fr\/product-categorie\/bebe-tout-petit\/\"},{\"@type\":\"ListItem\",\"position\":3,\"name\":\"My first &#8211; Peinture au doigt dinosaures\"}]},{\"@type\":\"WebSite\",\"@id\":\"https:\/\/ses-creative.com\/#website\",\"url\":\"https:\/\/ses-creative.com\/\",\"name\":\"SES Creative\",\"description\":\"\",\"publisher\":{\"@id\":\"https:\/\/ses-creative.com\/#organization\"},\"potentialAction\":[{\"@type\":\"SearchAction\",\"target\":{\"@type\":\"EntryPoint\",\"urlTemplate\":\"https:\/\/ses-creative.com\/?s={search_term_string}\"},\"query-input\":{\"@type\":\"PropertyValueSpecification\",\"valueRequired\":true,\"valueName\":\"search_term_string\"}}],\"inLanguage\":\"fr-FR\"},{\"@type\":\"Organization\",\"@id\":\"https:\/\/ses-creative.com\/#organization\",\"name\":\"SES Creative\",\"url\":\"https:\/\/ses-creative.com\/\",\"logo\":{\"@type\":\"ImageObject\",\"inLanguage\":\"fr-FR\",\"@id\":\"https:\/\/ses-creative.com\/#\/schema\/logo\/image\/\",\"url\":\"https:\/\/ses-creative.com\/wp-content\/uploads\/2025\/10\/ses-creative-logo.jpg\",\"contentUrl\":\"https:\/\/ses-creative.com\/wp-content\/uploads\/2025\/10\/ses-creative-logo.jpg\",\"width\":2037,\"height\":2037,\"caption\":\"SES Creative\"},\"image\":{\"@id\":\"https:\/\/ses-creative.com\/#\/schema\/logo\/image\/\"}}]}<\/script>\n<!-- \/ Yoast SEO plugin. -->","yoast_head_json":{"title":"My first - Peinture au doigt dinosaures - SES Creative","robots":{"index":"index","follow":"follow","max-snippet":"max-snippet:-1","max-image-preview":"max-image-preview:large","max-video-preview":"max-video-preview:-1"},"canonical":"https:\/\/ses-creative.com\/fr\/produit\/my-first-peinture-au-doigt-dinosaures\/","og_locale":"fr_FR","og_type":"article","og_title":"My first - Peinture au doigt dinosaures - SES Creative","og_description":"Offrez \u00e0 votre enfant une exp\u00e9rience artistique inoubliable avec le Kit Peinture au Doigt Dinosaures My First de SES Creative ! Ce coffret ludique et \u00e9ducatif a \u00e9t\u00e9 sp\u00e9cialement con\u00e7u pour les tout-petits \u00e0 partir de 1 an. Il permet \u00e0 votre enfant de s\u2019initier \u00e0 la peinture en utilisant ses empreintes digitales, une m\u00e9thode [&hellip;]","og_url":"https:\/\/ses-creative.com\/fr\/produit\/my-first-peinture-au-doigt-dinosaures\/","og_site_name":"SES Creative","article_modified_time":"2026-02-12T10:23:00+00:00","twitter_card":"summary_large_image","twitter_misc":{"Dur\u00e9e de lecture estim\u00e9e":"1 minute"},"schema":{"@context":"https:\/\/schema.org","@graph":[{"@type":"WebPage","@id":"https:\/\/ses-creative.com\/fr\/produit\/my-first-peinture-au-doigt-dinosaures\/","url":"https:\/\/ses-creative.com\/fr\/produit\/my-first-peinture-au-doigt-dinosaures\/","name":"My first - Peinture au doigt dinosaures - SES Creative","isPartOf":{"@id":"https:\/\/ses-creative.com\/#website"},"primaryImageOfPage":{"@id":"https:\/\/ses-creative.com\/fr\/produit\/my-first-peinture-au-doigt-dinosaures\/#primaryimage"},"image":{"@id":"https:\/\/ses-creative.com\/fr\/produit\/my-first-peinture-au-doigt-dinosaures\/#primaryimage"},"thumbnailUrl":"https:\/\/ses-creative.com\/wp-content\/uploads\/2026\/01\/144421.jpg","datePublished":"2026-02-12T10:09:28+00:00","dateModified":"2026-02-12T10:23:00+00:00","breadcrumb":{"@id":"https:\/\/ses-creative.com\/fr\/produit\/my-first-peinture-au-doigt-dinosaures\/#breadcrumb"},"inLanguage":"fr-FR","potentialAction":[{"@type":"ReadAction","target":["https:\/\/ses-creative.com\/fr\/produit\/my-first-peinture-au-doigt-dinosaures\/"]}]},{"@type":"ImageObject","inLanguage":"fr-FR","@id":"https:\/\/ses-creative.com\/fr\/produit\/my-first-peinture-au-doigt-dinosaures\/#primaryimage","url":"https:\/\/ses-creative.com\/wp-content\/uploads\/2026\/01\/144421.jpg","contentUrl":"https:\/\/ses-creative.com\/wp-content\/uploads\/2026\/01\/144421.jpg","width":1000,"height":1000},{"@type":"BreadcrumbList","@id":"https:\/\/ses-creative.com\/fr\/produit\/my-first-peinture-au-doigt-dinosaures\/#breadcrumb","itemListElement":[{"@type":"ListItem","position":1,"name":"Boutique","item":"https:\/\/ses-creative.com\/fr\/boutique\/"},{"@type":"ListItem","position":2,"name":"B\u00e9b\u00e9 &amp; Tout-petit","item":"https:\/\/ses-creative.com\/fr\/product-categorie\/bebe-tout-petit\/"},{"@type":"ListItem","position":3,"name":"My first &#8211; Peinture au doigt dinosaures"}]},{"@type":"WebSite","@id":"https:\/\/ses-creative.com\/#website","url":"https:\/\/ses-creative.com\/","name":"SES Creative","description":"","publisher":{"@id":"https:\/\/ses-creative.com\/#organization"},"potentialAction":[{"@type":"SearchAction","target":{"@type":"EntryPoint","urlTemplate":"https:\/\/ses-creative.com\/?s={search_term_string}"},"query-input":{"@type":"PropertyValueSpecification","valueRequired":true,"valueName":"search_term_string"}}],"inLanguage":"fr-FR"},{"@type":"Organization","@id":"https:\/\/ses-creative.com\/#organization","name":"SES Creative","url":"https:\/\/ses-creative.com\/","logo":{"@type":"ImageObject","inLanguage":"fr-FR","@id":"https:\/\/ses-creative.com\/#\/schema\/logo\/image\/","url":"https:\/\/ses-creative.com\/wp-content\/uploads\/2025\/10\/ses-creative-logo.jpg","contentUrl":"https:\/\/ses-creative.com\/wp-content\/uploads\/2025\/10\/ses-creative-logo.jpg","width":2037,"height":2037,"caption":"SES Creative"},"image":{"@id":"https:\/\/ses-creative.com\/#\/schema\/logo\/image\/"}}]}},"_links":{"self":[{"href":"https:\/\/ses-creative.com\/fr\/wp-json\/wp\/v2\/product\/118347","targetHints":{"allow":["GET"]}}],"collection":[{"href":"https:\/\/ses-creative.com\/fr\/wp-json\/wp\/v2\/product"}],"about":[{"href":"https:\/\/ses-creative.com\/fr\/wp-json\/wp\/v2\/types\/product"}],"replies":[{"embeddable":true,"href":"https:\/\/ses-creative.com\/fr\/wp-json\/wp\/v2\/comments?post=118347"}],"wp:featuredmedia":[{"embeddable":true,"href":"https:\/\/ses-creative.com\/fr\/wp-json\/wp\/v2\/media\/103096"}],"wp:attachment":[{"href":"https:\/\/ses-creative.com\/fr\/wp-json\/wp\/v2\/media?parent=118347"}],"wp:term":[{"taxonomy":"product_brand","embeddable":true,"href":"https:\/\/ses-creative.com\/fr\/wp-json\/wp\/v2\/product_brand?post=118347"},{"taxonomy":"product_cat","embeddable":true,"href":"https:\/\/ses-creative.com\/fr\/wp-json\/wp\/v2\/product_cat?post=118347"},{"taxonomy":"product_tag","embeddable":true,"href":"https:\/\/ses-creative.com\/fr\/wp-json\/wp\/v2\/product_tag?post=118347"}],"curies":[{"name":"wp","href":"https:\/\/api.w.org\/{rel}","templated":true}]}}