











{"id":118346,"date":"2026-02-12T10:09:28","date_gmt":"2026-02-12T10:09:28","guid":{"rendered":"https:\/\/ses-creative.com\/?post_type=product&#038;p=118346"},"modified":"2026-02-12T10:23:00","modified_gmt":"2026-02-12T10:23:00","slug":"my-first-peinture-au-doigt-fluffy-4-colours-x-110ml","status":"publish","type":"product","link":"https:\/\/ses-creative.com\/fr\/produit\/my-first-peinture-au-doigt-fluffy-4-colours-x-110ml\/","title":{"rendered":"My first &#8211; Peinture au doigt fluffy 4 colours x 110ml"},"content":{"rendered":"<p>Fini les bavures avec la peinture au doigt Fluffy !<br \/>\nCe n&rsquo;est pas de la peinture au doigt ordinaire, c&rsquo;est de la peinture au doigt Fluffy ! Sp\u00e9cialement con\u00e7ue pour que les tout-petits puissent peindre en toute s\u00e9curit\u00e9 et s&rsquo;amuser. La peinture est extra l\u00e9g\u00e8re, ce qui l&#8217;emp\u00eache de couler du pot si celui-ci se renverse. Elle est agr\u00e9able au toucher et sans danger pour les enfants. Ils peuvent ainsi laisser libre cours \u00e0 leur cr\u00e9ativit\u00e9 sans faire de gros d\u00e9g\u00e2ts. Parfaite pour les petits artistes \u00e0 partir de 1 an !<br \/>\nCe qui rend ce kit g\u00e9nial<br \/>\n&#8211;    Peinture au doigt sp\u00e9ciale, extra l\u00e9g\u00e8re, qui ne coule pas si le pot est renvers\u00e9<br \/>\n&#8211;    Ne tache pas et se lave facilement, aussi bien sur les v\u00eatements que sur la peau<br \/>\n&#8211;    S\u00fbre et adapt\u00e9e aux enfants. Sans gluten<br \/>\n&#8211; La peinture a un go\u00fbt amer qui dissuade les enfants de la mettre dans leur bouche<br \/>\n&#8211;    Parfait pour les enfants \u00e0 partir de 1 an<br \/>\nPeindre et d\u00e9couvrir avec la peinture au doigt Fluffy<br \/>\nCe kit est id\u00e9al pour les parents qui souhaitent que leurs enfants s&rsquo;adonnent \u00e0 la peinture sans se soucier des salissures. La peinture extra-l\u00e9g\u00e8re est facile \u00e0 manipuler, ne salit pas et est tr\u00e8s douce au toucher. Elle est facilement lavable et sans danger pour les tout-petits, ce qui en fait une activit\u00e9 amusante et sans souci pour toute la famille. Id\u00e9ale pour d\u00e9velopper les sens et stimuler la cr\u00e9ativit\u00e9 des jeunes enfants.<br \/>\nContenu du kit<br \/>\n4 couleurs de peinture au doigt fluffy : violet, bleu aqua, vert et orange<br \/>\nPourquoi choisir SES Creative ?<br \/>\nChez SES Creative, nous accordons une grande importance \u00e0 la s\u00e9curit\u00e9. C&rsquo;est pourquoi nos produits sont fabriqu\u00e9s et test\u00e9s dans notre usine aux Pays-Bas, conform\u00e9ment aux normes de s\u00e9curit\u00e9 europ\u00e9ennes les plus strictes. Les jouets SES Creative sont source de plaisir et permettent aux enfants d&rsquo;\u00eatre fiers de leur travail, ce qui stimule leur cr\u00e9ativit\u00e9 et leur d\u00e9veloppement.<br \/>\nCommencez \u00e0 peindre d\u00e8s aujourd&rsquo;hui<br \/>\nD\u00e9couvrez le plaisir de la peinture au doigt fluffy et laissez votre tout-petit cr\u00e9er les plus belles \u0153uvres d&rsquo;art. Parfait pour des heures de plaisir cr\u00e9atif !<\/p>\n","protected":false},"excerpt":{"rendered":"<p>Fini les bavures avec la peinture au doigt Fluffy ! Ce n&rsquo;est pas de la peinture au doigt ordinaire, c&rsquo;est de la peinture au doigt Fluffy ! Sp\u00e9cialement con\u00e7ue pour que les tout-petits puissent peindre en toute s\u00e9curit\u00e9 et s&rsquo;amuser. La peinture est extra l\u00e9g\u00e8re, ce qui l&#8217;emp\u00eache de couler du pot si celui-ci se [&hellip;]<\/p>\n","protected":false},"featured_media":103076,"comment_status":"closed","ping_status":"closed","template":"","meta":{"_acf_changed":false},"product_brand":[],"product_cat":[123],"product_tag":[],"class_list":{"0":"post-118346","1":"product","2":"type-product","3":"status-publish","4":"has-post-thumbnail","6":"product_cat-bebe-tout-petit","7":"pa_leeftijd-filter-0-2-ans","8":"pa_meest-populair-bij-garcons-filles","10":"first","11":"instock","12":"shipping-taxable","13":"product-type-simple"},"acf":[],"yoast_head":"<!-- This site is optimized with the Yoast SEO plugin v27.2 - https:\/\/yoast.com\/product\/yoast-seo-wordpress\/ -->\n<title>My first - Peinture au doigt fluffy 4 colours x 110ml - SES Creative<\/title>\n<meta name=\"robots\" content=\"index, follow, max-snippet:-1, max-image-preview:large, max-video-preview:-1\" \/>\n<link rel=\"canonical\" href=\"https:\/\/ses-creative.com\/fr\/produit\/my-first-peinture-au-doigt-fluffy-4-colours-x-110ml\/\" \/>\n<meta property=\"og:locale\" content=\"fr_FR\" \/>\n<meta property=\"og:type\" content=\"article\" \/>\n<meta property=\"og:title\" content=\"My first - Peinture au doigt fluffy 4 colours x 110ml - SES Creative\" \/>\n<meta property=\"og:description\" content=\"Fini les bavures avec la peinture au doigt Fluffy ! Ce n&rsquo;est pas de la peinture au doigt ordinaire, c&rsquo;est de la peinture au doigt Fluffy ! Sp\u00e9cialement con\u00e7ue pour que les tout-petits puissent peindre en toute s\u00e9curit\u00e9 et s&rsquo;amuser. La peinture est extra l\u00e9g\u00e8re, ce qui l&#8217;emp\u00eache de couler du pot si celui-ci se [&hellip;]\" \/>\n<meta property=\"og:url\" content=\"https:\/\/ses-creative.com\/fr\/produit\/my-first-peinture-au-doigt-fluffy-4-colours-x-110ml\/\" \/>\n<meta property=\"og:site_name\" content=\"SES Creative\" \/>\n<meta property=\"article:modified_time\" content=\"2026-02-12T10:23:00+00:00\" \/>\n<meta name=\"twitter:card\" content=\"summary_large_image\" \/>\n<meta name=\"twitter:label1\" content=\"Dur\u00e9e de lecture estim\u00e9e\" \/>\n\t<meta name=\"twitter:data1\" content=\"2 minutes\" \/>\n<script type=\"application\/ld+json\" class=\"yoast-schema-graph\">{\"@context\":\"https:\/\/schema.org\",\"@graph\":[{\"@type\":\"WebPage\",\"@id\":\"https:\/\/ses-creative.com\/fr\/produit\/my-first-peinture-au-doigt-fluffy-4-colours-x-110ml\/\",\"url\":\"https:\/\/ses-creative.com\/fr\/produit\/my-first-peinture-au-doigt-fluffy-4-colours-x-110ml\/\",\"name\":\"My first - Peinture au doigt fluffy 4 colours x 110ml - SES Creative\",\"isPartOf\":{\"@id\":\"https:\/\/ses-creative.com\/#website\"},\"primaryImageOfPage\":{\"@id\":\"https:\/\/ses-creative.com\/fr\/produit\/my-first-peinture-au-doigt-fluffy-4-colours-x-110ml\/#primaryimage\"},\"image\":{\"@id\":\"https:\/\/ses-creative.com\/fr\/produit\/my-first-peinture-au-doigt-fluffy-4-colours-x-110ml\/#primaryimage\"},\"thumbnailUrl\":\"https:\/\/ses-creative.com\/wp-content\/uploads\/2026\/01\/144411.jpg\",\"datePublished\":\"2026-02-12T10:09:28+00:00\",\"dateModified\":\"2026-02-12T10:23:00+00:00\",\"breadcrumb\":{\"@id\":\"https:\/\/ses-creative.com\/fr\/produit\/my-first-peinture-au-doigt-fluffy-4-colours-x-110ml\/#breadcrumb\"},\"inLanguage\":\"fr-FR\",\"potentialAction\":[{\"@type\":\"ReadAction\",\"target\":[\"https:\/\/ses-creative.com\/fr\/produit\/my-first-peinture-au-doigt-fluffy-4-colours-x-110ml\/\"]}]},{\"@type\":\"ImageObject\",\"inLanguage\":\"fr-FR\",\"@id\":\"https:\/\/ses-creative.com\/fr\/produit\/my-first-peinture-au-doigt-fluffy-4-colours-x-110ml\/#primaryimage\",\"url\":\"https:\/\/ses-creative.com\/wp-content\/uploads\/2026\/01\/144411.jpg\",\"contentUrl\":\"https:\/\/ses-creative.com\/wp-content\/uploads\/2026\/01\/144411.jpg\",\"width\":1000,\"height\":1000},{\"@type\":\"BreadcrumbList\",\"@id\":\"https:\/\/ses-creative.com\/fr\/produit\/my-first-peinture-au-doigt-fluffy-4-colours-x-110ml\/#breadcrumb\",\"itemListElement\":[{\"@type\":\"ListItem\",\"position\":1,\"name\":\"Boutique\",\"item\":\"https:\/\/ses-creative.com\/fr\/boutique\/\"},{\"@type\":\"ListItem\",\"position\":2,\"name\":\"B\u00e9b\u00e9 &amp; Tout-petit\",\"item\":\"https:\/\/ses-creative.com\/fr\/product-categorie\/bebe-tout-petit\/\"},{\"@type\":\"ListItem\",\"position\":3,\"name\":\"My first &#8211; Peinture au doigt fluffy 4 colours x 110ml\"}]},{\"@type\":\"WebSite\",\"@id\":\"https:\/\/ses-creative.com\/#website\",\"url\":\"https:\/\/ses-creative.com\/\",\"name\":\"SES Creative\",\"description\":\"\",\"publisher\":{\"@id\":\"https:\/\/ses-creative.com\/#organization\"},\"potentialAction\":[{\"@type\":\"SearchAction\",\"target\":{\"@type\":\"EntryPoint\",\"urlTemplate\":\"https:\/\/ses-creative.com\/?s={search_term_string}\"},\"query-input\":{\"@type\":\"PropertyValueSpecification\",\"valueRequired\":true,\"valueName\":\"search_term_string\"}}],\"inLanguage\":\"fr-FR\"},{\"@type\":\"Organization\",\"@id\":\"https:\/\/ses-creative.com\/#organization\",\"name\":\"SES Creative\",\"url\":\"https:\/\/ses-creative.com\/\",\"logo\":{\"@type\":\"ImageObject\",\"inLanguage\":\"fr-FR\",\"@id\":\"https:\/\/ses-creative.com\/#\/schema\/logo\/image\/\",\"url\":\"https:\/\/ses-creative.com\/wp-content\/uploads\/2025\/10\/ses-creative-logo.jpg\",\"contentUrl\":\"https:\/\/ses-creative.com\/wp-content\/uploads\/2025\/10\/ses-creative-logo.jpg\",\"width\":2037,\"height\":2037,\"caption\":\"SES Creative\"},\"image\":{\"@id\":\"https:\/\/ses-creative.com\/#\/schema\/logo\/image\/\"}}]}<\/script>\n<!-- \/ Yoast SEO plugin. -->","yoast_head_json":{"title":"My first - Peinture au doigt fluffy 4 colours x 110ml - SES Creative","robots":{"index":"index","follow":"follow","max-snippet":"max-snippet:-1","max-image-preview":"max-image-preview:large","max-video-preview":"max-video-preview:-1"},"canonical":"https:\/\/ses-creative.com\/fr\/produit\/my-first-peinture-au-doigt-fluffy-4-colours-x-110ml\/","og_locale":"fr_FR","og_type":"article","og_title":"My first - Peinture au doigt fluffy 4 colours x 110ml - SES Creative","og_description":"Fini les bavures avec la peinture au doigt Fluffy ! Ce n&rsquo;est pas de la peinture au doigt ordinaire, c&rsquo;est de la peinture au doigt Fluffy ! Sp\u00e9cialement con\u00e7ue pour que les tout-petits puissent peindre en toute s\u00e9curit\u00e9 et s&rsquo;amuser. La peinture est extra l\u00e9g\u00e8re, ce qui l&#8217;emp\u00eache de couler du pot si celui-ci se [&hellip;]","og_url":"https:\/\/ses-creative.com\/fr\/produit\/my-first-peinture-au-doigt-fluffy-4-colours-x-110ml\/","og_site_name":"SES Creative","article_modified_time":"2026-02-12T10:23:00+00:00","twitter_card":"summary_large_image","twitter_misc":{"Dur\u00e9e de lecture estim\u00e9e":"2 minutes"},"schema":{"@context":"https:\/\/schema.org","@graph":[{"@type":"WebPage","@id":"https:\/\/ses-creative.com\/fr\/produit\/my-first-peinture-au-doigt-fluffy-4-colours-x-110ml\/","url":"https:\/\/ses-creative.com\/fr\/produit\/my-first-peinture-au-doigt-fluffy-4-colours-x-110ml\/","name":"My first - Peinture au doigt fluffy 4 colours x 110ml - SES Creative","isPartOf":{"@id":"https:\/\/ses-creative.com\/#website"},"primaryImageOfPage":{"@id":"https:\/\/ses-creative.com\/fr\/produit\/my-first-peinture-au-doigt-fluffy-4-colours-x-110ml\/#primaryimage"},"image":{"@id":"https:\/\/ses-creative.com\/fr\/produit\/my-first-peinture-au-doigt-fluffy-4-colours-x-110ml\/#primaryimage"},"thumbnailUrl":"https:\/\/ses-creative.com\/wp-content\/uploads\/2026\/01\/144411.jpg","datePublished":"2026-02-12T10:09:28+00:00","dateModified":"2026-02-12T10:23:00+00:00","breadcrumb":{"@id":"https:\/\/ses-creative.com\/fr\/produit\/my-first-peinture-au-doigt-fluffy-4-colours-x-110ml\/#breadcrumb"},"inLanguage":"fr-FR","potentialAction":[{"@type":"ReadAction","target":["https:\/\/ses-creative.com\/fr\/produit\/my-first-peinture-au-doigt-fluffy-4-colours-x-110ml\/"]}]},{"@type":"ImageObject","inLanguage":"fr-FR","@id":"https:\/\/ses-creative.com\/fr\/produit\/my-first-peinture-au-doigt-fluffy-4-colours-x-110ml\/#primaryimage","url":"https:\/\/ses-creative.com\/wp-content\/uploads\/2026\/01\/144411.jpg","contentUrl":"https:\/\/ses-creative.com\/wp-content\/uploads\/2026\/01\/144411.jpg","width":1000,"height":1000},{"@type":"BreadcrumbList","@id":"https:\/\/ses-creative.com\/fr\/produit\/my-first-peinture-au-doigt-fluffy-4-colours-x-110ml\/#breadcrumb","itemListElement":[{"@type":"ListItem","position":1,"name":"Boutique","item":"https:\/\/ses-creative.com\/fr\/boutique\/"},{"@type":"ListItem","position":2,"name":"B\u00e9b\u00e9 &amp; Tout-petit","item":"https:\/\/ses-creative.com\/fr\/product-categorie\/bebe-tout-petit\/"},{"@type":"ListItem","position":3,"name":"My first &#8211; Peinture au doigt fluffy 4 colours x 110ml"}]},{"@type":"WebSite","@id":"https:\/\/ses-creative.com\/#website","url":"https:\/\/ses-creative.com\/","name":"SES Creative","description":"","publisher":{"@id":"https:\/\/ses-creative.com\/#organization"},"potentialAction":[{"@type":"SearchAction","target":{"@type":"EntryPoint","urlTemplate":"https:\/\/ses-creative.com\/?s={search_term_string}"},"query-input":{"@type":"PropertyValueSpecification","valueRequired":true,"valueName":"search_term_string"}}],"inLanguage":"fr-FR"},{"@type":"Organization","@id":"https:\/\/ses-creative.com\/#organization","name":"SES Creative","url":"https:\/\/ses-creative.com\/","logo":{"@type":"ImageObject","inLanguage":"fr-FR","@id":"https:\/\/ses-creative.com\/#\/schema\/logo\/image\/","url":"https:\/\/ses-creative.com\/wp-content\/uploads\/2025\/10\/ses-creative-logo.jpg","contentUrl":"https:\/\/ses-creative.com\/wp-content\/uploads\/2025\/10\/ses-creative-logo.jpg","width":2037,"height":2037,"caption":"SES Creative"},"image":{"@id":"https:\/\/ses-creative.com\/#\/schema\/logo\/image\/"}}]}},"_links":{"self":[{"href":"https:\/\/ses-creative.com\/fr\/wp-json\/wp\/v2\/product\/118346","targetHints":{"allow":["GET"]}}],"collection":[{"href":"https:\/\/ses-creative.com\/fr\/wp-json\/wp\/v2\/product"}],"about":[{"href":"https:\/\/ses-creative.com\/fr\/wp-json\/wp\/v2\/types\/product"}],"replies":[{"embeddable":true,"href":"https:\/\/ses-creative.com\/fr\/wp-json\/wp\/v2\/comments?post=118346"}],"wp:featuredmedia":[{"embeddable":true,"href":"https:\/\/ses-creative.com\/fr\/wp-json\/wp\/v2\/media\/103076"}],"wp:attachment":[{"href":"https:\/\/ses-creative.com\/fr\/wp-json\/wp\/v2\/media?parent=118346"}],"wp:term":[{"taxonomy":"product_brand","embeddable":true,"href":"https:\/\/ses-creative.com\/fr\/wp-json\/wp\/v2\/product_brand?post=118346"},{"taxonomy":"product_cat","embeddable":true,"href":"https:\/\/ses-creative.com\/fr\/wp-json\/wp\/v2\/product_cat?post=118346"},{"taxonomy":"product_tag","embeddable":true,"href":"https:\/\/ses-creative.com\/fr\/wp-json\/wp\/v2\/product_tag?post=118346"}],"curies":[{"name":"wp","href":"https:\/\/api.w.org\/{rel}","templated":true}]}}