











{"id":118345,"date":"2026-02-12T10:09:28","date_gmt":"2026-02-12T10:09:28","guid":{"rendered":"https:\/\/ses-creative.com\/?post_type=product&#038;p=118345"},"modified":"2026-02-12T10:23:00","modified_gmt":"2026-02-12T10:23:00","slug":"my-first-pinceaux-pour-bebe-3-pieces","status":"publish","type":"product","link":"https:\/\/ses-creative.com\/fr\/produit\/my-first-pinceaux-pour-bebe-3-pieces\/","title":{"rendered":"My first &#8211; Pinceaux pour b\u00e9b\u00e9 (3 pi\u00e8ces)"},"content":{"rendered":"<p>Parfait pour les petits artistes \u00e0 partir de 1 an !<br \/>\nD\u00e9couvrez My First &#8211; Pinceaux pour b\u00e9b\u00e9s sans danger de SES Creative ! Le moyen id\u00e9al pour stimuler la cr\u00e9ativit\u00e9 de votre petit artiste, tout en mettant l&rsquo;accent sur la s\u00e9curit\u00e9 et la facilit\u00e9 d&rsquo;utilisation ! Sp\u00e9cialement con\u00e7u pour les tout-petits et les jeunes enfants, cet ensemble comprend trois pinceaux ergonomiques uniques qui garantissent une peinture s\u00fbre et confortable.<br \/>\nCe qui rend ce set exceptionnel<br \/>\n&#8211;    D\u00e9couvrez les pinceaux pour b\u00e9b\u00e9s My First, parfaits pour les petites mains qui d\u00e9couvrent l&rsquo;art !<br \/>\n&#8211;    Comprend trois types de pinceaux diff\u00e9rents : plat, pointu et rond pour une cr\u00e9ativit\u00e9 polyvalente<br \/>\n&#8211;    Pinceaux ultra-s\u00e9curis\u00e9s sans petites pi\u00e8ces, pour que les tout-petits puissent peindre en toute tranquillit\u00e9.<br \/>\n&#8211;    Poign\u00e9es ergonomiques qui s&rsquo;adaptent confortablement aux petites mains pour une utilisation sans effort.<br \/>\n&#8211; Parfait pour les premiers essais de peinture \u2013 une introduction amusante \u00e0 l&rsquo;art et \u00e0 la cr\u00e9ativit\u00e9 !<br \/>\nCommencez \u00e0 colorier<br \/>\nLe set My First &#8211; Pinceaux s\u00fbrs pour b\u00e9b\u00e9s est parfait pour les petites mains pr\u00eates \u00e0 explorer de grandes id\u00e9es. Qu&rsquo;ils peignent \u00e0 la maison ou cr\u00e9ent un chef-d&rsquo;\u0153uvre au groupe de jeu, avec ces pinceaux, chaque coup de pinceau devient une aventure. Id\u00e9al pour les tout-petits qui commencent tout juste leur parcours artistique, ce set apporte plaisir, cr\u00e9ativit\u00e9 et confiance en soi \u00e0 chaque jeune artiste.<br \/>\nContenu du set<br \/>\n&#8211;    3 pinceaux diff\u00e9rents<br \/>\nPourquoi choisir SES Creative ?<br \/>\nChez SES Creative, nous accordons une grande importance \u00e0 la s\u00e9curit\u00e9. C&rsquo;est pourquoi nos produits sont fabriqu\u00e9s et test\u00e9s dans notre usine aux Pays-Bas, conform\u00e9ment aux normes de s\u00e9curit\u00e9 europ\u00e9ennes les plus strictes. Les jouets SES Creative sont source de plaisir et permettent aux enfants d&rsquo;\u00eatre fiers de leur travail, ce qui stimule leur cr\u00e9ativit\u00e9 et leur d\u00e9veloppement.<br \/>\nOffrez \u00e0 votre tout-petit le cadeau de la cr\u00e9ativit\u00e9 avec My First &#8211; Pinceaux s\u00fbrs pour b\u00e9b\u00e9s<br \/>\nC&rsquo;est un moyen amusant, s\u00fbr et \u00e9ducatif de stimuler leur cr\u00e9ativit\u00e9 et leurs comp\u00e9tences. Pr\u00e9parez-vous \u00e0 voir s&rsquo;\u00e9panouir le c\u00f4t\u00e9 artistique de vos tout-petits, un coup de pinceau \u00e0 la fois.<\/p>\n","protected":false},"excerpt":{"rendered":"<p>Parfait pour les petits artistes \u00e0 partir de 1 an ! D\u00e9couvrez My First &#8211; Pinceaux pour b\u00e9b\u00e9s sans danger de SES Creative ! Le moyen id\u00e9al pour stimuler la cr\u00e9ativit\u00e9 de votre petit artiste, tout en mettant l&rsquo;accent sur la s\u00e9curit\u00e9 et la facilit\u00e9 d&rsquo;utilisation ! Sp\u00e9cialement con\u00e7u pour les tout-petits et les jeunes [&hellip;]<\/p>\n","protected":false},"featured_media":103056,"comment_status":"closed","ping_status":"closed","template":"","meta":{"_acf_changed":false},"product_brand":[],"product_cat":[123],"product_tag":[],"class_list":{"0":"post-118345","1":"product","2":"type-product","3":"status-publish","4":"has-post-thumbnail","6":"product_cat-bebe-tout-petit","7":"pa_leeftijd-filter-0-2-ans","8":"pa_meest-populair-bij-garcons-filles","10":"first","11":"instock","12":"shipping-taxable","13":"product-type-simple"},"acf":[],"yoast_head":"<!-- This site is optimized with the Yoast SEO plugin v27.2 - https:\/\/yoast.com\/product\/yoast-seo-wordpress\/ -->\n<title>My first - Pinceaux pour b\u00e9b\u00e9 (3 pi\u00e8ces) - SES Creative<\/title>\n<meta name=\"robots\" content=\"index, follow, max-snippet:-1, max-image-preview:large, max-video-preview:-1\" \/>\n<link rel=\"canonical\" href=\"https:\/\/ses-creative.com\/fr\/produit\/my-first-pinceaux-pour-bebe-3-pieces\/\" \/>\n<meta property=\"og:locale\" content=\"fr_FR\" \/>\n<meta property=\"og:type\" content=\"article\" \/>\n<meta property=\"og:title\" content=\"My first - Pinceaux pour b\u00e9b\u00e9 (3 pi\u00e8ces) - SES Creative\" \/>\n<meta property=\"og:description\" content=\"Parfait pour les petits artistes \u00e0 partir de 1 an ! D\u00e9couvrez My First &#8211; Pinceaux pour b\u00e9b\u00e9s sans danger de SES Creative ! Le moyen id\u00e9al pour stimuler la cr\u00e9ativit\u00e9 de votre petit artiste, tout en mettant l&rsquo;accent sur la s\u00e9curit\u00e9 et la facilit\u00e9 d&rsquo;utilisation ! Sp\u00e9cialement con\u00e7u pour les tout-petits et les jeunes [&hellip;]\" \/>\n<meta property=\"og:url\" content=\"https:\/\/ses-creative.com\/fr\/produit\/my-first-pinceaux-pour-bebe-3-pieces\/\" \/>\n<meta property=\"og:site_name\" content=\"SES Creative\" \/>\n<meta property=\"article:modified_time\" content=\"2026-02-12T10:23:00+00:00\" \/>\n<meta name=\"twitter:card\" content=\"summary_large_image\" \/>\n<meta name=\"twitter:label1\" content=\"Dur\u00e9e de lecture estim\u00e9e\" \/>\n\t<meta name=\"twitter:data1\" content=\"2 minutes\" \/>\n<script type=\"application\/ld+json\" class=\"yoast-schema-graph\">{\"@context\":\"https:\/\/schema.org\",\"@graph\":[{\"@type\":\"WebPage\",\"@id\":\"https:\/\/ses-creative.com\/fr\/produit\/my-first-pinceaux-pour-bebe-3-pieces\/\",\"url\":\"https:\/\/ses-creative.com\/fr\/produit\/my-first-pinceaux-pour-bebe-3-pieces\/\",\"name\":\"My first - Pinceaux pour b\u00e9b\u00e9 (3 pi\u00e8ces) - SES Creative\",\"isPartOf\":{\"@id\":\"https:\/\/ses-creative.com\/#website\"},\"primaryImageOfPage\":{\"@id\":\"https:\/\/ses-creative.com\/fr\/produit\/my-first-pinceaux-pour-bebe-3-pieces\/#primaryimage\"},\"image\":{\"@id\":\"https:\/\/ses-creative.com\/fr\/produit\/my-first-pinceaux-pour-bebe-3-pieces\/#primaryimage\"},\"thumbnailUrl\":\"https:\/\/ses-creative.com\/wp-content\/uploads\/2026\/01\/144401.jpg\",\"datePublished\":\"2026-02-12T10:09:28+00:00\",\"dateModified\":\"2026-02-12T10:23:00+00:00\",\"breadcrumb\":{\"@id\":\"https:\/\/ses-creative.com\/fr\/produit\/my-first-pinceaux-pour-bebe-3-pieces\/#breadcrumb\"},\"inLanguage\":\"fr-FR\",\"potentialAction\":[{\"@type\":\"ReadAction\",\"target\":[\"https:\/\/ses-creative.com\/fr\/produit\/my-first-pinceaux-pour-bebe-3-pieces\/\"]}]},{\"@type\":\"ImageObject\",\"inLanguage\":\"fr-FR\",\"@id\":\"https:\/\/ses-creative.com\/fr\/produit\/my-first-pinceaux-pour-bebe-3-pieces\/#primaryimage\",\"url\":\"https:\/\/ses-creative.com\/wp-content\/uploads\/2026\/01\/144401.jpg\",\"contentUrl\":\"https:\/\/ses-creative.com\/wp-content\/uploads\/2026\/01\/144401.jpg\",\"width\":1000,\"height\":1000},{\"@type\":\"BreadcrumbList\",\"@id\":\"https:\/\/ses-creative.com\/fr\/produit\/my-first-pinceaux-pour-bebe-3-pieces\/#breadcrumb\",\"itemListElement\":[{\"@type\":\"ListItem\",\"position\":1,\"name\":\"Boutique\",\"item\":\"https:\/\/ses-creative.com\/fr\/boutique\/\"},{\"@type\":\"ListItem\",\"position\":2,\"name\":\"B\u00e9b\u00e9 &amp; Tout-petit\",\"item\":\"https:\/\/ses-creative.com\/fr\/product-categorie\/bebe-tout-petit\/\"},{\"@type\":\"ListItem\",\"position\":3,\"name\":\"My first &#8211; Pinceaux pour b\u00e9b\u00e9 (3 pi\u00e8ces)\"}]},{\"@type\":\"WebSite\",\"@id\":\"https:\/\/ses-creative.com\/#website\",\"url\":\"https:\/\/ses-creative.com\/\",\"name\":\"SES Creative\",\"description\":\"\",\"publisher\":{\"@id\":\"https:\/\/ses-creative.com\/#organization\"},\"potentialAction\":[{\"@type\":\"SearchAction\",\"target\":{\"@type\":\"EntryPoint\",\"urlTemplate\":\"https:\/\/ses-creative.com\/?s={search_term_string}\"},\"query-input\":{\"@type\":\"PropertyValueSpecification\",\"valueRequired\":true,\"valueName\":\"search_term_string\"}}],\"inLanguage\":\"fr-FR\"},{\"@type\":\"Organization\",\"@id\":\"https:\/\/ses-creative.com\/#organization\",\"name\":\"SES Creative\",\"url\":\"https:\/\/ses-creative.com\/\",\"logo\":{\"@type\":\"ImageObject\",\"inLanguage\":\"fr-FR\",\"@id\":\"https:\/\/ses-creative.com\/#\/schema\/logo\/image\/\",\"url\":\"https:\/\/ses-creative.com\/wp-content\/uploads\/2025\/10\/ses-creative-logo.jpg\",\"contentUrl\":\"https:\/\/ses-creative.com\/wp-content\/uploads\/2025\/10\/ses-creative-logo.jpg\",\"width\":2037,\"height\":2037,\"caption\":\"SES Creative\"},\"image\":{\"@id\":\"https:\/\/ses-creative.com\/#\/schema\/logo\/image\/\"}}]}<\/script>\n<!-- \/ Yoast SEO plugin. -->","yoast_head_json":{"title":"My first - Pinceaux pour b\u00e9b\u00e9 (3 pi\u00e8ces) - SES Creative","robots":{"index":"index","follow":"follow","max-snippet":"max-snippet:-1","max-image-preview":"max-image-preview:large","max-video-preview":"max-video-preview:-1"},"canonical":"https:\/\/ses-creative.com\/fr\/produit\/my-first-pinceaux-pour-bebe-3-pieces\/","og_locale":"fr_FR","og_type":"article","og_title":"My first - Pinceaux pour b\u00e9b\u00e9 (3 pi\u00e8ces) - SES Creative","og_description":"Parfait pour les petits artistes \u00e0 partir de 1 an ! D\u00e9couvrez My First &#8211; Pinceaux pour b\u00e9b\u00e9s sans danger de SES Creative ! Le moyen id\u00e9al pour stimuler la cr\u00e9ativit\u00e9 de votre petit artiste, tout en mettant l&rsquo;accent sur la s\u00e9curit\u00e9 et la facilit\u00e9 d&rsquo;utilisation ! Sp\u00e9cialement con\u00e7u pour les tout-petits et les jeunes [&hellip;]","og_url":"https:\/\/ses-creative.com\/fr\/produit\/my-first-pinceaux-pour-bebe-3-pieces\/","og_site_name":"SES Creative","article_modified_time":"2026-02-12T10:23:00+00:00","twitter_card":"summary_large_image","twitter_misc":{"Dur\u00e9e de lecture estim\u00e9e":"2 minutes"},"schema":{"@context":"https:\/\/schema.org","@graph":[{"@type":"WebPage","@id":"https:\/\/ses-creative.com\/fr\/produit\/my-first-pinceaux-pour-bebe-3-pieces\/","url":"https:\/\/ses-creative.com\/fr\/produit\/my-first-pinceaux-pour-bebe-3-pieces\/","name":"My first - Pinceaux pour b\u00e9b\u00e9 (3 pi\u00e8ces) - SES Creative","isPartOf":{"@id":"https:\/\/ses-creative.com\/#website"},"primaryImageOfPage":{"@id":"https:\/\/ses-creative.com\/fr\/produit\/my-first-pinceaux-pour-bebe-3-pieces\/#primaryimage"},"image":{"@id":"https:\/\/ses-creative.com\/fr\/produit\/my-first-pinceaux-pour-bebe-3-pieces\/#primaryimage"},"thumbnailUrl":"https:\/\/ses-creative.com\/wp-content\/uploads\/2026\/01\/144401.jpg","datePublished":"2026-02-12T10:09:28+00:00","dateModified":"2026-02-12T10:23:00+00:00","breadcrumb":{"@id":"https:\/\/ses-creative.com\/fr\/produit\/my-first-pinceaux-pour-bebe-3-pieces\/#breadcrumb"},"inLanguage":"fr-FR","potentialAction":[{"@type":"ReadAction","target":["https:\/\/ses-creative.com\/fr\/produit\/my-first-pinceaux-pour-bebe-3-pieces\/"]}]},{"@type":"ImageObject","inLanguage":"fr-FR","@id":"https:\/\/ses-creative.com\/fr\/produit\/my-first-pinceaux-pour-bebe-3-pieces\/#primaryimage","url":"https:\/\/ses-creative.com\/wp-content\/uploads\/2026\/01\/144401.jpg","contentUrl":"https:\/\/ses-creative.com\/wp-content\/uploads\/2026\/01\/144401.jpg","width":1000,"height":1000},{"@type":"BreadcrumbList","@id":"https:\/\/ses-creative.com\/fr\/produit\/my-first-pinceaux-pour-bebe-3-pieces\/#breadcrumb","itemListElement":[{"@type":"ListItem","position":1,"name":"Boutique","item":"https:\/\/ses-creative.com\/fr\/boutique\/"},{"@type":"ListItem","position":2,"name":"B\u00e9b\u00e9 &amp; Tout-petit","item":"https:\/\/ses-creative.com\/fr\/product-categorie\/bebe-tout-petit\/"},{"@type":"ListItem","position":3,"name":"My first &#8211; Pinceaux pour b\u00e9b\u00e9 (3 pi\u00e8ces)"}]},{"@type":"WebSite","@id":"https:\/\/ses-creative.com\/#website","url":"https:\/\/ses-creative.com\/","name":"SES Creative","description":"","publisher":{"@id":"https:\/\/ses-creative.com\/#organization"},"potentialAction":[{"@type":"SearchAction","target":{"@type":"EntryPoint","urlTemplate":"https:\/\/ses-creative.com\/?s={search_term_string}"},"query-input":{"@type":"PropertyValueSpecification","valueRequired":true,"valueName":"search_term_string"}}],"inLanguage":"fr-FR"},{"@type":"Organization","@id":"https:\/\/ses-creative.com\/#organization","name":"SES Creative","url":"https:\/\/ses-creative.com\/","logo":{"@type":"ImageObject","inLanguage":"fr-FR","@id":"https:\/\/ses-creative.com\/#\/schema\/logo\/image\/","url":"https:\/\/ses-creative.com\/wp-content\/uploads\/2025\/10\/ses-creative-logo.jpg","contentUrl":"https:\/\/ses-creative.com\/wp-content\/uploads\/2025\/10\/ses-creative-logo.jpg","width":2037,"height":2037,"caption":"SES Creative"},"image":{"@id":"https:\/\/ses-creative.com\/#\/schema\/logo\/image\/"}}]}},"_links":{"self":[{"href":"https:\/\/ses-creative.com\/fr\/wp-json\/wp\/v2\/product\/118345","targetHints":{"allow":["GET"]}}],"collection":[{"href":"https:\/\/ses-creative.com\/fr\/wp-json\/wp\/v2\/product"}],"about":[{"href":"https:\/\/ses-creative.com\/fr\/wp-json\/wp\/v2\/types\/product"}],"replies":[{"embeddable":true,"href":"https:\/\/ses-creative.com\/fr\/wp-json\/wp\/v2\/comments?post=118345"}],"wp:featuredmedia":[{"embeddable":true,"href":"https:\/\/ses-creative.com\/fr\/wp-json\/wp\/v2\/media\/103056"}],"wp:attachment":[{"href":"https:\/\/ses-creative.com\/fr\/wp-json\/wp\/v2\/media?parent=118345"}],"wp:term":[{"taxonomy":"product_brand","embeddable":true,"href":"https:\/\/ses-creative.com\/fr\/wp-json\/wp\/v2\/product_brand?post=118345"},{"taxonomy":"product_cat","embeddable":true,"href":"https:\/\/ses-creative.com\/fr\/wp-json\/wp\/v2\/product_cat?post=118345"},{"taxonomy":"product_tag","embeddable":true,"href":"https:\/\/ses-creative.com\/fr\/wp-json\/wp\/v2\/product_tag?post=118345"}],"curies":[{"name":"wp","href":"https:\/\/api.w.org\/{rel}","templated":true}]}}