











{"id":118344,"date":"2026-02-12T10:09:28","date_gmt":"2026-02-12T10:09:28","guid":{"rendered":"https:\/\/ses-creative.com\/?post_type=product&#038;p=118344"},"modified":"2026-02-12T10:22:59","modified_gmt":"2026-02-12T10:22:59","slug":"my-first-mega-kit-de-pate-a-modeler-avec-outils","status":"publish","type":"product","link":"https:\/\/ses-creative.com\/fr\/produit\/my-first-mega-kit-de-pate-a-modeler-avec-outils\/","title":{"rendered":"My first &#8211; M\u00e9ga kit de p\u00e2te \u00e0 modeler avec outils"},"content":{"rendered":"<p>Offrez \u00e0 votre enfant une exp\u00e9rience cr\u00e9ative et \u00e9ducative avec le Set Mon Premier Mega P\u00e9trissage Animal de SES Creative ! Con\u00e7u pour les tout-petits d\u00e8s 1 an, ce kit complet initie les enfants au monde du p\u00e9trissage et de la cr\u00e9ation artistique. Gr\u00e2ce \u00e0 des moules d&rsquo;animaux et de la p\u00e2te \u00e0 modeler facile \u00e0 manipuler, votre enfant pourra fa\u00e7onner des animaux comme des lions, \u00e9l\u00e9phants et bien d&rsquo;autres, tout en d\u00e9veloppant sa motricit\u00e9 fine et sa coordination.<\/p>\n<p>Ce set favorise non seulement l&rsquo;apprentissage des formes g\u00e9om\u00e9triques de mani\u00e8re ludique, mais aussi le d\u00e9veloppement sensoriel de l&rsquo;enfant. En p\u00e9trissant et en modelant, il affineront leur toucher, leur cr\u00e9ativit\u00e9 et leur imagination. Id\u00e9al pour stimuler l\u2019exploration tactile, ce jeu contribue \u00e0 leur d\u00e9veloppement tout en offrant un moment de plaisir cr\u00e9atif.<\/p>\n<p>La p\u00e2te \u00e0 modeler est sp\u00e9cialement con\u00e7ue pour \u00eatre hypoallerg\u00e9nique, non toxique et facile \u00e0 nettoyer, offrant aux parents une tranquillit\u00e9 d\u2019esprit pendant que les enfants s\u2019amusent en toute s\u00e9curit\u00e9. Pr\u00eat \u00e0 l\u2019emploi, ce kit est con\u00e7u pour \u00eatre simple \u00e0 utiliser, sans n\u00e9cessiter de mat\u00e9riel suppl\u00e9mentaire.<\/p>\n<p>Un cadeau parfait pour les anniversaires, No\u00ebl ou toute autre occasion sp\u00e9ciale, ce kit \u00e9ducatif et ludique ravira petits et grands. Offrez \u00e0 votre enfant des heures de jeu cr\u00e9atif et \u00e9ducatif, tout en lui permettant de d\u00e9velopper des comp\u00e9tences importantes d\u00e8s son plus jeune \u00e2ge. Fabriqu\u00e9 aux Pays-Bas, ce produit respecte les plus hauts standards de qualit\u00e9 et de s\u00e9curit\u00e9, garantissant un jeu sans souci.<\/p>\n<p>Avec SES Creative, vous choisissez des jouets s\u00fbrs, cr\u00e9atifs et \u00e9coresponsables, fabriqu\u00e9s dans une usine respectueuse de l\u2019environnement.<\/p>\n","protected":false},"excerpt":{"rendered":"<p>Offrez \u00e0 votre enfant une exp\u00e9rience cr\u00e9ative et \u00e9ducative avec le Set Mon Premier Mega P\u00e9trissage Animal de SES Creative ! Con\u00e7u pour les tout-petits d\u00e8s 1 an, ce kit complet initie les enfants au monde du p\u00e9trissage et de la cr\u00e9ation artistique. Gr\u00e2ce \u00e0 des moules d&rsquo;animaux et de la p\u00e2te \u00e0 modeler facile [&hellip;]<\/p>\n","protected":false},"featured_media":103036,"comment_status":"closed","ping_status":"closed","template":"","meta":{"_acf_changed":false},"product_brand":[],"product_cat":[123],"product_tag":[],"class_list":{"0":"post-118344","1":"product","2":"type-product","3":"status-publish","4":"has-post-thumbnail","6":"product_cat-bebe-tout-petit","7":"pa_leeftijd-filter-0-2-ans","8":"pa_meest-populair-bij-garcons-filles","10":"first","11":"instock","12":"shipping-taxable","13":"product-type-simple"},"acf":[],"yoast_head":"<!-- This site is optimized with the Yoast SEO plugin v27.2 - https:\/\/yoast.com\/product\/yoast-seo-wordpress\/ -->\n<title>My first - M\u00e9ga kit de p\u00e2te \u00e0 modeler avec outils - SES Creative<\/title>\n<meta name=\"robots\" content=\"index, follow, max-snippet:-1, max-image-preview:large, max-video-preview:-1\" \/>\n<link rel=\"canonical\" href=\"https:\/\/ses-creative.com\/fr\/produit\/my-first-mega-kit-de-pate-a-modeler-avec-outils\/\" \/>\n<meta property=\"og:locale\" content=\"fr_FR\" \/>\n<meta property=\"og:type\" content=\"article\" \/>\n<meta property=\"og:title\" content=\"My first - M\u00e9ga kit de p\u00e2te \u00e0 modeler avec outils - SES Creative\" \/>\n<meta property=\"og:description\" content=\"Offrez \u00e0 votre enfant une exp\u00e9rience cr\u00e9ative et \u00e9ducative avec le Set Mon Premier Mega P\u00e9trissage Animal de SES Creative ! Con\u00e7u pour les tout-petits d\u00e8s 1 an, ce kit complet initie les enfants au monde du p\u00e9trissage et de la cr\u00e9ation artistique. Gr\u00e2ce \u00e0 des moules d&rsquo;animaux et de la p\u00e2te \u00e0 modeler facile [&hellip;]\" \/>\n<meta property=\"og:url\" content=\"https:\/\/ses-creative.com\/fr\/produit\/my-first-mega-kit-de-pate-a-modeler-avec-outils\/\" \/>\n<meta property=\"og:site_name\" content=\"SES Creative\" \/>\n<meta property=\"article:modified_time\" content=\"2026-02-12T10:22:59+00:00\" \/>\n<meta name=\"twitter:card\" content=\"summary_large_image\" \/>\n<meta name=\"twitter:label1\" content=\"Dur\u00e9e de lecture estim\u00e9e\" \/>\n\t<meta name=\"twitter:data1\" content=\"1 minute\" \/>\n<script type=\"application\/ld+json\" class=\"yoast-schema-graph\">{\"@context\":\"https:\/\/schema.org\",\"@graph\":[{\"@type\":\"WebPage\",\"@id\":\"https:\/\/ses-creative.com\/fr\/produit\/my-first-mega-kit-de-pate-a-modeler-avec-outils\/\",\"url\":\"https:\/\/ses-creative.com\/fr\/produit\/my-first-mega-kit-de-pate-a-modeler-avec-outils\/\",\"name\":\"My first - M\u00e9ga kit de p\u00e2te \u00e0 modeler avec outils - SES Creative\",\"isPartOf\":{\"@id\":\"https:\/\/ses-creative.com\/#website\"},\"primaryImageOfPage\":{\"@id\":\"https:\/\/ses-creative.com\/fr\/produit\/my-first-mega-kit-de-pate-a-modeler-avec-outils\/#primaryimage\"},\"image\":{\"@id\":\"https:\/\/ses-creative.com\/fr\/produit\/my-first-mega-kit-de-pate-a-modeler-avec-outils\/#primaryimage\"},\"thumbnailUrl\":\"https:\/\/ses-creative.com\/wp-content\/uploads\/2026\/01\/144381.jpg\",\"datePublished\":\"2026-02-12T10:09:28+00:00\",\"dateModified\":\"2026-02-12T10:22:59+00:00\",\"breadcrumb\":{\"@id\":\"https:\/\/ses-creative.com\/fr\/produit\/my-first-mega-kit-de-pate-a-modeler-avec-outils\/#breadcrumb\"},\"inLanguage\":\"fr-FR\",\"potentialAction\":[{\"@type\":\"ReadAction\",\"target\":[\"https:\/\/ses-creative.com\/fr\/produit\/my-first-mega-kit-de-pate-a-modeler-avec-outils\/\"]}]},{\"@type\":\"ImageObject\",\"inLanguage\":\"fr-FR\",\"@id\":\"https:\/\/ses-creative.com\/fr\/produit\/my-first-mega-kit-de-pate-a-modeler-avec-outils\/#primaryimage\",\"url\":\"https:\/\/ses-creative.com\/wp-content\/uploads\/2026\/01\/144381.jpg\",\"contentUrl\":\"https:\/\/ses-creative.com\/wp-content\/uploads\/2026\/01\/144381.jpg\",\"width\":1000,\"height\":1000},{\"@type\":\"BreadcrumbList\",\"@id\":\"https:\/\/ses-creative.com\/fr\/produit\/my-first-mega-kit-de-pate-a-modeler-avec-outils\/#breadcrumb\",\"itemListElement\":[{\"@type\":\"ListItem\",\"position\":1,\"name\":\"Boutique\",\"item\":\"https:\/\/ses-creative.com\/fr\/boutique\/\"},{\"@type\":\"ListItem\",\"position\":2,\"name\":\"B\u00e9b\u00e9 &amp; Tout-petit\",\"item\":\"https:\/\/ses-creative.com\/fr\/product-categorie\/bebe-tout-petit\/\"},{\"@type\":\"ListItem\",\"position\":3,\"name\":\"My first &#8211; M\u00e9ga kit de p\u00e2te \u00e0 modeler avec outils\"}]},{\"@type\":\"WebSite\",\"@id\":\"https:\/\/ses-creative.com\/#website\",\"url\":\"https:\/\/ses-creative.com\/\",\"name\":\"SES Creative\",\"description\":\"\",\"publisher\":{\"@id\":\"https:\/\/ses-creative.com\/#organization\"},\"potentialAction\":[{\"@type\":\"SearchAction\",\"target\":{\"@type\":\"EntryPoint\",\"urlTemplate\":\"https:\/\/ses-creative.com\/?s={search_term_string}\"},\"query-input\":{\"@type\":\"PropertyValueSpecification\",\"valueRequired\":true,\"valueName\":\"search_term_string\"}}],\"inLanguage\":\"fr-FR\"},{\"@type\":\"Organization\",\"@id\":\"https:\/\/ses-creative.com\/#organization\",\"name\":\"SES Creative\",\"url\":\"https:\/\/ses-creative.com\/\",\"logo\":{\"@type\":\"ImageObject\",\"inLanguage\":\"fr-FR\",\"@id\":\"https:\/\/ses-creative.com\/#\/schema\/logo\/image\/\",\"url\":\"https:\/\/ses-creative.com\/wp-content\/uploads\/2025\/10\/ses-creative-logo.jpg\",\"contentUrl\":\"https:\/\/ses-creative.com\/wp-content\/uploads\/2025\/10\/ses-creative-logo.jpg\",\"width\":2037,\"height\":2037,\"caption\":\"SES Creative\"},\"image\":{\"@id\":\"https:\/\/ses-creative.com\/#\/schema\/logo\/image\/\"}}]}<\/script>\n<!-- \/ Yoast SEO plugin. -->","yoast_head_json":{"title":"My first - M\u00e9ga kit de p\u00e2te \u00e0 modeler avec outils - SES Creative","robots":{"index":"index","follow":"follow","max-snippet":"max-snippet:-1","max-image-preview":"max-image-preview:large","max-video-preview":"max-video-preview:-1"},"canonical":"https:\/\/ses-creative.com\/fr\/produit\/my-first-mega-kit-de-pate-a-modeler-avec-outils\/","og_locale":"fr_FR","og_type":"article","og_title":"My first - M\u00e9ga kit de p\u00e2te \u00e0 modeler avec outils - SES Creative","og_description":"Offrez \u00e0 votre enfant une exp\u00e9rience cr\u00e9ative et \u00e9ducative avec le Set Mon Premier Mega P\u00e9trissage Animal de SES Creative ! Con\u00e7u pour les tout-petits d\u00e8s 1 an, ce kit complet initie les enfants au monde du p\u00e9trissage et de la cr\u00e9ation artistique. Gr\u00e2ce \u00e0 des moules d&rsquo;animaux et de la p\u00e2te \u00e0 modeler facile [&hellip;]","og_url":"https:\/\/ses-creative.com\/fr\/produit\/my-first-mega-kit-de-pate-a-modeler-avec-outils\/","og_site_name":"SES Creative","article_modified_time":"2026-02-12T10:22:59+00:00","twitter_card":"summary_large_image","twitter_misc":{"Dur\u00e9e de lecture estim\u00e9e":"1 minute"},"schema":{"@context":"https:\/\/schema.org","@graph":[{"@type":"WebPage","@id":"https:\/\/ses-creative.com\/fr\/produit\/my-first-mega-kit-de-pate-a-modeler-avec-outils\/","url":"https:\/\/ses-creative.com\/fr\/produit\/my-first-mega-kit-de-pate-a-modeler-avec-outils\/","name":"My first - M\u00e9ga kit de p\u00e2te \u00e0 modeler avec outils - SES Creative","isPartOf":{"@id":"https:\/\/ses-creative.com\/#website"},"primaryImageOfPage":{"@id":"https:\/\/ses-creative.com\/fr\/produit\/my-first-mega-kit-de-pate-a-modeler-avec-outils\/#primaryimage"},"image":{"@id":"https:\/\/ses-creative.com\/fr\/produit\/my-first-mega-kit-de-pate-a-modeler-avec-outils\/#primaryimage"},"thumbnailUrl":"https:\/\/ses-creative.com\/wp-content\/uploads\/2026\/01\/144381.jpg","datePublished":"2026-02-12T10:09:28+00:00","dateModified":"2026-02-12T10:22:59+00:00","breadcrumb":{"@id":"https:\/\/ses-creative.com\/fr\/produit\/my-first-mega-kit-de-pate-a-modeler-avec-outils\/#breadcrumb"},"inLanguage":"fr-FR","potentialAction":[{"@type":"ReadAction","target":["https:\/\/ses-creative.com\/fr\/produit\/my-first-mega-kit-de-pate-a-modeler-avec-outils\/"]}]},{"@type":"ImageObject","inLanguage":"fr-FR","@id":"https:\/\/ses-creative.com\/fr\/produit\/my-first-mega-kit-de-pate-a-modeler-avec-outils\/#primaryimage","url":"https:\/\/ses-creative.com\/wp-content\/uploads\/2026\/01\/144381.jpg","contentUrl":"https:\/\/ses-creative.com\/wp-content\/uploads\/2026\/01\/144381.jpg","width":1000,"height":1000},{"@type":"BreadcrumbList","@id":"https:\/\/ses-creative.com\/fr\/produit\/my-first-mega-kit-de-pate-a-modeler-avec-outils\/#breadcrumb","itemListElement":[{"@type":"ListItem","position":1,"name":"Boutique","item":"https:\/\/ses-creative.com\/fr\/boutique\/"},{"@type":"ListItem","position":2,"name":"B\u00e9b\u00e9 &amp; Tout-petit","item":"https:\/\/ses-creative.com\/fr\/product-categorie\/bebe-tout-petit\/"},{"@type":"ListItem","position":3,"name":"My first &#8211; M\u00e9ga kit de p\u00e2te \u00e0 modeler avec outils"}]},{"@type":"WebSite","@id":"https:\/\/ses-creative.com\/#website","url":"https:\/\/ses-creative.com\/","name":"SES Creative","description":"","publisher":{"@id":"https:\/\/ses-creative.com\/#organization"},"potentialAction":[{"@type":"SearchAction","target":{"@type":"EntryPoint","urlTemplate":"https:\/\/ses-creative.com\/?s={search_term_string}"},"query-input":{"@type":"PropertyValueSpecification","valueRequired":true,"valueName":"search_term_string"}}],"inLanguage":"fr-FR"},{"@type":"Organization","@id":"https:\/\/ses-creative.com\/#organization","name":"SES Creative","url":"https:\/\/ses-creative.com\/","logo":{"@type":"ImageObject","inLanguage":"fr-FR","@id":"https:\/\/ses-creative.com\/#\/schema\/logo\/image\/","url":"https:\/\/ses-creative.com\/wp-content\/uploads\/2025\/10\/ses-creative-logo.jpg","contentUrl":"https:\/\/ses-creative.com\/wp-content\/uploads\/2025\/10\/ses-creative-logo.jpg","width":2037,"height":2037,"caption":"SES Creative"},"image":{"@id":"https:\/\/ses-creative.com\/#\/schema\/logo\/image\/"}}]}},"_links":{"self":[{"href":"https:\/\/ses-creative.com\/fr\/wp-json\/wp\/v2\/product\/118344","targetHints":{"allow":["GET"]}}],"collection":[{"href":"https:\/\/ses-creative.com\/fr\/wp-json\/wp\/v2\/product"}],"about":[{"href":"https:\/\/ses-creative.com\/fr\/wp-json\/wp\/v2\/types\/product"}],"replies":[{"embeddable":true,"href":"https:\/\/ses-creative.com\/fr\/wp-json\/wp\/v2\/comments?post=118344"}],"wp:featuredmedia":[{"embeddable":true,"href":"https:\/\/ses-creative.com\/fr\/wp-json\/wp\/v2\/media\/103036"}],"wp:attachment":[{"href":"https:\/\/ses-creative.com\/fr\/wp-json\/wp\/v2\/media?parent=118344"}],"wp:term":[{"taxonomy":"product_brand","embeddable":true,"href":"https:\/\/ses-creative.com\/fr\/wp-json\/wp\/v2\/product_brand?post=118344"},{"taxonomy":"product_cat","embeddable":true,"href":"https:\/\/ses-creative.com\/fr\/wp-json\/wp\/v2\/product_cat?post=118344"},{"taxonomy":"product_tag","embeddable":true,"href":"https:\/\/ses-creative.com\/fr\/wp-json\/wp\/v2\/product_tag?post=118344"}],"curies":[{"name":"wp","href":"https:\/\/api.w.org\/{rel}","templated":true}]}}