











{"id":118342,"date":"2026-02-12T10:09:27","date_gmt":"2026-02-12T10:09:27","guid":{"rendered":"https:\/\/ses-creative.com\/?post_type=product&#038;p=118342"},"modified":"2026-02-12T10:22:59","modified_gmt":"2026-02-12T10:22:59","slug":"my-first-pate-a-modeler-avec-outils-3x90gr","status":"publish","type":"product","link":"https:\/\/ses-creative.com\/fr\/produit\/my-first-pate-a-modeler-avec-outils-3x90gr\/","title":{"rendered":"My first &#8211; P\u00e2te \u00e0 modeler avec outils 3x90gr"},"content":{"rendered":"<p>My First est une gamme de produits con\u00e7us sp\u00e9cialement pour les jeunes enfants d\u00e8s 12 mois, garantissant une exp\u00e9rience cr\u00e9ative en toute s\u00e9curit\u00e9. Ce kit de p\u00e2te \u00e0 modeler de SES Creative comprend 3 pots aux couleurs vives (jaune, rouge, bleu) ainsi qu\u2019un petit marteau et un rouleau pour stimuler l\u2019imagination et la motricit\u00e9 des plus petits. Hypoallerg\u00e9nique et sans gluten, cette p\u00e2te \u00e0 modeler est extr\u00eamement sal\u00e9e pour emp\u00eacher toute ingestion accidentelle. Avec sa texture douce et mall\u00e9able, elle ne s\u00e8che pas pendant le jeu et reste agr\u00e9able \u00e0 manipuler. Les pots refermables permettent une conservation optimale et garantissent une utilisation prolong\u00e9e. De plus, elle se nettoie facilement sur la plupart des textiles, assurant un jeu propre et sans souci. Ce kit permet aux tout-petits de d\u00e9velopper leur motricit\u00e9 fine tout en s\u2019amusant avec des outils sp\u00e9cialement con\u00e7us pour leurs petites mains. Gr\u00e2ce \u00e0 la p\u00e2te \u00e0 modeler My First de SES Creative, offrez \u00e0 votre enfant une activit\u00e9 ludique et \u00e9ducative qui favorise sa cr\u00e9ativit\u00e9 tout en assurant sa s\u00e9curit\u00e9. Un incontournable pour les premi\u00e8res exp\u00e9riences artistiques des b\u00e9b\u00e9s d\u00e8s 12 mois !<\/p>\n","protected":false},"excerpt":{"rendered":"<p>My First est une gamme de produits con\u00e7us sp\u00e9cialement pour les jeunes enfants d\u00e8s 12 mois, garantissant une exp\u00e9rience cr\u00e9ative en toute s\u00e9curit\u00e9. Ce kit de p\u00e2te \u00e0 modeler de SES Creative comprend 3 pots aux couleurs vives (jaune, rouge, bleu) ainsi qu\u2019un petit marteau et un rouleau pour stimuler l\u2019imagination et la motricit\u00e9 des [&hellip;]<\/p>\n","protected":false},"featured_media":102996,"comment_status":"closed","ping_status":"closed","template":"","meta":{"_acf_changed":false},"product_brand":[],"product_cat":[123],"product_tag":[],"class_list":{"0":"post-118342","1":"product","2":"type-product","3":"status-publish","4":"has-post-thumbnail","6":"product_cat-bebe-tout-petit","7":"pa_leeftijd-filter-0-2-ans","8":"pa_meest-populair-bij-garcons-filles","10":"first","11":"instock","12":"shipping-taxable","13":"product-type-simple"},"acf":[],"yoast_head":"<!-- This site is optimized with the Yoast SEO plugin v27.2 - https:\/\/yoast.com\/product\/yoast-seo-wordpress\/ -->\n<title>My first - P\u00e2te \u00e0 modeler avec outils 3x90gr - SES Creative<\/title>\n<meta name=\"robots\" content=\"index, follow, max-snippet:-1, max-image-preview:large, max-video-preview:-1\" \/>\n<link rel=\"canonical\" href=\"https:\/\/ses-creative.com\/fr\/produit\/my-first-pate-a-modeler-avec-outils-3x90gr\/\" \/>\n<meta property=\"og:locale\" content=\"fr_FR\" \/>\n<meta property=\"og:type\" content=\"article\" \/>\n<meta property=\"og:title\" content=\"My first - P\u00e2te \u00e0 modeler avec outils 3x90gr - SES Creative\" \/>\n<meta property=\"og:description\" content=\"My First est une gamme de produits con\u00e7us sp\u00e9cialement pour les jeunes enfants d\u00e8s 12 mois, garantissant une exp\u00e9rience cr\u00e9ative en toute s\u00e9curit\u00e9. Ce kit de p\u00e2te \u00e0 modeler de SES Creative comprend 3 pots aux couleurs vives (jaune, rouge, bleu) ainsi qu\u2019un petit marteau et un rouleau pour stimuler l\u2019imagination et la motricit\u00e9 des [&hellip;]\" \/>\n<meta property=\"og:url\" content=\"https:\/\/ses-creative.com\/fr\/produit\/my-first-pate-a-modeler-avec-outils-3x90gr\/\" \/>\n<meta property=\"og:site_name\" content=\"SES Creative\" \/>\n<meta property=\"article:modified_time\" content=\"2026-02-12T10:22:59+00:00\" \/>\n<meta name=\"twitter:card\" content=\"summary_large_image\" \/>\n<meta name=\"twitter:label1\" content=\"Dur\u00e9e de lecture estim\u00e9e\" \/>\n\t<meta name=\"twitter:data1\" content=\"1 minute\" \/>\n<script type=\"application\/ld+json\" class=\"yoast-schema-graph\">{\"@context\":\"https:\/\/schema.org\",\"@graph\":[{\"@type\":\"WebPage\",\"@id\":\"https:\/\/ses-creative.com\/fr\/produit\/my-first-pate-a-modeler-avec-outils-3x90gr\/\",\"url\":\"https:\/\/ses-creative.com\/fr\/produit\/my-first-pate-a-modeler-avec-outils-3x90gr\/\",\"name\":\"My first - P\u00e2te \u00e0 modeler avec outils 3x90gr - SES Creative\",\"isPartOf\":{\"@id\":\"https:\/\/ses-creative.com\/#website\"},\"primaryImageOfPage\":{\"@id\":\"https:\/\/ses-creative.com\/fr\/produit\/my-first-pate-a-modeler-avec-outils-3x90gr\/#primaryimage\"},\"image\":{\"@id\":\"https:\/\/ses-creative.com\/fr\/produit\/my-first-pate-a-modeler-avec-outils-3x90gr\/#primaryimage\"},\"thumbnailUrl\":\"https:\/\/ses-creative.com\/wp-content\/uploads\/2026\/01\/144321.jpg\",\"datePublished\":\"2026-02-12T10:09:27+00:00\",\"dateModified\":\"2026-02-12T10:22:59+00:00\",\"breadcrumb\":{\"@id\":\"https:\/\/ses-creative.com\/fr\/produit\/my-first-pate-a-modeler-avec-outils-3x90gr\/#breadcrumb\"},\"inLanguage\":\"fr-FR\",\"potentialAction\":[{\"@type\":\"ReadAction\",\"target\":[\"https:\/\/ses-creative.com\/fr\/produit\/my-first-pate-a-modeler-avec-outils-3x90gr\/\"]}]},{\"@type\":\"ImageObject\",\"inLanguage\":\"fr-FR\",\"@id\":\"https:\/\/ses-creative.com\/fr\/produit\/my-first-pate-a-modeler-avec-outils-3x90gr\/#primaryimage\",\"url\":\"https:\/\/ses-creative.com\/wp-content\/uploads\/2026\/01\/144321.jpg\",\"contentUrl\":\"https:\/\/ses-creative.com\/wp-content\/uploads\/2026\/01\/144321.jpg\",\"width\":1000,\"height\":1000},{\"@type\":\"BreadcrumbList\",\"@id\":\"https:\/\/ses-creative.com\/fr\/produit\/my-first-pate-a-modeler-avec-outils-3x90gr\/#breadcrumb\",\"itemListElement\":[{\"@type\":\"ListItem\",\"position\":1,\"name\":\"Boutique\",\"item\":\"https:\/\/ses-creative.com\/fr\/boutique\/\"},{\"@type\":\"ListItem\",\"position\":2,\"name\":\"B\u00e9b\u00e9 &amp; Tout-petit\",\"item\":\"https:\/\/ses-creative.com\/fr\/product-categorie\/bebe-tout-petit\/\"},{\"@type\":\"ListItem\",\"position\":3,\"name\":\"My first &#8211; P\u00e2te \u00e0 modeler avec outils 3x90gr\"}]},{\"@type\":\"WebSite\",\"@id\":\"https:\/\/ses-creative.com\/#website\",\"url\":\"https:\/\/ses-creative.com\/\",\"name\":\"SES Creative\",\"description\":\"\",\"publisher\":{\"@id\":\"https:\/\/ses-creative.com\/#organization\"},\"potentialAction\":[{\"@type\":\"SearchAction\",\"target\":{\"@type\":\"EntryPoint\",\"urlTemplate\":\"https:\/\/ses-creative.com\/?s={search_term_string}\"},\"query-input\":{\"@type\":\"PropertyValueSpecification\",\"valueRequired\":true,\"valueName\":\"search_term_string\"}}],\"inLanguage\":\"fr-FR\"},{\"@type\":\"Organization\",\"@id\":\"https:\/\/ses-creative.com\/#organization\",\"name\":\"SES Creative\",\"url\":\"https:\/\/ses-creative.com\/\",\"logo\":{\"@type\":\"ImageObject\",\"inLanguage\":\"fr-FR\",\"@id\":\"https:\/\/ses-creative.com\/#\/schema\/logo\/image\/\",\"url\":\"https:\/\/ses-creative.com\/wp-content\/uploads\/2025\/10\/ses-creative-logo.jpg\",\"contentUrl\":\"https:\/\/ses-creative.com\/wp-content\/uploads\/2025\/10\/ses-creative-logo.jpg\",\"width\":2037,\"height\":2037,\"caption\":\"SES Creative\"},\"image\":{\"@id\":\"https:\/\/ses-creative.com\/#\/schema\/logo\/image\/\"}}]}<\/script>\n<!-- \/ Yoast SEO plugin. -->","yoast_head_json":{"title":"My first - P\u00e2te \u00e0 modeler avec outils 3x90gr - SES Creative","robots":{"index":"index","follow":"follow","max-snippet":"max-snippet:-1","max-image-preview":"max-image-preview:large","max-video-preview":"max-video-preview:-1"},"canonical":"https:\/\/ses-creative.com\/fr\/produit\/my-first-pate-a-modeler-avec-outils-3x90gr\/","og_locale":"fr_FR","og_type":"article","og_title":"My first - P\u00e2te \u00e0 modeler avec outils 3x90gr - SES Creative","og_description":"My First est une gamme de produits con\u00e7us sp\u00e9cialement pour les jeunes enfants d\u00e8s 12 mois, garantissant une exp\u00e9rience cr\u00e9ative en toute s\u00e9curit\u00e9. Ce kit de p\u00e2te \u00e0 modeler de SES Creative comprend 3 pots aux couleurs vives (jaune, rouge, bleu) ainsi qu\u2019un petit marteau et un rouleau pour stimuler l\u2019imagination et la motricit\u00e9 des [&hellip;]","og_url":"https:\/\/ses-creative.com\/fr\/produit\/my-first-pate-a-modeler-avec-outils-3x90gr\/","og_site_name":"SES Creative","article_modified_time":"2026-02-12T10:22:59+00:00","twitter_card":"summary_large_image","twitter_misc":{"Dur\u00e9e de lecture estim\u00e9e":"1 minute"},"schema":{"@context":"https:\/\/schema.org","@graph":[{"@type":"WebPage","@id":"https:\/\/ses-creative.com\/fr\/produit\/my-first-pate-a-modeler-avec-outils-3x90gr\/","url":"https:\/\/ses-creative.com\/fr\/produit\/my-first-pate-a-modeler-avec-outils-3x90gr\/","name":"My first - P\u00e2te \u00e0 modeler avec outils 3x90gr - SES Creative","isPartOf":{"@id":"https:\/\/ses-creative.com\/#website"},"primaryImageOfPage":{"@id":"https:\/\/ses-creative.com\/fr\/produit\/my-first-pate-a-modeler-avec-outils-3x90gr\/#primaryimage"},"image":{"@id":"https:\/\/ses-creative.com\/fr\/produit\/my-first-pate-a-modeler-avec-outils-3x90gr\/#primaryimage"},"thumbnailUrl":"https:\/\/ses-creative.com\/wp-content\/uploads\/2026\/01\/144321.jpg","datePublished":"2026-02-12T10:09:27+00:00","dateModified":"2026-02-12T10:22:59+00:00","breadcrumb":{"@id":"https:\/\/ses-creative.com\/fr\/produit\/my-first-pate-a-modeler-avec-outils-3x90gr\/#breadcrumb"},"inLanguage":"fr-FR","potentialAction":[{"@type":"ReadAction","target":["https:\/\/ses-creative.com\/fr\/produit\/my-first-pate-a-modeler-avec-outils-3x90gr\/"]}]},{"@type":"ImageObject","inLanguage":"fr-FR","@id":"https:\/\/ses-creative.com\/fr\/produit\/my-first-pate-a-modeler-avec-outils-3x90gr\/#primaryimage","url":"https:\/\/ses-creative.com\/wp-content\/uploads\/2026\/01\/144321.jpg","contentUrl":"https:\/\/ses-creative.com\/wp-content\/uploads\/2026\/01\/144321.jpg","width":1000,"height":1000},{"@type":"BreadcrumbList","@id":"https:\/\/ses-creative.com\/fr\/produit\/my-first-pate-a-modeler-avec-outils-3x90gr\/#breadcrumb","itemListElement":[{"@type":"ListItem","position":1,"name":"Boutique","item":"https:\/\/ses-creative.com\/fr\/boutique\/"},{"@type":"ListItem","position":2,"name":"B\u00e9b\u00e9 &amp; Tout-petit","item":"https:\/\/ses-creative.com\/fr\/product-categorie\/bebe-tout-petit\/"},{"@type":"ListItem","position":3,"name":"My first &#8211; P\u00e2te \u00e0 modeler avec outils 3x90gr"}]},{"@type":"WebSite","@id":"https:\/\/ses-creative.com\/#website","url":"https:\/\/ses-creative.com\/","name":"SES Creative","description":"","publisher":{"@id":"https:\/\/ses-creative.com\/#organization"},"potentialAction":[{"@type":"SearchAction","target":{"@type":"EntryPoint","urlTemplate":"https:\/\/ses-creative.com\/?s={search_term_string}"},"query-input":{"@type":"PropertyValueSpecification","valueRequired":true,"valueName":"search_term_string"}}],"inLanguage":"fr-FR"},{"@type":"Organization","@id":"https:\/\/ses-creative.com\/#organization","name":"SES Creative","url":"https:\/\/ses-creative.com\/","logo":{"@type":"ImageObject","inLanguage":"fr-FR","@id":"https:\/\/ses-creative.com\/#\/schema\/logo\/image\/","url":"https:\/\/ses-creative.com\/wp-content\/uploads\/2025\/10\/ses-creative-logo.jpg","contentUrl":"https:\/\/ses-creative.com\/wp-content\/uploads\/2025\/10\/ses-creative-logo.jpg","width":2037,"height":2037,"caption":"SES Creative"},"image":{"@id":"https:\/\/ses-creative.com\/#\/schema\/logo\/image\/"}}]}},"_links":{"self":[{"href":"https:\/\/ses-creative.com\/fr\/wp-json\/wp\/v2\/product\/118342","targetHints":{"allow":["GET"]}}],"collection":[{"href":"https:\/\/ses-creative.com\/fr\/wp-json\/wp\/v2\/product"}],"about":[{"href":"https:\/\/ses-creative.com\/fr\/wp-json\/wp\/v2\/types\/product"}],"replies":[{"embeddable":true,"href":"https:\/\/ses-creative.com\/fr\/wp-json\/wp\/v2\/comments?post=118342"}],"wp:featuredmedia":[{"embeddable":true,"href":"https:\/\/ses-creative.com\/fr\/wp-json\/wp\/v2\/media\/102996"}],"wp:attachment":[{"href":"https:\/\/ses-creative.com\/fr\/wp-json\/wp\/v2\/media?parent=118342"}],"wp:term":[{"taxonomy":"product_brand","embeddable":true,"href":"https:\/\/ses-creative.com\/fr\/wp-json\/wp\/v2\/product_brand?post=118342"},{"taxonomy":"product_cat","embeddable":true,"href":"https:\/\/ses-creative.com\/fr\/wp-json\/wp\/v2\/product_cat?post=118342"},{"taxonomy":"product_tag","embeddable":true,"href":"https:\/\/ses-creative.com\/fr\/wp-json\/wp\/v2\/product_tag?post=118342"}],"curies":[{"name":"wp","href":"https:\/\/api.w.org\/{rel}","templated":true}]}}