











{"id":118341,"date":"2026-02-12T10:09:27","date_gmt":"2026-02-12T10:09:27","guid":{"rendered":"https:\/\/ses-creative.com\/?post_type=product&#038;p=118341"},"modified":"2026-02-12T10:22:59","modified_gmt":"2026-02-12T10:22:59","slug":"my-first-pate-a-modeler-4x90gr","status":"publish","type":"product","link":"https:\/\/ses-creative.com\/fr\/produit\/my-first-pate-a-modeler-4x90gr\/","title":{"rendered":"My first &#8211; P\u00e2te \u00e0 modeler 4x90gr"},"content":{"rendered":"<p>Jouez avec de la p\u00e2te \u00e0 modeler douce pour les tout-petits !<br \/>\nD\u00e9couvrez la magie de la p\u00e2te \u00e0 modeler avec cette p\u00e2te My First de SES Creative. Cette p\u00e2te \u00e0 modeler sans gluten est sp\u00e9cialement con\u00e7ue pour les tout-petits, \u00e0 partir de 1 an. Avec les pots de p\u00e2te \u00e0 modeler douce aux couleurs gaies et un pot de p\u00e2te \u00e0 modeler paillet\u00e9e, les enfants peuvent laisser libre cours \u00e0 leur imagination. Cette p\u00e2te \u00e0 modeler ne s\u00e8che pas pendant le jeu et est parfaitement adapt\u00e9e aux petites mains. Id\u00e9ale et sans danger pour les jeunes enfants qui font leurs premiers pas dans le monde de la cr\u00e9ativit\u00e9 !<br \/>\nCe qui rend ce set g\u00e9nial<br \/>\n&#8211;    P\u00e2te \u00e0 modeler souple qui ne s\u00e8che pas pendant le jeu<br \/>\n&#8211; La p\u00e2te a un go\u00fbt sal\u00e9 qui dissuade les enfants de la mettre dans leur bouche<br \/>\n&#8211; Encore plus amusant avec de la p\u00e2te \u00e0 modeler paillet\u00e9e<br \/>\n&#8211;    S\u00fbre et adapt\u00e9e aux enfants. Sans gluten<br \/>\n&#8211;    Parfait pour les enfants \u00e0 partir de 1 an<br \/>\nD\u00e9veloppez votre cr\u00e9ativit\u00e9 avec de la p\u00e2te \u00e0 modeler souple<br \/>\nAvec ce kit, les enfants peuvent r\u00e9aliser leurs premi\u00e8res \u0153uvres d&rsquo;art avec de la p\u00e2te \u00e0 modeler. Sa texture douce et facile \u00e0 travailler est id\u00e9ale pour les jeunes enfants qui souhaitent d\u00e9velopper leur motricit\u00e9 et stimuler leur cr\u00e9ativit\u00e9. Ce kit est id\u00e9al pour les parents qui souhaitent faire profiter leurs enfants d&rsquo;une activit\u00e9 s\u00fbre et cr\u00e9ative. Il offre un excellent moyen de jouer et d&rsquo;apprendre tout en favorisant le d\u00e9veloppement moteur de votre enfant.<br \/>\nContenu du kit<br \/>\n&#8211;    4 pots d&rsquo;argile : orange, vert, bleu et violet avec des paillettes (4 x 90 g)<br \/>\nPourquoi choisir SES Creative ?<br \/>\nChez SES Creative, nous accordons une grande importance \u00e0 la s\u00e9curit\u00e9. C&rsquo;est pourquoi nos produits sont fabriqu\u00e9s et test\u00e9s dans notre usine aux Pays-Bas, conform\u00e9ment aux normes de s\u00e9curit\u00e9 europ\u00e9ennes les plus strictes. Les jouets SES Creative sont source de plaisir et permettent aux enfants d&rsquo;\u00eatre fiers de leur travail, ce qui stimule leur cr\u00e9ativit\u00e9 et leur d\u00e9veloppement.<br \/>\nCommencez d\u00e8s aujourd&rsquo;hui \u00e0 modeler !<br \/>\nD\u00e9couvrez le plaisir de modeler avec ce kit My First et laissez votre enfant cr\u00e9er les plus belles \u0153uvres. Parfait pour des heures de plaisir !<\/p>\n","protected":false},"excerpt":{"rendered":"<p>Jouez avec de la p\u00e2te \u00e0 modeler douce pour les tout-petits ! D\u00e9couvrez la magie de la p\u00e2te \u00e0 modeler avec cette p\u00e2te My First de SES Creative. Cette p\u00e2te \u00e0 modeler sans gluten est sp\u00e9cialement con\u00e7ue pour les tout-petits, \u00e0 partir de 1 an. Avec les pots de p\u00e2te \u00e0 modeler douce aux couleurs [&hellip;]<\/p>\n","protected":false},"featured_media":95400,"comment_status":"closed","ping_status":"closed","template":"","meta":{"_acf_changed":false},"product_brand":[],"product_cat":[123],"product_tag":[],"class_list":{"0":"post-118341","1":"product","2":"type-product","3":"status-publish","4":"has-post-thumbnail","6":"product_cat-bebe-tout-petit","7":"pa_leeftijd-filter-0-2-ans","8":"pa_meest-populair-bij-garcons-filles","10":"first","11":"instock","12":"shipping-taxable","13":"product-type-simple"},"acf":[],"yoast_head":"<!-- This site is optimized with the Yoast SEO plugin v27.2 - https:\/\/yoast.com\/product\/yoast-seo-wordpress\/ -->\n<title>My first - P\u00e2te \u00e0 modeler 4x90gr - SES Creative<\/title>\n<meta name=\"robots\" content=\"index, follow, max-snippet:-1, max-image-preview:large, max-video-preview:-1\" \/>\n<link rel=\"canonical\" href=\"https:\/\/ses-creative.com\/fr\/produit\/my-first-pate-a-modeler-4x90gr\/\" \/>\n<meta property=\"og:locale\" content=\"fr_FR\" \/>\n<meta property=\"og:type\" content=\"article\" \/>\n<meta property=\"og:title\" content=\"My first - P\u00e2te \u00e0 modeler 4x90gr - SES Creative\" \/>\n<meta property=\"og:description\" content=\"Jouez avec de la p\u00e2te \u00e0 modeler douce pour les tout-petits ! D\u00e9couvrez la magie de la p\u00e2te \u00e0 modeler avec cette p\u00e2te My First de SES Creative. Cette p\u00e2te \u00e0 modeler sans gluten est sp\u00e9cialement con\u00e7ue pour les tout-petits, \u00e0 partir de 1 an. Avec les pots de p\u00e2te \u00e0 modeler douce aux couleurs [&hellip;]\" \/>\n<meta property=\"og:url\" content=\"https:\/\/ses-creative.com\/fr\/produit\/my-first-pate-a-modeler-4x90gr\/\" \/>\n<meta property=\"og:site_name\" content=\"SES Creative\" \/>\n<meta property=\"article:modified_time\" content=\"2026-02-12T10:22:59+00:00\" \/>\n<meta name=\"twitter:card\" content=\"summary_large_image\" \/>\n<meta name=\"twitter:label1\" content=\"Dur\u00e9e de lecture estim\u00e9e\" \/>\n\t<meta name=\"twitter:data1\" content=\"2 minutes\" \/>\n<script type=\"application\/ld+json\" class=\"yoast-schema-graph\">{\"@context\":\"https:\/\/schema.org\",\"@graph\":[{\"@type\":\"WebPage\",\"@id\":\"https:\/\/ses-creative.com\/fr\/produit\/my-first-pate-a-modeler-4x90gr\/\",\"url\":\"https:\/\/ses-creative.com\/fr\/produit\/my-first-pate-a-modeler-4x90gr\/\",\"name\":\"My first - P\u00e2te \u00e0 modeler 4x90gr - SES Creative\",\"isPartOf\":{\"@id\":\"https:\/\/ses-creative.com\/#website\"},\"primaryImageOfPage\":{\"@id\":\"https:\/\/ses-creative.com\/fr\/produit\/my-first-pate-a-modeler-4x90gr\/#primaryimage\"},\"image\":{\"@id\":\"https:\/\/ses-creative.com\/fr\/produit\/my-first-pate-a-modeler-4x90gr\/#primaryimage\"},\"thumbnailUrl\":\"https:\/\/ses-creative.com\/wp-content\/uploads\/2026\/01\/144311.jpg\",\"datePublished\":\"2026-02-12T10:09:27+00:00\",\"dateModified\":\"2026-02-12T10:22:59+00:00\",\"breadcrumb\":{\"@id\":\"https:\/\/ses-creative.com\/fr\/produit\/my-first-pate-a-modeler-4x90gr\/#breadcrumb\"},\"inLanguage\":\"fr-FR\",\"potentialAction\":[{\"@type\":\"ReadAction\",\"target\":[\"https:\/\/ses-creative.com\/fr\/produit\/my-first-pate-a-modeler-4x90gr\/\"]}]},{\"@type\":\"ImageObject\",\"inLanguage\":\"fr-FR\",\"@id\":\"https:\/\/ses-creative.com\/fr\/produit\/my-first-pate-a-modeler-4x90gr\/#primaryimage\",\"url\":\"https:\/\/ses-creative.com\/wp-content\/uploads\/2026\/01\/144311.jpg\",\"contentUrl\":\"https:\/\/ses-creative.com\/wp-content\/uploads\/2026\/01\/144311.jpg\",\"width\":1000,\"height\":1000},{\"@type\":\"BreadcrumbList\",\"@id\":\"https:\/\/ses-creative.com\/fr\/produit\/my-first-pate-a-modeler-4x90gr\/#breadcrumb\",\"itemListElement\":[{\"@type\":\"ListItem\",\"position\":1,\"name\":\"Boutique\",\"item\":\"https:\/\/ses-creative.com\/fr\/boutique\/\"},{\"@type\":\"ListItem\",\"position\":2,\"name\":\"B\u00e9b\u00e9 &amp; Tout-petit\",\"item\":\"https:\/\/ses-creative.com\/fr\/product-categorie\/bebe-tout-petit\/\"},{\"@type\":\"ListItem\",\"position\":3,\"name\":\"My first &#8211; P\u00e2te \u00e0 modeler 4x90gr\"}]},{\"@type\":\"WebSite\",\"@id\":\"https:\/\/ses-creative.com\/#website\",\"url\":\"https:\/\/ses-creative.com\/\",\"name\":\"SES Creative\",\"description\":\"\",\"publisher\":{\"@id\":\"https:\/\/ses-creative.com\/#organization\"},\"potentialAction\":[{\"@type\":\"SearchAction\",\"target\":{\"@type\":\"EntryPoint\",\"urlTemplate\":\"https:\/\/ses-creative.com\/?s={search_term_string}\"},\"query-input\":{\"@type\":\"PropertyValueSpecification\",\"valueRequired\":true,\"valueName\":\"search_term_string\"}}],\"inLanguage\":\"fr-FR\"},{\"@type\":\"Organization\",\"@id\":\"https:\/\/ses-creative.com\/#organization\",\"name\":\"SES Creative\",\"url\":\"https:\/\/ses-creative.com\/\",\"logo\":{\"@type\":\"ImageObject\",\"inLanguage\":\"fr-FR\",\"@id\":\"https:\/\/ses-creative.com\/#\/schema\/logo\/image\/\",\"url\":\"https:\/\/ses-creative.com\/wp-content\/uploads\/2025\/10\/ses-creative-logo.jpg\",\"contentUrl\":\"https:\/\/ses-creative.com\/wp-content\/uploads\/2025\/10\/ses-creative-logo.jpg\",\"width\":2037,\"height\":2037,\"caption\":\"SES Creative\"},\"image\":{\"@id\":\"https:\/\/ses-creative.com\/#\/schema\/logo\/image\/\"}}]}<\/script>\n<!-- \/ Yoast SEO plugin. -->","yoast_head_json":{"title":"My first - P\u00e2te \u00e0 modeler 4x90gr - SES Creative","robots":{"index":"index","follow":"follow","max-snippet":"max-snippet:-1","max-image-preview":"max-image-preview:large","max-video-preview":"max-video-preview:-1"},"canonical":"https:\/\/ses-creative.com\/fr\/produit\/my-first-pate-a-modeler-4x90gr\/","og_locale":"fr_FR","og_type":"article","og_title":"My first - P\u00e2te \u00e0 modeler 4x90gr - SES Creative","og_description":"Jouez avec de la p\u00e2te \u00e0 modeler douce pour les tout-petits ! D\u00e9couvrez la magie de la p\u00e2te \u00e0 modeler avec cette p\u00e2te My First de SES Creative. Cette p\u00e2te \u00e0 modeler sans gluten est sp\u00e9cialement con\u00e7ue pour les tout-petits, \u00e0 partir de 1 an. Avec les pots de p\u00e2te \u00e0 modeler douce aux couleurs [&hellip;]","og_url":"https:\/\/ses-creative.com\/fr\/produit\/my-first-pate-a-modeler-4x90gr\/","og_site_name":"SES Creative","article_modified_time":"2026-02-12T10:22:59+00:00","twitter_card":"summary_large_image","twitter_misc":{"Dur\u00e9e de lecture estim\u00e9e":"2 minutes"},"schema":{"@context":"https:\/\/schema.org","@graph":[{"@type":"WebPage","@id":"https:\/\/ses-creative.com\/fr\/produit\/my-first-pate-a-modeler-4x90gr\/","url":"https:\/\/ses-creative.com\/fr\/produit\/my-first-pate-a-modeler-4x90gr\/","name":"My first - P\u00e2te \u00e0 modeler 4x90gr - SES Creative","isPartOf":{"@id":"https:\/\/ses-creative.com\/#website"},"primaryImageOfPage":{"@id":"https:\/\/ses-creative.com\/fr\/produit\/my-first-pate-a-modeler-4x90gr\/#primaryimage"},"image":{"@id":"https:\/\/ses-creative.com\/fr\/produit\/my-first-pate-a-modeler-4x90gr\/#primaryimage"},"thumbnailUrl":"https:\/\/ses-creative.com\/wp-content\/uploads\/2026\/01\/144311.jpg","datePublished":"2026-02-12T10:09:27+00:00","dateModified":"2026-02-12T10:22:59+00:00","breadcrumb":{"@id":"https:\/\/ses-creative.com\/fr\/produit\/my-first-pate-a-modeler-4x90gr\/#breadcrumb"},"inLanguage":"fr-FR","potentialAction":[{"@type":"ReadAction","target":["https:\/\/ses-creative.com\/fr\/produit\/my-first-pate-a-modeler-4x90gr\/"]}]},{"@type":"ImageObject","inLanguage":"fr-FR","@id":"https:\/\/ses-creative.com\/fr\/produit\/my-first-pate-a-modeler-4x90gr\/#primaryimage","url":"https:\/\/ses-creative.com\/wp-content\/uploads\/2026\/01\/144311.jpg","contentUrl":"https:\/\/ses-creative.com\/wp-content\/uploads\/2026\/01\/144311.jpg","width":1000,"height":1000},{"@type":"BreadcrumbList","@id":"https:\/\/ses-creative.com\/fr\/produit\/my-first-pate-a-modeler-4x90gr\/#breadcrumb","itemListElement":[{"@type":"ListItem","position":1,"name":"Boutique","item":"https:\/\/ses-creative.com\/fr\/boutique\/"},{"@type":"ListItem","position":2,"name":"B\u00e9b\u00e9 &amp; Tout-petit","item":"https:\/\/ses-creative.com\/fr\/product-categorie\/bebe-tout-petit\/"},{"@type":"ListItem","position":3,"name":"My first &#8211; P\u00e2te \u00e0 modeler 4x90gr"}]},{"@type":"WebSite","@id":"https:\/\/ses-creative.com\/#website","url":"https:\/\/ses-creative.com\/","name":"SES Creative","description":"","publisher":{"@id":"https:\/\/ses-creative.com\/#organization"},"potentialAction":[{"@type":"SearchAction","target":{"@type":"EntryPoint","urlTemplate":"https:\/\/ses-creative.com\/?s={search_term_string}"},"query-input":{"@type":"PropertyValueSpecification","valueRequired":true,"valueName":"search_term_string"}}],"inLanguage":"fr-FR"},{"@type":"Organization","@id":"https:\/\/ses-creative.com\/#organization","name":"SES Creative","url":"https:\/\/ses-creative.com\/","logo":{"@type":"ImageObject","inLanguage":"fr-FR","@id":"https:\/\/ses-creative.com\/#\/schema\/logo\/image\/","url":"https:\/\/ses-creative.com\/wp-content\/uploads\/2025\/10\/ses-creative-logo.jpg","contentUrl":"https:\/\/ses-creative.com\/wp-content\/uploads\/2025\/10\/ses-creative-logo.jpg","width":2037,"height":2037,"caption":"SES Creative"},"image":{"@id":"https:\/\/ses-creative.com\/#\/schema\/logo\/image\/"}}]}},"_links":{"self":[{"href":"https:\/\/ses-creative.com\/fr\/wp-json\/wp\/v2\/product\/118341","targetHints":{"allow":["GET"]}}],"collection":[{"href":"https:\/\/ses-creative.com\/fr\/wp-json\/wp\/v2\/product"}],"about":[{"href":"https:\/\/ses-creative.com\/fr\/wp-json\/wp\/v2\/types\/product"}],"replies":[{"embeddable":true,"href":"https:\/\/ses-creative.com\/fr\/wp-json\/wp\/v2\/comments?post=118341"}],"wp:featuredmedia":[{"embeddable":true,"href":"https:\/\/ses-creative.com\/fr\/wp-json\/wp\/v2\/media\/95400"}],"wp:attachment":[{"href":"https:\/\/ses-creative.com\/fr\/wp-json\/wp\/v2\/media?parent=118341"}],"wp:term":[{"taxonomy":"product_brand","embeddable":true,"href":"https:\/\/ses-creative.com\/fr\/wp-json\/wp\/v2\/product_brand?post=118341"},{"taxonomy":"product_cat","embeddable":true,"href":"https:\/\/ses-creative.com\/fr\/wp-json\/wp\/v2\/product_cat?post=118341"},{"taxonomy":"product_tag","embeddable":true,"href":"https:\/\/ses-creative.com\/fr\/wp-json\/wp\/v2\/product_tag?post=118341"}],"curies":[{"name":"wp","href":"https:\/\/api.w.org\/{rel}","templated":true}]}}