











{"id":118340,"date":"2026-02-12T10:09:27","date_gmt":"2026-02-12T10:09:27","guid":{"rendered":"https:\/\/ses-creative.com\/?post_type=product&#038;p=118340"},"modified":"2026-02-12T10:22:59","modified_gmt":"2026-02-12T10:22:59","slug":"my-first-coller-des-formes","status":"publish","type":"product","link":"https:\/\/ses-creative.com\/fr\/produit\/my-first-coller-des-formes\/","title":{"rendered":"My first &#8211; Coller des formes"},"content":{"rendered":"<p>Ce coffret My First \u2013 Coller des Formes de SES Creative est con\u00e7u pour les enfants d\u00e8s 1 an. Il comprend 6 cartes imprim\u00e9es, des formes autocollantes vari\u00e9es et un tube de colle lavable. L\u2019enfant applique la colle avec le doigt sur les espaces vides et y colle la bonne forme. Cette activit\u00e9 d\u00e9veloppe la reconnaissance visuelle, la motricit\u00e9 fine et la concentration, tout en encourageant les premi\u00e8res interactions parent-enfant. Une activit\u00e9 propre, intuitive et \u00e9ducative enti\u00e8rement adapt\u00e9e aux tout-petits.<\/p>\n","protected":false},"excerpt":{"rendered":"<p>Ce coffret My First \u2013 Coller des Formes de SES Creative est con\u00e7u pour les enfants d\u00e8s 1 an. Il comprend 6 cartes imprim\u00e9es, des formes autocollantes vari\u00e9es et un tube de colle lavable. L\u2019enfant applique la colle avec le doigt sur les espaces vides et y colle la bonne forme. Cette activit\u00e9 d\u00e9veloppe la [&hellip;]<\/p>\n","protected":false},"featured_media":102976,"comment_status":"closed","ping_status":"closed","template":"","meta":{"_acf_changed":false},"product_brand":[],"product_cat":[123],"product_tag":[],"class_list":{"0":"post-118340","1":"product","2":"type-product","3":"status-publish","4":"has-post-thumbnail","6":"product_cat-bebe-tout-petit","7":"pa_leeftijd-filter-0-2-ans","8":"pa_meest-populair-bij-garcons-filles","10":"first","11":"instock","12":"shipping-taxable","13":"product-type-simple"},"acf":[],"yoast_head":"<!-- This site is optimized with the Yoast SEO plugin v27.2 - https:\/\/yoast.com\/product\/yoast-seo-wordpress\/ -->\n<title>My first - Coller des formes - SES Creative<\/title>\n<meta name=\"robots\" content=\"index, follow, max-snippet:-1, max-image-preview:large, max-video-preview:-1\" \/>\n<link rel=\"canonical\" href=\"https:\/\/ses-creative.com\/fr\/produit\/my-first-coller-des-formes\/\" \/>\n<meta property=\"og:locale\" content=\"fr_FR\" \/>\n<meta property=\"og:type\" content=\"article\" \/>\n<meta property=\"og:title\" content=\"My first - Coller des formes - SES Creative\" \/>\n<meta property=\"og:description\" content=\"Ce coffret My First \u2013 Coller des Formes de SES Creative est con\u00e7u pour les enfants d\u00e8s 1 an. Il comprend 6 cartes imprim\u00e9es, des formes autocollantes vari\u00e9es et un tube de colle lavable. L\u2019enfant applique la colle avec le doigt sur les espaces vides et y colle la bonne forme. Cette activit\u00e9 d\u00e9veloppe la [&hellip;]\" \/>\n<meta property=\"og:url\" content=\"https:\/\/ses-creative.com\/fr\/produit\/my-first-coller-des-formes\/\" \/>\n<meta property=\"og:site_name\" content=\"SES Creative\" \/>\n<meta property=\"article:modified_time\" content=\"2026-02-12T10:22:59+00:00\" \/>\n<meta name=\"twitter:card\" content=\"summary_large_image\" \/>\n<script type=\"application\/ld+json\" class=\"yoast-schema-graph\">{\"@context\":\"https:\/\/schema.org\",\"@graph\":[{\"@type\":\"WebPage\",\"@id\":\"https:\/\/ses-creative.com\/fr\/produit\/my-first-coller-des-formes\/\",\"url\":\"https:\/\/ses-creative.com\/fr\/produit\/my-first-coller-des-formes\/\",\"name\":\"My first - Coller des formes - SES Creative\",\"isPartOf\":{\"@id\":\"https:\/\/ses-creative.com\/#website\"},\"primaryImageOfPage\":{\"@id\":\"https:\/\/ses-creative.com\/fr\/produit\/my-first-coller-des-formes\/#primaryimage\"},\"image\":{\"@id\":\"https:\/\/ses-creative.com\/fr\/produit\/my-first-coller-des-formes\/#primaryimage\"},\"thumbnailUrl\":\"https:\/\/ses-creative.com\/wp-content\/uploads\/2026\/01\/144281.jpg\",\"datePublished\":\"2026-02-12T10:09:27+00:00\",\"dateModified\":\"2026-02-12T10:22:59+00:00\",\"breadcrumb\":{\"@id\":\"https:\/\/ses-creative.com\/fr\/produit\/my-first-coller-des-formes\/#breadcrumb\"},\"inLanguage\":\"fr-FR\",\"potentialAction\":[{\"@type\":\"ReadAction\",\"target\":[\"https:\/\/ses-creative.com\/fr\/produit\/my-first-coller-des-formes\/\"]}]},{\"@type\":\"ImageObject\",\"inLanguage\":\"fr-FR\",\"@id\":\"https:\/\/ses-creative.com\/fr\/produit\/my-first-coller-des-formes\/#primaryimage\",\"url\":\"https:\/\/ses-creative.com\/wp-content\/uploads\/2026\/01\/144281.jpg\",\"contentUrl\":\"https:\/\/ses-creative.com\/wp-content\/uploads\/2026\/01\/144281.jpg\",\"width\":1000,\"height\":1000},{\"@type\":\"BreadcrumbList\",\"@id\":\"https:\/\/ses-creative.com\/fr\/produit\/my-first-coller-des-formes\/#breadcrumb\",\"itemListElement\":[{\"@type\":\"ListItem\",\"position\":1,\"name\":\"Boutique\",\"item\":\"https:\/\/ses-creative.com\/fr\/boutique\/\"},{\"@type\":\"ListItem\",\"position\":2,\"name\":\"B\u00e9b\u00e9 &amp; Tout-petit\",\"item\":\"https:\/\/ses-creative.com\/fr\/product-categorie\/bebe-tout-petit\/\"},{\"@type\":\"ListItem\",\"position\":3,\"name\":\"My first &#8211; Coller des formes\"}]},{\"@type\":\"WebSite\",\"@id\":\"https:\/\/ses-creative.com\/#website\",\"url\":\"https:\/\/ses-creative.com\/\",\"name\":\"SES Creative\",\"description\":\"\",\"publisher\":{\"@id\":\"https:\/\/ses-creative.com\/#organization\"},\"potentialAction\":[{\"@type\":\"SearchAction\",\"target\":{\"@type\":\"EntryPoint\",\"urlTemplate\":\"https:\/\/ses-creative.com\/?s={search_term_string}\"},\"query-input\":{\"@type\":\"PropertyValueSpecification\",\"valueRequired\":true,\"valueName\":\"search_term_string\"}}],\"inLanguage\":\"fr-FR\"},{\"@type\":\"Organization\",\"@id\":\"https:\/\/ses-creative.com\/#organization\",\"name\":\"SES Creative\",\"url\":\"https:\/\/ses-creative.com\/\",\"logo\":{\"@type\":\"ImageObject\",\"inLanguage\":\"fr-FR\",\"@id\":\"https:\/\/ses-creative.com\/#\/schema\/logo\/image\/\",\"url\":\"https:\/\/ses-creative.com\/wp-content\/uploads\/2025\/10\/ses-creative-logo.jpg\",\"contentUrl\":\"https:\/\/ses-creative.com\/wp-content\/uploads\/2025\/10\/ses-creative-logo.jpg\",\"width\":2037,\"height\":2037,\"caption\":\"SES Creative\"},\"image\":{\"@id\":\"https:\/\/ses-creative.com\/#\/schema\/logo\/image\/\"}}]}<\/script>\n<!-- \/ Yoast SEO plugin. -->","yoast_head_json":{"title":"My first - Coller des formes - SES Creative","robots":{"index":"index","follow":"follow","max-snippet":"max-snippet:-1","max-image-preview":"max-image-preview:large","max-video-preview":"max-video-preview:-1"},"canonical":"https:\/\/ses-creative.com\/fr\/produit\/my-first-coller-des-formes\/","og_locale":"fr_FR","og_type":"article","og_title":"My first - Coller des formes - SES Creative","og_description":"Ce coffret My First \u2013 Coller des Formes de SES Creative est con\u00e7u pour les enfants d\u00e8s 1 an. Il comprend 6 cartes imprim\u00e9es, des formes autocollantes vari\u00e9es et un tube de colle lavable. L\u2019enfant applique la colle avec le doigt sur les espaces vides et y colle la bonne forme. Cette activit\u00e9 d\u00e9veloppe la [&hellip;]","og_url":"https:\/\/ses-creative.com\/fr\/produit\/my-first-coller-des-formes\/","og_site_name":"SES Creative","article_modified_time":"2026-02-12T10:22:59+00:00","twitter_card":"summary_large_image","schema":{"@context":"https:\/\/schema.org","@graph":[{"@type":"WebPage","@id":"https:\/\/ses-creative.com\/fr\/produit\/my-first-coller-des-formes\/","url":"https:\/\/ses-creative.com\/fr\/produit\/my-first-coller-des-formes\/","name":"My first - Coller des formes - SES Creative","isPartOf":{"@id":"https:\/\/ses-creative.com\/#website"},"primaryImageOfPage":{"@id":"https:\/\/ses-creative.com\/fr\/produit\/my-first-coller-des-formes\/#primaryimage"},"image":{"@id":"https:\/\/ses-creative.com\/fr\/produit\/my-first-coller-des-formes\/#primaryimage"},"thumbnailUrl":"https:\/\/ses-creative.com\/wp-content\/uploads\/2026\/01\/144281.jpg","datePublished":"2026-02-12T10:09:27+00:00","dateModified":"2026-02-12T10:22:59+00:00","breadcrumb":{"@id":"https:\/\/ses-creative.com\/fr\/produit\/my-first-coller-des-formes\/#breadcrumb"},"inLanguage":"fr-FR","potentialAction":[{"@type":"ReadAction","target":["https:\/\/ses-creative.com\/fr\/produit\/my-first-coller-des-formes\/"]}]},{"@type":"ImageObject","inLanguage":"fr-FR","@id":"https:\/\/ses-creative.com\/fr\/produit\/my-first-coller-des-formes\/#primaryimage","url":"https:\/\/ses-creative.com\/wp-content\/uploads\/2026\/01\/144281.jpg","contentUrl":"https:\/\/ses-creative.com\/wp-content\/uploads\/2026\/01\/144281.jpg","width":1000,"height":1000},{"@type":"BreadcrumbList","@id":"https:\/\/ses-creative.com\/fr\/produit\/my-first-coller-des-formes\/#breadcrumb","itemListElement":[{"@type":"ListItem","position":1,"name":"Boutique","item":"https:\/\/ses-creative.com\/fr\/boutique\/"},{"@type":"ListItem","position":2,"name":"B\u00e9b\u00e9 &amp; Tout-petit","item":"https:\/\/ses-creative.com\/fr\/product-categorie\/bebe-tout-petit\/"},{"@type":"ListItem","position":3,"name":"My first &#8211; Coller des formes"}]},{"@type":"WebSite","@id":"https:\/\/ses-creative.com\/#website","url":"https:\/\/ses-creative.com\/","name":"SES Creative","description":"","publisher":{"@id":"https:\/\/ses-creative.com\/#organization"},"potentialAction":[{"@type":"SearchAction","target":{"@type":"EntryPoint","urlTemplate":"https:\/\/ses-creative.com\/?s={search_term_string}"},"query-input":{"@type":"PropertyValueSpecification","valueRequired":true,"valueName":"search_term_string"}}],"inLanguage":"fr-FR"},{"@type":"Organization","@id":"https:\/\/ses-creative.com\/#organization","name":"SES Creative","url":"https:\/\/ses-creative.com\/","logo":{"@type":"ImageObject","inLanguage":"fr-FR","@id":"https:\/\/ses-creative.com\/#\/schema\/logo\/image\/","url":"https:\/\/ses-creative.com\/wp-content\/uploads\/2025\/10\/ses-creative-logo.jpg","contentUrl":"https:\/\/ses-creative.com\/wp-content\/uploads\/2025\/10\/ses-creative-logo.jpg","width":2037,"height":2037,"caption":"SES Creative"},"image":{"@id":"https:\/\/ses-creative.com\/#\/schema\/logo\/image\/"}}]}},"_links":{"self":[{"href":"https:\/\/ses-creative.com\/fr\/wp-json\/wp\/v2\/product\/118340","targetHints":{"allow":["GET"]}}],"collection":[{"href":"https:\/\/ses-creative.com\/fr\/wp-json\/wp\/v2\/product"}],"about":[{"href":"https:\/\/ses-creative.com\/fr\/wp-json\/wp\/v2\/types\/product"}],"replies":[{"embeddable":true,"href":"https:\/\/ses-creative.com\/fr\/wp-json\/wp\/v2\/comments?post=118340"}],"wp:featuredmedia":[{"embeddable":true,"href":"https:\/\/ses-creative.com\/fr\/wp-json\/wp\/v2\/media\/102976"}],"wp:attachment":[{"href":"https:\/\/ses-creative.com\/fr\/wp-json\/wp\/v2\/media?parent=118340"}],"wp:term":[{"taxonomy":"product_brand","embeddable":true,"href":"https:\/\/ses-creative.com\/fr\/wp-json\/wp\/v2\/product_brand?post=118340"},{"taxonomy":"product_cat","embeddable":true,"href":"https:\/\/ses-creative.com\/fr\/wp-json\/wp\/v2\/product_cat?post=118340"},{"taxonomy":"product_tag","embeddable":true,"href":"https:\/\/ses-creative.com\/fr\/wp-json\/wp\/v2\/product_tag?post=118340"}],"curies":[{"name":"wp","href":"https:\/\/api.w.org\/{rel}","templated":true}]}}