











{"id":118338,"date":"2026-02-12T10:09:27","date_gmt":"2026-02-12T10:09:27","guid":{"rendered":"https:\/\/ses-creative.com\/?post_type=product&#038;p=118338"},"modified":"2026-02-12T10:22:59","modified_gmt":"2026-02-12T10:22:59","slug":"my-first-coloriage-a-leau","status":"publish","type":"product","link":"https:\/\/ses-creative.com\/fr\/produit\/my-first-coloriage-a-leau\/","title":{"rendered":"My first &#8211; Coloriage \u00e0 l&rsquo;eau"},"content":{"rendered":"<p>Coloriage magique \u00e0 l&rsquo;eau !<br \/>\nD\u00e9couvrez la magie du coloriage sans bavures avec le set My First &#8211; Colorier \u00e0 l&rsquo;eau de SES Creative. Ce set est parfait pour les tout petits artistes. Utilisez le pinceau et voyez les couleurs appara\u00eetre sur les cartes pr\u00e9imprim\u00e9es, simplement en utilisant de l&rsquo;eau. C&rsquo;est la magie de l&rsquo;eau ! Id\u00e9al pour les tout-petits qui aiment \u00eatre cr\u00e9atifs, mais qui sont encore trop jeunes pour utiliser de la peinture ou des feutres.<br \/>\nCe qui rend ce kit g\u00e9nial<br \/>\n&#8211;    Pas de salissures, vous n&rsquo;avez besoin que d&rsquo;eau<br \/>\n&#8211;    S\u00fbr et adapt\u00e9 aux enfants \u00e0 partir de 1 an<br \/>\n&#8211; Stimule la cr\u00e9ativit\u00e9 et la motricit\u00e9 fine<br \/>\n&#8211;    Les cartes sont r\u00e9utilisables. Une fois s\u00e8ches, vous pouvez les r\u00e9utiliser \u00e0 l&rsquo;infini<br \/>\n&#8211;    Parfait pour une premi\u00e8re initiation aux couleurs<br \/>\nContenu du set<br \/>\n&#8211; 4 cartes magiques<br \/>\n&#8211; Pinceau s\u00fbr et adapt\u00e9 aux enfants<br \/>\nColorer sans souci<br \/>\nCe kit est id\u00e9al pour les enfants qui aiment dessiner et colorier, mais qui sont encore trop jeunes pour utiliser des kits de peinture ou de coloriage traditionnels. Gr\u00e2ce \u00e0 ce kit, les enfants peuvent d\u00e9couvrir leur cr\u00e9ativit\u00e9 en toute s\u00e9curit\u00e9 et en toute simplicit\u00e9. Les cartes sp\u00e9ciales r\u00e9v\u00e8lent les couleurs d\u00e8s qu&rsquo;elles entrent en contact avec l&rsquo;eau et un joli dessin repr\u00e9sentant un cheval, un dauphin ou un autre animal appara\u00eet. Colorier avec de l&rsquo;eau donne toujours un beau r\u00e9sultat dont les enfants peuvent \u00eatre fiers. Et le plus beau, c&rsquo;est qu&rsquo;une fois le dessin sec, il redevient blanc et les enfants peuvent recommencer \u00e0 colorier. Ainsi, ils peuvent s&rsquo;amuser encore et encore avec Water Magic !<br \/>\nPourquoi choisir SES Creative ?<br \/>\nChez SES Creative, nous accordons une grande importance \u00e0 la s\u00e9curit\u00e9. C&rsquo;est pourquoi nos produits sont fabriqu\u00e9s et test\u00e9s dans notre usine aux Pays-Bas, conform\u00e9ment aux normes de s\u00e9curit\u00e9 europ\u00e9ennes les plus strictes. Les jouets SES Creative sont source de plaisir et permettent aux enfants d&rsquo;\u00eatre fiers de leur travail, ce qui stimule leur cr\u00e9ativit\u00e9 et leur d\u00e9veloppement.<br \/>\nCommencez d\u00e8s aujourd&rsquo;hui \u00e0 colorier de mani\u00e8re magique !<br \/>\nAvec le kit My First &#8211; Colorer avec de l&rsquo;eau, les enfants peuvent cr\u00e9er leurs premi\u00e8res \u0153uvres d&rsquo;art de mani\u00e8re s\u00fbre et ludique. Prenez le pinceau, donnez vie aux couleurs et, d\u00e8s que le dessin est sec, vous pouvez recommencer !<\/p>\n","protected":false},"excerpt":{"rendered":"<p>Coloriage magique \u00e0 l&rsquo;eau ! D\u00e9couvrez la magie du coloriage sans bavures avec le set My First &#8211; Colorier \u00e0 l&rsquo;eau de SES Creative. Ce set est parfait pour les tout petits artistes. Utilisez le pinceau et voyez les couleurs appara\u00eetre sur les cartes pr\u00e9imprim\u00e9es, simplement en utilisant de l&rsquo;eau. C&rsquo;est la magie de l&rsquo;eau [&hellip;]<\/p>\n","protected":false},"featured_media":102936,"comment_status":"closed","ping_status":"closed","template":"","meta":{"_acf_changed":false},"product_brand":[],"product_cat":[123],"product_tag":[],"class_list":{"0":"post-118338","1":"product","2":"type-product","3":"status-publish","4":"has-post-thumbnail","6":"product_cat-bebe-tout-petit","7":"pa_leeftijd-filter-0-2-ans","8":"pa_meest-populair-bij-garcons-filles","10":"first","11":"instock","12":"shipping-taxable","13":"product-type-simple"},"acf":[],"yoast_head":"<!-- This site is optimized with the Yoast SEO plugin v27.2 - https:\/\/yoast.com\/product\/yoast-seo-wordpress\/ -->\n<title>My first - Coloriage \u00e0 l&#039;eau - SES Creative<\/title>\n<meta name=\"robots\" content=\"index, follow, max-snippet:-1, max-image-preview:large, max-video-preview:-1\" \/>\n<link rel=\"canonical\" href=\"https:\/\/ses-creative.com\/fr\/produit\/my-first-coloriage-a-leau\/\" \/>\n<meta property=\"og:locale\" content=\"fr_FR\" \/>\n<meta property=\"og:type\" content=\"article\" \/>\n<meta property=\"og:title\" content=\"My first - Coloriage \u00e0 l&#039;eau - SES Creative\" \/>\n<meta property=\"og:description\" content=\"Coloriage magique \u00e0 l&rsquo;eau ! D\u00e9couvrez la magie du coloriage sans bavures avec le set My First &#8211; Colorier \u00e0 l&rsquo;eau de SES Creative. Ce set est parfait pour les tout petits artistes. Utilisez le pinceau et voyez les couleurs appara\u00eetre sur les cartes pr\u00e9imprim\u00e9es, simplement en utilisant de l&rsquo;eau. C&rsquo;est la magie de l&rsquo;eau [&hellip;]\" \/>\n<meta property=\"og:url\" content=\"https:\/\/ses-creative.com\/fr\/produit\/my-first-coloriage-a-leau\/\" \/>\n<meta property=\"og:site_name\" content=\"SES Creative\" \/>\n<meta property=\"article:modified_time\" content=\"2026-02-12T10:22:59+00:00\" \/>\n<meta name=\"twitter:card\" content=\"summary_large_image\" \/>\n<meta name=\"twitter:label1\" content=\"Dur\u00e9e de lecture estim\u00e9e\" \/>\n\t<meta name=\"twitter:data1\" content=\"2 minutes\" \/>\n<script type=\"application\/ld+json\" class=\"yoast-schema-graph\">{\"@context\":\"https:\/\/schema.org\",\"@graph\":[{\"@type\":\"WebPage\",\"@id\":\"https:\/\/ses-creative.com\/fr\/produit\/my-first-coloriage-a-leau\/\",\"url\":\"https:\/\/ses-creative.com\/fr\/produit\/my-first-coloriage-a-leau\/\",\"name\":\"My first - Coloriage \u00e0 l'eau - SES Creative\",\"isPartOf\":{\"@id\":\"https:\/\/ses-creative.com\/#website\"},\"primaryImageOfPage\":{\"@id\":\"https:\/\/ses-creative.com\/fr\/produit\/my-first-coloriage-a-leau\/#primaryimage\"},\"image\":{\"@id\":\"https:\/\/ses-creative.com\/fr\/produit\/my-first-coloriage-a-leau\/#primaryimage\"},\"thumbnailUrl\":\"https:\/\/ses-creative.com\/wp-content\/uploads\/2026\/01\/144211.jpg\",\"datePublished\":\"2026-02-12T10:09:27+00:00\",\"dateModified\":\"2026-02-12T10:22:59+00:00\",\"breadcrumb\":{\"@id\":\"https:\/\/ses-creative.com\/fr\/produit\/my-first-coloriage-a-leau\/#breadcrumb\"},\"inLanguage\":\"fr-FR\",\"potentialAction\":[{\"@type\":\"ReadAction\",\"target\":[\"https:\/\/ses-creative.com\/fr\/produit\/my-first-coloriage-a-leau\/\"]}]},{\"@type\":\"ImageObject\",\"inLanguage\":\"fr-FR\",\"@id\":\"https:\/\/ses-creative.com\/fr\/produit\/my-first-coloriage-a-leau\/#primaryimage\",\"url\":\"https:\/\/ses-creative.com\/wp-content\/uploads\/2026\/01\/144211.jpg\",\"contentUrl\":\"https:\/\/ses-creative.com\/wp-content\/uploads\/2026\/01\/144211.jpg\",\"width\":1000,\"height\":1000},{\"@type\":\"BreadcrumbList\",\"@id\":\"https:\/\/ses-creative.com\/fr\/produit\/my-first-coloriage-a-leau\/#breadcrumb\",\"itemListElement\":[{\"@type\":\"ListItem\",\"position\":1,\"name\":\"Boutique\",\"item\":\"https:\/\/ses-creative.com\/fr\/boutique\/\"},{\"@type\":\"ListItem\",\"position\":2,\"name\":\"B\u00e9b\u00e9 &amp; Tout-petit\",\"item\":\"https:\/\/ses-creative.com\/fr\/product-categorie\/bebe-tout-petit\/\"},{\"@type\":\"ListItem\",\"position\":3,\"name\":\"My first &#8211; Coloriage \u00e0 l&#8217;eau\"}]},{\"@type\":\"WebSite\",\"@id\":\"https:\/\/ses-creative.com\/#website\",\"url\":\"https:\/\/ses-creative.com\/\",\"name\":\"SES Creative\",\"description\":\"\",\"publisher\":{\"@id\":\"https:\/\/ses-creative.com\/#organization\"},\"potentialAction\":[{\"@type\":\"SearchAction\",\"target\":{\"@type\":\"EntryPoint\",\"urlTemplate\":\"https:\/\/ses-creative.com\/?s={search_term_string}\"},\"query-input\":{\"@type\":\"PropertyValueSpecification\",\"valueRequired\":true,\"valueName\":\"search_term_string\"}}],\"inLanguage\":\"fr-FR\"},{\"@type\":\"Organization\",\"@id\":\"https:\/\/ses-creative.com\/#organization\",\"name\":\"SES Creative\",\"url\":\"https:\/\/ses-creative.com\/\",\"logo\":{\"@type\":\"ImageObject\",\"inLanguage\":\"fr-FR\",\"@id\":\"https:\/\/ses-creative.com\/#\/schema\/logo\/image\/\",\"url\":\"https:\/\/ses-creative.com\/wp-content\/uploads\/2025\/10\/ses-creative-logo.jpg\",\"contentUrl\":\"https:\/\/ses-creative.com\/wp-content\/uploads\/2025\/10\/ses-creative-logo.jpg\",\"width\":2037,\"height\":2037,\"caption\":\"SES Creative\"},\"image\":{\"@id\":\"https:\/\/ses-creative.com\/#\/schema\/logo\/image\/\"}}]}<\/script>\n<!-- \/ Yoast SEO plugin. -->","yoast_head_json":{"title":"My first - Coloriage \u00e0 l'eau - SES Creative","robots":{"index":"index","follow":"follow","max-snippet":"max-snippet:-1","max-image-preview":"max-image-preview:large","max-video-preview":"max-video-preview:-1"},"canonical":"https:\/\/ses-creative.com\/fr\/produit\/my-first-coloriage-a-leau\/","og_locale":"fr_FR","og_type":"article","og_title":"My first - Coloriage \u00e0 l'eau - SES Creative","og_description":"Coloriage magique \u00e0 l&rsquo;eau ! D\u00e9couvrez la magie du coloriage sans bavures avec le set My First &#8211; Colorier \u00e0 l&rsquo;eau de SES Creative. Ce set est parfait pour les tout petits artistes. Utilisez le pinceau et voyez les couleurs appara\u00eetre sur les cartes pr\u00e9imprim\u00e9es, simplement en utilisant de l&rsquo;eau. C&rsquo;est la magie de l&rsquo;eau [&hellip;]","og_url":"https:\/\/ses-creative.com\/fr\/produit\/my-first-coloriage-a-leau\/","og_site_name":"SES Creative","article_modified_time":"2026-02-12T10:22:59+00:00","twitter_card":"summary_large_image","twitter_misc":{"Dur\u00e9e de lecture estim\u00e9e":"2 minutes"},"schema":{"@context":"https:\/\/schema.org","@graph":[{"@type":"WebPage","@id":"https:\/\/ses-creative.com\/fr\/produit\/my-first-coloriage-a-leau\/","url":"https:\/\/ses-creative.com\/fr\/produit\/my-first-coloriage-a-leau\/","name":"My first - Coloriage \u00e0 l'eau - SES Creative","isPartOf":{"@id":"https:\/\/ses-creative.com\/#website"},"primaryImageOfPage":{"@id":"https:\/\/ses-creative.com\/fr\/produit\/my-first-coloriage-a-leau\/#primaryimage"},"image":{"@id":"https:\/\/ses-creative.com\/fr\/produit\/my-first-coloriage-a-leau\/#primaryimage"},"thumbnailUrl":"https:\/\/ses-creative.com\/wp-content\/uploads\/2026\/01\/144211.jpg","datePublished":"2026-02-12T10:09:27+00:00","dateModified":"2026-02-12T10:22:59+00:00","breadcrumb":{"@id":"https:\/\/ses-creative.com\/fr\/produit\/my-first-coloriage-a-leau\/#breadcrumb"},"inLanguage":"fr-FR","potentialAction":[{"@type":"ReadAction","target":["https:\/\/ses-creative.com\/fr\/produit\/my-first-coloriage-a-leau\/"]}]},{"@type":"ImageObject","inLanguage":"fr-FR","@id":"https:\/\/ses-creative.com\/fr\/produit\/my-first-coloriage-a-leau\/#primaryimage","url":"https:\/\/ses-creative.com\/wp-content\/uploads\/2026\/01\/144211.jpg","contentUrl":"https:\/\/ses-creative.com\/wp-content\/uploads\/2026\/01\/144211.jpg","width":1000,"height":1000},{"@type":"BreadcrumbList","@id":"https:\/\/ses-creative.com\/fr\/produit\/my-first-coloriage-a-leau\/#breadcrumb","itemListElement":[{"@type":"ListItem","position":1,"name":"Boutique","item":"https:\/\/ses-creative.com\/fr\/boutique\/"},{"@type":"ListItem","position":2,"name":"B\u00e9b\u00e9 &amp; Tout-petit","item":"https:\/\/ses-creative.com\/fr\/product-categorie\/bebe-tout-petit\/"},{"@type":"ListItem","position":3,"name":"My first &#8211; Coloriage \u00e0 l&#8217;eau"}]},{"@type":"WebSite","@id":"https:\/\/ses-creative.com\/#website","url":"https:\/\/ses-creative.com\/","name":"SES Creative","description":"","publisher":{"@id":"https:\/\/ses-creative.com\/#organization"},"potentialAction":[{"@type":"SearchAction","target":{"@type":"EntryPoint","urlTemplate":"https:\/\/ses-creative.com\/?s={search_term_string}"},"query-input":{"@type":"PropertyValueSpecification","valueRequired":true,"valueName":"search_term_string"}}],"inLanguage":"fr-FR"},{"@type":"Organization","@id":"https:\/\/ses-creative.com\/#organization","name":"SES Creative","url":"https:\/\/ses-creative.com\/","logo":{"@type":"ImageObject","inLanguage":"fr-FR","@id":"https:\/\/ses-creative.com\/#\/schema\/logo\/image\/","url":"https:\/\/ses-creative.com\/wp-content\/uploads\/2025\/10\/ses-creative-logo.jpg","contentUrl":"https:\/\/ses-creative.com\/wp-content\/uploads\/2025\/10\/ses-creative-logo.jpg","width":2037,"height":2037,"caption":"SES Creative"},"image":{"@id":"https:\/\/ses-creative.com\/#\/schema\/logo\/image\/"}}]}},"_links":{"self":[{"href":"https:\/\/ses-creative.com\/fr\/wp-json\/wp\/v2\/product\/118338","targetHints":{"allow":["GET"]}}],"collection":[{"href":"https:\/\/ses-creative.com\/fr\/wp-json\/wp\/v2\/product"}],"about":[{"href":"https:\/\/ses-creative.com\/fr\/wp-json\/wp\/v2\/types\/product"}],"replies":[{"embeddable":true,"href":"https:\/\/ses-creative.com\/fr\/wp-json\/wp\/v2\/comments?post=118338"}],"wp:featuredmedia":[{"embeddable":true,"href":"https:\/\/ses-creative.com\/fr\/wp-json\/wp\/v2\/media\/102936"}],"wp:attachment":[{"href":"https:\/\/ses-creative.com\/fr\/wp-json\/wp\/v2\/media?parent=118338"}],"wp:term":[{"taxonomy":"product_brand","embeddable":true,"href":"https:\/\/ses-creative.com\/fr\/wp-json\/wp\/v2\/product_brand?post=118338"},{"taxonomy":"product_cat","embeddable":true,"href":"https:\/\/ses-creative.com\/fr\/wp-json\/wp\/v2\/product_cat?post=118338"},{"taxonomy":"product_tag","embeddable":true,"href":"https:\/\/ses-creative.com\/fr\/wp-json\/wp\/v2\/product_tag?post=118338"}],"curies":[{"name":"wp","href":"https:\/\/api.w.org\/{rel}","templated":true}]}}