











{"id":118337,"date":"2026-02-12T10:09:27","date_gmt":"2026-02-12T10:09:27","guid":{"rendered":"https:\/\/ses-creative.com\/?post_type=product&#038;p=118337"},"modified":"2026-02-12T10:22:59","modified_gmt":"2026-02-12T10:22:59","slug":"my-first-ma-premiere-oeuvre-dart","status":"publish","type":"product","link":"https:\/\/ses-creative.com\/fr\/produit\/my-first-ma-premiere-oeuvre-dart\/","title":{"rendered":"My first &#8211; Ma premi\u00e8re oeuvre d&rsquo;art"},"content":{"rendered":"<p>Le kit My First \u2013 Ma Premi\u00e8re \u0152uvre d\u2019Art de SES Creative est con\u00e7u pour initier les tout-petits \u00e0 la peinture de mani\u00e8re ludique et s\u00e9curis\u00e9e. Gr\u00e2ce aux cartes imprim\u00e9es, l\u2019enfant place ses mains ou ses pieds \u00e0 l\u2019endroit indiqu\u00e9 pour cr\u00e9er une \u0153uvre unique. Ajoutez ensuite les d\u00e9tails fournis pour un r\u00e9sultat encore plus impressionnant.<\/p>\n<p>Formul\u00e9e pour les jeunes enfants, la peinture est **sans parab\u00e8ne, hypoallerg\u00e9nique et sans gluten**, garantissant une utilisation adapt\u00e9e aux petites mains. Ce kit stimule la cr\u00e9ativit\u00e9 et d\u00e9veloppe la motricit\u00e9 fine tout en permettant aux enfants et aux parents de partager un moment d\u2019amusement.<\/p>\n<p>\u2705 **Contenu du kit:**<br \/>\n&#8211; Peinture au doigt en 3 couleurs<br \/>\n&#8211; 11 cartes imprim\u00e9es<br \/>\n&#8211; Un pinceau<br \/>\n&#8211; Des d\u00e9tails imprim\u00e9s suppl\u00e9mentaires<\/p>\n<p>Une activit\u00e9 parfaite pour \u00e9veiller la cr\u00e9ativit\u00e9 d\u00e8s 1 an et conserver les premi\u00e8res \u0153uvres des petits artistes en souvenir !<\/p>\n","protected":false},"excerpt":{"rendered":"<p>Le kit My First \u2013 Ma Premi\u00e8re \u0152uvre d\u2019Art de SES Creative est con\u00e7u pour initier les tout-petits \u00e0 la peinture de mani\u00e8re ludique et s\u00e9curis\u00e9e. Gr\u00e2ce aux cartes imprim\u00e9es, l\u2019enfant place ses mains ou ses pieds \u00e0 l\u2019endroit indiqu\u00e9 pour cr\u00e9er une \u0153uvre unique. Ajoutez ensuite les d\u00e9tails fournis pour un r\u00e9sultat encore plus [&hellip;]<\/p>\n","protected":false},"featured_media":102916,"comment_status":"closed","ping_status":"closed","template":"","meta":{"_acf_changed":false},"product_brand":[],"product_cat":[123],"product_tag":[],"class_list":{"0":"post-118337","1":"product","2":"type-product","3":"status-publish","4":"has-post-thumbnail","6":"product_cat-bebe-tout-petit","7":"pa_leeftijd-filter-0-2-ans","8":"pa_meest-populair-bij-garcons-filles","10":"first","11":"instock","12":"shipping-taxable","13":"product-type-simple"},"acf":[],"yoast_head":"<!-- This site is optimized with the Yoast SEO plugin v27.2 - https:\/\/yoast.com\/product\/yoast-seo-wordpress\/ -->\n<title>My first - Ma premi\u00e8re oeuvre d&#039;art - SES Creative<\/title>\n<meta name=\"robots\" content=\"index, follow, max-snippet:-1, max-image-preview:large, max-video-preview:-1\" \/>\n<link rel=\"canonical\" href=\"https:\/\/ses-creative.com\/fr\/produit\/my-first-ma-premiere-oeuvre-dart\/\" \/>\n<meta property=\"og:locale\" content=\"fr_FR\" \/>\n<meta property=\"og:type\" content=\"article\" \/>\n<meta property=\"og:title\" content=\"My first - Ma premi\u00e8re oeuvre d&#039;art - SES Creative\" \/>\n<meta property=\"og:description\" content=\"Le kit My First \u2013 Ma Premi\u00e8re \u0152uvre d\u2019Art de SES Creative est con\u00e7u pour initier les tout-petits \u00e0 la peinture de mani\u00e8re ludique et s\u00e9curis\u00e9e. Gr\u00e2ce aux cartes imprim\u00e9es, l\u2019enfant place ses mains ou ses pieds \u00e0 l\u2019endroit indiqu\u00e9 pour cr\u00e9er une \u0153uvre unique. Ajoutez ensuite les d\u00e9tails fournis pour un r\u00e9sultat encore plus [&hellip;]\" \/>\n<meta property=\"og:url\" content=\"https:\/\/ses-creative.com\/fr\/produit\/my-first-ma-premiere-oeuvre-dart\/\" \/>\n<meta property=\"og:site_name\" content=\"SES Creative\" \/>\n<meta property=\"article:modified_time\" content=\"2026-02-12T10:22:59+00:00\" \/>\n<meta name=\"twitter:card\" content=\"summary_large_image\" \/>\n<meta name=\"twitter:label1\" content=\"Dur\u00e9e de lecture estim\u00e9e\" \/>\n\t<meta name=\"twitter:data1\" content=\"1 minute\" \/>\n<script type=\"application\/ld+json\" class=\"yoast-schema-graph\">{\"@context\":\"https:\/\/schema.org\",\"@graph\":[{\"@type\":\"WebPage\",\"@id\":\"https:\/\/ses-creative.com\/fr\/produit\/my-first-ma-premiere-oeuvre-dart\/\",\"url\":\"https:\/\/ses-creative.com\/fr\/produit\/my-first-ma-premiere-oeuvre-dart\/\",\"name\":\"My first - Ma premi\u00e8re oeuvre d'art - SES Creative\",\"isPartOf\":{\"@id\":\"https:\/\/ses-creative.com\/#website\"},\"primaryImageOfPage\":{\"@id\":\"https:\/\/ses-creative.com\/fr\/produit\/my-first-ma-premiere-oeuvre-dart\/#primaryimage\"},\"image\":{\"@id\":\"https:\/\/ses-creative.com\/fr\/produit\/my-first-ma-premiere-oeuvre-dart\/#primaryimage\"},\"thumbnailUrl\":\"https:\/\/ses-creative.com\/wp-content\/uploads\/2026\/01\/144191.jpg\",\"datePublished\":\"2026-02-12T10:09:27+00:00\",\"dateModified\":\"2026-02-12T10:22:59+00:00\",\"breadcrumb\":{\"@id\":\"https:\/\/ses-creative.com\/fr\/produit\/my-first-ma-premiere-oeuvre-dart\/#breadcrumb\"},\"inLanguage\":\"fr-FR\",\"potentialAction\":[{\"@type\":\"ReadAction\",\"target\":[\"https:\/\/ses-creative.com\/fr\/produit\/my-first-ma-premiere-oeuvre-dart\/\"]}]},{\"@type\":\"ImageObject\",\"inLanguage\":\"fr-FR\",\"@id\":\"https:\/\/ses-creative.com\/fr\/produit\/my-first-ma-premiere-oeuvre-dart\/#primaryimage\",\"url\":\"https:\/\/ses-creative.com\/wp-content\/uploads\/2026\/01\/144191.jpg\",\"contentUrl\":\"https:\/\/ses-creative.com\/wp-content\/uploads\/2026\/01\/144191.jpg\",\"width\":1000,\"height\":1000},{\"@type\":\"BreadcrumbList\",\"@id\":\"https:\/\/ses-creative.com\/fr\/produit\/my-first-ma-premiere-oeuvre-dart\/#breadcrumb\",\"itemListElement\":[{\"@type\":\"ListItem\",\"position\":1,\"name\":\"Boutique\",\"item\":\"https:\/\/ses-creative.com\/fr\/boutique\/\"},{\"@type\":\"ListItem\",\"position\":2,\"name\":\"B\u00e9b\u00e9 &amp; Tout-petit\",\"item\":\"https:\/\/ses-creative.com\/fr\/product-categorie\/bebe-tout-petit\/\"},{\"@type\":\"ListItem\",\"position\":3,\"name\":\"My first &#8211; Ma premi\u00e8re oeuvre d&#8217;art\"}]},{\"@type\":\"WebSite\",\"@id\":\"https:\/\/ses-creative.com\/#website\",\"url\":\"https:\/\/ses-creative.com\/\",\"name\":\"SES Creative\",\"description\":\"\",\"publisher\":{\"@id\":\"https:\/\/ses-creative.com\/#organization\"},\"potentialAction\":[{\"@type\":\"SearchAction\",\"target\":{\"@type\":\"EntryPoint\",\"urlTemplate\":\"https:\/\/ses-creative.com\/?s={search_term_string}\"},\"query-input\":{\"@type\":\"PropertyValueSpecification\",\"valueRequired\":true,\"valueName\":\"search_term_string\"}}],\"inLanguage\":\"fr-FR\"},{\"@type\":\"Organization\",\"@id\":\"https:\/\/ses-creative.com\/#organization\",\"name\":\"SES Creative\",\"url\":\"https:\/\/ses-creative.com\/\",\"logo\":{\"@type\":\"ImageObject\",\"inLanguage\":\"fr-FR\",\"@id\":\"https:\/\/ses-creative.com\/#\/schema\/logo\/image\/\",\"url\":\"https:\/\/ses-creative.com\/wp-content\/uploads\/2025\/10\/ses-creative-logo.jpg\",\"contentUrl\":\"https:\/\/ses-creative.com\/wp-content\/uploads\/2025\/10\/ses-creative-logo.jpg\",\"width\":2037,\"height\":2037,\"caption\":\"SES Creative\"},\"image\":{\"@id\":\"https:\/\/ses-creative.com\/#\/schema\/logo\/image\/\"}}]}<\/script>\n<!-- \/ Yoast SEO plugin. -->","yoast_head_json":{"title":"My first - Ma premi\u00e8re oeuvre d'art - SES Creative","robots":{"index":"index","follow":"follow","max-snippet":"max-snippet:-1","max-image-preview":"max-image-preview:large","max-video-preview":"max-video-preview:-1"},"canonical":"https:\/\/ses-creative.com\/fr\/produit\/my-first-ma-premiere-oeuvre-dart\/","og_locale":"fr_FR","og_type":"article","og_title":"My first - Ma premi\u00e8re oeuvre d'art - SES Creative","og_description":"Le kit My First \u2013 Ma Premi\u00e8re \u0152uvre d\u2019Art de SES Creative est con\u00e7u pour initier les tout-petits \u00e0 la peinture de mani\u00e8re ludique et s\u00e9curis\u00e9e. Gr\u00e2ce aux cartes imprim\u00e9es, l\u2019enfant place ses mains ou ses pieds \u00e0 l\u2019endroit indiqu\u00e9 pour cr\u00e9er une \u0153uvre unique. Ajoutez ensuite les d\u00e9tails fournis pour un r\u00e9sultat encore plus [&hellip;]","og_url":"https:\/\/ses-creative.com\/fr\/produit\/my-first-ma-premiere-oeuvre-dart\/","og_site_name":"SES Creative","article_modified_time":"2026-02-12T10:22:59+00:00","twitter_card":"summary_large_image","twitter_misc":{"Dur\u00e9e de lecture estim\u00e9e":"1 minute"},"schema":{"@context":"https:\/\/schema.org","@graph":[{"@type":"WebPage","@id":"https:\/\/ses-creative.com\/fr\/produit\/my-first-ma-premiere-oeuvre-dart\/","url":"https:\/\/ses-creative.com\/fr\/produit\/my-first-ma-premiere-oeuvre-dart\/","name":"My first - Ma premi\u00e8re oeuvre d'art - SES Creative","isPartOf":{"@id":"https:\/\/ses-creative.com\/#website"},"primaryImageOfPage":{"@id":"https:\/\/ses-creative.com\/fr\/produit\/my-first-ma-premiere-oeuvre-dart\/#primaryimage"},"image":{"@id":"https:\/\/ses-creative.com\/fr\/produit\/my-first-ma-premiere-oeuvre-dart\/#primaryimage"},"thumbnailUrl":"https:\/\/ses-creative.com\/wp-content\/uploads\/2026\/01\/144191.jpg","datePublished":"2026-02-12T10:09:27+00:00","dateModified":"2026-02-12T10:22:59+00:00","breadcrumb":{"@id":"https:\/\/ses-creative.com\/fr\/produit\/my-first-ma-premiere-oeuvre-dart\/#breadcrumb"},"inLanguage":"fr-FR","potentialAction":[{"@type":"ReadAction","target":["https:\/\/ses-creative.com\/fr\/produit\/my-first-ma-premiere-oeuvre-dart\/"]}]},{"@type":"ImageObject","inLanguage":"fr-FR","@id":"https:\/\/ses-creative.com\/fr\/produit\/my-first-ma-premiere-oeuvre-dart\/#primaryimage","url":"https:\/\/ses-creative.com\/wp-content\/uploads\/2026\/01\/144191.jpg","contentUrl":"https:\/\/ses-creative.com\/wp-content\/uploads\/2026\/01\/144191.jpg","width":1000,"height":1000},{"@type":"BreadcrumbList","@id":"https:\/\/ses-creative.com\/fr\/produit\/my-first-ma-premiere-oeuvre-dart\/#breadcrumb","itemListElement":[{"@type":"ListItem","position":1,"name":"Boutique","item":"https:\/\/ses-creative.com\/fr\/boutique\/"},{"@type":"ListItem","position":2,"name":"B\u00e9b\u00e9 &amp; Tout-petit","item":"https:\/\/ses-creative.com\/fr\/product-categorie\/bebe-tout-petit\/"},{"@type":"ListItem","position":3,"name":"My first &#8211; Ma premi\u00e8re oeuvre d&#8217;art"}]},{"@type":"WebSite","@id":"https:\/\/ses-creative.com\/#website","url":"https:\/\/ses-creative.com\/","name":"SES Creative","description":"","publisher":{"@id":"https:\/\/ses-creative.com\/#organization"},"potentialAction":[{"@type":"SearchAction","target":{"@type":"EntryPoint","urlTemplate":"https:\/\/ses-creative.com\/?s={search_term_string}"},"query-input":{"@type":"PropertyValueSpecification","valueRequired":true,"valueName":"search_term_string"}}],"inLanguage":"fr-FR"},{"@type":"Organization","@id":"https:\/\/ses-creative.com\/#organization","name":"SES Creative","url":"https:\/\/ses-creative.com\/","logo":{"@type":"ImageObject","inLanguage":"fr-FR","@id":"https:\/\/ses-creative.com\/#\/schema\/logo\/image\/","url":"https:\/\/ses-creative.com\/wp-content\/uploads\/2025\/10\/ses-creative-logo.jpg","contentUrl":"https:\/\/ses-creative.com\/wp-content\/uploads\/2025\/10\/ses-creative-logo.jpg","width":2037,"height":2037,"caption":"SES Creative"},"image":{"@id":"https:\/\/ses-creative.com\/#\/schema\/logo\/image\/"}}]}},"_links":{"self":[{"href":"https:\/\/ses-creative.com\/fr\/wp-json\/wp\/v2\/product\/118337","targetHints":{"allow":["GET"]}}],"collection":[{"href":"https:\/\/ses-creative.com\/fr\/wp-json\/wp\/v2\/product"}],"about":[{"href":"https:\/\/ses-creative.com\/fr\/wp-json\/wp\/v2\/types\/product"}],"replies":[{"embeddable":true,"href":"https:\/\/ses-creative.com\/fr\/wp-json\/wp\/v2\/comments?post=118337"}],"wp:featuredmedia":[{"embeddable":true,"href":"https:\/\/ses-creative.com\/fr\/wp-json\/wp\/v2\/media\/102916"}],"wp:attachment":[{"href":"https:\/\/ses-creative.com\/fr\/wp-json\/wp\/v2\/media?parent=118337"}],"wp:term":[{"taxonomy":"product_brand","embeddable":true,"href":"https:\/\/ses-creative.com\/fr\/wp-json\/wp\/v2\/product_brand?post=118337"},{"taxonomy":"product_cat","embeddable":true,"href":"https:\/\/ses-creative.com\/fr\/wp-json\/wp\/v2\/product_cat?post=118337"},{"taxonomy":"product_tag","embeddable":true,"href":"https:\/\/ses-creative.com\/fr\/wp-json\/wp\/v2\/product_tag?post=118337"}],"curies":[{"name":"wp","href":"https:\/\/api.w.org\/{rel}","templated":true}]}}