











{"id":118336,"date":"2026-02-12T10:09:26","date_gmt":"2026-02-12T10:09:26","guid":{"rendered":"https:\/\/ses-creative.com\/?post_type=product&#038;p=118336"},"modified":"2026-02-12T10:22:59","modified_gmt":"2026-02-12T10:22:59","slug":"my-first-crayons-de-couleur","status":"publish","type":"product","link":"https:\/\/ses-creative.com\/fr\/produit\/my-first-crayons-de-couleur\/","title":{"rendered":"My first &#8211; Crayons de couleur"},"content":{"rendered":"<p>Offrez \u00e0 votre enfant ses premiers crayons avec ce coffret de 8 crayons de couleur b\u00e9b\u00e9 SES Creative, sp\u00e9cialement con\u00e7us pour les tout-petits d\u00e8s 1 an. Gr\u00e2ce \u00e0 leur forme courte et \u00e9paisse, ces crayons ergonomiques enfants sont faciles \u00e0 tenir et garantissent une prise en main adapt\u00e9e aux jeunes artistes. Leur mine r\u00e9sistante ne se casse pas facilement, assurant une utilisation durable et s\u00e9curis\u00e9e. Ces crayons de coloriage 1 an sont fabriqu\u00e9s en bois de c\u00e8dre robuste, offrant une exp\u00e9rience de dessin fluide et agr\u00e9able. Hypoallerg\u00e9niques et sans gluten, ils conviennent parfaitement aux enfants sensibles. Avec leurs couleurs lumineuses et attrayantes, ces premiers crayons tout-petits stimulent l\u2019imagination et encouragent la cr\u00e9ativit\u00e9. Id\u00e9als pour l\u2019apprentissage du dessin et du coloriage, ils favorisent \u00e9galement le d\u00e9veloppement de la motricit\u00e9 fine. Un indispensable pour les premi\u00e8res exp\u00e9riences artistiques des enfants, ce coffret de crayons hypoallerg\u00e9niques sans gluten est une excellente id\u00e9e cadeau pour initier les plus jeunes aux plaisirs du coloriage en toute s\u00e9curit\u00e9.<\/p>\n","protected":false},"excerpt":{"rendered":"<p>Offrez \u00e0 votre enfant ses premiers crayons avec ce coffret de 8 crayons de couleur b\u00e9b\u00e9 SES Creative, sp\u00e9cialement con\u00e7us pour les tout-petits d\u00e8s 1 an. Gr\u00e2ce \u00e0 leur forme courte et \u00e9paisse, ces crayons ergonomiques enfants sont faciles \u00e0 tenir et garantissent une prise en main adapt\u00e9e aux jeunes artistes. Leur mine r\u00e9sistante ne [&hellip;]<\/p>\n","protected":false},"featured_media":102896,"comment_status":"closed","ping_status":"closed","template":"","meta":{"_acf_changed":false},"product_brand":[],"product_cat":[123],"product_tag":[],"class_list":{"0":"post-118336","1":"product","2":"type-product","3":"status-publish","4":"has-post-thumbnail","6":"product_cat-bebe-tout-petit","7":"pa_leeftijd-filter-0-2-ans","8":"pa_meest-populair-bij-garcons-filles","10":"first","11":"instock","12":"shipping-taxable","13":"product-type-simple"},"acf":[],"yoast_head":"<!-- This site is optimized with the Yoast SEO plugin v27.2 - https:\/\/yoast.com\/product\/yoast-seo-wordpress\/ -->\n<title>My first - Crayons de couleur - SES Creative<\/title>\n<meta name=\"robots\" content=\"index, follow, max-snippet:-1, max-image-preview:large, max-video-preview:-1\" \/>\n<link rel=\"canonical\" href=\"https:\/\/ses-creative.com\/fr\/produit\/my-first-crayons-de-couleur\/\" \/>\n<meta property=\"og:locale\" content=\"fr_FR\" \/>\n<meta property=\"og:type\" content=\"article\" \/>\n<meta property=\"og:title\" content=\"My first - Crayons de couleur - SES Creative\" \/>\n<meta property=\"og:description\" content=\"Offrez \u00e0 votre enfant ses premiers crayons avec ce coffret de 8 crayons de couleur b\u00e9b\u00e9 SES Creative, sp\u00e9cialement con\u00e7us pour les tout-petits d\u00e8s 1 an. Gr\u00e2ce \u00e0 leur forme courte et \u00e9paisse, ces crayons ergonomiques enfants sont faciles \u00e0 tenir et garantissent une prise en main adapt\u00e9e aux jeunes artistes. Leur mine r\u00e9sistante ne [&hellip;]\" \/>\n<meta property=\"og:url\" content=\"https:\/\/ses-creative.com\/fr\/produit\/my-first-crayons-de-couleur\/\" \/>\n<meta property=\"og:site_name\" content=\"SES Creative\" \/>\n<meta property=\"article:modified_time\" content=\"2026-02-12T10:22:59+00:00\" \/>\n<meta name=\"twitter:card\" content=\"summary_large_image\" \/>\n<meta name=\"twitter:label1\" content=\"Dur\u00e9e de lecture estim\u00e9e\" \/>\n\t<meta name=\"twitter:data1\" content=\"1 minute\" \/>\n<script type=\"application\/ld+json\" class=\"yoast-schema-graph\">{\"@context\":\"https:\/\/schema.org\",\"@graph\":[{\"@type\":\"WebPage\",\"@id\":\"https:\/\/ses-creative.com\/fr\/produit\/my-first-crayons-de-couleur\/\",\"url\":\"https:\/\/ses-creative.com\/fr\/produit\/my-first-crayons-de-couleur\/\",\"name\":\"My first - Crayons de couleur - SES Creative\",\"isPartOf\":{\"@id\":\"https:\/\/ses-creative.com\/#website\"},\"primaryImageOfPage\":{\"@id\":\"https:\/\/ses-creative.com\/fr\/produit\/my-first-crayons-de-couleur\/#primaryimage\"},\"image\":{\"@id\":\"https:\/\/ses-creative.com\/fr\/produit\/my-first-crayons-de-couleur\/#primaryimage\"},\"thumbnailUrl\":\"https:\/\/ses-creative.com\/wp-content\/uploads\/2026\/01\/144161.jpg\",\"datePublished\":\"2026-02-12T10:09:26+00:00\",\"dateModified\":\"2026-02-12T10:22:59+00:00\",\"breadcrumb\":{\"@id\":\"https:\/\/ses-creative.com\/fr\/produit\/my-first-crayons-de-couleur\/#breadcrumb\"},\"inLanguage\":\"fr-FR\",\"potentialAction\":[{\"@type\":\"ReadAction\",\"target\":[\"https:\/\/ses-creative.com\/fr\/produit\/my-first-crayons-de-couleur\/\"]}]},{\"@type\":\"ImageObject\",\"inLanguage\":\"fr-FR\",\"@id\":\"https:\/\/ses-creative.com\/fr\/produit\/my-first-crayons-de-couleur\/#primaryimage\",\"url\":\"https:\/\/ses-creative.com\/wp-content\/uploads\/2026\/01\/144161.jpg\",\"contentUrl\":\"https:\/\/ses-creative.com\/wp-content\/uploads\/2026\/01\/144161.jpg\",\"width\":1000,\"height\":1000},{\"@type\":\"BreadcrumbList\",\"@id\":\"https:\/\/ses-creative.com\/fr\/produit\/my-first-crayons-de-couleur\/#breadcrumb\",\"itemListElement\":[{\"@type\":\"ListItem\",\"position\":1,\"name\":\"Boutique\",\"item\":\"https:\/\/ses-creative.com\/fr\/boutique\/\"},{\"@type\":\"ListItem\",\"position\":2,\"name\":\"B\u00e9b\u00e9 &amp; Tout-petit\",\"item\":\"https:\/\/ses-creative.com\/fr\/product-categorie\/bebe-tout-petit\/\"},{\"@type\":\"ListItem\",\"position\":3,\"name\":\"My first &#8211; Crayons de couleur\"}]},{\"@type\":\"WebSite\",\"@id\":\"https:\/\/ses-creative.com\/#website\",\"url\":\"https:\/\/ses-creative.com\/\",\"name\":\"SES Creative\",\"description\":\"\",\"publisher\":{\"@id\":\"https:\/\/ses-creative.com\/#organization\"},\"potentialAction\":[{\"@type\":\"SearchAction\",\"target\":{\"@type\":\"EntryPoint\",\"urlTemplate\":\"https:\/\/ses-creative.com\/?s={search_term_string}\"},\"query-input\":{\"@type\":\"PropertyValueSpecification\",\"valueRequired\":true,\"valueName\":\"search_term_string\"}}],\"inLanguage\":\"fr-FR\"},{\"@type\":\"Organization\",\"@id\":\"https:\/\/ses-creative.com\/#organization\",\"name\":\"SES Creative\",\"url\":\"https:\/\/ses-creative.com\/\",\"logo\":{\"@type\":\"ImageObject\",\"inLanguage\":\"fr-FR\",\"@id\":\"https:\/\/ses-creative.com\/#\/schema\/logo\/image\/\",\"url\":\"https:\/\/ses-creative.com\/wp-content\/uploads\/2025\/10\/ses-creative-logo.jpg\",\"contentUrl\":\"https:\/\/ses-creative.com\/wp-content\/uploads\/2025\/10\/ses-creative-logo.jpg\",\"width\":2037,\"height\":2037,\"caption\":\"SES Creative\"},\"image\":{\"@id\":\"https:\/\/ses-creative.com\/#\/schema\/logo\/image\/\"}}]}<\/script>\n<!-- \/ Yoast SEO plugin. -->","yoast_head_json":{"title":"My first - Crayons de couleur - SES Creative","robots":{"index":"index","follow":"follow","max-snippet":"max-snippet:-1","max-image-preview":"max-image-preview:large","max-video-preview":"max-video-preview:-1"},"canonical":"https:\/\/ses-creative.com\/fr\/produit\/my-first-crayons-de-couleur\/","og_locale":"fr_FR","og_type":"article","og_title":"My first - Crayons de couleur - SES Creative","og_description":"Offrez \u00e0 votre enfant ses premiers crayons avec ce coffret de 8 crayons de couleur b\u00e9b\u00e9 SES Creative, sp\u00e9cialement con\u00e7us pour les tout-petits d\u00e8s 1 an. Gr\u00e2ce \u00e0 leur forme courte et \u00e9paisse, ces crayons ergonomiques enfants sont faciles \u00e0 tenir et garantissent une prise en main adapt\u00e9e aux jeunes artistes. Leur mine r\u00e9sistante ne [&hellip;]","og_url":"https:\/\/ses-creative.com\/fr\/produit\/my-first-crayons-de-couleur\/","og_site_name":"SES Creative","article_modified_time":"2026-02-12T10:22:59+00:00","twitter_card":"summary_large_image","twitter_misc":{"Dur\u00e9e de lecture estim\u00e9e":"1 minute"},"schema":{"@context":"https:\/\/schema.org","@graph":[{"@type":"WebPage","@id":"https:\/\/ses-creative.com\/fr\/produit\/my-first-crayons-de-couleur\/","url":"https:\/\/ses-creative.com\/fr\/produit\/my-first-crayons-de-couleur\/","name":"My first - Crayons de couleur - SES Creative","isPartOf":{"@id":"https:\/\/ses-creative.com\/#website"},"primaryImageOfPage":{"@id":"https:\/\/ses-creative.com\/fr\/produit\/my-first-crayons-de-couleur\/#primaryimage"},"image":{"@id":"https:\/\/ses-creative.com\/fr\/produit\/my-first-crayons-de-couleur\/#primaryimage"},"thumbnailUrl":"https:\/\/ses-creative.com\/wp-content\/uploads\/2026\/01\/144161.jpg","datePublished":"2026-02-12T10:09:26+00:00","dateModified":"2026-02-12T10:22:59+00:00","breadcrumb":{"@id":"https:\/\/ses-creative.com\/fr\/produit\/my-first-crayons-de-couleur\/#breadcrumb"},"inLanguage":"fr-FR","potentialAction":[{"@type":"ReadAction","target":["https:\/\/ses-creative.com\/fr\/produit\/my-first-crayons-de-couleur\/"]}]},{"@type":"ImageObject","inLanguage":"fr-FR","@id":"https:\/\/ses-creative.com\/fr\/produit\/my-first-crayons-de-couleur\/#primaryimage","url":"https:\/\/ses-creative.com\/wp-content\/uploads\/2026\/01\/144161.jpg","contentUrl":"https:\/\/ses-creative.com\/wp-content\/uploads\/2026\/01\/144161.jpg","width":1000,"height":1000},{"@type":"BreadcrumbList","@id":"https:\/\/ses-creative.com\/fr\/produit\/my-first-crayons-de-couleur\/#breadcrumb","itemListElement":[{"@type":"ListItem","position":1,"name":"Boutique","item":"https:\/\/ses-creative.com\/fr\/boutique\/"},{"@type":"ListItem","position":2,"name":"B\u00e9b\u00e9 &amp; Tout-petit","item":"https:\/\/ses-creative.com\/fr\/product-categorie\/bebe-tout-petit\/"},{"@type":"ListItem","position":3,"name":"My first &#8211; Crayons de couleur"}]},{"@type":"WebSite","@id":"https:\/\/ses-creative.com\/#website","url":"https:\/\/ses-creative.com\/","name":"SES Creative","description":"","publisher":{"@id":"https:\/\/ses-creative.com\/#organization"},"potentialAction":[{"@type":"SearchAction","target":{"@type":"EntryPoint","urlTemplate":"https:\/\/ses-creative.com\/?s={search_term_string}"},"query-input":{"@type":"PropertyValueSpecification","valueRequired":true,"valueName":"search_term_string"}}],"inLanguage":"fr-FR"},{"@type":"Organization","@id":"https:\/\/ses-creative.com\/#organization","name":"SES Creative","url":"https:\/\/ses-creative.com\/","logo":{"@type":"ImageObject","inLanguage":"fr-FR","@id":"https:\/\/ses-creative.com\/#\/schema\/logo\/image\/","url":"https:\/\/ses-creative.com\/wp-content\/uploads\/2025\/10\/ses-creative-logo.jpg","contentUrl":"https:\/\/ses-creative.com\/wp-content\/uploads\/2025\/10\/ses-creative-logo.jpg","width":2037,"height":2037,"caption":"SES Creative"},"image":{"@id":"https:\/\/ses-creative.com\/#\/schema\/logo\/image\/"}}]}},"_links":{"self":[{"href":"https:\/\/ses-creative.com\/fr\/wp-json\/wp\/v2\/product\/118336","targetHints":{"allow":["GET"]}}],"collection":[{"href":"https:\/\/ses-creative.com\/fr\/wp-json\/wp\/v2\/product"}],"about":[{"href":"https:\/\/ses-creative.com\/fr\/wp-json\/wp\/v2\/types\/product"}],"replies":[{"embeddable":true,"href":"https:\/\/ses-creative.com\/fr\/wp-json\/wp\/v2\/comments?post=118336"}],"wp:featuredmedia":[{"embeddable":true,"href":"https:\/\/ses-creative.com\/fr\/wp-json\/wp\/v2\/media\/102896"}],"wp:attachment":[{"href":"https:\/\/ses-creative.com\/fr\/wp-json\/wp\/v2\/media?parent=118336"}],"wp:term":[{"taxonomy":"product_brand","embeddable":true,"href":"https:\/\/ses-creative.com\/fr\/wp-json\/wp\/v2\/product_brand?post=118336"},{"taxonomy":"product_cat","embeddable":true,"href":"https:\/\/ses-creative.com\/fr\/wp-json\/wp\/v2\/product_cat?post=118336"},{"taxonomy":"product_tag","embeddable":true,"href":"https:\/\/ses-creative.com\/fr\/wp-json\/wp\/v2\/product_tag?post=118336"}],"curies":[{"name":"wp","href":"https:\/\/api.w.org\/{rel}","templated":true}]}}