











{"id":118335,"date":"2026-02-12T10:09:26","date_gmt":"2026-02-12T10:09:26","guid":{"rendered":"https:\/\/ses-creative.com\/?post_type=product&#038;p=118335"},"modified":"2026-02-12T10:22:58","modified_gmt":"2026-02-12T10:22:58","slug":"my-first-peinture-a-doigts-4-couleurs-x-145ml","status":"publish","type":"product","link":"https:\/\/ses-creative.com\/fr\/produit\/my-first-peinture-a-doigts-4-couleurs-x-145ml\/","title":{"rendered":"My first &#8211; Peinture \u00e0 Doigts 4 couleurs x 145ml"},"content":{"rendered":"<p>Laissez libre cours \u00e0 votre cr\u00e9ativit\u00e9 avec My First Peinture au doigt !<br \/>\nLe kit My First &#8211; Peinture au doigt de SES Creative est parfait pour les tout petits artistes. Ce kit contient 4 couleurs vives de peinture au doigt, sp\u00e9cialement con\u00e7ues pour les enfants \u00e0 partir de 1 an. La peinture est s\u00fbre et facile \u00e0 laver, afin que votre tout-petit puisse jouer et exp\u00e9rimenter les couleurs en toute tranquillit\u00e9.<br \/>\nCe qui rend ce kit g\u00e9nial<br \/>\n&#8211;    Peinture au doigt sans danger, sp\u00e9cialement con\u00e7ue pour les jeunes enfants<br \/>\n&#8211;    Facilement lavable, tant sur les v\u00eatements que sur la peau<br \/>\n&#8211;    La peinture a un go\u00fbt amer qui dissuade les enfants de la manger<br \/>\n&#8211;    Sans gluten, id\u00e9ale pour les enfants allergiques<br \/>\n&#8211;    Parfait pour les enfants \u00e0 partir de 1 an<br \/>\nD\u00e9couvrez la magie de la peinture au doigt<br \/>\nAvec cette peinture au doigt, les enfants peuvent d\u00e9couvrir leur cr\u00e9ativit\u00e9 et r\u00e9aliser les plus belles \u0153uvres d&rsquo;art. Les couleurs vives invitent \u00e0 l&rsquo;exp\u00e9rimentation et aident au d\u00e9veloppement de la motricit\u00e9 fine. Qu&rsquo;il s&rsquo;agisse de faire des empreintes de mains, de peindre une \u0153uvre d&rsquo;art color\u00e9e ou simplement de d\u00e9couvrir de nouvelles couleurs, tout est possible avec ce kit. La peinture au doigt est non seulement amusante, mais aussi sans gluten. De plus, la peinture est facilement lavable, les parents n&rsquo;ont donc pas \u00e0 s&rsquo;inqui\u00e9ter des taches.<br \/>\nContenu du kit<br \/>\n&#8211;    4 couleurs de peinture au doigt (145 ml par pot)<br \/>\n&#8211;    Couleurs : jaune, bleu, rouge et vert<br \/>\nPourquoi choisir SES Creative ?<br \/>\nChez SES Creative, nous accordons une grande importance \u00e0 la s\u00e9curit\u00e9. C&rsquo;est pourquoi nos produits sont fabriqu\u00e9s et test\u00e9s dans notre usine aux Pays-Bas, conform\u00e9ment aux normes de s\u00e9curit\u00e9 europ\u00e9ennes les plus strictes. Les jouets SES Creative sont source de plaisir et permettent aux enfants d&rsquo;\u00eatre fiers de leur travail, ce qui stimule leur cr\u00e9ativit\u00e9 et leur d\u00e9veloppement.<br \/>\nCommencez d\u00e8s aujourd&rsquo;hui \u00e0 colorier et \u00e0 d\u00e9couvrir !<br \/>\nAvec le kit de peinture au doigt My First, les enfants peuvent d\u00e9couvrir leur cr\u00e9ativit\u00e9 et s&rsquo;amuser pendant des heures. Prenez la peinture et commencez \u00e0 peindre et \u00e0 d\u00e9couvrir !<\/p>\n","protected":false},"excerpt":{"rendered":"<p>Laissez libre cours \u00e0 votre cr\u00e9ativit\u00e9 avec My First Peinture au doigt ! Le kit My First &#8211; Peinture au doigt de SES Creative est parfait pour les tout petits artistes. Ce kit contient 4 couleurs vives de peinture au doigt, sp\u00e9cialement con\u00e7ues pour les enfants \u00e0 partir de 1 an. La peinture est s\u00fbre [&hellip;]<\/p>\n","protected":false},"featured_media":102876,"comment_status":"closed","ping_status":"closed","template":"","meta":{"_acf_changed":false},"product_brand":[],"product_cat":[123],"product_tag":[],"class_list":{"0":"post-118335","1":"product","2":"type-product","3":"status-publish","4":"has-post-thumbnail","6":"product_cat-bebe-tout-petit","7":"pa_leeftijd-filter-0-2-ans","8":"pa_meest-populair-bij-garcons-filles","10":"first","11":"instock","12":"shipping-taxable","13":"product-type-simple"},"acf":[],"yoast_head":"<!-- This site is optimized with the Yoast SEO plugin v27.2 - https:\/\/yoast.com\/product\/yoast-seo-wordpress\/ -->\n<title>My first - Peinture \u00e0 Doigts 4 couleurs x 145ml - SES Creative<\/title>\n<meta name=\"robots\" content=\"index, follow, max-snippet:-1, max-image-preview:large, max-video-preview:-1\" \/>\n<link rel=\"canonical\" href=\"https:\/\/ses-creative.com\/fr\/produit\/my-first-peinture-a-doigts-4-couleurs-x-145ml\/\" \/>\n<meta property=\"og:locale\" content=\"fr_FR\" \/>\n<meta property=\"og:type\" content=\"article\" \/>\n<meta property=\"og:title\" content=\"My first - Peinture \u00e0 Doigts 4 couleurs x 145ml - SES Creative\" \/>\n<meta property=\"og:description\" content=\"Laissez libre cours \u00e0 votre cr\u00e9ativit\u00e9 avec My First Peinture au doigt ! Le kit My First &#8211; Peinture au doigt de SES Creative est parfait pour les tout petits artistes. Ce kit contient 4 couleurs vives de peinture au doigt, sp\u00e9cialement con\u00e7ues pour les enfants \u00e0 partir de 1 an. La peinture est s\u00fbre [&hellip;]\" \/>\n<meta property=\"og:url\" content=\"https:\/\/ses-creative.com\/fr\/produit\/my-first-peinture-a-doigts-4-couleurs-x-145ml\/\" \/>\n<meta property=\"og:site_name\" content=\"SES Creative\" \/>\n<meta property=\"article:modified_time\" content=\"2026-02-12T10:22:58+00:00\" \/>\n<meta name=\"twitter:card\" content=\"summary_large_image\" \/>\n<meta name=\"twitter:label1\" content=\"Dur\u00e9e de lecture estim\u00e9e\" \/>\n\t<meta name=\"twitter:data1\" content=\"2 minutes\" \/>\n<script type=\"application\/ld+json\" class=\"yoast-schema-graph\">{\"@context\":\"https:\/\/schema.org\",\"@graph\":[{\"@type\":\"WebPage\",\"@id\":\"https:\/\/ses-creative.com\/fr\/produit\/my-first-peinture-a-doigts-4-couleurs-x-145ml\/\",\"url\":\"https:\/\/ses-creative.com\/fr\/produit\/my-first-peinture-a-doigts-4-couleurs-x-145ml\/\",\"name\":\"My first - Peinture \u00e0 Doigts 4 couleurs x 145ml - SES Creative\",\"isPartOf\":{\"@id\":\"https:\/\/ses-creative.com\/#website\"},\"primaryImageOfPage\":{\"@id\":\"https:\/\/ses-creative.com\/fr\/produit\/my-first-peinture-a-doigts-4-couleurs-x-145ml\/#primaryimage\"},\"image\":{\"@id\":\"https:\/\/ses-creative.com\/fr\/produit\/my-first-peinture-a-doigts-4-couleurs-x-145ml\/#primaryimage\"},\"thumbnailUrl\":\"https:\/\/ses-creative.com\/wp-content\/uploads\/2026\/01\/144131.jpg\",\"datePublished\":\"2026-02-12T10:09:26+00:00\",\"dateModified\":\"2026-02-12T10:22:58+00:00\",\"breadcrumb\":{\"@id\":\"https:\/\/ses-creative.com\/fr\/produit\/my-first-peinture-a-doigts-4-couleurs-x-145ml\/#breadcrumb\"},\"inLanguage\":\"fr-FR\",\"potentialAction\":[{\"@type\":\"ReadAction\",\"target\":[\"https:\/\/ses-creative.com\/fr\/produit\/my-first-peinture-a-doigts-4-couleurs-x-145ml\/\"]}]},{\"@type\":\"ImageObject\",\"inLanguage\":\"fr-FR\",\"@id\":\"https:\/\/ses-creative.com\/fr\/produit\/my-first-peinture-a-doigts-4-couleurs-x-145ml\/#primaryimage\",\"url\":\"https:\/\/ses-creative.com\/wp-content\/uploads\/2026\/01\/144131.jpg\",\"contentUrl\":\"https:\/\/ses-creative.com\/wp-content\/uploads\/2026\/01\/144131.jpg\",\"width\":1000,\"height\":1000},{\"@type\":\"BreadcrumbList\",\"@id\":\"https:\/\/ses-creative.com\/fr\/produit\/my-first-peinture-a-doigts-4-couleurs-x-145ml\/#breadcrumb\",\"itemListElement\":[{\"@type\":\"ListItem\",\"position\":1,\"name\":\"Boutique\",\"item\":\"https:\/\/ses-creative.com\/fr\/boutique\/\"},{\"@type\":\"ListItem\",\"position\":2,\"name\":\"B\u00e9b\u00e9 &amp; Tout-petit\",\"item\":\"https:\/\/ses-creative.com\/fr\/product-categorie\/bebe-tout-petit\/\"},{\"@type\":\"ListItem\",\"position\":3,\"name\":\"My first &#8211; Peinture \u00e0 Doigts 4 couleurs x 145ml\"}]},{\"@type\":\"WebSite\",\"@id\":\"https:\/\/ses-creative.com\/#website\",\"url\":\"https:\/\/ses-creative.com\/\",\"name\":\"SES Creative\",\"description\":\"\",\"publisher\":{\"@id\":\"https:\/\/ses-creative.com\/#organization\"},\"potentialAction\":[{\"@type\":\"SearchAction\",\"target\":{\"@type\":\"EntryPoint\",\"urlTemplate\":\"https:\/\/ses-creative.com\/?s={search_term_string}\"},\"query-input\":{\"@type\":\"PropertyValueSpecification\",\"valueRequired\":true,\"valueName\":\"search_term_string\"}}],\"inLanguage\":\"fr-FR\"},{\"@type\":\"Organization\",\"@id\":\"https:\/\/ses-creative.com\/#organization\",\"name\":\"SES Creative\",\"url\":\"https:\/\/ses-creative.com\/\",\"logo\":{\"@type\":\"ImageObject\",\"inLanguage\":\"fr-FR\",\"@id\":\"https:\/\/ses-creative.com\/#\/schema\/logo\/image\/\",\"url\":\"https:\/\/ses-creative.com\/wp-content\/uploads\/2025\/10\/ses-creative-logo.jpg\",\"contentUrl\":\"https:\/\/ses-creative.com\/wp-content\/uploads\/2025\/10\/ses-creative-logo.jpg\",\"width\":2037,\"height\":2037,\"caption\":\"SES Creative\"},\"image\":{\"@id\":\"https:\/\/ses-creative.com\/#\/schema\/logo\/image\/\"}}]}<\/script>\n<!-- \/ Yoast SEO plugin. -->","yoast_head_json":{"title":"My first - Peinture \u00e0 Doigts 4 couleurs x 145ml - SES Creative","robots":{"index":"index","follow":"follow","max-snippet":"max-snippet:-1","max-image-preview":"max-image-preview:large","max-video-preview":"max-video-preview:-1"},"canonical":"https:\/\/ses-creative.com\/fr\/produit\/my-first-peinture-a-doigts-4-couleurs-x-145ml\/","og_locale":"fr_FR","og_type":"article","og_title":"My first - Peinture \u00e0 Doigts 4 couleurs x 145ml - SES Creative","og_description":"Laissez libre cours \u00e0 votre cr\u00e9ativit\u00e9 avec My First Peinture au doigt ! Le kit My First &#8211; Peinture au doigt de SES Creative est parfait pour les tout petits artistes. Ce kit contient 4 couleurs vives de peinture au doigt, sp\u00e9cialement con\u00e7ues pour les enfants \u00e0 partir de 1 an. La peinture est s\u00fbre [&hellip;]","og_url":"https:\/\/ses-creative.com\/fr\/produit\/my-first-peinture-a-doigts-4-couleurs-x-145ml\/","og_site_name":"SES Creative","article_modified_time":"2026-02-12T10:22:58+00:00","twitter_card":"summary_large_image","twitter_misc":{"Dur\u00e9e de lecture estim\u00e9e":"2 minutes"},"schema":{"@context":"https:\/\/schema.org","@graph":[{"@type":"WebPage","@id":"https:\/\/ses-creative.com\/fr\/produit\/my-first-peinture-a-doigts-4-couleurs-x-145ml\/","url":"https:\/\/ses-creative.com\/fr\/produit\/my-first-peinture-a-doigts-4-couleurs-x-145ml\/","name":"My first - Peinture \u00e0 Doigts 4 couleurs x 145ml - SES Creative","isPartOf":{"@id":"https:\/\/ses-creative.com\/#website"},"primaryImageOfPage":{"@id":"https:\/\/ses-creative.com\/fr\/produit\/my-first-peinture-a-doigts-4-couleurs-x-145ml\/#primaryimage"},"image":{"@id":"https:\/\/ses-creative.com\/fr\/produit\/my-first-peinture-a-doigts-4-couleurs-x-145ml\/#primaryimage"},"thumbnailUrl":"https:\/\/ses-creative.com\/wp-content\/uploads\/2026\/01\/144131.jpg","datePublished":"2026-02-12T10:09:26+00:00","dateModified":"2026-02-12T10:22:58+00:00","breadcrumb":{"@id":"https:\/\/ses-creative.com\/fr\/produit\/my-first-peinture-a-doigts-4-couleurs-x-145ml\/#breadcrumb"},"inLanguage":"fr-FR","potentialAction":[{"@type":"ReadAction","target":["https:\/\/ses-creative.com\/fr\/produit\/my-first-peinture-a-doigts-4-couleurs-x-145ml\/"]}]},{"@type":"ImageObject","inLanguage":"fr-FR","@id":"https:\/\/ses-creative.com\/fr\/produit\/my-first-peinture-a-doigts-4-couleurs-x-145ml\/#primaryimage","url":"https:\/\/ses-creative.com\/wp-content\/uploads\/2026\/01\/144131.jpg","contentUrl":"https:\/\/ses-creative.com\/wp-content\/uploads\/2026\/01\/144131.jpg","width":1000,"height":1000},{"@type":"BreadcrumbList","@id":"https:\/\/ses-creative.com\/fr\/produit\/my-first-peinture-a-doigts-4-couleurs-x-145ml\/#breadcrumb","itemListElement":[{"@type":"ListItem","position":1,"name":"Boutique","item":"https:\/\/ses-creative.com\/fr\/boutique\/"},{"@type":"ListItem","position":2,"name":"B\u00e9b\u00e9 &amp; Tout-petit","item":"https:\/\/ses-creative.com\/fr\/product-categorie\/bebe-tout-petit\/"},{"@type":"ListItem","position":3,"name":"My first &#8211; Peinture \u00e0 Doigts 4 couleurs x 145ml"}]},{"@type":"WebSite","@id":"https:\/\/ses-creative.com\/#website","url":"https:\/\/ses-creative.com\/","name":"SES Creative","description":"","publisher":{"@id":"https:\/\/ses-creative.com\/#organization"},"potentialAction":[{"@type":"SearchAction","target":{"@type":"EntryPoint","urlTemplate":"https:\/\/ses-creative.com\/?s={search_term_string}"},"query-input":{"@type":"PropertyValueSpecification","valueRequired":true,"valueName":"search_term_string"}}],"inLanguage":"fr-FR"},{"@type":"Organization","@id":"https:\/\/ses-creative.com\/#organization","name":"SES Creative","url":"https:\/\/ses-creative.com\/","logo":{"@type":"ImageObject","inLanguage":"fr-FR","@id":"https:\/\/ses-creative.com\/#\/schema\/logo\/image\/","url":"https:\/\/ses-creative.com\/wp-content\/uploads\/2025\/10\/ses-creative-logo.jpg","contentUrl":"https:\/\/ses-creative.com\/wp-content\/uploads\/2025\/10\/ses-creative-logo.jpg","width":2037,"height":2037,"caption":"SES Creative"},"image":{"@id":"https:\/\/ses-creative.com\/#\/schema\/logo\/image\/"}}]}},"_links":{"self":[{"href":"https:\/\/ses-creative.com\/fr\/wp-json\/wp\/v2\/product\/118335","targetHints":{"allow":["GET"]}}],"collection":[{"href":"https:\/\/ses-creative.com\/fr\/wp-json\/wp\/v2\/product"}],"about":[{"href":"https:\/\/ses-creative.com\/fr\/wp-json\/wp\/v2\/types\/product"}],"replies":[{"embeddable":true,"href":"https:\/\/ses-creative.com\/fr\/wp-json\/wp\/v2\/comments?post=118335"}],"wp:featuredmedia":[{"embeddable":true,"href":"https:\/\/ses-creative.com\/fr\/wp-json\/wp\/v2\/media\/102876"}],"wp:attachment":[{"href":"https:\/\/ses-creative.com\/fr\/wp-json\/wp\/v2\/media?parent=118335"}],"wp:term":[{"taxonomy":"product_brand","embeddable":true,"href":"https:\/\/ses-creative.com\/fr\/wp-json\/wp\/v2\/product_brand?post=118335"},{"taxonomy":"product_cat","embeddable":true,"href":"https:\/\/ses-creative.com\/fr\/wp-json\/wp\/v2\/product_cat?post=118335"},{"taxonomy":"product_tag","embeddable":true,"href":"https:\/\/ses-creative.com\/fr\/wp-json\/wp\/v2\/product_tag?post=118335"}],"curies":[{"name":"wp","href":"https:\/\/api.w.org\/{rel}","templated":true}]}}