











{"id":118334,"date":"2026-02-12T10:09:26","date_gmt":"2026-02-12T10:09:26","guid":{"rendered":"https:\/\/ses-creative.com\/?post_type=product&#038;p=118334"},"modified":"2026-02-12T10:22:58","modified_gmt":"2026-02-12T10:22:58","slug":"my-first-cartes-dactivite-en-pate-a-modeler-dinosaures","status":"publish","type":"product","link":"https:\/\/ses-creative.com\/fr\/produit\/my-first-cartes-dactivite-en-pate-a-modeler-dinosaures\/","title":{"rendered":"My first &#8211; Cartes d&rsquo;activit\u00e9 en p\u00e2te \u00e0 modeler dinosaures"},"content":{"rendered":"<p>Redonnez vie aux dinosaures avec de la p\u00e2te \u00e0 modeler !<br \/>\nRemontez le temps et d\u00e9couvrez un monde pr\u00e9historique plein de cr\u00e9ativit\u00e9 avec les cartes My First &#8211; P\u00e2te \u00e0 modeler sur le th\u00e8me des dinosaures ! Ce set est parfait pour les petits explorateurs curieux qui adorent les dinosaures et la p\u00e2te \u00e0 modeler. Avec de la p\u00e2te \u00e0 modeler douce et color\u00e9e, les enfants peuvent fa\u00e7onner, rouler et malaxer pour cr\u00e9er de superbes dinosaures. Chaque carte r\u00e9utilisable comporte un dessin de dinosaure qui encourage les enfants \u00e0 associer les couleurs, \u00e0 reconna\u00eetre les formes et \u00e0 donner vie \u00e0 leurs dinosaures pr\u00e9f\u00e9r\u00e9s.<br \/>\nCe qui rend ce kit g\u00e9nial<br \/>\n&#8211; Stimule la cr\u00e9ativit\u00e9 et la curiosit\u00e9 pour les dinosaures et l&rsquo;Antiquit\u00e9<br \/>\n&#8211;    Aide \u00e0 am\u00e9liorer la motricit\u00e9 et la coordination \u0153il-main de votre enfant en suivant les motifs sur les cartes<br \/>\n&#8211;    Les cartes color\u00e9es offrent toujours un r\u00e9sultat amusant dont on peut \u00eatre fier, ce qui permet de cr\u00e9er une premi\u00e8re exp\u00e9rience positive avec la p\u00e2te \u00e0 modeler<br \/>\n&#8211;    Agr\u00e9able \u00e0 d\u00e9couvrir ensemble ou pour votre enfant qui joue seul<br \/>\n&#8211; La p\u00e2te \u00e0 modeler est adapt\u00e9e aux enfants, s\u00fbre et sans gluten. Gr\u00e2ce \u00e0 son go\u00fbt sal\u00e9, votre enfant ne voudra plus manger la p\u00e2te \u00e0 modeler<br \/>\nModelage avec plaisir !<br \/>\nLes enfants peuvent se plonger dans une exp\u00e9rience \u00e9ducative et ludique tout en am\u00e9liorant leur motricit\u00e9 fine et leur coordination \u0153il-main. Avec le set My First &#8211; Clay Dino, la cr\u00e9ativit\u00e9 n&rsquo;a pas de limites ! Les cartes donnent toujours un r\u00e9sultat final amusant, ce qui garantit une premi\u00e8re exp\u00e9rience positive avec la p\u00e2te \u00e0 modeler. Le set convient aux enfants \u00e0 partir de 1 an.<br \/>\nContenu du kit<br \/>\n&#8211;    P\u00e2te \u00e0 modeler bleue, orange et verte<br \/>\n&#8211;    4 cartes dinosaures passionnantes et r\u00e9utilisables<br \/>\nPourquoi choisir SES Creative ?<br \/>\nChez SES Creative, nous accordons une grande importance \u00e0 la s\u00e9curit\u00e9. C&rsquo;est pourquoi nos produits sont fabriqu\u00e9s et test\u00e9s dans notre usine aux Pays-Bas, conform\u00e9ment aux normes de s\u00e9curit\u00e9 europ\u00e9ennes les plus strictes. Les jouets SES Creative sont source de plaisir et permettent aux enfants d&rsquo;\u00eatre fiers de leur travail, ce qui stimule leur cr\u00e9ativit\u00e9 et leur d\u00e9veloppement.<br \/>\nLib\u00e9rez la cr\u00e9ativit\u00e9 et la curiosit\u00e9 de votre enfant<br \/>\nLes cartes dinosaures en p\u00e2te \u00e0 modeler apporteront \u00e0 coup s\u00fbr joie et plaisir \u00e0 tous les jeunes fans de dinosaures. Que l&rsquo;aventure commence !<\/p>\n","protected":false},"excerpt":{"rendered":"<p>Redonnez vie aux dinosaures avec de la p\u00e2te \u00e0 modeler ! Remontez le temps et d\u00e9couvrez un monde pr\u00e9historique plein de cr\u00e9ativit\u00e9 avec les cartes My First &#8211; P\u00e2te \u00e0 modeler sur le th\u00e8me des dinosaures ! Ce set est parfait pour les petits explorateurs curieux qui adorent les dinosaures et la p\u00e2te \u00e0 modeler. [&hellip;]<\/p>\n","protected":false},"featured_media":102856,"comment_status":"closed","ping_status":"closed","template":"","meta":{"_acf_changed":false},"product_brand":[],"product_cat":[123],"product_tag":[],"class_list":{"0":"post-118334","1":"product","2":"type-product","3":"status-publish","4":"has-post-thumbnail","6":"product_cat-bebe-tout-petit","7":"pa_leeftijd-filter-0-2-ans","8":"pa_meest-populair-bij-garcons-filles","10":"first","11":"instock","12":"shipping-taxable","13":"product-type-simple"},"acf":[],"yoast_head":"<!-- This site is optimized with the Yoast SEO plugin v27.2 - https:\/\/yoast.com\/product\/yoast-seo-wordpress\/ -->\n<title>My first - Cartes d&#039;activit\u00e9 en p\u00e2te \u00e0 modeler dinosaures - SES Creative<\/title>\n<meta name=\"robots\" content=\"index, follow, max-snippet:-1, max-image-preview:large, max-video-preview:-1\" \/>\n<link rel=\"canonical\" href=\"https:\/\/ses-creative.com\/fr\/produit\/my-first-cartes-dactivite-en-pate-a-modeler-dinosaures\/\" \/>\n<meta property=\"og:locale\" content=\"fr_FR\" \/>\n<meta property=\"og:type\" content=\"article\" \/>\n<meta property=\"og:title\" content=\"My first - Cartes d&#039;activit\u00e9 en p\u00e2te \u00e0 modeler dinosaures - SES Creative\" \/>\n<meta property=\"og:description\" content=\"Redonnez vie aux dinosaures avec de la p\u00e2te \u00e0 modeler ! Remontez le temps et d\u00e9couvrez un monde pr\u00e9historique plein de cr\u00e9ativit\u00e9 avec les cartes My First &#8211; P\u00e2te \u00e0 modeler sur le th\u00e8me des dinosaures ! Ce set est parfait pour les petits explorateurs curieux qui adorent les dinosaures et la p\u00e2te \u00e0 modeler. [&hellip;]\" \/>\n<meta property=\"og:url\" content=\"https:\/\/ses-creative.com\/fr\/produit\/my-first-cartes-dactivite-en-pate-a-modeler-dinosaures\/\" \/>\n<meta property=\"og:site_name\" content=\"SES Creative\" \/>\n<meta property=\"article:modified_time\" content=\"2026-02-12T10:22:58+00:00\" \/>\n<meta name=\"twitter:card\" content=\"summary_large_image\" \/>\n<meta name=\"twitter:label1\" content=\"Dur\u00e9e de lecture estim\u00e9e\" \/>\n\t<meta name=\"twitter:data1\" content=\"2 minutes\" \/>\n<script type=\"application\/ld+json\" class=\"yoast-schema-graph\">{\"@context\":\"https:\/\/schema.org\",\"@graph\":[{\"@type\":\"WebPage\",\"@id\":\"https:\/\/ses-creative.com\/fr\/produit\/my-first-cartes-dactivite-en-pate-a-modeler-dinosaures\/\",\"url\":\"https:\/\/ses-creative.com\/fr\/produit\/my-first-cartes-dactivite-en-pate-a-modeler-dinosaures\/\",\"name\":\"My first - Cartes d'activit\u00e9 en p\u00e2te \u00e0 modeler dinosaures - SES Creative\",\"isPartOf\":{\"@id\":\"https:\/\/ses-creative.com\/#website\"},\"primaryImageOfPage\":{\"@id\":\"https:\/\/ses-creative.com\/fr\/produit\/my-first-cartes-dactivite-en-pate-a-modeler-dinosaures\/#primaryimage\"},\"image\":{\"@id\":\"https:\/\/ses-creative.com\/fr\/produit\/my-first-cartes-dactivite-en-pate-a-modeler-dinosaures\/#primaryimage\"},\"thumbnailUrl\":\"https:\/\/ses-creative.com\/wp-content\/uploads\/2026\/01\/144091.jpg\",\"datePublished\":\"2026-02-12T10:09:26+00:00\",\"dateModified\":\"2026-02-12T10:22:58+00:00\",\"breadcrumb\":{\"@id\":\"https:\/\/ses-creative.com\/fr\/produit\/my-first-cartes-dactivite-en-pate-a-modeler-dinosaures\/#breadcrumb\"},\"inLanguage\":\"fr-FR\",\"potentialAction\":[{\"@type\":\"ReadAction\",\"target\":[\"https:\/\/ses-creative.com\/fr\/produit\/my-first-cartes-dactivite-en-pate-a-modeler-dinosaures\/\"]}]},{\"@type\":\"ImageObject\",\"inLanguage\":\"fr-FR\",\"@id\":\"https:\/\/ses-creative.com\/fr\/produit\/my-first-cartes-dactivite-en-pate-a-modeler-dinosaures\/#primaryimage\",\"url\":\"https:\/\/ses-creative.com\/wp-content\/uploads\/2026\/01\/144091.jpg\",\"contentUrl\":\"https:\/\/ses-creative.com\/wp-content\/uploads\/2026\/01\/144091.jpg\",\"width\":1000,\"height\":1000},{\"@type\":\"BreadcrumbList\",\"@id\":\"https:\/\/ses-creative.com\/fr\/produit\/my-first-cartes-dactivite-en-pate-a-modeler-dinosaures\/#breadcrumb\",\"itemListElement\":[{\"@type\":\"ListItem\",\"position\":1,\"name\":\"Boutique\",\"item\":\"https:\/\/ses-creative.com\/fr\/boutique\/\"},{\"@type\":\"ListItem\",\"position\":2,\"name\":\"B\u00e9b\u00e9 &amp; Tout-petit\",\"item\":\"https:\/\/ses-creative.com\/fr\/product-categorie\/bebe-tout-petit\/\"},{\"@type\":\"ListItem\",\"position\":3,\"name\":\"My first &#8211; Cartes d&#8217;activit\u00e9 en p\u00e2te \u00e0 modeler dinosaures\"}]},{\"@type\":\"WebSite\",\"@id\":\"https:\/\/ses-creative.com\/#website\",\"url\":\"https:\/\/ses-creative.com\/\",\"name\":\"SES Creative\",\"description\":\"\",\"publisher\":{\"@id\":\"https:\/\/ses-creative.com\/#organization\"},\"potentialAction\":[{\"@type\":\"SearchAction\",\"target\":{\"@type\":\"EntryPoint\",\"urlTemplate\":\"https:\/\/ses-creative.com\/?s={search_term_string}\"},\"query-input\":{\"@type\":\"PropertyValueSpecification\",\"valueRequired\":true,\"valueName\":\"search_term_string\"}}],\"inLanguage\":\"fr-FR\"},{\"@type\":\"Organization\",\"@id\":\"https:\/\/ses-creative.com\/#organization\",\"name\":\"SES Creative\",\"url\":\"https:\/\/ses-creative.com\/\",\"logo\":{\"@type\":\"ImageObject\",\"inLanguage\":\"fr-FR\",\"@id\":\"https:\/\/ses-creative.com\/#\/schema\/logo\/image\/\",\"url\":\"https:\/\/ses-creative.com\/wp-content\/uploads\/2025\/10\/ses-creative-logo.jpg\",\"contentUrl\":\"https:\/\/ses-creative.com\/wp-content\/uploads\/2025\/10\/ses-creative-logo.jpg\",\"width\":2037,\"height\":2037,\"caption\":\"SES Creative\"},\"image\":{\"@id\":\"https:\/\/ses-creative.com\/#\/schema\/logo\/image\/\"}}]}<\/script>\n<!-- \/ Yoast SEO plugin. -->","yoast_head_json":{"title":"My first - Cartes d'activit\u00e9 en p\u00e2te \u00e0 modeler dinosaures - SES Creative","robots":{"index":"index","follow":"follow","max-snippet":"max-snippet:-1","max-image-preview":"max-image-preview:large","max-video-preview":"max-video-preview:-1"},"canonical":"https:\/\/ses-creative.com\/fr\/produit\/my-first-cartes-dactivite-en-pate-a-modeler-dinosaures\/","og_locale":"fr_FR","og_type":"article","og_title":"My first - Cartes d'activit\u00e9 en p\u00e2te \u00e0 modeler dinosaures - SES Creative","og_description":"Redonnez vie aux dinosaures avec de la p\u00e2te \u00e0 modeler ! Remontez le temps et d\u00e9couvrez un monde pr\u00e9historique plein de cr\u00e9ativit\u00e9 avec les cartes My First &#8211; P\u00e2te \u00e0 modeler sur le th\u00e8me des dinosaures ! Ce set est parfait pour les petits explorateurs curieux qui adorent les dinosaures et la p\u00e2te \u00e0 modeler. [&hellip;]","og_url":"https:\/\/ses-creative.com\/fr\/produit\/my-first-cartes-dactivite-en-pate-a-modeler-dinosaures\/","og_site_name":"SES Creative","article_modified_time":"2026-02-12T10:22:58+00:00","twitter_card":"summary_large_image","twitter_misc":{"Dur\u00e9e de lecture estim\u00e9e":"2 minutes"},"schema":{"@context":"https:\/\/schema.org","@graph":[{"@type":"WebPage","@id":"https:\/\/ses-creative.com\/fr\/produit\/my-first-cartes-dactivite-en-pate-a-modeler-dinosaures\/","url":"https:\/\/ses-creative.com\/fr\/produit\/my-first-cartes-dactivite-en-pate-a-modeler-dinosaures\/","name":"My first - Cartes d'activit\u00e9 en p\u00e2te \u00e0 modeler dinosaures - SES Creative","isPartOf":{"@id":"https:\/\/ses-creative.com\/#website"},"primaryImageOfPage":{"@id":"https:\/\/ses-creative.com\/fr\/produit\/my-first-cartes-dactivite-en-pate-a-modeler-dinosaures\/#primaryimage"},"image":{"@id":"https:\/\/ses-creative.com\/fr\/produit\/my-first-cartes-dactivite-en-pate-a-modeler-dinosaures\/#primaryimage"},"thumbnailUrl":"https:\/\/ses-creative.com\/wp-content\/uploads\/2026\/01\/144091.jpg","datePublished":"2026-02-12T10:09:26+00:00","dateModified":"2026-02-12T10:22:58+00:00","breadcrumb":{"@id":"https:\/\/ses-creative.com\/fr\/produit\/my-first-cartes-dactivite-en-pate-a-modeler-dinosaures\/#breadcrumb"},"inLanguage":"fr-FR","potentialAction":[{"@type":"ReadAction","target":["https:\/\/ses-creative.com\/fr\/produit\/my-first-cartes-dactivite-en-pate-a-modeler-dinosaures\/"]}]},{"@type":"ImageObject","inLanguage":"fr-FR","@id":"https:\/\/ses-creative.com\/fr\/produit\/my-first-cartes-dactivite-en-pate-a-modeler-dinosaures\/#primaryimage","url":"https:\/\/ses-creative.com\/wp-content\/uploads\/2026\/01\/144091.jpg","contentUrl":"https:\/\/ses-creative.com\/wp-content\/uploads\/2026\/01\/144091.jpg","width":1000,"height":1000},{"@type":"BreadcrumbList","@id":"https:\/\/ses-creative.com\/fr\/produit\/my-first-cartes-dactivite-en-pate-a-modeler-dinosaures\/#breadcrumb","itemListElement":[{"@type":"ListItem","position":1,"name":"Boutique","item":"https:\/\/ses-creative.com\/fr\/boutique\/"},{"@type":"ListItem","position":2,"name":"B\u00e9b\u00e9 &amp; Tout-petit","item":"https:\/\/ses-creative.com\/fr\/product-categorie\/bebe-tout-petit\/"},{"@type":"ListItem","position":3,"name":"My first &#8211; Cartes d&#8217;activit\u00e9 en p\u00e2te \u00e0 modeler dinosaures"}]},{"@type":"WebSite","@id":"https:\/\/ses-creative.com\/#website","url":"https:\/\/ses-creative.com\/","name":"SES Creative","description":"","publisher":{"@id":"https:\/\/ses-creative.com\/#organization"},"potentialAction":[{"@type":"SearchAction","target":{"@type":"EntryPoint","urlTemplate":"https:\/\/ses-creative.com\/?s={search_term_string}"},"query-input":{"@type":"PropertyValueSpecification","valueRequired":true,"valueName":"search_term_string"}}],"inLanguage":"fr-FR"},{"@type":"Organization","@id":"https:\/\/ses-creative.com\/#organization","name":"SES Creative","url":"https:\/\/ses-creative.com\/","logo":{"@type":"ImageObject","inLanguage":"fr-FR","@id":"https:\/\/ses-creative.com\/#\/schema\/logo\/image\/","url":"https:\/\/ses-creative.com\/wp-content\/uploads\/2025\/10\/ses-creative-logo.jpg","contentUrl":"https:\/\/ses-creative.com\/wp-content\/uploads\/2025\/10\/ses-creative-logo.jpg","width":2037,"height":2037,"caption":"SES Creative"},"image":{"@id":"https:\/\/ses-creative.com\/#\/schema\/logo\/image\/"}}]}},"_links":{"self":[{"href":"https:\/\/ses-creative.com\/fr\/wp-json\/wp\/v2\/product\/118334","targetHints":{"allow":["GET"]}}],"collection":[{"href":"https:\/\/ses-creative.com\/fr\/wp-json\/wp\/v2\/product"}],"about":[{"href":"https:\/\/ses-creative.com\/fr\/wp-json\/wp\/v2\/types\/product"}],"replies":[{"embeddable":true,"href":"https:\/\/ses-creative.com\/fr\/wp-json\/wp\/v2\/comments?post=118334"}],"wp:featuredmedia":[{"embeddable":true,"href":"https:\/\/ses-creative.com\/fr\/wp-json\/wp\/v2\/media\/102856"}],"wp:attachment":[{"href":"https:\/\/ses-creative.com\/fr\/wp-json\/wp\/v2\/media?parent=118334"}],"wp:term":[{"taxonomy":"product_brand","embeddable":true,"href":"https:\/\/ses-creative.com\/fr\/wp-json\/wp\/v2\/product_brand?post=118334"},{"taxonomy":"product_cat","embeddable":true,"href":"https:\/\/ses-creative.com\/fr\/wp-json\/wp\/v2\/product_cat?post=118334"},{"taxonomy":"product_tag","embeddable":true,"href":"https:\/\/ses-creative.com\/fr\/wp-json\/wp\/v2\/product_tag?post=118334"}],"curies":[{"name":"wp","href":"https:\/\/api.w.org\/{rel}","templated":true}]}}