











{"id":118333,"date":"2026-02-12T10:09:26","date_gmt":"2026-02-12T10:09:26","guid":{"rendered":"https:\/\/ses-creative.com\/?post_type=product&#038;p=118333"},"modified":"2026-02-12T10:22:58","modified_gmt":"2026-02-12T10:22:58","slug":"my-first-coiffures-en-pate-a-modeler","status":"publish","type":"product","link":"https:\/\/ses-creative.com\/fr\/produit\/my-first-coiffures-en-pate-a-modeler\/","title":{"rendered":"My first &#8211; Coiffures en p\u00e2te \u00e0 modeler"},"content":{"rendered":"<p>Lib\u00e9rez votre cr\u00e9ativit\u00e9 avec le kit My First &#8211; Coiffures en p\u00e2te \u00e0 modeler !<br \/>\nJouer avec de la p\u00e2te \u00e0 modeler et \u00eatre coiffeur ? C&rsquo;est possible avec ce kit ! Parfait pour les petites mains et les grandes imaginations. Cr\u00e9ez des coiffures folles et g\u00e9niales avec la p\u00e2te \u00e0 modeler adapt\u00e9e aux enfants. Regardez votre enfant d\u00e9couvrir son c\u00f4t\u00e9 cr\u00e9atif et cr\u00e9er des coiffures amusantes sur des cartes r\u00e9utilisables repr\u00e9sentant des animaux. Convient aux enfants \u00e0 partir de 1 an.<br \/>\nCe qui rend ce kit g\u00e9nial<br \/>\n&#8211;    Les ciseaux s\u00e9curis\u00e9s coupent la p\u00e2te \u00e0 modeler et le papier, mais sont sans danger pour les cheveux et les v\u00eatements<br \/>\n&#8211;    Les cartes sont r\u00e9utilisables, pour un plaisir de jeu sans fin<br \/>\n&#8211;    Les cartes animales joyeuses donnent toujours un r\u00e9sultat amusant, dont votre enfant peut \u00eatre fier<br \/>\n&#8211; Convient aux enfants \u00e0 partir de 1 an<br \/>\n&#8211; La p\u00e2te \u00e0 modeler est adapt\u00e9e aux enfants, s\u00fbre et sans gluten. Gr\u00e2ce \u00e0 son go\u00fbt sal\u00e9, votre enfant ne voudra plus manger la p\u00e2te \u00e0 modeler<br \/>\nBricoler et apprendre en m\u00eame temps<br \/>\nDe l&rsquo;am\u00e9lioration de la motricit\u00e9 fine \u00e0 la stimulation de la coordination \u0153il-main et de la pens\u00e9e cr\u00e9ative, le set My First &#8211; P\u00e2te \u00e0 modeler Coiffures combine plaisir et opportunit\u00e9s d&rsquo;apprentissage pr\u00e9cieuses. Coupez les coiffures les plus folles avec les ciseaux s\u00e9curis\u00e9s et utilisez l&rsquo;extrudeuse \u00e0 p\u00e2te \u00e0 modeler pour cr\u00e9er des coiffures encore plus amusantes. Ce kit comprend \u00e9galement de la p\u00e2te \u00e0 modeler. En jouant avec la p\u00e2te \u00e0 modeler, les enfants apprennent \u00e0 jouer avec leurs mains, ce qui d\u00e9veloppe leurs capacit\u00e9s motrices.<br \/>\nContenu du kit<br \/>\n&#8211;    Extrudeuse \u00e0 p\u00e2te pour cr\u00e9er les coiffures les plus amusantes<br \/>\n&#8211;    Ciseaux adapt\u00e9s aux enfants<br \/>\n&#8211;    P\u00e2te \u00e0 modeler rouge et bleue<br \/>\n&#8211;    4 cartes d&rsquo;animaux r\u00e9utilisables<br \/>\nPourquoi choisir SES Creative ?<br \/>\nChez SES Creative, nous accordons une grande importance \u00e0 la s\u00e9curit\u00e9. C&rsquo;est pourquoi nos produits sont fabriqu\u00e9s et test\u00e9s dans notre usine aux Pays-Bas, conform\u00e9ment aux normes de s\u00e9curit\u00e9 europ\u00e9ennes les plus strictes. Les jouets SES Creative sont source de plaisir et permettent aux enfants d&rsquo;\u00eatre fiers de leur travail, ce qui stimule leur cr\u00e9ativit\u00e9 et leur d\u00e9veloppement.<br \/>\nCommencez d\u00e8s aujourd&rsquo;hui \u00e0 cr\u00e9er les coiffures en p\u00e2te \u00e0 modeler les plus folles !<br \/>\nPr\u00e9parez-vous \u00e0 couper, modeler et coiffer : l&rsquo;aventure des coiffures en p\u00e2te \u00e0 modeler vous attend !<\/p>\n","protected":false},"excerpt":{"rendered":"<p>Lib\u00e9rez votre cr\u00e9ativit\u00e9 avec le kit My First &#8211; Coiffures en p\u00e2te \u00e0 modeler ! Jouer avec de la p\u00e2te \u00e0 modeler et \u00eatre coiffeur ? C&rsquo;est possible avec ce kit ! Parfait pour les petites mains et les grandes imaginations. Cr\u00e9ez des coiffures folles et g\u00e9niales avec la p\u00e2te \u00e0 modeler adapt\u00e9e aux enfants. [&hellip;]<\/p>\n","protected":false},"featured_media":102836,"comment_status":"closed","ping_status":"closed","template":"","meta":{"_acf_changed":false},"product_brand":[],"product_cat":[123],"product_tag":[],"class_list":{"0":"post-118333","1":"product","2":"type-product","3":"status-publish","4":"has-post-thumbnail","6":"product_cat-bebe-tout-petit","7":"pa_leeftijd-filter-0-2-ans","8":"pa_meest-populair-bij-garcons-filles","10":"first","11":"instock","12":"shipping-taxable","13":"product-type-simple"},"acf":[],"yoast_head":"<!-- This site is optimized with the Yoast SEO plugin v27.2 - https:\/\/yoast.com\/product\/yoast-seo-wordpress\/ -->\n<title>My first - Coiffures en p\u00e2te \u00e0 modeler - SES Creative<\/title>\n<meta name=\"robots\" content=\"index, follow, max-snippet:-1, max-image-preview:large, max-video-preview:-1\" \/>\n<link rel=\"canonical\" href=\"https:\/\/ses-creative.com\/fr\/produit\/my-first-coiffures-en-pate-a-modeler\/\" \/>\n<meta property=\"og:locale\" content=\"fr_FR\" \/>\n<meta property=\"og:type\" content=\"article\" \/>\n<meta property=\"og:title\" content=\"My first - Coiffures en p\u00e2te \u00e0 modeler - SES Creative\" \/>\n<meta property=\"og:description\" content=\"Lib\u00e9rez votre cr\u00e9ativit\u00e9 avec le kit My First &#8211; Coiffures en p\u00e2te \u00e0 modeler ! Jouer avec de la p\u00e2te \u00e0 modeler et \u00eatre coiffeur ? C&rsquo;est possible avec ce kit ! Parfait pour les petites mains et les grandes imaginations. Cr\u00e9ez des coiffures folles et g\u00e9niales avec la p\u00e2te \u00e0 modeler adapt\u00e9e aux enfants. [&hellip;]\" \/>\n<meta property=\"og:url\" content=\"https:\/\/ses-creative.com\/fr\/produit\/my-first-coiffures-en-pate-a-modeler\/\" \/>\n<meta property=\"og:site_name\" content=\"SES Creative\" \/>\n<meta property=\"article:modified_time\" content=\"2026-02-12T10:22:58+00:00\" \/>\n<meta name=\"twitter:card\" content=\"summary_large_image\" \/>\n<meta name=\"twitter:label1\" content=\"Dur\u00e9e de lecture estim\u00e9e\" \/>\n\t<meta name=\"twitter:data1\" content=\"2 minutes\" \/>\n<script type=\"application\/ld+json\" class=\"yoast-schema-graph\">{\"@context\":\"https:\/\/schema.org\",\"@graph\":[{\"@type\":\"WebPage\",\"@id\":\"https:\/\/ses-creative.com\/fr\/produit\/my-first-coiffures-en-pate-a-modeler\/\",\"url\":\"https:\/\/ses-creative.com\/fr\/produit\/my-first-coiffures-en-pate-a-modeler\/\",\"name\":\"My first - Coiffures en p\u00e2te \u00e0 modeler - SES Creative\",\"isPartOf\":{\"@id\":\"https:\/\/ses-creative.com\/#website\"},\"primaryImageOfPage\":{\"@id\":\"https:\/\/ses-creative.com\/fr\/produit\/my-first-coiffures-en-pate-a-modeler\/#primaryimage\"},\"image\":{\"@id\":\"https:\/\/ses-creative.com\/fr\/produit\/my-first-coiffures-en-pate-a-modeler\/#primaryimage\"},\"thumbnailUrl\":\"https:\/\/ses-creative.com\/wp-content\/uploads\/2026\/01\/144071.jpg\",\"datePublished\":\"2026-02-12T10:09:26+00:00\",\"dateModified\":\"2026-02-12T10:22:58+00:00\",\"breadcrumb\":{\"@id\":\"https:\/\/ses-creative.com\/fr\/produit\/my-first-coiffures-en-pate-a-modeler\/#breadcrumb\"},\"inLanguage\":\"fr-FR\",\"potentialAction\":[{\"@type\":\"ReadAction\",\"target\":[\"https:\/\/ses-creative.com\/fr\/produit\/my-first-coiffures-en-pate-a-modeler\/\"]}]},{\"@type\":\"ImageObject\",\"inLanguage\":\"fr-FR\",\"@id\":\"https:\/\/ses-creative.com\/fr\/produit\/my-first-coiffures-en-pate-a-modeler\/#primaryimage\",\"url\":\"https:\/\/ses-creative.com\/wp-content\/uploads\/2026\/01\/144071.jpg\",\"contentUrl\":\"https:\/\/ses-creative.com\/wp-content\/uploads\/2026\/01\/144071.jpg\",\"width\":1000,\"height\":1000},{\"@type\":\"BreadcrumbList\",\"@id\":\"https:\/\/ses-creative.com\/fr\/produit\/my-first-coiffures-en-pate-a-modeler\/#breadcrumb\",\"itemListElement\":[{\"@type\":\"ListItem\",\"position\":1,\"name\":\"Boutique\",\"item\":\"https:\/\/ses-creative.com\/fr\/boutique\/\"},{\"@type\":\"ListItem\",\"position\":2,\"name\":\"B\u00e9b\u00e9 &amp; Tout-petit\",\"item\":\"https:\/\/ses-creative.com\/fr\/product-categorie\/bebe-tout-petit\/\"},{\"@type\":\"ListItem\",\"position\":3,\"name\":\"My first &#8211; Coiffures en p\u00e2te \u00e0 modeler\"}]},{\"@type\":\"WebSite\",\"@id\":\"https:\/\/ses-creative.com\/#website\",\"url\":\"https:\/\/ses-creative.com\/\",\"name\":\"SES Creative\",\"description\":\"\",\"publisher\":{\"@id\":\"https:\/\/ses-creative.com\/#organization\"},\"potentialAction\":[{\"@type\":\"SearchAction\",\"target\":{\"@type\":\"EntryPoint\",\"urlTemplate\":\"https:\/\/ses-creative.com\/?s={search_term_string}\"},\"query-input\":{\"@type\":\"PropertyValueSpecification\",\"valueRequired\":true,\"valueName\":\"search_term_string\"}}],\"inLanguage\":\"fr-FR\"},{\"@type\":\"Organization\",\"@id\":\"https:\/\/ses-creative.com\/#organization\",\"name\":\"SES Creative\",\"url\":\"https:\/\/ses-creative.com\/\",\"logo\":{\"@type\":\"ImageObject\",\"inLanguage\":\"fr-FR\",\"@id\":\"https:\/\/ses-creative.com\/#\/schema\/logo\/image\/\",\"url\":\"https:\/\/ses-creative.com\/wp-content\/uploads\/2025\/10\/ses-creative-logo.jpg\",\"contentUrl\":\"https:\/\/ses-creative.com\/wp-content\/uploads\/2025\/10\/ses-creative-logo.jpg\",\"width\":2037,\"height\":2037,\"caption\":\"SES Creative\"},\"image\":{\"@id\":\"https:\/\/ses-creative.com\/#\/schema\/logo\/image\/\"}}]}<\/script>\n<!-- \/ Yoast SEO plugin. -->","yoast_head_json":{"title":"My first - Coiffures en p\u00e2te \u00e0 modeler - SES Creative","robots":{"index":"index","follow":"follow","max-snippet":"max-snippet:-1","max-image-preview":"max-image-preview:large","max-video-preview":"max-video-preview:-1"},"canonical":"https:\/\/ses-creative.com\/fr\/produit\/my-first-coiffures-en-pate-a-modeler\/","og_locale":"fr_FR","og_type":"article","og_title":"My first - Coiffures en p\u00e2te \u00e0 modeler - SES Creative","og_description":"Lib\u00e9rez votre cr\u00e9ativit\u00e9 avec le kit My First &#8211; Coiffures en p\u00e2te \u00e0 modeler ! Jouer avec de la p\u00e2te \u00e0 modeler et \u00eatre coiffeur ? C&rsquo;est possible avec ce kit ! Parfait pour les petites mains et les grandes imaginations. Cr\u00e9ez des coiffures folles et g\u00e9niales avec la p\u00e2te \u00e0 modeler adapt\u00e9e aux enfants. [&hellip;]","og_url":"https:\/\/ses-creative.com\/fr\/produit\/my-first-coiffures-en-pate-a-modeler\/","og_site_name":"SES Creative","article_modified_time":"2026-02-12T10:22:58+00:00","twitter_card":"summary_large_image","twitter_misc":{"Dur\u00e9e de lecture estim\u00e9e":"2 minutes"},"schema":{"@context":"https:\/\/schema.org","@graph":[{"@type":"WebPage","@id":"https:\/\/ses-creative.com\/fr\/produit\/my-first-coiffures-en-pate-a-modeler\/","url":"https:\/\/ses-creative.com\/fr\/produit\/my-first-coiffures-en-pate-a-modeler\/","name":"My first - Coiffures en p\u00e2te \u00e0 modeler - SES Creative","isPartOf":{"@id":"https:\/\/ses-creative.com\/#website"},"primaryImageOfPage":{"@id":"https:\/\/ses-creative.com\/fr\/produit\/my-first-coiffures-en-pate-a-modeler\/#primaryimage"},"image":{"@id":"https:\/\/ses-creative.com\/fr\/produit\/my-first-coiffures-en-pate-a-modeler\/#primaryimage"},"thumbnailUrl":"https:\/\/ses-creative.com\/wp-content\/uploads\/2026\/01\/144071.jpg","datePublished":"2026-02-12T10:09:26+00:00","dateModified":"2026-02-12T10:22:58+00:00","breadcrumb":{"@id":"https:\/\/ses-creative.com\/fr\/produit\/my-first-coiffures-en-pate-a-modeler\/#breadcrumb"},"inLanguage":"fr-FR","potentialAction":[{"@type":"ReadAction","target":["https:\/\/ses-creative.com\/fr\/produit\/my-first-coiffures-en-pate-a-modeler\/"]}]},{"@type":"ImageObject","inLanguage":"fr-FR","@id":"https:\/\/ses-creative.com\/fr\/produit\/my-first-coiffures-en-pate-a-modeler\/#primaryimage","url":"https:\/\/ses-creative.com\/wp-content\/uploads\/2026\/01\/144071.jpg","contentUrl":"https:\/\/ses-creative.com\/wp-content\/uploads\/2026\/01\/144071.jpg","width":1000,"height":1000},{"@type":"BreadcrumbList","@id":"https:\/\/ses-creative.com\/fr\/produit\/my-first-coiffures-en-pate-a-modeler\/#breadcrumb","itemListElement":[{"@type":"ListItem","position":1,"name":"Boutique","item":"https:\/\/ses-creative.com\/fr\/boutique\/"},{"@type":"ListItem","position":2,"name":"B\u00e9b\u00e9 &amp; Tout-petit","item":"https:\/\/ses-creative.com\/fr\/product-categorie\/bebe-tout-petit\/"},{"@type":"ListItem","position":3,"name":"My first &#8211; Coiffures en p\u00e2te \u00e0 modeler"}]},{"@type":"WebSite","@id":"https:\/\/ses-creative.com\/#website","url":"https:\/\/ses-creative.com\/","name":"SES Creative","description":"","publisher":{"@id":"https:\/\/ses-creative.com\/#organization"},"potentialAction":[{"@type":"SearchAction","target":{"@type":"EntryPoint","urlTemplate":"https:\/\/ses-creative.com\/?s={search_term_string}"},"query-input":{"@type":"PropertyValueSpecification","valueRequired":true,"valueName":"search_term_string"}}],"inLanguage":"fr-FR"},{"@type":"Organization","@id":"https:\/\/ses-creative.com\/#organization","name":"SES Creative","url":"https:\/\/ses-creative.com\/","logo":{"@type":"ImageObject","inLanguage":"fr-FR","@id":"https:\/\/ses-creative.com\/#\/schema\/logo\/image\/","url":"https:\/\/ses-creative.com\/wp-content\/uploads\/2025\/10\/ses-creative-logo.jpg","contentUrl":"https:\/\/ses-creative.com\/wp-content\/uploads\/2025\/10\/ses-creative-logo.jpg","width":2037,"height":2037,"caption":"SES Creative"},"image":{"@id":"https:\/\/ses-creative.com\/#\/schema\/logo\/image\/"}}]}},"_links":{"self":[{"href":"https:\/\/ses-creative.com\/fr\/wp-json\/wp\/v2\/product\/118333","targetHints":{"allow":["GET"]}}],"collection":[{"href":"https:\/\/ses-creative.com\/fr\/wp-json\/wp\/v2\/product"}],"about":[{"href":"https:\/\/ses-creative.com\/fr\/wp-json\/wp\/v2\/types\/product"}],"replies":[{"embeddable":true,"href":"https:\/\/ses-creative.com\/fr\/wp-json\/wp\/v2\/comments?post=118333"}],"wp:featuredmedia":[{"embeddable":true,"href":"https:\/\/ses-creative.com\/fr\/wp-json\/wp\/v2\/media\/102836"}],"wp:attachment":[{"href":"https:\/\/ses-creative.com\/fr\/wp-json\/wp\/v2\/media?parent=118333"}],"wp:term":[{"taxonomy":"product_brand","embeddable":true,"href":"https:\/\/ses-creative.com\/fr\/wp-json\/wp\/v2\/product_brand?post=118333"},{"taxonomy":"product_cat","embeddable":true,"href":"https:\/\/ses-creative.com\/fr\/wp-json\/wp\/v2\/product_cat?post=118333"},{"taxonomy":"product_tag","embeddable":true,"href":"https:\/\/ses-creative.com\/fr\/wp-json\/wp\/v2\/product_tag?post=118333"}],"curies":[{"name":"wp","href":"https:\/\/api.w.org\/{rel}","templated":true}]}}