











{"id":118332,"date":"2026-02-12T10:09:26","date_gmt":"2026-02-12T10:09:26","guid":{"rendered":"https:\/\/ses-creative.com\/?post_type=product&#038;p=118332"},"modified":"2026-02-12T10:22:58","modified_gmt":"2026-02-12T10:22:58","slug":"mes-premiers-crayons-gras-cartes-danimaux","status":"publish","type":"product","link":"https:\/\/ses-creative.com\/fr\/produit\/mes-premiers-crayons-gras-cartes-danimaux\/","title":{"rendered":"Mes premiers crayons gras &#8211; Cartes d&rsquo;animaux"},"content":{"rendered":"<p>Initiez votre enfant aux joies du coloriage avec ce kit de coloriage enfant 1 an, sp\u00e9cialement con\u00e7u pour les tout-petits. Gr\u00e2ce aux 8 cartes pliables, votre b\u00e9b\u00e9 peut colorier librement sans crainte de d\u00e9passer, car une fois pli\u00e9es, les cartes r\u00e9v\u00e8lent de joyeux animaux qui encadrent son \u0153uvre. Une exp\u00e9rience cr\u00e9ative et amusante qui favorise le d\u00e9veloppement de la motricit\u00e9 fine et de l\u2019imagination.<\/p>\n<p>Ce set comprend 4 crayons gras b\u00e9b\u00e9, adapt\u00e9s aux petites mains pour une prise en main facile. Leur texture est agr\u00e9able, ils sont r\u00e9sistants et ne tachent pas les doigts, garantissant une activit\u00e9 cr\u00e9ative b\u00e9b\u00e9 en toute s\u00e9curit\u00e9. Parfait pour les premiers dessins et une introduction aux arts plastiques d\u00e8s le plus jeune \u00e2ge.<\/p>\n<p>Contenu du kit :<br \/>\n\u2714 8 cartes pr\u00e9-imprim\u00e9es double face<br \/>\n\u2714 1 crayon vert<br \/>\n\u2714 1 crayon orange<br \/>\n\u2714 1 crayon rouge<br \/>\n\u2714 1 crayon bleu<\/p>\n<p>Un jeu \u00e9ducatif coloriage id\u00e9al pour un premier contact avec le dessin, parfait pour un moment ludique avec les parents. Id\u00e9al comme cadeau pour b\u00e9b\u00e9, ce set est un excellent choix pour un anniversaire ou pour initier votre enfant aux activit\u00e9s cr\u00e9atives b\u00e9b\u00e9 d\u00e8s son plus jeune \u00e2ge.<\/p>\n","protected":false},"excerpt":{"rendered":"<p>Initiez votre enfant aux joies du coloriage avec ce kit de coloriage enfant 1 an, sp\u00e9cialement con\u00e7u pour les tout-petits. Gr\u00e2ce aux 8 cartes pliables, votre b\u00e9b\u00e9 peut colorier librement sans crainte de d\u00e9passer, car une fois pli\u00e9es, les cartes r\u00e9v\u00e8lent de joyeux animaux qui encadrent son \u0153uvre. Une exp\u00e9rience cr\u00e9ative et amusante qui favorise [&hellip;]<\/p>\n","protected":false},"featured_media":102816,"comment_status":"closed","ping_status":"closed","template":"","meta":{"_acf_changed":false},"product_brand":[],"product_cat":[123],"product_tag":[],"class_list":{"0":"post-118332","1":"product","2":"type-product","3":"status-publish","4":"has-post-thumbnail","6":"product_cat-bebe-tout-petit","7":"pa_leeftijd-filter-0-2-ans","8":"pa_meest-populair-bij-garcons-filles","10":"first","11":"instock","12":"shipping-taxable","13":"product-type-simple"},"acf":[],"yoast_head":"<!-- This site is optimized with the Yoast SEO plugin v27.2 - https:\/\/yoast.com\/product\/yoast-seo-wordpress\/ -->\n<title>Mes premiers crayons gras - Cartes d&#039;animaux - SES Creative<\/title>\n<meta name=\"robots\" content=\"index, follow, max-snippet:-1, max-image-preview:large, max-video-preview:-1\" \/>\n<link rel=\"canonical\" href=\"https:\/\/ses-creative.com\/fr\/produit\/mes-premiers-crayons-gras-cartes-danimaux\/\" \/>\n<meta property=\"og:locale\" content=\"fr_FR\" \/>\n<meta property=\"og:type\" content=\"article\" \/>\n<meta property=\"og:title\" content=\"Mes premiers crayons gras - Cartes d&#039;animaux - SES Creative\" \/>\n<meta property=\"og:description\" content=\"Initiez votre enfant aux joies du coloriage avec ce kit de coloriage enfant 1 an, sp\u00e9cialement con\u00e7u pour les tout-petits. Gr\u00e2ce aux 8 cartes pliables, votre b\u00e9b\u00e9 peut colorier librement sans crainte de d\u00e9passer, car une fois pli\u00e9es, les cartes r\u00e9v\u00e8lent de joyeux animaux qui encadrent son \u0153uvre. Une exp\u00e9rience cr\u00e9ative et amusante qui favorise [&hellip;]\" \/>\n<meta property=\"og:url\" content=\"https:\/\/ses-creative.com\/fr\/produit\/mes-premiers-crayons-gras-cartes-danimaux\/\" \/>\n<meta property=\"og:site_name\" content=\"SES Creative\" \/>\n<meta property=\"article:modified_time\" content=\"2026-02-12T10:22:58+00:00\" \/>\n<meta name=\"twitter:card\" content=\"summary_large_image\" \/>\n<meta name=\"twitter:label1\" content=\"Dur\u00e9e de lecture estim\u00e9e\" \/>\n\t<meta name=\"twitter:data1\" content=\"1 minute\" \/>\n<script type=\"application\/ld+json\" class=\"yoast-schema-graph\">{\"@context\":\"https:\/\/schema.org\",\"@graph\":[{\"@type\":\"WebPage\",\"@id\":\"https:\/\/ses-creative.com\/fr\/produit\/mes-premiers-crayons-gras-cartes-danimaux\/\",\"url\":\"https:\/\/ses-creative.com\/fr\/produit\/mes-premiers-crayons-gras-cartes-danimaux\/\",\"name\":\"Mes premiers crayons gras - Cartes d'animaux - SES Creative\",\"isPartOf\":{\"@id\":\"https:\/\/ses-creative.com\/#website\"},\"primaryImageOfPage\":{\"@id\":\"https:\/\/ses-creative.com\/fr\/produit\/mes-premiers-crayons-gras-cartes-danimaux\/#primaryimage\"},\"image\":{\"@id\":\"https:\/\/ses-creative.com\/fr\/produit\/mes-premiers-crayons-gras-cartes-danimaux\/#primaryimage\"},\"thumbnailUrl\":\"https:\/\/ses-creative.com\/wp-content\/uploads\/2026\/01\/144041.jpg\",\"datePublished\":\"2026-02-12T10:09:26+00:00\",\"dateModified\":\"2026-02-12T10:22:58+00:00\",\"breadcrumb\":{\"@id\":\"https:\/\/ses-creative.com\/fr\/produit\/mes-premiers-crayons-gras-cartes-danimaux\/#breadcrumb\"},\"inLanguage\":\"fr-FR\",\"potentialAction\":[{\"@type\":\"ReadAction\",\"target\":[\"https:\/\/ses-creative.com\/fr\/produit\/mes-premiers-crayons-gras-cartes-danimaux\/\"]}]},{\"@type\":\"ImageObject\",\"inLanguage\":\"fr-FR\",\"@id\":\"https:\/\/ses-creative.com\/fr\/produit\/mes-premiers-crayons-gras-cartes-danimaux\/#primaryimage\",\"url\":\"https:\/\/ses-creative.com\/wp-content\/uploads\/2026\/01\/144041.jpg\",\"contentUrl\":\"https:\/\/ses-creative.com\/wp-content\/uploads\/2026\/01\/144041.jpg\",\"width\":1000,\"height\":1000},{\"@type\":\"BreadcrumbList\",\"@id\":\"https:\/\/ses-creative.com\/fr\/produit\/mes-premiers-crayons-gras-cartes-danimaux\/#breadcrumb\",\"itemListElement\":[{\"@type\":\"ListItem\",\"position\":1,\"name\":\"Boutique\",\"item\":\"https:\/\/ses-creative.com\/fr\/boutique\/\"},{\"@type\":\"ListItem\",\"position\":2,\"name\":\"B\u00e9b\u00e9 &amp; Tout-petit\",\"item\":\"https:\/\/ses-creative.com\/fr\/product-categorie\/bebe-tout-petit\/\"},{\"@type\":\"ListItem\",\"position\":3,\"name\":\"Mes premiers crayons gras &#8211; Cartes d&#8217;animaux\"}]},{\"@type\":\"WebSite\",\"@id\":\"https:\/\/ses-creative.com\/#website\",\"url\":\"https:\/\/ses-creative.com\/\",\"name\":\"SES Creative\",\"description\":\"\",\"publisher\":{\"@id\":\"https:\/\/ses-creative.com\/#organization\"},\"potentialAction\":[{\"@type\":\"SearchAction\",\"target\":{\"@type\":\"EntryPoint\",\"urlTemplate\":\"https:\/\/ses-creative.com\/?s={search_term_string}\"},\"query-input\":{\"@type\":\"PropertyValueSpecification\",\"valueRequired\":true,\"valueName\":\"search_term_string\"}}],\"inLanguage\":\"fr-FR\"},{\"@type\":\"Organization\",\"@id\":\"https:\/\/ses-creative.com\/#organization\",\"name\":\"SES Creative\",\"url\":\"https:\/\/ses-creative.com\/\",\"logo\":{\"@type\":\"ImageObject\",\"inLanguage\":\"fr-FR\",\"@id\":\"https:\/\/ses-creative.com\/#\/schema\/logo\/image\/\",\"url\":\"https:\/\/ses-creative.com\/wp-content\/uploads\/2025\/10\/ses-creative-logo.jpg\",\"contentUrl\":\"https:\/\/ses-creative.com\/wp-content\/uploads\/2025\/10\/ses-creative-logo.jpg\",\"width\":2037,\"height\":2037,\"caption\":\"SES Creative\"},\"image\":{\"@id\":\"https:\/\/ses-creative.com\/#\/schema\/logo\/image\/\"}}]}<\/script>\n<!-- \/ Yoast SEO plugin. -->","yoast_head_json":{"title":"Mes premiers crayons gras - Cartes d'animaux - SES Creative","robots":{"index":"index","follow":"follow","max-snippet":"max-snippet:-1","max-image-preview":"max-image-preview:large","max-video-preview":"max-video-preview:-1"},"canonical":"https:\/\/ses-creative.com\/fr\/produit\/mes-premiers-crayons-gras-cartes-danimaux\/","og_locale":"fr_FR","og_type":"article","og_title":"Mes premiers crayons gras - Cartes d'animaux - SES Creative","og_description":"Initiez votre enfant aux joies du coloriage avec ce kit de coloriage enfant 1 an, sp\u00e9cialement con\u00e7u pour les tout-petits. Gr\u00e2ce aux 8 cartes pliables, votre b\u00e9b\u00e9 peut colorier librement sans crainte de d\u00e9passer, car une fois pli\u00e9es, les cartes r\u00e9v\u00e8lent de joyeux animaux qui encadrent son \u0153uvre. Une exp\u00e9rience cr\u00e9ative et amusante qui favorise [&hellip;]","og_url":"https:\/\/ses-creative.com\/fr\/produit\/mes-premiers-crayons-gras-cartes-danimaux\/","og_site_name":"SES Creative","article_modified_time":"2026-02-12T10:22:58+00:00","twitter_card":"summary_large_image","twitter_misc":{"Dur\u00e9e de lecture estim\u00e9e":"1 minute"},"schema":{"@context":"https:\/\/schema.org","@graph":[{"@type":"WebPage","@id":"https:\/\/ses-creative.com\/fr\/produit\/mes-premiers-crayons-gras-cartes-danimaux\/","url":"https:\/\/ses-creative.com\/fr\/produit\/mes-premiers-crayons-gras-cartes-danimaux\/","name":"Mes premiers crayons gras - Cartes d'animaux - SES Creative","isPartOf":{"@id":"https:\/\/ses-creative.com\/#website"},"primaryImageOfPage":{"@id":"https:\/\/ses-creative.com\/fr\/produit\/mes-premiers-crayons-gras-cartes-danimaux\/#primaryimage"},"image":{"@id":"https:\/\/ses-creative.com\/fr\/produit\/mes-premiers-crayons-gras-cartes-danimaux\/#primaryimage"},"thumbnailUrl":"https:\/\/ses-creative.com\/wp-content\/uploads\/2026\/01\/144041.jpg","datePublished":"2026-02-12T10:09:26+00:00","dateModified":"2026-02-12T10:22:58+00:00","breadcrumb":{"@id":"https:\/\/ses-creative.com\/fr\/produit\/mes-premiers-crayons-gras-cartes-danimaux\/#breadcrumb"},"inLanguage":"fr-FR","potentialAction":[{"@type":"ReadAction","target":["https:\/\/ses-creative.com\/fr\/produit\/mes-premiers-crayons-gras-cartes-danimaux\/"]}]},{"@type":"ImageObject","inLanguage":"fr-FR","@id":"https:\/\/ses-creative.com\/fr\/produit\/mes-premiers-crayons-gras-cartes-danimaux\/#primaryimage","url":"https:\/\/ses-creative.com\/wp-content\/uploads\/2026\/01\/144041.jpg","contentUrl":"https:\/\/ses-creative.com\/wp-content\/uploads\/2026\/01\/144041.jpg","width":1000,"height":1000},{"@type":"BreadcrumbList","@id":"https:\/\/ses-creative.com\/fr\/produit\/mes-premiers-crayons-gras-cartes-danimaux\/#breadcrumb","itemListElement":[{"@type":"ListItem","position":1,"name":"Boutique","item":"https:\/\/ses-creative.com\/fr\/boutique\/"},{"@type":"ListItem","position":2,"name":"B\u00e9b\u00e9 &amp; Tout-petit","item":"https:\/\/ses-creative.com\/fr\/product-categorie\/bebe-tout-petit\/"},{"@type":"ListItem","position":3,"name":"Mes premiers crayons gras &#8211; Cartes d&#8217;animaux"}]},{"@type":"WebSite","@id":"https:\/\/ses-creative.com\/#website","url":"https:\/\/ses-creative.com\/","name":"SES Creative","description":"","publisher":{"@id":"https:\/\/ses-creative.com\/#organization"},"potentialAction":[{"@type":"SearchAction","target":{"@type":"EntryPoint","urlTemplate":"https:\/\/ses-creative.com\/?s={search_term_string}"},"query-input":{"@type":"PropertyValueSpecification","valueRequired":true,"valueName":"search_term_string"}}],"inLanguage":"fr-FR"},{"@type":"Organization","@id":"https:\/\/ses-creative.com\/#organization","name":"SES Creative","url":"https:\/\/ses-creative.com\/","logo":{"@type":"ImageObject","inLanguage":"fr-FR","@id":"https:\/\/ses-creative.com\/#\/schema\/logo\/image\/","url":"https:\/\/ses-creative.com\/wp-content\/uploads\/2025\/10\/ses-creative-logo.jpg","contentUrl":"https:\/\/ses-creative.com\/wp-content\/uploads\/2025\/10\/ses-creative-logo.jpg","width":2037,"height":2037,"caption":"SES Creative"},"image":{"@id":"https:\/\/ses-creative.com\/#\/schema\/logo\/image\/"}}]}},"_links":{"self":[{"href":"https:\/\/ses-creative.com\/fr\/wp-json\/wp\/v2\/product\/118332","targetHints":{"allow":["GET"]}}],"collection":[{"href":"https:\/\/ses-creative.com\/fr\/wp-json\/wp\/v2\/product"}],"about":[{"href":"https:\/\/ses-creative.com\/fr\/wp-json\/wp\/v2\/types\/product"}],"replies":[{"embeddable":true,"href":"https:\/\/ses-creative.com\/fr\/wp-json\/wp\/v2\/comments?post=118332"}],"wp:featuredmedia":[{"embeddable":true,"href":"https:\/\/ses-creative.com\/fr\/wp-json\/wp\/v2\/media\/102816"}],"wp:attachment":[{"href":"https:\/\/ses-creative.com\/fr\/wp-json\/wp\/v2\/media?parent=118332"}],"wp:term":[{"taxonomy":"product_brand","embeddable":true,"href":"https:\/\/ses-creative.com\/fr\/wp-json\/wp\/v2\/product_brand?post=118332"},{"taxonomy":"product_cat","embeddable":true,"href":"https:\/\/ses-creative.com\/fr\/wp-json\/wp\/v2\/product_cat?post=118332"},{"taxonomy":"product_tag","embeddable":true,"href":"https:\/\/ses-creative.com\/fr\/wp-json\/wp\/v2\/product_tag?post=118332"}],"curies":[{"name":"wp","href":"https:\/\/api.w.org\/{rel}","templated":true}]}}