











{"id":118331,"date":"2026-02-12T10:09:26","date_gmt":"2026-02-12T10:09:26","guid":{"rendered":"https:\/\/ses-creative.com\/?post_type=product&#038;p=118331"},"modified":"2026-02-12T10:22:58","modified_gmt":"2026-02-12T10:22:58","slug":"my-first-coller-des-queues-danimaux","status":"publish","type":"product","link":"https:\/\/ses-creative.com\/fr\/produit\/my-first-coller-des-queues-danimaux\/","title":{"rendered":"My first &#8211; Coller des queues d&rsquo;animaux"},"content":{"rendered":"<p>Coller les queues des animaux : aidez les animaux \u00e0 retrouver leur queue !<br \/>\nLes animaux ont perdu leur queue&#8230; Pouvez-vous les aider ? Avec le set My First &#8211; Coller les queues des animaux de SES Creative, les tout-petits peuvent d\u00e9couvrir de mani\u00e8re ludique et \u00e9ducative quelle queue appartient \u00e0 quel animal. Choisissez une carte avec un animal et trouvez la queue qui lui correspond. Collez la queue au bon endroit et regardez l&rsquo;animal redevenir complet ! Ce jeu joyeux stimule les capacit\u00e9s motrices et les connaissances des jeunes enfants sur les animaux.<br \/>\nPourquoi ce kit est g\u00e9nial<br \/>\n&#8211;    Stimule le d\u00e9veloppement et la motricit\u00e9 fine<br \/>\n&#8211;    Apprend \u00e0 reconna\u00eetre les animaux<br \/>\n&#8211;    Jeu amusant et \u00e9ducatif \u00e0 faire avec votre enfant<br \/>\n&#8211;    Convient aux enfants \u00e0 partir de 1 an, ne contient pas de petites pi\u00e8ces<br \/>\n&#8211; La colle est adapt\u00e9e aux enfants et peut \u00eatre utilis\u00e9e en toute s\u00e9curit\u00e9<br \/>\nApprentissage ludique et d\u00e9couverte<br \/>\nLes enfants apprennent de mani\u00e8re ludique \u00e0 reconna\u00eetre diff\u00e9rents animaux et leurs queues en collant la bonne queue sur le bon animal. Les cartes color\u00e9es repr\u00e9sentant les animaux sont sp\u00e9cialement con\u00e7ues pour les petites mains et les queues sont faciles \u00e0 coller gr\u00e2ce \u00e0 la colle au doigt fournie. Ce jeu offre une combinaison id\u00e9ale entre plaisir et apprentissage, parfaite pour les enfants \u00e0 partir de 1 an.<br \/>\nContenu du set<br \/>\n&#8211;    14 cartes avec des animaux<br \/>\n&#8211;    14 queues d&rsquo;animaux s\u00e9par\u00e9es<br \/>\n&#8211;    Colle \u00e0 doigts<br \/>\nPourquoi choisir SES Creative ?<br \/>\nChez SES Creative, nous accordons une grande importance \u00e0 la s\u00e9curit\u00e9. C&rsquo;est pourquoi nos produits sont fabriqu\u00e9s et test\u00e9s dans notre usine aux Pays-Bas, conform\u00e9ment aux normes de s\u00e9curit\u00e9 europ\u00e9ennes les plus strictes. Les jouets SES Creative sont source de plaisir et permettent aux enfants d&rsquo;\u00eatre fiers de leur travail, ce qui stimule leur cr\u00e9ativit\u00e9 et leur d\u00e9veloppement.<br \/>\nPr\u00eat \u00e0 aider les animaux ?<br \/>\nAidez les animaux \u00e0 retrouver leur queue avec le kit My First \u2013 Coller les queues des animaux. Qu&rsquo;attendez-vous ? Commencez d\u00e8s aujourd&rsquo;hui cette amusante aventure animali\u00e8re !<\/p>\n","protected":false},"excerpt":{"rendered":"<p>Coller les queues des animaux : aidez les animaux \u00e0 retrouver leur queue ! Les animaux ont perdu leur queue&#8230; Pouvez-vous les aider ? Avec le set My First &#8211; Coller les queues des animaux de SES Creative, les tout-petits peuvent d\u00e9couvrir de mani\u00e8re ludique et \u00e9ducative quelle queue appartient \u00e0 quel animal. Choisissez une [&hellip;]<\/p>\n","protected":false},"featured_media":102796,"comment_status":"closed","ping_status":"closed","template":"","meta":{"_acf_changed":false},"product_brand":[],"product_cat":[123],"product_tag":[],"class_list":{"0":"post-118331","1":"product","2":"type-product","3":"status-publish","4":"has-post-thumbnail","6":"product_cat-bebe-tout-petit","7":"pa_leeftijd-filter-0-2-ans","8":"pa_meest-populair-bij-garcons-filles","10":"first","11":"instock","12":"shipping-taxable","13":"product-type-simple"},"acf":[],"yoast_head":"<!-- This site is optimized with the Yoast SEO plugin v27.2 - https:\/\/yoast.com\/product\/yoast-seo-wordpress\/ -->\n<title>My first - Coller des queues d&#039;animaux - SES Creative<\/title>\n<meta name=\"robots\" content=\"index, follow, max-snippet:-1, max-image-preview:large, max-video-preview:-1\" \/>\n<link rel=\"canonical\" href=\"https:\/\/ses-creative.com\/fr\/produit\/my-first-coller-des-queues-danimaux\/\" \/>\n<meta property=\"og:locale\" content=\"fr_FR\" \/>\n<meta property=\"og:type\" content=\"article\" \/>\n<meta property=\"og:title\" content=\"My first - Coller des queues d&#039;animaux - SES Creative\" \/>\n<meta property=\"og:description\" content=\"Coller les queues des animaux : aidez les animaux \u00e0 retrouver leur queue ! Les animaux ont perdu leur queue&#8230; Pouvez-vous les aider ? Avec le set My First &#8211; Coller les queues des animaux de SES Creative, les tout-petits peuvent d\u00e9couvrir de mani\u00e8re ludique et \u00e9ducative quelle queue appartient \u00e0 quel animal. Choisissez une [&hellip;]\" \/>\n<meta property=\"og:url\" content=\"https:\/\/ses-creative.com\/fr\/produit\/my-first-coller-des-queues-danimaux\/\" \/>\n<meta property=\"og:site_name\" content=\"SES Creative\" \/>\n<meta property=\"article:modified_time\" content=\"2026-02-12T10:22:58+00:00\" \/>\n<meta name=\"twitter:card\" content=\"summary_large_image\" \/>\n<meta name=\"twitter:label1\" content=\"Dur\u00e9e de lecture estim\u00e9e\" \/>\n\t<meta name=\"twitter:data1\" content=\"2 minutes\" \/>\n<script type=\"application\/ld+json\" class=\"yoast-schema-graph\">{\"@context\":\"https:\/\/schema.org\",\"@graph\":[{\"@type\":\"WebPage\",\"@id\":\"https:\/\/ses-creative.com\/fr\/produit\/my-first-coller-des-queues-danimaux\/\",\"url\":\"https:\/\/ses-creative.com\/fr\/produit\/my-first-coller-des-queues-danimaux\/\",\"name\":\"My first - Coller des queues d'animaux - SES Creative\",\"isPartOf\":{\"@id\":\"https:\/\/ses-creative.com\/#website\"},\"primaryImageOfPage\":{\"@id\":\"https:\/\/ses-creative.com\/fr\/produit\/my-first-coller-des-queues-danimaux\/#primaryimage\"},\"image\":{\"@id\":\"https:\/\/ses-creative.com\/fr\/produit\/my-first-coller-des-queues-danimaux\/#primaryimage\"},\"thumbnailUrl\":\"https:\/\/ses-creative.com\/wp-content\/uploads\/2026\/01\/144031.jpg\",\"datePublished\":\"2026-02-12T10:09:26+00:00\",\"dateModified\":\"2026-02-12T10:22:58+00:00\",\"breadcrumb\":{\"@id\":\"https:\/\/ses-creative.com\/fr\/produit\/my-first-coller-des-queues-danimaux\/#breadcrumb\"},\"inLanguage\":\"fr-FR\",\"potentialAction\":[{\"@type\":\"ReadAction\",\"target\":[\"https:\/\/ses-creative.com\/fr\/produit\/my-first-coller-des-queues-danimaux\/\"]}]},{\"@type\":\"ImageObject\",\"inLanguage\":\"fr-FR\",\"@id\":\"https:\/\/ses-creative.com\/fr\/produit\/my-first-coller-des-queues-danimaux\/#primaryimage\",\"url\":\"https:\/\/ses-creative.com\/wp-content\/uploads\/2026\/01\/144031.jpg\",\"contentUrl\":\"https:\/\/ses-creative.com\/wp-content\/uploads\/2026\/01\/144031.jpg\",\"width\":1000,\"height\":1000},{\"@type\":\"BreadcrumbList\",\"@id\":\"https:\/\/ses-creative.com\/fr\/produit\/my-first-coller-des-queues-danimaux\/#breadcrumb\",\"itemListElement\":[{\"@type\":\"ListItem\",\"position\":1,\"name\":\"Boutique\",\"item\":\"https:\/\/ses-creative.com\/fr\/boutique\/\"},{\"@type\":\"ListItem\",\"position\":2,\"name\":\"B\u00e9b\u00e9 &amp; Tout-petit\",\"item\":\"https:\/\/ses-creative.com\/fr\/product-categorie\/bebe-tout-petit\/\"},{\"@type\":\"ListItem\",\"position\":3,\"name\":\"My first &#8211; Coller des queues d&#8217;animaux\"}]},{\"@type\":\"WebSite\",\"@id\":\"https:\/\/ses-creative.com\/#website\",\"url\":\"https:\/\/ses-creative.com\/\",\"name\":\"SES Creative\",\"description\":\"\",\"publisher\":{\"@id\":\"https:\/\/ses-creative.com\/#organization\"},\"potentialAction\":[{\"@type\":\"SearchAction\",\"target\":{\"@type\":\"EntryPoint\",\"urlTemplate\":\"https:\/\/ses-creative.com\/?s={search_term_string}\"},\"query-input\":{\"@type\":\"PropertyValueSpecification\",\"valueRequired\":true,\"valueName\":\"search_term_string\"}}],\"inLanguage\":\"fr-FR\"},{\"@type\":\"Organization\",\"@id\":\"https:\/\/ses-creative.com\/#organization\",\"name\":\"SES Creative\",\"url\":\"https:\/\/ses-creative.com\/\",\"logo\":{\"@type\":\"ImageObject\",\"inLanguage\":\"fr-FR\",\"@id\":\"https:\/\/ses-creative.com\/#\/schema\/logo\/image\/\",\"url\":\"https:\/\/ses-creative.com\/wp-content\/uploads\/2025\/10\/ses-creative-logo.jpg\",\"contentUrl\":\"https:\/\/ses-creative.com\/wp-content\/uploads\/2025\/10\/ses-creative-logo.jpg\",\"width\":2037,\"height\":2037,\"caption\":\"SES Creative\"},\"image\":{\"@id\":\"https:\/\/ses-creative.com\/#\/schema\/logo\/image\/\"}}]}<\/script>\n<!-- \/ Yoast SEO plugin. -->","yoast_head_json":{"title":"My first - Coller des queues d'animaux - SES Creative","robots":{"index":"index","follow":"follow","max-snippet":"max-snippet:-1","max-image-preview":"max-image-preview:large","max-video-preview":"max-video-preview:-1"},"canonical":"https:\/\/ses-creative.com\/fr\/produit\/my-first-coller-des-queues-danimaux\/","og_locale":"fr_FR","og_type":"article","og_title":"My first - Coller des queues d'animaux - SES Creative","og_description":"Coller les queues des animaux : aidez les animaux \u00e0 retrouver leur queue ! Les animaux ont perdu leur queue&#8230; Pouvez-vous les aider ? Avec le set My First &#8211; Coller les queues des animaux de SES Creative, les tout-petits peuvent d\u00e9couvrir de mani\u00e8re ludique et \u00e9ducative quelle queue appartient \u00e0 quel animal. Choisissez une [&hellip;]","og_url":"https:\/\/ses-creative.com\/fr\/produit\/my-first-coller-des-queues-danimaux\/","og_site_name":"SES Creative","article_modified_time":"2026-02-12T10:22:58+00:00","twitter_card":"summary_large_image","twitter_misc":{"Dur\u00e9e de lecture estim\u00e9e":"2 minutes"},"schema":{"@context":"https:\/\/schema.org","@graph":[{"@type":"WebPage","@id":"https:\/\/ses-creative.com\/fr\/produit\/my-first-coller-des-queues-danimaux\/","url":"https:\/\/ses-creative.com\/fr\/produit\/my-first-coller-des-queues-danimaux\/","name":"My first - Coller des queues d'animaux - SES Creative","isPartOf":{"@id":"https:\/\/ses-creative.com\/#website"},"primaryImageOfPage":{"@id":"https:\/\/ses-creative.com\/fr\/produit\/my-first-coller-des-queues-danimaux\/#primaryimage"},"image":{"@id":"https:\/\/ses-creative.com\/fr\/produit\/my-first-coller-des-queues-danimaux\/#primaryimage"},"thumbnailUrl":"https:\/\/ses-creative.com\/wp-content\/uploads\/2026\/01\/144031.jpg","datePublished":"2026-02-12T10:09:26+00:00","dateModified":"2026-02-12T10:22:58+00:00","breadcrumb":{"@id":"https:\/\/ses-creative.com\/fr\/produit\/my-first-coller-des-queues-danimaux\/#breadcrumb"},"inLanguage":"fr-FR","potentialAction":[{"@type":"ReadAction","target":["https:\/\/ses-creative.com\/fr\/produit\/my-first-coller-des-queues-danimaux\/"]}]},{"@type":"ImageObject","inLanguage":"fr-FR","@id":"https:\/\/ses-creative.com\/fr\/produit\/my-first-coller-des-queues-danimaux\/#primaryimage","url":"https:\/\/ses-creative.com\/wp-content\/uploads\/2026\/01\/144031.jpg","contentUrl":"https:\/\/ses-creative.com\/wp-content\/uploads\/2026\/01\/144031.jpg","width":1000,"height":1000},{"@type":"BreadcrumbList","@id":"https:\/\/ses-creative.com\/fr\/produit\/my-first-coller-des-queues-danimaux\/#breadcrumb","itemListElement":[{"@type":"ListItem","position":1,"name":"Boutique","item":"https:\/\/ses-creative.com\/fr\/boutique\/"},{"@type":"ListItem","position":2,"name":"B\u00e9b\u00e9 &amp; Tout-petit","item":"https:\/\/ses-creative.com\/fr\/product-categorie\/bebe-tout-petit\/"},{"@type":"ListItem","position":3,"name":"My first &#8211; Coller des queues d&#8217;animaux"}]},{"@type":"WebSite","@id":"https:\/\/ses-creative.com\/#website","url":"https:\/\/ses-creative.com\/","name":"SES Creative","description":"","publisher":{"@id":"https:\/\/ses-creative.com\/#organization"},"potentialAction":[{"@type":"SearchAction","target":{"@type":"EntryPoint","urlTemplate":"https:\/\/ses-creative.com\/?s={search_term_string}"},"query-input":{"@type":"PropertyValueSpecification","valueRequired":true,"valueName":"search_term_string"}}],"inLanguage":"fr-FR"},{"@type":"Organization","@id":"https:\/\/ses-creative.com\/#organization","name":"SES Creative","url":"https:\/\/ses-creative.com\/","logo":{"@type":"ImageObject","inLanguage":"fr-FR","@id":"https:\/\/ses-creative.com\/#\/schema\/logo\/image\/","url":"https:\/\/ses-creative.com\/wp-content\/uploads\/2025\/10\/ses-creative-logo.jpg","contentUrl":"https:\/\/ses-creative.com\/wp-content\/uploads\/2025\/10\/ses-creative-logo.jpg","width":2037,"height":2037,"caption":"SES Creative"},"image":{"@id":"https:\/\/ses-creative.com\/#\/schema\/logo\/image\/"}}]}},"_links":{"self":[{"href":"https:\/\/ses-creative.com\/fr\/wp-json\/wp\/v2\/product\/118331","targetHints":{"allow":["GET"]}}],"collection":[{"href":"https:\/\/ses-creative.com\/fr\/wp-json\/wp\/v2\/product"}],"about":[{"href":"https:\/\/ses-creative.com\/fr\/wp-json\/wp\/v2\/types\/product"}],"replies":[{"embeddable":true,"href":"https:\/\/ses-creative.com\/fr\/wp-json\/wp\/v2\/comments?post=118331"}],"wp:featuredmedia":[{"embeddable":true,"href":"https:\/\/ses-creative.com\/fr\/wp-json\/wp\/v2\/media\/102796"}],"wp:attachment":[{"href":"https:\/\/ses-creative.com\/fr\/wp-json\/wp\/v2\/media?parent=118331"}],"wp:term":[{"taxonomy":"product_brand","embeddable":true,"href":"https:\/\/ses-creative.com\/fr\/wp-json\/wp\/v2\/product_brand?post=118331"},{"taxonomy":"product_cat","embeddable":true,"href":"https:\/\/ses-creative.com\/fr\/wp-json\/wp\/v2\/product_cat?post=118331"},{"taxonomy":"product_tag","embeddable":true,"href":"https:\/\/ses-creative.com\/fr\/wp-json\/wp\/v2\/product_tag?post=118331"}],"curies":[{"name":"wp","href":"https:\/\/api.w.org\/{rel}","templated":true}]}}